{"id":42437,"date":"2025-12-02T20:06:29","date_gmt":"2025-12-03T01:06:29","guid":{"rendered":"https:\/\/victoriavynn.ca\/product\/staleks-eyelash-lifting-tool-expert-10\/"},"modified":"2026-03-04T18:40:46","modified_gmt":"2026-03-04T23:40:46","slug":"staleks-eyelash-lifting-tool-expert-10","status":"publish","type":"product","link":"https:\/\/victoriavynn.ca\/fr\/product\/staleks-eyelash-lifting-tool-expert-10\/","title":{"rendered":"Outil de levage de cils Staleks EXPERT 10"},"content":{"rendered":"","protected":false},"excerpt":{"rendered":"<p>LTE-10<\/p>","protected":false},"featured_media":42534,"comment_status":"open","ping_status":"closed","template":"","meta":{"jetpack_post_was_ever_published":false,"jetpack_publicize_message":"","jetpack_publicize_feature_enabled":true,"jetpack_social_post_already_shared":true,"jetpack_social_options":{"image_generator_settings":{"template":"highway","default_image_id":0,"font":"","enabled":false},"version":2}},"product_brand":[935],"product_cat":[856],"product_tag":[536],"class_list":{"0":"post-42437","1":"product","2":"type-product","3":"status-publish","4":"has-post-thumbnail","6":"product_brand-staleks","7":"product_cat-staleks-eyelash-extension-tools-tweezers","8":"product_tag-staleks-expert-series","10":"first","11":"instock","12":"taxable","13":"shipping-taxable","14":"purchasable","15":"product-type-simple"},"jetpack_publicize_connections":[],"jetpack-related-posts":[{"id":18046,"url":"https:\/\/victoriavynn.ca\/fr\/product\/staleks-pro-professional-eyelash-tweezers-expert-40-type-10-straight\/","url_meta":{"origin":42437,"position":0},"title":"Staleks PRO Pince \u00e0 cils professionnelle EXPERT 40 TYPE 10 (droite)","author":"Serge Sahakian","date":"mai 29, 2024","format":false,"excerpt":"TE-40\/10","rel":"","context":"Similar post","block_context":{"text":"Similar post","link":""},"img":{"alt_text":"","src":"https:\/\/i0.wp.com\/victoriavynn.ca\/wp-content\/uploads\/2024\/05\/pinczet-professionalnyj-dlya-resnicz-te-40-10_2-2-800x800-1.jpg?fit=800%2C800&ssl=1&resize=350%2C200","width":350,"height":200,"srcset":"https:\/\/i0.wp.com\/victoriavynn.ca\/wp-content\/uploads\/2024\/05\/pinczet-professionalnyj-dlya-resnicz-te-40-10_2-2-800x800-1.jpg?fit=800%2C800&ssl=1&resize=350%2C200 1x, https:\/\/i0.wp.com\/victoriavynn.ca\/wp-content\/uploads\/2024\/05\/pinczet-professionalnyj-dlya-resnicz-te-40-10_2-2-800x800-1.jpg?fit=800%2C800&ssl=1&resize=525%2C300 1.5x, https:\/\/i0.wp.com\/victoriavynn.ca\/wp-content\/uploads\/2024\/05\/pinczet-professionalnyj-dlya-resnicz-te-40-10_2-2-800x800-1.jpg?fit=800%2C800&ssl=1&resize=700%2C400 2x"},"classes":[]},{"id":18070,"url":"https:\/\/victoriavynn.ca\/fr\/product\/staleks-pro-professional-eyelash-tweezers-expert-41-type-10-straight\/","url_meta":{"origin":42437,"position":1},"title":"Staleks PRO Pince \u00e0 cils professionnelle EXPERT 41 TYPE 10 (droite)","author":"Serge Sahakian","date":"mai 29, 2024","format":false,"excerpt":"TE-41\/10","rel":"","context":"Similar post","block_context":{"text":"Similar post","link":""},"img":{"alt_text":"","src":"https:\/\/i0.wp.com\/victoriavynn.ca\/wp-content\/uploads\/2024\/05\/pinczet-dlya-resnicz-te-41-10-800x800-1.jpg?fit=800%2C800&ssl=1&resize=350%2C200","width":350,"height":200,"srcset":"https:\/\/i0.wp.com\/victoriavynn.ca\/wp-content\/uploads\/2024\/05\/pinczet-dlya-resnicz-te-41-10-800x800-1.jpg?fit=800%2C800&ssl=1&resize=350%2C200 1x, https:\/\/i0.wp.com\/victoriavynn.ca\/wp-content\/uploads\/2024\/05\/pinczet-dlya-resnicz-te-41-10-800x800-1.jpg?fit=800%2C800&ssl=1&resize=525%2C300 1.5x, https:\/\/i0.wp.com\/victoriavynn.ca\/wp-content\/uploads\/2024\/05\/pinczet-dlya-resnicz-te-41-10-800x800-1.jpg?fit=800%2C800&ssl=1&resize=700%2C400 2x"},"classes":[]},{"id":18048,"url":"https:\/\/victoriavynn.ca\/fr\/product\/staleks-pro-professional-eyelash-tweezers-expert-40-type-11-curved\/","url_meta":{"origin":42437,"position":2},"title":"Staleks PRO Pince \u00e0 \u00e9piler professionnelle pour cils EXPERT 40 TYPE 11 (courb\u00e9e)","author":"Serge Sahakian","date":"mai 29, 2024","format":false,"excerpt":"TE-40\/11","rel":"","context":"Similar post","block_context":{"text":"Similar post","link":""},"img":{"alt_text":"","src":"https:\/\/i0.wp.com\/victoriavynn.ca\/wp-content\/uploads\/2024\/05\/pinczet-professionalnyj-dlya-resnicz-te-40-11-1-800x800-1.jpg?fit=800%2C800&ssl=1&resize=350%2C200","width":350,"height":200,"srcset":"https:\/\/i0.wp.com\/victoriavynn.ca\/wp-content\/uploads\/2024\/05\/pinczet-professionalnyj-dlya-resnicz-te-40-11-1-800x800-1.jpg?fit=800%2C800&ssl=1&resize=350%2C200 1x, https:\/\/i0.wp.com\/victoriavynn.ca\/wp-content\/uploads\/2024\/05\/pinczet-professionalnyj-dlya-resnicz-te-40-11-1-800x800-1.jpg?fit=800%2C800&ssl=1&resize=525%2C300 1.5x, https:\/\/i0.wp.com\/victoriavynn.ca\/wp-content\/uploads\/2024\/05\/pinczet-professionalnyj-dlya-resnicz-te-40-11-1-800x800-1.jpg?fit=800%2C800&ssl=1&resize=700%2C400 2x"},"classes":[]},{"id":18058,"url":"https:\/\/victoriavynn.ca\/fr\/product\/staleks-pro-professional-eyelash-tweezers-expert-40-type-7-curved\/","url_meta":{"origin":42437,"position":3},"title":"Staleks PRO Pince \u00e0 cils professionnelle EXPERT 40 TYPE 7 (courb\u00e9e)","author":"Serge Sahakian","date":"mai 29, 2024","format":false,"excerpt":"TE-40\/7","rel":"","context":"Similar post","block_context":{"text":"Similar post","link":""},"img":{"alt_text":"","src":"https:\/\/i0.wp.com\/victoriavynn.ca\/wp-content\/uploads\/2024\/05\/pinczet-professionalnyj-dlya-resnicz-te-40-7_2-2-800x800-1.jpg?fit=800%2C800&ssl=1&resize=350%2C200","width":350,"height":200,"srcset":"https:\/\/i0.wp.com\/victoriavynn.ca\/wp-content\/uploads\/2024\/05\/pinczet-professionalnyj-dlya-resnicz-te-40-7_2-2-800x800-1.jpg?fit=800%2C800&ssl=1&resize=350%2C200 1x, https:\/\/i0.wp.com\/victoriavynn.ca\/wp-content\/uploads\/2024\/05\/pinczet-professionalnyj-dlya-resnicz-te-40-7_2-2-800x800-1.jpg?fit=800%2C800&ssl=1&resize=525%2C300 1.5x, https:\/\/i0.wp.com\/victoriavynn.ca\/wp-content\/uploads\/2024\/05\/pinczet-professionalnyj-dlya-resnicz-te-40-7_2-2-800x800-1.jpg?fit=800%2C800&ssl=1&resize=700%2C400 2x"},"classes":[]},{"id":18060,"url":"https:\/\/victoriavynn.ca\/fr\/product\/staleks-pro-professional-eyelash-tweezers-expert-41-type-1-curved\/","url_meta":{"origin":42437,"position":4},"title":"Staleks PRO Pince \u00e0 cils professionnelle EXPERT 41 TYPE 1 (courb\u00e9e)","author":"Serge Sahakian","date":"mai 29, 2024","format":false,"excerpt":"TE-41\/1","rel":"","context":"Similar post","block_context":{"text":"Similar post","link":""},"img":{"alt_text":"","src":"https:\/\/i0.wp.com\/victoriavynn.ca\/wp-content\/uploads\/2024\/05\/pinczet-dlya-resnicz-te-41-1-800x800-1.jpg?fit=800%2C800&ssl=1&resize=350%2C200","width":350,"height":200,"srcset":"https:\/\/i0.wp.com\/victoriavynn.ca\/wp-content\/uploads\/2024\/05\/pinczet-dlya-resnicz-te-41-1-800x800-1.jpg?fit=800%2C800&ssl=1&resize=350%2C200 1x, https:\/\/i0.wp.com\/victoriavynn.ca\/wp-content\/uploads\/2024\/05\/pinczet-dlya-resnicz-te-41-1-800x800-1.jpg?fit=800%2C800&ssl=1&resize=525%2C300 1.5x, https:\/\/i0.wp.com\/victoriavynn.ca\/wp-content\/uploads\/2024\/05\/pinczet-dlya-resnicz-te-41-1-800x800-1.jpg?fit=800%2C800&ssl=1&resize=700%2C400 2x"},"classes":[]},{"id":18064,"url":"https:\/\/victoriavynn.ca\/fr\/product\/staleks-pro-professional-eyelash-tweezers-expert-41-type-3-curved\/","url_meta":{"origin":42437,"position":5},"title":"Staleks PRO Pince \u00e0 cils professionnelle EXPERT 41 TYPE 3 (courb\u00e9e)","author":"Serge Sahakian","date":"mai 29, 2024","format":false,"excerpt":"TE-41\/3","rel":"","context":"Similar post","block_context":{"text":"Similar post","link":""},"img":{"alt_text":"","src":"https:\/\/i0.wp.com\/victoriavynn.ca\/wp-content\/uploads\/2024\/05\/pinczet-dlya-resnicz-te-41-3-800x800-1.jpg?fit=800%2C800&ssl=1&resize=350%2C200","width":350,"height":200,"srcset":"https:\/\/i0.wp.com\/victoriavynn.ca\/wp-content\/uploads\/2024\/05\/pinczet-dlya-resnicz-te-41-3-800x800-1.jpg?fit=800%2C800&ssl=1&resize=350%2C200 1x, https:\/\/i0.wp.com\/victoriavynn.ca\/wp-content\/uploads\/2024\/05\/pinczet-dlya-resnicz-te-41-3-800x800-1.jpg?fit=800%2C800&ssl=1&resize=525%2C300 1.5x, https:\/\/i0.wp.com\/victoriavynn.ca\/wp-content\/uploads\/2024\/05\/pinczet-dlya-resnicz-te-41-3-800x800-1.jpg?fit=800%2C800&ssl=1&resize=700%2C400 2x"},"classes":[]}],"jetpack_sharing_enabled":true,"_links":{"self":[{"href":"https:\/\/victoriavynn.ca\/fr\/wp-json\/wp\/v2\/product\/42437","targetHints":{"allow":["GET"]}}],"collection":[{"href":"https:\/\/victoriavynn.ca\/fr\/wp-json\/wp\/v2\/product"}],"about":[{"href":"https:\/\/victoriavynn.ca\/fr\/wp-json\/wp\/v2\/types\/product"}],"replies":[{"embeddable":true,"href":"https:\/\/victoriavynn.ca\/fr\/wp-json\/wp\/v2\/comments?post=42437"}],"wp:featuredmedia":[{"embeddable":true,"href":"https:\/\/victoriavynn.ca\/fr\/wp-json\/wp\/v2\/media\/42534"}],"wp:attachment":[{"href":"https:\/\/victoriavynn.ca\/fr\/wp-json\/wp\/v2\/media?parent=42437"}],"wp:term":[{"taxonomy":"product_brand","embeddable":true,"href":"https:\/\/victoriavynn.ca\/fr\/wp-json\/wp\/v2\/product_brand?post=42437"},{"taxonomy":"product_cat","embeddable":true,"href":"https:\/\/victoriavynn.ca\/fr\/wp-json\/wp\/v2\/product_cat?post=42437"},{"taxonomy":"product_tag","embeddable":true,"href":"https:\/\/victoriavynn.ca\/fr\/wp-json\/wp\/v2\/product_tag?post=42437"}],"curies":[{"name":"wp","href":"https:\/\/api.w.org\/{rel}","templated":true}]}}