{"id":42574,"date":"2025-12-03T19:26:36","date_gmt":"2025-12-04T00:26:36","guid":{"rendered":"https:\/\/victoriavynn.ca\/product\/ulka-hepa-filter-textile-for-ulka-nano-tornado-bee-dust-collectors\/"},"modified":"2026-03-04T17:51:48","modified_gmt":"2026-03-04T22:51:48","slug":"filtre-textile-ulka-hepa-pour-les-depoussiereurs-ulka-nano-tornado-bee","status":"publish","type":"product","link":"https:\/\/victoriavynn.ca\/fr\/product\/ulka-hepa-filter-textile-for-ulka-nano-tornado-bee-dust-collectors\/","title":{"rendered":"\u00dcLKA HEPA Filter Textile pour les d\u00e9poussi\u00e9reurs \u00dcLKA Nano\/Tornado\/Bee"},"content":{"rendered":"<h2 class=\"wp-block-heading\"><strong>\u00dcLKA Textile pour filtre HEPA<\/strong><\/h2><p><strong>Filtration avanc\u00e9e pour les d\u00e9poussi\u00e9reurs Nano - Tornado - Bee<\/strong><\/p><p>Assurez un air plus pur, un contr\u00f4le sup\u00e9rieur des poussi\u00e8res et un environnement de travail plus s\u00fbr gr\u00e2ce \u00e0 l'unit\u00e9 de contr\u00f4le de la qualit\u00e9 de l'air. <strong>\u00dcLKA Textile pour filtre HEPA<\/strong>-Un syst\u00e8me de filtration \u00e0 haute efficacit\u00e9 con\u00e7u exclusivement pour les d\u00e9poussi\u00e9reurs \u00dcLKA Nano, Tornado et Bee. Con\u00e7u pour les proth\u00e9sistes ongulaires professionnels, les salons de beaut\u00e9 et les studios qui exigent les normes d'hygi\u00e8ne les plus strictes, ce filtre textile de qualit\u00e9 sup\u00e9rieure capture les particules les plus fines pour des performances in\u00e9gal\u00e9es.<\/p><hr class=\"wp-block-separator has-alpha-channel-opacity\"\/><h2 class=\"wp-block-heading\"><strong>Pourquoi \u00dcLKA HEPA Filter Textile ?<\/strong><\/h2><h3 class=\"wp-block-heading\"><strong>\u2714 Capture de particules \u00e0 haute efficacit\u00e9<\/strong><\/h3><p>Le textile avanc\u00e9 de qualit\u00e9 HEPA retient les micropoussi\u00e8res, les limailles, les allerg\u00e8nes et les particules en suspension dans l'air pour maintenir un espace de travail propre et sain, prot\u00e9geant \u00e0 la fois les techniciens et les clients.<\/p><h3 class=\"wp-block-heading\"><strong>\u2714 Compatible avec les d\u00e9poussi\u00e9reurs \u00dcLKA<\/strong><\/h3><p>Parfaitement con\u00e7u pour :<\/p><ul class=\"wp-block-list\"><li><strong>\u00dcLKA Nano<\/strong><\/li>\n\n<li><strong>Tornade \u00dcLKA<\/strong><\/li>\n\n<li><strong>\u00dcLKA Abeille<\/strong><\/li><\/ul><p>Le dimensionnement exact garantit un d\u00e9bit d'air optimal et une efficacit\u00e9 de filtration maximale.<\/p><h3 class=\"wp-block-heading\"><strong>\u2714 Construction multicouche durable<\/strong><\/h3><p>Con\u00e7ue avec des fibres renforc\u00e9es qui conservent leur r\u00e9sistance et leur pouvoir de filtration m\u00eame en cas d'utilisation quotidienne continue.<\/p><h3 class=\"wp-block-heading\"><strong>\u2714 Am\u00e9lioration de la performance de l'\u00e9coulement de l'air<\/strong><\/h3><p>Il assure une forte aspiration tout en minimisant la r\u00e9sistance, ce qui permet \u00e0 votre d\u00e9poussi\u00e9reur de fonctionner de mani\u00e8re r\u00e9guli\u00e8re et efficace.<\/p><h3 class=\"wp-block-heading\"><strong>Facile \u00e0 remplacer et \u00e0 entretenir<\/strong><\/h3><p>L\u00e9ger, flexible et simple \u00e0 installer, il permet de maintenir votre poste de travail hygi\u00e9nique et conforme aux normes d'hygi\u00e8ne professionnelle.<\/p><hr class=\"wp-block-separator has-alpha-channel-opacity\"\/><h2 class=\"wp-block-heading\"><strong>Con\u00e7u pour les normes d'hygi\u00e8ne professionnelles<\/strong><\/h2><p>Dans l'industrie de la beaut\u00e9 et des ongles, la qualit\u00e9 de l'air est importante. Le textile filtrant HEPA d'\u00dcLKA garantit la qualit\u00e9 de l'air :<\/p><ul class=\"wp-block-list\"><li>Un air respirable plus propre<\/li>\n\n<li>R\u00e9duction de l'accumulation de poussi\u00e8re<\/li>\n\n<li>Un environnement de travail plus s\u00fbr<\/li>\n\n<li>Am\u00e9lioration de la long\u00e9vit\u00e9 de votre d\u00e9poussi\u00e9reur<\/li><\/ul><p>Que vous proc\u00e9diez \u00e0 l'\u00e9limination du gel, \u00e0 la mise en forme de l'e-file, au travail de l'acrylique ou au limage \u00e0 grande vitesse, ce filtre maintient le plus haut niveau de propret\u00e9.<\/p><hr class=\"wp-block-separator has-alpha-channel-opacity\"\/><h2 class=\"wp-block-heading\"><strong>Prolongez la dur\u00e9e de vie de votre d\u00e9poussi\u00e9reur \u00dcLKA<\/strong><\/h2><p>Le remplacement r\u00e9gulier du filtre est essentiel pour :<\/p><ul class=\"wp-block-list\"><li>Puissance d'aspiration constante<\/li>\n\n<li>Diminution de la tension du moteur<\/li>\n\n<li>Des r\u00e9sultats plus propres<\/li>\n\n<li>Dur\u00e9e de vie plus longue des appareils<\/li><\/ul><p>Le textile du filtre HEPA \u00dcLKA offre une durabilit\u00e9 sup\u00e9rieure, ce qui vous permet de travailler en toute confiance, en sachant que votre \u00e9quipement fonctionne de mani\u00e8re optimale.<\/p><hr class=\"wp-block-separator has-alpha-channel-opacity\"\/><h2 class=\"wp-block-heading\"><strong>Mieux respirer. Travaillez mieux. Choisissez \u00dcLKA.<\/strong><\/h2><p>Le site <strong>\u00dcLKA Textile pour filtre HEPA<\/strong> est un accessoire essentiel pour tous les professionnels qui accordent de l'importance \u00e0 l'hygi\u00e8ne, \u00e0 la performance et \u00e0 la s\u00e9curit\u00e9.<\/p>","protected":false},"excerpt":{"rendered":"<p>Filtre textile HEPA \u00e0 haute efficacit\u00e9 pour les d\u00e9poussi\u00e9reurs \u00dcLKA Nano, Tornado et Bee. Capture sup\u00e9rieure de la poussi\u00e8re et flux d'air propre.<\/p>","protected":false},"featured_media":42575,"comment_status":"open","ping_status":"closed","template":"","meta":{"jetpack_post_was_ever_published":false,"jetpack_publicize_message":"","jetpack_publicize_feature_enabled":true,"jetpack_social_post_already_shared":true,"jetpack_social_options":{"image_generator_settings":{"template":"highway","default_image_id":0,"font":"","enabled":false},"version":2}},"product_brand":[893],"product_cat":[899,891],"product_tag":[900],"class_list":{"0":"post-42574","1":"product","2":"type-product","3":"status-publish","4":"has-post-thumbnail","6":"product_brand-ulka","7":"product_cat-hepa-filters","8":"product_cat-nano-dust-collectors","9":"product_tag-hepa-filters","11":"first","12":"instock","13":"taxable","14":"shipping-taxable","15":"purchasable","16":"product-type-variable","17":"wvs-archive-product-wrapper"},"jetpack_publicize_connections":[],"jetpack-related-posts":[{"id":21794,"url":"https:\/\/victoriavynn.ca\/fr\/product\/ulka-hepa-filter-textile-for-ulka-handy-dust-collectors\/","url_meta":{"origin":42574,"position":0},"title":"\u00dcLKA HEPA Filter Textile pour \u00dcLKA Handy &amp; Tiny Dust Collectors","author":"Serge Sahakian","date":"mai 18, 2025","format":false,"excerpt":"Filtre rempla\u00e7able pour les d\u00e9poussi\u00e9reurs filtrants \u00dcLKA manucure. Gr\u00e2ce \u00e0 ce filtre, le d\u00e9poussi\u00e9reur nettoie efficacement l'air et \u00e9limine la poussi\u00e8re. Il est n\u00e9cessaire de laver le filtre uniquement \u00e0 l'eau courante ; ne pas le faire tremper ni le laver en machine. Le filtre doit \u00eatre nettoy\u00e9 (secou\u00e9) apr\u00e8s chaque 3\u00e8me utilisation par un client...","rel":"","context":"Similar post","block_context":{"text":"Similar post","link":""},"img":{"alt_text":"ulka handy dust collector HEPA Filter","src":"https:\/\/i0.wp.com\/victoriavynn.ca\/wp-content\/uploads\/2025\/05\/ulka-handy-dust-collector-hepa-filter-.webp?fit=750%2C1000&ssl=1&resize=350%2C200","width":350,"height":200,"srcset":"https:\/\/i0.wp.com\/victoriavynn.ca\/wp-content\/uploads\/2025\/05\/ulka-handy-dust-collector-hepa-filter-.webp?fit=750%2C1000&ssl=1&resize=350%2C200 1x, https:\/\/i0.wp.com\/victoriavynn.ca\/wp-content\/uploads\/2025\/05\/ulka-handy-dust-collector-hepa-filter-.webp?fit=750%2C1000&ssl=1&resize=525%2C300 1.5x, https:\/\/i0.wp.com\/victoriavynn.ca\/wp-content\/uploads\/2025\/05\/ulka-handy-dust-collector-hepa-filter-.webp?fit=750%2C1000&ssl=1&resize=700%2C400 2x"},"classes":[]},{"id":21792,"url":"https:\/\/victoriavynn.ca\/fr\/product\/ulka-hepa-filter-textile-for-ulka-premium-dust-collectors\/","url_meta":{"origin":42574,"position":1},"title":"\u00dcLKA Filtre textile HEPA pour d\u00e9poussi\u00e9reurs \u00dcLKA Premium X2F","author":"Serge Sahakian","date":"mai 18, 2025","format":false,"excerpt":"Filtre rempla\u00e7able pour les d\u00e9poussi\u00e9reurs filtrants \u00dcLKA manucure. Gr\u00e2ce \u00e0 ce filtre, le d\u00e9poussi\u00e9reur nettoie efficacement l'air et \u00e9limine la poussi\u00e8re. Il est n\u00e9cessaire de laver le filtre uniquement \u00e0 l'eau courante ; ne pas le faire tremper ni le laver en machine. Le filtre doit \u00eatre nettoy\u00e9 (secou\u00e9) apr\u00e8s chaque 3\u00e8me utilisation par un client...","rel":"","context":"Similar post","block_context":{"text":"Similar post","link":""},"img":{"alt_text":"ulka premium 1 copy","src":"https:\/\/i0.wp.com\/victoriavynn.ca\/wp-content\/uploads\/2025\/12\/ulka-premium-1-copy.webp?fit=750%2C1000&ssl=1&resize=350%2C200","width":350,"height":200,"srcset":"https:\/\/i0.wp.com\/victoriavynn.ca\/wp-content\/uploads\/2025\/12\/ulka-premium-1-copy.webp?fit=750%2C1000&ssl=1&resize=350%2C200 1x, https:\/\/i0.wp.com\/victoriavynn.ca\/wp-content\/uploads\/2025\/12\/ulka-premium-1-copy.webp?fit=750%2C1000&ssl=1&resize=525%2C300 1.5x, https:\/\/i0.wp.com\/victoriavynn.ca\/wp-content\/uploads\/2025\/12\/ulka-premium-1-copy.webp?fit=750%2C1000&ssl=1&resize=700%2C400 2x"},"classes":[]},{"id":42606,"url":"https:\/\/victoriavynn.ca\/fr\/product\/ulka-built-in-tornado-desktop-black-manicure-dust-collector-kit-2-hepa-filter-1-wooden-stick-1-brush\/","url_meta":{"origin":42574,"position":2},"title":"\u00dcLKA D\u00e9poussi\u00e9reur de bureau Tornado int\u00e9gr\u00e9 pour manucure + Kit (2 filtres HEPA, 1 b\u00e2ton en bois et 1 brosse)","author":"Serge Sahakian","date":"D\u00e9cembre 3, 2025","format":false,"excerpt":"Built-in dust collector \u00dcLKA Tornado \u00dcLKA Tornado takes workspace cleanliness to the next level. This professional built-in dust collector features two powerful fans for consistent, even suction across the entire surface \u2014 not just in the center. Equipped with adjustable suction control, a side air outlet, and magnetic grilles for\u2026","rel":"","context":"Similar post","block_context":{"text":"Similar post","link":""},"img":{"alt_text":"victoria vynn tornado new","src":"https:\/\/i0.wp.com\/victoriavynn.ca\/wp-content\/uploads\/2025\/12\/victoria-vynn-tornado-new.webp?fit=750%2C1000&ssl=1&resize=350%2C200","width":350,"height":200,"srcset":"https:\/\/i0.wp.com\/victoriavynn.ca\/wp-content\/uploads\/2025\/12\/victoria-vynn-tornado-new.webp?fit=750%2C1000&ssl=1&resize=350%2C200 1x, https:\/\/i0.wp.com\/victoriavynn.ca\/wp-content\/uploads\/2025\/12\/victoria-vynn-tornado-new.webp?fit=750%2C1000&ssl=1&resize=525%2C300 1.5x, https:\/\/i0.wp.com\/victoriavynn.ca\/wp-content\/uploads\/2025\/12\/victoria-vynn-tornado-new.webp?fit=750%2C1000&ssl=1&resize=700%2C400 2x"},"classes":[]},{"id":21764,"url":"https:\/\/victoriavynn.ca\/fr\/product\/ulka-nano-desktop-white-manicure-dust-collector-kit-2-hepa-filter-1-wooden-stick-1-brush\/","url_meta":{"origin":42574,"position":3},"title":"\u00dcLKA Nano Desktop White Manicure Dust Collector + Kit (2 filtres HEPA, 1 b\u00e2ton en bois et 1 brosse)","author":"Serge Sahakian","date":"mai 16, 2025","format":false,"excerpt":"Ce d\u00e9poussi\u00e9reur est le choix id\u00e9al pour les salons et studios professionnels qui privil\u00e9gient la qualit\u00e9, la commodit\u00e9 et la propret\u00e9. Mod\u00e8le \u00e9conome en \u00e9nergie, dot\u00e9 de deux ventilateurs puissants et de ports pour recharger les appareils mobiles, il est deux fois plus puissant que les d\u00e9poussi\u00e9reurs \u00e0 sacs comparables et fonctionne avec un faible niveau sonore. Corps en...","rel":"","context":"Similar post","block_context":{"text":"Similar post","link":""},"img":{"alt_text":"ULKA NANO DUST COLLECTOR 2","src":"https:\/\/i0.wp.com\/victoriavynn.ca\/wp-content\/uploads\/2025\/05\/ulka-nano-dust-collector-2.webp?fit=750%2C1000&ssl=1&resize=350%2C200","width":350,"height":200,"srcset":"https:\/\/i0.wp.com\/victoriavynn.ca\/wp-content\/uploads\/2025\/05\/ulka-nano-dust-collector-2.webp?fit=750%2C1000&ssl=1&resize=350%2C200 1x, https:\/\/i0.wp.com\/victoriavynn.ca\/wp-content\/uploads\/2025\/05\/ulka-nano-dust-collector-2.webp?fit=750%2C1000&ssl=1&resize=525%2C300 1.5x, https:\/\/i0.wp.com\/victoriavynn.ca\/wp-content\/uploads\/2025\/05\/ulka-nano-dust-collector-2.webp?fit=750%2C1000&ssl=1&resize=700%2C400 2x"},"classes":[]},{"id":21772,"url":"https:\/\/victoriavynn.ca\/fr\/product\/ulka-handy-desktop-white-manicure-dust-collector-kit-2-hepa-filter-1-brush\/","url_meta":{"origin":42574,"position":4},"title":"\u00dcLKA D\u00e9poussi\u00e9reur de bureau pour manucure + Kit (2 Filtres HEPA &amp; 1 Brosse)","author":"Serge Sahakian","date":"mai 16, 2025","format":false,"excerpt":"Ce d\u00e9poussi\u00e9reur est le choix id\u00e9al pour les salons et studios professionnels qui privil\u00e9gient la qualit\u00e9, le confort et la puret\u00e9. Il offre une grande efficacit\u00e9 avec une consommation d'\u00e9nergie minimale et permet d'absorber 99,9% de poussi\u00e8re de manucure. Le corps du d\u00e9poussi\u00e9reur est fabriqu\u00e9 en plastique r\u00e9sistant aux chocs, facile \u00e0 nettoyer...","rel":"","context":"Similar post","block_context":{"text":"Similar post","link":""},"img":{"alt_text":"ulka white handy 3","src":"https:\/\/i0.wp.com\/victoriavynn.ca\/wp-content\/uploads\/2025\/05\/ulka-white-handy-3.webp?fit=750%2C1000&ssl=1&resize=350%2C200","width":350,"height":200,"srcset":"https:\/\/i0.wp.com\/victoriavynn.ca\/wp-content\/uploads\/2025\/05\/ulka-white-handy-3.webp?fit=750%2C1000&ssl=1&resize=350%2C200 1x, https:\/\/i0.wp.com\/victoriavynn.ca\/wp-content\/uploads\/2025\/05\/ulka-white-handy-3.webp?fit=750%2C1000&ssl=1&resize=525%2C300 1.5x, https:\/\/i0.wp.com\/victoriavynn.ca\/wp-content\/uploads\/2025\/05\/ulka-white-handy-3.webp?fit=750%2C1000&ssl=1&resize=700%2C400 2x"},"classes":[]},{"id":21758,"url":"https:\/\/victoriavynn.ca\/fr\/product\/ulka-premium-desktop-white-manicure-dust-collector-kit-2-hepa-filter-1-wooden-stick-1-brush\/","url_meta":{"origin":42574,"position":5},"title":"\u00dcLKA Premium X2F D\u00e9poussi\u00e9reur de bureau pour manucure + Kit (2 filtres HEPA, 1 b\u00e2ton en bois et 1 brosse)","author":"Serge Sahakian","date":"mai 16, 2025","format":false,"excerpt":"One of the most powerful models of dust collectors with a filter Energy-efficient model with a centrifugal fan, 2 times more powerful than similar dust collectors with a bag, low noise level. Body made of impact-resistant plastic Two operating mode Largest dust extraction area Product Specifications: \u00a0 \u00a0 \u00a0 \u00a0\u2026","rel":"","context":"Similar post","block_context":{"text":"Similar post","link":""},"img":{"alt_text":"ulka premium dust collector white","src":"https:\/\/i0.wp.com\/victoriavynn.ca\/wp-content\/uploads\/2025\/05\/ulka-premium-dust-collector-white.webp?fit=750%2C1000&ssl=1&resize=350%2C200","width":350,"height":200,"srcset":"https:\/\/i0.wp.com\/victoriavynn.ca\/wp-content\/uploads\/2025\/05\/ulka-premium-dust-collector-white.webp?fit=750%2C1000&ssl=1&resize=350%2C200 1x, https:\/\/i0.wp.com\/victoriavynn.ca\/wp-content\/uploads\/2025\/05\/ulka-premium-dust-collector-white.webp?fit=750%2C1000&ssl=1&resize=525%2C300 1.5x, https:\/\/i0.wp.com\/victoriavynn.ca\/wp-content\/uploads\/2025\/05\/ulka-premium-dust-collector-white.webp?fit=750%2C1000&ssl=1&resize=700%2C400 2x"},"classes":[]}],"jetpack_sharing_enabled":true,"_links":{"self":[{"href":"https:\/\/victoriavynn.ca\/fr\/wp-json\/wp\/v2\/product\/42574","targetHints":{"allow":["GET"]}}],"collection":[{"href":"https:\/\/victoriavynn.ca\/fr\/wp-json\/wp\/v2\/product"}],"about":[{"href":"https:\/\/victoriavynn.ca\/fr\/wp-json\/wp\/v2\/types\/product"}],"replies":[{"embeddable":true,"href":"https:\/\/victoriavynn.ca\/fr\/wp-json\/wp\/v2\/comments?post=42574"}],"wp:featuredmedia":[{"embeddable":true,"href":"https:\/\/victoriavynn.ca\/fr\/wp-json\/wp\/v2\/media\/42575"}],"wp:attachment":[{"href":"https:\/\/victoriavynn.ca\/fr\/wp-json\/wp\/v2\/media?parent=42574"}],"wp:term":[{"taxonomy":"product_brand","embeddable":true,"href":"https:\/\/victoriavynn.ca\/fr\/wp-json\/wp\/v2\/product_brand?post=42574"},{"taxonomy":"product_cat","embeddable":true,"href":"https:\/\/victoriavynn.ca\/fr\/wp-json\/wp\/v2\/product_cat?post=42574"},{"taxonomy":"product_tag","embeddable":true,"href":"https:\/\/victoriavynn.ca\/fr\/wp-json\/wp\/v2\/product_tag?post=42574"}],"curies":[{"name":"wp","href":"https:\/\/api.w.org\/{rel}","templated":true}]}}