{"id":4261,"date":"2022-09-02T18:37:26","date_gmt":"2022-09-02T22:37:26","guid":{"rendered":"https:\/\/victoriavynn.ca\/index.php\/product\/victoria-vynn-pure-creamy-hybrid-color-no-134\/"},"modified":"2026-02-20T11:55:11","modified_gmt":"2026-02-20T16:55:11","slug":"vernis-gel-pour-ongles-brun-laiteux-cafe-clair","status":"publish","type":"product","link":"https:\/\/victoriavynn.ca\/fr\/product\/light-coffee-milky-brown-nails-gel-polish\/","title":{"rendered":"Vernis gel hybride cr\u00e9meux Pure n\u00b0 134 Sweet Talk"},"content":{"rendered":"<p>Le syst\u00e8me Pure Creamy Hybrid comprend des vernis gel hybrides cr\u00e9meux d'une excellente couverture et durabilit\u00e9. Il s'agit d'une formule avec un indice de s\u00e9curit\u00e9 \u00e9lev\u00e9, sans odeur irritante et pouvant \u00eatre enlev\u00e9e avec de l'alcool cosm\u00e9tique. Le pinceau court et plat, con\u00e7u sp\u00e9cialement pour la ligne de produits Pure, facilite une application uniforme. Le syst\u00e8me vous permet de cr\u00e9er des manucures hybrides ultrafines. Durci uniquement dans des lampes LED !<\/p>\n<p>Le meilleur vernis en gel pour les ongles de couleur caf\u00e9 l\u00e9ger et brun laiteux ! Victoria VYNN Pure Creamy Hybrid High Pigment Gel Polish 134 Sweet Talk est la nuance d'un caf\u00e9 fort avec un peu de lait qui est magnifique n'importe quand et n'importe o\u00f9.<\/p>\n<p>Les vernis hybrides Pure r\u00e9pondent aux attentes des femmes du monde entier ! Nous cr\u00e9ons nos collections en fonction des derni\u00e8res tendances, nous r\u00e9pondons aux besoins de nos clientes et nous mettons en valeur la beaut\u00e9 de leurs mains !<\/p>","protected":false},"excerpt":{"rendered":"<p>Le meilleur vernis en gel pour les ongles de couleur caf\u00e9 clair et brun laiteux !<\/p>\n<p>Victoria VYNN Pure Creamy Hybrid High Pigment Gel Polish 134 Sweet Talk est la nuance d'un caf\u00e9 fort avec un peu de lait qui est magnifique n'importe quand et n'importe o\u00f9. Le principal distributeur canadien de fournitures professionnelles pour les ongles. Achetez en toute confiance !<\/p>\n<p>Sp\u00e9cifications du produit :<\/p>\n<p><a href=\"https:\/\/victoriavynn.ca\/wp-content\/uploads\/2022\/12\/CREAMY-FORMULA-1.webp\"><img loading=\"lazy\" decoding=\"async\" class=\"size-full wp-image-8777 alignleft\" src=\"https:\/\/victoriavynn.ca\/wp-content\/uploads\/2022\/12\/CREAMY-FORMULA-1.webp\" alt=\"VERNIS GEL CR\u00c9MEUX\" width=\"125\" height=\"150\" \/><\/a> <img loading=\"lazy\" decoding=\"async\" class=\"size-full wp-image-8778 alignleft\" src=\"https:\/\/victoriavynn.ca\/wp-content\/uploads\/2022\/12\/FLAT-SHORT-BRUSH.webp\" alt=\"VERNIS GEL CR\u00c9MEUX\" width=\"125\" height=\"150\" \/><img loading=\"lazy\" decoding=\"async\" class=\"size-full wp-image-8779 alignleft\" src=\"https:\/\/victoriavynn.ca\/wp-content\/uploads\/2022\/12\/FOR-LED-LAMP.webp\" alt=\"VERNIS GEL CR\u00c9MEUX\" width=\"125\" height=\"150\" \/><a href=\"https:\/\/victoriavynn.ca\/wp-content\/uploads\/2019\/11\/SALON-QUALITY.webp\"><img loading=\"lazy\" decoding=\"async\" class=\"size-full wp-image-8772 alignleft\" src=\"https:\/\/victoriavynn.ca\/wp-content\/uploads\/2019\/11\/SALON-QUALITY.webp\" alt=\"GEL NAIL BUILDER\" width=\"125\" height=\"150\" \/><\/a><\/p>\n<p>&nbsp;<\/p>\n<p>&nbsp;<\/p>\n<p>&nbsp;<\/p>\n<p>&nbsp;<\/p>\n<p>&nbsp;<\/p>\n<p>&nbsp;<\/p>\n<p>&nbsp;<\/p>\n<p style=\"text-align: left;\">Disponibilit\u00e9 du stock :<\/p>","protected":false},"featured_media":14983,"comment_status":"open","ping_status":"closed","template":"","meta":{"jetpack_post_was_ever_published":false,"jetpack_publicize_message":"","jetpack_publicize_feature_enabled":true,"jetpack_social_post_already_shared":true,"jetpack_social_options":{"image_generator_settings":{"template":"highway","default_image_id":0,"font":"","enabled":false},"version":2}},"product_brand":[],"product_cat":[48],"product_tag":[958,103],"class_list":{"0":"post-4261","1":"product","2":"type-product","3":"status-publish","4":"has-post-thumbnail","6":"product_cat-hybrid-gel-nail-colors","7":"product_tag-autumn-winter-pure-creamy-hybrid-colors","8":"product_tag-creamy-gel-polish","9":"product_shipping_class-cardboard-box","11":"first","12":"instock","13":"taxable","14":"shipping-taxable","15":"purchasable","16":"product-type-simple"},"jetpack_publicize_connections":[],"jetpack-related-posts":[{"id":4385,"url":"https:\/\/victoriavynn.ca\/fr\/product\/cappuccino-gel-nail-polish-042-milk-coffee\/","url_meta":{"origin":4261,"position":0},"title":"Pure Creamy Hybrid Gel Polish No. 042 Milk Coffee","author":"Serge Sahakian","date":"septembre 2, 2022","format":false,"excerpt":"Charming Cappuccino Gel Nail Polish. Victoria VYNN Pure Creamy Hybrid High Pigment Gel Polish 042 Milk Coffee is a beige\/brown color which perfectly emphasizes the tan on the skin of the hands. Canada's Leading Distributor of Professional Nail Supplies. Buy with Confidence! Product Specifications: \u00a0 \u00a0 \u00a0 \u00a0 \u00a0 \u00a0\u2026","rel":"","context":"Similar post","block_context":{"text":"Similar post","link":""},"img":{"alt_text":"best cappuccino gel nail polish Victoria VYNN pure creamy hybrid 042 milk coffee","src":"https:\/\/i0.wp.com\/victoriavynn.ca\/wp-content\/uploads\/2022\/09\/best-light-brown-gel-polish-Victoria-VYNN-pure-creamy-hybrid-042-milk-coffee.webp?fit=750%2C1000&ssl=1&resize=350%2C200","width":350,"height":200,"srcset":"https:\/\/i0.wp.com\/victoriavynn.ca\/wp-content\/uploads\/2022\/09\/best-light-brown-gel-polish-Victoria-VYNN-pure-creamy-hybrid-042-milk-coffee.webp?fit=750%2C1000&ssl=1&resize=350%2C200 1x, https:\/\/i0.wp.com\/victoriavynn.ca\/wp-content\/uploads\/2022\/09\/best-light-brown-gel-polish-Victoria-VYNN-pure-creamy-hybrid-042-milk-coffee.webp?fit=750%2C1000&ssl=1&resize=525%2C300 1.5x, https:\/\/i0.wp.com\/victoriavynn.ca\/wp-content\/uploads\/2022\/09\/best-light-brown-gel-polish-Victoria-VYNN-pure-creamy-hybrid-042-milk-coffee.webp?fit=750%2C1000&ssl=1&resize=700%2C400 2x"},"classes":[]},{"id":4287,"url":"https:\/\/victoriavynn.ca\/fr\/product\/victoria-vynn-pure-light-pink-gel-polish\/","url_meta":{"origin":4261,"position":1},"title":"Vernis gel hybride cr\u00e9meux Pure No. 114 Dusty Orchid","author":"Serge Sahakian","date":"septembre 2, 2022","format":false,"excerpt":"Le meilleur vernis en gel rose p\u00e2le et d\u00e9licat ! Victoria VYNN Pure Creamy Hybrid High Pigment Gel Polish 114 Dusty Orchid est un rose pastel qui a \u00e9t\u00e9 l\u00e9g\u00e8rement sali, mais qui provoque toujours de la douceur. Le premier distributeur canadien de fournitures professionnelles pour les ongles. Achetez en toute confiance ! Sp\u00e9cifications du produit :            ...","rel":"","context":"Similar post","block_context":{"text":"Similar post","link":""},"img":{"alt_text":"victoria vynn pure creamy hybrid light pink gel polish no. 114 dusty orchid","src":"https:\/\/i0.wp.com\/victoriavynn.ca\/wp-content\/uploads\/2022\/09\/victoria-vynn-pure-creamy-hybrid-light-pink-gel-polish-no.-114-dusty-orchid.webp?fit=750%2C1000&ssl=1&resize=350%2C200","width":350,"height":200,"srcset":"https:\/\/i0.wp.com\/victoriavynn.ca\/wp-content\/uploads\/2022\/09\/victoria-vynn-pure-creamy-hybrid-light-pink-gel-polish-no.-114-dusty-orchid.webp?fit=750%2C1000&ssl=1&resize=350%2C200 1x, https:\/\/i0.wp.com\/victoriavynn.ca\/wp-content\/uploads\/2022\/09\/victoria-vynn-pure-creamy-hybrid-light-pink-gel-polish-no.-114-dusty-orchid.webp?fit=750%2C1000&ssl=1&resize=525%2C300 1.5x, https:\/\/i0.wp.com\/victoriavynn.ca\/wp-content\/uploads\/2022\/09\/victoria-vynn-pure-creamy-hybrid-light-pink-gel-polish-no.-114-dusty-orchid.webp?fit=750%2C1000&ssl=1&resize=700%2C400 2x"},"classes":[]},{"id":4447,"url":"https:\/\/victoriavynn.ca\/fr\/product\/summer-peach-nails-007-sweet-ice-cream\/","url_meta":{"origin":4261,"position":2},"title":"Vernis gel hybride Pure Creamy No. 007 Sweet Ice Cream","author":"Serge Sahakian","date":"septembre 2, 2022","format":false,"excerpt":"Adorable Summer Peach Nails! Victoria VYNN Pure Creamy Hybrid Gel Nail Polish Sweet Ice Cream No. 007 is the best selling peach colored gel nail polish. Canada's Leading Distributor of Professional Nail Supplies. Buy with Confidence! Product Specifications: \u00a0 \u00a0 \u00a0 \u00a0 \u00a0 \u00a0 \u00a0 Stock Availability:","rel":"","context":"Similar post","block_context":{"text":"Similar post","link":""},"img":{"alt_text":"adorable summer peach nails 007 victoria vynn pure creamy sweet ice cream","src":"https:\/\/i0.wp.com\/victoriavynn.ca\/wp-content\/uploads\/2022\/09\/adorable-summer-peach-nails-007-victoria-vynn-pure-creamy-sweet-ice-cream.webp?fit=750%2C1000&ssl=1&resize=350%2C200","width":350,"height":200,"srcset":"https:\/\/i0.wp.com\/victoriavynn.ca\/wp-content\/uploads\/2022\/09\/adorable-summer-peach-nails-007-victoria-vynn-pure-creamy-sweet-ice-cream.webp?fit=750%2C1000&ssl=1&resize=350%2C200 1x, https:\/\/i0.wp.com\/victoriavynn.ca\/wp-content\/uploads\/2022\/09\/adorable-summer-peach-nails-007-victoria-vynn-pure-creamy-sweet-ice-cream.webp?fit=750%2C1000&ssl=1&resize=525%2C300 1.5x, https:\/\/i0.wp.com\/victoriavynn.ca\/wp-content\/uploads\/2022\/09\/adorable-summer-peach-nails-007-victoria-vynn-pure-creamy-sweet-ice-cream.webp?fit=750%2C1000&ssl=1&resize=700%2C400 2x"},"classes":[]},{"id":4435,"url":"https:\/\/victoriavynn.ca\/fr\/product\/best-raspberry-pink-nails-013-terra-rossa\/","url_meta":{"origin":4261,"position":3},"title":"Pure Creamy Hybrid Gel Polish No. 013 Terra Rossa","author":"Serge Sahakian","date":"septembre 2, 2022","format":false,"excerpt":"Des ongles d'un rose framboise sucr\u00e9 ! Victoria VYNN Pure Creamy Hybrid High Pigment Gel Polish Terra Rossa No. 013 est un rose charmant et discret qui est excellent pour les vacances et le travail ! Le premier distributeur canadien de fournitures professionnelles pour les ongles. Achetez en toute confiance ! Sp\u00e9cifications du produit :               Disponibilit\u00e9 du stock :","rel":"","context":"Similar post","block_context":{"text":"Similar post","link":""},"img":{"alt_text":"Sweet Raspberry Pink Nails Victoria VYNN Pure Creamy Hybrid 013 Terra Rosa","src":"https:\/\/i0.wp.com\/victoriavynn.ca\/wp-content\/uploads\/2022\/09\/Sweet-Raspberry-Pink-Nails-Victoria-VYNN-Pure-Creamy-Hybrid-013-Terra-Rosa.webp?fit=750%2C1000&ssl=1&resize=350%2C200","width":350,"height":200,"srcset":"https:\/\/i0.wp.com\/victoriavynn.ca\/wp-content\/uploads\/2022\/09\/Sweet-Raspberry-Pink-Nails-Victoria-VYNN-Pure-Creamy-Hybrid-013-Terra-Rosa.webp?fit=750%2C1000&ssl=1&resize=350%2C200 1x, https:\/\/i0.wp.com\/victoriavynn.ca\/wp-content\/uploads\/2022\/09\/Sweet-Raspberry-Pink-Nails-Victoria-VYNN-Pure-Creamy-Hybrid-013-Terra-Rosa.webp?fit=750%2C1000&ssl=1&resize=525%2C300 1.5x, https:\/\/i0.wp.com\/victoriavynn.ca\/wp-content\/uploads\/2022\/09\/Sweet-Raspberry-Pink-Nails-Victoria-VYNN-Pure-Creamy-Hybrid-013-Terra-Rosa.webp?fit=750%2C1000&ssl=1&resize=700%2C400 2x"},"classes":[]},{"id":4437,"url":"https:\/\/victoriavynn.ca\/fr\/product\/sweet-pink-red-nails-012-candy-blush\/","url_meta":{"origin":4261,"position":4},"title":"Pure Creamy Hybrid Gel Polish No. 012 Candy Blush","author":"Serge Sahakian","date":"septembre 2, 2022","format":false,"excerpt":"Ongles rouges roses sucr\u00e9s ! Victoria VYNN Pure Creamy Hybrid High Pigment Gel Polish Candy Blush No. 012 est une nuance de rose chaude et expressive qui apportera beaucoup de douceur \u00e0 votre dessin. Le premier distributeur canadien de fournitures professionnelles pour les ongles. Achetez en toute confiance ! Sp\u00e9cifications du produit :              ...","rel":"","context":"Similar post","block_context":{"text":"Similar post","link":""},"img":{"alt_text":"Sweet Pink Red Nails Victoria VYNN Pure Creamy Hybrid 012 Candy Blush","src":"https:\/\/i0.wp.com\/victoriavynn.ca\/wp-content\/uploads\/2022\/09\/Sweet-Pink-Red-Nails-Victoria-VYNN-Pure-Creamy-Hybrid-012-Candy-Blush.webp?fit=750%2C1000&ssl=1&resize=350%2C200","width":350,"height":200,"srcset":"https:\/\/i0.wp.com\/victoriavynn.ca\/wp-content\/uploads\/2022\/09\/Sweet-Pink-Red-Nails-Victoria-VYNN-Pure-Creamy-Hybrid-012-Candy-Blush.webp?fit=750%2C1000&ssl=1&resize=350%2C200 1x, https:\/\/i0.wp.com\/victoriavynn.ca\/wp-content\/uploads\/2022\/09\/Sweet-Pink-Red-Nails-Victoria-VYNN-Pure-Creamy-Hybrid-012-Candy-Blush.webp?fit=750%2C1000&ssl=1&resize=525%2C300 1.5x, https:\/\/i0.wp.com\/victoriavynn.ca\/wp-content\/uploads\/2022\/09\/Sweet-Pink-Red-Nails-Victoria-VYNN-Pure-Creamy-Hybrid-012-Candy-Blush.webp?fit=750%2C1000&ssl=1&resize=700%2C400 2x"},"classes":[]},{"id":4409,"url":"https:\/\/victoriavynn.ca\/fr\/product\/sweet-pastel-green-nails-028-pastel-mint\/","url_meta":{"origin":4261,"position":5},"title":"Pure Creamy Hybrid Gel Polish No. 028 Pastel Mint","author":"Serge Sahakian","date":"septembre 2, 2022","format":false,"excerpt":"Sweet Pastel Green Nails?! Victoria VYNN Pure Creamy Hybrid High Pigment Gel Polish 028 Pastel Mint is a\u00a0summer manicure proposal that will add freshness and lightness to any design. Canada's Leading Distributor of Professional Nail Supplies. Buy with Confidence! Product Specifications: \u00a0 \u00a0 \u00a0 \u00a0 \u00a0 \u00a0 \u00a0 Stock Availability:","rel":"","context":"Similar post","block_context":{"text":"Similar post","link":""},"img":{"alt_text":"Sweet Pastel Green Nails Victoria VYNN Pure Creamy Hybrid 028 Pastel Mint","src":"https:\/\/i0.wp.com\/victoriavynn.ca\/wp-content\/uploads\/2022\/09\/Seet-Pastel-Green-Nails-Victoria-VYNN-Pure-Creamy-Hybrid-028-Pastel-Mint-.webp?fit=750%2C1000&ssl=1&resize=350%2C200","width":350,"height":200,"srcset":"https:\/\/i0.wp.com\/victoriavynn.ca\/wp-content\/uploads\/2022\/09\/Seet-Pastel-Green-Nails-Victoria-VYNN-Pure-Creamy-Hybrid-028-Pastel-Mint-.webp?fit=750%2C1000&ssl=1&resize=350%2C200 1x, https:\/\/i0.wp.com\/victoriavynn.ca\/wp-content\/uploads\/2022\/09\/Seet-Pastel-Green-Nails-Victoria-VYNN-Pure-Creamy-Hybrid-028-Pastel-Mint-.webp?fit=750%2C1000&ssl=1&resize=525%2C300 1.5x, https:\/\/i0.wp.com\/victoriavynn.ca\/wp-content\/uploads\/2022\/09\/Seet-Pastel-Green-Nails-Victoria-VYNN-Pure-Creamy-Hybrid-028-Pastel-Mint-.webp?fit=750%2C1000&ssl=1&resize=700%2C400 2x"},"classes":[]}],"jetpack_sharing_enabled":true,"_links":{"self":[{"href":"https:\/\/victoriavynn.ca\/fr\/wp-json\/wp\/v2\/product\/4261","targetHints":{"allow":["GET"]}}],"collection":[{"href":"https:\/\/victoriavynn.ca\/fr\/wp-json\/wp\/v2\/product"}],"about":[{"href":"https:\/\/victoriavynn.ca\/fr\/wp-json\/wp\/v2\/types\/product"}],"replies":[{"embeddable":true,"href":"https:\/\/victoriavynn.ca\/fr\/wp-json\/wp\/v2\/comments?post=4261"}],"wp:featuredmedia":[{"embeddable":true,"href":"https:\/\/victoriavynn.ca\/fr\/wp-json\/wp\/v2\/media\/14983"}],"wp:attachment":[{"href":"https:\/\/victoriavynn.ca\/fr\/wp-json\/wp\/v2\/media?parent=4261"}],"wp:term":[{"taxonomy":"product_brand","embeddable":true,"href":"https:\/\/victoriavynn.ca\/fr\/wp-json\/wp\/v2\/product_brand?post=4261"},{"taxonomy":"product_cat","embeddable":true,"href":"https:\/\/victoriavynn.ca\/fr\/wp-json\/wp\/v2\/product_cat?post=4261"},{"taxonomy":"product_tag","embeddable":true,"href":"https:\/\/victoriavynn.ca\/fr\/wp-json\/wp\/v2\/product_tag?post=4261"}],"curies":[{"name":"wp","href":"https:\/\/api.w.org\/{rel}","templated":true}]}}