{"id":4269,"date":"2022-09-02T18:37:29","date_gmt":"2022-09-02T22:37:29","guid":{"rendered":"https:\/\/victoriavynn.ca\/index.php\/product\/victoria-vynn-pure-creamy-hybrid-color-no-127\/"},"modified":"2026-02-20T11:55:09","modified_gmt":"2026-02-20T16:55:09","slug":"victoria-vynn-violet-rose-gel-polish-127","status":"publish","type":"product","link":"https:\/\/victoriavynn.ca\/fr\/product\/victoria-vynn-violet-pink-gel-polish-127\/","title":{"rendered":"Vernis gel hybride cr\u00e9meux Pure n\u00b0 127 Rose Madder"},"content":{"rendered":"<p>Le syst\u00e8me Pure Creamy Hybrid comprend des vernis gel hybrides cr\u00e9meux d'une excellente couverture et durabilit\u00e9. Il s'agit d'une formule avec un indice de s\u00e9curit\u00e9 \u00e9lev\u00e9, sans odeur irritante et pouvant \u00eatre enlev\u00e9e avec de l'alcool cosm\u00e9tique. Le pinceau court et plat, con\u00e7u sp\u00e9cialement pour la ligne de produits Pure, facilite une application uniforme. Le syst\u00e8me vous permet de cr\u00e9er des manucures hybrides ultrafines. Durci uniquement dans des lampes LED !<\/p>\n<p>Le meilleur vernis en gel rose violet merveilleux ! Victoria VYNN Pure Creamy Hybrid High Pigment Gel Polish 127 Rose Madder est un rose profond et d\u00e9cisif avec une goutte de violet.<\/p>\n<p>Les vernis hybrides Pure r\u00e9pondent aux attentes des femmes du monde entier ! Nous cr\u00e9ons nos collections en fonction des derni\u00e8res tendances, nous r\u00e9pondons aux besoins de nos clientes et nous mettons en valeur la beaut\u00e9 de leurs mains !<\/p>","protected":false},"excerpt":{"rendered":"<p>Le meilleur gel de polissage rose violet merveilleux !<\/p>\n<p>Victoria VYNN Pure Creamy Hybrid High Pigment Gel Polish 127 Rose Madder est un rose profond et d\u00e9cisif avec une goutte de violet. Le premier distributeur canadien de fournitures professionnelles pour les ongles. Achetez en toute confiance !<\/p>\n<p>Sp\u00e9cifications du produit :<\/p>\n<p><a href=\"https:\/\/victoriavynn.ca\/wp-content\/uploads\/2022\/12\/CREAMY-FORMULA-1.webp\"><img loading=\"lazy\" decoding=\"async\" class=\"size-full wp-image-8777 alignleft\" src=\"https:\/\/victoriavynn.ca\/wp-content\/uploads\/2022\/12\/CREAMY-FORMULA-1.webp\" alt=\"VERNIS GEL CR\u00c9MEUX\" width=\"125\" height=\"150\" \/><\/a> <img loading=\"lazy\" decoding=\"async\" class=\"size-full wp-image-8778 alignleft\" src=\"https:\/\/victoriavynn.ca\/wp-content\/uploads\/2022\/12\/FLAT-SHORT-BRUSH.webp\" alt=\"VERNIS GEL CR\u00c9MEUX\" width=\"125\" height=\"150\" \/><img loading=\"lazy\" decoding=\"async\" class=\"size-full wp-image-8779 alignleft\" src=\"https:\/\/victoriavynn.ca\/wp-content\/uploads\/2022\/12\/FOR-LED-LAMP.webp\" alt=\"VERNIS GEL CR\u00c9MEUX\" width=\"125\" height=\"150\" \/><a href=\"https:\/\/victoriavynn.ca\/wp-content\/uploads\/2019\/11\/SALON-QUALITY.webp\"><img loading=\"lazy\" decoding=\"async\" class=\"size-full wp-image-8772 alignleft\" src=\"https:\/\/victoriavynn.ca\/wp-content\/uploads\/2019\/11\/SALON-QUALITY.webp\" alt=\"GEL NAIL BUILDER\" width=\"125\" height=\"150\" \/><\/a><\/p>\n<p>&nbsp;<\/p>\n<p>&nbsp;<\/p>\n<p>&nbsp;<\/p>\n<p>&nbsp;<\/p>\n<p>&nbsp;<\/p>\n<p>&nbsp;<\/p>\n<p>&nbsp;<\/p>\n<p style=\"text-align: left;\">Disponibilit\u00e9 du stock :<\/p>","protected":false},"featured_media":14950,"comment_status":"open","ping_status":"closed","template":"","meta":{"jetpack_post_was_ever_published":false,"jetpack_publicize_message":"","jetpack_publicize_feature_enabled":true,"jetpack_social_post_already_shared":true,"jetpack_social_options":{"image_generator_settings":{"template":"highway","default_image_id":0,"font":"","enabled":false},"version":2}},"product_brand":[],"product_cat":[48],"product_tag":[958],"class_list":{"0":"post-4269","1":"product","2":"type-product","3":"status-publish","4":"has-post-thumbnail","6":"product_cat-hybrid-gel-nail-colors","7":"product_tag-autumn-winter-pure-creamy-hybrid-colors","8":"product_shipping_class-cardboard-box","10":"first","11":"instock","12":"taxable","13":"shipping-taxable","14":"purchasable","15":"product-type-simple"},"jetpack_publicize_connections":[],"jetpack-related-posts":[{"id":6882,"url":"https:\/\/victoriavynn.ca\/fr\/product\/top-pastel-violet-nails-081-floral-whisper\/","url_meta":{"origin":4269,"position":0},"title":"Vernis gel hybride cr\u00e9meux pur n\u00b0 081 Floral Whisper","author":"Serge Sahakian","date":"octobre 4, 2022","format":false,"excerpt":"D\u00e9licats ongles violet pastel ! Victoria VYNN Pure Creamy Hybrid High Pigment Gel Polish 081 Floral Whisper est un violet adouci par une goutte de rose qui est discret, f\u00e9minin et timide. Ne le manquez pas. Le plus grand distributeur canadien de fournitures professionnelles pour les ongles. Achetez en toute confiance ! Sp\u00e9cifications du produit :          ...","rel":"","context":"Similar post","block_context":{"text":"Similar post","link":""},"img":{"alt_text":"Best Pastel Violet Nails Victoria VYNN Pure Creamy Hybrid 081 Floral Whisper","src":"https:\/\/i0.wp.com\/victoriavynn.ca\/wp-content\/uploads\/2022\/10\/Best-Pastel-Violet-Nails-Victoira-VYNN-Pure-Creamy-Hybrid-081-Floral-Whisper.webp?fit=750%2C1000&ssl=1&resize=350%2C200","width":350,"height":200,"srcset":"https:\/\/i0.wp.com\/victoriavynn.ca\/wp-content\/uploads\/2022\/10\/Best-Pastel-Violet-Nails-Victoira-VYNN-Pure-Creamy-Hybrid-081-Floral-Whisper.webp?fit=750%2C1000&ssl=1&resize=350%2C200 1x, https:\/\/i0.wp.com\/victoriavynn.ca\/wp-content\/uploads\/2022\/10\/Best-Pastel-Violet-Nails-Victoira-VYNN-Pure-Creamy-Hybrid-081-Floral-Whisper.webp?fit=750%2C1000&ssl=1&resize=525%2C300 1.5x, https:\/\/i0.wp.com\/victoriavynn.ca\/wp-content\/uploads\/2022\/10\/Best-Pastel-Violet-Nails-Victoira-VYNN-Pure-Creamy-Hybrid-081-Floral-Whisper.webp?fit=750%2C1000&ssl=1&resize=700%2C400 2x"},"classes":[]},{"id":6884,"url":"https:\/\/victoriavynn.ca\/fr\/product\/victoria-vynn-sparkling-burgundy-nails-130\/","url_meta":{"origin":4269,"position":1},"title":"Gel polissant hybride Pure Creamy No. 130 Tawny Port","author":"Serge Sahakian","date":"octobre 4, 2022","format":false,"excerpt":"Le meilleur vernis en gel scintillant pour les ongles bourgogne ! Victoria VYNN Pure Creamy Hybrid High Pigment Gel Polish 130 Tawny Port est une teinte bordeaux originale avec des paillettes violettes et des millions de particules roses. Le premier distributeur canadien de fournitures professionnelles pour les ongles. Achetez en toute confiance ! Sp\u00e9cifications du produit :          ...","rel":"","context":"Similar post","block_context":{"text":"Similar post","link":""},"img":{"alt_text":"Victoria vynn pure creamy sparkling burgundy nails tawny port no. 130","src":"https:\/\/i0.wp.com\/victoriavynn.ca\/wp-content\/uploads\/2022\/10\/victoria-vynn-pure-creamy-sparkling-burgundy-nails-tawny-port-no.-130.webp?fit=750%2C1000&ssl=1&resize=350%2C200","width":350,"height":200,"srcset":"https:\/\/i0.wp.com\/victoriavynn.ca\/wp-content\/uploads\/2022\/10\/victoria-vynn-pure-creamy-sparkling-burgundy-nails-tawny-port-no.-130.webp?fit=750%2C1000&ssl=1&resize=350%2C200 1x, https:\/\/i0.wp.com\/victoriavynn.ca\/wp-content\/uploads\/2022\/10\/victoria-vynn-pure-creamy-sparkling-burgundy-nails-tawny-port-no.-130.webp?fit=750%2C1000&ssl=1&resize=525%2C300 1.5x, https:\/\/i0.wp.com\/victoriavynn.ca\/wp-content\/uploads\/2022\/10\/victoria-vynn-pure-creamy-sparkling-burgundy-nails-tawny-port-no.-130.webp?fit=750%2C1000&ssl=1&resize=700%2C400 2x"},"classes":[]},{"id":7972,"url":"https:\/\/victoriavynn.ca\/fr\/product\/violet-gel-polish-235-heather-road\/","url_meta":{"origin":4269,"position":2},"title":"Vernis gel hybride Pure Creamy n\u00b0 235 Heather Road","author":"Serge Sahakian","date":"novembre 30, 2022","format":false,"excerpt":"Victoria VYNN Hybrid Pure Creamy Violet Gel Polish Heather Road No. 235 est un violet bruy\u00e8re. Le principal distributeur canadien de fournitures professionnelles pour les ongles. Achetez en toute confiance ! Collection : Pure Creamy Hybrid Collection Voyage Sp\u00e9cifications du produit :               Disponibilit\u00e9 en stock :","rel":"","context":"Similar post","block_context":{"text":"Similar post","link":""},"img":{"alt_text":"violet gel polish","src":"https:\/\/i0.wp.com\/victoriavynn.ca\/wp-content\/uploads\/2022\/11\/235.webp?fit=750%2C1000&ssl=1&resize=350%2C200","width":350,"height":200,"srcset":"https:\/\/i0.wp.com\/victoriavynn.ca\/wp-content\/uploads\/2022\/11\/235.webp?fit=750%2C1000&ssl=1&resize=350%2C200 1x, https:\/\/i0.wp.com\/victoriavynn.ca\/wp-content\/uploads\/2022\/11\/235.webp?fit=750%2C1000&ssl=1&resize=525%2C300 1.5x, https:\/\/i0.wp.com\/victoriavynn.ca\/wp-content\/uploads\/2022\/11\/235.webp?fit=750%2C1000&ssl=1&resize=700%2C400 2x"},"classes":[]},{"id":4369,"url":"https:\/\/victoriavynn.ca\/fr\/product\/unique-violet-gel-nails-051-sugar-plum\/","url_meta":{"origin":4269,"position":3},"title":"Vernis gel hybride Pure Creamy No. 051 Sugar Plum","author":"Serge Sahakian","date":"septembre 2, 2022","format":false,"excerpt":"Des ongles uniques en gel violet ! Victoria VYNN Pure Creamy Hybrid High Pigment Gel Polish 051 Sugar Plum est un violet d\u00e9licat avec un accent brun ressemblant \u00e0 de la confiture de prunes. Le premier distributeur canadien de fournitures professionnelles pour les ongles. Achetez en toute confiance ! Sp\u00e9cifications du produit :               Disponibilit\u00e9 du stock :","rel":"","context":"Similar post","block_context":{"text":"Similar post","link":""},"img":{"alt_text":"Special Violet Gel Nails Victoria VYNN Pure Creamy Hybrid 051 Sugar Plum","src":"https:\/\/i0.wp.com\/victoriavynn.ca\/wp-content\/uploads\/2022\/09\/Special-Violet-Gel-Nails-Victoria-VYNN-Pure-Creamy-Hybrid-051-Sugar-Plum-1-2.webp?fit=750%2C1000&ssl=1&resize=350%2C200","width":350,"height":200,"srcset":"https:\/\/i0.wp.com\/victoriavynn.ca\/wp-content\/uploads\/2022\/09\/Special-Violet-Gel-Nails-Victoria-VYNN-Pure-Creamy-Hybrid-051-Sugar-Plum-1-2.webp?fit=750%2C1000&ssl=1&resize=350%2C200 1x, https:\/\/i0.wp.com\/victoriavynn.ca\/wp-content\/uploads\/2022\/09\/Special-Violet-Gel-Nails-Victoria-VYNN-Pure-Creamy-Hybrid-051-Sugar-Plum-1-2.webp?fit=750%2C1000&ssl=1&resize=525%2C300 1.5x, https:\/\/i0.wp.com\/victoriavynn.ca\/wp-content\/uploads\/2022\/09\/Special-Violet-Gel-Nails-Victoria-VYNN-Pure-Creamy-Hybrid-051-Sugar-Plum-1-2.webp?fit=750%2C1000&ssl=1&resize=700%2C400 2x"},"classes":[]},{"id":4267,"url":"https:\/\/victoriavynn.ca\/fr\/product\/victoria-vynn-dark-fuchsia-gel-polish-128\/","url_meta":{"origin":4269,"position":4},"title":"Pure Creamy Hybrid Gel Polish No. 128 Dark Fuchsia","author":"Serge Sahakian","date":"septembre 2, 2022","format":false,"excerpt":"Le meilleur gel de polissage Dark Fuchsia ! Victoria VYNN Pure Creamy Hybrid High Pigment Gel Polish 128 Dark Fuchsia est un Fuchsia profond et d\u00e9cisif avec une goutte de violet. Le premier distributeur canadien de fournitures professionnelles pour les ongles. Achetez en toute confiance ! Sp\u00e9cifications du produit :               Disponibilit\u00e9 du stock :","rel":"","context":"Similar post","block_context":{"text":"Similar post","link":""},"img":{"alt_text":"Victoria VYNN Pure Dark Fuchsia Gel Polish Pure Creamy No. 128","src":"https:\/\/i0.wp.com\/victoriavynn.ca\/wp-content\/uploads\/2022\/09\/victoria-vynn-pure-dark-fuchsia-gel-polish-pure-creamy-no.-128-.webp?fit=750%2C1000&ssl=1&resize=350%2C200","width":350,"height":200,"srcset":"https:\/\/i0.wp.com\/victoriavynn.ca\/wp-content\/uploads\/2022\/09\/victoria-vynn-pure-dark-fuchsia-gel-polish-pure-creamy-no.-128-.webp?fit=750%2C1000&ssl=1&resize=350%2C200 1x, https:\/\/i0.wp.com\/victoriavynn.ca\/wp-content\/uploads\/2022\/09\/victoria-vynn-pure-dark-fuchsia-gel-polish-pure-creamy-no.-128-.webp?fit=750%2C1000&ssl=1&resize=525%2C300 1.5x, https:\/\/i0.wp.com\/victoriavynn.ca\/wp-content\/uploads\/2022\/09\/victoria-vynn-pure-dark-fuchsia-gel-polish-pure-creamy-no.-128-.webp?fit=750%2C1000&ssl=1&resize=700%2C400 2x"},"classes":[]},{"id":4285,"url":"https:\/\/victoriavynn.ca\/fr\/product\/victoria-vynn-pure-lavender-nails-115\/","url_meta":{"origin":4269,"position":5},"title":"Vernis gel hybride cr\u00e9meux Pure n\u00b0 115 Brume de lavande","author":"Serge Sahakian","date":"septembre 2, 2022","format":false,"excerpt":"Le meilleur vernis en gel pour les ongles \u00e0 la lavande ! Victoria VYNN Pure Creamy Hybrid High Pigment Gel Polish 115 La couleur violette pastel de Lavender Mist rappelle un champ de lavande sous une couette de brouillard. Le principal distributeur canadien de fournitures professionnelles pour les ongles. Achetez en toute confiance ! Sp\u00e9cifications du produit :            ...","rel":"","context":"Similar post","block_context":{"text":"Similar post","link":""},"img":{"alt_text":"victoria vynn lavender nails gel polish lavender mist no. 115","src":"https:\/\/i0.wp.com\/victoriavynn.ca\/wp-content\/uploads\/2022\/09\/victoria-vynn-lavender-nails-gel-polish-lavender-mist-no.-115.webp?fit=750%2C1000&ssl=1&resize=350%2C200","width":350,"height":200,"srcset":"https:\/\/i0.wp.com\/victoriavynn.ca\/wp-content\/uploads\/2022\/09\/victoria-vynn-lavender-nails-gel-polish-lavender-mist-no.-115.webp?fit=750%2C1000&ssl=1&resize=350%2C200 1x, https:\/\/i0.wp.com\/victoriavynn.ca\/wp-content\/uploads\/2022\/09\/victoria-vynn-lavender-nails-gel-polish-lavender-mist-no.-115.webp?fit=750%2C1000&ssl=1&resize=525%2C300 1.5x, https:\/\/i0.wp.com\/victoriavynn.ca\/wp-content\/uploads\/2022\/09\/victoria-vynn-lavender-nails-gel-polish-lavender-mist-no.-115.webp?fit=750%2C1000&ssl=1&resize=700%2C400 2x"},"classes":[]}],"jetpack_sharing_enabled":true,"_links":{"self":[{"href":"https:\/\/victoriavynn.ca\/fr\/wp-json\/wp\/v2\/product\/4269","targetHints":{"allow":["GET"]}}],"collection":[{"href":"https:\/\/victoriavynn.ca\/fr\/wp-json\/wp\/v2\/product"}],"about":[{"href":"https:\/\/victoriavynn.ca\/fr\/wp-json\/wp\/v2\/types\/product"}],"replies":[{"embeddable":true,"href":"https:\/\/victoriavynn.ca\/fr\/wp-json\/wp\/v2\/comments?post=4269"}],"wp:featuredmedia":[{"embeddable":true,"href":"https:\/\/victoriavynn.ca\/fr\/wp-json\/wp\/v2\/media\/14950"}],"wp:attachment":[{"href":"https:\/\/victoriavynn.ca\/fr\/wp-json\/wp\/v2\/media?parent=4269"}],"wp:term":[{"taxonomy":"product_brand","embeddable":true,"href":"https:\/\/victoriavynn.ca\/fr\/wp-json\/wp\/v2\/product_brand?post=4269"},{"taxonomy":"product_cat","embeddable":true,"href":"https:\/\/victoriavynn.ca\/fr\/wp-json\/wp\/v2\/product_cat?post=4269"},{"taxonomy":"product_tag","embeddable":true,"href":"https:\/\/victoriavynn.ca\/fr\/wp-json\/wp\/v2\/product_tag?post=4269"}],"curies":[{"name":"wp","href":"https:\/\/api.w.org\/{rel}","templated":true}]}}