{"id":4271,"date":"2022-09-02T18:37:30","date_gmt":"2022-09-02T22:37:30","guid":{"rendered":"https:\/\/victoriavynn.ca\/index.php\/product\/victoria-vynn-pure-creamy-hybrid-color-no-126\/"},"modified":"2026-02-24T15:28:20","modified_gmt":"2026-02-24T20:28:20","slug":"victoria-vynn-pure-burnt-pink-gel-polish","status":"publish","type":"product","link":"https:\/\/victoriavynn.ca\/fr\/product\/victoria-vynn-pure-burnt-pink-gel-polish\/","title":{"rendered":"Pure Creamy Hybrid Gel Polish No. 126 Burnt Pink"},"content":{"rendered":"<p>Le syst\u00e8me Pure Creamy Hybrid comprend des vernis gel hybrides cr\u00e9meux d'une excellente couverture et durabilit\u00e9. Il s'agit d'une formule avec un indice de s\u00e9curit\u00e9 \u00e9lev\u00e9, sans odeur irritante et pouvant \u00eatre enlev\u00e9e avec de l'alcool cosm\u00e9tique. Le pinceau court et plat, con\u00e7u sp\u00e9cialement pour la ligne de produits Pure, facilite une application uniforme. Le syst\u00e8me vous permet de cr\u00e9er des manucures hybrides ultrafines. Durci uniquement dans des lampes LED !<\/p>\n<p>Le meilleur et incroyable vernis en gel rose br\u00fbl\u00e9 ! Victoria VYNN Pure Creamy Hybrid High Pigment Gel Polish 126 Burnt Pink est un rose fum\u00e9 avec un soup\u00e7on de rouge qui charme avec l'\u00e9nergie de la f\u00e9minit\u00e9.<\/p>\n<p>Les vernis hybrides Pure r\u00e9pondent aux attentes des femmes du monde entier ! Nous cr\u00e9ons nos collections en fonction des derni\u00e8res tendances, nous r\u00e9pondons aux besoins de nos clientes et nous mettons en valeur la beaut\u00e9 de leurs mains !<\/p>","protected":false},"excerpt":{"rendered":"<p>Le meilleur gel de polissage rose br\u00fbl\u00e9 !<\/p>\n<p>Victoria VYNN Pure Creamy Hybrid High Pigment Gel Polish 126 Burnt Pink est un rose fum\u00e9 avec un soup\u00e7on de rouge qui charme avec l'\u00e9nergie de la f\u00e9minit\u00e9. Le principal distributeur canadien de fournitures professionnelles pour les ongles. Achetez en toute confiance !<\/p>\n<p>Sp\u00e9cifications du produit :<\/p>\n<p><a href=\"https:\/\/victoriavynn.ca\/wp-content\/uploads\/2022\/12\/CREAMY-FORMULA-1.webp\"><img loading=\"lazy\" decoding=\"async\" class=\"size-full wp-image-8777 alignleft\" src=\"https:\/\/victoriavynn.ca\/wp-content\/uploads\/2022\/12\/CREAMY-FORMULA-1.webp\" alt=\"VERNIS GEL CR\u00c9MEUX\" width=\"125\" height=\"150\" \/><\/a> <img loading=\"lazy\" decoding=\"async\" class=\"size-full wp-image-8778 alignleft\" src=\"https:\/\/victoriavynn.ca\/wp-content\/uploads\/2022\/12\/FLAT-SHORT-BRUSH.webp\" alt=\"VERNIS GEL CR\u00c9MEUX\" width=\"125\" height=\"150\" \/><img loading=\"lazy\" decoding=\"async\" class=\"size-full wp-image-8779 alignleft\" src=\"https:\/\/victoriavynn.ca\/wp-content\/uploads\/2022\/12\/FOR-LED-LAMP.webp\" alt=\"VERNIS GEL CR\u00c9MEUX\" width=\"125\" height=\"150\" \/><a href=\"https:\/\/victoriavynn.ca\/wp-content\/uploads\/2019\/11\/SALON-QUALITY.webp\"><img loading=\"lazy\" decoding=\"async\" class=\"size-full wp-image-8772 alignleft\" src=\"https:\/\/victoriavynn.ca\/wp-content\/uploads\/2019\/11\/SALON-QUALITY.webp\" alt=\"GEL NAIL BUILDER\" width=\"125\" height=\"150\" \/><\/a><\/p>\n<p>&nbsp;<\/p>\n<p>&nbsp;<\/p>\n<p>&nbsp;<\/p>\n<p>&nbsp;<\/p>\n<p>&nbsp;<\/p>\n<p>&nbsp;<\/p>\n<p>&nbsp;<\/p>\n<p style=\"text-align: left;\">Disponibilit\u00e9 du stock :<\/p>","protected":false},"featured_media":14939,"comment_status":"open","ping_status":"closed","template":"","meta":{"jetpack_post_was_ever_published":false,"jetpack_publicize_message":"","jetpack_publicize_feature_enabled":true,"jetpack_social_post_already_shared":true,"jetpack_social_options":{"image_generator_settings":{"template":"highway","default_image_id":0,"font":"","enabled":false},"version":2}},"product_brand":[],"product_cat":[48],"product_tag":[103],"class_list":{"0":"post-4271","1":"product","2":"type-product","3":"status-publish","4":"has-post-thumbnail","6":"product_cat-hybrid-gel-nail-colors","7":"product_tag-creamy-gel-polish","8":"product_shipping_class-cardboard-box","10":"first","11":"instock","12":"taxable","13":"shipping-taxable","14":"purchasable","15":"product-type-simple"},"jetpack_publicize_connections":[],"jetpack-related-posts":[{"id":4327,"url":"https:\/\/victoriavynn.ca\/fr\/product\/burnt-orange-nails-075-hot-orange\/","url_meta":{"origin":4271,"position":0},"title":"Gel Polish Hybride Cr\u00e9meux Pur n\u00b0 075 Orange Chaude","author":"Serge Sahakian","date":"septembre 2, 2022","format":false,"excerpt":"Impressive Burnt Orange Nails! Victoria VYNN Pure Creamy Hybrid High Pigment Gel Polish 075 Hot Orange is a tempting and seductive hot orange. Canada's Leading Distributor of Professional Nail Supplies. Buy with Confidence! Product Specifications: \u00a0 \u00a0 \u00a0 \u00a0 \u00a0 \u00a0 \u00a0 Stock Availability:","rel":"","context":"Similar post","block_context":{"text":"Similar post","link":""},"img":{"alt_text":"Best Burnt Orange Nails Victoria VYNN Pure Creamy Hybrid 075 Hot Orange","src":"https:\/\/i0.wp.com\/victoriavynn.ca\/wp-content\/uploads\/2022\/09\/Best-Burn-Orange-Nails-Victoria-VYNN-Pure-Creamy-Hybrid-075-Hot-Orange.webp?fit=750%2C1000&ssl=1&resize=350%2C200","width":350,"height":200,"srcset":"https:\/\/i0.wp.com\/victoriavynn.ca\/wp-content\/uploads\/2022\/09\/Best-Burn-Orange-Nails-Victoria-VYNN-Pure-Creamy-Hybrid-075-Hot-Orange.webp?fit=750%2C1000&ssl=1&resize=350%2C200 1x, https:\/\/i0.wp.com\/victoriavynn.ca\/wp-content\/uploads\/2022\/09\/Best-Burn-Orange-Nails-Victoria-VYNN-Pure-Creamy-Hybrid-075-Hot-Orange.webp?fit=750%2C1000&ssl=1&resize=525%2C300 1.5x, https:\/\/i0.wp.com\/victoriavynn.ca\/wp-content\/uploads\/2022\/09\/Best-Burn-Orange-Nails-Victoria-VYNN-Pure-Creamy-Hybrid-075-Hot-Orange.webp?fit=750%2C1000&ssl=1&resize=700%2C400 2x"},"classes":[]},{"id":8379,"url":"https:\/\/victoriavynn.ca\/fr\/product\/pink-creamy-gel-nail-polish-232-pink-horizon\/","url_meta":{"origin":4271,"position":1},"title":"Pure Creamy Hybrid Gel Polish No. 232 Pink Horizon","author":"Serge Sahakian","date":"D\u00e9cembre 15, 2022","format":false,"excerpt":"Victoria VYNN Hybrid Pure Pink Creamy Gel Nail Polish Pink Horizon No. 232 est un rose vif et frais de l'horizon du soir. Le premier distributeur canadien de fournitures professionnelles pour les ongles. Achetez en toute confiance ! Collection : Pure Creamy Hybrid Collection Voyage Sp\u00e9cifications du produit :               Disponibilit\u00e9 en stock :","rel":"","context":"Similar post","block_context":{"text":"Similar post","link":""},"img":{"alt_text":"pink creamy gel nail polish","src":"https:\/\/i0.wp.com\/victoriavynn.ca\/wp-content\/uploads\/2022\/12\/232.webp?fit=750%2C1000&ssl=1&resize=350%2C200","width":350,"height":200,"srcset":"https:\/\/i0.wp.com\/victoriavynn.ca\/wp-content\/uploads\/2022\/12\/232.webp?fit=750%2C1000&ssl=1&resize=350%2C200 1x, https:\/\/i0.wp.com\/victoriavynn.ca\/wp-content\/uploads\/2022\/12\/232.webp?fit=750%2C1000&ssl=1&resize=525%2C300 1.5x, https:\/\/i0.wp.com\/victoriavynn.ca\/wp-content\/uploads\/2022\/12\/232.webp?fit=750%2C1000&ssl=1&resize=700%2C400 2x"},"classes":[]},{"id":12791,"url":"https:\/\/victoriavynn.ca\/fr\/product\/light-creamy-pink-gel-polish-237-epochal\/","url_meta":{"origin":4271,"position":2},"title":"Pure Creamy Hybrid Gel Polish No. 237 Epochal Pink","author":"Serge Sahakian","date":"juin 9, 2023","format":false,"excerpt":"Victoria VYNN Pure Creamy Hybrid Light Creamy Pink Gel Polish Epochal Pink No. 237 est un rose blanchi qui ne se d\u00e9mode jamais et qui souligne parfaitement le look f\u00e9minin. Le premier distributeur canadien de fournitures professionnelles pour les ongles. Achetez en toute confiance ! Collection : Pure Creamy Hybrid Retro Pastel Sp\u00e9cifications du produit :...","rel":"","context":"Similar post","block_context":{"text":"Similar post","link":""},"img":{"alt_text":"Victoria VYNN Pure Creamy Hybrid Light Creamy Pink Gel Polish 237 Epochal Pink","src":"https:\/\/i0.wp.com\/victoriavynn.ca\/wp-content\/uploads\/2023\/06\/victoria-vynn-pure-creamy-hybrid-light-creamy-pink-gel-polish-237-epochal-pink-.webp?fit=750%2C1000&ssl=1&resize=350%2C200","width":350,"height":200,"srcset":"https:\/\/i0.wp.com\/victoriavynn.ca\/wp-content\/uploads\/2023\/06\/victoria-vynn-pure-creamy-hybrid-light-creamy-pink-gel-polish-237-epochal-pink-.webp?fit=750%2C1000&ssl=1&resize=350%2C200 1x, https:\/\/i0.wp.com\/victoriavynn.ca\/wp-content\/uploads\/2023\/06\/victoria-vynn-pure-creamy-hybrid-light-creamy-pink-gel-polish-237-epochal-pink-.webp?fit=750%2C1000&ssl=1&resize=525%2C300 1.5x, https:\/\/i0.wp.com\/victoriavynn.ca\/wp-content\/uploads\/2023\/06\/victoria-vynn-pure-creamy-hybrid-light-creamy-pink-gel-polish-237-epochal-pink-.webp?fit=750%2C1000&ssl=1&resize=700%2C400 2x"},"classes":[]},{"id":8381,"url":"https:\/\/victoriavynn.ca\/fr\/product\/creamy-pink-gel-polish-no-233-rouge-dawn\/","url_meta":{"origin":4271,"position":3},"title":"Pure Creamy Hybrid Gel Polish No. 233 Rouge Dawn","author":"Serge Sahakian","date":"D\u00e9cembre 15, 2022","format":false,"excerpt":"Victoria VYNN Hybrid Pure Creamy Pink Gel Polish Rouge Dawn No. 233 is a pink shade of the rising sun over a lake. Canada's Leading Distributor of Professional Nail Supplies. Buy with Confidence! Collection: Pure Creamy Hybrid Voyage Collection Product Specifications: \u00a0 \u00a0 \u00a0 \u00a0 \u00a0 \u00a0 \u00a0 Stock Availability:","rel":"","context":"Similar post","block_context":{"text":"Similar post","link":""},"img":{"alt_text":"creamy pink gel polish","src":"https:\/\/i0.wp.com\/victoriavynn.ca\/wp-content\/uploads\/2022\/12\/233.png?fit=1000%2C1000&ssl=1&resize=350%2C200","width":350,"height":200,"srcset":"https:\/\/i0.wp.com\/victoriavynn.ca\/wp-content\/uploads\/2022\/12\/233.png?fit=1000%2C1000&ssl=1&resize=350%2C200 1x, https:\/\/i0.wp.com\/victoriavynn.ca\/wp-content\/uploads\/2022\/12\/233.png?fit=1000%2C1000&ssl=1&resize=525%2C300 1.5x, https:\/\/i0.wp.com\/victoriavynn.ca\/wp-content\/uploads\/2022\/12\/233.png?fit=1000%2C1000&ssl=1&resize=700%2C400 2x"},"classes":[]},{"id":4361,"url":"https:\/\/victoriavynn.ca\/fr\/product\/best-pink-gel-nail-polish-055-pink-up\/","url_meta":{"origin":4271,"position":4},"title":"Pure Creamy Hybrid Gel Polish No. 055 Pink Up","author":"Serge Sahakian","date":"septembre 2, 2022","format":false,"excerpt":"Vernis \u00e0 ongles en gel d'un rose attrayant ! Victoria VYNN Pure Creamy Hybrid High Pigment Gel Polish 055 Pink Up est une nuance de rose intense qui est tout simplement \u00e9poustouflante. Le premier distributeur canadien de fournitures professionnelles pour les ongles. Achetez en toute confiance ! Sp\u00e9cifications du produit :               Disponibilit\u00e9 du stock :","rel":"","context":"Similar post","block_context":{"text":"Similar post","link":""},"img":{"alt_text":"Best Pink Gel Nail Polish Victoira VYNN Pure Creamy Hybrid 055 Pink Up","src":"https:\/\/i0.wp.com\/victoriavynn.ca\/wp-content\/uploads\/2022\/09\/Best-Pink-Gel-Nail-Polish-Victoira-VYNN-Pure-Creamy-Hybrid-055-Pink-Up.webp?fit=750%2C1000&ssl=1&resize=350%2C200","width":350,"height":200,"srcset":"https:\/\/i0.wp.com\/victoriavynn.ca\/wp-content\/uploads\/2022\/09\/Best-Pink-Gel-Nail-Polish-Victoira-VYNN-Pure-Creamy-Hybrid-055-Pink-Up.webp?fit=750%2C1000&ssl=1&resize=350%2C200 1x, https:\/\/i0.wp.com\/victoriavynn.ca\/wp-content\/uploads\/2022\/09\/Best-Pink-Gel-Nail-Polish-Victoira-VYNN-Pure-Creamy-Hybrid-055-Pink-Up.webp?fit=750%2C1000&ssl=1&resize=525%2C300 1.5x, https:\/\/i0.wp.com\/victoriavynn.ca\/wp-content\/uploads\/2022\/09\/Best-Pink-Gel-Nail-Polish-Victoira-VYNN-Pure-Creamy-Hybrid-055-Pink-Up.webp?fit=750%2C1000&ssl=1&resize=700%2C400 2x"},"classes":[]},{"id":4269,"url":"https:\/\/victoriavynn.ca\/fr\/product\/victoria-vynn-violet-pink-gel-polish-127\/","url_meta":{"origin":4271,"position":5},"title":"Vernis gel hybride cr\u00e9meux Pure n\u00b0 127 Rose Madder","author":"Serge Sahakian","date":"septembre 2, 2022","format":false,"excerpt":"Le meilleur vernis en gel rose violet merveilleux ! Victoria VYNN Pure Creamy Hybrid High Pigment Gel Polish 127 Rose Madder est un rose profond et d\u00e9cisif avec une goutte de violet. Le premier distributeur canadien de fournitures professionnelles pour les ongles. Achetez en toute confiance ! Sp\u00e9cifications du produit :               Disponibilit\u00e9 du stock :","rel":"","context":"Similar post","block_context":{"text":"Similar post","link":""},"img":{"alt_text":"Victoria VYNN Pure Violet Pink Gel Polish Rose Madder No. 127 Pure Creamy","src":"https:\/\/i0.wp.com\/victoriavynn.ca\/wp-content\/uploads\/2022\/09\/victoria-vynn-pure-violet-pink-gel-polish-rose-madder-no.-127-pure-creamy.webp?fit=750%2C1000&ssl=1&resize=350%2C200","width":350,"height":200,"srcset":"https:\/\/i0.wp.com\/victoriavynn.ca\/wp-content\/uploads\/2022\/09\/victoria-vynn-pure-violet-pink-gel-polish-rose-madder-no.-127-pure-creamy.webp?fit=750%2C1000&ssl=1&resize=350%2C200 1x, https:\/\/i0.wp.com\/victoriavynn.ca\/wp-content\/uploads\/2022\/09\/victoria-vynn-pure-violet-pink-gel-polish-rose-madder-no.-127-pure-creamy.webp?fit=750%2C1000&ssl=1&resize=525%2C300 1.5x, https:\/\/i0.wp.com\/victoriavynn.ca\/wp-content\/uploads\/2022\/09\/victoria-vynn-pure-violet-pink-gel-polish-rose-madder-no.-127-pure-creamy.webp?fit=750%2C1000&ssl=1&resize=700%2C400 2x"},"classes":[]}],"jetpack_sharing_enabled":true,"_links":{"self":[{"href":"https:\/\/victoriavynn.ca\/fr\/wp-json\/wp\/v2\/product\/4271","targetHints":{"allow":["GET"]}}],"collection":[{"href":"https:\/\/victoriavynn.ca\/fr\/wp-json\/wp\/v2\/product"}],"about":[{"href":"https:\/\/victoriavynn.ca\/fr\/wp-json\/wp\/v2\/types\/product"}],"replies":[{"embeddable":true,"href":"https:\/\/victoriavynn.ca\/fr\/wp-json\/wp\/v2\/comments?post=4271"}],"wp:featuredmedia":[{"embeddable":true,"href":"https:\/\/victoriavynn.ca\/fr\/wp-json\/wp\/v2\/media\/14939"}],"wp:attachment":[{"href":"https:\/\/victoriavynn.ca\/fr\/wp-json\/wp\/v2\/media?parent=4271"}],"wp:term":[{"taxonomy":"product_brand","embeddable":true,"href":"https:\/\/victoriavynn.ca\/fr\/wp-json\/wp\/v2\/product_brand?post=4271"},{"taxonomy":"product_cat","embeddable":true,"href":"https:\/\/victoriavynn.ca\/fr\/wp-json\/wp\/v2\/product_cat?post=4271"},{"taxonomy":"product_tag","embeddable":true,"href":"https:\/\/victoriavynn.ca\/fr\/wp-json\/wp\/v2\/product_tag?post=4271"}],"curies":[{"name":"wp","href":"https:\/\/api.w.org\/{rel}","templated":true}]}}