{"id":4295,"date":"2022-09-02T18:37:40","date_gmt":"2022-09-02T22:37:40","guid":{"rendered":"https:\/\/victoriavynn.ca\/index.php\/product\/victoria-vynn-pure-creamy-hybrid-color-no-104\/"},"modified":"2026-04-03T12:09:56","modified_gmt":"2026-04-03T16:09:56","slug":"victoria-vynn-pinky-red-nails-pure-104","status":"publish","type":"product","link":"https:\/\/victoriavynn.ca\/fr\/product\/victoria-vynn-pinky-red-nails-pure-104\/","title":{"rendered":"Pure Creamy Hybrid Gel Polish No. 104 Tropical Smoothie"},"content":{"rendered":"<p>Le syst\u00e8me Pure Creamy Hybrid comprend des vernis gel hybrides cr\u00e9meux d'une excellente couverture et durabilit\u00e9. Il s'agit d'une formule avec un indice de s\u00e9curit\u00e9 \u00e9lev\u00e9, sans odeur irritante et pouvant \u00eatre enlev\u00e9e avec de l'alcool cosm\u00e9tique. Le pinceau court et plat, con\u00e7u sp\u00e9cialement pour la ligne de produits Pure, facilite une application uniforme. Le syst\u00e8me vous permet de cr\u00e9er des manucures hybrides ultrafines. Durci uniquement dans des lampes LED !<\/p>\n<p>Charmant vernis en gel rouge ros\u00e9 pour les ongles ! Victoria VYNN Pure Creamy Hybrid High Pigment Gel Polish 104 Tropical Smoothie est un rouge m\u00e9lang\u00e9 \u00e0 un peu de rose qui donne de l'\u00e9nergie tout au long de la journ\u00e9e.<\/p>\n<p>Les vernis hybrides Pure r\u00e9pondent aux attentes des femmes du monde entier ! Nous cr\u00e9ons nos collections en fonction des derni\u00e8res tendances, nous r\u00e9pondons aux besoins de nos clientes et nous mettons en valeur la beaut\u00e9 de leurs mains !<\/p>","protected":false},"excerpt":{"rendered":"<p>Vernis en gel Charming Pinky Red Nails !<\/p>\n<p>Victoria VYNN Pure Creamy Hybrid High Pigment Gel Polish 104 Tropical Smoothie est un rouge m\u00e9lang\u00e9 \u00e0 un peu de rose qui donne de l'\u00e9nergie tout au long de la journ\u00e9e. Le principal distributeur canadien de fournitures professionnelles pour les ongles. Achetez en toute confiance !<\/p>\n<p>Sp\u00e9cifications du produit :<\/p>\n<p><a href=\"https:\/\/victoriavynn.ca\/wp-content\/uploads\/2022\/12\/CREAMY-FORMULA-1.webp\"><img loading=\"lazy\" decoding=\"async\" class=\"size-full wp-image-8777 alignleft\" src=\"https:\/\/victoriavynn.ca\/wp-content\/uploads\/2022\/12\/CREAMY-FORMULA-1.webp\" alt=\"VERNIS GEL CR\u00c9MEUX\" width=\"125\" height=\"150\" \/><\/a> <img loading=\"lazy\" decoding=\"async\" class=\"size-full wp-image-8778 alignleft\" src=\"https:\/\/victoriavynn.ca\/wp-content\/uploads\/2022\/12\/FLAT-SHORT-BRUSH.webp\" alt=\"VERNIS GEL CR\u00c9MEUX\" width=\"125\" height=\"150\" \/><img loading=\"lazy\" decoding=\"async\" class=\"size-full wp-image-8779 alignleft\" src=\"https:\/\/victoriavynn.ca\/wp-content\/uploads\/2022\/12\/FOR-LED-LAMP.webp\" alt=\"VERNIS GEL CR\u00c9MEUX\" width=\"125\" height=\"150\" \/><a href=\"https:\/\/victoriavynn.ca\/wp-content\/uploads\/2019\/11\/SALON-QUALITY.webp\"><img loading=\"lazy\" decoding=\"async\" class=\"size-full wp-image-8772 alignleft\" src=\"https:\/\/victoriavynn.ca\/wp-content\/uploads\/2019\/11\/SALON-QUALITY.webp\" alt=\"GEL NAIL BUILDER\" width=\"125\" height=\"150\" \/><\/a><\/p>\n<p>&nbsp;<\/p>\n<p>&nbsp;<\/p>\n<p>&nbsp;<\/p>\n<p>&nbsp;<\/p>\n<p>&nbsp;<\/p>\n<p>&nbsp;<\/p>\n<p>&nbsp;<\/p>\n<p style=\"text-align: left;\">Disponibilit\u00e9 du stock :<\/p>","protected":false},"featured_media":14673,"comment_status":"open","ping_status":"closed","template":"","meta":{"jetpack_post_was_ever_published":false,"jetpack_publicize_message":"","jetpack_publicize_feature_enabled":true,"jetpack_social_post_already_shared":true,"jetpack_social_options":{"image_generator_settings":{"template":"highway","default_image_id":0,"font":"","enabled":false},"version":2}},"product_brand":[],"product_cat":[48],"product_tag":[103],"class_list":{"0":"post-4295","1":"product","2":"type-product","3":"status-publish","4":"has-post-thumbnail","6":"product_cat-hybrid-gel-nail-colors","7":"product_tag-creamy-gel-polish","8":"product_shipping_class-cardboard-box","10":"first","11":"instock","12":"taxable","13":"shipping-taxable","14":"purchasable","15":"product-type-simple"},"jetpack_publicize_connections":[],"jetpack-related-posts":[{"id":4321,"url":"https:\/\/victoriavynn.ca\/fr\/product\/most-cute-pink-nails-078-pinky-pink\/","url_meta":{"origin":4295,"position":0},"title":"Gel polissant hybride Pure Creamy No. 078 Pinky Pink","author":"Serge Sahakian","date":"septembre 2, 2022","format":false,"excerpt":"Most Cute Pink Nails! Victoria VYNN Pure Creamy Hybrid High Pigment Gel Polish 078 Pinky Pink is the perfect pink which suits all events. Canada's Leading Distributor of Professional Nail Supplies. Buy with Confidence! Product Specifications: \u00a0 \u00a0 \u00a0 \u00a0 \u00a0 \u00a0 \u00a0 Stock Availability:","rel":"","context":"Similar post","block_context":{"text":"Similar post","link":""},"img":{"alt_text":"Most Cute Pink Nails Victoria VYNN Pure Creamy Hybrid 078 Pinky Pink","src":"https:\/\/i0.wp.com\/victoriavynn.ca\/wp-content\/uploads\/2022\/09\/Most-Cute-Pink-Nails-Victoria-VYNN-Pure-Creamy-Hybrid-078-Pinky-Pink.webp?fit=750%2C1000&ssl=1&resize=350%2C200","width":350,"height":200,"srcset":"https:\/\/i0.wp.com\/victoriavynn.ca\/wp-content\/uploads\/2022\/09\/Most-Cute-Pink-Nails-Victoria-VYNN-Pure-Creamy-Hybrid-078-Pinky-Pink.webp?fit=750%2C1000&ssl=1&resize=350%2C200 1x, https:\/\/i0.wp.com\/victoriavynn.ca\/wp-content\/uploads\/2022\/09\/Most-Cute-Pink-Nails-Victoria-VYNN-Pure-Creamy-Hybrid-078-Pinky-Pink.webp?fit=750%2C1000&ssl=1&resize=525%2C300 1.5x, https:\/\/i0.wp.com\/victoriavynn.ca\/wp-content\/uploads\/2022\/09\/Most-Cute-Pink-Nails-Victoria-VYNN-Pure-Creamy-Hybrid-078-Pinky-Pink.webp?fit=750%2C1000&ssl=1&resize=700%2C400 2x"},"classes":[]},{"id":4271,"url":"https:\/\/victoriavynn.ca\/fr\/product\/victoria-vynn-pure-burnt-pink-gel-polish\/","url_meta":{"origin":4295,"position":1},"title":"Pure Creamy Hybrid Gel Polish No. 126 Burnt Pink","author":"Serge Sahakian","date":"septembre 2, 2022","format":false,"excerpt":"Le meilleur et incroyable vernis en gel rose br\u00fbl\u00e9 ! Victoria VYNN Pure Creamy Hybrid High Pigment Gel Polish 126 Burnt Pink est un rose fum\u00e9 avec un soup\u00e7on de rouge qui charme avec l'\u00e9nergie de la f\u00e9minit\u00e9. Le principal distributeur canadien de fournitures professionnelles pour les ongles. Achetez en toute confiance ! Sp\u00e9cifications du produit :        ...","rel":"","context":"Similar post","block_context":{"text":"Similar post","link":""},"img":{"alt_text":"Victoria VYNN Pure Burnt Pink Gel Polish No. 126","src":"https:\/\/i0.wp.com\/victoriavynn.ca\/wp-content\/uploads\/2022\/09\/victoria-vynn-pure-burnt-pink-gel-polish-no.-126-.webp?fit=750%2C1000&ssl=1&resize=350%2C200","width":350,"height":200,"srcset":"https:\/\/i0.wp.com\/victoriavynn.ca\/wp-content\/uploads\/2022\/09\/victoria-vynn-pure-burnt-pink-gel-polish-no.-126-.webp?fit=750%2C1000&ssl=1&resize=350%2C200 1x, https:\/\/i0.wp.com\/victoriavynn.ca\/wp-content\/uploads\/2022\/09\/victoria-vynn-pure-burnt-pink-gel-polish-no.-126-.webp?fit=750%2C1000&ssl=1&resize=525%2C300 1.5x, https:\/\/i0.wp.com\/victoriavynn.ca\/wp-content\/uploads\/2022\/09\/victoria-vynn-pure-burnt-pink-gel-polish-no.-126-.webp?fit=750%2C1000&ssl=1&resize=700%2C400 2x"},"classes":[]},{"id":4385,"url":"https:\/\/victoriavynn.ca\/fr\/product\/cappuccino-gel-nail-polish-042-milk-coffee\/","url_meta":{"origin":4295,"position":2},"title":"Pure Creamy Hybrid Gel Polish No. 042 Milk Coffee","author":"Serge Sahakian","date":"septembre 2, 2022","format":false,"excerpt":"Charming Cappuccino Gel Nail Polish. Victoria VYNN Pure Creamy Hybrid High Pigment Gel Polish 042 Milk Coffee is a beige\/brown color which perfectly emphasizes the tan on the skin of the hands. Canada's Leading Distributor of Professional Nail Supplies. Buy with Confidence! Product Specifications: \u00a0 \u00a0 \u00a0 \u00a0 \u00a0 \u00a0\u2026","rel":"","context":"Similar post","block_context":{"text":"Similar post","link":""},"img":{"alt_text":"best cappuccino gel nail polish Victoria VYNN pure creamy hybrid 042 milk coffee","src":"https:\/\/i0.wp.com\/victoriavynn.ca\/wp-content\/uploads\/2022\/09\/best-light-brown-gel-polish-Victoria-VYNN-pure-creamy-hybrid-042-milk-coffee.webp?fit=750%2C1000&ssl=1&resize=350%2C200","width":350,"height":200,"srcset":"https:\/\/i0.wp.com\/victoriavynn.ca\/wp-content\/uploads\/2022\/09\/best-light-brown-gel-polish-Victoria-VYNN-pure-creamy-hybrid-042-milk-coffee.webp?fit=750%2C1000&ssl=1&resize=350%2C200 1x, https:\/\/i0.wp.com\/victoriavynn.ca\/wp-content\/uploads\/2022\/09\/best-light-brown-gel-polish-Victoria-VYNN-pure-creamy-hybrid-042-milk-coffee.webp?fit=750%2C1000&ssl=1&resize=525%2C300 1.5x, https:\/\/i0.wp.com\/victoriavynn.ca\/wp-content\/uploads\/2022\/09\/best-light-brown-gel-polish-Victoria-VYNN-pure-creamy-hybrid-042-milk-coffee.webp?fit=750%2C1000&ssl=1&resize=700%2C400 2x"},"classes":[]},{"id":4339,"url":"https:\/\/victoriavynn.ca\/fr\/product\/turquoise-green-nails-068-by-the-bay\/","url_meta":{"origin":4295,"position":3},"title":"Gel Polish Hybride Cr\u00e9meux Pur n\u00b0 068 By the Bay","author":"Serge Sahakian","date":"septembre 2, 2022","format":false,"excerpt":"Des ongles verts turquoise impressionnants ! Victoria VYNN Pure Creamy Hybrid High Pigment Gel Polish 068 By The Bay est une teinte verte avec une touche de turquoise qui vous rappellera des vacances tropicales. Le premier distributeur canadien de fournitures professionnelles pour les ongles. Achetez en toute confiance ! Sp\u00e9cifications du produit :        ...","rel":"","context":"Similar post","block_context":{"text":"Similar post","link":""},"img":{"alt_text":"Best Turquoise Green Nails Victoria VYNN Pure Creamy Hybrid 068 By the Bay","src":"https:\/\/i0.wp.com\/victoriavynn.ca\/wp-content\/uploads\/2022\/09\/Best-Turquoise-Green-Nails-Victoria-VYNN-Pure-Creamy-Hybrid-068-By-the-Bay.webp?fit=750%2C1000&ssl=1&resize=350%2C200","width":350,"height":200,"srcset":"https:\/\/i0.wp.com\/victoriavynn.ca\/wp-content\/uploads\/2022\/09\/Best-Turquoise-Green-Nails-Victoria-VYNN-Pure-Creamy-Hybrid-068-By-the-Bay.webp?fit=750%2C1000&ssl=1&resize=350%2C200 1x, https:\/\/i0.wp.com\/victoriavynn.ca\/wp-content\/uploads\/2022\/09\/Best-Turquoise-Green-Nails-Victoria-VYNN-Pure-Creamy-Hybrid-068-By-the-Bay.webp?fit=750%2C1000&ssl=1&resize=525%2C300 1.5x, https:\/\/i0.wp.com\/victoriavynn.ca\/wp-content\/uploads\/2022\/09\/Best-Turquoise-Green-Nails-Victoria-VYNN-Pure-Creamy-Hybrid-068-By-the-Bay.webp?fit=750%2C1000&ssl=1&resize=700%2C400 2x"},"classes":[]},{"id":4413,"url":"https:\/\/victoriavynn.ca\/fr\/product\/gel-nail-polish-dark-red-024-forever-crims\/","url_meta":{"origin":4295,"position":4},"title":"Vernis gel hybride cr\u00e9meux Pure No. 024 Forever Crims","author":"Serge Sahakian","date":"septembre 2, 2022","format":false,"excerpt":"Le plus \u00e9l\u00e9gant des vernis \u00e0 ongles en gel rouge fonc\u00e9 ! Victoria VYNN Pure Creamy Hybrid High Pigment Gel Polish 024 Forever Crims est un rouge \u00e9carlate qui ajoute de la classe \u00e0 n'importe quel design. Le premier distributeur canadien de fournitures professionnelles pour les ongles. Achetez en toute confiance ! Sp\u00e9cifications du produit :               Disponibilit\u00e9 du stock :","rel":"","context":"Similar post","block_context":{"text":"Similar post","link":""},"img":{"alt_text":"Best Selling Gel Red nail polish dark red Victoria VYNN Pure Creamy Hybrid 024 Forever Crimson","src":"https:\/\/i0.wp.com\/victoriavynn.ca\/wp-content\/uploads\/2022\/09\/Best-Selling-Gel-Red-nail-polish-dark-red-Victoria-VYNN-Pure-Creamy-Hybrid-024-Forever-Crimson.webp?fit=750%2C1000&ssl=1&resize=350%2C200","width":350,"height":200,"srcset":"https:\/\/i0.wp.com\/victoriavynn.ca\/wp-content\/uploads\/2022\/09\/Best-Selling-Gel-Red-nail-polish-dark-red-Victoria-VYNN-Pure-Creamy-Hybrid-024-Forever-Crimson.webp?fit=750%2C1000&ssl=1&resize=350%2C200 1x, https:\/\/i0.wp.com\/victoriavynn.ca\/wp-content\/uploads\/2022\/09\/Best-Selling-Gel-Red-nail-polish-dark-red-Victoria-VYNN-Pure-Creamy-Hybrid-024-Forever-Crimson.webp?fit=750%2C1000&ssl=1&resize=525%2C300 1.5x, https:\/\/i0.wp.com\/victoriavynn.ca\/wp-content\/uploads\/2022\/09\/Best-Selling-Gel-Red-nail-polish-dark-red-Victoria-VYNN-Pure-Creamy-Hybrid-024-Forever-Crimson.webp?fit=750%2C1000&ssl=1&resize=700%2C400 2x"},"classes":[]},{"id":4331,"url":"https:\/\/victoriavynn.ca\/fr\/product\/best-powdery-pink-nails-073-powder-pink\/","url_meta":{"origin":4295,"position":5},"title":"Gel Polish Hybride Cr\u00e9meux Pur n\u00b0 073 Rose Poudr\u00e9","author":"Serge Sahakian","date":"septembre 2, 2022","format":false,"excerpt":"Des ongles d'un rose poudr\u00e9 charmant ! Victoria VYNN Pure Creamy Hybrid High Pigment Gel Polish 073 Powder Pink garantira un look subtil et charmant \u00e0 vos ongles. Le premier distributeur canadien de fournitures professionnelles pour les ongles. Achetez en toute confiance ! Sp\u00e9cifications du produit :               Disponibilit\u00e9 du stock :","rel":"","context":"Similar post","block_context":{"text":"Similar post","link":""},"img":{"alt_text":"best powdery pink nails Victoria VYNN Pure Creamy Hybrid 073 Powder Pink","src":"https:\/\/i0.wp.com\/victoriavynn.ca\/wp-content\/uploads\/2022\/09\/best-powdery-pink-nails-Victoria-VYNN-Pure-Creamy-Hybrid-073-Powder-Pink-.webp?fit=750%2C1000&ssl=1&resize=350%2C200","width":350,"height":200,"srcset":"https:\/\/i0.wp.com\/victoriavynn.ca\/wp-content\/uploads\/2022\/09\/best-powdery-pink-nails-Victoria-VYNN-Pure-Creamy-Hybrid-073-Powder-Pink-.webp?fit=750%2C1000&ssl=1&resize=350%2C200 1x, https:\/\/i0.wp.com\/victoriavynn.ca\/wp-content\/uploads\/2022\/09\/best-powdery-pink-nails-Victoria-VYNN-Pure-Creamy-Hybrid-073-Powder-Pink-.webp?fit=750%2C1000&ssl=1&resize=525%2C300 1.5x, https:\/\/i0.wp.com\/victoriavynn.ca\/wp-content\/uploads\/2022\/09\/best-powdery-pink-nails-Victoria-VYNN-Pure-Creamy-Hybrid-073-Powder-Pink-.webp?fit=750%2C1000&ssl=1&resize=700%2C400 2x"},"classes":[]}],"jetpack_sharing_enabled":true,"_links":{"self":[{"href":"https:\/\/victoriavynn.ca\/fr\/wp-json\/wp\/v2\/product\/4295","targetHints":{"allow":["GET"]}}],"collection":[{"href":"https:\/\/victoriavynn.ca\/fr\/wp-json\/wp\/v2\/product"}],"about":[{"href":"https:\/\/victoriavynn.ca\/fr\/wp-json\/wp\/v2\/types\/product"}],"replies":[{"embeddable":true,"href":"https:\/\/victoriavynn.ca\/fr\/wp-json\/wp\/v2\/comments?post=4295"}],"wp:featuredmedia":[{"embeddable":true,"href":"https:\/\/victoriavynn.ca\/fr\/wp-json\/wp\/v2\/media\/14673"}],"wp:attachment":[{"href":"https:\/\/victoriavynn.ca\/fr\/wp-json\/wp\/v2\/media?parent=4295"}],"wp:term":[{"taxonomy":"product_brand","embeddable":true,"href":"https:\/\/victoriavynn.ca\/fr\/wp-json\/wp\/v2\/product_brand?post=4295"},{"taxonomy":"product_cat","embeddable":true,"href":"https:\/\/victoriavynn.ca\/fr\/wp-json\/wp\/v2\/product_cat?post=4295"},{"taxonomy":"product_tag","embeddable":true,"href":"https:\/\/victoriavynn.ca\/fr\/wp-json\/wp\/v2\/product_tag?post=4295"}],"curies":[{"name":"wp","href":"https:\/\/api.w.org\/{rel}","templated":true}]}}