{"id":42961,"date":"2025-12-10T11:26:38","date_gmt":"2025-12-10T16:26:38","guid":{"rendered":"https:\/\/victoriavynn.ca\/product\/ulka-sterilization-pouches-with-indicator-100mmx60mm-100-pcs\/"},"modified":"2026-02-20T15:22:49","modified_gmt":"2026-02-20T20:22:49","slug":"pochettes-de-sterilisation-ulka-avec-indicateur-100mmx60mm-100-pcs","status":"publish","type":"product","link":"https:\/\/victoriavynn.ca\/fr\/product\/ulka-sterilization-pouches-with-indicator-100mmx60mm-100-pcs\/","title":{"rendered":"\u00dcLKA Sachets de st\u00e9rilisation avec indicateur 100mmx60mm (100 pcs)"},"content":{"rendered":"<h2 class=\"wp-block-heading\"><strong>\u00dcLKA Sachets de st\u00e9rilisation avec indicateur (100mm x 60mm - 100 pcs)<\/strong><\/h2>\n\n\n\n<p><strong>Emballage s\u00e9curis\u00e9 - Assurance de la st\u00e9rilit\u00e9 - Hygi\u00e8ne professionnelle<\/strong><\/p>\n\n\n\n<ul class=\"wp-block-list\">\n<li>Dimensions : 100\u044560 mm : 100\u044560 mm.<\/li>\n\n\n\n<li>Quantit\u00e9 : 100 pi\u00e8ces.<\/li>\n\n\n\n<li>Couleur : blanc<\/li>\n<\/ul>\n\n\n\n<p>Avant de st\u00e9riliser les instruments, placez-les dans un sac et fermez-le. Apr\u00e8s la st\u00e9rilisation dans un st\u00e9rilisateur \u00e0 chaleur s\u00e8che, les instruments restent s\u00fbrs pour un usage ult\u00e9rieur. Le sac les garde propres jusqu'\u00e0 ce que vous en ayez besoin. Le sac ne doit \u00eatre ouvert qu'en pr\u00e9sence du client pour confirmer que les instruments sont pr\u00eats \u00e0 \u00eatre utilis\u00e9s. Gr\u00e2ce aux indicateurs de classe 4, vous pouvez facilement distinguer les instruments st\u00e9rilis\u00e9s de ceux qui ne le sont pas. Si le processus est r\u00e9ussi, les indicateurs changent de couleur (par exemple, de rouge) pour atteindre la couleur finale indiqu\u00e9e sur l'emballage (par exemple, marron). Nos sachets de st\u00e9rilisation conviennent \u00e0 la fois aux st\u00e9rilisateurs \u00e0 chaleur s\u00e8che et aux autoclaves, ce qui en fait une solution polyvalente pour la st\u00e9rilisation. Le produit a une date de p\u00e9remption de 3 ans. Veuillez noter que l'emballage est un produit \u00e0 usage unique.<\/p>\n\n\n\n<p>Prot\u00e9gez vos outils et scellez-les de mani\u00e8re professionnelle apr\u00e8s la st\u00e9rilisation gr\u00e2ce \u00e0 <strong>\u00dcLKA Sachets de st\u00e9rilisation avec indicateur<\/strong>. Con\u00e7u pour les deux <strong>st\u00e9rilisateurs \u00e0 chaleur s\u00e8che<\/strong> et <strong>Normes d'hygi\u00e8ne dans l'industrie de la beaut\u00e9<\/strong>, Gr\u00e2ce \u00e0 ces pochettes, vos instruments restent st\u00e9riles, s\u00fbrs et pr\u00eats \u00e0 \u00eatre utilis\u00e9s par votre prochain client.<\/p>\n\n\n\n<p>Parfaites pour les salons, les ongleries, les spas, les barbiers, les esth\u00e9ticiennes, les tatoueurs et les cabinets m\u00e9dicaux, les pochettes\u00dcLKA offrent la fiabilit\u00e9 et la propret\u00e9 requises dans tous les environnements professionnels.<\/p>\n\n\n\n<hr class=\"wp-block-separator has-alpha-channel-opacity\"\/>\n\n\n\n<h2 class=\"wp-block-heading\"><strong>Con\u00e7u pour une protection compl\u00e8te de la st\u00e9rilit\u00e9<\/strong><\/h2>\n\n\n\n<p>Les sachets de st\u00e9rilisation \u00dcLKA sont fabriqu\u00e9s \u00e0 partir de <strong>mat\u00e9riaux de qualit\u00e9 m\u00e9dicale r\u00e9sistants aux hautes temp\u00e9ratures<\/strong> qui maintiennent la durabilit\u00e9 pendant le cycle de st\u00e9rilisation et pr\u00e9servent la st\u00e9rilit\u00e9 pendant le stockage.<\/p>\n\n\n\n<h3 class=\"wp-block-heading\">Id\u00e9al pour :<\/h3>\n\n\n\n<ul class=\"wp-block-list\">\n<li>Outils pour les ongles<\/li>\n\n\n\n<li>M\u00e8ches<\/li>\n\n\n\n<li>Pinces, poussoirs et ciseaux \u00e0 cuticules<\/li>\n\n\n\n<li>Outils de cosm\u00e9tique et de microblading<\/li>\n\n\n\n<li>Petits instruments m\u00e9talliques<\/li>\n<\/ul>\n\n\n\n<p>Leur compacit\u00e9 <strong>100mm x 60mm<\/strong> est parfait pour les outils individuels ou les petits ensembles d'outils.<\/p>\n\n\n\n<hr class=\"wp-block-separator has-alpha-channel-opacity\"\/>\n\n\n\n<h2 class=\"wp-block-heading\"><strong>Principales caract\u00e9ristiques et avantages<\/strong><\/h2>\n\n\n\n<h3 class=\"wp-block-heading\"><strong>Indicateur de st\u00e9rilisation int\u00e9gr\u00e9<\/strong><\/h3>\n\n\n\n<p>L'indicateur chimique change de couleur pendant la st\u00e9rilisation, confirmant que la temp\u00e9rature correcte a \u00e9t\u00e9 atteinte.<\/p>\n\n\n\n<h3 class=\"wp-block-heading\"><strong>\u2714 Strong Self-Seal Closure (Fermeture auto-scell\u00e9e)<\/strong><\/h3>\n\n\n\n<p>Fournit un <strong>inviolable<\/strong>, Le syst\u00e8me de fermeture herm\u00e9tique permet de garder les outils st\u00e9riles jusqu'\u00e0 l'utilisation.<\/p>\n\n\n\n<h3 class=\"wp-block-heading\"><strong>\u2714 Mat\u00e9riaux r\u00e9sistants aux hautes temp\u00e9ratures<\/strong><\/h3>\n\n\n\n<p>Con\u00e7u pour <strong>st\u00e9rilisateurs \u00e0 chaleur s\u00e8che<\/strong>, La pochette ne fond pas, ne se d\u00e9forme pas et ne se d\u00e9chire pas.<\/p>\n\n\n\n<h3 class=\"wp-block-heading\"><strong>Film et papier de qualit\u00e9 m\u00e9dicale<\/strong><\/h3>\n\n\n\n<p>Durable, transparent et respirant, il permet une bonne p\u00e9n\u00e9tration de l'air tout en prot\u00e9geant les instruments de la contamination.<\/p>\n\n\n\n<h3 class=\"wp-block-heading\"><strong>Fen\u00eatre de visibilit\u00e9 propre<\/strong><\/h3>\n\n\n\n<p>Permet d'identifier facilement l'outil emball\u00e9 sans ouvrir la pochette.<\/p>\n\n\n\n<h3 class=\"wp-block-heading\"><strong>\u2714 Respect de l'hygi\u00e8ne professionnelle<\/strong><\/h3>\n\n\n\n<p>Respecter les normes d'hygi\u00e8ne du salon, en veillant \u00e0 ce que la pr\u00e9paration et le stockage des outils se fassent en toute s\u00e9curit\u00e9.<\/p>\n\n\n\n<hr class=\"wp-block-separator has-alpha-channel-opacity\"\/>\n\n\n\n<h1 class=\"wp-block-heading\"><strong>Indispensable \u00e0 toute routine de st\u00e9rilisation<\/strong><\/h1>\n\n\n\n<p>L'utilisation des sachets de st\u00e9rilisation \u00dcLKA garantit :<\/p>\n\n\n\n<ul class=\"wp-block-list\">\n<li>Les outils st\u00e9riles restent prot\u00e9g\u00e9s<\/li>\n\n\n\n<li>La s\u00e9curit\u00e9 des clients est une priorit\u00e9<\/li>\n\n\n\n<li>L'hygi\u00e8ne de l'espace de travail est \u00e9lev\u00e9e<\/li>\n\n\n\n<li>Les outils restent scell\u00e9s jusqu'\u00e0 leur utilisation<\/li>\n<\/ul>\n\n\n\n<p>Professionnelles, fiables et faciles \u00e0 utiliser, ces pochettes sont indispensables \u00e0 tout salon ou studio.<\/p>\n\n\n\n<hr class=\"wp-block-separator has-alpha-channel-opacity\"\/>\n\n\n\n<h2 class=\"wp-block-heading\"><strong>Taille compacte. Haute protection. Qualit\u00e9 \u00dcLKA.<\/strong><\/h2>\n\n\n\n<p>Choisir <strong>\u00dcLKA Sachets de st\u00e9rilisation avec indicateur (100mm x 60mm)<\/strong> et apporter une hygi\u00e8ne de qualit\u00e9 professionnelle \u00e0 chaque service.<\/p>","protected":false},"excerpt":{"rendered":"<p>Les sachets de st\u00e9rilisation \u00dcLKA avec indicateur (100 mm x 60 mm) assurent un stockage s\u00fbr et st\u00e9rile des petits outils. R\u00e9sistantes aux temp\u00e9ratures \u00e9lev\u00e9es, elles sont parfaites pour les st\u00e9rilisateurs \u00e0 chaleur s\u00e8che.<\/p>\n<p>Sp\u00e9cifications du produit :<\/p>\n<ul>\n<li>Pochettes de st\u00e9rilisation 100mm x 60mm (100 pi\u00e8ces par paquet)<\/li>\n<li>L'indicateur couleur int\u00e9gr\u00e9 confirme la st\u00e9rilisation<\/li>\n<li>R\u00e9sistant aux temp\u00e9ratures \u00e9lev\u00e9es - id\u00e9al pour les st\u00e9rilisateurs \u00e0 chaleur s\u00e8che<\/li>\n<li>Fermeture herm\u00e9tique pour une protection inviolable<\/li>\n<li>Des mat\u00e9riaux de qualit\u00e9 m\u00e9dicale garantissent le maintien de la st\u00e9rilit\u00e9<\/li>\n<li>Fen\u00eatre de visibilit\u00e9 claire pour l'identification des outils<\/li>\n<li>Parfait pour les outils de manucure, de cosm\u00e9tique, de microblading et de barbier<\/li>\n<li>Maintient la st\u00e9rilit\u00e9 jusqu'\u00e0 l'utilisation<\/li>\n<\/ul>","protected":false},"featured_media":43176,"comment_status":"open","ping_status":"closed","template":"","meta":{"jetpack_post_was_ever_published":false,"jetpack_publicize_message":"","jetpack_publicize_feature_enabled":true,"jetpack_social_post_already_shared":true,"jetpack_social_options":{"image_generator_settings":{"template":"highway","default_image_id":0,"font":"","enabled":false},"version":2}},"product_brand":[893],"product_cat":[947],"product_tag":[950],"class_list":{"0":"post-42961","1":"product","2":"type-product","3":"status-publish","4":"has-post-thumbnail","6":"product_brand-ulka","7":"product_cat-dry-heat-sterilizers-sterilization-pouches","8":"product_tag-sterilizing-tools-and-equipments","10":"first","11":"instock","12":"taxable","13":"shipping-taxable","14":"purchasable","15":"product-type-simple"},"jetpack_publicize_connections":[],"jetpack-related-posts":[{"id":42963,"url":"https:\/\/victoriavynn.ca\/fr\/product\/ulka-sterilization-pouches-with-indicator-100mmx200mm-100-pcs\/","url_meta":{"origin":42961,"position":0},"title":"\u00dcLKA Sachets de st\u00e9rilisation avec indicateur 100mmx200mm (100 pcs)","author":"Serge Sahakian","date":"D\u00e9cembre 10, 2025","format":false,"excerpt":"Les sachets de st\u00e9rilisation \u00dcLKA avec indicateur (100 mm x 200 mm) permettent un stockage s\u00fbr et st\u00e9rile des outils de grande taille. R\u00e9sistantes aux temp\u00e9ratures \u00e9lev\u00e9es, elles sont parfaites pour les st\u00e9rilisateurs \u00e0 chaleur s\u00e8che. Sp\u00e9cifications du produit : Pochettes de st\u00e9rilisation de 100 mm x 200 mm (100 pi\u00e8ces par paquet) Indicateur de couleur int\u00e9gr\u00e9 confirmant la temp\u00e9rature de st\u00e9rilisation Fermeture auto-scellante pour une protection s\u00fbre et inviolable R\u00e9sistant aux hautes temp\u00e9ratures - id\u00e9al...","rel":"","context":"Similar post","block_context":{"text":"Similar post","link":""},"img":{"alt_text":"sterilization pouche 200mmx100mm","src":"https:\/\/i0.wp.com\/victoriavynn.ca\/wp-content\/uploads\/2025\/12\/sterilization-pouche-200mmx100mm-.webp?fit=750%2C1000&ssl=1&resize=350%2C200","width":350,"height":200,"srcset":"https:\/\/i0.wp.com\/victoriavynn.ca\/wp-content\/uploads\/2025\/12\/sterilization-pouche-200mmx100mm-.webp?fit=750%2C1000&ssl=1&resize=350%2C200 1x, https:\/\/i0.wp.com\/victoriavynn.ca\/wp-content\/uploads\/2025\/12\/sterilization-pouche-200mmx100mm-.webp?fit=750%2C1000&ssl=1&resize=525%2C300 1.5x, https:\/\/i0.wp.com\/victoriavynn.ca\/wp-content\/uploads\/2025\/12\/sterilization-pouche-200mmx100mm-.webp?fit=750%2C1000&ssl=1&resize=700%2C400 2x"},"classes":[]},{"id":42957,"url":"https:\/\/victoriavynn.ca\/fr\/product\/ulka-dry-heat-sterilizer-mercury-2v\/","url_meta":{"origin":42961,"position":1},"title":"\u00dcLKA St\u00e9rilisateur \u00e0 chaleur s\u00e8che Mercure 2V","author":"Serge Sahakian","date":"D\u00e9cembre 10, 2025","format":false,"excerpt":"L'\u00dcLKA Mercury 2V est un st\u00e9rilisateur \u00e0 chaleur s\u00e8che haute performance con\u00e7u pour les salons professionnels. Il offre une st\u00e9rilisation rapide et sans produits chimiques qui prot\u00e8ge les outils m\u00e9talliques, \u00e9limine les bact\u00e9ries et garantit une hygi\u00e8ne compl\u00e8te \u00e0 chaque cycle. Sp\u00e9cifications du produit : St\u00e9rilisation par chaleur s\u00e8che \u00e0 haute temp\u00e9rature pour une hygi\u00e8ne s\u00fbre et sans produits chimiques Parfait pour les outils m\u00e9talliques de manucure, de p\u00e9dicure et de cosm\u00e9tique...","rel":"","context":"Similar post","block_context":{"text":"Similar post","link":""},"img":{"alt_text":"ulka dry hear sterilizer mercury 2v","src":"https:\/\/i0.wp.com\/victoriavynn.ca\/wp-content\/uploads\/2025\/12\/ulka-dry-hear-sterilizer-mercury-2v-1-1.webp?fit=750%2C1000&ssl=1&resize=350%2C200","width":350,"height":200,"srcset":"https:\/\/i0.wp.com\/victoriavynn.ca\/wp-content\/uploads\/2025\/12\/ulka-dry-hear-sterilizer-mercury-2v-1-1.webp?fit=750%2C1000&ssl=1&resize=350%2C200 1x, https:\/\/i0.wp.com\/victoriavynn.ca\/wp-content\/uploads\/2025\/12\/ulka-dry-hear-sterilizer-mercury-2v-1-1.webp?fit=750%2C1000&ssl=1&resize=525%2C300 1.5x, https:\/\/i0.wp.com\/victoriavynn.ca\/wp-content\/uploads\/2025\/12\/ulka-dry-hear-sterilizer-mercury-2v-1-1.webp?fit=750%2C1000&ssl=1&resize=700%2C400 2x"},"classes":[]},{"id":42959,"url":"https:\/\/victoriavynn.ca\/fr\/product\/ulka-dry-heat-sterilizer-jupiter-10v\/","url_meta":{"origin":42961,"position":2},"title":"\u00dcLKA St\u00e9rilisateur \u00e0 chaleur s\u00e8che Jupiter 10V","author":"Serge Sahakian","date":"D\u00e9cembre 10, 2025","format":false,"excerpt":"L'\u00dcLKA Jupiter 10V est un st\u00e9rilisateur \u00e0 chaleur s\u00e8che de grande capacit\u00e9 con\u00e7u pour les salons de coiffure tr\u00e8s fr\u00e9quent\u00e9s. Il permet une st\u00e9rilisation rapide et sans produits chimiques, prot\u00e8ge les outils m\u00e9talliques et garantit une hygi\u00e8ne compl\u00e8te \u00e0 chaque cycle. Sp\u00e9cifications du produit : St\u00e9rilisateur \u00e0 chaleur s\u00e8che de grande capacit\u00e9 pour les salons de coiffure \u00e0 grand volume Chauffage rapide et contr\u00f4le stable de la temp\u00e9rature St\u00e9rilisation sans produits chimiques - pas de corrosion ni d'humidit\u00e9 Durable....","rel":"","context":"Similar post","block_context":{"text":"Similar post","link":""},"img":{"alt_text":"ulka dry heat sterilzier jupiter 10v","src":"https:\/\/i0.wp.com\/victoriavynn.ca\/wp-content\/uploads\/2025\/12\/ulka-dry-heat-sterilzier-jupiter-10v.webp?fit=750%2C1000&ssl=1&resize=350%2C200","width":350,"height":200,"srcset":"https:\/\/i0.wp.com\/victoriavynn.ca\/wp-content\/uploads\/2025\/12\/ulka-dry-heat-sterilzier-jupiter-10v.webp?fit=750%2C1000&ssl=1&resize=350%2C200 1x, https:\/\/i0.wp.com\/victoriavynn.ca\/wp-content\/uploads\/2025\/12\/ulka-dry-heat-sterilzier-jupiter-10v.webp?fit=750%2C1000&ssl=1&resize=525%2C300 1.5x, https:\/\/i0.wp.com\/victoriavynn.ca\/wp-content\/uploads\/2025\/12\/ulka-dry-heat-sterilzier-jupiter-10v.webp?fit=750%2C1000&ssl=1&resize=700%2C400 2x"},"classes":[]},{"id":43028,"url":"https:\/\/victoriavynn.ca\/fr\/product\/ulka-diamond-ball-bit-blue-4mm-b040-m\/","url_meta":{"origin":42961,"position":3},"title":"\u00dcLKA M\u00e8che \u00e0 clous diamant\u00e9e t\u00eate bleue diam\u00e8tre 4 mm (B040-M)","author":"Serge Sahakian","date":"D\u00e9cembre 10, 2025","format":false,"excerpt":"L'embout \u00e0 bille \u00dcLKA Diamond en marquage bleu est id\u00e9al pour traiter la zone de la cuticule et les parois lat\u00e9rales. Son grain moyen permet d'\u00e9quilibrer la pr\u00e9cision et l'efficacit\u00e9, garantissant une performance contr\u00f4l\u00e9e et fiable. Sp\u00e9cifications du produit : Forme : Boule Grain : Diam\u00e8tre moyen de la t\u00eate : 4,0 mm Mat\u00e9riau : Rev\u00eatement en diamant de haute qualit\u00e9 Couleur du grain : Bleu Code produit : B040-M","rel":"","context":"Similar post","block_context":{"text":"Similar post","link":""},"img":{"alt_text":"U\u0308LKA Diamond Nail Drill Bit Ball Blue Head 4 mm \u2013 B040-M","src":"https:\/\/i0.wp.com\/victoriavynn.ca\/wp-content\/uploads\/2025\/12\/ulka-diamond-nail-drill-bit-ball-blue-head-4-mm-%E2%80%93-b040-m.webp?fit=750%2C1000&ssl=1&resize=350%2C200","width":350,"height":200,"srcset":"https:\/\/i0.wp.com\/victoriavynn.ca\/wp-content\/uploads\/2025\/12\/ulka-diamond-nail-drill-bit-ball-blue-head-4-mm-%E2%80%93-b040-m.webp?fit=750%2C1000&ssl=1&resize=350%2C200 1x, https:\/\/i0.wp.com\/victoriavynn.ca\/wp-content\/uploads\/2025\/12\/ulka-diamond-nail-drill-bit-ball-blue-head-4-mm-%E2%80%93-b040-m.webp?fit=750%2C1000&ssl=1&resize=525%2C300 1.5x, https:\/\/i0.wp.com\/victoriavynn.ca\/wp-content\/uploads\/2025\/12\/ulka-diamond-nail-drill-bit-ball-blue-head-4-mm-%E2%80%93-b040-m.webp?fit=750%2C1000&ssl=1&resize=700%2C400 2x"},"classes":[]},{"id":42996,"url":"https:\/\/victoriavynn.ca\/fr\/product\/ulka-carbide-nail-drill-bit-corn-red-head-diameter-5-0-mm-working-part-13-mm-c513-f-2\/","url_meta":{"origin":42961,"position":4},"title":"\u00dcLKA M\u00e8che \u00e0 clous en carbure de ma\u00efs t\u00eate rouge diam\u00e8tre 5.0 mm \/ partie travaillante 13 mm (C513-F)","author":"Serge Sahakian","date":"D\u00e9cembre 10, 2025","format":false,"excerpt":"L'embout \u00dcLKA en carbure \u201cCorn\u201d avec marquage rouge est destin\u00e9 aux travaux d\u00e9licats. Il permet de retirer en toute s\u00e9curit\u00e9 et en douceur les couches minces, les couches de base et les gels mous sans causer d'inconfort. Un choix pratique pour les clientes aux ongles fragiles. Sp\u00e9cifications du produit : Forme : Ma\u00efs Grain : Diam\u00e8tre de la t\u00eate : 5.0 mm Longueur de la t\u00eate :...","rel":"","context":"Similar post","block_context":{"text":"Similar post","link":""},"img":{"alt_text":"U\u0308LKA Carbide nail drill bit corn red head diameter 5.0 mm : working part 13 mm (C513-F)","src":"https:\/\/i0.wp.com\/victoriavynn.ca\/wp-content\/uploads\/2025\/12\/ulka-carbide-nail-drill-bit-corn-red-head-diameter-5.0-mm-working-part-13-mm-c513-f-.webp?fit=750%2C1000&ssl=1&resize=350%2C200","width":350,"height":200,"srcset":"https:\/\/i0.wp.com\/victoriavynn.ca\/wp-content\/uploads\/2025\/12\/ulka-carbide-nail-drill-bit-corn-red-head-diameter-5.0-mm-working-part-13-mm-c513-f-.webp?fit=750%2C1000&ssl=1&resize=350%2C200 1x, https:\/\/i0.wp.com\/victoriavynn.ca\/wp-content\/uploads\/2025\/12\/ulka-carbide-nail-drill-bit-corn-red-head-diameter-5.0-mm-working-part-13-mm-c513-f-.webp?fit=750%2C1000&ssl=1&resize=525%2C300 1.5x, https:\/\/i0.wp.com\/victoriavynn.ca\/wp-content\/uploads\/2025\/12\/ulka-carbide-nail-drill-bit-corn-red-head-diameter-5.0-mm-working-part-13-mm-c513-f-.webp?fit=750%2C1000&ssl=1&resize=700%2C400 2x"},"classes":[]},{"id":42606,"url":"https:\/\/victoriavynn.ca\/fr\/product\/ulka-built-in-tornado-desktop-black-manicure-dust-collector-kit-2-hepa-filter-1-wooden-stick-1-brush\/","url_meta":{"origin":42961,"position":5},"title":"\u00dcLKA D\u00e9poussi\u00e9reur de bureau Tornado int\u00e9gr\u00e9 pour manucure + Kit (2 filtres HEPA, 1 b\u00e2ton en bois et 1 brosse)","author":"Serge Sahakian","date":"D\u00e9cembre 3, 2025","format":false,"excerpt":"Built-in dust collector \u00dcLKA Tornado \u00dcLKA Tornado takes workspace cleanliness to the next level. This professional built-in dust collector features two powerful fans for consistent, even suction across the entire surface \u2014 not just in the center. Equipped with adjustable suction control, a side air outlet, and magnetic grilles for\u2026","rel":"","context":"Similar post","block_context":{"text":"Similar post","link":""},"img":{"alt_text":"victoria vynn tornado new","src":"https:\/\/i0.wp.com\/victoriavynn.ca\/wp-content\/uploads\/2025\/12\/victoria-vynn-tornado-new.webp?fit=750%2C1000&ssl=1&resize=350%2C200","width":350,"height":200,"srcset":"https:\/\/i0.wp.com\/victoriavynn.ca\/wp-content\/uploads\/2025\/12\/victoria-vynn-tornado-new.webp?fit=750%2C1000&ssl=1&resize=350%2C200 1x, https:\/\/i0.wp.com\/victoriavynn.ca\/wp-content\/uploads\/2025\/12\/victoria-vynn-tornado-new.webp?fit=750%2C1000&ssl=1&resize=525%2C300 1.5x, https:\/\/i0.wp.com\/victoriavynn.ca\/wp-content\/uploads\/2025\/12\/victoria-vynn-tornado-new.webp?fit=750%2C1000&ssl=1&resize=700%2C400 2x"},"classes":[]}],"jetpack_sharing_enabled":true,"_links":{"self":[{"href":"https:\/\/victoriavynn.ca\/fr\/wp-json\/wp\/v2\/product\/42961","targetHints":{"allow":["GET"]}}],"collection":[{"href":"https:\/\/victoriavynn.ca\/fr\/wp-json\/wp\/v2\/product"}],"about":[{"href":"https:\/\/victoriavynn.ca\/fr\/wp-json\/wp\/v2\/types\/product"}],"replies":[{"embeddable":true,"href":"https:\/\/victoriavynn.ca\/fr\/wp-json\/wp\/v2\/comments?post=42961"}],"wp:featuredmedia":[{"embeddable":true,"href":"https:\/\/victoriavynn.ca\/fr\/wp-json\/wp\/v2\/media\/43176"}],"wp:attachment":[{"href":"https:\/\/victoriavynn.ca\/fr\/wp-json\/wp\/v2\/media?parent=42961"}],"wp:term":[{"taxonomy":"product_brand","embeddable":true,"href":"https:\/\/victoriavynn.ca\/fr\/wp-json\/wp\/v2\/product_brand?post=42961"},{"taxonomy":"product_cat","embeddable":true,"href":"https:\/\/victoriavynn.ca\/fr\/wp-json\/wp\/v2\/product_cat?post=42961"},{"taxonomy":"product_tag","embeddable":true,"href":"https:\/\/victoriavynn.ca\/fr\/wp-json\/wp\/v2\/product_tag?post=42961"}],"curies":[{"name":"wp","href":"https:\/\/api.w.org\/{rel}","templated":true}]}}