{"id":43000,"date":"2025-12-10T14:11:33","date_gmt":"2025-12-10T19:11:33","guid":{"rendered":"https:\/\/victoriavynn.ca\/product\/ulka-carbide-nail-drill-bit-corn-green-head-diameter-5-0-mm-working-part-13-mm-c513-c-2\/"},"modified":"2026-02-13T18:31:26","modified_gmt":"2026-02-13T23:31:26","slug":"ulka-carbide-corn-bit-green-5mm-c513-c","status":"publish","type":"product","link":"https:\/\/victoriavynn.ca\/fr\/product\/ulka-carbide-corn-bit-green-5mm-c513-c\/","title":{"rendered":"\u00dcLKA M\u00e8che \u00e0 clous en carbure de ma\u00efs t\u00eate verte diam\u00e8tre 5.0 mm \/ partie travaillante 13 mm (C513-C)"},"content":{"rendered":"<p>Le site <strong>\u00dcLKA M\u00e8che \u00e0 clous en carbure T\u00eate verte (C513-C)<\/strong> est un <strong>m\u00e8che professionnelle en carbure de haute performance<\/strong> con\u00e7u pour <strong>une \u00e9limination rapide, agressive et efficace<\/strong> de produits pour ongles artificiels. Avec un <strong>gros grains (t\u00eate verte)<\/strong>, a <strong>Diam\u00e8tre de 5,0 mm<\/strong>, et un <strong>13 mm partie active<\/strong>, Cette m\u00e8che est id\u00e9ale pour les proth\u00e9sistes ongulaires exp\u00e9riment\u00e9es qui travaillent avec des mat\u00e9riaux \u00e9pais ou durs.<\/p><hr class=\"wp-block-separator has-alpha-channel-opacity\"\/><h2 class=\"wp-block-heading\">Sp\u00e9cifications des produits<\/h2><ul class=\"wp-block-list\"><li><strong>Marque :<\/strong> \u00dcLKA<\/li>\n\n<li><strong>Mod\u00e8le :<\/strong> C513-C<\/li>\n\n<li><strong>Forme :<\/strong> Ma\u00efs<\/li>\n\n<li><strong>Mat\u00e9riau :<\/strong> Carbure de premi\u00e8re qualit\u00e9<\/li>\n\n<li><strong>Le courage :<\/strong> Grossi\u00e8re (t\u00eate verte)<\/li>\n\n<li><strong>Diam\u00e8tre de la t\u00eate :<\/strong> 5,0 mm<\/li>\n\n<li><strong>Longueur de la pi\u00e8ce de travail :<\/strong> 13 mm<\/li>\n\n<li><strong>Niveau d'utilisation :<\/strong> Professionnel \/ Avanc\u00e9<\/li><\/ul><hr class=\"wp-block-separator has-alpha-channel-opacity\"\/><h2 class=\"wp-block-heading\">Performances et avantages<\/h2><h3 class=\"wp-block-heading\">Gros grain - T\u00eate verte<\/h3><p>Le site <strong>bande verte gros grains<\/strong> est con\u00e7u pour <strong>puissance d'enl\u00e8vement maximale<\/strong>, Il est donc id\u00e9al pour :<\/p><ul class=\"wp-block-list\"><li>Acrylique \u00e9pais<\/li>\n\n<li>Gel dur<\/li>\n\n<li>Polygel \/ acrygel<\/li>\n\n<li>Accumulation importante de produits<\/li><\/ul><p>Il r\u00e9duit consid\u00e9rablement le temps de service tout en maintenant la stabilit\u00e9 et le contr\u00f4le dans les mains des professionnels.<\/p><h3 class=\"wp-block-heading\">Forme du ma\u00efs pour un d\u00e9sossage efficace<\/h3><p>Le site <strong>t\u00eate en forme de ma\u00efs<\/strong> permet une coupe douce et r\u00e9guli\u00e8re sur la surface de l'ongle, aidant les techniciens \u00e0 d\u00e9buller et \u00e0 retirer rapidement de grandes quantit\u00e9s de produit sans obstruction ni saut.<\/p><h3 class=\"wp-block-heading\">Construction en carbure de premi\u00e8re qualit\u00e9<\/h3><p>Fabriqu\u00e9 \u00e0 partir de <strong>carbure de haute qualit\u00e9<\/strong>, Ce foret \u00e0 clous offre :<\/p><ul class=\"wp-block-list\"><li>Durabilit\u00e9 exceptionnelle<\/li>\n\n<li>Un tranchant durable<\/li>\n\n<li>Performances de coupe constantes<\/li>\n\n<li>R\u00e9sistance \u00e0 l'usure et \u00e0 la surchauffe<\/li><\/ul><p>Parfait pour les salons de coiffure tr\u00e8s fr\u00e9quent\u00e9s et pour une utilisation quotidienne r\u00e9p\u00e9t\u00e9e.<\/p><hr class=\"wp-block-separator has-alpha-channel-opacity\"\/><h2 class=\"wp-block-heading\">Utilisations recommand\u00e9es<\/h2><ul class=\"wp-block-list\"><li>Retrait rapide de l'acrylique et du gel dur<\/li>\n\n<li>Am\u00e9lioration des ongles \u00e9pais<\/li>\n\n<li>Services professionnels de recharge et de correction<\/li>\n\n<li>Soins avanc\u00e9s de manucure et de p\u00e9dicure<\/li><\/ul><p>\u26a0\ufe0f <em>Recommand\u00e9 uniquement pour les professionnels de l'ongle. Ne convient pas aux ongles naturels.<\/em><\/p><hr class=\"wp-block-separator has-alpha-channel-opacity\"\/><h2 class=\"wp-block-heading\">Compatibilit\u00e9 et hygi\u00e8ne<\/h2><ul class=\"wp-block-list\"><li>Convient <strong>forets \u00e0 clous professionnels standard \u00e0 l'aide d'une lime \u00e9lectronique<\/strong><\/li>\n\n<li>Peut \u00eatre <strong>nettoy\u00e9, d\u00e9sinfect\u00e9 et st\u00e9rilis\u00e9<\/strong> selon les normes d'hygi\u00e8ne du salon<\/li>\n\n<li>Con\u00e7u pour une utilisation professionnelle \u00e0 long terme<\/li><\/ul><hr class=\"wp-block-separator has-alpha-channel-opacity\"\/><h2 class=\"wp-block-heading\">Pourquoi choisir les m\u00e8ches en carbure \u00dcLKA ?<\/h2><p>\u00dcLKA est reconnue internationalement pour ses \u00e9quipements de clouterie de pr\u00e9cision. Les <strong>M\u00e8che en carbure de ma\u00efs C513-C<\/strong> offre vitesse, puissance et fiabilit\u00e9, ce qui en fait un outil essentiel pour les professionnels de l'ongle de haut niveau.<\/p><figure class=\"wp-block-embed is-type-video is-provider-youtube wp-block-embed-youtube wp-embed-aspect-9-16 wp-has-aspect-ratio\"><div class=\"wp-block-embed__wrapper\">\n<div class=\"video-container\"><div class=\"lyte-wrapper fourthree\" title=\"Top \u00dcLKA Nail Bits You Need in Your Kit | Vid\u00e9o de d\u00e9monstration\" style=\"width:480px;max-width:100%;margin:5px;\"><div class=\"lyMe hidef\" id=\"WYL_mjdyy4IjeF4\" itemprop=\"video\" itemscope itemtype=\"https:\/\/schema.org\/VideoObject\"><div><meta itemprop=\"thumbnailUrl\" content=\"https:\/\/i.ytimg.com\/vi\/mjdyy4IjeF4\/maxresdefault.jpg\" \/><meta itemprop=\"embedURL\" content=\"https:\/\/www.youtube.com\/embed\/mjdyy4IjeF4\" \/><meta itemprop=\"duration\" content=\"PT27S\" \/><meta itemprop=\"uploadDate\" content=\"2025-12-12T16:05:34Z\" \/><\/div><div id=\"lyte_mjdyy4IjeF4\" data-src=\"https:\/\/i.ytimg.com\/vi\/mjdyy4IjeF4\/maxresdefault.jpg\" class=\"pL\"><div class=\"tC\"><div class=\"tT\" itemprop=\"name\">Top \u00dcLKA Nail Bits You Need in Your Kit | Vid\u00e9o de d\u00e9monstration<\/div><\/div><div class=\"play\"><\/div><div class=\"ctrl\"><div class=\"Lctrl\"><\/div><div class=\"Rctrl\"><\/div><\/div><\/div><noscript><a href=\"https:\/\/youtu.be\/mjdyy4IjeF4\" rel=\"nofollow noopener\" target=\"_blank\"><img data-recalc-dims=\"1\" loading=\"lazy\" decoding=\"async\" src=\"https:\/\/i0.wp.com\/i.ytimg.com\/vi\/mjdyy4IjeF4\/0.jpg?resize=480%2C340&#038;ssl=1\" alt=\"Top \u00dcLKA Nail Bits You Need in Your Kit | Vid\u00e9o de d\u00e9monstration\" width=\"480\" height=\"340\" title=\"\"><br \/>Voir cette vid\u00e9o sur YouTube<\/a><\/noscript><meta itemprop=\"description\" content=\"Crafted for perfection. Designed for precision. Discover the difference that expertly engineered \u00dcLKA nail drill bits make \u2014 smoother prep, cleaner shaping, and flawless results every time. Because your work deserves tools that work as hard as you do. \ud83d\udc8e\u2728 #ULKA #NailTechTools #ProfessionalQuality #short\"><\/div><\/div><div class=\"lL\" style=\"max-width:100%;width:480px;margin:5px;\"><\/div><\/div>\n<\/div><\/figure>","protected":false},"excerpt":{"rendered":"<p>L'embout \u00dcLKA en carbure \u201cCorn\u201d avec marquage vert est con\u00e7u pour les travaux lourds. Il permet de travailler facilement avec du gel-polish dense, de l'acrylique et des mat\u00e9riaux de modelage. Parfait lorsque la vitesse et la puissance sont la priorit\u00e9.<\/p>\n<p>Sp\u00e9cifications des produits :<\/p>\n<ul>\n<li>Forme : Ma\u00efs<\/li>\n<li>Grain : Grossier<\/li>\n<li>Diam\u00e8tre de la t\u00eate : 5,0 mm<\/li>\n<li>Longueur de la t\u00eate : 13 mm<\/li>\n<li>Mat\u00e9riau : Carbure de tungst\u00e8ne de haute qualit\u00e9 (HRA 95%)<\/li>\n<li>Couleur du grain : vert<\/li>\n<li>Code produit : C513-C<\/li>\n<\/ul>","protected":false},"featured_media":43948,"comment_status":"open","ping_status":"closed","template":"","meta":{"jetpack_post_was_ever_published":false,"jetpack_publicize_message":"","jetpack_publicize_feature_enabled":true,"jetpack_social_post_already_shared":true,"jetpack_social_options":{"image_generator_settings":{"template":"highway","default_image_id":0,"font":"","enabled":false},"version":2}},"product_brand":[893],"product_cat":[948],"product_tag":[603],"class_list":{"0":"post-43000","1":"product","2":"type-product","3":"status-publish","4":"has-post-thumbnail","6":"product_brand-ulka","7":"product_cat-ulka-drill-bits","8":"product_tag-carbide-drill-bits","10":"first","11":"instock","12":"taxable","13":"shipping-taxable","14":"purchasable","15":"product-type-simple"},"jetpack_publicize_connections":[],"jetpack-related-posts":[{"id":42998,"url":"https:\/\/victoriavynn.ca\/fr\/product\/ulka-carbide-corn-bit-blue-5mm-c513-m\/","url_meta":{"origin":43000,"position":0},"title":"\u00dcLKA M\u00e8che \u00e0 clous en carbure de ma\u00efs bleu diam\u00e8tre de la t\u00eate 5,0 mm \/ partie travaillante 13 mm (C513-M)","author":"Serge Sahakian","date":"D\u00e9cembre 10, 2025","format":false,"excerpt":"La m\u00e8che \u00dcLKA en carbure \u201cCorn\u201d est con\u00e7ue pour un travail stable et contr\u00f4l\u00e9. Sa forme droite assure un limage en douceur sans pression excessive, tandis que le grain moyen permet d'enlever rapidement et confortablement les rev\u00eatements. Il s'agit d'un outil id\u00e9al pour une utilisation r\u00e9guli\u00e8re en salon, o\u00f9 l'efficacit\u00e9 et le confort du client sont tout aussi importants. Produit...","rel":"","context":"Similar post","block_context":{"text":"Similar post","link":""},"img":{"alt_text":"U\u0308LKA Carbide nail drill bit corn blue head diameter 5.0 mm : working part 13 mm (C513-M)","src":"https:\/\/i0.wp.com\/victoriavynn.ca\/wp-content\/uploads\/2025\/12\/ulka-carbide-nail-drill-bit-corn-blue-head-diameter-5.0-mm-working-part-13-mm-c513-m.webp?fit=750%2C1000&ssl=1&resize=350%2C200","width":350,"height":200,"srcset":"https:\/\/i0.wp.com\/victoriavynn.ca\/wp-content\/uploads\/2025\/12\/ulka-carbide-nail-drill-bit-corn-blue-head-diameter-5.0-mm-working-part-13-mm-c513-m.webp?fit=750%2C1000&ssl=1&resize=350%2C200 1x, https:\/\/i0.wp.com\/victoriavynn.ca\/wp-content\/uploads\/2025\/12\/ulka-carbide-nail-drill-bit-corn-blue-head-diameter-5.0-mm-working-part-13-mm-c513-m.webp?fit=750%2C1000&ssl=1&resize=525%2C300 1.5x, https:\/\/i0.wp.com\/victoriavynn.ca\/wp-content\/uploads\/2025\/12\/ulka-carbide-nail-drill-bit-corn-blue-head-diameter-5.0-mm-working-part-13-mm-c513-m.webp?fit=750%2C1000&ssl=1&resize=700%2C400 2x"},"classes":[]},{"id":42996,"url":"https:\/\/victoriavynn.ca\/fr\/product\/ulka-carbide-nail-drill-bit-corn-red-head-diameter-5-0-mm-working-part-13-mm-c513-f-2\/","url_meta":{"origin":43000,"position":1},"title":"\u00dcLKA M\u00e8che \u00e0 clous en carbure de ma\u00efs t\u00eate rouge diam\u00e8tre 5.0 mm \/ partie travaillante 13 mm (C513-F)","author":"Serge Sahakian","date":"D\u00e9cembre 10, 2025","format":false,"excerpt":"L'embout \u00dcLKA en carbure \u201cCorn\u201d avec marquage rouge est destin\u00e9 aux travaux d\u00e9licats. Il permet de retirer en toute s\u00e9curit\u00e9 et en douceur les couches minces, les couches de base et les gels mous sans causer d'inconfort. Un choix pratique pour les clientes aux ongles fragiles. Sp\u00e9cifications du produit : Forme : Ma\u00efs Grain : Diam\u00e8tre de la t\u00eate : 5.0 mm Longueur de la t\u00eate :...","rel":"","context":"Similar post","block_context":{"text":"Similar post","link":""},"img":{"alt_text":"U\u0308LKA Carbide nail drill bit corn red head diameter 5.0 mm : working part 13 mm (C513-F)","src":"https:\/\/i0.wp.com\/victoriavynn.ca\/wp-content\/uploads\/2025\/12\/ulka-carbide-nail-drill-bit-corn-red-head-diameter-5.0-mm-working-part-13-mm-c513-f-.webp?fit=750%2C1000&ssl=1&resize=350%2C200","width":350,"height":200,"srcset":"https:\/\/i0.wp.com\/victoriavynn.ca\/wp-content\/uploads\/2025\/12\/ulka-carbide-nail-drill-bit-corn-red-head-diameter-5.0-mm-working-part-13-mm-c513-f-.webp?fit=750%2C1000&ssl=1&resize=350%2C200 1x, https:\/\/i0.wp.com\/victoriavynn.ca\/wp-content\/uploads\/2025\/12\/ulka-carbide-nail-drill-bit-corn-red-head-diameter-5.0-mm-working-part-13-mm-c513-f-.webp?fit=750%2C1000&ssl=1&resize=525%2C300 1.5x, https:\/\/i0.wp.com\/victoriavynn.ca\/wp-content\/uploads\/2025\/12\/ulka-carbide-nail-drill-bit-corn-red-head-diameter-5.0-mm-working-part-13-mm-c513-f-.webp?fit=750%2C1000&ssl=1&resize=700%2C400 2x"},"classes":[]},{"id":43004,"url":"https:\/\/victoriavynn.ca\/fr\/product\/ulka-carbide-cone-bit-green-6mm-c615-c\/","url_meta":{"origin":43000,"position":2},"title":"\u00dcLKA M\u00e8che \u00e0 clouer en carbure, c\u00f4ne vert t\u00eate diam\u00e8tre 6.0 mm \/ partie travaillante 15 mm (C615-C)","author":"Serge Sahakian","date":"D\u00e9cembre 10, 2025","format":false,"excerpt":"L'embout \u201cCone\u201d en carbure \u00dcLKA avec marquage vert est destin\u00e9 aux travaux intensifs en salon. Il permet de retirer rapidement les mat\u00e9riaux durables tels que les gels et les acryliques, tout en maintenant la stabilit\u00e9 et le contr\u00f4le tout au long du processus. Sp\u00e9cifications du produit : Forme : C\u00f4ne Grain : Grossi\u00e8re Diam\u00e8tre de la t\u00eate : 6,0 mm Longueur de la t\u00eate : 15 mm Mat\u00e9riau : Carbure de tungst\u00e8ne de haute qualit\u00e9 : Carbure de tungst\u00e8ne de haute qualit\u00e9...","rel":"","context":"Similar post","block_context":{"text":"Similar post","link":""},"img":{"alt_text":"U\u0308LKA Carbide nail drill bit cone green head diameter 6.0 mm : working part 15 mm (C615-C)","src":"https:\/\/i0.wp.com\/victoriavynn.ca\/wp-content\/uploads\/2025\/12\/ulka-carbide-nail-drill-bit-cone-green-head-diameter-6.0-mm-working-part-15-mm-c615-c-.webp?fit=750%2C1000&ssl=1&resize=350%2C200","width":350,"height":200,"srcset":"https:\/\/i0.wp.com\/victoriavynn.ca\/wp-content\/uploads\/2025\/12\/ulka-carbide-nail-drill-bit-cone-green-head-diameter-6.0-mm-working-part-15-mm-c615-c-.webp?fit=750%2C1000&ssl=1&resize=350%2C200 1x, https:\/\/i0.wp.com\/victoriavynn.ca\/wp-content\/uploads\/2025\/12\/ulka-carbide-nail-drill-bit-cone-green-head-diameter-6.0-mm-working-part-15-mm-c615-c-.webp?fit=750%2C1000&ssl=1&resize=525%2C300 1.5x, https:\/\/i0.wp.com\/victoriavynn.ca\/wp-content\/uploads\/2025\/12\/ulka-carbide-nail-drill-bit-cone-green-head-diameter-6.0-mm-working-part-15-mm-c615-c-.webp?fit=750%2C1000&ssl=1&resize=700%2C400 2x"},"classes":[]},{"id":43002,"url":"https:\/\/victoriavynn.ca\/fr\/product\/ulka-carbide-cone-bit-blue-6mm-c615-m\/","url_meta":{"origin":43000,"position":3},"title":"\u00dcLKA M\u00e8che \u00e0 clou carbure c\u00f4ne bleu diam\u00e8tre t\u00eate 6.0 mm \/ partie travaillante 15 mm (C615-M)","author":"Serge Sahakian","date":"D\u00e9cembre 10, 2025","format":false,"excerpt":"L'embout \u00dcLKA en carbure \u201cCone\u201d avec marquage bleu est con\u00e7u pour nettoyer les parois lat\u00e9rales, enlever les rev\u00eatements et travailler sur diff\u00e9rentes zones de l'ongle. Sa forme conique offre pr\u00e9cision et acc\u00e8s, tandis que le grain moyen assure l'efficacit\u00e9 et le confort du client. Sp\u00e9cifications du produit : Forme : C\u00f4ne Grain : Grosseur de la t\u00eate : 6.0 mm Diam\u00e8tre de la...","rel":"","context":"Similar post","block_context":{"text":"Similar post","link":""},"img":{"alt_text":"U\u0308LKA Carbide nail drill bit cone blue head diameter 6.0 mm : working part 15 mm (C615-M)","src":"https:\/\/i0.wp.com\/victoriavynn.ca\/wp-content\/uploads\/2025\/12\/ulka-carbide-nail-drill-bit-cone-blue-head-diameter-6.0-mm-working-part-15-mm-c615-m-.webp?fit=750%2C1000&ssl=1&resize=350%2C200","width":350,"height":200,"srcset":"https:\/\/i0.wp.com\/victoriavynn.ca\/wp-content\/uploads\/2025\/12\/ulka-carbide-nail-drill-bit-cone-blue-head-diameter-6.0-mm-working-part-15-mm-c615-m-.webp?fit=750%2C1000&ssl=1&resize=350%2C200 1x, https:\/\/i0.wp.com\/victoriavynn.ca\/wp-content\/uploads\/2025\/12\/ulka-carbide-nail-drill-bit-cone-blue-head-diameter-6.0-mm-working-part-15-mm-c615-m-.webp?fit=750%2C1000&ssl=1&resize=525%2C300 1.5x, https:\/\/i0.wp.com\/victoriavynn.ca\/wp-content\/uploads\/2025\/12\/ulka-carbide-nail-drill-bit-cone-blue-head-diameter-6.0-mm-working-part-15-mm-c615-m-.webp?fit=750%2C1000&ssl=1&resize=700%2C400 2x"},"classes":[]},{"id":43006,"url":"https:\/\/victoriavynn.ca\/fr\/product\/ulka-carbide-nail-drill-bit-needle-blue-head-diameter-2-3-mm-working-part-14-mm-c2314-m-2\/","url_meta":{"origin":43000,"position":4},"title":"\u00dcLKA M\u00e8che \u00e0 clou en carbure aiguille bleu diam\u00e8tre t\u00eate 2.3 mm \/ partie travaillante 14 mm (C2314-M)","author":"Serge Sahakian","date":"D\u00e9cembre 10, 2025","format":false,"excerpt":"L'aiguille en carbure \u00dcLKA avec une partie travaillante de 14 mm est con\u00e7ue pour un nettoyage d\u00e9taill\u00e9 et pr\u00e9cis des parois lat\u00e9rales et des d\u00e9collements apr\u00e8s la polym\u00e9risation. Gr\u00e2ce \u00e0 sa forme allong\u00e9e et \u00e0 sa pointe arrondie, il travaille en douceur et en toute s\u00e9curit\u00e9 sans endommager la plaque de l'ongle. Le grain moyen permet de travailler...","rel":"","context":"Similar post","block_context":{"text":"Similar post","link":""},"img":{"alt_text":"U\u0308LKA Carbide nail drill bit needle blue head diameter 2.3 mm : working part 14 mm (C2314-M)","src":"https:\/\/i0.wp.com\/victoriavynn.ca\/wp-content\/uploads\/2025\/12\/ulka-carbide-nail-drill-bit-needle-blue-head-diameter-2.3-mm-working-part-14-mm-c2314-m-1.webp?fit=750%2C1000&ssl=1&resize=350%2C200","width":350,"height":200,"srcset":"https:\/\/i0.wp.com\/victoriavynn.ca\/wp-content\/uploads\/2025\/12\/ulka-carbide-nail-drill-bit-needle-blue-head-diameter-2.3-mm-working-part-14-mm-c2314-m-1.webp?fit=750%2C1000&ssl=1&resize=350%2C200 1x, https:\/\/i0.wp.com\/victoriavynn.ca\/wp-content\/uploads\/2025\/12\/ulka-carbide-nail-drill-bit-needle-blue-head-diameter-2.3-mm-working-part-14-mm-c2314-m-1.webp?fit=750%2C1000&ssl=1&resize=525%2C300 1.5x, https:\/\/i0.wp.com\/victoriavynn.ca\/wp-content\/uploads\/2025\/12\/ulka-carbide-nail-drill-bit-needle-blue-head-diameter-2.3-mm-working-part-14-mm-c2314-m-1.webp?fit=750%2C1000&ssl=1&resize=700%2C400 2x"},"classes":[]},{"id":43008,"url":"https:\/\/victoriavynn.ca\/fr\/product\/ulka-carbide-needle-bit-blue-2-3mm-c2315-m\/","url_meta":{"origin":43000,"position":5},"title":"\u00dcLKA M\u00e8che \u00e0 clou en carbure aiguille bleu diam\u00e8tre t\u00eate 2.3 mm \/ partie travaillante 15 mm (C2315-M)","author":"Serge Sahakian","date":"D\u00e9cembre 10, 2025","format":false,"excerpt":"L'embout \u201caiguille\u201d en carbure \u00dcLKA est con\u00e7u pour une pr\u00e9cision maximale. Sa forme allong\u00e9e est pratique pour nettoyer les parois lat\u00e9rales et affiner les d\u00e9collements apr\u00e8s polym\u00e9risation. Gr\u00e2ce \u00e0 sa pointe arrondie, il travaille en douceur et en toute s\u00e9curit\u00e9 sans endommager la plaque de l'ongle, m\u00eame dans les zones sensibles. Le grain moyen en fait un outil universel...","rel":"","context":"Similar post","block_context":{"text":"Similar post","link":""},"img":{"alt_text":"U\u0308LKA Carbide nail drill bit needle blue head diameter 2,3 mm : working part 15 mm","src":"https:\/\/i0.wp.com\/victoriavynn.ca\/wp-content\/uploads\/2025\/12\/ulka-carbide-nail-drill-bit-needle-blue-head-diameter-23-mm-working-part-15-mm-.webp?fit=750%2C1000&ssl=1&resize=350%2C200","width":350,"height":200,"srcset":"https:\/\/i0.wp.com\/victoriavynn.ca\/wp-content\/uploads\/2025\/12\/ulka-carbide-nail-drill-bit-needle-blue-head-diameter-23-mm-working-part-15-mm-.webp?fit=750%2C1000&ssl=1&resize=350%2C200 1x, https:\/\/i0.wp.com\/victoriavynn.ca\/wp-content\/uploads\/2025\/12\/ulka-carbide-nail-drill-bit-needle-blue-head-diameter-23-mm-working-part-15-mm-.webp?fit=750%2C1000&ssl=1&resize=525%2C300 1.5x, https:\/\/i0.wp.com\/victoriavynn.ca\/wp-content\/uploads\/2025\/12\/ulka-carbide-nail-drill-bit-needle-blue-head-diameter-23-mm-working-part-15-mm-.webp?fit=750%2C1000&ssl=1&resize=700%2C400 2x"},"classes":[]}],"jetpack_sharing_enabled":true,"_links":{"self":[{"href":"https:\/\/victoriavynn.ca\/fr\/wp-json\/wp\/v2\/product\/43000","targetHints":{"allow":["GET"]}}],"collection":[{"href":"https:\/\/victoriavynn.ca\/fr\/wp-json\/wp\/v2\/product"}],"about":[{"href":"https:\/\/victoriavynn.ca\/fr\/wp-json\/wp\/v2\/types\/product"}],"replies":[{"embeddable":true,"href":"https:\/\/victoriavynn.ca\/fr\/wp-json\/wp\/v2\/comments?post=43000"}],"wp:featuredmedia":[{"embeddable":true,"href":"https:\/\/victoriavynn.ca\/fr\/wp-json\/wp\/v2\/media\/43948"}],"wp:attachment":[{"href":"https:\/\/victoriavynn.ca\/fr\/wp-json\/wp\/v2\/media?parent=43000"}],"wp:term":[{"taxonomy":"product_brand","embeddable":true,"href":"https:\/\/victoriavynn.ca\/fr\/wp-json\/wp\/v2\/product_brand?post=43000"},{"taxonomy":"product_cat","embeddable":true,"href":"https:\/\/victoriavynn.ca\/fr\/wp-json\/wp\/v2\/product_cat?post=43000"},{"taxonomy":"product_tag","embeddable":true,"href":"https:\/\/victoriavynn.ca\/fr\/wp-json\/wp\/v2\/product_tag?post=43000"}],"curies":[{"name":"wp","href":"https:\/\/api.w.org\/{rel}","templated":true}]}}