{"id":43004,"date":"2025-12-10T14:11:37","date_gmt":"2025-12-10T19:11:37","guid":{"rendered":"https:\/\/victoriavynn.ca\/product\/ulka-carbide-nail-drill-bit-cone-green-head-diameter-6-0-mm-working-part-15-mm-c615-c-2\/"},"modified":"2026-04-06T15:04:58","modified_gmt":"2026-04-06T19:04:58","slug":"ulka-carbure-cone-bit-green-6mm-c615-c","status":"publish","type":"product","link":"https:\/\/victoriavynn.ca\/fr\/product\/ulka-carbide-cone-bit-green-6mm-c615-c\/","title":{"rendered":"\u00dcLKA M\u00e8che \u00e0 clouer en carbure, c\u00f4ne vert t\u00eate diam\u00e8tre 6.0 mm \/ partie travaillante 15 mm (C615-C)"},"content":{"rendered":"<p>Le site <strong>\u00dcLKA M\u00e8che \u00e0 clou en carbure T\u00eate verte (C615-C)<\/strong> est un <strong>m\u00e8che \u00e0 limer professionnelle en carbure de haute performance<\/strong> con\u00e7u pour <strong>une \u00e9limination rapide, puissante et pr\u00e9cise<\/strong> de produits pour ongles artificiels \u00e9pais. Dot\u00e9 d'un <strong>forme de c\u00f4ne<\/strong>, <strong>gros grain t\u00eate verte<\/strong>, <strong>Diam\u00e8tre de 6,0 mm<\/strong>, et un <strong>15 mm partie active<\/strong>, Cette m\u00e8che est id\u00e9ale pour les proth\u00e9sistes ongulaires exp\u00e9riment\u00e9es qui ont besoin d'un maximum d'efficacit\u00e9 et de contr\u00f4le dans les salons de coiffure tr\u00e8s fr\u00e9quent\u00e9s.<\/p>\n\n\n\n<hr class=\"wp-block-separator has-alpha-channel-opacity\"\/>\n\n\n\n<h2 class=\"wp-block-heading\">Sp\u00e9cifications des produits<\/h2>\n\n\n\n<ul class=\"wp-block-list\">\n<li><strong>Marque :<\/strong> \u00dcLKA<\/li>\n\n\n\n<li><strong>Mod\u00e8le :<\/strong> C615-C<\/li>\n\n\n\n<li><strong>Forme :<\/strong> C\u00f4ne<\/li>\n\n\n\n<li><strong>Mat\u00e9riau :<\/strong> Carbure de premi\u00e8re qualit\u00e9<\/li>\n\n\n\n<li><strong>Niveau de granulom\u00e9trie :<\/strong> Grossi\u00e8re (t\u00eate verte)<\/li>\n\n\n\n<li><strong>Diam\u00e8tre de la t\u00eate :<\/strong> 6,0 mm<\/li>\n\n\n\n<li><strong>Longueur de la pi\u00e8ce de travail :<\/strong> 15 mm<\/li>\n\n\n\n<li><strong>Niveau d'utilisation :<\/strong> Professionnel \/ Avanc\u00e9<\/li>\n<\/ul>\n\n\n\n<hr class=\"wp-block-separator has-alpha-channel-opacity\"\/>\n\n\n\n<h2 class=\"wp-block-heading\">Performances et avantages<\/h2>\n\n\n\n<h3 class=\"wp-block-heading\">Gros grain - T\u00eate verte<\/h3>\n\n\n\n<p>Le site <strong>bande verte gros grains<\/strong> est con\u00e7u pour <strong>\u00e9limination rapide et agressive des produits<\/strong>, Il est donc id\u00e9al pour :<\/p>\n\n\n\n<ul class=\"wp-block-list\">\n<li>Acrylique \u00e9pais<\/li>\n\n\n\n<li>Gel dur<\/li>\n\n\n\n<li>Polygel \/ acrygel<\/li>\n\n\n\n<li>Accumulation importante de produits<\/li>\n<\/ul>\n\n\n\n<p>Ce grain r\u00e9duit consid\u00e9rablement le temps d'entretien tout en maintenant la stabilit\u00e9 et le contr\u00f4le lorsqu'il est utilis\u00e9 par des professionnels qualifi\u00e9s.<\/p>\n\n\n\n<h3 class=\"wp-block-heading\">Forme conique pour une pr\u00e9cision cibl\u00e9e<\/h3>\n\n\n\n<p>Le site <strong>conception en forme de c\u00f4ne<\/strong> permet aux techniciens de travailler avec pr\u00e9cision dans des domaines aussi bien g\u00e9n\u00e9raux que d\u00e9taill\u00e9s. Il est particuli\u00e8rement efficace pour :<\/p>\n\n\n\n<ul class=\"wp-block-list\">\n<li>D\u00e9bullage contr\u00f4l\u00e9 des rehaussements<\/li>\n\n\n\n<li>Affiner l'\u00e9paisseur et la structure de l'ongle<\/li>\n\n\n\n<li>Travailler pr\u00e8s des cuticules et des parois lat\u00e9rales<\/li>\n\n\n\n<li>\u00c9limination du produit en vrac sans colmatage<\/li>\n<\/ul>\n\n\n\n<h3 class=\"wp-block-heading\">Construction en carbure de premi\u00e8re qualit\u00e9<\/h3>\n\n\n\n<p>Fabriqu\u00e9 \u00e0 partir de <strong>carbure de haute qualit\u00e9<\/strong>, ce tr\u00e9pan est \u00e0 la hauteur :<\/p>\n\n\n\n<ul class=\"wp-block-list\">\n<li>Durabilit\u00e9 et r\u00e9sistance \u00e0 l'usure exceptionnelles<\/li>\n\n\n\n<li>Un tranchant durable<\/li>\n\n\n\n<li>Une performance de coupe r\u00e9guli\u00e8re et sans \u00e0-coups<\/li>\n\n\n\n<li>R\u00e9duction des vibrations et de l'accumulation de chaleur<\/li>\n<\/ul>\n\n\n\n<p>Con\u00e7u pour r\u00e9sister \u00e0 une utilisation quotidienne intensive en salon.<\/p>\n\n\n\n<hr class=\"wp-block-separator has-alpha-channel-opacity\"\/>\n\n\n\n<h2 class=\"wp-block-heading\">Utilisations recommand\u00e9es<\/h2>\n\n\n\n<ul class=\"wp-block-list\">\n<li>Retrait rapide de l'acrylique et du gel dur<\/li>\n\n\n\n<li>D\u00e9bullage important lors des recharges ou des corrections<\/li>\n\n\n\n<li>Services professionnels de mise en valeur des ongles<\/li>\n\n\n\n<li>Soins avanc\u00e9s de manucure et de p\u00e9dicure<\/li>\n<\/ul>\n\n\n\n<p>\u26a0\ufe0f <em>Recommand\u00e9 pour les professionnels de l'ongle form\u00e9s uniquement. Ne convient pas \u00e0 une utilisation sur des ongles naturels sans une technique appropri\u00e9e.<\/em><\/p>\n\n\n\n<hr class=\"wp-block-separator has-alpha-channel-opacity\"\/>\n\n\n\n<h2 class=\"wp-block-heading\">Compatibilit\u00e9 et hygi\u00e8ne<\/h2>\n\n\n\n<ul class=\"wp-block-list\">\n<li>Compatible avec <strong>machines \u00e0 percer les ongles professionnelles standard \u00e0 l'aide d'une lime \u00e9lectronique<\/strong><\/li>\n\n\n\n<li>Peut \u00eatre <strong>nettoy\u00e9, d\u00e9sinfect\u00e9 et st\u00e9rilis\u00e9<\/strong> selon les normes d'hygi\u00e8ne du salon<\/li>\n\n\n\n<li>Convient pour un usage professionnel r\u00e9p\u00e9t\u00e9<\/li>\n<\/ul>\n\n\n\n<hr class=\"wp-block-separator has-alpha-channel-opacity\"\/>\n\n\n\n<h2 class=\"wp-block-heading\">Pourquoi choisir les forets \u00e0 clous en carbure \u00dcLKA ?<\/h2>\n\n\n\n<p>\u00dcLKA est reconnue internationalement pour ses \u00e9quipements de clouterie de pr\u00e9cision. Les <strong>M\u00e8che conique en carbure C615-C<\/strong> offre puissance, durabilit\u00e9 et pr\u00e9cision, ce qui en fait un outil essentiel pour les professionnels de l'ongle de haut niveau qui exigent des r\u00e9sultats fiables.<\/p>\n\n\n\n<figure class=\"wp-block-embed is-type-video is-provider-youtube wp-block-embed-youtube wp-embed-aspect-9-16 wp-has-aspect-ratio\"><div class=\"wp-block-embed__wrapper\">\n<div class=\"video-container\"><div class=\"lyte-wrapper fourthree\" title=\"Top \u00dcLKA Nail Bits You Need in Your Kit | Vid\u00e9o de d\u00e9monstration\" style=\"width:480px;max-width:100%;margin:5px;\"><div class=\"lyMe hidef\" id=\"WYL_mjdyy4IjeF4\" itemprop=\"video\" itemscope itemtype=\"https:\/\/schema.org\/VideoObject\"><div><meta itemprop=\"thumbnailUrl\" content=\"https:\/\/i.ytimg.com\/vi\/mjdyy4IjeF4\/maxresdefault.jpg\" \/><meta itemprop=\"embedURL\" content=\"https:\/\/www.youtube.com\/embed\/mjdyy4IjeF4\" \/><meta itemprop=\"duration\" content=\"PT27S\" \/><meta itemprop=\"uploadDate\" content=\"2025-12-12T16:05:34Z\" \/><\/div><div id=\"lyte_mjdyy4IjeF4\" data-src=\"https:\/\/i.ytimg.com\/vi\/mjdyy4IjeF4\/maxresdefault.jpg\" class=\"pL\"><div class=\"tC\"><div class=\"tT\" itemprop=\"name\">Top \u00dcLKA Nail Bits You Need in Your Kit | Vid\u00e9o de d\u00e9monstration<\/div><\/div><div class=\"play\"><\/div><div class=\"ctrl\"><div class=\"Lctrl\"><\/div><div class=\"Rctrl\"><\/div><\/div><\/div><noscript><a href=\"https:\/\/youtu.be\/mjdyy4IjeF4\" rel=\"nofollow noopener\" target=\"_blank\"><img data-recalc-dims=\"1\" loading=\"lazy\" decoding=\"async\" src=\"https:\/\/i0.wp.com\/i.ytimg.com\/vi\/mjdyy4IjeF4\/0.jpg?resize=480%2C340&#038;ssl=1\" alt=\"Top \u00dcLKA Nail Bits You Need in Your Kit | Vid\u00e9o de d\u00e9monstration\" width=\"480\" height=\"340\" title=\"\"><br \/>Voir cette vid\u00e9o sur YouTube<\/a><\/noscript><meta itemprop=\"description\" content=\"Crafted for perfection. Designed for precision. Discover the difference that expertly engineered \u00dcLKA nail drill bits make \u2014 smoother prep, cleaner shaping, and flawless results every time. Because your work deserves tools that work as hard as you do. \ud83d\udc8e\u2728 #ULKA #NailTechTools #ProfessionalQuality #short\"><\/div><\/div><div class=\"lL\" style=\"max-width:100%;width:480px;margin:5px;\"><\/div><\/div>\n<\/div><\/figure>","protected":false},"excerpt":{"rendered":"<p>L'embout \u201cCone\u201d en carbure \u00dcLKA avec marquage vert est destin\u00e9 aux travaux intensifs en salon. Il permet de retirer rapidement les mat\u00e9riaux durables tels que les gels et les acryliques, tout en maintenant la stabilit\u00e9 et le contr\u00f4le tout au long du processus.<\/p>\n<p>Sp\u00e9cifications du produit :<\/p>\n<ul>\n<li>Forme : C\u00f4ne<\/li>\n<li>Grain : Grossier<\/li>\n<li>Diam\u00e8tre de la t\u00eate : 6,0 mm<\/li>\n<li>Longueur de la t\u00eate : 15 mm<\/li>\n<li>Mat\u00e9riau : Carbure de tungst\u00e8ne de haute qualit\u00e9 (HRA 95%)<\/li>\n<li>Couleur du grain : vert<\/li>\n<li>Code produit : C615-C<\/li>\n<\/ul>","protected":false},"featured_media":43956,"comment_status":"open","ping_status":"closed","template":"","meta":{"jetpack_post_was_ever_published":false,"jetpack_publicize_message":"","jetpack_publicize_feature_enabled":true,"jetpack_social_post_already_shared":true,"jetpack_social_options":{"image_generator_settings":{"template":"highway","default_image_id":0,"font":"","enabled":false},"version":2}},"product_brand":[893],"product_cat":[948],"product_tag":[603],"class_list":{"0":"post-43004","1":"product","2":"type-product","3":"status-publish","4":"has-post-thumbnail","6":"product_brand-ulka","7":"product_cat-ulka-drill-bits","8":"product_tag-carbide-drill-bits","10":"first","11":"instock","12":"taxable","13":"shipping-taxable","14":"purchasable","15":"product-type-simple"},"jetpack_publicize_connections":[],"jetpack-related-posts":[{"id":43002,"url":"https:\/\/victoriavynn.ca\/fr\/product\/ulka-carbide-cone-bit-blue-6mm-c615-m\/","url_meta":{"origin":43004,"position":0},"title":"\u00dcLKA M\u00e8che \u00e0 clou carbure c\u00f4ne bleu diam\u00e8tre t\u00eate 6.0 mm \/ partie travaillante 15 mm (C615-M)","author":"Serge Sahakian","date":"D\u00e9cembre 10, 2025","format":false,"excerpt":"L'embout \u00dcLKA en carbure \u201cCone\u201d avec marquage bleu est con\u00e7u pour nettoyer les parois lat\u00e9rales, enlever les rev\u00eatements et travailler sur diff\u00e9rentes zones de l'ongle. Sa forme conique offre pr\u00e9cision et acc\u00e8s, tandis que le grain moyen assure l'efficacit\u00e9 et le confort du client. Sp\u00e9cifications du produit : Forme : C\u00f4ne Grain : Grosseur de la t\u00eate : 6.0 mm Diam\u00e8tre de la...","rel":"","context":"Similar post","block_context":{"text":"Similar post","link":""},"img":{"alt_text":"U\u0308LKA Carbide nail drill bit cone blue head diameter 6.0 mm : working part 15 mm (C615-M)","src":"https:\/\/i0.wp.com\/victoriavynn.ca\/wp-content\/uploads\/2025\/12\/ulka-carbide-nail-drill-bit-cone-blue-head-diameter-6.0-mm-working-part-15-mm-c615-m-.webp?fit=750%2C1000&ssl=1&resize=350%2C200","width":350,"height":200,"srcset":"https:\/\/i0.wp.com\/victoriavynn.ca\/wp-content\/uploads\/2025\/12\/ulka-carbide-nail-drill-bit-cone-blue-head-diameter-6.0-mm-working-part-15-mm-c615-m-.webp?fit=750%2C1000&ssl=1&resize=350%2C200 1x, https:\/\/i0.wp.com\/victoriavynn.ca\/wp-content\/uploads\/2025\/12\/ulka-carbide-nail-drill-bit-cone-blue-head-diameter-6.0-mm-working-part-15-mm-c615-m-.webp?fit=750%2C1000&ssl=1&resize=525%2C300 1.5x, https:\/\/i0.wp.com\/victoriavynn.ca\/wp-content\/uploads\/2025\/12\/ulka-carbide-nail-drill-bit-cone-blue-head-diameter-6.0-mm-working-part-15-mm-c615-m-.webp?fit=750%2C1000&ssl=1&resize=700%2C400 2x"},"classes":[]},{"id":43000,"url":"https:\/\/victoriavynn.ca\/fr\/product\/ulka-carbide-corn-bit-green-5mm-c513-c\/","url_meta":{"origin":43004,"position":1},"title":"\u00dcLKA M\u00e8che \u00e0 clous en carbure de ma\u00efs t\u00eate verte diam\u00e8tre 5.0 mm \/ partie travaillante 13 mm (C513-C)","author":"Serge Sahakian","date":"D\u00e9cembre 10, 2025","format":false,"excerpt":"L'embout \u00dcLKA en carbure \u201cCorn\u201d avec marquage vert est con\u00e7u pour les travaux lourds. Il permet de travailler facilement avec du gel-polish dense, de l'acrylique et des mat\u00e9riaux de modelage. Parfait lorsque la vitesse et la puissance sont la priorit\u00e9. Sp\u00e9cifications du produit : Forme : Ma\u00efs Grain : Grossi\u00e8re Diam\u00e8tre de la t\u00eate : 5,0 mm Longueur de la t\u00eate : 13 mm Mat\u00e9riau : Carbure de tungst\u00e8ne de haute qualit\u00e9 (HRA) : Carbure de tungst\u00e8ne de haute qualit\u00e9 (HRA...","rel":"","context":"Similar post","block_context":{"text":"Similar post","link":""},"img":{"alt_text":"U\u0308LKA Carbide nail drill bit corn green head diameter 5.0 mm : working part 13 mm (C513-C)","src":"https:\/\/i0.wp.com\/victoriavynn.ca\/wp-content\/uploads\/2025\/12\/ulka-carbide-nail-drill-bit-corn-green-head-diameter-5.0-mm-working-part-13-mm-c513-c-.webp?fit=750%2C1000&ssl=1&resize=350%2C200","width":350,"height":200,"srcset":"https:\/\/i0.wp.com\/victoriavynn.ca\/wp-content\/uploads\/2025\/12\/ulka-carbide-nail-drill-bit-corn-green-head-diameter-5.0-mm-working-part-13-mm-c513-c-.webp?fit=750%2C1000&ssl=1&resize=350%2C200 1x, https:\/\/i0.wp.com\/victoriavynn.ca\/wp-content\/uploads\/2025\/12\/ulka-carbide-nail-drill-bit-corn-green-head-diameter-5.0-mm-working-part-13-mm-c513-c-.webp?fit=750%2C1000&ssl=1&resize=525%2C300 1.5x, https:\/\/i0.wp.com\/victoriavynn.ca\/wp-content\/uploads\/2025\/12\/ulka-carbide-nail-drill-bit-corn-green-head-diameter-5.0-mm-working-part-13-mm-c513-c-.webp?fit=750%2C1000&ssl=1&resize=700%2C400 2x"},"classes":[]},{"id":42998,"url":"https:\/\/victoriavynn.ca\/fr\/product\/ulka-carbide-corn-bit-blue-5mm-c513-m\/","url_meta":{"origin":43004,"position":2},"title":"\u00dcLKA M\u00e8che \u00e0 clous en carbure de ma\u00efs bleu diam\u00e8tre de la t\u00eate 5,0 mm \/ partie travaillante 13 mm (C513-M)","author":"Serge Sahakian","date":"D\u00e9cembre 10, 2025","format":false,"excerpt":"La m\u00e8che \u00dcLKA en carbure \u201cCorn\u201d est con\u00e7ue pour un travail stable et contr\u00f4l\u00e9. Sa forme droite assure un limage en douceur sans pression excessive, tandis que le grain moyen permet d'enlever rapidement et confortablement les rev\u00eatements. Il s'agit d'un outil id\u00e9al pour une utilisation r\u00e9guli\u00e8re en salon, o\u00f9 l'efficacit\u00e9 et le confort du client sont tout aussi importants. Produit...","rel":"","context":"Similar post","block_context":{"text":"Similar post","link":""},"img":{"alt_text":"U\u0308LKA Carbide nail drill bit corn blue head diameter 5.0 mm : working part 13 mm (C513-M)","src":"https:\/\/i0.wp.com\/victoriavynn.ca\/wp-content\/uploads\/2025\/12\/ulka-carbide-nail-drill-bit-corn-blue-head-diameter-5.0-mm-working-part-13-mm-c513-m.webp?fit=750%2C1000&ssl=1&resize=350%2C200","width":350,"height":200,"srcset":"https:\/\/i0.wp.com\/victoriavynn.ca\/wp-content\/uploads\/2025\/12\/ulka-carbide-nail-drill-bit-corn-blue-head-diameter-5.0-mm-working-part-13-mm-c513-m.webp?fit=750%2C1000&ssl=1&resize=350%2C200 1x, https:\/\/i0.wp.com\/victoriavynn.ca\/wp-content\/uploads\/2025\/12\/ulka-carbide-nail-drill-bit-corn-blue-head-diameter-5.0-mm-working-part-13-mm-c513-m.webp?fit=750%2C1000&ssl=1&resize=525%2C300 1.5x, https:\/\/i0.wp.com\/victoriavynn.ca\/wp-content\/uploads\/2025\/12\/ulka-carbide-nail-drill-bit-corn-blue-head-diameter-5.0-mm-working-part-13-mm-c513-m.webp?fit=750%2C1000&ssl=1&resize=700%2C400 2x"},"classes":[]},{"id":43008,"url":"https:\/\/victoriavynn.ca\/fr\/product\/ulka-carbide-needle-bit-blue-2-3mm-c2315-m\/","url_meta":{"origin":43004,"position":3},"title":"\u00dcLKA M\u00e8che \u00e0 clou en carbure aiguille bleu diam\u00e8tre t\u00eate 2.3 mm \/ partie travaillante 15 mm (C2315-M)","author":"Serge Sahakian","date":"D\u00e9cembre 10, 2025","format":false,"excerpt":"L'embout \u201caiguille\u201d en carbure \u00dcLKA est con\u00e7u pour une pr\u00e9cision maximale. Sa forme allong\u00e9e est pratique pour nettoyer les parois lat\u00e9rales et affiner les d\u00e9collements apr\u00e8s polym\u00e9risation. Gr\u00e2ce \u00e0 sa pointe arrondie, il travaille en douceur et en toute s\u00e9curit\u00e9 sans endommager la plaque de l'ongle, m\u00eame dans les zones sensibles. Le grain moyen en fait un outil universel...","rel":"","context":"Similar post","block_context":{"text":"Similar post","link":""},"img":{"alt_text":"U\u0308LKA Carbide nail drill bit needle blue head diameter 2,3 mm : working part 15 mm","src":"https:\/\/i0.wp.com\/victoriavynn.ca\/wp-content\/uploads\/2025\/12\/ulka-carbide-nail-drill-bit-needle-blue-head-diameter-23-mm-working-part-15-mm-.webp?fit=750%2C1000&ssl=1&resize=350%2C200","width":350,"height":200,"srcset":"https:\/\/i0.wp.com\/victoriavynn.ca\/wp-content\/uploads\/2025\/12\/ulka-carbide-nail-drill-bit-needle-blue-head-diameter-23-mm-working-part-15-mm-.webp?fit=750%2C1000&ssl=1&resize=350%2C200 1x, https:\/\/i0.wp.com\/victoriavynn.ca\/wp-content\/uploads\/2025\/12\/ulka-carbide-nail-drill-bit-needle-blue-head-diameter-23-mm-working-part-15-mm-.webp?fit=750%2C1000&ssl=1&resize=525%2C300 1.5x, https:\/\/i0.wp.com\/victoriavynn.ca\/wp-content\/uploads\/2025\/12\/ulka-carbide-nail-drill-bit-needle-blue-head-diameter-23-mm-working-part-15-mm-.webp?fit=750%2C1000&ssl=1&resize=700%2C400 2x"},"classes":[]},{"id":43006,"url":"https:\/\/victoriavynn.ca\/fr\/product\/ulka-carbide-nail-drill-bit-needle-blue-head-diameter-2-3-mm-working-part-14-mm-c2314-m-2\/","url_meta":{"origin":43004,"position":4},"title":"\u00dcLKA M\u00e8che \u00e0 clou en carbure aiguille bleu diam\u00e8tre t\u00eate 2.3 mm \/ partie travaillante 14 mm (C2314-M)","author":"Serge Sahakian","date":"D\u00e9cembre 10, 2025","format":false,"excerpt":"L'aiguille en carbure \u00dcLKA avec une partie travaillante de 14 mm est con\u00e7ue pour un nettoyage d\u00e9taill\u00e9 et pr\u00e9cis des parois lat\u00e9rales et des d\u00e9collements apr\u00e8s la polym\u00e9risation. Gr\u00e2ce \u00e0 sa forme allong\u00e9e et \u00e0 sa pointe arrondie, il travaille en douceur et en toute s\u00e9curit\u00e9 sans endommager la plaque de l'ongle. Le grain moyen permet de travailler...","rel":"","context":"Similar post","block_context":{"text":"Similar post","link":""},"img":{"alt_text":"U\u0308LKA Carbide nail drill bit needle blue head diameter 2.3 mm : working part 14 mm (C2314-M)","src":"https:\/\/i0.wp.com\/victoriavynn.ca\/wp-content\/uploads\/2025\/12\/ulka-carbide-nail-drill-bit-needle-blue-head-diameter-2.3-mm-working-part-14-mm-c2314-m-1.webp?fit=750%2C1000&ssl=1&resize=350%2C200","width":350,"height":200,"srcset":"https:\/\/i0.wp.com\/victoriavynn.ca\/wp-content\/uploads\/2025\/12\/ulka-carbide-nail-drill-bit-needle-blue-head-diameter-2.3-mm-working-part-14-mm-c2314-m-1.webp?fit=750%2C1000&ssl=1&resize=350%2C200 1x, https:\/\/i0.wp.com\/victoriavynn.ca\/wp-content\/uploads\/2025\/12\/ulka-carbide-nail-drill-bit-needle-blue-head-diameter-2.3-mm-working-part-14-mm-c2314-m-1.webp?fit=750%2C1000&ssl=1&resize=525%2C300 1.5x, https:\/\/i0.wp.com\/victoriavynn.ca\/wp-content\/uploads\/2025\/12\/ulka-carbide-nail-drill-bit-needle-blue-head-diameter-2.3-mm-working-part-14-mm-c2314-m-1.webp?fit=750%2C1000&ssl=1&resize=700%2C400 2x"},"classes":[]},{"id":42996,"url":"https:\/\/victoriavynn.ca\/fr\/product\/ulka-carbide-nail-drill-bit-corn-red-head-diameter-5-0-mm-working-part-13-mm-c513-f-2\/","url_meta":{"origin":43004,"position":5},"title":"\u00dcLKA M\u00e8che \u00e0 clous en carbure de ma\u00efs t\u00eate rouge diam\u00e8tre 5.0 mm \/ partie travaillante 13 mm (C513-F)","author":"Serge Sahakian","date":"D\u00e9cembre 10, 2025","format":false,"excerpt":"L'embout \u00dcLKA en carbure \u201cCorn\u201d avec marquage rouge est destin\u00e9 aux travaux d\u00e9licats. Il permet de retirer en toute s\u00e9curit\u00e9 et en douceur les couches minces, les couches de base et les gels mous sans causer d'inconfort. Un choix pratique pour les clientes aux ongles fragiles. Sp\u00e9cifications du produit : Forme : Ma\u00efs Grain : Diam\u00e8tre de la t\u00eate : 5.0 mm Longueur de la t\u00eate :...","rel":"","context":"Similar post","block_context":{"text":"Similar post","link":""},"img":{"alt_text":"U\u0308LKA Carbide nail drill bit corn red head diameter 5.0 mm : working part 13 mm (C513-F)","src":"https:\/\/i0.wp.com\/victoriavynn.ca\/wp-content\/uploads\/2025\/12\/ulka-carbide-nail-drill-bit-corn-red-head-diameter-5.0-mm-working-part-13-mm-c513-f-.webp?fit=750%2C1000&ssl=1&resize=350%2C200","width":350,"height":200,"srcset":"https:\/\/i0.wp.com\/victoriavynn.ca\/wp-content\/uploads\/2025\/12\/ulka-carbide-nail-drill-bit-corn-red-head-diameter-5.0-mm-working-part-13-mm-c513-f-.webp?fit=750%2C1000&ssl=1&resize=350%2C200 1x, https:\/\/i0.wp.com\/victoriavynn.ca\/wp-content\/uploads\/2025\/12\/ulka-carbide-nail-drill-bit-corn-red-head-diameter-5.0-mm-working-part-13-mm-c513-f-.webp?fit=750%2C1000&ssl=1&resize=525%2C300 1.5x, https:\/\/i0.wp.com\/victoriavynn.ca\/wp-content\/uploads\/2025\/12\/ulka-carbide-nail-drill-bit-corn-red-head-diameter-5.0-mm-working-part-13-mm-c513-f-.webp?fit=750%2C1000&ssl=1&resize=700%2C400 2x"},"classes":[]}],"jetpack_sharing_enabled":true,"_links":{"self":[{"href":"https:\/\/victoriavynn.ca\/fr\/wp-json\/wp\/v2\/product\/43004","targetHints":{"allow":["GET"]}}],"collection":[{"href":"https:\/\/victoriavynn.ca\/fr\/wp-json\/wp\/v2\/product"}],"about":[{"href":"https:\/\/victoriavynn.ca\/fr\/wp-json\/wp\/v2\/types\/product"}],"replies":[{"embeddable":true,"href":"https:\/\/victoriavynn.ca\/fr\/wp-json\/wp\/v2\/comments?post=43004"}],"wp:featuredmedia":[{"embeddable":true,"href":"https:\/\/victoriavynn.ca\/fr\/wp-json\/wp\/v2\/media\/43956"}],"wp:attachment":[{"href":"https:\/\/victoriavynn.ca\/fr\/wp-json\/wp\/v2\/media?parent=43004"}],"wp:term":[{"taxonomy":"product_brand","embeddable":true,"href":"https:\/\/victoriavynn.ca\/fr\/wp-json\/wp\/v2\/product_brand?post=43004"},{"taxonomy":"product_cat","embeddable":true,"href":"https:\/\/victoriavynn.ca\/fr\/wp-json\/wp\/v2\/product_cat?post=43004"},{"taxonomy":"product_tag","embeddable":true,"href":"https:\/\/victoriavynn.ca\/fr\/wp-json\/wp\/v2\/product_tag?post=43004"}],"curies":[{"name":"wp","href":"https:\/\/api.w.org\/{rel}","templated":true}]}}