{"id":43006,"date":"2025-12-10T14:11:40","date_gmt":"2025-12-10T19:11:40","guid":{"rendered":"https:\/\/victoriavynn.ca\/product\/ulka-carbide-nail-drill-bit-needle-blue-head-diameter-2-3-mm-working-part-14-mm-c2314-m-2\/"},"modified":"2026-02-13T18:31:25","modified_gmt":"2026-02-13T23:31:25","slug":"ulka-carbure-foret-a-clou-aiguille-bleu-diametre-2-3-mm-partie-active-14-mm-c2314-m-2","status":"publish","type":"product","link":"https:\/\/victoriavynn.ca\/fr\/product\/ulka-carbide-nail-drill-bit-needle-blue-head-diameter-2-3-mm-working-part-14-mm-c2314-m-2\/","title":{"rendered":"\u00dcLKA M\u00e8che \u00e0 clou en carbure aiguille bleu diam\u00e8tre t\u00eate 2.3 mm \/ partie travaillante 14 mm (C2314-M)"},"content":{"rendered":"<p>Le site <strong>\u00dcLKA Carbide Nail Drill Bit Needle Blue Head (C2314-M)<\/strong> est un <strong>m\u00e8che \u00e0 limer en carbure de pr\u00e9cision de qualit\u00e9 professionnelle<\/strong> con\u00e7u pour <strong>travail d\u00e9taill\u00e9, contr\u00f4l\u00e9 et pr\u00e9cis sur les ongles<\/strong>. Avec son <strong>forme de l'aiguille<\/strong>, <strong>grain moyen t\u00eate bleue<\/strong>, <strong>Diam\u00e8tre de 2,3 mm<\/strong>et <strong>14 mm partie active<\/strong>, Cet embout est id\u00e9al pour les proth\u00e9sistes ongulaires qui ont besoin d'un maximum de pr\u00e9cision pour travailler dans des endroits \u00e9troits et d\u00e9licats.<\/p><hr class=\"wp-block-separator has-alpha-channel-opacity\"\/><h2 class=\"wp-block-heading\">Sp\u00e9cifications des produits<\/h2><ul class=\"wp-block-list\"><li><strong>Marque :<\/strong> \u00dcLKA<\/li>\n\n<li><strong>Mod\u00e8le :<\/strong> C2314-M<\/li>\n\n<li><strong>Forme :<\/strong> Aiguille<\/li>\n\n<li><strong>Mat\u00e9riau :<\/strong> Carbure de premi\u00e8re qualit\u00e9<\/li>\n\n<li><strong>Niveau de granulom\u00e9trie :<\/strong> Moyen (t\u00eate bleue)<\/li>\n\n<li><strong>Diam\u00e8tre de la t\u00eate :<\/strong> 2,3 mm<\/li>\n\n<li><strong>Longueur de la pi\u00e8ce de travail :<\/strong> 14 mm<\/li>\n\n<li><strong>Niveau d'utilisation :<\/strong> Professionnel<\/li><\/ul><hr class=\"wp-block-separator has-alpha-channel-opacity\"\/><h2 class=\"wp-block-heading\">Performances et avantages<\/h2><h3 class=\"wp-block-heading\">Grain moyen - T\u00eate bleue<\/h3><p>Le site <strong>bande bleue grain moyen<\/strong> offre un \u00e9quilibre parfait entre efficacit\u00e9 et contr\u00f4le. Il permet de retirer le produit en douceur tout en minimisant l'accumulation de chaleur et les vibrations, ce qui le rend adapt\u00e9 \u00e0 une utilisation professionnelle fr\u00e9quente.<\/p><h3 class=\"wp-block-heading\">Forme d'aiguille pour des d\u00e9tails pr\u00e9cis<\/h3><p>Le site <strong>design en forme d'aiguille<\/strong> est id\u00e9al pour les travaux d'ongles complexes, permettant aux techniciennes de :<\/p><ul class=\"wp-block-list\"><li>Nettoyer avec pr\u00e9cision les parois lat\u00e9rales et les zones de cuticules<\/li>\n\n<li>Enlever le gel, l'acrylique ou le polygel soulev\u00e9<\/li>\n\n<li>Effectuer une correction et un affinage d\u00e9taill\u00e9s<\/li>\n\n<li>Travailler en toute s\u00e9curit\u00e9 dans des zones \u00e9troites et sensibles<\/li><\/ul><p>Son profil mince assure une excellente visibilit\u00e9 et un contr\u00f4le sup\u00e9rieur lors des services avanc\u00e9s.<\/p><h3 class=\"wp-block-heading\">Construction en carbure de premi\u00e8re qualit\u00e9<\/h3><p>Fabriqu\u00e9 en <strong>carbure de haute qualit\u00e9<\/strong>, ce foret \u00e0 clous est \u00e0 la hauteur :<\/p><ul class=\"wp-block-list\"><li>Un tranchant durable<\/li>\n\n<li>Performances de coupe constantes<\/li>\n\n<li>Haute r\u00e9sistance \u00e0 l'usure<\/li>\n\n<li>R\u00e9duction des vibrations pour un fonctionnement plus souple<\/li><\/ul><p>Con\u00e7u pour r\u00e9pondre aux exigences des salons professionnels tr\u00e8s fr\u00e9quent\u00e9s.<\/p><hr class=\"wp-block-separator has-alpha-channel-opacity\"\/><h2 class=\"wp-block-heading\">Utilisations recommand\u00e9es<\/h2><ul class=\"wp-block-list\"><li>Retrait pr\u00e9cis du gel, de l'acrylique et du polygel<\/li>\n\n<li>Nettoyage sous la cuticule et le long des parois lat\u00e9rales<\/li>\n\n<li>Affiner la structure et les bords de l'ongle<\/li>\n\n<li>Manucure et p\u00e9dicure professionnels<\/li><\/ul><p>\u26a0\ufe0f <em>Recommand\u00e9 pour les professionnels de l'ongle form\u00e9s. N'est pas destin\u00e9 \u00e0 l'\u00e9limination de produits en vrac.<\/em><\/p><hr class=\"wp-block-separator has-alpha-channel-opacity\"\/><h2 class=\"wp-block-heading\">Compatibilit\u00e9 et hygi\u00e8ne<\/h2><ul class=\"wp-block-list\"><li>Compatible avec <strong>machines \u00e0 percer les ongles professionnelles standard \u00e0 l'aide d'une lime \u00e9lectronique<\/strong><\/li>\n\n<li>Peut \u00eatre <strong>nettoy\u00e9, d\u00e9sinfect\u00e9 et st\u00e9rilis\u00e9<\/strong> selon les normes d'hygi\u00e8ne du salon<\/li>\n\n<li>Convient pour un usage professionnel r\u00e9p\u00e9t\u00e9<\/li><\/ul><hr class=\"wp-block-separator has-alpha-channel-opacity\"\/><h2 class=\"wp-block-heading\">Pourquoi choisir les forets \u00e0 clous en carbure \u00dcLKA ?<\/h2><p>\u00dcLKA est reconnue internationalement pour ses \u00e9quipements de clouterie de pr\u00e9cision. Les <strong>M\u00e8che en carbure \u00e0 aiguille C2314-M<\/strong> refl\u00e8te l'engagement d'\u00dcLKA en faveur de la qualit\u00e9, de la pr\u00e9cision et de la performance professionnelle.<\/p><figure class=\"wp-block-embed is-type-video is-provider-youtube wp-block-embed-youtube wp-embed-aspect-9-16 wp-has-aspect-ratio\"><div class=\"wp-block-embed__wrapper\">\n<div class=\"video-container\"><div class=\"lyte-wrapper fourthree\" title=\"Top \u00dcLKA Nail Bits You Need in Your Kit | Vid\u00e9o de d\u00e9monstration\" style=\"width:480px;max-width:100%;margin:5px;\"><div class=\"lyMe hidef\" id=\"WYL_mjdyy4IjeF4\" itemprop=\"video\" itemscope itemtype=\"https:\/\/schema.org\/VideoObject\"><div><meta itemprop=\"thumbnailUrl\" content=\"https:\/\/i.ytimg.com\/vi\/mjdyy4IjeF4\/maxresdefault.jpg\" \/><meta itemprop=\"embedURL\" content=\"https:\/\/www.youtube.com\/embed\/mjdyy4IjeF4\" \/><meta itemprop=\"duration\" content=\"PT27S\" \/><meta itemprop=\"uploadDate\" content=\"2025-12-12T16:05:34Z\" \/><\/div><div id=\"lyte_mjdyy4IjeF4\" data-src=\"https:\/\/i.ytimg.com\/vi\/mjdyy4IjeF4\/maxresdefault.jpg\" class=\"pL\"><div class=\"tC\"><div class=\"tT\" itemprop=\"name\">Top \u00dcLKA Nail Bits You Need in Your Kit | Vid\u00e9o de d\u00e9monstration<\/div><\/div><div class=\"play\"><\/div><div class=\"ctrl\"><div class=\"Lctrl\"><\/div><div class=\"Rctrl\"><\/div><\/div><\/div><noscript><a href=\"https:\/\/youtu.be\/mjdyy4IjeF4\" rel=\"nofollow noopener\" target=\"_blank\"><img data-recalc-dims=\"1\" loading=\"lazy\" decoding=\"async\" src=\"https:\/\/i0.wp.com\/i.ytimg.com\/vi\/mjdyy4IjeF4\/0.jpg?resize=480%2C340&#038;ssl=1\" alt=\"Top \u00dcLKA Nail Bits You Need in Your Kit | Vid\u00e9o de d\u00e9monstration\" width=\"480\" height=\"340\" title=\"\"><br \/>Voir cette vid\u00e9o sur YouTube<\/a><\/noscript><meta itemprop=\"description\" content=\"Crafted for perfection. Designed for precision. Discover the difference that expertly engineered \u00dcLKA nail drill bits make \u2014 smoother prep, cleaner shaping, and flawless results every time. Because your work deserves tools that work as hard as you do. \ud83d\udc8e\u2728 #ULKA #NailTechTools #ProfessionalQuality #short\"><\/div><\/div><div class=\"lL\" style=\"max-width:100%;width:480px;margin:5px;\"><\/div><\/div>\n<\/div><\/figure>","protected":false},"excerpt":{"rendered":"<p>L'aiguille en carbure \u00dcLKA avec une partie travaillante de 14 mm est con\u00e7ue pour un nettoyage d\u00e9taill\u00e9 et pr\u00e9cis des parois lat\u00e9rales et des d\u00e9collements apr\u00e8s la polym\u00e9risation. Gr\u00e2ce \u00e0 sa forme allong\u00e9e et \u00e0 sa pointe arrondie, il travaille en douceur et en toute s\u00e9curit\u00e9 sans endommager la plaque de l'ongle. Le grain moyen permet une utilisation quotidienne et polyvalente en salon, offrant \u00e0 la fois rapidit\u00e9 et confort \u00e0 la cliente.<\/p>\n<p>Sp\u00e9cifications du produit :<\/p>\n<ul>\n<li>Forme : Aiguille \u00e0 bout pointu<\/li>\n<li>Grain : Moyen<\/li>\n<li>Diam\u00e8tre de la t\u00eate : 2,3 mm<\/li>\n<li>Longueur de la t\u00eate : 14 mm<\/li>\n<li>Mat\u00e9riau : Carbure de tungst\u00e8ne de haute qualit\u00e9 (HRA 95%)<\/li>\n<li>Couleur du grain : bleu<\/li>\n<li>Code produit : C2314-M<\/li>\n<\/ul>","protected":false},"featured_media":43976,"comment_status":"open","ping_status":"closed","template":"","meta":{"jetpack_post_was_ever_published":false,"jetpack_publicize_message":"","jetpack_publicize_feature_enabled":true,"jetpack_social_post_already_shared":true,"jetpack_social_options":{"image_generator_settings":{"template":"highway","default_image_id":0,"font":"","enabled":false},"version":2}},"product_brand":[893],"product_cat":[948],"product_tag":[603],"class_list":{"0":"post-43006","1":"product","2":"type-product","3":"status-publish","4":"has-post-thumbnail","6":"product_brand-ulka","7":"product_cat-ulka-drill-bits","8":"product_tag-carbide-drill-bits","10":"first","11":"instock","12":"taxable","13":"shipping-taxable","14":"purchasable","15":"product-type-simple"},"jetpack_publicize_connections":[],"jetpack-related-posts":[{"id":43008,"url":"https:\/\/victoriavynn.ca\/fr\/product\/ulka-carbide-needle-bit-blue-2-3mm-c2315-m\/","url_meta":{"origin":43006,"position":0},"title":"\u00dcLKA M\u00e8che \u00e0 clou en carbure aiguille bleu diam\u00e8tre t\u00eate 2.3 mm \/ partie travaillante 15 mm (C2315-M)","author":"Serge Sahakian","date":"D\u00e9cembre 10, 2025","format":false,"excerpt":"L'embout \u201caiguille\u201d en carbure \u00dcLKA est con\u00e7u pour une pr\u00e9cision maximale. Sa forme allong\u00e9e est pratique pour nettoyer les parois lat\u00e9rales et affiner les d\u00e9collements apr\u00e8s polym\u00e9risation. Gr\u00e2ce \u00e0 sa pointe arrondie, il travaille en douceur et en toute s\u00e9curit\u00e9 sans endommager la plaque de l'ongle, m\u00eame dans les zones sensibles. Le grain moyen en fait un outil universel...","rel":"","context":"Similar post","block_context":{"text":"Similar post","link":""},"img":{"alt_text":"U\u0308LKA Carbide nail drill bit needle blue head diameter 2,3 mm : working part 15 mm","src":"https:\/\/i0.wp.com\/victoriavynn.ca\/wp-content\/uploads\/2025\/12\/ulka-carbide-nail-drill-bit-needle-blue-head-diameter-23-mm-working-part-15-mm-.webp?fit=750%2C1000&ssl=1&resize=350%2C200","width":350,"height":200,"srcset":"https:\/\/i0.wp.com\/victoriavynn.ca\/wp-content\/uploads\/2025\/12\/ulka-carbide-nail-drill-bit-needle-blue-head-diameter-23-mm-working-part-15-mm-.webp?fit=750%2C1000&ssl=1&resize=350%2C200 1x, https:\/\/i0.wp.com\/victoriavynn.ca\/wp-content\/uploads\/2025\/12\/ulka-carbide-nail-drill-bit-needle-blue-head-diameter-23-mm-working-part-15-mm-.webp?fit=750%2C1000&ssl=1&resize=525%2C300 1.5x, https:\/\/i0.wp.com\/victoriavynn.ca\/wp-content\/uploads\/2025\/12\/ulka-carbide-nail-drill-bit-needle-blue-head-diameter-23-mm-working-part-15-mm-.webp?fit=750%2C1000&ssl=1&resize=700%2C400 2x"},"classes":[]},{"id":43002,"url":"https:\/\/victoriavynn.ca\/fr\/product\/ulka-carbide-cone-bit-blue-6mm-c615-m\/","url_meta":{"origin":43006,"position":1},"title":"\u00dcLKA M\u00e8che \u00e0 clou carbure c\u00f4ne bleu diam\u00e8tre t\u00eate 6.0 mm \/ partie travaillante 15 mm (C615-M)","author":"Serge Sahakian","date":"D\u00e9cembre 10, 2025","format":false,"excerpt":"L'embout \u00dcLKA en carbure \u201cCone\u201d avec marquage bleu est con\u00e7u pour nettoyer les parois lat\u00e9rales, enlever les rev\u00eatements et travailler sur diff\u00e9rentes zones de l'ongle. Sa forme conique offre pr\u00e9cision et acc\u00e8s, tandis que le grain moyen assure l'efficacit\u00e9 et le confort du client. Sp\u00e9cifications du produit : Forme : C\u00f4ne Grain : Grosseur de la t\u00eate : 6.0 mm Diam\u00e8tre de la...","rel":"","context":"Similar post","block_context":{"text":"Similar post","link":""},"img":{"alt_text":"U\u0308LKA Carbide nail drill bit cone blue head diameter 6.0 mm : working part 15 mm (C615-M)","src":"https:\/\/i0.wp.com\/victoriavynn.ca\/wp-content\/uploads\/2025\/12\/ulka-carbide-nail-drill-bit-cone-blue-head-diameter-6.0-mm-working-part-15-mm-c615-m-.webp?fit=750%2C1000&ssl=1&resize=350%2C200","width":350,"height":200,"srcset":"https:\/\/i0.wp.com\/victoriavynn.ca\/wp-content\/uploads\/2025\/12\/ulka-carbide-nail-drill-bit-cone-blue-head-diameter-6.0-mm-working-part-15-mm-c615-m-.webp?fit=750%2C1000&ssl=1&resize=350%2C200 1x, https:\/\/i0.wp.com\/victoriavynn.ca\/wp-content\/uploads\/2025\/12\/ulka-carbide-nail-drill-bit-cone-blue-head-diameter-6.0-mm-working-part-15-mm-c615-m-.webp?fit=750%2C1000&ssl=1&resize=525%2C300 1.5x, https:\/\/i0.wp.com\/victoriavynn.ca\/wp-content\/uploads\/2025\/12\/ulka-carbide-nail-drill-bit-cone-blue-head-diameter-6.0-mm-working-part-15-mm-c615-m-.webp?fit=750%2C1000&ssl=1&resize=700%2C400 2x"},"classes":[]},{"id":42998,"url":"https:\/\/victoriavynn.ca\/fr\/product\/ulka-carbide-corn-bit-blue-5mm-c513-m\/","url_meta":{"origin":43006,"position":2},"title":"\u00dcLKA M\u00e8che \u00e0 clous en carbure de ma\u00efs bleu diam\u00e8tre de la t\u00eate 5,0 mm \/ partie travaillante 13 mm (C513-M)","author":"Serge Sahakian","date":"D\u00e9cembre 10, 2025","format":false,"excerpt":"La m\u00e8che \u00dcLKA en carbure \u201cCorn\u201d est con\u00e7ue pour un travail stable et contr\u00f4l\u00e9. Sa forme droite assure un limage en douceur sans pression excessive, tandis que le grain moyen permet d'enlever rapidement et confortablement les rev\u00eatements. Il s'agit d'un outil id\u00e9al pour une utilisation r\u00e9guli\u00e8re en salon, o\u00f9 l'efficacit\u00e9 et le confort du client sont tout aussi importants. Produit...","rel":"","context":"Similar post","block_context":{"text":"Similar post","link":""},"img":{"alt_text":"U\u0308LKA Carbide nail drill bit corn blue head diameter 5.0 mm : working part 13 mm (C513-M)","src":"https:\/\/i0.wp.com\/victoriavynn.ca\/wp-content\/uploads\/2025\/12\/ulka-carbide-nail-drill-bit-corn-blue-head-diameter-5.0-mm-working-part-13-mm-c513-m.webp?fit=750%2C1000&ssl=1&resize=350%2C200","width":350,"height":200,"srcset":"https:\/\/i0.wp.com\/victoriavynn.ca\/wp-content\/uploads\/2025\/12\/ulka-carbide-nail-drill-bit-corn-blue-head-diameter-5.0-mm-working-part-13-mm-c513-m.webp?fit=750%2C1000&ssl=1&resize=350%2C200 1x, https:\/\/i0.wp.com\/victoriavynn.ca\/wp-content\/uploads\/2025\/12\/ulka-carbide-nail-drill-bit-corn-blue-head-diameter-5.0-mm-working-part-13-mm-c513-m.webp?fit=750%2C1000&ssl=1&resize=525%2C300 1.5x, https:\/\/i0.wp.com\/victoriavynn.ca\/wp-content\/uploads\/2025\/12\/ulka-carbide-nail-drill-bit-corn-blue-head-diameter-5.0-mm-working-part-13-mm-c513-m.webp?fit=750%2C1000&ssl=1&resize=700%2C400 2x"},"classes":[]},{"id":43004,"url":"https:\/\/victoriavynn.ca\/fr\/product\/ulka-carbide-cone-bit-green-6mm-c615-c\/","url_meta":{"origin":43006,"position":3},"title":"\u00dcLKA M\u00e8che \u00e0 clouer en carbure, c\u00f4ne vert t\u00eate diam\u00e8tre 6.0 mm \/ partie travaillante 15 mm (C615-C)","author":"Serge Sahakian","date":"D\u00e9cembre 10, 2025","format":false,"excerpt":"L'embout \u201cCone\u201d en carbure \u00dcLKA avec marquage vert est destin\u00e9 aux travaux intensifs en salon. Il permet de retirer rapidement les mat\u00e9riaux durables tels que les gels et les acryliques, tout en maintenant la stabilit\u00e9 et le contr\u00f4le tout au long du processus. Sp\u00e9cifications du produit : Forme : C\u00f4ne Grain : Grossi\u00e8re Diam\u00e8tre de la t\u00eate : 6,0 mm Longueur de la t\u00eate : 15 mm Mat\u00e9riau : Carbure de tungst\u00e8ne de haute qualit\u00e9 : Carbure de tungst\u00e8ne de haute qualit\u00e9...","rel":"","context":"Similar post","block_context":{"text":"Similar post","link":""},"img":{"alt_text":"U\u0308LKA Carbide nail drill bit cone green head diameter 6.0 mm : working part 15 mm (C615-C)","src":"https:\/\/i0.wp.com\/victoriavynn.ca\/wp-content\/uploads\/2025\/12\/ulka-carbide-nail-drill-bit-cone-green-head-diameter-6.0-mm-working-part-15-mm-c615-c-.webp?fit=750%2C1000&ssl=1&resize=350%2C200","width":350,"height":200,"srcset":"https:\/\/i0.wp.com\/victoriavynn.ca\/wp-content\/uploads\/2025\/12\/ulka-carbide-nail-drill-bit-cone-green-head-diameter-6.0-mm-working-part-15-mm-c615-c-.webp?fit=750%2C1000&ssl=1&resize=350%2C200 1x, https:\/\/i0.wp.com\/victoriavynn.ca\/wp-content\/uploads\/2025\/12\/ulka-carbide-nail-drill-bit-cone-green-head-diameter-6.0-mm-working-part-15-mm-c615-c-.webp?fit=750%2C1000&ssl=1&resize=525%2C300 1.5x, https:\/\/i0.wp.com\/victoriavynn.ca\/wp-content\/uploads\/2025\/12\/ulka-carbide-nail-drill-bit-cone-green-head-diameter-6.0-mm-working-part-15-mm-c615-c-.webp?fit=750%2C1000&ssl=1&resize=700%2C400 2x"},"classes":[]},{"id":43000,"url":"https:\/\/victoriavynn.ca\/fr\/product\/ulka-carbide-corn-bit-green-5mm-c513-c\/","url_meta":{"origin":43006,"position":4},"title":"\u00dcLKA M\u00e8che \u00e0 clous en carbure de ma\u00efs t\u00eate verte diam\u00e8tre 5.0 mm \/ partie travaillante 13 mm (C513-C)","author":"Serge Sahakian","date":"D\u00e9cembre 10, 2025","format":false,"excerpt":"L'embout \u00dcLKA en carbure \u201cCorn\u201d avec marquage vert est con\u00e7u pour les travaux lourds. Il permet de travailler facilement avec du gel-polish dense, de l'acrylique et des mat\u00e9riaux de modelage. Parfait lorsque la vitesse et la puissance sont la priorit\u00e9. Sp\u00e9cifications du produit : Forme : Ma\u00efs Grain : Grossi\u00e8re Diam\u00e8tre de la t\u00eate : 5,0 mm Longueur de la t\u00eate : 13 mm Mat\u00e9riau : Carbure de tungst\u00e8ne de haute qualit\u00e9 (HRA) : Carbure de tungst\u00e8ne de haute qualit\u00e9 (HRA...","rel":"","context":"Similar post","block_context":{"text":"Similar post","link":""},"img":{"alt_text":"U\u0308LKA Carbide nail drill bit corn green head diameter 5.0 mm : working part 13 mm (C513-C)","src":"https:\/\/i0.wp.com\/victoriavynn.ca\/wp-content\/uploads\/2025\/12\/ulka-carbide-nail-drill-bit-corn-green-head-diameter-5.0-mm-working-part-13-mm-c513-c-.webp?fit=750%2C1000&ssl=1&resize=350%2C200","width":350,"height":200,"srcset":"https:\/\/i0.wp.com\/victoriavynn.ca\/wp-content\/uploads\/2025\/12\/ulka-carbide-nail-drill-bit-corn-green-head-diameter-5.0-mm-working-part-13-mm-c513-c-.webp?fit=750%2C1000&ssl=1&resize=350%2C200 1x, https:\/\/i0.wp.com\/victoriavynn.ca\/wp-content\/uploads\/2025\/12\/ulka-carbide-nail-drill-bit-corn-green-head-diameter-5.0-mm-working-part-13-mm-c513-c-.webp?fit=750%2C1000&ssl=1&resize=525%2C300 1.5x, https:\/\/i0.wp.com\/victoriavynn.ca\/wp-content\/uploads\/2025\/12\/ulka-carbide-nail-drill-bit-corn-green-head-diameter-5.0-mm-working-part-13-mm-c513-c-.webp?fit=750%2C1000&ssl=1&resize=700%2C400 2x"},"classes":[]},{"id":42996,"url":"https:\/\/victoriavynn.ca\/fr\/product\/ulka-carbide-nail-drill-bit-corn-red-head-diameter-5-0-mm-working-part-13-mm-c513-f-2\/","url_meta":{"origin":43006,"position":5},"title":"\u00dcLKA M\u00e8che \u00e0 clous en carbure de ma\u00efs t\u00eate rouge diam\u00e8tre 5.0 mm \/ partie travaillante 13 mm (C513-F)","author":"Serge Sahakian","date":"D\u00e9cembre 10, 2025","format":false,"excerpt":"L'embout \u00dcLKA en carbure \u201cCorn\u201d avec marquage rouge est destin\u00e9 aux travaux d\u00e9licats. Il permet de retirer en toute s\u00e9curit\u00e9 et en douceur les couches minces, les couches de base et les gels mous sans causer d'inconfort. Un choix pratique pour les clientes aux ongles fragiles. Sp\u00e9cifications du produit : Forme : Ma\u00efs Grain : Diam\u00e8tre de la t\u00eate : 5.0 mm Longueur de la t\u00eate :...","rel":"","context":"Similar post","block_context":{"text":"Similar post","link":""},"img":{"alt_text":"U\u0308LKA Carbide nail drill bit corn red head diameter 5.0 mm : working part 13 mm (C513-F)","src":"https:\/\/i0.wp.com\/victoriavynn.ca\/wp-content\/uploads\/2025\/12\/ulka-carbide-nail-drill-bit-corn-red-head-diameter-5.0-mm-working-part-13-mm-c513-f-.webp?fit=750%2C1000&ssl=1&resize=350%2C200","width":350,"height":200,"srcset":"https:\/\/i0.wp.com\/victoriavynn.ca\/wp-content\/uploads\/2025\/12\/ulka-carbide-nail-drill-bit-corn-red-head-diameter-5.0-mm-working-part-13-mm-c513-f-.webp?fit=750%2C1000&ssl=1&resize=350%2C200 1x, https:\/\/i0.wp.com\/victoriavynn.ca\/wp-content\/uploads\/2025\/12\/ulka-carbide-nail-drill-bit-corn-red-head-diameter-5.0-mm-working-part-13-mm-c513-f-.webp?fit=750%2C1000&ssl=1&resize=525%2C300 1.5x, https:\/\/i0.wp.com\/victoriavynn.ca\/wp-content\/uploads\/2025\/12\/ulka-carbide-nail-drill-bit-corn-red-head-diameter-5.0-mm-working-part-13-mm-c513-f-.webp?fit=750%2C1000&ssl=1&resize=700%2C400 2x"},"classes":[]}],"jetpack_sharing_enabled":true,"_links":{"self":[{"href":"https:\/\/victoriavynn.ca\/fr\/wp-json\/wp\/v2\/product\/43006","targetHints":{"allow":["GET"]}}],"collection":[{"href":"https:\/\/victoriavynn.ca\/fr\/wp-json\/wp\/v2\/product"}],"about":[{"href":"https:\/\/victoriavynn.ca\/fr\/wp-json\/wp\/v2\/types\/product"}],"replies":[{"embeddable":true,"href":"https:\/\/victoriavynn.ca\/fr\/wp-json\/wp\/v2\/comments?post=43006"}],"wp:featuredmedia":[{"embeddable":true,"href":"https:\/\/victoriavynn.ca\/fr\/wp-json\/wp\/v2\/media\/43976"}],"wp:attachment":[{"href":"https:\/\/victoriavynn.ca\/fr\/wp-json\/wp\/v2\/media?parent=43006"}],"wp:term":[{"taxonomy":"product_brand","embeddable":true,"href":"https:\/\/victoriavynn.ca\/fr\/wp-json\/wp\/v2\/product_brand?post=43006"},{"taxonomy":"product_cat","embeddable":true,"href":"https:\/\/victoriavynn.ca\/fr\/wp-json\/wp\/v2\/product_cat?post=43006"},{"taxonomy":"product_tag","embeddable":true,"href":"https:\/\/victoriavynn.ca\/fr\/wp-json\/wp\/v2\/product_tag?post=43006"}],"curies":[{"name":"wp","href":"https:\/\/api.w.org\/{rel}","templated":true}]}}