{"id":43012,"date":"2025-12-10T14:16:38","date_gmt":"2025-12-10T19:16:38","guid":{"rendered":"https:\/\/victoriavynn.ca\/product\/ulka-diamond-nail-drill-bit-flame-blue-head-diameter-2-1-mm-working-part-8-mm-f218-m-2\/"},"modified":"2026-02-13T18:31:24","modified_gmt":"2026-02-13T23:31:24","slug":"ulka-diamond-nail-drill-bit-flame-blue-head-diameter-2-1-mm-working-part-8-mm-f218-m-2","status":"publish","type":"product","link":"https:\/\/victoriavynn.ca\/fr\/product\/ulka-diamond-nail-drill-bit-flame-blue-head-diameter-2-1-mm-working-part-8-mm-f218-m-2\/","title":{"rendered":"\u00dcLKA M\u00e8che \u00e0 clous diamant\u00e9e flamme bleue diam\u00e8tre de la t\u00eate 2,1 mm \/ partie travaillante 8 mm (F218-M)"},"content":{"rendered":"","protected":false},"excerpt":{"rendered":"<p>F218-M<\/p>","protected":false},"featured_media":43013,"comment_status":"open","ping_status":"closed","template":"","meta":{"jetpack_post_was_ever_published":false,"jetpack_publicize_message":"","jetpack_publicize_feature_enabled":true,"jetpack_social_post_already_shared":true,"jetpack_social_options":{"image_generator_settings":{"template":"highway","default_image_id":0,"font":"","enabled":false},"version":2}},"product_brand":[893],"product_cat":[948],"product_tag":[602],"class_list":{"0":"post-43012","1":"product","2":"type-product","3":"status-publish","4":"has-post-thumbnail","6":"product_brand-ulka","7":"product_cat-ulka-drill-bits","8":"product_tag-diamond-drill-bit","10":"first","11":"instock","12":"taxable","13":"shipping-taxable","14":"purchasable","15":"product-type-simple"},"jetpack_publicize_connections":[],"jetpack-related-posts":[{"id":21086,"url":"https:\/\/victoriavynn.ca\/fr\/product\/staleks-pro-expert-diamond-nail-drill-bit-duo-flame-red-blue-head-diameter-2-1-mm-working-part-8-mm\/","url_meta":{"origin":43012,"position":0},"title":"Staleks PRO EXPERT Diamond Nail Drill Bit DUO Flame Red and Blue (diam\u00e8tre de la t\u00eate 2.1 mm \/ partie travaillante 8 mm)","author":"Serge Sahakian","date":"mars 14, 2025","format":false,"excerpt":"FA11RB021\/8,Staleks PRO EXPERT M\u00e8che \u00e0 clous diamant\u00e9e DUO Rouge et Bleu Flamme (diam\u00e8tre de la t\u00eate 2.1 mm \/ partie travaillante 8 mm) 1,Staleks PRO EXPERT M\u00e8che \u00e0 clous diamant\u00e9e DUO Rouge et Bleu Flamme (diam\u00e8tre de la t\u00eate 2.1 mm \/ partie travaillante 8 mm) 2","rel":"","context":"Similar post","block_context":{"text":"Similar post","link":""},"img":{"alt_text":"","src":"https:\/\/i0.wp.com\/victoriavynn.ca\/wp-content\/uploads\/2025\/03\/fa11rb021_8-2-2_result.jpg?fit=1200%2C1200&ssl=1&resize=350%2C200","width":350,"height":200,"srcset":"https:\/\/i0.wp.com\/victoriavynn.ca\/wp-content\/uploads\/2025\/03\/fa11rb021_8-2-2_result.jpg?fit=1200%2C1200&ssl=1&resize=350%2C200 1x, https:\/\/i0.wp.com\/victoriavynn.ca\/wp-content\/uploads\/2025\/03\/fa11rb021_8-2-2_result.jpg?fit=1200%2C1200&ssl=1&resize=525%2C300 1.5x, https:\/\/i0.wp.com\/victoriavynn.ca\/wp-content\/uploads\/2025\/03\/fa11rb021_8-2-2_result.jpg?fit=1200%2C1200&ssl=1&resize=700%2C400 2x, https:\/\/i0.wp.com\/victoriavynn.ca\/wp-content\/uploads\/2025\/03\/fa11rb021_8-2-2_result.jpg?fit=1200%2C1200&ssl=1&resize=1050%2C600 3x"},"classes":[]},{"id":42992,"url":"https:\/\/victoriavynn.ca\/fr\/product\/ulka-diamond-nail-drill-bit-rounded-cylinder-blue-head-diameter-3-mm-working-part-10-mm-c310-m-2\/","url_meta":{"origin":43012,"position":1},"title":"\u00dcLKA M\u00e8che \u00e0 clou diamant\u00e9e cylindre arrondi bleu t\u00eate diam\u00e8tre 3 mm \/ partie travaillante 10 mm (C310-M)","author":"Serge Sahakian","date":"D\u00e9cembre 10, 2025","format":false,"excerpt":"M\u00e8che diamant\u00e9e haute performance pour une mise en forme et un lissage pr\u00e9cis. Hygi\u00e9nique, durable et parfait pour une utilisation quotidienne en salon. Sp\u00e9cifications du produit : Forme : Cylindre arrondi Grain : Diam\u00e8tre de la t\u00eate : 3.0 mm Longueur de la t\u00eate : 10 mm Mat\u00e9riau : Rev\u00eatement en diamant de haute qualit\u00e9 Couleur du grain : Bleu Code produit : C310-M","rel":"","context":"Similar post","block_context":{"text":"Similar post","link":""},"img":{"alt_text":"ulka diamond drill bit c310","src":"https:\/\/i0.wp.com\/victoriavynn.ca\/wp-content\/uploads\/2025\/12\/ulka-diamond-drill-bit-c310.webp?fit=750%2C1000&ssl=1&resize=350%2C200","width":350,"height":200,"srcset":"https:\/\/i0.wp.com\/victoriavynn.ca\/wp-content\/uploads\/2025\/12\/ulka-diamond-drill-bit-c310.webp?fit=750%2C1000&ssl=1&resize=350%2C200 1x, https:\/\/i0.wp.com\/victoriavynn.ca\/wp-content\/uploads\/2025\/12\/ulka-diamond-drill-bit-c310.webp?fit=750%2C1000&ssl=1&resize=525%2C300 1.5x, https:\/\/i0.wp.com\/victoriavynn.ca\/wp-content\/uploads\/2025\/12\/ulka-diamond-drill-bit-c310.webp?fit=750%2C1000&ssl=1&resize=700%2C400 2x"},"classes":[]},{"id":21088,"url":"https:\/\/victoriavynn.ca\/fr\/product\/staleks-pro-expert-diamond-nail-drill-bit-duo-flame-blue-green-head-diameter-2-5-mm-working-part-8-mm\/","url_meta":{"origin":43012,"position":2},"title":"Staleks PRO EXPERT Diamond Nail Drill Bit DUO Flame Blue and Green (diam\u00e8tre de la t\u00eate 2.5 mm \/ partie travaillante 8 mm)","author":"Serge Sahakian","date":"mars 14, 2025","format":false,"excerpt":"FA11BG021\/8,Staleks PRO EXPERT Fraise \u00e0 clous diamant\u00e9e DUO bleu flamme et vert (diam\u00e8tre de la t\u00eate 2.5 mm \/ partie travaillante 8 mm) 1,Staleks PRO EXPERT Fraise \u00e0 clous diamant\u00e9e DUO bleu flamme et vert (diam\u00e8tre de la t\u00eate 2.5 mm \/ partie travaillante 8 mm) 2","rel":"","context":"Similar post","block_context":{"text":"Similar post","link":""},"img":{"alt_text":"","src":"https:\/\/i0.wp.com\/victoriavynn.ca\/wp-content\/uploads\/2025\/03\/fa11bg021_8-3-2_result.jpg?fit=1200%2C1200&ssl=1&resize=350%2C200","width":350,"height":200,"srcset":"https:\/\/i0.wp.com\/victoriavynn.ca\/wp-content\/uploads\/2025\/03\/fa11bg021_8-3-2_result.jpg?fit=1200%2C1200&ssl=1&resize=350%2C200 1x, https:\/\/i0.wp.com\/victoriavynn.ca\/wp-content\/uploads\/2025\/03\/fa11bg021_8-3-2_result.jpg?fit=1200%2C1200&ssl=1&resize=525%2C300 1.5x, https:\/\/i0.wp.com\/victoriavynn.ca\/wp-content\/uploads\/2025\/03\/fa11bg021_8-3-2_result.jpg?fit=1200%2C1200&ssl=1&resize=700%2C400 2x, https:\/\/i0.wp.com\/victoriavynn.ca\/wp-content\/uploads\/2025\/03\/fa11bg021_8-3-2_result.jpg?fit=1200%2C1200&ssl=1&resize=1050%2C600 3x"},"classes":[]},{"id":43028,"url":"https:\/\/victoriavynn.ca\/fr\/product\/ulka-diamond-ball-bit-blue-4mm-b040-m\/","url_meta":{"origin":43012,"position":3},"title":"\u00dcLKA M\u00e8che \u00e0 clous diamant\u00e9e t\u00eate bleue diam\u00e8tre 4 mm (B040-M)","author":"Serge Sahakian","date":"D\u00e9cembre 10, 2025","format":false,"excerpt":"L'embout \u00e0 bille \u00dcLKA Diamond en marquage bleu est id\u00e9al pour traiter la zone de la cuticule et les parois lat\u00e9rales. Son grain moyen permet d'\u00e9quilibrer la pr\u00e9cision et l'efficacit\u00e9, garantissant une performance contr\u00f4l\u00e9e et fiable. Sp\u00e9cifications du produit : Forme : Boule Grain : Diam\u00e8tre moyen de la t\u00eate : 4,0 mm Mat\u00e9riau : Rev\u00eatement en diamant de haute qualit\u00e9 Couleur du grain : Bleu Code produit : B040-M","rel":"","context":"Similar post","block_context":{"text":"Similar post","link":""},"img":{"alt_text":"U\u0308LKA Diamond Nail Drill Bit Ball Blue Head 4 mm \u2013 B040-M","src":"https:\/\/i0.wp.com\/victoriavynn.ca\/wp-content\/uploads\/2025\/12\/ulka-diamond-nail-drill-bit-ball-blue-head-4-mm-%E2%80%93-b040-m.webp?fit=750%2C1000&ssl=1&resize=350%2C200","width":350,"height":200,"srcset":"https:\/\/i0.wp.com\/victoriavynn.ca\/wp-content\/uploads\/2025\/12\/ulka-diamond-nail-drill-bit-ball-blue-head-4-mm-%E2%80%93-b040-m.webp?fit=750%2C1000&ssl=1&resize=350%2C200 1x, https:\/\/i0.wp.com\/victoriavynn.ca\/wp-content\/uploads\/2025\/12\/ulka-diamond-nail-drill-bit-ball-blue-head-4-mm-%E2%80%93-b040-m.webp?fit=750%2C1000&ssl=1&resize=525%2C300 1.5x, https:\/\/i0.wp.com\/victoriavynn.ca\/wp-content\/uploads\/2025\/12\/ulka-diamond-nail-drill-bit-ball-blue-head-4-mm-%E2%80%93-b040-m.webp?fit=750%2C1000&ssl=1&resize=700%2C400 2x"},"classes":[]},{"id":43006,"url":"https:\/\/victoriavynn.ca\/fr\/product\/ulka-carbide-nail-drill-bit-needle-blue-head-diameter-2-3-mm-working-part-14-mm-c2314-m-2\/","url_meta":{"origin":43012,"position":4},"title":"\u00dcLKA M\u00e8che \u00e0 clou en carbure aiguille bleu diam\u00e8tre t\u00eate 2.3 mm \/ partie travaillante 14 mm (C2314-M)","author":"Serge Sahakian","date":"D\u00e9cembre 10, 2025","format":false,"excerpt":"L'aiguille en carbure \u00dcLKA avec une partie travaillante de 14 mm est con\u00e7ue pour un nettoyage d\u00e9taill\u00e9 et pr\u00e9cis des parois lat\u00e9rales et des d\u00e9collements apr\u00e8s la polym\u00e9risation. Gr\u00e2ce \u00e0 sa forme allong\u00e9e et \u00e0 sa pointe arrondie, il travaille en douceur et en toute s\u00e9curit\u00e9 sans endommager la plaque de l'ongle. Le grain moyen permet de travailler...","rel":"","context":"Similar post","block_context":{"text":"Similar post","link":""},"img":{"alt_text":"U\u0308LKA Carbide nail drill bit needle blue head diameter 2.3 mm : working part 14 mm (C2314-M)","src":"https:\/\/i0.wp.com\/victoriavynn.ca\/wp-content\/uploads\/2025\/12\/ulka-carbide-nail-drill-bit-needle-blue-head-diameter-2.3-mm-working-part-14-mm-c2314-m-1.webp?fit=750%2C1000&ssl=1&resize=350%2C200","width":350,"height":200,"srcset":"https:\/\/i0.wp.com\/victoriavynn.ca\/wp-content\/uploads\/2025\/12\/ulka-carbide-nail-drill-bit-needle-blue-head-diameter-2.3-mm-working-part-14-mm-c2314-m-1.webp?fit=750%2C1000&ssl=1&resize=350%2C200 1x, https:\/\/i0.wp.com\/victoriavynn.ca\/wp-content\/uploads\/2025\/12\/ulka-carbide-nail-drill-bit-needle-blue-head-diameter-2.3-mm-working-part-14-mm-c2314-m-1.webp?fit=750%2C1000&ssl=1&resize=525%2C300 1.5x, https:\/\/i0.wp.com\/victoriavynn.ca\/wp-content\/uploads\/2025\/12\/ulka-carbide-nail-drill-bit-needle-blue-head-diameter-2.3-mm-working-part-14-mm-c2314-m-1.webp?fit=750%2C1000&ssl=1&resize=700%2C400 2x"},"classes":[]},{"id":21102,"url":"https:\/\/victoriavynn.ca\/fr\/product\/staleks-pro-expert-diamond-nail-drill-bit-flame-mini-blue-head-diameter-1-mm-working-part-3-mm\/","url_meta":{"origin":43012,"position":5},"title":"Staleks PRO EXPERT Diamond Nail Drill Bit Flame Mini Blue (diam\u00e8tre de la t\u00eate 1 mm \/ partie active 3 mm)","author":"Serge Sahakian","date":"mars 14, 2025","format":false,"excerpt":"FA12B010\/3","rel":"","context":"Similar post","block_context":{"text":"Similar post","link":""},"img":{"alt_text":"","src":"https:\/\/i0.wp.com\/victoriavynn.ca\/wp-content\/uploads\/2025\/03\/75b1b0e8e7e06bd7a6bd63ddb0e3e65d.jpg?fit=1200%2C1200&ssl=1&resize=350%2C200","width":350,"height":200,"srcset":"https:\/\/i0.wp.com\/victoriavynn.ca\/wp-content\/uploads\/2025\/03\/75b1b0e8e7e06bd7a6bd63ddb0e3e65d.jpg?fit=1200%2C1200&ssl=1&resize=350%2C200 1x, https:\/\/i0.wp.com\/victoriavynn.ca\/wp-content\/uploads\/2025\/03\/75b1b0e8e7e06bd7a6bd63ddb0e3e65d.jpg?fit=1200%2C1200&ssl=1&resize=525%2C300 1.5x, https:\/\/i0.wp.com\/victoriavynn.ca\/wp-content\/uploads\/2025\/03\/75b1b0e8e7e06bd7a6bd63ddb0e3e65d.jpg?fit=1200%2C1200&ssl=1&resize=700%2C400 2x, https:\/\/i0.wp.com\/victoriavynn.ca\/wp-content\/uploads\/2025\/03\/75b1b0e8e7e06bd7a6bd63ddb0e3e65d.jpg?fit=1200%2C1200&ssl=1&resize=1050%2C600 3x"},"classes":[]}],"jetpack_sharing_enabled":true,"_links":{"self":[{"href":"https:\/\/victoriavynn.ca\/fr\/wp-json\/wp\/v2\/product\/43012","targetHints":{"allow":["GET"]}}],"collection":[{"href":"https:\/\/victoriavynn.ca\/fr\/wp-json\/wp\/v2\/product"}],"about":[{"href":"https:\/\/victoriavynn.ca\/fr\/wp-json\/wp\/v2\/types\/product"}],"replies":[{"embeddable":true,"href":"https:\/\/victoriavynn.ca\/fr\/wp-json\/wp\/v2\/comments?post=43012"}],"wp:featuredmedia":[{"embeddable":true,"href":"https:\/\/victoriavynn.ca\/fr\/wp-json\/wp\/v2\/media\/43013"}],"wp:attachment":[{"href":"https:\/\/victoriavynn.ca\/fr\/wp-json\/wp\/v2\/media?parent=43012"}],"wp:term":[{"taxonomy":"product_brand","embeddable":true,"href":"https:\/\/victoriavynn.ca\/fr\/wp-json\/wp\/v2\/product_brand?post=43012"},{"taxonomy":"product_cat","embeddable":true,"href":"https:\/\/victoriavynn.ca\/fr\/wp-json\/wp\/v2\/product_cat?post=43012"},{"taxonomy":"product_tag","embeddable":true,"href":"https:\/\/victoriavynn.ca\/fr\/wp-json\/wp\/v2\/product_tag?post=43012"}],"curies":[{"name":"wp","href":"https:\/\/api.w.org\/{rel}","templated":true}]}}