{"id":43028,"date":"2025-12-10T14:26:30","date_gmt":"2025-12-10T19:26:30","guid":{"rendered":"https:\/\/victoriavynn.ca\/product\/ulka-diamond-nail-drill-bit-ball-blue-head-diameter-4-mm-b040-m-2\/"},"modified":"2026-02-13T18:31:21","modified_gmt":"2026-02-13T23:31:21","slug":"ulka-diamond-ball-bit-blue-4mm-b040-m","status":"publish","type":"product","link":"https:\/\/victoriavynn.ca\/fr\/product\/ulka-diamond-ball-bit-blue-4mm-b040-m\/","title":{"rendered":"\u00dcLKA M\u00e8che \u00e0 clous diamant\u00e9e t\u00eate bleue diam\u00e8tre 4 mm (B040-M)"},"content":{"rendered":"<h1 class=\"wp-block-heading\">\u00dcLKA M\u00e8che diamant\u00e9e \u00e0 t\u00eate bleue 4 mm - B040-M<\/h1>\n\n\n\n<p>Le site <strong>\u00dcLKA M\u00e8che \u00e0 clous diamant\u00e9e \u00e0 t\u00eate bleue (B040-M)<\/strong> est un <strong>m\u00e8che diamant\u00e9e professionnelle pour limes \u00e9lectroniques<\/strong> con\u00e7u pour <strong>un travail s\u00fbr, contr\u00f4l\u00e9 et pr\u00e9cis des cuticules et de la peau<\/strong>. Avec son <strong>forme de balle<\/strong>, <strong>grain moyen t\u00eate bleue<\/strong>et <strong>Diam\u00e8tre de 4 mm<\/strong>, Cette m\u00e8che est id\u00e9ale pour les proth\u00e9sistes ongulaires qui effectuent des soins de manucure et de p\u00e9dicure d\u00e9taill\u00e9s o\u00f9 la pr\u00e9cision et la douceur sont essentielles.<\/p>\n\n\n\n<hr class=\"wp-block-separator has-alpha-channel-opacity\"\/>\n\n\n\n<h2 class=\"wp-block-heading\">Sp\u00e9cifications des produits<\/h2>\n\n\n\n<ul class=\"wp-block-list\">\n<li><strong>Marque :<\/strong> \u00dcLKA<\/li>\n\n\n\n<li><strong>Mod\u00e8le :<\/strong> B040-M<\/li>\n\n\n\n<li><strong>Forme :<\/strong> Boule<\/li>\n\n\n\n<li><strong>Mat\u00e9riau :<\/strong> Diamant<\/li>\n\n\n\n<li><strong>Niveau de granulom\u00e9trie :<\/strong> Moyen (t\u00eate bleue)<\/li>\n\n\n\n<li><strong>Diam\u00e8tre :<\/strong> 4,0 mm<\/li>\n\n\n\n<li><strong>Niveau d'utilisation :<\/strong> Professionnel<\/li>\n<\/ul>\n\n\n\n<hr class=\"wp-block-separator has-alpha-channel-opacity\"\/>\n\n\n\n<h2 class=\"wp-block-heading\">Performances et avantages<\/h2>\n\n\n\n<h3 class=\"wp-block-heading\">Grain moyen - T\u00eate bleue<\/h3>\n\n\n\n<p>Le site <strong>bande bleue grain moyen<\/strong> offre un excellent \u00e9quilibre entre efficacit\u00e9 et s\u00e9curit\u00e9. Il permet d'\u00e9liminer efficacement l'exc\u00e8s de cuticules et les peaux mortes tout en minimisant le risque d'irritation, ce qui le rend adapt\u00e9 \u00e0 une utilisation professionnelle r\u00e9guli\u00e8re.<\/p>\n\n\n\n<h3 class=\"wp-block-heading\">Forme de boule pour le travail des cuticules et de la peau<\/h3>\n\n\n\n<p>Le site <strong>design en forme de boule<\/strong> est sp\u00e9cialement con\u00e7u pour les traitements d\u00e9licats, permettant aux proth\u00e9sistes ongulaires de :<\/p>\n\n\n\n<ul class=\"wp-block-list\">\n<li>Enlever l'exc\u00e8s de cuticules en toute s\u00e9curit\u00e9<\/li>\n\n\n\n<li>Lisser la peau rugueuse autour de la plaque de l'ongle<\/li>\n\n\n\n<li>Affiner la zone de l'\u00e9ponyme<\/li>\n\n\n\n<li>Effectuer des finitions pr\u00e9cises lors des services de manucure et de p\u00e9dicure<\/li>\n<\/ul>\n\n\n\n<p>Sa forme arrondie assure un contact harmonieux avec la peau, r\u00e9duisant ainsi le risque de coupures ou de l\u00e9sions.<\/p>\n\n\n\n<h3 class=\"wp-block-heading\">Rev\u00eatement diamant de haute qualit\u00e9<\/h3>\n\n\n\n<p>Fabriqu\u00e9 avec <strong>abrasif diamant\u00e9 de premi\u00e8re qualit\u00e9<\/strong>, ce tr\u00e9pan est \u00e0 la hauteur :<\/p>\n\n\n\n<ul class=\"wp-block-list\">\n<li>Performance durable<\/li>\n\n\n\n<li>Abrasion constante dans le temps<\/li>\n\n\n\n<li>Haute r\u00e9sistance \u00e0 l'usure et \u00e0 la corrosion<\/li>\n\n\n\n<li>Fonctionnement en douceur, sans vibration<\/li>\n<\/ul>\n\n\n\n<p>Id\u00e9al pour les salons tr\u00e8s fr\u00e9quent\u00e9s et les st\u00e9rilisations fr\u00e9quentes.<\/p>\n\n\n\n<hr class=\"wp-block-separator has-alpha-channel-opacity\"\/>\n\n\n\n<h2 class=\"wp-block-heading\">Utilisations recommand\u00e9es<\/h2>\n\n\n\n<ul class=\"wp-block-list\">\n<li>Nettoyage et affinage des cuticules<\/li>\n\n\n\n<li>\u00c9limination des peaux mortes et des ongles qui pendent<\/li>\n\n\n\n<li>Travaux de finition lors de la manucure et de la p\u00e9dicure<\/li>\n\n\n\n<li>Manucure s\u00e8che professionnelle et techniques de manucure russe<\/li>\n<\/ul>\n\n\n\n<p>\u26a0\ufe0f <em>Recommand\u00e9 pour les professionnels de l'ongle. Utiliser avec une l\u00e9g\u00e8re pression.<\/em><\/p>\n\n\n\n<hr class=\"wp-block-separator has-alpha-channel-opacity\"\/>\n\n\n\n<h2 class=\"wp-block-heading\">Compatibilit\u00e9 et hygi\u00e8ne<\/h2>\n\n\n\n<ul class=\"wp-block-list\">\n<li>Compatible avec <strong>machines \u00e0 percer les ongles professionnelles standard \u00e0 l'aide d'une lime \u00e9lectronique<\/strong><\/li>\n\n\n\n<li>Peut \u00eatre <strong>nettoy\u00e9, d\u00e9sinfect\u00e9 et st\u00e9rilis\u00e9<\/strong> selon les normes d'hygi\u00e8ne du salon<\/li>\n\n\n\n<li>Convient pour un usage professionnel r\u00e9p\u00e9t\u00e9<\/li>\n<\/ul>\n\n\n\n<hr class=\"wp-block-separator has-alpha-channel-opacity\"\/>\n\n\n\n<h2 class=\"wp-block-heading\">Pourquoi choisir les forets \u00e0 ongles \u00dcLKA ?<\/h2>\n\n\n\n<p>\u00dcLKA est reconnue internationalement pour ses \u00e9quipements de clouterie de pr\u00e9cision. Les <strong>M\u00e8che diamant\u00e9e B040-M<\/strong> refl\u00e8te l'engagement d'\u00dcLKA en mati\u00e8re de s\u00e9curit\u00e9, de durabilit\u00e9 et de performance de niveau professionnel, ce qui en fait un outil essentiel pour le travail raffin\u00e9 des cuticules.<\/p>\n\n\n\n<figure class=\"wp-block-embed is-type-video is-provider-youtube wp-block-embed-youtube wp-embed-aspect-9-16 wp-has-aspect-ratio\"><div class=\"wp-block-embed__wrapper\">\n<div class=\"video-container\"><div class=\"lyte-wrapper fourthree\" title=\"Top \u00dcLKA Nail Bits You Need in Your Kit | Vid\u00e9o de d\u00e9monstration\" style=\"width:480px;max-width:100%;margin:5px;\"><div class=\"lyMe hidef\" id=\"WYL_mjdyy4IjeF4\" itemprop=\"video\" itemscope itemtype=\"https:\/\/schema.org\/VideoObject\"><div><meta itemprop=\"thumbnailUrl\" content=\"https:\/\/i.ytimg.com\/vi\/mjdyy4IjeF4\/maxresdefault.jpg\" \/><meta itemprop=\"embedURL\" content=\"https:\/\/www.youtube.com\/embed\/mjdyy4IjeF4\" \/><meta itemprop=\"duration\" content=\"PT27S\" \/><meta itemprop=\"uploadDate\" content=\"2025-12-12T16:05:34Z\" \/><\/div><div id=\"lyte_mjdyy4IjeF4\" data-src=\"https:\/\/i.ytimg.com\/vi\/mjdyy4IjeF4\/maxresdefault.jpg\" class=\"pL\"><div class=\"tC\"><div class=\"tT\" itemprop=\"name\">Top \u00dcLKA Nail Bits You Need in Your Kit | Vid\u00e9o de d\u00e9monstration<\/div><\/div><div class=\"play\"><\/div><div class=\"ctrl\"><div class=\"Lctrl\"><\/div><div class=\"Rctrl\"><\/div><\/div><\/div><noscript><a href=\"https:\/\/youtu.be\/mjdyy4IjeF4\" rel=\"nofollow noopener\" target=\"_blank\"><img data-recalc-dims=\"1\" loading=\"lazy\" decoding=\"async\" src=\"https:\/\/i0.wp.com\/i.ytimg.com\/vi\/mjdyy4IjeF4\/0.jpg?resize=480%2C340&#038;ssl=1\" alt=\"Top \u00dcLKA Nail Bits You Need in Your Kit | Vid\u00e9o de d\u00e9monstration\" width=\"480\" height=\"340\" title=\"\"><br \/>Voir cette vid\u00e9o sur YouTube<\/a><\/noscript><meta itemprop=\"description\" content=\"Crafted for perfection. Designed for precision. Discover the difference that expertly engineered \u00dcLKA nail drill bits make \u2014 smoother prep, cleaner shaping, and flawless results every time. Because your work deserves tools that work as hard as you do. \ud83d\udc8e\u2728 #ULKA #NailTechTools #ProfessionalQuality #short\"><\/div><\/div><div class=\"lL\" style=\"max-width:100%;width:480px;margin:5px;\"><\/div><\/div>\n<\/div><\/figure>","protected":false},"excerpt":{"rendered":"<p>L'embout \u00e0 bille \u00dcLKA Diamond en marquage bleu est id\u00e9al pour traiter la zone de la cuticule et les parois lat\u00e9rales. Son grain moyen permet d'\u00e9quilibrer la pr\u00e9cision et l'efficacit\u00e9, garantissant ainsi une performance contr\u00f4l\u00e9e et fiable.<\/p>\n<p>Sp\u00e9cifications du produit :<\/p>\n<ul>\n<li>Forme : Boule<\/li>\n<li>Grain : Moyen<\/li>\n<li>Diam\u00e8tre de la t\u00eate : 4,0 mm<\/li>\n<li>Mat\u00e9riau : Rev\u00eatement en diamant de haute qualit\u00e9<\/li>\n<li>Couleur du grain : bleu<\/li>\n<li>Code produit : B040-M<\/li>\n<\/ul>","protected":false},"featured_media":44006,"comment_status":"open","ping_status":"closed","template":"","meta":{"jetpack_post_was_ever_published":false,"jetpack_publicize_message":"","jetpack_publicize_feature_enabled":true,"jetpack_social_post_already_shared":true,"jetpack_social_options":{"image_generator_settings":{"template":"highway","default_image_id":0,"font":"","enabled":false},"version":2}},"product_brand":[893],"product_cat":[948],"product_tag":[602],"class_list":{"0":"post-43028","1":"product","2":"type-product","3":"status-publish","4":"has-post-thumbnail","6":"product_brand-ulka","7":"product_cat-ulka-drill-bits","8":"product_tag-diamond-drill-bit","10":"first","11":"instock","12":"taxable","13":"shipping-taxable","14":"purchasable","15":"product-type-simple"},"jetpack_publicize_connections":[],"jetpack-related-posts":[{"id":42992,"url":"https:\/\/victoriavynn.ca\/fr\/product\/ulka-diamond-nail-drill-bit-rounded-cylinder-blue-head-diameter-3-mm-working-part-10-mm-c310-m-2\/","url_meta":{"origin":43028,"position":0},"title":"\u00dcLKA M\u00e8che \u00e0 clou diamant\u00e9e cylindre arrondi bleu t\u00eate diam\u00e8tre 3 mm \/ partie travaillante 10 mm (C310-M)","author":"Serge Sahakian","date":"D\u00e9cembre 10, 2025","format":false,"excerpt":"M\u00e8che diamant\u00e9e haute performance pour une mise en forme et un lissage pr\u00e9cis. Hygi\u00e9nique, durable et parfait pour une utilisation quotidienne en salon. Sp\u00e9cifications du produit : Forme : Cylindre arrondi Grain : Diam\u00e8tre de la t\u00eate : 3.0 mm Longueur de la t\u00eate : 10 mm Mat\u00e9riau : Rev\u00eatement en diamant de haute qualit\u00e9 Couleur du grain : Bleu Code produit : C310-M","rel":"","context":"Similar post","block_context":{"text":"Similar post","link":""},"img":{"alt_text":"ulka diamond drill bit c310","src":"https:\/\/i0.wp.com\/victoriavynn.ca\/wp-content\/uploads\/2025\/12\/ulka-diamond-drill-bit-c310.webp?fit=750%2C1000&ssl=1&resize=350%2C200","width":350,"height":200,"srcset":"https:\/\/i0.wp.com\/victoriavynn.ca\/wp-content\/uploads\/2025\/12\/ulka-diamond-drill-bit-c310.webp?fit=750%2C1000&ssl=1&resize=350%2C200 1x, https:\/\/i0.wp.com\/victoriavynn.ca\/wp-content\/uploads\/2025\/12\/ulka-diamond-drill-bit-c310.webp?fit=750%2C1000&ssl=1&resize=525%2C300 1.5x, https:\/\/i0.wp.com\/victoriavynn.ca\/wp-content\/uploads\/2025\/12\/ulka-diamond-drill-bit-c310.webp?fit=750%2C1000&ssl=1&resize=700%2C400 2x"},"classes":[]},{"id":43008,"url":"https:\/\/victoriavynn.ca\/fr\/product\/ulka-carbide-needle-bit-blue-2-3mm-c2315-m\/","url_meta":{"origin":43028,"position":1},"title":"\u00dcLKA M\u00e8che \u00e0 clou en carbure aiguille bleu diam\u00e8tre t\u00eate 2.3 mm \/ partie travaillante 15 mm (C2315-M)","author":"Serge Sahakian","date":"D\u00e9cembre 10, 2025","format":false,"excerpt":"L'embout \u201caiguille\u201d en carbure \u00dcLKA est con\u00e7u pour une pr\u00e9cision maximale. Sa forme allong\u00e9e est pratique pour nettoyer les parois lat\u00e9rales et affiner les d\u00e9collements apr\u00e8s polym\u00e9risation. Gr\u00e2ce \u00e0 sa pointe arrondie, il travaille en douceur et en toute s\u00e9curit\u00e9 sans endommager la plaque de l'ongle, m\u00eame dans les zones sensibles. Le grain moyen en fait un outil universel...","rel":"","context":"Similar post","block_context":{"text":"Similar post","link":""},"img":{"alt_text":"U\u0308LKA Carbide nail drill bit needle blue head diameter 2,3 mm : working part 15 mm","src":"https:\/\/i0.wp.com\/victoriavynn.ca\/wp-content\/uploads\/2025\/12\/ulka-carbide-nail-drill-bit-needle-blue-head-diameter-23-mm-working-part-15-mm-.webp?fit=750%2C1000&ssl=1&resize=350%2C200","width":350,"height":200,"srcset":"https:\/\/i0.wp.com\/victoriavynn.ca\/wp-content\/uploads\/2025\/12\/ulka-carbide-nail-drill-bit-needle-blue-head-diameter-23-mm-working-part-15-mm-.webp?fit=750%2C1000&ssl=1&resize=350%2C200 1x, https:\/\/i0.wp.com\/victoriavynn.ca\/wp-content\/uploads\/2025\/12\/ulka-carbide-nail-drill-bit-needle-blue-head-diameter-23-mm-working-part-15-mm-.webp?fit=750%2C1000&ssl=1&resize=525%2C300 1.5x, https:\/\/i0.wp.com\/victoriavynn.ca\/wp-content\/uploads\/2025\/12\/ulka-carbide-nail-drill-bit-needle-blue-head-diameter-23-mm-working-part-15-mm-.webp?fit=750%2C1000&ssl=1&resize=700%2C400 2x"},"classes":[]},{"id":43006,"url":"https:\/\/victoriavynn.ca\/fr\/product\/ulka-carbide-nail-drill-bit-needle-blue-head-diameter-2-3-mm-working-part-14-mm-c2314-m-2\/","url_meta":{"origin":43028,"position":2},"title":"\u00dcLKA M\u00e8che \u00e0 clou en carbure aiguille bleu diam\u00e8tre t\u00eate 2.3 mm \/ partie travaillante 14 mm (C2314-M)","author":"Serge Sahakian","date":"D\u00e9cembre 10, 2025","format":false,"excerpt":"L'aiguille en carbure \u00dcLKA avec une partie travaillante de 14 mm est con\u00e7ue pour un nettoyage d\u00e9taill\u00e9 et pr\u00e9cis des parois lat\u00e9rales et des d\u00e9collements apr\u00e8s la polym\u00e9risation. Gr\u00e2ce \u00e0 sa forme allong\u00e9e et \u00e0 sa pointe arrondie, il travaille en douceur et en toute s\u00e9curit\u00e9 sans endommager la plaque de l'ongle. Le grain moyen permet de travailler...","rel":"","context":"Similar post","block_context":{"text":"Similar post","link":""},"img":{"alt_text":"U\u0308LKA Carbide nail drill bit needle blue head diameter 2.3 mm : working part 14 mm (C2314-M)","src":"https:\/\/i0.wp.com\/victoriavynn.ca\/wp-content\/uploads\/2025\/12\/ulka-carbide-nail-drill-bit-needle-blue-head-diameter-2.3-mm-working-part-14-mm-c2314-m-1.webp?fit=750%2C1000&ssl=1&resize=350%2C200","width":350,"height":200,"srcset":"https:\/\/i0.wp.com\/victoriavynn.ca\/wp-content\/uploads\/2025\/12\/ulka-carbide-nail-drill-bit-needle-blue-head-diameter-2.3-mm-working-part-14-mm-c2314-m-1.webp?fit=750%2C1000&ssl=1&resize=350%2C200 1x, https:\/\/i0.wp.com\/victoriavynn.ca\/wp-content\/uploads\/2025\/12\/ulka-carbide-nail-drill-bit-needle-blue-head-diameter-2.3-mm-working-part-14-mm-c2314-m-1.webp?fit=750%2C1000&ssl=1&resize=525%2C300 1.5x, https:\/\/i0.wp.com\/victoriavynn.ca\/wp-content\/uploads\/2025\/12\/ulka-carbide-nail-drill-bit-needle-blue-head-diameter-2.3-mm-working-part-14-mm-c2314-m-1.webp?fit=750%2C1000&ssl=1&resize=700%2C400 2x"},"classes":[]},{"id":43002,"url":"https:\/\/victoriavynn.ca\/fr\/product\/ulka-carbide-cone-bit-blue-6mm-c615-m\/","url_meta":{"origin":43028,"position":3},"title":"\u00dcLKA M\u00e8che \u00e0 clou carbure c\u00f4ne bleu diam\u00e8tre t\u00eate 6.0 mm \/ partie travaillante 15 mm (C615-M)","author":"Serge Sahakian","date":"D\u00e9cembre 10, 2025","format":false,"excerpt":"L'embout \u00dcLKA en carbure \u201cCone\u201d avec marquage bleu est con\u00e7u pour nettoyer les parois lat\u00e9rales, enlever les rev\u00eatements et travailler sur diff\u00e9rentes zones de l'ongle. Sa forme conique offre pr\u00e9cision et acc\u00e8s, tandis que le grain moyen assure l'efficacit\u00e9 et le confort du client. Sp\u00e9cifications du produit : Forme : C\u00f4ne Grain : Grosseur de la t\u00eate : 6.0 mm Diam\u00e8tre de la...","rel":"","context":"Similar post","block_context":{"text":"Similar post","link":""},"img":{"alt_text":"U\u0308LKA Carbide nail drill bit cone blue head diameter 6.0 mm : working part 15 mm (C615-M)","src":"https:\/\/i0.wp.com\/victoriavynn.ca\/wp-content\/uploads\/2025\/12\/ulka-carbide-nail-drill-bit-cone-blue-head-diameter-6.0-mm-working-part-15-mm-c615-m-.webp?fit=750%2C1000&ssl=1&resize=350%2C200","width":350,"height":200,"srcset":"https:\/\/i0.wp.com\/victoriavynn.ca\/wp-content\/uploads\/2025\/12\/ulka-carbide-nail-drill-bit-cone-blue-head-diameter-6.0-mm-working-part-15-mm-c615-m-.webp?fit=750%2C1000&ssl=1&resize=350%2C200 1x, https:\/\/i0.wp.com\/victoriavynn.ca\/wp-content\/uploads\/2025\/12\/ulka-carbide-nail-drill-bit-cone-blue-head-diameter-6.0-mm-working-part-15-mm-c615-m-.webp?fit=750%2C1000&ssl=1&resize=525%2C300 1.5x, https:\/\/i0.wp.com\/victoriavynn.ca\/wp-content\/uploads\/2025\/12\/ulka-carbide-nail-drill-bit-cone-blue-head-diameter-6.0-mm-working-part-15-mm-c615-m-.webp?fit=750%2C1000&ssl=1&resize=700%2C400 2x"},"classes":[]},{"id":42994,"url":"https:\/\/victoriavynn.ca\/fr\/product\/ulka-diamond-nail-drill-bit-rounded-cylinder-red-head-diameter-3-mm-working-part-10-mm-c310-f-2\/","url_meta":{"origin":43028,"position":4},"title":"\u00dcLKA M\u00e8che \u00e0 clou diamant\u00e9e cylindre arrondi t\u00eate rouge diam\u00e8tre 3 mm \/ partie travaillante 10 mm (C310-F)","author":"Serge Sahakian","date":"D\u00e9cembre 10, 2025","format":false,"excerpt":"Le cylindre arrondi \u00dcLKA Diamond en marquage rouge est destin\u00e9 aux ongles fins et sensibles. Il permet d'affiner la surface en douceur et de r\u00e9aliser des finitions pr\u00e9cises, tout en garantissant la s\u00e9curit\u00e9 et le confort pendant le processus. Embout cylindrique diamant\u00e9 \u00e0 grain fin pour une finition d\u00e9licate. Caract\u00e9ristiques du produit : Travail doux et pr\u00e9cis sur les zones sensibles Laisse...","rel":"","context":"Similar post","block_context":{"text":"Similar post","link":""},"img":{"alt_text":"ulka diamond drill bit f310","src":"https:\/\/i0.wp.com\/victoriavynn.ca\/wp-content\/uploads\/2025\/12\/ulka-diamond-drill-bit-f310-.webp?fit=750%2C1000&ssl=1&resize=350%2C200","width":350,"height":200,"srcset":"https:\/\/i0.wp.com\/victoriavynn.ca\/wp-content\/uploads\/2025\/12\/ulka-diamond-drill-bit-f310-.webp?fit=750%2C1000&ssl=1&resize=350%2C200 1x, https:\/\/i0.wp.com\/victoriavynn.ca\/wp-content\/uploads\/2025\/12\/ulka-diamond-drill-bit-f310-.webp?fit=750%2C1000&ssl=1&resize=525%2C300 1.5x, https:\/\/i0.wp.com\/victoriavynn.ca\/wp-content\/uploads\/2025\/12\/ulka-diamond-drill-bit-f310-.webp?fit=750%2C1000&ssl=1&resize=700%2C400 2x"},"classes":[]},{"id":42998,"url":"https:\/\/victoriavynn.ca\/fr\/product\/ulka-carbide-corn-bit-blue-5mm-c513-m\/","url_meta":{"origin":43028,"position":5},"title":"\u00dcLKA M\u00e8che \u00e0 clous en carbure de ma\u00efs bleu diam\u00e8tre de la t\u00eate 5,0 mm \/ partie travaillante 13 mm (C513-M)","author":"Serge Sahakian","date":"D\u00e9cembre 10, 2025","format":false,"excerpt":"La m\u00e8che \u00dcLKA en carbure \u201cCorn\u201d est con\u00e7ue pour un travail stable et contr\u00f4l\u00e9. Sa forme droite assure un limage en douceur sans pression excessive, tandis que le grain moyen permet d'enlever rapidement et confortablement les rev\u00eatements. Il s'agit d'un outil id\u00e9al pour une utilisation r\u00e9guli\u00e8re en salon, o\u00f9 l'efficacit\u00e9 et le confort du client sont tout aussi importants. Produit...","rel":"","context":"Similar post","block_context":{"text":"Similar post","link":""},"img":{"alt_text":"U\u0308LKA Carbide nail drill bit corn blue head diameter 5.0 mm : working part 13 mm (C513-M)","src":"https:\/\/i0.wp.com\/victoriavynn.ca\/wp-content\/uploads\/2025\/12\/ulka-carbide-nail-drill-bit-corn-blue-head-diameter-5.0-mm-working-part-13-mm-c513-m.webp?fit=750%2C1000&ssl=1&resize=350%2C200","width":350,"height":200,"srcset":"https:\/\/i0.wp.com\/victoriavynn.ca\/wp-content\/uploads\/2025\/12\/ulka-carbide-nail-drill-bit-corn-blue-head-diameter-5.0-mm-working-part-13-mm-c513-m.webp?fit=750%2C1000&ssl=1&resize=350%2C200 1x, https:\/\/i0.wp.com\/victoriavynn.ca\/wp-content\/uploads\/2025\/12\/ulka-carbide-nail-drill-bit-corn-blue-head-diameter-5.0-mm-working-part-13-mm-c513-m.webp?fit=750%2C1000&ssl=1&resize=525%2C300 1.5x, https:\/\/i0.wp.com\/victoriavynn.ca\/wp-content\/uploads\/2025\/12\/ulka-carbide-nail-drill-bit-corn-blue-head-diameter-5.0-mm-working-part-13-mm-c513-m.webp?fit=750%2C1000&ssl=1&resize=700%2C400 2x"},"classes":[]}],"jetpack_sharing_enabled":true,"_links":{"self":[{"href":"https:\/\/victoriavynn.ca\/fr\/wp-json\/wp\/v2\/product\/43028","targetHints":{"allow":["GET"]}}],"collection":[{"href":"https:\/\/victoriavynn.ca\/fr\/wp-json\/wp\/v2\/product"}],"about":[{"href":"https:\/\/victoriavynn.ca\/fr\/wp-json\/wp\/v2\/types\/product"}],"replies":[{"embeddable":true,"href":"https:\/\/victoriavynn.ca\/fr\/wp-json\/wp\/v2\/comments?post=43028"}],"wp:featuredmedia":[{"embeddable":true,"href":"https:\/\/victoriavynn.ca\/fr\/wp-json\/wp\/v2\/media\/44006"}],"wp:attachment":[{"href":"https:\/\/victoriavynn.ca\/fr\/wp-json\/wp\/v2\/media?parent=43028"}],"wp:term":[{"taxonomy":"product_brand","embeddable":true,"href":"https:\/\/victoriavynn.ca\/fr\/wp-json\/wp\/v2\/product_brand?post=43028"},{"taxonomy":"product_cat","embeddable":true,"href":"https:\/\/victoriavynn.ca\/fr\/wp-json\/wp\/v2\/product_cat?post=43028"},{"taxonomy":"product_tag","embeddable":true,"href":"https:\/\/victoriavynn.ca\/fr\/wp-json\/wp\/v2\/product_tag?post=43028"}],"curies":[{"name":"wp","href":"https:\/\/api.w.org\/{rel}","templated":true}]}}