{"id":43032,"date":"2025-12-10T14:26:34","date_gmt":"2025-12-10T19:26:34","guid":{"rendered":"https:\/\/victoriavynn.ca\/product\/ulka-diamond-nail-drill-bit-ball-red-head-diameter-5-mm-b050-f-2\/"},"modified":"2026-02-13T18:31:20","modified_gmt":"2026-02-13T23:31:20","slug":"ulka-diamond-nail-drill-bit-ball-red-head-diameter-5-mm-b050-f-2","status":"publish","type":"product","link":"https:\/\/victoriavynn.ca\/fr\/product\/ulka-diamond-nail-drill-bit-ball-red-head-diameter-5-mm-b050-f-2\/","title":{"rendered":"\u00dcLKA M\u00e8che \u00e0 clous diamant\u00e9e t\u00eate rouge diam\u00e8tre 5 mm (B050-F)"},"content":{"rendered":"","protected":false},"excerpt":{"rendered":"<p>B050-F<\/p>","protected":false},"featured_media":43033,"comment_status":"open","ping_status":"closed","template":"","meta":{"jetpack_post_was_ever_published":false,"jetpack_publicize_message":"","jetpack_publicize_feature_enabled":true,"jetpack_social_post_already_shared":true,"jetpack_social_options":{"image_generator_settings":{"template":"highway","default_image_id":0,"font":"","enabled":false},"version":2}},"product_brand":[893],"product_cat":[948],"product_tag":[602],"class_list":{"0":"post-43032","1":"product","2":"type-product","3":"status-publish","4":"has-post-thumbnail","6":"product_brand-ulka","7":"product_cat-ulka-drill-bits","8":"product_tag-diamond-drill-bit","10":"first","11":"instock","12":"taxable","13":"shipping-taxable","14":"purchasable","15":"product-type-simple"},"jetpack_publicize_connections":[],"jetpack-related-posts":[{"id":42994,"url":"https:\/\/victoriavynn.ca\/fr\/product\/ulka-diamond-nail-drill-bit-rounded-cylinder-red-head-diameter-3-mm-working-part-10-mm-c310-f-2\/","url_meta":{"origin":43032,"position":0},"title":"\u00dcLKA M\u00e8che \u00e0 clou diamant\u00e9e cylindre arrondi t\u00eate rouge diam\u00e8tre 3 mm \/ partie travaillante 10 mm (C310-F)","author":"Serge Sahakian","date":"D\u00e9cembre 10, 2025","format":false,"excerpt":"Le cylindre arrondi \u00dcLKA Diamond en marquage rouge est destin\u00e9 aux ongles fins et sensibles. Il permet d'affiner la surface en douceur et de r\u00e9aliser des finitions pr\u00e9cises, tout en garantissant la s\u00e9curit\u00e9 et le confort pendant le processus. Embout cylindrique diamant\u00e9 \u00e0 grain fin pour une finition d\u00e9licate. Caract\u00e9ristiques du produit : Travail doux et pr\u00e9cis sur les zones sensibles Laisse...","rel":"","context":"Similar post","block_context":{"text":"Similar post","link":""},"img":{"alt_text":"ulka diamond drill bit f310","src":"https:\/\/i0.wp.com\/victoriavynn.ca\/wp-content\/uploads\/2025\/12\/ulka-diamond-drill-bit-f310-.webp?fit=750%2C1000&ssl=1&resize=350%2C200","width":350,"height":200,"srcset":"https:\/\/i0.wp.com\/victoriavynn.ca\/wp-content\/uploads\/2025\/12\/ulka-diamond-drill-bit-f310-.webp?fit=750%2C1000&ssl=1&resize=350%2C200 1x, https:\/\/i0.wp.com\/victoriavynn.ca\/wp-content\/uploads\/2025\/12\/ulka-diamond-drill-bit-f310-.webp?fit=750%2C1000&ssl=1&resize=525%2C300 1.5x, https:\/\/i0.wp.com\/victoriavynn.ca\/wp-content\/uploads\/2025\/12\/ulka-diamond-drill-bit-f310-.webp?fit=750%2C1000&ssl=1&resize=700%2C400 2x"},"classes":[]},{"id":42996,"url":"https:\/\/victoriavynn.ca\/fr\/product\/ulka-carbide-nail-drill-bit-corn-red-head-diameter-5-0-mm-working-part-13-mm-c513-f-2\/","url_meta":{"origin":43032,"position":1},"title":"\u00dcLKA M\u00e8che \u00e0 clous en carbure de ma\u00efs t\u00eate rouge diam\u00e8tre 5.0 mm \/ partie travaillante 13 mm (C513-F)","author":"Serge Sahakian","date":"D\u00e9cembre 10, 2025","format":false,"excerpt":"L'embout \u00dcLKA en carbure \u201cCorn\u201d avec marquage rouge est destin\u00e9 aux travaux d\u00e9licats. Il permet de retirer en toute s\u00e9curit\u00e9 et en douceur les couches minces, les couches de base et les gels mous sans causer d'inconfort. Un choix pratique pour les clientes aux ongles fragiles. Sp\u00e9cifications du produit : Forme : Ma\u00efs Grain : Diam\u00e8tre de la t\u00eate : 5.0 mm Longueur de la t\u00eate :...","rel":"","context":"Similar post","block_context":{"text":"Similar post","link":""},"img":{"alt_text":"U\u0308LKA Carbide nail drill bit corn red head diameter 5.0 mm : working part 13 mm (C513-F)","src":"https:\/\/i0.wp.com\/victoriavynn.ca\/wp-content\/uploads\/2025\/12\/ulka-carbide-nail-drill-bit-corn-red-head-diameter-5.0-mm-working-part-13-mm-c513-f-.webp?fit=750%2C1000&ssl=1&resize=350%2C200","width":350,"height":200,"srcset":"https:\/\/i0.wp.com\/victoriavynn.ca\/wp-content\/uploads\/2025\/12\/ulka-carbide-nail-drill-bit-corn-red-head-diameter-5.0-mm-working-part-13-mm-c513-f-.webp?fit=750%2C1000&ssl=1&resize=350%2C200 1x, https:\/\/i0.wp.com\/victoriavynn.ca\/wp-content\/uploads\/2025\/12\/ulka-carbide-nail-drill-bit-corn-red-head-diameter-5.0-mm-working-part-13-mm-c513-f-.webp?fit=750%2C1000&ssl=1&resize=525%2C300 1.5x, https:\/\/i0.wp.com\/victoriavynn.ca\/wp-content\/uploads\/2025\/12\/ulka-carbide-nail-drill-bit-corn-red-head-diameter-5.0-mm-working-part-13-mm-c513-f-.webp?fit=750%2C1000&ssl=1&resize=700%2C400 2x"},"classes":[]},{"id":43028,"url":"https:\/\/victoriavynn.ca\/fr\/product\/ulka-diamond-ball-bit-blue-4mm-b040-m\/","url_meta":{"origin":43032,"position":2},"title":"\u00dcLKA M\u00e8che \u00e0 clous diamant\u00e9e t\u00eate bleue diam\u00e8tre 4 mm (B040-M)","author":"Serge Sahakian","date":"D\u00e9cembre 10, 2025","format":false,"excerpt":"L'embout \u00e0 bille \u00dcLKA Diamond en marquage bleu est id\u00e9al pour traiter la zone de la cuticule et les parois lat\u00e9rales. Son grain moyen permet d'\u00e9quilibrer la pr\u00e9cision et l'efficacit\u00e9, garantissant une performance contr\u00f4l\u00e9e et fiable. Sp\u00e9cifications du produit : Forme : Boule Grain : Diam\u00e8tre moyen de la t\u00eate : 4,0 mm Mat\u00e9riau : Rev\u00eatement en diamant de haute qualit\u00e9 Couleur du grain : Bleu Code produit : B040-M","rel":"","context":"Similar post","block_context":{"text":"Similar post","link":""},"img":{"alt_text":"U\u0308LKA Diamond Nail Drill Bit Ball Blue Head 4 mm \u2013 B040-M","src":"https:\/\/i0.wp.com\/victoriavynn.ca\/wp-content\/uploads\/2025\/12\/ulka-diamond-nail-drill-bit-ball-blue-head-4-mm-%E2%80%93-b040-m.webp?fit=750%2C1000&ssl=1&resize=350%2C200","width":350,"height":200,"srcset":"https:\/\/i0.wp.com\/victoriavynn.ca\/wp-content\/uploads\/2025\/12\/ulka-diamond-nail-drill-bit-ball-blue-head-4-mm-%E2%80%93-b040-m.webp?fit=750%2C1000&ssl=1&resize=350%2C200 1x, https:\/\/i0.wp.com\/victoriavynn.ca\/wp-content\/uploads\/2025\/12\/ulka-diamond-nail-drill-bit-ball-blue-head-4-mm-%E2%80%93-b040-m.webp?fit=750%2C1000&ssl=1&resize=525%2C300 1.5x, https:\/\/i0.wp.com\/victoriavynn.ca\/wp-content\/uploads\/2025\/12\/ulka-diamond-nail-drill-bit-ball-blue-head-4-mm-%E2%80%93-b040-m.webp?fit=750%2C1000&ssl=1&resize=700%2C400 2x"},"classes":[]},{"id":42992,"url":"https:\/\/victoriavynn.ca\/fr\/product\/ulka-diamond-nail-drill-bit-rounded-cylinder-blue-head-diameter-3-mm-working-part-10-mm-c310-m-2\/","url_meta":{"origin":43032,"position":3},"title":"\u00dcLKA M\u00e8che \u00e0 clou diamant\u00e9e cylindre arrondi bleu t\u00eate diam\u00e8tre 3 mm \/ partie travaillante 10 mm (C310-M)","author":"Serge Sahakian","date":"D\u00e9cembre 10, 2025","format":false,"excerpt":"M\u00e8che diamant\u00e9e haute performance pour une mise en forme et un lissage pr\u00e9cis. Hygi\u00e9nique, durable et parfait pour une utilisation quotidienne en salon. Sp\u00e9cifications du produit : Forme : Cylindre arrondi Grain : Diam\u00e8tre de la t\u00eate : 3.0 mm Longueur de la t\u00eate : 10 mm Mat\u00e9riau : Rev\u00eatement en diamant de haute qualit\u00e9 Couleur du grain : Bleu Code produit : C310-M","rel":"","context":"Similar post","block_context":{"text":"Similar post","link":""},"img":{"alt_text":"ulka diamond drill bit c310","src":"https:\/\/i0.wp.com\/victoriavynn.ca\/wp-content\/uploads\/2025\/12\/ulka-diamond-drill-bit-c310.webp?fit=750%2C1000&ssl=1&resize=350%2C200","width":350,"height":200,"srcset":"https:\/\/i0.wp.com\/victoriavynn.ca\/wp-content\/uploads\/2025\/12\/ulka-diamond-drill-bit-c310.webp?fit=750%2C1000&ssl=1&resize=350%2C200 1x, https:\/\/i0.wp.com\/victoriavynn.ca\/wp-content\/uploads\/2025\/12\/ulka-diamond-drill-bit-c310.webp?fit=750%2C1000&ssl=1&resize=525%2C300 1.5x, https:\/\/i0.wp.com\/victoriavynn.ca\/wp-content\/uploads\/2025\/12\/ulka-diamond-drill-bit-c310.webp?fit=750%2C1000&ssl=1&resize=700%2C400 2x"},"classes":[]},{"id":21094,"url":"https:\/\/victoriavynn.ca\/fr\/product\/staleks-pro-expert-diamond-nail-drill-bit-olive-red-head-diameter-2-5-mm-working-part-5-mm\/","url_meta":{"origin":43032,"position":4},"title":"Staleks PRO EXPERT Diamond Nail Drill Bit Olive Red (diam\u00e8tre de la t\u00eate 2.5 mm \/ partie travaillante 5 mm)","author":"Serge Sahakian","date":"mars 14, 2025","format":false,"excerpt":"FA130R025\/5,Staleks PRO EXPERT Fraise \u00e0 clou diamant\u00e9e rouge olive (t\u00eate 2.5 mm \/ partie travaillante 5 mm) 1,Staleks PRO EXPERT Fraise \u00e0 clou diamant\u00e9e rouge olive (t\u00eate 2.5 mm \/ partie travaillante 5 mm) 2","rel":"","context":"Similar post","block_context":{"text":"Similar post","link":""},"img":{"alt_text":"","src":"https:\/\/i0.wp.com\/victoriavynn.ca\/wp-content\/uploads\/2025\/03\/fa130r025_5-1_result.jpg?fit=1200%2C1200&ssl=1&resize=350%2C200","width":350,"height":200,"srcset":"https:\/\/i0.wp.com\/victoriavynn.ca\/wp-content\/uploads\/2025\/03\/fa130r025_5-1_result.jpg?fit=1200%2C1200&ssl=1&resize=350%2C200 1x, https:\/\/i0.wp.com\/victoriavynn.ca\/wp-content\/uploads\/2025\/03\/fa130r025_5-1_result.jpg?fit=1200%2C1200&ssl=1&resize=525%2C300 1.5x, https:\/\/i0.wp.com\/victoriavynn.ca\/wp-content\/uploads\/2025\/03\/fa130r025_5-1_result.jpg?fit=1200%2C1200&ssl=1&resize=700%2C400 2x, https:\/\/i0.wp.com\/victoriavynn.ca\/wp-content\/uploads\/2025\/03\/fa130r025_5-1_result.jpg?fit=1200%2C1200&ssl=1&resize=1050%2C600 3x"},"classes":[]},{"id":21090,"url":"https:\/\/victoriavynn.ca\/fr\/product\/staleks-pro-expert-diamond-nail-drill-bit-pointed-pear-red-head-diameter-5-mm-working-part-12-mm\/","url_meta":{"origin":43032,"position":5},"title":"Staleks PRO EXPERT Diamond Nail Drill Bit Pointed Pear Red (diam\u00e8tre de la t\u00eate 5 mm \/ partie active 12 mm)","author":"Serge Sahakian","date":"mars 14, 2025","format":false,"excerpt":"FA100R050\/12,Staleks PRO EXPERT M\u00e8che \u00e0 clous diamant\u00e9e pointue rouge poire (diam\u00e8tre de la t\u00eate 5 mm \/ partie travaillante 12 mm) 1,Staleks PRO EXPERT M\u00e8che \u00e0 clous diamant\u00e9e pointue rouge poire (diam\u00e8tre de la t\u00eate 5 mm \/ partie travaillante 12 mm) 2","rel":"","context":"Similar post","block_context":{"text":"Similar post","link":""},"img":{"alt_text":"","src":"https:\/\/i0.wp.com\/victoriavynn.ca\/wp-content\/uploads\/2025\/03\/bc19ef12db980640391239c70d9821b1.jpg?fit=1200%2C1200&ssl=1&resize=350%2C200","width":350,"height":200,"srcset":"https:\/\/i0.wp.com\/victoriavynn.ca\/wp-content\/uploads\/2025\/03\/bc19ef12db980640391239c70d9821b1.jpg?fit=1200%2C1200&ssl=1&resize=350%2C200 1x, https:\/\/i0.wp.com\/victoriavynn.ca\/wp-content\/uploads\/2025\/03\/bc19ef12db980640391239c70d9821b1.jpg?fit=1200%2C1200&ssl=1&resize=525%2C300 1.5x, https:\/\/i0.wp.com\/victoriavynn.ca\/wp-content\/uploads\/2025\/03\/bc19ef12db980640391239c70d9821b1.jpg?fit=1200%2C1200&ssl=1&resize=700%2C400 2x, https:\/\/i0.wp.com\/victoriavynn.ca\/wp-content\/uploads\/2025\/03\/bc19ef12db980640391239c70d9821b1.jpg?fit=1200%2C1200&ssl=1&resize=1050%2C600 3x"},"classes":[]}],"jetpack_sharing_enabled":true,"_links":{"self":[{"href":"https:\/\/victoriavynn.ca\/fr\/wp-json\/wp\/v2\/product\/43032","targetHints":{"allow":["GET"]}}],"collection":[{"href":"https:\/\/victoriavynn.ca\/fr\/wp-json\/wp\/v2\/product"}],"about":[{"href":"https:\/\/victoriavynn.ca\/fr\/wp-json\/wp\/v2\/types\/product"}],"replies":[{"embeddable":true,"href":"https:\/\/victoriavynn.ca\/fr\/wp-json\/wp\/v2\/comments?post=43032"}],"wp:featuredmedia":[{"embeddable":true,"href":"https:\/\/victoriavynn.ca\/fr\/wp-json\/wp\/v2\/media\/43033"}],"wp:attachment":[{"href":"https:\/\/victoriavynn.ca\/fr\/wp-json\/wp\/v2\/media?parent=43032"}],"wp:term":[{"taxonomy":"product_brand","embeddable":true,"href":"https:\/\/victoriavynn.ca\/fr\/wp-json\/wp\/v2\/product_brand?post=43032"},{"taxonomy":"product_cat","embeddable":true,"href":"https:\/\/victoriavynn.ca\/fr\/wp-json\/wp\/v2\/product_cat?post=43032"},{"taxonomy":"product_tag","embeddable":true,"href":"https:\/\/victoriavynn.ca\/fr\/wp-json\/wp\/v2\/product_tag?post=43032"}],"curies":[{"name":"wp","href":"https:\/\/api.w.org\/{rel}","templated":true}]}}