{"id":4339,"date":"2022-09-02T18:42:21","date_gmt":"2022-09-02T22:42:21","guid":{"rendered":"https:\/\/victoriavynn.ca\/index.php\/product\/victoria-vynn-pure-creamy-hybrid-color-no-68\/"},"modified":"2026-02-15T11:55:39","modified_gmt":"2026-02-15T16:55:39","slug":"ongles-vert-turquoise-068-by-the-bay","status":"publish","type":"product","link":"https:\/\/victoriavynn.ca\/fr\/product\/turquoise-green-nails-068-by-the-bay\/","title":{"rendered":"Gel Polish Hybride Cr\u00e9meux Pur n\u00b0 068 By the Bay"},"content":{"rendered":"<p>Le syst\u00e8me Pure Creamy Hybrid comprend des vernis gel hybrides cr\u00e9meux d'une excellente couverture et durabilit\u00e9. Il s'agit d'une formule avec un indice de s\u00e9curit\u00e9 \u00e9lev\u00e9, sans odeur irritante et pouvant \u00eatre enlev\u00e9e avec de l'alcool cosm\u00e9tique. Le pinceau court et plat, con\u00e7u sp\u00e9cialement pour la ligne de produits Pure, facilite une application uniforme. Le syst\u00e8me vous permet de cr\u00e9er des manucures hybrides ultrafines. Durci uniquement dans des lampes LED !<\/p>\n<p>Des ongles verts turquoise impressionnants ! Victoria VYNN Pure Creamy Hybrid High Pigment Gel Polish 068 By The Bay est une teinte verte avec une touche de turquoise qui vous rappellera des vacances tropicales.<\/p>\n<p>Les vernis hybrides Pure r\u00e9pondent aux attentes des femmes du monde entier ! Nous cr\u00e9ons nos collections en fonction des derni\u00e8res tendances, nous r\u00e9pondons aux besoins de nos clientes et nous mettons en valeur la beaut\u00e9 de leurs mains !<\/p>","protected":false},"excerpt":{"rendered":"<h1 style=\"font-size: 18px;\">Des ongles verts turquoise impressionnants !<\/h1>\n<p>Victoria VYNN Pure Creamy Hybrid High Pigment Gel Polish 068 By The Bay est une teinte verte avec une touche de turquoise qui vous rappellera des vacances tropicales. Le premier distributeur canadien de fournitures professionnelles pour les ongles. Achetez en toute confiance !<\/p>\n<p>Sp\u00e9cifications du produit :<\/p>\n<p><a href=\"https:\/\/victoriavynn.ca\/wp-content\/uploads\/2022\/12\/CREAMY-FORMULA-1.webp\"><img loading=\"lazy\" decoding=\"async\" class=\"size-full wp-image-8777 alignleft\" src=\"https:\/\/victoriavynn.ca\/wp-content\/uploads\/2022\/12\/CREAMY-FORMULA-1.webp\" alt=\"VERNIS GEL CR\u00c9MEUX\" width=\"125\" height=\"150\" \/><\/a> <img loading=\"lazy\" decoding=\"async\" class=\"size-full wp-image-8778 alignleft\" src=\"https:\/\/victoriavynn.ca\/wp-content\/uploads\/2022\/12\/FLAT-SHORT-BRUSH.webp\" alt=\"VERNIS GEL CR\u00c9MEUX\" width=\"125\" height=\"150\" \/><img loading=\"lazy\" decoding=\"async\" class=\"size-full wp-image-8779 alignleft\" src=\"https:\/\/victoriavynn.ca\/wp-content\/uploads\/2022\/12\/FOR-LED-LAMP.webp\" alt=\"VERNIS GEL CR\u00c9MEUX\" width=\"125\" height=\"150\" \/><a href=\"https:\/\/victoriavynn.ca\/wp-content\/uploads\/2019\/11\/SALON-QUALITY.webp\"><img loading=\"lazy\" decoding=\"async\" class=\"size-full wp-image-8772 alignleft\" src=\"https:\/\/victoriavynn.ca\/wp-content\/uploads\/2019\/11\/SALON-QUALITY.webp\" alt=\"GEL NAIL BUILDER\" width=\"125\" height=\"150\" \/><\/a><\/p>\n<p>&nbsp;<\/p>\n<p>&nbsp;<\/p>\n<p>&nbsp;<\/p>\n<p>&nbsp;<\/p>\n<p>&nbsp;<\/p>\n<p>&nbsp;<\/p>\n<p>&nbsp;<\/p>\n<p style=\"text-align: left;\">Disponibilit\u00e9 du stock :<\/p>","protected":false},"featured_media":10058,"comment_status":"open","ping_status":"closed","template":"","meta":{"jetpack_post_was_ever_published":false,"jetpack_publicize_message":"","jetpack_publicize_feature_enabled":true,"jetpack_social_post_already_shared":true,"jetpack_social_options":{"image_generator_settings":{"template":"highway","default_image_id":0,"font":"","enabled":false},"version":2}},"product_brand":[],"product_cat":[48],"product_tag":[103],"class_list":{"0":"post-4339","1":"product","2":"type-product","3":"status-publish","4":"has-post-thumbnail","6":"product_cat-hybrid-gel-nail-colors","7":"product_tag-creamy-gel-polish","8":"product_shipping_class-cardboard-box","9":"pa_size-8ml","11":"first","12":"instock","13":"taxable","14":"shipping-taxable","15":"purchasable","16":"product-type-simple"},"jetpack_publicize_connections":[],"jetpack-related-posts":[{"id":4309,"url":"https:\/\/victoriavynn.ca\/fr\/product\/best-turquoise-blue-nails-088\/","url_meta":{"origin":4339,"position":0},"title":"Pure Creamy Hybrid Gel Polish No. 088 Turquoise Blue","author":"Serge Sahakian","date":"septembre 2, 2022","format":false,"excerpt":"Des ongles bleu turquoise inspirants ! Victoria VYNN Pure Creamy Hybrid High Pigment Gel Polish 088 Turquoise Blue, avec une quantit\u00e9 minimale de vert, est la nuance parfaite pour l'\u00e9t\u00e9. Le premier distributeur canadien de fournitures professionnelles pour les ongles. Achetez en toute confiance ! Sp\u00e9cifications du produit :               Disponibilit\u00e9 du stock :","rel":"","context":"Similar post","block_context":{"text":"Similar post","link":""},"img":{"alt_text":"Best Turquoise Blue Nails Victoria VYNN Pure Creamy Hybrid 088 Turquoise Blue","src":"https:\/\/i0.wp.com\/victoriavynn.ca\/wp-content\/uploads\/2022\/09\/Best-Turquoise-Blue-Nails-Victoria-VYNN-Pure-Creamy-Hybrid-088-Turquoise-Blue.webp?fit=750%2C1000&ssl=1&resize=350%2C200","width":350,"height":200,"srcset":"https:\/\/i0.wp.com\/victoriavynn.ca\/wp-content\/uploads\/2022\/09\/Best-Turquoise-Blue-Nails-Victoria-VYNN-Pure-Creamy-Hybrid-088-Turquoise-Blue.webp?fit=750%2C1000&ssl=1&resize=350%2C200 1x, https:\/\/i0.wp.com\/victoriavynn.ca\/wp-content\/uploads\/2022\/09\/Best-Turquoise-Blue-Nails-Victoria-VYNN-Pure-Creamy-Hybrid-088-Turquoise-Blue.webp?fit=750%2C1000&ssl=1&resize=525%2C300 1.5x, https:\/\/i0.wp.com\/victoriavynn.ca\/wp-content\/uploads\/2022\/09\/Best-Turquoise-Blue-Nails-Victoria-VYNN-Pure-Creamy-Hybrid-088-Turquoise-Blue.webp?fit=750%2C1000&ssl=1&resize=700%2C400 2x"},"classes":[]},{"id":4403,"url":"https:\/\/victoriavynn.ca\/fr\/product\/best-turquoise-nails-032-turquoise-island\/","url_meta":{"origin":4339,"position":1},"title":"Pure Creamy Hybrid Gel Polish No. 032 Turquoise Island","author":"Serge Sahakian","date":"septembre 2, 2022","format":false,"excerpt":"De magnifiques ongles turquoise pour l'\u00e9t\u00e9 ! Victoria VYNN Pure Creamy Hybrid High Pigment Gel Polish 032 Turquoise Island est un turquoise noble qui \u00e9voque des souvenirs de vacances lointaines. Le premier distributeur canadien de fournitures professionnelles pour les ongles. Achetez en toute confiance ! Sp\u00e9cifications du produit :               Disponibilit\u00e9 du stock :","rel":"","context":"Similar post","block_context":{"text":"Similar post","link":""},"img":{"alt_text":"Best Summer Turquoise Nails Victoria VYNN Pure Cream Hybrid Turquoise Islan 032","src":"https:\/\/i0.wp.com\/victoriavynn.ca\/wp-content\/uploads\/2022\/09\/Best-Summer-Turquoise-Nails-Victoria-VYNN-Pure-Cream-Hybrid-Turquoise-Islan-032-1-1.webp?fit=750%2C1000&ssl=1&resize=350%2C200","width":350,"height":200,"srcset":"https:\/\/i0.wp.com\/victoriavynn.ca\/wp-content\/uploads\/2022\/09\/Best-Summer-Turquoise-Nails-Victoria-VYNN-Pure-Cream-Hybrid-Turquoise-Islan-032-1-1.webp?fit=750%2C1000&ssl=1&resize=350%2C200 1x, https:\/\/i0.wp.com\/victoriavynn.ca\/wp-content\/uploads\/2022\/09\/Best-Summer-Turquoise-Nails-Victoria-VYNN-Pure-Cream-Hybrid-Turquoise-Islan-032-1-1.webp?fit=750%2C1000&ssl=1&resize=525%2C300 1.5x, https:\/\/i0.wp.com\/victoriavynn.ca\/wp-content\/uploads\/2022\/09\/Best-Summer-Turquoise-Nails-Victoria-VYNN-Pure-Cream-Hybrid-Turquoise-Islan-032-1-1.webp?fit=750%2C1000&ssl=1&resize=700%2C400 2x"},"classes":[]},{"id":4311,"url":"https:\/\/victoriavynn.ca\/fr\/product\/bright-mint-green-nails-087-light-teal\/","url_meta":{"origin":4339,"position":2},"title":"Vernis gel hybride cr\u00e9meux pur n\u00b0 087 Light Teal","author":"Serge Sahakian","date":"septembre 2, 2022","format":false,"excerpt":"Des ongles verts menthe brillants ! Victoria VYNN Pure Creamy Hybrid High Pigment Gel Polish 087 Light Teal est un vert turquoise brillant pour les vacances. Le principal distributeur canadien de fournitures professionnelles pour les ongles. Achetez en toute confiance ! Sp\u00e9cifications du produit :               Disponibilit\u00e9 en stock :","rel":"","context":"Similar post","block_context":{"text":"Similar post","link":""},"img":{"alt_text":"Best Mint Green Nails Victoria VYNN Pure Creamy Hybrid 087 Light Teal","src":"https:\/\/i0.wp.com\/victoriavynn.ca\/wp-content\/uploads\/2022\/09\/Best-Mint-Green-Nails-Victoria-VYNN-Pure-Creamy-Hybrid-087-Light-Teal.webp?fit=750%2C1000&ssl=1&resize=350%2C200","width":350,"height":200,"srcset":"https:\/\/i0.wp.com\/victoriavynn.ca\/wp-content\/uploads\/2022\/09\/Best-Mint-Green-Nails-Victoria-VYNN-Pure-Creamy-Hybrid-087-Light-Teal.webp?fit=750%2C1000&ssl=1&resize=350%2C200 1x, https:\/\/i0.wp.com\/victoriavynn.ca\/wp-content\/uploads\/2022\/09\/Best-Mint-Green-Nails-Victoria-VYNN-Pure-Creamy-Hybrid-087-Light-Teal.webp?fit=750%2C1000&ssl=1&resize=525%2C300 1.5x, https:\/\/i0.wp.com\/victoriavynn.ca\/wp-content\/uploads\/2022\/09\/Best-Mint-Green-Nails-Victoria-VYNN-Pure-Creamy-Hybrid-087-Light-Teal.webp?fit=750%2C1000&ssl=1&resize=700%2C400 2x"},"classes":[]},{"id":12795,"url":"https:\/\/victoriavynn.ca\/fr\/product\/light-creamy-pastel-mint-green-gel-polish\/","url_meta":{"origin":4339,"position":3},"title":"Pure Creamy Hybrid Gel Polish No. 239 Vintage Patina","author":"Serge Sahakian","date":"juin 9, 2023","format":false,"excerpt":"Victoria VYNN Pure Creamy Hybrid Light Creamy Pastel Mint Green Gel Polish Vintage Patina No. 239 est une \u00e9tonnante nuance rustique de vert qui prend du caract\u00e8re avec le temps. Le premier distributeur canadien de fournitures professionnelles pour les ongles. Achetez en toute confiance ! Collection : Pure Creamy Hybrid Retro Pastel Sp\u00e9cifications du produit :      ...","rel":"","context":"Similar post","block_context":{"text":"Similar post","link":""},"img":{"alt_text":"Pure Creamy Hybrid White Light Creamy Pastel Mint Green Gel Polish Vintage Patina No. 239","src":"https:\/\/i0.wp.com\/victoriavynn.ca\/wp-content\/uploads\/2023\/06\/pure-creamy-hybrid-white-light-creamy-pastel-mint-green-gel-polish-vintage-patina-no.-239.webp?fit=750%2C1000&ssl=1&resize=350%2C200","width":350,"height":200,"srcset":"https:\/\/i0.wp.com\/victoriavynn.ca\/wp-content\/uploads\/2023\/06\/pure-creamy-hybrid-white-light-creamy-pastel-mint-green-gel-polish-vintage-patina-no.-239.webp?fit=750%2C1000&ssl=1&resize=350%2C200 1x, https:\/\/i0.wp.com\/victoriavynn.ca\/wp-content\/uploads\/2023\/06\/pure-creamy-hybrid-white-light-creamy-pastel-mint-green-gel-polish-vintage-patina-no.-239.webp?fit=750%2C1000&ssl=1&resize=525%2C300 1.5x, https:\/\/i0.wp.com\/victoriavynn.ca\/wp-content\/uploads\/2023\/06\/pure-creamy-hybrid-white-light-creamy-pastel-mint-green-gel-polish-vintage-patina-no.-239.webp?fit=750%2C1000&ssl=1&resize=700%2C400 2x"},"classes":[]},{"id":4161,"url":"https:\/\/victoriavynn.ca\/fr\/product\/creamy-hybrid-gel-polish-187-harbour-blue\/","url_meta":{"origin":4339,"position":4},"title":"Pure Creamy Hybrid Gel Polish No. 187 Harbour Blue","author":"Serge Sahakian","date":"septembre 2, 2022","format":false,"excerpt":"Victoria VYNN Pure Creamy Hybrid Gel Polish Harbour Blue No. 187 est le bleu marine intense qui a \u00e9t\u00e9 bris\u00e9 avec une solide dose de vert. Le plus grand distributeur canadien de fournitures professionnelles pour ongles. Achetez en toute confiance !","rel":"","context":"Similar post","block_context":{"text":"Similar post","link":""},"img":{"alt_text":"creamy hybrid gel polish","src":"https:\/\/i0.wp.com\/victoriavynn.ca\/wp-content\/uploads\/2022\/09\/187.png?fit=1000%2C1000&ssl=1&resize=350%2C200","width":350,"height":200,"srcset":"https:\/\/i0.wp.com\/victoriavynn.ca\/wp-content\/uploads\/2022\/09\/187.png?fit=1000%2C1000&ssl=1&resize=350%2C200 1x, https:\/\/i0.wp.com\/victoriavynn.ca\/wp-content\/uploads\/2022\/09\/187.png?fit=1000%2C1000&ssl=1&resize=525%2C300 1.5x, https:\/\/i0.wp.com\/victoriavynn.ca\/wp-content\/uploads\/2022\/09\/187.png?fit=1000%2C1000&ssl=1&resize=700%2C400 2x"},"classes":[]},{"id":4313,"url":"https:\/\/victoriavynn.ca\/fr\/product\/best-yellow-gel-nails-083-aloha-beach\/","url_meta":{"origin":4339,"position":5},"title":"Gel Polish Hybride Cr\u00e9meux Pur n\u00b0 083 Aloha Beach","author":"Serge Sahakian","date":"septembre 2, 2022","format":false,"excerpt":"Des ongles en gel d'un jaune impressionnant ! Victoria VYNN Pure Creamy Hybrid High Pigment Gel Polish 083 Aloha Beach est \u00e9nergique, mais la forme la plus pure du jaune. Le premier distributeur canadien de fournitures professionnelles pour les ongles. Achetez en toute confiance ! Sp\u00e9cifications du produit :               Disponibilit\u00e9 du stock :","rel":"","context":"Similar post","block_context":{"text":"Similar post","link":""},"img":{"alt_text":"Best yellow gel nails Victoria VYNN Pure Creamy Hybrid 083 Aloha Beach","src":"https:\/\/i0.wp.com\/victoriavynn.ca\/wp-content\/uploads\/2022\/09\/Best-yellow-gel-nails-Victoria-VYNN-Pure-Creamy-Hybrid-083-Aloha-Beach-.webp?fit=750%2C1000&ssl=1&resize=350%2C200","width":350,"height":200,"srcset":"https:\/\/i0.wp.com\/victoriavynn.ca\/wp-content\/uploads\/2022\/09\/Best-yellow-gel-nails-Victoria-VYNN-Pure-Creamy-Hybrid-083-Aloha-Beach-.webp?fit=750%2C1000&ssl=1&resize=350%2C200 1x, https:\/\/i0.wp.com\/victoriavynn.ca\/wp-content\/uploads\/2022\/09\/Best-yellow-gel-nails-Victoria-VYNN-Pure-Creamy-Hybrid-083-Aloha-Beach-.webp?fit=750%2C1000&ssl=1&resize=525%2C300 1.5x, https:\/\/i0.wp.com\/victoriavynn.ca\/wp-content\/uploads\/2022\/09\/Best-yellow-gel-nails-Victoria-VYNN-Pure-Creamy-Hybrid-083-Aloha-Beach-.webp?fit=750%2C1000&ssl=1&resize=700%2C400 2x"},"classes":[]}],"jetpack_sharing_enabled":true,"_links":{"self":[{"href":"https:\/\/victoriavynn.ca\/fr\/wp-json\/wp\/v2\/product\/4339","targetHints":{"allow":["GET"]}}],"collection":[{"href":"https:\/\/victoriavynn.ca\/fr\/wp-json\/wp\/v2\/product"}],"about":[{"href":"https:\/\/victoriavynn.ca\/fr\/wp-json\/wp\/v2\/types\/product"}],"replies":[{"embeddable":true,"href":"https:\/\/victoriavynn.ca\/fr\/wp-json\/wp\/v2\/comments?post=4339"}],"wp:featuredmedia":[{"embeddable":true,"href":"https:\/\/victoriavynn.ca\/fr\/wp-json\/wp\/v2\/media\/10058"}],"wp:attachment":[{"href":"https:\/\/victoriavynn.ca\/fr\/wp-json\/wp\/v2\/media?parent=4339"}],"wp:term":[{"taxonomy":"product_brand","embeddable":true,"href":"https:\/\/victoriavynn.ca\/fr\/wp-json\/wp\/v2\/product_brand?post=4339"},{"taxonomy":"product_cat","embeddable":true,"href":"https:\/\/victoriavynn.ca\/fr\/wp-json\/wp\/v2\/product_cat?post=4339"},{"taxonomy":"product_tag","embeddable":true,"href":"https:\/\/victoriavynn.ca\/fr\/wp-json\/wp\/v2\/product_tag?post=4339"}],"curies":[{"name":"wp","href":"https:\/\/api.w.org\/{rel}","templated":true}]}}