{"id":4347,"date":"2022-09-02T18:46:59","date_gmt":"2022-09-02T22:46:59","guid":{"rendered":"https:\/\/victoriavynn.ca\/index.php\/product\/victoria-vynn-pure-creamy-hybrid-color-no-62\/"},"modified":"2026-03-22T14:01:12","modified_gmt":"2026-03-22T18:01:12","slug":"aubergine-violet-fonce-noir-gel-polish-062","status":"publish","type":"product","link":"https:\/\/victoriavynn.ca\/fr\/product\/aubergine-dark-purple-black-gel-polish-062\/","title":{"rendered":"Vernis gel hybride cr\u00e9meux pur n\u00b0 062 Black Tulip"},"content":{"rendered":"<p>Le syst\u00e8me Pure Creamy Hybrid comprend des vernis gel hybrides cr\u00e9meux d'une excellente couverture et durabilit\u00e9. Il s'agit d'une formule avec un indice de s\u00e9curit\u00e9 \u00e9lev\u00e9, sans odeur irritante et pouvant \u00eatre enlev\u00e9e avec de l'alcool cosm\u00e9tique. Le pinceau court et plat, con\u00e7u sp\u00e9cialement pour la ligne de produits Pure, facilite une application uniforme. Le syst\u00e8me vous permet de cr\u00e9er des manucures hybrides ultrafines. Durci uniquement dans des lampes LED !<\/p>\n<p>Gel Polish Aubergine violet fonc\u00e9 noir super \u00e9l\u00e9gant ! Victoria VYNN Pure Creamy Hybrid High Pigment Gel Polish 062 Black Tulip pr\u00e9sente un violet fonc\u00e9 \u00e0 la limite du noir.<\/p>\n<p>Les vernis hybrides Pure r\u00e9pondent aux attentes des femmes du monde entier ! Nous cr\u00e9ons nos collections en fonction des derni\u00e8res tendances, nous r\u00e9pondons aux besoins de nos clientes et nous mettons en valeur la beaut\u00e9 de leurs mains !<\/p>","protected":false},"excerpt":{"rendered":"<h1 style=\"font-size: 18px;\">Super Elegant Aubergine Dark Purple Black Gel Polish !<\/h1>\n<p>Victoria VYNN Pure Creamy Hybrid High Pigment Gel Polish 061 After Party est agr\u00e9ment\u00e9 de particules multicolores dans une \u00e9tonnante teinte violet fonc\u00e9. Le premier distributeur canadien de fournitures professionnelles pour les ongles. Achetez en toute confiance !<\/p>\n<p>Sp\u00e9cifications du produit :<\/p>\n<p><a href=\"https:\/\/victoriavynn.ca\/wp-content\/uploads\/2022\/12\/CREAMY-FORMULA-1.webp\"><img loading=\"lazy\" decoding=\"async\" class=\"size-full wp-image-8777 alignleft\" src=\"https:\/\/victoriavynn.ca\/wp-content\/uploads\/2022\/12\/CREAMY-FORMULA-1.webp\" alt=\"VERNIS GEL CR\u00c9MEUX\" width=\"125\" height=\"150\" \/><\/a> <img loading=\"lazy\" decoding=\"async\" class=\"size-full wp-image-8778 alignleft\" src=\"https:\/\/victoriavynn.ca\/wp-content\/uploads\/2022\/12\/FLAT-SHORT-BRUSH.webp\" alt=\"VERNIS GEL CR\u00c9MEUX\" width=\"125\" height=\"150\" \/><img loading=\"lazy\" decoding=\"async\" class=\"size-full wp-image-8779 alignleft\" src=\"https:\/\/victoriavynn.ca\/wp-content\/uploads\/2022\/12\/FOR-LED-LAMP.webp\" alt=\"VERNIS GEL CR\u00c9MEUX\" width=\"125\" height=\"150\" \/><a href=\"https:\/\/victoriavynn.ca\/wp-content\/uploads\/2019\/11\/SALON-QUALITY.webp\"><img loading=\"lazy\" decoding=\"async\" class=\"size-full wp-image-8772 alignleft\" src=\"https:\/\/victoriavynn.ca\/wp-content\/uploads\/2019\/11\/SALON-QUALITY.webp\" alt=\"GEL NAIL BUILDER\" width=\"125\" height=\"150\" \/><\/a><\/p>\n<p>&nbsp;<\/p>\n<p>&nbsp;<\/p>\n<p>&nbsp;<\/p>\n<p>&nbsp;<\/p>\n<p>&nbsp;<\/p>\n<p>&nbsp;<\/p>\n<p>&nbsp;<\/p>\n<p style=\"text-align: left;\">Disponibilit\u00e9 du stock :<\/p>","protected":false},"featured_media":10026,"comment_status":"open","ping_status":"closed","template":"","meta":{"jetpack_post_was_ever_published":false,"jetpack_publicize_message":"","jetpack_publicize_feature_enabled":true,"jetpack_social_post_already_shared":true,"jetpack_social_options":{"image_generator_settings":{"template":"highway","default_image_id":0,"font":"","enabled":false},"version":2}},"product_brand":[],"product_cat":[48],"product_tag":[103],"class_list":{"0":"post-4347","1":"product","2":"type-product","3":"status-publish","4":"has-post-thumbnail","6":"product_cat-hybrid-gel-nail-colors","7":"product_tag-creamy-gel-polish","8":"product_shipping_class-cardboard-box","9":"pa_size-8ml","11":"first","12":"instock","13":"taxable","14":"shipping-taxable","15":"purchasable","16":"product-type-simple"},"jetpack_publicize_connections":[],"jetpack-related-posts":[{"id":4345,"url":"https:\/\/victoriavynn.ca\/fr\/product\/best-sapphire-blue-nails-062-society-blue\/","url_meta":{"origin":4347,"position":0},"title":"Vernis gel hybride cr\u00e9meux Pure No. 065 High Society","author":"Serge Sahakian","date":"septembre 2, 2022","format":false,"excerpt":"Incredible Sapphire Blue Nails! Victoria VYNN Pure Creamy Hybrid High Pigment Gel Polish 061 After Party is enlivened with multicolored particles in an amazing dark purple shade.\u00a0Canada's Leading Distributor of Professional Nail Supplies. Buy with Confidence! Product Specifications: \u00a0 \u00a0 \u00a0 \u00a0 \u00a0 \u00a0 \u00a0 Stock Availability:","rel":"","context":"Similar post","block_context":{"text":"Similar post","link":""},"img":{"alt_text":"Best Sapphire Blue Nails Victoria VYNN Pure Creamy Hybrid 065 High Society","src":"https:\/\/i0.wp.com\/victoriavynn.ca\/wp-content\/uploads\/2022\/09\/Best-Sapphire-Blue-Nails-Victoria-VYNN-Pure-Creamy-Hybrid-065-High-Society.webp?fit=750%2C1000&ssl=1&resize=350%2C200","width":350,"height":200,"srcset":"https:\/\/i0.wp.com\/victoriavynn.ca\/wp-content\/uploads\/2022\/09\/Best-Sapphire-Blue-Nails-Victoria-VYNN-Pure-Creamy-Hybrid-065-High-Society.webp?fit=750%2C1000&ssl=1&resize=350%2C200 1x, https:\/\/i0.wp.com\/victoriavynn.ca\/wp-content\/uploads\/2022\/09\/Best-Sapphire-Blue-Nails-Victoria-VYNN-Pure-Creamy-Hybrid-065-High-Society.webp?fit=750%2C1000&ssl=1&resize=525%2C300 1.5x, https:\/\/i0.wp.com\/victoriavynn.ca\/wp-content\/uploads\/2022\/09\/Best-Sapphire-Blue-Nails-Victoria-VYNN-Pure-Creamy-Hybrid-065-High-Society.webp?fit=750%2C1000&ssl=1&resize=700%2C400 2x"},"classes":[]},{"id":4349,"url":"https:\/\/victoriavynn.ca\/fr\/product\/shimmery-dark-purple-nails-061-after-party\/","url_meta":{"origin":4347,"position":1},"title":"Gel Polish Hybride Cr\u00e9meux Pur n\u00b0 061 After Party","author":"Serge Sahakian","date":"septembre 2, 2022","format":false,"excerpt":"Fantastic Shimmery Dark Purple Gel Nails! Victoria VYNN Pure Creamy Hybrid High Pigment Gel Polish 061 After Party is enlivened with multicolored particles in an amazing dark purple shade.\u00a0Canada's Leading Distributor of Professional Nail Supplies. Buy with Confidence! Product Specifications: \u00a0 \u00a0 \u00a0 \u00a0 \u00a0 \u00a0 \u00a0 Stock Availability:","rel":"","context":"Similar post","block_context":{"text":"Similar post","link":""},"img":{"alt_text":"Best Shimmery Dark Purple Nails Victoria VYNN Pure Creamy Hybrid 061 After Party","src":"https:\/\/i0.wp.com\/victoriavynn.ca\/wp-content\/uploads\/2022\/09\/Best-Shimmery-Dark-Pruple-Nails-Victoria-VYNN-Pure-Creamy-Hybrid-061-After-Party.webp?fit=750%2C1000&ssl=1&resize=350%2C200","width":350,"height":200,"srcset":"https:\/\/i0.wp.com\/victoriavynn.ca\/wp-content\/uploads\/2022\/09\/Best-Shimmery-Dark-Pruple-Nails-Victoria-VYNN-Pure-Creamy-Hybrid-061-After-Party.webp?fit=750%2C1000&ssl=1&resize=350%2C200 1x, https:\/\/i0.wp.com\/victoriavynn.ca\/wp-content\/uploads\/2022\/09\/Best-Shimmery-Dark-Pruple-Nails-Victoria-VYNN-Pure-Creamy-Hybrid-061-After-Party.webp?fit=750%2C1000&ssl=1&resize=525%2C300 1.5x, https:\/\/i0.wp.com\/victoriavynn.ca\/wp-content\/uploads\/2022\/09\/Best-Shimmery-Dark-Pruple-Nails-Victoria-VYNN-Pure-Creamy-Hybrid-061-After-Party.webp?fit=750%2C1000&ssl=1&resize=700%2C400 2x"},"classes":[]},{"id":12789,"url":"https:\/\/victoriavynn.ca\/fr\/product\/light-creamy-pastel-purple-gel-polish\/","url_meta":{"origin":4347,"position":2},"title":"Pure Creamy Hybrid Gel Polish No. 238 Decadent Lily (Lys d\u00e9cadent)","author":"Serge Sahakian","date":"juin 9, 2023","format":false,"excerpt":"Victoria VYNN Pure Creamy Hybrid Light Creamy Pastel Purple Gel Polish Decadent Lily No. 238 est un violet d\u00e9cadent att\u00e9nu\u00e9 par le gris qui s'harmonise merveilleusement avec la peau ensoleill\u00e9e. Le premier distributeur canadien de fournitures professionnelles pour les ongles. Achetez en toute confiance ! Collection : Pure Creamy Hybrid Retro Pastel Sp\u00e9cifications du produit :          ...","rel":"","context":"Similar post","block_context":{"text":"Similar post","link":""},"img":{"alt_text":"Victoria VYNN Pure Creamy Hybrid Light Creamy Pastel Purple Gel Polish 238 Decadent Lily","src":"https:\/\/i0.wp.com\/victoriavynn.ca\/wp-content\/uploads\/2023\/06\/victoria-vynn-pure-creamy-hybrid-light-creamy-purple-gel-polish-238-decadent-lily-.webp?fit=750%2C1000&ssl=1&resize=350%2C200","width":350,"height":200,"srcset":"https:\/\/i0.wp.com\/victoriavynn.ca\/wp-content\/uploads\/2023\/06\/victoria-vynn-pure-creamy-hybrid-light-creamy-purple-gel-polish-238-decadent-lily-.webp?fit=750%2C1000&ssl=1&resize=350%2C200 1x, https:\/\/i0.wp.com\/victoriavynn.ca\/wp-content\/uploads\/2023\/06\/victoria-vynn-pure-creamy-hybrid-light-creamy-purple-gel-polish-238-decadent-lily-.webp?fit=750%2C1000&ssl=1&resize=525%2C300 1.5x, https:\/\/i0.wp.com\/victoriavynn.ca\/wp-content\/uploads\/2023\/06\/victoria-vynn-pure-creamy-hybrid-light-creamy-purple-gel-polish-238-decadent-lily-.webp?fit=750%2C1000&ssl=1&resize=700%2C400 2x"},"classes":[]},{"id":4413,"url":"https:\/\/victoriavynn.ca\/fr\/product\/gel-nail-polish-dark-red-024-forever-crims\/","url_meta":{"origin":4347,"position":3},"title":"Vernis gel hybride cr\u00e9meux Pure No. 024 Forever Crims","author":"Serge Sahakian","date":"septembre 2, 2022","format":false,"excerpt":"Le plus \u00e9l\u00e9gant des vernis \u00e0 ongles en gel rouge fonc\u00e9 ! Victoria VYNN Pure Creamy Hybrid High Pigment Gel Polish 024 Forever Crims est un rouge \u00e9carlate qui ajoute de la classe \u00e0 n'importe quel design. Le premier distributeur canadien de fournitures professionnelles pour les ongles. Achetez en toute confiance ! Sp\u00e9cifications du produit :               Disponibilit\u00e9 du stock :","rel":"","context":"Similar post","block_context":{"text":"Similar post","link":""},"img":{"alt_text":"Best Selling Gel Red nail polish dark red Victoria VYNN Pure Creamy Hybrid 024 Forever Crimson","src":"https:\/\/i0.wp.com\/victoriavynn.ca\/wp-content\/uploads\/2022\/09\/Best-Selling-Gel-Red-nail-polish-dark-red-Victoria-VYNN-Pure-Creamy-Hybrid-024-Forever-Crimson.webp?fit=750%2C1000&ssl=1&resize=350%2C200","width":350,"height":200,"srcset":"https:\/\/i0.wp.com\/victoriavynn.ca\/wp-content\/uploads\/2022\/09\/Best-Selling-Gel-Red-nail-polish-dark-red-Victoria-VYNN-Pure-Creamy-Hybrid-024-Forever-Crimson.webp?fit=750%2C1000&ssl=1&resize=350%2C200 1x, https:\/\/i0.wp.com\/victoriavynn.ca\/wp-content\/uploads\/2022\/09\/Best-Selling-Gel-Red-nail-polish-dark-red-Victoria-VYNN-Pure-Creamy-Hybrid-024-Forever-Crimson.webp?fit=750%2C1000&ssl=1&resize=525%2C300 1.5x, https:\/\/i0.wp.com\/victoriavynn.ca\/wp-content\/uploads\/2022\/09\/Best-Selling-Gel-Red-nail-polish-dark-red-Victoria-VYNN-Pure-Creamy-Hybrid-024-Forever-Crimson.webp?fit=750%2C1000&ssl=1&resize=700%2C400 2x"},"classes":[]},{"id":4359,"url":"https:\/\/victoriavynn.ca\/fr\/product\/best-purple-gel-nails-056-feel-the-colour\/","url_meta":{"origin":4347,"position":4},"title":"Gel Polish Hybride Cr\u00e9meux Pur n\u00b0 056 Sentir la couleur","author":"Serge Sahakian","date":"septembre 2, 2022","format":false,"excerpt":"Magnifiques ongles en gel violet ! Victoria VYNN Pure Creamy Hybrid High Pigment Gel Polish 056 Feel the Colour est la teinte violette qui vous fait ressentir l'\u00e9nergie r\u00e9elle du violet. Le premier distributeur canadien de fournitures professionnelles pour les ongles. Achetez en toute confiance ! Sp\u00e9cifications du produit :               Stock...","rel":"","context":"Similar post","block_context":{"text":"Similar post","link":""},"img":{"alt_text":"Best Purple gel nails Victoria VYNN Pure Creamy Hybrid Feel the Colour 056","src":"https:\/\/i0.wp.com\/victoriavynn.ca\/wp-content\/uploads\/2022\/09\/Best-Purple-gel-nails-Victoria-VYNN-Pure-Creamy-Hybrid-Feel-the-Colour-056-1-3.webp?fit=750%2C1000&ssl=1&resize=350%2C200","width":350,"height":200,"srcset":"https:\/\/i0.wp.com\/victoriavynn.ca\/wp-content\/uploads\/2022\/09\/Best-Purple-gel-nails-Victoria-VYNN-Pure-Creamy-Hybrid-Feel-the-Colour-056-1-3.webp?fit=750%2C1000&ssl=1&resize=350%2C200 1x, https:\/\/i0.wp.com\/victoriavynn.ca\/wp-content\/uploads\/2022\/09\/Best-Purple-gel-nails-Victoria-VYNN-Pure-Creamy-Hybrid-Feel-the-Colour-056-1-3.webp?fit=750%2C1000&ssl=1&resize=525%2C300 1.5x, https:\/\/i0.wp.com\/victoriavynn.ca\/wp-content\/uploads\/2022\/09\/Best-Purple-gel-nails-Victoria-VYNN-Pure-Creamy-Hybrid-Feel-the-Colour-056-1-3.webp?fit=750%2C1000&ssl=1&resize=700%2C400 2x"},"classes":[]},{"id":4353,"url":"https:\/\/victoriavynn.ca\/fr\/product\/purple-lavender-nails-059-deep-lavender\/","url_meta":{"origin":4347,"position":5},"title":"Gel Polish Hybride Cr\u00e9meux Pur n\u00b0 059 Lavande Profonde","author":"Serge Sahakian","date":"septembre 2, 2022","format":false,"excerpt":"Charming Deep Purple Lavender Nails! Victoria VYNN Pure Creamy Hybrid High Pigment Gel Polish 059 Deep Lavender is a decent purple shade of Lavender. Canada's Leading Distributor of Professional Nail Supplies. Buy with Confidence! Product Specifications: \u00a0 \u00a0 \u00a0 \u00a0 \u00a0 \u00a0 \u00a0 Stock Availability:","rel":"","context":"Similar post","block_context":{"text":"Similar post","link":""},"img":{"alt_text":"Best Deep Purple lavender nails Victoria VYNN Pure Creamy Hybrid 059 Deep Lavender","src":"https:\/\/i0.wp.com\/victoriavynn.ca\/wp-content\/uploads\/2022\/09\/Best-Deep-Purple-lavender-nails-Victoria-VYNN-Pure-Creamy-Hybrid-059-Deep-Lavender-.webp?fit=750%2C1000&ssl=1&resize=350%2C200","width":350,"height":200,"srcset":"https:\/\/i0.wp.com\/victoriavynn.ca\/wp-content\/uploads\/2022\/09\/Best-Deep-Purple-lavender-nails-Victoria-VYNN-Pure-Creamy-Hybrid-059-Deep-Lavender-.webp?fit=750%2C1000&ssl=1&resize=350%2C200 1x, https:\/\/i0.wp.com\/victoriavynn.ca\/wp-content\/uploads\/2022\/09\/Best-Deep-Purple-lavender-nails-Victoria-VYNN-Pure-Creamy-Hybrid-059-Deep-Lavender-.webp?fit=750%2C1000&ssl=1&resize=525%2C300 1.5x, https:\/\/i0.wp.com\/victoriavynn.ca\/wp-content\/uploads\/2022\/09\/Best-Deep-Purple-lavender-nails-Victoria-VYNN-Pure-Creamy-Hybrid-059-Deep-Lavender-.webp?fit=750%2C1000&ssl=1&resize=700%2C400 2x"},"classes":[]}],"jetpack_sharing_enabled":true,"_links":{"self":[{"href":"https:\/\/victoriavynn.ca\/fr\/wp-json\/wp\/v2\/product\/4347","targetHints":{"allow":["GET"]}}],"collection":[{"href":"https:\/\/victoriavynn.ca\/fr\/wp-json\/wp\/v2\/product"}],"about":[{"href":"https:\/\/victoriavynn.ca\/fr\/wp-json\/wp\/v2\/types\/product"}],"replies":[{"embeddable":true,"href":"https:\/\/victoriavynn.ca\/fr\/wp-json\/wp\/v2\/comments?post=4347"}],"wp:featuredmedia":[{"embeddable":true,"href":"https:\/\/victoriavynn.ca\/fr\/wp-json\/wp\/v2\/media\/10026"}],"wp:attachment":[{"href":"https:\/\/victoriavynn.ca\/fr\/wp-json\/wp\/v2\/media?parent=4347"}],"wp:term":[{"taxonomy":"product_brand","embeddable":true,"href":"https:\/\/victoriavynn.ca\/fr\/wp-json\/wp\/v2\/product_brand?post=4347"},{"taxonomy":"product_cat","embeddable":true,"href":"https:\/\/victoriavynn.ca\/fr\/wp-json\/wp\/v2\/product_cat?post=4347"},{"taxonomy":"product_tag","embeddable":true,"href":"https:\/\/victoriavynn.ca\/fr\/wp-json\/wp\/v2\/product_tag?post=4347"}],"curies":[{"name":"wp","href":"https:\/\/api.w.org\/{rel}","templated":true}]}}