{"id":4375,"date":"2022-09-02T18:47:12","date_gmt":"2022-09-02T22:47:12","guid":{"rendered":"https:\/\/victoriavynn.ca\/index.php\/product\/victoria-vynn-pure-creamy-hybrid-color-no-48\/"},"modified":"2026-03-22T14:01:12","modified_gmt":"2026-03-22T18:01:12","slug":"meilleurs-ongles-rouges-pailletes-048-red-obsessed","status":"publish","type":"product","link":"https:\/\/victoriavynn.ca\/fr\/product\/best-red-glitter-nails-048-red-obsessed\/","title":{"rendered":"Pure Creamy Hybrid Gel Polish No. 048 Red Obsessed"},"content":{"rendered":"<p>Le syst\u00e8me Pure Creamy Hybrid comprend des vernis gel hybrides cr\u00e9meux d'une excellente couverture et durabilit\u00e9. Il s'agit d'une formule avec un indice de s\u00e9curit\u00e9 \u00e9lev\u00e9, sans odeur irritante et pouvant \u00eatre enlev\u00e9e avec de l'alcool cosm\u00e9tique. Le pinceau court et plat, con\u00e7u sp\u00e9cialement pour la ligne de produits Pure, facilite une application uniforme. Le syst\u00e8me vous permet de cr\u00e9er des manucures hybrides ultrafines. Durci uniquement dans des lampes LED !<\/p>\n<p>Des ongles paillet\u00e9s rouges \u00e9tonnants ! Victoria VYNN Pure Creamy Hybrid High Pigment Gel Polish 048 Red Obsessed est une teinte rouge unique avec des particules rouges vibrantes.<\/p>\n<p>Les vernis hybrides Pure r\u00e9pondent aux attentes des femmes du monde entier ! Nous cr\u00e9ons nos collections en fonction des derni\u00e8res tendances, nous r\u00e9pondons aux besoins de nos clientes et nous mettons en valeur la beaut\u00e9 de leurs mains !<\/p>","protected":false},"excerpt":{"rendered":"<p>Des ongles paillet\u00e9s rouges \u00e9tonnants ! Victoria VYNN Pure Creamy Hybrid High Pigment Gel Polish 048 Red Obsessed est une teinte rouge unique avec des particules rouges vibrantes. Le premier distributeur canadien de fournitures professionnelles pour les ongles. Achetez en toute confiance !<\/p>\n<p>Sp\u00e9cifications du produit :<\/p>\n<p><a href=\"https:\/\/victoriavynn.ca\/wp-content\/uploads\/2022\/12\/CREAMY-FORMULA-1.webp\"><img loading=\"lazy\" decoding=\"async\" class=\"size-full wp-image-8777 alignleft\" src=\"https:\/\/victoriavynn.ca\/wp-content\/uploads\/2022\/12\/CREAMY-FORMULA-1.webp\" alt=\"VERNIS GEL CR\u00c9MEUX\" width=\"125\" height=\"150\" \/><\/a> <img loading=\"lazy\" decoding=\"async\" class=\"size-full wp-image-8778 alignleft\" src=\"https:\/\/victoriavynn.ca\/wp-content\/uploads\/2022\/12\/FLAT-SHORT-BRUSH.webp\" alt=\"VERNIS GEL CR\u00c9MEUX\" width=\"125\" height=\"150\" \/><img loading=\"lazy\" decoding=\"async\" class=\"size-full wp-image-8779 alignleft\" src=\"https:\/\/victoriavynn.ca\/wp-content\/uploads\/2022\/12\/FOR-LED-LAMP.webp\" alt=\"VERNIS GEL CR\u00c9MEUX\" width=\"125\" height=\"150\" \/><a href=\"https:\/\/victoriavynn.ca\/wp-content\/uploads\/2019\/11\/SALON-QUALITY.webp\"><img loading=\"lazy\" decoding=\"async\" class=\"size-full wp-image-8772 alignleft\" src=\"https:\/\/victoriavynn.ca\/wp-content\/uploads\/2019\/11\/SALON-QUALITY.webp\" alt=\"GEL NAIL BUILDER\" width=\"125\" height=\"150\" \/><\/a><\/p>\n<p>&nbsp;<\/p>\n<p>&nbsp;<\/p>\n<p>&nbsp;<\/p>\n<p>&nbsp;<\/p>\n<p>&nbsp;<\/p>\n<p>&nbsp;<\/p>\n<p>&nbsp;<\/p>\n<p style=\"text-align: left;\">Disponibilit\u00e9 du stock :<\/p>","protected":false},"featured_media":9891,"comment_status":"open","ping_status":"closed","template":"","meta":{"jetpack_post_was_ever_published":false,"jetpack_publicize_message":"","jetpack_publicize_feature_enabled":true,"jetpack_social_post_already_shared":true,"jetpack_social_options":{"image_generator_settings":{"template":"highway","default_image_id":0,"font":"","enabled":false},"version":2}},"product_brand":[],"product_cat":[48],"product_tag":[958,103],"class_list":{"0":"post-4375","1":"product","2":"type-product","3":"status-publish","4":"has-post-thumbnail","6":"product_cat-hybrid-gel-nail-colors","7":"product_tag-autumn-winter-pure-creamy-hybrid-colors","8":"product_tag-creamy-gel-polish","9":"product_shipping_class-cardboard-box","10":"pa_size-8ml","12":"first","13":"instock","14":"taxable","15":"shipping-taxable","16":"purchasable","17":"product-type-simple"},"jetpack_publicize_connections":[],"jetpack-related-posts":[{"id":4373,"url":"https:\/\/victoriavynn.ca\/fr\/product\/glitter-cherry-red-nails-049-remember-me\/","url_meta":{"origin":4375,"position":0},"title":"Gel polissant hybride Pure Creamy n\u00b0 049 Remember Me","author":"Serge Sahakian","date":"septembre 2, 2022","format":false,"excerpt":"Wonderful Glitter Cherry Red Nails! Victoria VYNN Pure Creamy Hybrid High Pigment Gel Polish 049 Remember Me is an unforgettable, cherry red with paillette embedded in the depths. Canada's Leading Distributor of Professional Nail Supplies. Buy with Confidence! Product Specifications: \u00a0 \u00a0 \u00a0 \u00a0 \u00a0 \u00a0 \u00a0 Stock Availability:","rel":"","context":"Similar post","block_context":{"text":"Similar post","link":""},"img":{"alt_text":"Best Glitter Cherry Red Nails Victoria VYNN Pure Creamy Hybrid 049 Remember me","src":"https:\/\/i0.wp.com\/victoriavynn.ca\/wp-content\/uploads\/2022\/09\/Best-Glitter-Cherry-Red-Nails-Victoria-VYNN-Pure-Creamy-Hybrid-049-Remember-me.webp?fit=750%2C1000&ssl=1&resize=350%2C200","width":350,"height":200,"srcset":"https:\/\/i0.wp.com\/victoriavynn.ca\/wp-content\/uploads\/2022\/09\/Best-Glitter-Cherry-Red-Nails-Victoria-VYNN-Pure-Creamy-Hybrid-049-Remember-me.webp?fit=750%2C1000&ssl=1&resize=350%2C200 1x, https:\/\/i0.wp.com\/victoriavynn.ca\/wp-content\/uploads\/2022\/09\/Best-Glitter-Cherry-Red-Nails-Victoria-VYNN-Pure-Creamy-Hybrid-049-Remember-me.webp?fit=750%2C1000&ssl=1&resize=525%2C300 1.5x, https:\/\/i0.wp.com\/victoriavynn.ca\/wp-content\/uploads\/2022\/09\/Best-Glitter-Cherry-Red-Nails-Victoria-VYNN-Pure-Creamy-Hybrid-049-Remember-me.webp?fit=750%2C1000&ssl=1&resize=700%2C400 2x"},"classes":[]},{"id":4291,"url":"https:\/\/victoriavynn.ca\/fr\/product\/victoria-vynn-red-orange-nails-pure-106\/","url_meta":{"origin":4375,"position":1},"title":"Pure Creamy Hybrid Gel Polish No. 106 Birthday Cake","author":"Serge Sahakian","date":"septembre 2, 2022","format":false,"excerpt":"Des ongles naturellement rouges et orang\u00e9s ! Victoria VYNN Pure Creamy Hybrid High Pigment Gel Polish 106 Birthday Cake est une nuance de rouge l\u00e9g\u00e8rement teint\u00e9e d'orange. Le premier distributeur canadien de fournitures professionnelles pour les ongles. Achetez en toute confiance ! Sp\u00e9cifications du produit :               Disponibilit\u00e9 du stock :","rel":"","context":"Similar post","block_context":{"text":"Similar post","link":""},"img":{"alt_text":"victoria vynn pure creamy red orange nails birthday cake no. 106","src":"https:\/\/i0.wp.com\/victoriavynn.ca\/wp-content\/uploads\/2022\/09\/victoria-vynn-pure-creamy-red-orange-nails-birthday-cake-no.-106.webp?fit=750%2C1000&ssl=1&resize=350%2C200","width":350,"height":200,"srcset":"https:\/\/i0.wp.com\/victoriavynn.ca\/wp-content\/uploads\/2022\/09\/victoria-vynn-pure-creamy-red-orange-nails-birthday-cake-no.-106.webp?fit=750%2C1000&ssl=1&resize=350%2C200 1x, https:\/\/i0.wp.com\/victoriavynn.ca\/wp-content\/uploads\/2022\/09\/victoria-vynn-pure-creamy-red-orange-nails-birthday-cake-no.-106.webp?fit=750%2C1000&ssl=1&resize=525%2C300 1.5x, https:\/\/i0.wp.com\/victoriavynn.ca\/wp-content\/uploads\/2022\/09\/victoria-vynn-pure-creamy-red-orange-nails-birthday-cake-no.-106.webp?fit=750%2C1000&ssl=1&resize=700%2C400 2x"},"classes":[]},{"id":4293,"url":"https:\/\/victoriavynn.ca\/fr\/product\/victoria-vynn-coca-cola-red-nails-pure-105\/","url_meta":{"origin":4375,"position":2},"title":"Gel polissant hybride Pure Creamy No. 105 California Poppy","author":"Serge Sahakian","date":"septembre 2, 2022","format":false,"excerpt":"Des ongles naturels rouge Coca Cola ! Victoria VYNN Pure Creamy Hybrid High Pigment Gel Polish 105 California Poppy est un rouge l\u00e9g\u00e8rement chaud. Le premier distributeur canadien de fournitures professionnelles pour les ongles. Achetez en toute confiance ! Sp\u00e9cifications du produit :               Disponibilit\u00e9 du stock :","rel":"","context":"Similar post","block_context":{"text":"Similar post","link":""},"img":{"alt_text":"victoria vynn coca cola red nail pure creamy no. 105 california poppy","src":"https:\/\/i0.wp.com\/victoriavynn.ca\/wp-content\/uploads\/2022\/09\/victoria-vynn-coca-cola-red-nail-pure-creamy-no.-105-california-poppy.webp?fit=750%2C1000&ssl=1&resize=350%2C200","width":350,"height":200,"srcset":"https:\/\/i0.wp.com\/victoriavynn.ca\/wp-content\/uploads\/2022\/09\/victoria-vynn-coca-cola-red-nail-pure-creamy-no.-105-california-poppy.webp?fit=750%2C1000&ssl=1&resize=350%2C200 1x, https:\/\/i0.wp.com\/victoriavynn.ca\/wp-content\/uploads\/2022\/09\/victoria-vynn-coca-cola-red-nail-pure-creamy-no.-105-california-poppy.webp?fit=750%2C1000&ssl=1&resize=525%2C300 1.5x, https:\/\/i0.wp.com\/victoriavynn.ca\/wp-content\/uploads\/2022\/09\/victoria-vynn-coca-cola-red-nail-pure-creamy-no.-105-california-poppy.webp?fit=750%2C1000&ssl=1&resize=700%2C400 2x"},"classes":[]},{"id":4295,"url":"https:\/\/victoriavynn.ca\/fr\/product\/victoria-vynn-pinky-red-nails-pure-104\/","url_meta":{"origin":4375,"position":3},"title":"Pure Creamy Hybrid Gel Polish No. 104 Tropical Smoothie","author":"Serge Sahakian","date":"septembre 2, 2022","format":false,"excerpt":"Charmant vernis en gel rouge ros\u00e9 pour les ongles ! Victoria VYNN Pure Creamy Hybrid High Pigment Gel Polish 104 Tropical Smoothie est un rouge m\u00e9lang\u00e9 \u00e0 un peu de rose qui donne de l'\u00e9nergie tout au long de la journ\u00e9e. Le principal distributeur canadien de fournitures professionnelles pour les ongles. Achetez en toute confiance ! Sp\u00e9cifications du produit :               Stock...","rel":"","context":"Similar post","block_context":{"text":"Similar post","link":""},"img":{"alt_text":"victoria vynn pinky red nails pure creamy 104 tropical smoothie","src":"https:\/\/i0.wp.com\/victoriavynn.ca\/wp-content\/uploads\/2022\/09\/victoria-vynn-pinky-red-nails-pure-creamy-104-tropical-smoothie.webp?fit=750%2C1000&ssl=1&resize=350%2C200","width":350,"height":200,"srcset":"https:\/\/i0.wp.com\/victoriavynn.ca\/wp-content\/uploads\/2022\/09\/victoria-vynn-pinky-red-nails-pure-creamy-104-tropical-smoothie.webp?fit=750%2C1000&ssl=1&resize=350%2C200 1x, https:\/\/i0.wp.com\/victoriavynn.ca\/wp-content\/uploads\/2022\/09\/victoria-vynn-pinky-red-nails-pure-creamy-104-tropical-smoothie.webp?fit=750%2C1000&ssl=1&resize=525%2C300 1.5x, https:\/\/i0.wp.com\/victoriavynn.ca\/wp-content\/uploads\/2022\/09\/victoria-vynn-pinky-red-nails-pure-creamy-104-tropical-smoothie.webp?fit=750%2C1000&ssl=1&resize=700%2C400 2x"},"classes":[]},{"id":4413,"url":"https:\/\/victoriavynn.ca\/fr\/product\/gel-nail-polish-dark-red-024-forever-crims\/","url_meta":{"origin":4375,"position":4},"title":"Vernis gel hybride cr\u00e9meux Pure No. 024 Forever Crims","author":"Serge Sahakian","date":"septembre 2, 2022","format":false,"excerpt":"Le plus \u00e9l\u00e9gant des vernis \u00e0 ongles en gel rouge fonc\u00e9 ! Victoria VYNN Pure Creamy Hybrid High Pigment Gel Polish 024 Forever Crims est un rouge \u00e9carlate qui ajoute de la classe \u00e0 n'importe quel design. Le premier distributeur canadien de fournitures professionnelles pour les ongles. Achetez en toute confiance ! Sp\u00e9cifications du produit :               Disponibilit\u00e9 du stock :","rel":"","context":"Similar post","block_context":{"text":"Similar post","link":""},"img":{"alt_text":"Best Selling Gel Red nail polish dark red Victoria VYNN Pure Creamy Hybrid 024 Forever Crimson","src":"https:\/\/i0.wp.com\/victoriavynn.ca\/wp-content\/uploads\/2022\/09\/Best-Selling-Gel-Red-nail-polish-dark-red-Victoria-VYNN-Pure-Creamy-Hybrid-024-Forever-Crimson.webp?fit=750%2C1000&ssl=1&resize=350%2C200","width":350,"height":200,"srcset":"https:\/\/i0.wp.com\/victoriavynn.ca\/wp-content\/uploads\/2022\/09\/Best-Selling-Gel-Red-nail-polish-dark-red-Victoria-VYNN-Pure-Creamy-Hybrid-024-Forever-Crimson.webp?fit=750%2C1000&ssl=1&resize=350%2C200 1x, https:\/\/i0.wp.com\/victoriavynn.ca\/wp-content\/uploads\/2022\/09\/Best-Selling-Gel-Red-nail-polish-dark-red-Victoria-VYNN-Pure-Creamy-Hybrid-024-Forever-Crimson.webp?fit=750%2C1000&ssl=1&resize=525%2C300 1.5x, https:\/\/i0.wp.com\/victoriavynn.ca\/wp-content\/uploads\/2022\/09\/Best-Selling-Gel-Red-nail-polish-dark-red-Victoria-VYNN-Pure-Creamy-Hybrid-024-Forever-Crimson.webp?fit=750%2C1000&ssl=1&resize=700%2C400 2x"},"classes":[]},{"id":4367,"url":"https:\/\/victoriavynn.ca\/fr\/product\/wine-red-nails-052-femme-fatale\/","url_meta":{"origin":4375,"position":5},"title":"Pure Creamy Hybrid Gel Polish No. 052 Femme Fatale","author":"Serge Sahakian","date":"septembre 2, 2022","format":false,"excerpt":"Adorable Wine Red Nails! Victoria VYNN Pure Creamy Hybrid High Pigment Gel Polish 052 Femme Fatale is the unique deep shade of red wine. Canada's Leading Distributor of Professional Nail Supplies. Buy with Confidence! Product Specifications: \u00a0 \u00a0 \u00a0 \u00a0 \u00a0 \u00a0 \u00a0 Stock Availability:","rel":"","context":"Similar post","block_context":{"text":"Similar post","link":""},"img":{"alt_text":"Adorable Wine Red Nails Victoria VYNN Pure Creamy Hybrid 052 Femme Fatale","src":"https:\/\/i0.wp.com\/victoriavynn.ca\/wp-content\/uploads\/2022\/09\/Adorable-Wine-Red-Nails-Victoria-VYNN-Pure-Creamy-Hybrid-052-Femme-Fatale-.webp?fit=750%2C1000&ssl=1&resize=350%2C200","width":350,"height":200,"srcset":"https:\/\/i0.wp.com\/victoriavynn.ca\/wp-content\/uploads\/2022\/09\/Adorable-Wine-Red-Nails-Victoria-VYNN-Pure-Creamy-Hybrid-052-Femme-Fatale-.webp?fit=750%2C1000&ssl=1&resize=350%2C200 1x, https:\/\/i0.wp.com\/victoriavynn.ca\/wp-content\/uploads\/2022\/09\/Adorable-Wine-Red-Nails-Victoria-VYNN-Pure-Creamy-Hybrid-052-Femme-Fatale-.webp?fit=750%2C1000&ssl=1&resize=525%2C300 1.5x, https:\/\/i0.wp.com\/victoriavynn.ca\/wp-content\/uploads\/2022\/09\/Adorable-Wine-Red-Nails-Victoria-VYNN-Pure-Creamy-Hybrid-052-Femme-Fatale-.webp?fit=750%2C1000&ssl=1&resize=700%2C400 2x"},"classes":[]}],"jetpack_sharing_enabled":true,"_links":{"self":[{"href":"https:\/\/victoriavynn.ca\/fr\/wp-json\/wp\/v2\/product\/4375","targetHints":{"allow":["GET"]}}],"collection":[{"href":"https:\/\/victoriavynn.ca\/fr\/wp-json\/wp\/v2\/product"}],"about":[{"href":"https:\/\/victoriavynn.ca\/fr\/wp-json\/wp\/v2\/types\/product"}],"replies":[{"embeddable":true,"href":"https:\/\/victoriavynn.ca\/fr\/wp-json\/wp\/v2\/comments?post=4375"}],"wp:featuredmedia":[{"embeddable":true,"href":"https:\/\/victoriavynn.ca\/fr\/wp-json\/wp\/v2\/media\/9891"}],"wp:attachment":[{"href":"https:\/\/victoriavynn.ca\/fr\/wp-json\/wp\/v2\/media?parent=4375"}],"wp:term":[{"taxonomy":"product_brand","embeddable":true,"href":"https:\/\/victoriavynn.ca\/fr\/wp-json\/wp\/v2\/product_brand?post=4375"},{"taxonomy":"product_cat","embeddable":true,"href":"https:\/\/victoriavynn.ca\/fr\/wp-json\/wp\/v2\/product_cat?post=4375"},{"taxonomy":"product_tag","embeddable":true,"href":"https:\/\/victoriavynn.ca\/fr\/wp-json\/wp\/v2\/product_tag?post=4375"}],"curies":[{"name":"wp","href":"https:\/\/api.w.org\/{rel}","templated":true}]}}