{"id":4383,"date":"2022-09-02T18:47:15","date_gmt":"2022-09-02T22:47:15","guid":{"rendered":"https:\/\/victoriavynn.ca\/index.php\/product\/victoria-vynn-pure-creamy-hybrid-color-no-43\/"},"modified":"2026-03-22T14:01:12","modified_gmt":"2026-03-22T18:01:12","slug":"meilleurs-ongles-brun-moka-043-brun-bella","status":"publish","type":"product","link":"https:\/\/victoriavynn.ca\/fr\/product\/best-mocha-brown-nails-043-bella-brown\/","title":{"rendered":"Pure Creamy Hybrid Gel Polish No. 043 Bella Brown"},"content":{"rendered":"<p>Le syst\u00e8me Pure Creamy Hybrid comprend des vernis gel hybrides cr\u00e9meux d'une excellente couverture et durabilit\u00e9. Il s'agit d'une formule avec un indice de s\u00e9curit\u00e9 \u00e9lev\u00e9, sans odeur irritante et pouvant \u00eatre enlev\u00e9e avec de l'alcool cosm\u00e9tique. Le pinceau court et plat, con\u00e7u sp\u00e9cialement pour la ligne de produits Pure, facilite une application uniforme. Le syst\u00e8me vous permet de cr\u00e9er des manucures hybrides ultrafines. Durci uniquement dans des lampes LED !<\/p>\n<p>Vous vous interrogez sur les ongles marron moka ? Victoria VYNN Pure Creamy Hybrid High Pigment Gel Polish 043 Bella Brown embellira les ongles avec un brun clair m\u00e9lang\u00e9 \u00e0 un peu de rose.<\/p>\n<p>Les vernis hybrides Pure r\u00e9pondent aux attentes des femmes du monde entier ! Nous cr\u00e9ons nos collections en fonction des derni\u00e8res tendances, nous r\u00e9pondons aux besoins de nos clientes et nous mettons en valeur la beaut\u00e9 de leurs mains !<\/p>","protected":false},"excerpt":{"rendered":"<p>Vous vous interrogez sur les ongles marron moka ? Victoria VYNN Pure Creamy Hybrid High Pigment Gel Polish 043 Bella Brown embellira les ongles avec un brun clair m\u00e9lang\u00e9 \u00e0 un peu de rose. Le premier distributeur canadien de fournitures professionnelles pour les ongles. Achetez en toute confiance !<\/p>\n<p>Sp\u00e9cifications du produit :<\/p>\n<p><a href=\"https:\/\/victoriavynn.ca\/wp-content\/uploads\/2022\/12\/CREAMY-FORMULA-1.webp\"><img loading=\"lazy\" decoding=\"async\" class=\"size-full wp-image-8777 alignleft\" src=\"https:\/\/victoriavynn.ca\/wp-content\/uploads\/2022\/12\/CREAMY-FORMULA-1.webp\" alt=\"VERNIS GEL CR\u00c9MEUX\" width=\"125\" height=\"150\" \/><\/a> <img loading=\"lazy\" decoding=\"async\" class=\"size-full wp-image-8778 alignleft\" src=\"https:\/\/victoriavynn.ca\/wp-content\/uploads\/2022\/12\/FLAT-SHORT-BRUSH.webp\" alt=\"VERNIS GEL CR\u00c9MEUX\" width=\"125\" height=\"150\" \/><img loading=\"lazy\" decoding=\"async\" class=\"size-full wp-image-8779 alignleft\" src=\"https:\/\/victoriavynn.ca\/wp-content\/uploads\/2022\/12\/FOR-LED-LAMP.webp\" alt=\"VERNIS GEL CR\u00c9MEUX\" width=\"125\" height=\"150\" \/><a href=\"https:\/\/victoriavynn.ca\/wp-content\/uploads\/2019\/11\/SALON-QUALITY.webp\"><img loading=\"lazy\" decoding=\"async\" class=\"size-full wp-image-8772 alignleft\" src=\"https:\/\/victoriavynn.ca\/wp-content\/uploads\/2019\/11\/SALON-QUALITY.webp\" alt=\"GEL NAIL BUILDER\" width=\"125\" height=\"150\" \/><\/a><\/p>\n<p>&nbsp;<\/p>\n<p>&nbsp;<\/p>\n<p>&nbsp;<\/p>\n<p>&nbsp;<\/p>\n<p>&nbsp;<\/p>\n<p>&nbsp;<\/p>\n<p>&nbsp;<\/p>\n<p style=\"text-align: left;\">Disponibilit\u00e9 du stock :<\/p>","protected":false},"featured_media":9876,"comment_status":"open","ping_status":"closed","template":"","meta":{"jetpack_post_was_ever_published":false,"jetpack_publicize_message":"","jetpack_publicize_feature_enabled":true,"jetpack_social_post_already_shared":true,"jetpack_social_options":{"image_generator_settings":{"template":"highway","default_image_id":0,"font":"","enabled":false},"version":2}},"product_brand":[],"product_cat":[48],"product_tag":[958,103],"class_list":{"0":"post-4383","1":"product","2":"type-product","3":"status-publish","4":"has-post-thumbnail","6":"product_cat-hybrid-gel-nail-colors","7":"product_tag-autumn-winter-pure-creamy-hybrid-colors","8":"product_tag-creamy-gel-polish","9":"product_shipping_class-cardboard-box","10":"pa_size-8ml","12":"first","13":"instock","14":"taxable","15":"shipping-taxable","16":"purchasable","17":"product-type-simple"},"jetpack_publicize_connections":[],"jetpack-related-posts":[{"id":4379,"url":"https:\/\/victoriavynn.ca\/fr\/product\/walnut-brown-nails-045-cocoa-creme\/","url_meta":{"origin":4383,"position":0},"title":"Pure Creamy Hybrid Gel Polish No. 045 Cocoa Creme","author":"Serge Sahakian","date":"septembre 2, 2022","format":false,"excerpt":"Lovely Walnut Brown Nails! Victoria VYNN Pure Creamy Hybrid High Pigment Gel Polish 045 Cocoa Creme is saturated, expressive, decisive brown shade. Canada's Leading Distributor of Professional Nail Supplies. Buy with Confidence! Product Specifications: \u00a0 \u00a0 \u00a0 \u00a0 \u00a0 \u00a0 \u00a0 Stock Availability:","rel":"","context":"Similar post","block_context":{"text":"Similar post","link":""},"img":{"alt_text":"Best Walnut Brown Nails Victoria VYNN Pure Creamy Hybrid 045 Cocoa Creme","src":"https:\/\/i0.wp.com\/victoriavynn.ca\/wp-content\/uploads\/2022\/09\/Best-Walnut-Brown-Nails-Victoria-VYNN-Pure-Creamy-Hybrid-045-Cocoa-Creme-.webp?fit=750%2C1000&ssl=1&resize=350%2C200","width":350,"height":200,"srcset":"https:\/\/i0.wp.com\/victoriavynn.ca\/wp-content\/uploads\/2022\/09\/Best-Walnut-Brown-Nails-Victoria-VYNN-Pure-Creamy-Hybrid-045-Cocoa-Creme-.webp?fit=750%2C1000&ssl=1&resize=350%2C200 1x, https:\/\/i0.wp.com\/victoriavynn.ca\/wp-content\/uploads\/2022\/09\/Best-Walnut-Brown-Nails-Victoria-VYNN-Pure-Creamy-Hybrid-045-Cocoa-Creme-.webp?fit=750%2C1000&ssl=1&resize=525%2C300 1.5x, https:\/\/i0.wp.com\/victoriavynn.ca\/wp-content\/uploads\/2022\/09\/Best-Walnut-Brown-Nails-Victoria-VYNN-Pure-Creamy-Hybrid-045-Cocoa-Creme-.webp?fit=750%2C1000&ssl=1&resize=700%2C400 2x"},"classes":[]},{"id":4381,"url":"https:\/\/victoriavynn.ca\/fr\/product\/best-light-brown-nails-044-warm-brown\/","url_meta":{"origin":4383,"position":1},"title":"Pure Creamy Hybrid Gel Polish No. 044 Warm Brown","author":"Serge Sahakian","date":"septembre 2, 2022","format":false,"excerpt":"Charming Best Light Brown Nails! Victoria VYNN Pure Creamy Hybrid High Pigment Gel Polish 044 Warm Brown is subtle, exquisite and perfectly balanced. Canada's Leading Distributor of Professional Nail Supplies. Buy with Confidence! Product Specifications: \u00a0 \u00a0 \u00a0 \u00a0 \u00a0 \u00a0 \u00a0 Stock Availability:","rel":"","context":"Similar post","block_context":{"text":"Similar post","link":""},"img":{"alt_text":"Best Light Brown Nails Victoria VYNN Pure Creamy Hybrid 044 Warm Brown","src":"https:\/\/i0.wp.com\/victoriavynn.ca\/wp-content\/uploads\/2022\/09\/Best-Light-Brown-Nails-Victoria-VYNN-Pure-Creamy-Hybrid-044-Warm-Brown.webp?fit=750%2C1000&ssl=1&resize=350%2C200","width":350,"height":200,"srcset":"https:\/\/i0.wp.com\/victoriavynn.ca\/wp-content\/uploads\/2022\/09\/Best-Light-Brown-Nails-Victoria-VYNN-Pure-Creamy-Hybrid-044-Warm-Brown.webp?fit=750%2C1000&ssl=1&resize=350%2C200 1x, https:\/\/i0.wp.com\/victoriavynn.ca\/wp-content\/uploads\/2022\/09\/Best-Light-Brown-Nails-Victoria-VYNN-Pure-Creamy-Hybrid-044-Warm-Brown.webp?fit=750%2C1000&ssl=1&resize=525%2C300 1.5x, https:\/\/i0.wp.com\/victoriavynn.ca\/wp-content\/uploads\/2022\/09\/Best-Light-Brown-Nails-Victoria-VYNN-Pure-Creamy-Hybrid-044-Warm-Brown.webp?fit=750%2C1000&ssl=1&resize=700%2C400 2x"},"classes":[]},{"id":4261,"url":"https:\/\/victoriavynn.ca\/fr\/product\/light-coffee-milky-brown-nails-gel-polish\/","url_meta":{"origin":4383,"position":2},"title":"Vernis gel hybride cr\u00e9meux Pure n\u00b0 134 Sweet Talk","author":"Serge Sahakian","date":"septembre 2, 2022","format":false,"excerpt":"Le meilleur vernis en gel pour les ongles brun laiteux au caf\u00e9 l\u00e9ger ! Victoria VYNN Pure Creamy Hybrid High Pigment Gel Polish 134 Sweet Talk est la nuance d'un caf\u00e9 fort avec un peu de lait qui est magnifique n'importe quand et n'importe o\u00f9. Le premier distributeur canadien de fournitures professionnelles pour les ongles. Achetez en toute confiance ! Sp\u00e9cifications du produit :  ...","rel":"","context":"Similar post","block_context":{"text":"Similar post","link":""},"img":{"alt_text":"Victoria VYNN Light Coffee Milky Brown Nails Gel Polish Sweet Talk No. 134","src":"https:\/\/i0.wp.com\/victoriavynn.ca\/wp-content\/uploads\/2022\/09\/victoria-vynn-light-coffee-milky-brown-nails-gel-polish-sweet-talk-no.-134.webp?fit=750%2C1000&ssl=1&resize=350%2C200","width":350,"height":200,"srcset":"https:\/\/i0.wp.com\/victoriavynn.ca\/wp-content\/uploads\/2022\/09\/victoria-vynn-light-coffee-milky-brown-nails-gel-polish-sweet-talk-no.-134.webp?fit=750%2C1000&ssl=1&resize=350%2C200 1x, https:\/\/i0.wp.com\/victoriavynn.ca\/wp-content\/uploads\/2022\/09\/victoria-vynn-light-coffee-milky-brown-nails-gel-polish-sweet-talk-no.-134.webp?fit=750%2C1000&ssl=1&resize=525%2C300 1.5x, https:\/\/i0.wp.com\/victoriavynn.ca\/wp-content\/uploads\/2022\/09\/victoria-vynn-light-coffee-milky-brown-nails-gel-polish-sweet-talk-no.-134.webp?fit=750%2C1000&ssl=1&resize=700%2C400 2x"},"classes":[]},{"id":4385,"url":"https:\/\/victoriavynn.ca\/fr\/product\/cappuccino-gel-nail-polish-042-milk-coffee\/","url_meta":{"origin":4383,"position":3},"title":"Pure Creamy Hybrid Gel Polish No. 042 Milk Coffee","author":"Serge Sahakian","date":"septembre 2, 2022","format":false,"excerpt":"Charming Cappuccino Gel Nail Polish. Victoria VYNN Pure Creamy Hybrid High Pigment Gel Polish 042 Milk Coffee is a beige\/brown color which perfectly emphasizes the tan on the skin of the hands. Canada's Leading Distributor of Professional Nail Supplies. Buy with Confidence! Product Specifications: \u00a0 \u00a0 \u00a0 \u00a0 \u00a0 \u00a0\u2026","rel":"","context":"Similar post","block_context":{"text":"Similar post","link":""},"img":{"alt_text":"best cappuccino gel nail polish Victoria VYNN pure creamy hybrid 042 milk coffee","src":"https:\/\/i0.wp.com\/victoriavynn.ca\/wp-content\/uploads\/2022\/09\/best-light-brown-gel-polish-Victoria-VYNN-pure-creamy-hybrid-042-milk-coffee.webp?fit=750%2C1000&ssl=1&resize=350%2C200","width":350,"height":200,"srcset":"https:\/\/i0.wp.com\/victoriavynn.ca\/wp-content\/uploads\/2022\/09\/best-light-brown-gel-polish-Victoria-VYNN-pure-creamy-hybrid-042-milk-coffee.webp?fit=750%2C1000&ssl=1&resize=350%2C200 1x, https:\/\/i0.wp.com\/victoriavynn.ca\/wp-content\/uploads\/2022\/09\/best-light-brown-gel-polish-Victoria-VYNN-pure-creamy-hybrid-042-milk-coffee.webp?fit=750%2C1000&ssl=1&resize=525%2C300 1.5x, https:\/\/i0.wp.com\/victoriavynn.ca\/wp-content\/uploads\/2022\/09\/best-light-brown-gel-polish-Victoria-VYNN-pure-creamy-hybrid-042-milk-coffee.webp?fit=750%2C1000&ssl=1&resize=700%2C400 2x"},"classes":[]},{"id":4369,"url":"https:\/\/victoriavynn.ca\/fr\/product\/unique-violet-gel-nails-051-sugar-plum\/","url_meta":{"origin":4383,"position":4},"title":"Vernis gel hybride Pure Creamy No. 051 Sugar Plum","author":"Serge Sahakian","date":"septembre 2, 2022","format":false,"excerpt":"Des ongles uniques en gel violet ! Victoria VYNN Pure Creamy Hybrid High Pigment Gel Polish 051 Sugar Plum est un violet d\u00e9licat avec un accent brun ressemblant \u00e0 de la confiture de prunes. Le premier distributeur canadien de fournitures professionnelles pour les ongles. Achetez en toute confiance ! Sp\u00e9cifications du produit :               Disponibilit\u00e9 du stock :","rel":"","context":"Similar post","block_context":{"text":"Similar post","link":""},"img":{"alt_text":"Special Violet Gel Nails Victoria VYNN Pure Creamy Hybrid 051 Sugar Plum","src":"https:\/\/i0.wp.com\/victoriavynn.ca\/wp-content\/uploads\/2022\/09\/Special-Violet-Gel-Nails-Victoria-VYNN-Pure-Creamy-Hybrid-051-Sugar-Plum-1-2.webp?fit=750%2C1000&ssl=1&resize=350%2C200","width":350,"height":200,"srcset":"https:\/\/i0.wp.com\/victoriavynn.ca\/wp-content\/uploads\/2022\/09\/Special-Violet-Gel-Nails-Victoria-VYNN-Pure-Creamy-Hybrid-051-Sugar-Plum-1-2.webp?fit=750%2C1000&ssl=1&resize=350%2C200 1x, https:\/\/i0.wp.com\/victoriavynn.ca\/wp-content\/uploads\/2022\/09\/Special-Violet-Gel-Nails-Victoria-VYNN-Pure-Creamy-Hybrid-051-Sugar-Plum-1-2.webp?fit=750%2C1000&ssl=1&resize=525%2C300 1.5x, https:\/\/i0.wp.com\/victoriavynn.ca\/wp-content\/uploads\/2022\/09\/Special-Violet-Gel-Nails-Victoria-VYNN-Pure-Creamy-Hybrid-051-Sugar-Plum-1-2.webp?fit=750%2C1000&ssl=1&resize=700%2C400 2x"},"classes":[]},{"id":4257,"url":"https:\/\/victoriavynn.ca\/fr\/product\/victoria-vynn-dark-chocolate-truffle-nails\/","url_meta":{"origin":4383,"position":5},"title":"Pure Creamy Hybrid Gel Polish No. 136 Dark Truffle","author":"Serge Sahakian","date":"septembre 2, 2022","format":false,"excerpt":"Vernis \u00e0 ongles fantaisie au chocolat noir et \u00e0 la truffe ! Victoria VYNN Pure Creamy Hybrid High Pigment Gel Polish 136 Dark Truffle est une couleur truffe tr\u00e8s fonc\u00e9e qui rassemble toutes les nuances uniques de brun, violet et rouge. Le premier distributeur canadien de fournitures professionnelles pour les ongles. Achetez en toute confiance ! Sp\u00e9cifications du produit :  ...","rel":"","context":"Similar post","block_context":{"text":"Similar post","link":""},"img":{"alt_text":"Victoria VYNN Pure dark chocolate truffle nails gel polish 136 dark truffle","src":"https:\/\/i0.wp.com\/victoriavynn.ca\/wp-content\/uploads\/2022\/09\/victoria-vynn-pure-dark-chocolate-truffle-nails-gel-polish-136-dark-truffle.webp?fit=750%2C1000&ssl=1&resize=350%2C200","width":350,"height":200,"srcset":"https:\/\/i0.wp.com\/victoriavynn.ca\/wp-content\/uploads\/2022\/09\/victoria-vynn-pure-dark-chocolate-truffle-nails-gel-polish-136-dark-truffle.webp?fit=750%2C1000&ssl=1&resize=350%2C200 1x, https:\/\/i0.wp.com\/victoriavynn.ca\/wp-content\/uploads\/2022\/09\/victoria-vynn-pure-dark-chocolate-truffle-nails-gel-polish-136-dark-truffle.webp?fit=750%2C1000&ssl=1&resize=525%2C300 1.5x, https:\/\/i0.wp.com\/victoriavynn.ca\/wp-content\/uploads\/2022\/09\/victoria-vynn-pure-dark-chocolate-truffle-nails-gel-polish-136-dark-truffle.webp?fit=750%2C1000&ssl=1&resize=700%2C400 2x"},"classes":[]}],"jetpack_sharing_enabled":true,"_links":{"self":[{"href":"https:\/\/victoriavynn.ca\/fr\/wp-json\/wp\/v2\/product\/4383","targetHints":{"allow":["GET"]}}],"collection":[{"href":"https:\/\/victoriavynn.ca\/fr\/wp-json\/wp\/v2\/product"}],"about":[{"href":"https:\/\/victoriavynn.ca\/fr\/wp-json\/wp\/v2\/types\/product"}],"replies":[{"embeddable":true,"href":"https:\/\/victoriavynn.ca\/fr\/wp-json\/wp\/v2\/comments?post=4383"}],"wp:featuredmedia":[{"embeddable":true,"href":"https:\/\/victoriavynn.ca\/fr\/wp-json\/wp\/v2\/media\/9876"}],"wp:attachment":[{"href":"https:\/\/victoriavynn.ca\/fr\/wp-json\/wp\/v2\/media?parent=4383"}],"wp:term":[{"taxonomy":"product_brand","embeddable":true,"href":"https:\/\/victoriavynn.ca\/fr\/wp-json\/wp\/v2\/product_brand?post=4383"},{"taxonomy":"product_cat","embeddable":true,"href":"https:\/\/victoriavynn.ca\/fr\/wp-json\/wp\/v2\/product_cat?post=4383"},{"taxonomy":"product_tag","embeddable":true,"href":"https:\/\/victoriavynn.ca\/fr\/wp-json\/wp\/v2\/product_tag?post=4383"}],"curies":[{"name":"wp","href":"https:\/\/api.w.org\/{rel}","templated":true}]}}