{"id":4385,"date":"2022-09-02T18:47:16","date_gmt":"2022-09-02T22:47:16","guid":{"rendered":"https:\/\/victoriavynn.ca\/index.php\/product\/victoria-vynn-pure-creamy-hybrid-color-no-42\/"},"modified":"2026-03-22T14:01:12","modified_gmt":"2026-03-22T18:01:12","slug":"cappuccino-gel-nail-polish-042-cafe-au-lait","status":"publish","type":"product","link":"https:\/\/victoriavynn.ca\/fr\/product\/cappuccino-gel-nail-polish-042-milk-coffee\/","title":{"rendered":"Pure Creamy Hybrid Gel Polish No. 042 Milk Coffee"},"content":{"rendered":"<p>Le syst\u00e8me Pure Creamy Hybrid comprend des vernis gel hybrides cr\u00e9meux d'une excellente couverture et durabilit\u00e9. Il s'agit d'une formule avec un indice de s\u00e9curit\u00e9 \u00e9lev\u00e9, sans odeur irritante et pouvant \u00eatre enlev\u00e9e avec de l'alcool cosm\u00e9tique. Le pinceau court et plat, con\u00e7u sp\u00e9cialement pour la ligne de produits Pure, facilite une application uniforme. Le syst\u00e8me vous permet de cr\u00e9er des manucures hybrides ultrafines. Durci uniquement dans des lampes LED !<\/p>\n<p>Charmant vernis \u00e0 ongles en gel Cappuccino. Victoria VYNN Pure Creamy Hybrid High Pigment Gel Polish 042 Milk Coffee est une couleur beige\/marron qui souligne parfaitement le bronzage de la peau des mains.<\/p>\n<p>Les vernis hybrides Pure r\u00e9pondent aux attentes des femmes du monde entier ! Nous cr\u00e9ons nos collections en fonction des derni\u00e8res tendances, nous r\u00e9pondons aux besoins de nos clientes et nous mettons en valeur la beaut\u00e9 de leurs mains !<\/p>","protected":false},"excerpt":{"rendered":"<p>Charmant vernis \u00e0 ongles en gel Cappuccino. Victoria VYNN Pure Creamy Hybrid High Pigment Gel Polish 042 Milk Coffee est une couleur beige\/marron qui met parfaitement en valeur le bronzage de la peau des mains. Le premier distributeur canadien de fournitures professionnelles pour les ongles. Achetez en toute confiance !<\/p>\n<p>Sp\u00e9cifications du produit :<\/p>\n<p><a href=\"https:\/\/victoriavynn.ca\/wp-content\/uploads\/2022\/12\/CREAMY-FORMULA-1.webp\"><img loading=\"lazy\" decoding=\"async\" class=\"size-full wp-image-8777 alignleft\" src=\"https:\/\/victoriavynn.ca\/wp-content\/uploads\/2022\/12\/CREAMY-FORMULA-1.webp\" alt=\"VERNIS GEL CR\u00c9MEUX\" width=\"125\" height=\"150\" \/><\/a> <img loading=\"lazy\" decoding=\"async\" class=\"size-full wp-image-8778 alignleft\" src=\"https:\/\/victoriavynn.ca\/wp-content\/uploads\/2022\/12\/FLAT-SHORT-BRUSH.webp\" alt=\"VERNIS GEL CR\u00c9MEUX\" width=\"125\" height=\"150\" \/><img loading=\"lazy\" decoding=\"async\" class=\"size-full wp-image-8779 alignleft\" src=\"https:\/\/victoriavynn.ca\/wp-content\/uploads\/2022\/12\/FOR-LED-LAMP.webp\" alt=\"VERNIS GEL CR\u00c9MEUX\" width=\"125\" height=\"150\" \/><a href=\"https:\/\/victoriavynn.ca\/wp-content\/uploads\/2019\/11\/SALON-QUALITY.webp\"><img loading=\"lazy\" decoding=\"async\" class=\"size-full wp-image-8772 alignleft\" src=\"https:\/\/victoriavynn.ca\/wp-content\/uploads\/2019\/11\/SALON-QUALITY.webp\" alt=\"GEL NAIL BUILDER\" width=\"125\" height=\"150\" \/><\/a><\/p>\n<p>&nbsp;<\/p>\n<p>&nbsp;<\/p>\n<p>&nbsp;<\/p>\n<p>&nbsp;<\/p>\n<p>&nbsp;<\/p>\n<p>&nbsp;<\/p>\n<p>&nbsp;<\/p>\n<p style=\"text-align: left;\">Disponibilit\u00e9 du stock :<\/p>","protected":false},"featured_media":9870,"comment_status":"open","ping_status":"closed","template":"","meta":{"jetpack_post_was_ever_published":false,"jetpack_publicize_message":"","jetpack_publicize_feature_enabled":true,"jetpack_social_post_already_shared":true,"jetpack_social_options":{"image_generator_settings":{"template":"highway","default_image_id":0,"font":"","enabled":false},"version":2}},"product_brand":[],"product_cat":[48],"product_tag":[958,103],"class_list":{"0":"post-4385","1":"product","2":"type-product","3":"status-publish","4":"has-post-thumbnail","6":"product_cat-hybrid-gel-nail-colors","7":"product_tag-autumn-winter-pure-creamy-hybrid-colors","8":"product_tag-creamy-gel-polish","9":"product_shipping_class-cardboard-box","10":"pa_size-8ml","12":"first","13":"instock","14":"taxable","15":"shipping-taxable","16":"purchasable","17":"product-type-simple"},"jetpack_publicize_connections":[],"jetpack-related-posts":[{"id":4261,"url":"https:\/\/victoriavynn.ca\/fr\/product\/light-coffee-milky-brown-nails-gel-polish\/","url_meta":{"origin":4385,"position":0},"title":"Vernis gel hybride cr\u00e9meux Pure n\u00b0 134 Sweet Talk","author":"Serge Sahakian","date":"septembre 2, 2022","format":false,"excerpt":"Le meilleur vernis en gel pour les ongles brun laiteux au caf\u00e9 l\u00e9ger ! Victoria VYNN Pure Creamy Hybrid High Pigment Gel Polish 134 Sweet Talk est la nuance d'un caf\u00e9 fort avec un peu de lait qui est magnifique n'importe quand et n'importe o\u00f9. Le premier distributeur canadien de fournitures professionnelles pour les ongles. Achetez en toute confiance ! Sp\u00e9cifications du produit :  ...","rel":"","context":"Similar post","block_context":{"text":"Similar post","link":""},"img":{"alt_text":"Victoria VYNN Light Coffee Milky Brown Nails Gel Polish Sweet Talk No. 134","src":"https:\/\/i0.wp.com\/victoriavynn.ca\/wp-content\/uploads\/2022\/09\/victoria-vynn-light-coffee-milky-brown-nails-gel-polish-sweet-talk-no.-134.webp?fit=750%2C1000&ssl=1&resize=350%2C200","width":350,"height":200,"srcset":"https:\/\/i0.wp.com\/victoriavynn.ca\/wp-content\/uploads\/2022\/09\/victoria-vynn-light-coffee-milky-brown-nails-gel-polish-sweet-talk-no.-134.webp?fit=750%2C1000&ssl=1&resize=350%2C200 1x, https:\/\/i0.wp.com\/victoriavynn.ca\/wp-content\/uploads\/2022\/09\/victoria-vynn-light-coffee-milky-brown-nails-gel-polish-sweet-talk-no.-134.webp?fit=750%2C1000&ssl=1&resize=525%2C300 1.5x, https:\/\/i0.wp.com\/victoriavynn.ca\/wp-content\/uploads\/2022\/09\/victoria-vynn-light-coffee-milky-brown-nails-gel-polish-sweet-talk-no.-134.webp?fit=750%2C1000&ssl=1&resize=700%2C400 2x"},"classes":[]},{"id":4271,"url":"https:\/\/victoriavynn.ca\/fr\/product\/victoria-vynn-pure-burnt-pink-gel-polish\/","url_meta":{"origin":4385,"position":1},"title":"Pure Creamy Hybrid Gel Polish No. 126 Burnt Pink","author":"Serge Sahakian","date":"septembre 2, 2022","format":false,"excerpt":"Le meilleur et incroyable vernis en gel rose br\u00fbl\u00e9 ! Victoria VYNN Pure Creamy Hybrid High Pigment Gel Polish 126 Burnt Pink est un rose fum\u00e9 avec un soup\u00e7on de rouge qui charme avec l'\u00e9nergie de la f\u00e9minit\u00e9. Le principal distributeur canadien de fournitures professionnelles pour les ongles. Achetez en toute confiance ! Sp\u00e9cifications du produit :        ...","rel":"","context":"Similar post","block_context":{"text":"Similar post","link":""},"img":{"alt_text":"Victoria VYNN Pure Burnt Pink Gel Polish No. 126","src":"https:\/\/i0.wp.com\/victoriavynn.ca\/wp-content\/uploads\/2022\/09\/victoria-vynn-pure-burnt-pink-gel-polish-no.-126-.webp?fit=750%2C1000&ssl=1&resize=350%2C200","width":350,"height":200,"srcset":"https:\/\/i0.wp.com\/victoriavynn.ca\/wp-content\/uploads\/2022\/09\/victoria-vynn-pure-burnt-pink-gel-polish-no.-126-.webp?fit=750%2C1000&ssl=1&resize=350%2C200 1x, https:\/\/i0.wp.com\/victoriavynn.ca\/wp-content\/uploads\/2022\/09\/victoria-vynn-pure-burnt-pink-gel-polish-no.-126-.webp?fit=750%2C1000&ssl=1&resize=525%2C300 1.5x, https:\/\/i0.wp.com\/victoriavynn.ca\/wp-content\/uploads\/2022\/09\/victoria-vynn-pure-burnt-pink-gel-polish-no.-126-.webp?fit=750%2C1000&ssl=1&resize=700%2C400 2x"},"classes":[]},{"id":4299,"url":"https:\/\/victoriavynn.ca\/fr\/product\/victoria-vynn-natural-pink-gel-polish-102\/","url_meta":{"origin":4385,"position":2},"title":"Vernis gel hybride Pure Creamy n\u00b0 102 Ailes de papillon","author":"Serge Sahakian","date":"septembre 2, 2022","format":false,"excerpt":"Charmant vernis en gel rose naturel. Victoria VYNN Pure Creamy Hybrid High Pigment Gel Polish 102 Butterfly Wings est un rose d\u00e9licat et classique qui s'harmonise parfaitement avec tous les tons de peau. Le principal distributeur canadien de fournitures professionnelles pour les ongles. Achetez en toute confiance ! Sp\u00e9cifications du produit :               Disponibilit\u00e9 du stock :","rel":"","context":"Similar post","block_context":{"text":"Similar post","link":""},"img":{"alt_text":"victoria vynn chamring natural pink gel polish pure creamy butterfly wings 102","src":"https:\/\/i0.wp.com\/victoriavynn.ca\/wp-content\/uploads\/2022\/09\/victoria-vynn-chamring-natural-pink-gel-polish-pure-creamy-butterfly-wings-102-.webp?fit=750%2C1000&ssl=1&resize=350%2C200","width":350,"height":200,"srcset":"https:\/\/i0.wp.com\/victoriavynn.ca\/wp-content\/uploads\/2022\/09\/victoria-vynn-chamring-natural-pink-gel-polish-pure-creamy-butterfly-wings-102-.webp?fit=750%2C1000&ssl=1&resize=350%2C200 1x, https:\/\/i0.wp.com\/victoriavynn.ca\/wp-content\/uploads\/2022\/09\/victoria-vynn-chamring-natural-pink-gel-polish-pure-creamy-butterfly-wings-102-.webp?fit=750%2C1000&ssl=1&resize=525%2C300 1.5x, https:\/\/i0.wp.com\/victoriavynn.ca\/wp-content\/uploads\/2022\/09\/victoria-vynn-chamring-natural-pink-gel-polish-pure-creamy-butterfly-wings-102-.webp?fit=750%2C1000&ssl=1&resize=700%2C400 2x"},"classes":[]},{"id":4331,"url":"https:\/\/victoriavynn.ca\/fr\/product\/best-powdery-pink-nails-073-powder-pink\/","url_meta":{"origin":4385,"position":3},"title":"Gel Polish Hybride Cr\u00e9meux Pur n\u00b0 073 Rose Poudr\u00e9","author":"Serge Sahakian","date":"septembre 2, 2022","format":false,"excerpt":"Des ongles d'un rose poudr\u00e9 charmant ! Victoria VYNN Pure Creamy Hybrid High Pigment Gel Polish 073 Powder Pink garantira un look subtil et charmant \u00e0 vos ongles. Le premier distributeur canadien de fournitures professionnelles pour les ongles. Achetez en toute confiance ! Sp\u00e9cifications du produit :               Disponibilit\u00e9 du stock :","rel":"","context":"Similar post","block_context":{"text":"Similar post","link":""},"img":{"alt_text":"best powdery pink nails Victoria VYNN Pure Creamy Hybrid 073 Powder Pink","src":"https:\/\/i0.wp.com\/victoriavynn.ca\/wp-content\/uploads\/2022\/09\/best-powdery-pink-nails-Victoria-VYNN-Pure-Creamy-Hybrid-073-Powder-Pink-.webp?fit=750%2C1000&ssl=1&resize=350%2C200","width":350,"height":200,"srcset":"https:\/\/i0.wp.com\/victoriavynn.ca\/wp-content\/uploads\/2022\/09\/best-powdery-pink-nails-Victoria-VYNN-Pure-Creamy-Hybrid-073-Powder-Pink-.webp?fit=750%2C1000&ssl=1&resize=350%2C200 1x, https:\/\/i0.wp.com\/victoriavynn.ca\/wp-content\/uploads\/2022\/09\/best-powdery-pink-nails-Victoria-VYNN-Pure-Creamy-Hybrid-073-Powder-Pink-.webp?fit=750%2C1000&ssl=1&resize=525%2C300 1.5x, https:\/\/i0.wp.com\/victoriavynn.ca\/wp-content\/uploads\/2022\/09\/best-powdery-pink-nails-Victoria-VYNN-Pure-Creamy-Hybrid-073-Powder-Pink-.webp?fit=750%2C1000&ssl=1&resize=700%2C400 2x"},"classes":[]},{"id":4451,"url":"https:\/\/victoriavynn.ca\/fr\/product\/light-rose-gold-gel-nails-005-powdery-rose\/","url_meta":{"origin":4385,"position":4},"title":"Gel polissant hybride Pure Creamy No. 005 Powdery Rose","author":"Serge Sahakian","date":"septembre 2, 2022","format":false,"excerpt":"Charmants ongles en gel or rose clair ! Le vernis \u00e0 ongles en gel Victoria VYNN Pure Creamy Hybrid Powdery Rose No. 005 sera parfait pour le design de l'or rose. Le principal distributeur canadien de fournitures professionnelles pour les ongles. Achetez en toute confiance ! Sp\u00e9cifications du produit :               Disponibilit\u00e9 du stock :","rel":"","context":"Similar post","block_context":{"text":"Similar post","link":""},"img":{"alt_text":"best pleasing light rose gold gel nails Victoria VYNN Pure Creamy 005 Powdery Rose","src":"https:\/\/i0.wp.com\/victoriavynn.ca\/wp-content\/uploads\/2022\/09\/best-pleasing-light-rose-gold-gel-nails-Victoria-VYNN-Pure-Creamy-005-Powdery-Rose.webp?fit=750%2C1000&ssl=1&resize=350%2C200","width":350,"height":200,"srcset":"https:\/\/i0.wp.com\/victoriavynn.ca\/wp-content\/uploads\/2022\/09\/best-pleasing-light-rose-gold-gel-nails-Victoria-VYNN-Pure-Creamy-005-Powdery-Rose.webp?fit=750%2C1000&ssl=1&resize=350%2C200 1x, https:\/\/i0.wp.com\/victoriavynn.ca\/wp-content\/uploads\/2022\/09\/best-pleasing-light-rose-gold-gel-nails-Victoria-VYNN-Pure-Creamy-005-Powdery-Rose.webp?fit=750%2C1000&ssl=1&resize=525%2C300 1.5x, https:\/\/i0.wp.com\/victoriavynn.ca\/wp-content\/uploads\/2022\/09\/best-pleasing-light-rose-gold-gel-nails-Victoria-VYNN-Pure-Creamy-005-Powdery-Rose.webp?fit=750%2C1000&ssl=1&resize=700%2C400 2x"},"classes":[]},{"id":4303,"url":"https:\/\/victoriavynn.ca\/fr\/product\/victoria-vynn-purple-grey-nails-pure-099\/","url_meta":{"origin":4385,"position":5},"title":"Pure Creamy Hybrid Gel Polish No. 099 Storybook Charm","author":"Serge Sahakian","date":"septembre 2, 2022","format":false,"excerpt":"Des ongles violets et gris \u00e9tonnants ! Victoria VYNN Pure Creamy Hybrid High Pigment Gel Polish 099 Storybook Charm est une proposition pour les femmes qui pr\u00e9f\u00e8rent les gris teint\u00e9s de violet et de beige. Le premier distributeur canadien de fournitures professionnelles pour les ongles. Achetez en toute confiance ! Sp\u00e9cifications du produit :               Disponibilit\u00e9 en stock :","rel":"","context":"Similar post","block_context":{"text":"Similar post","link":""},"img":{"alt_text":"amazing purple grey nails victoria vynn pure 094 storybook charm","src":"https:\/\/i0.wp.com\/victoriavynn.ca\/wp-content\/uploads\/2022\/09\/amazing-purple-grey-nails-victoria-vynn-pure-094-storybook-charm.webp?fit=750%2C1000&ssl=1&resize=350%2C200","width":350,"height":200,"srcset":"https:\/\/i0.wp.com\/victoriavynn.ca\/wp-content\/uploads\/2022\/09\/amazing-purple-grey-nails-victoria-vynn-pure-094-storybook-charm.webp?fit=750%2C1000&ssl=1&resize=350%2C200 1x, https:\/\/i0.wp.com\/victoriavynn.ca\/wp-content\/uploads\/2022\/09\/amazing-purple-grey-nails-victoria-vynn-pure-094-storybook-charm.webp?fit=750%2C1000&ssl=1&resize=525%2C300 1.5x, https:\/\/i0.wp.com\/victoriavynn.ca\/wp-content\/uploads\/2022\/09\/amazing-purple-grey-nails-victoria-vynn-pure-094-storybook-charm.webp?fit=750%2C1000&ssl=1&resize=700%2C400 2x"},"classes":[]}],"jetpack_sharing_enabled":true,"_links":{"self":[{"href":"https:\/\/victoriavynn.ca\/fr\/wp-json\/wp\/v2\/product\/4385","targetHints":{"allow":["GET"]}}],"collection":[{"href":"https:\/\/victoriavynn.ca\/fr\/wp-json\/wp\/v2\/product"}],"about":[{"href":"https:\/\/victoriavynn.ca\/fr\/wp-json\/wp\/v2\/types\/product"}],"replies":[{"embeddable":true,"href":"https:\/\/victoriavynn.ca\/fr\/wp-json\/wp\/v2\/comments?post=4385"}],"wp:featuredmedia":[{"embeddable":true,"href":"https:\/\/victoriavynn.ca\/fr\/wp-json\/wp\/v2\/media\/9870"}],"wp:attachment":[{"href":"https:\/\/victoriavynn.ca\/fr\/wp-json\/wp\/v2\/media?parent=4385"}],"wp:term":[{"taxonomy":"product_brand","embeddable":true,"href":"https:\/\/victoriavynn.ca\/fr\/wp-json\/wp\/v2\/product_brand?post=4385"},{"taxonomy":"product_cat","embeddable":true,"href":"https:\/\/victoriavynn.ca\/fr\/wp-json\/wp\/v2\/product_cat?post=4385"},{"taxonomy":"product_tag","embeddable":true,"href":"https:\/\/victoriavynn.ca\/fr\/wp-json\/wp\/v2\/product_tag?post=4385"}],"curies":[{"name":"wp","href":"https:\/\/api.w.org\/{rel}","templated":true}]}}