{"id":4405,"date":"2022-09-02T18:52:20","date_gmt":"2022-09-02T22:52:20","guid":{"rendered":"https:\/\/victoriavynn.ca\/index.php\/product\/victoria-vynn-pure-creamy-hybrid-color-no-31\/"},"modified":"2026-02-15T11:55:27","modified_gmt":"2026-02-15T16:55:27","slug":"ongles-bleu-ocean-031-ocean-sans-fin","status":"publish","type":"product","link":"https:\/\/victoriavynn.ca\/fr\/product\/best-ocean-blue-nails-031-endless-ocean\/","title":{"rendered":"Vernis gel hybride cr\u00e9meux Pure No. 031 Endless Ocean"},"content":{"rendered":"<p>Le syst\u00e8me Pure Creamy Hybrid comprend des vernis gel hybrides cr\u00e9meux d'une excellente couverture et durabilit\u00e9. Il s'agit d'une formule avec un indice de s\u00e9curit\u00e9 \u00e9lev\u00e9, sans odeur irritante et pouvant \u00eatre enlev\u00e9e avec de l'alcool cosm\u00e9tique. Le pinceau court et plat, con\u00e7u sp\u00e9cialement pour la ligne de produits Pure, facilite une application uniforme. Le syst\u00e8me vous permet de cr\u00e9er des manucures hybrides ultrafines. Durci uniquement dans des lampes LED !<\/p>\n<p>De magnifiques ongles bleu oc\u00e9an ! Victoria VYNN Pure Creamy Hybrid High Pigment Gel Polish 031 Endless Ocean est la couleur bleue infinie de l'oc\u00e9an.<\/p>\n<p>Les vernis hybrides Pure r\u00e9pondent aux attentes des femmes du monde entier ! Nous cr\u00e9ons nos collections en fonction des derni\u00e8res tendances, nous r\u00e9pondons aux besoins de nos clientes et nous mettons en valeur la beaut\u00e9 de leurs mains !<\/p>","protected":false},"excerpt":{"rendered":"<p>De magnifiques ongles bleu oc\u00e9an ! Victoria VYNN Pure Creamy Hybrid High Pigment Gel Polish 031 Endless Ocean est la couleur bleue infinie de l'oc\u00e9an. Le plus grand distributeur de produits professionnels pour les ongles au Canada. Achetez en toute confiance !<\/p>\n<p>Sp\u00e9cifications du produit :<\/p>\n<p><a href=\"https:\/\/victoriavynn.ca\/wp-content\/uploads\/2022\/12\/CREAMY-FORMULA-1.webp\"><img loading=\"lazy\" decoding=\"async\" class=\"size-full wp-image-8777 alignleft\" src=\"https:\/\/victoriavynn.ca\/wp-content\/uploads\/2022\/12\/CREAMY-FORMULA-1.webp\" alt=\"VERNIS GEL CR\u00c9MEUX\" width=\"125\" height=\"150\" \/><\/a> <img loading=\"lazy\" decoding=\"async\" class=\"size-full wp-image-8778 alignleft\" src=\"https:\/\/victoriavynn.ca\/wp-content\/uploads\/2022\/12\/FLAT-SHORT-BRUSH.webp\" alt=\"VERNIS GEL CR\u00c9MEUX\" width=\"125\" height=\"150\" \/><img loading=\"lazy\" decoding=\"async\" class=\"size-full wp-image-8779 alignleft\" src=\"https:\/\/victoriavynn.ca\/wp-content\/uploads\/2022\/12\/FOR-LED-LAMP.webp\" alt=\"VERNIS GEL CR\u00c9MEUX\" width=\"125\" height=\"150\" \/><a href=\"https:\/\/victoriavynn.ca\/wp-content\/uploads\/2019\/11\/SALON-QUALITY.webp\"><img loading=\"lazy\" decoding=\"async\" class=\"size-full wp-image-8772 alignleft\" src=\"https:\/\/victoriavynn.ca\/wp-content\/uploads\/2019\/11\/SALON-QUALITY.webp\" alt=\"GEL NAIL BUILDER\" width=\"125\" height=\"150\" \/><\/a><\/p>\n<p>&nbsp;<\/p>\n<p>&nbsp;<\/p>\n<p>&nbsp;<\/p>\n<p>&nbsp;<\/p>\n<p>&nbsp;<\/p>\n<p>&nbsp;<\/p>\n<p>&nbsp;<\/p>\n<p style=\"text-align: left;\">Disponibilit\u00e9 du stock :<\/p>","protected":false},"featured_media":9806,"comment_status":"open","ping_status":"closed","template":"","meta":{"jetpack_post_was_ever_published":false,"jetpack_publicize_message":"","jetpack_publicize_feature_enabled":true,"jetpack_social_post_already_shared":true,"jetpack_social_options":{"image_generator_settings":{"template":"highway","default_image_id":0,"font":"","enabled":false},"version":2}},"product_brand":[],"product_cat":[48],"product_tag":[103],"class_list":{"0":"post-4405","1":"product","2":"type-product","3":"status-publish","4":"has-post-thumbnail","6":"product_cat-hybrid-gel-nail-colors","7":"product_tag-creamy-gel-polish","8":"product_shipping_class-cardboard-box","9":"pa_size-8ml","11":"first","12":"instock","13":"taxable","14":"shipping-taxable","15":"purchasable","16":"product-type-simple"},"jetpack_publicize_connections":[],"jetpack-related-posts":[{"id":4401,"url":"https:\/\/victoriavynn.ca\/fr\/product\/best-diamond-blue-nails-033-emerald-ocean\/","url_meta":{"origin":4405,"position":0},"title":"Pure Creamy Hybrid Gel Polish No. 033 Emerald Ocean","author":"Serge Sahakian","date":"septembre 2, 2022","format":false,"excerpt":"Des ongles bleu diamant \u00e9tonnants ! Victoria VYNN Pure Creamy Hybrid High Pigment Gel Polish 033 Emerald Ocean est un bleu \u00e9meraude dont il est impossible de ne pas tomber amoureux. Le plus grand distributeur canadien de fournitures professionnelles pour les ongles. Achetez en toute confiance ! Sp\u00e9cifications du produit :               Disponibilit\u00e9 du stock :","rel":"","context":"Similar post","block_context":{"text":"Similar post","link":""},"img":{"alt_text":"Best Diamond Blue Nails Victoria VYNN Pure Creany Hybrid 033 Emerald Ocean","src":"https:\/\/i0.wp.com\/victoriavynn.ca\/wp-content\/uploads\/2022\/09\/Best-Diamond-Blue-Nails-Victoria-VYNN-Pure-Creany-Hybrid-033-Emerald-Ocean-.webp?fit=750%2C1000&ssl=1&resize=350%2C200","width":350,"height":200,"srcset":"https:\/\/i0.wp.com\/victoriavynn.ca\/wp-content\/uploads\/2022\/09\/Best-Diamond-Blue-Nails-Victoria-VYNN-Pure-Creany-Hybrid-033-Emerald-Ocean-.webp?fit=750%2C1000&ssl=1&resize=350%2C200 1x, https:\/\/i0.wp.com\/victoriavynn.ca\/wp-content\/uploads\/2022\/09\/Best-Diamond-Blue-Nails-Victoria-VYNN-Pure-Creany-Hybrid-033-Emerald-Ocean-.webp?fit=750%2C1000&ssl=1&resize=525%2C300 1.5x, https:\/\/i0.wp.com\/victoriavynn.ca\/wp-content\/uploads\/2022\/09\/Best-Diamond-Blue-Nails-Victoria-VYNN-Pure-Creany-Hybrid-033-Emerald-Ocean-.webp?fit=750%2C1000&ssl=1&resize=700%2C400 2x"},"classes":[]},{"id":4281,"url":"https:\/\/victoriavynn.ca\/fr\/product\/victoria-vynn-sky-blue-nails-pure-117\/","url_meta":{"origin":4405,"position":1},"title":"Pure Creamy Hybrid Gel Polish No. 117 Sky Blue","author":"Serge Sahakian","date":"septembre 2, 2022","format":false,"excerpt":"Le meilleur vernis en gel pour ongles bleu ciel ! Victoria VYNN Pure Creamy Hybrid High Pigment Gel Polish 117 Sky Blue captive avec la forme la plus pure du bleu. Le plus grand distributeur canadien de fournitures professionnelles pour les ongles. Achetez en toute confiance ! Sp\u00e9cifications du produit :               Disponibilit\u00e9 du stock :","rel":"","context":"Similar post","block_context":{"text":"Similar post","link":""},"img":{"alt_text":"victoria vynn best sky blue nails pure 117","src":"https:\/\/i0.wp.com\/victoriavynn.ca\/wp-content\/uploads\/2022\/09\/victoria-vynn-best-sky-blue-nails-pure-117.webp?fit=750%2C1000&ssl=1&resize=350%2C200","width":350,"height":200,"srcset":"https:\/\/i0.wp.com\/victoriavynn.ca\/wp-content\/uploads\/2022\/09\/victoria-vynn-best-sky-blue-nails-pure-117.webp?fit=750%2C1000&ssl=1&resize=350%2C200 1x, https:\/\/i0.wp.com\/victoriavynn.ca\/wp-content\/uploads\/2022\/09\/victoria-vynn-best-sky-blue-nails-pure-117.webp?fit=750%2C1000&ssl=1&resize=525%2C300 1.5x, https:\/\/i0.wp.com\/victoriavynn.ca\/wp-content\/uploads\/2022\/09\/victoria-vynn-best-sky-blue-nails-pure-117.webp?fit=750%2C1000&ssl=1&resize=700%2C400 2x"},"classes":[]},{"id":4283,"url":"https:\/\/victoriavynn.ca\/fr\/product\/victoria-vynn-baby-boy-blue-nails-116\/","url_meta":{"origin":4405,"position":2},"title":"Pure Creamy Hybrid Gel Polish No. 116 Boy Blue","author":"Serge Sahakian","date":"septembre 2, 2022","format":false,"excerpt":"The Best Baby Boy Blue Nails Gel Polish! Victoria VYNN Pure Creamy Hybrid High Pigment Gel Polish 116 Boy Blue is the typical baby boy pastel blue shade that supports a\u00a0group of candy colors. Canada's Leading Distributor of Professional Nail Supplies. Buy with Confidence! Product Specifications: \u00a0 \u00a0 \u00a0 \u00a0\u2026","rel":"","context":"Similar post","block_context":{"text":"Similar post","link":""},"img":{"alt_text":"victoria vynn best baby boy blue nails no. 116 boy blue","src":"https:\/\/i0.wp.com\/victoriavynn.ca\/wp-content\/uploads\/2022\/09\/victoria-vynn-best-baby-boy-blue-nails-no.-116-boy-blue.webp?fit=750%2C1000&ssl=1&resize=350%2C200","width":350,"height":200,"srcset":"https:\/\/i0.wp.com\/victoriavynn.ca\/wp-content\/uploads\/2022\/09\/victoria-vynn-best-baby-boy-blue-nails-no.-116-boy-blue.webp?fit=750%2C1000&ssl=1&resize=350%2C200 1x, https:\/\/i0.wp.com\/victoriavynn.ca\/wp-content\/uploads\/2022\/09\/victoria-vynn-best-baby-boy-blue-nails-no.-116-boy-blue.webp?fit=750%2C1000&ssl=1&resize=525%2C300 1.5x, https:\/\/i0.wp.com\/victoriavynn.ca\/wp-content\/uploads\/2022\/09\/victoria-vynn-best-baby-boy-blue-nails-no.-116-boy-blue.webp?fit=750%2C1000&ssl=1&resize=700%2C400 2x"},"classes":[]},{"id":4345,"url":"https:\/\/victoriavynn.ca\/fr\/product\/best-sapphire-blue-nails-062-society-blue\/","url_meta":{"origin":4405,"position":3},"title":"Vernis gel hybride cr\u00e9meux Pure No. 065 High Society","author":"Serge Sahakian","date":"septembre 2, 2022","format":false,"excerpt":"Incredible Sapphire Blue Nails! Victoria VYNN Pure Creamy Hybrid High Pigment Gel Polish 061 After Party is enlivened with multicolored particles in an amazing dark purple shade.\u00a0Canada's Leading Distributor of Professional Nail Supplies. Buy with Confidence! Product Specifications: \u00a0 \u00a0 \u00a0 \u00a0 \u00a0 \u00a0 \u00a0 Stock Availability:","rel":"","context":"Similar post","block_context":{"text":"Similar post","link":""},"img":{"alt_text":"Best Sapphire Blue Nails Victoria VYNN Pure Creamy Hybrid 065 High Society","src":"https:\/\/i0.wp.com\/victoriavynn.ca\/wp-content\/uploads\/2022\/09\/Best-Sapphire-Blue-Nails-Victoria-VYNN-Pure-Creamy-Hybrid-065-High-Society.webp?fit=750%2C1000&ssl=1&resize=350%2C200","width":350,"height":200,"srcset":"https:\/\/i0.wp.com\/victoriavynn.ca\/wp-content\/uploads\/2022\/09\/Best-Sapphire-Blue-Nails-Victoria-VYNN-Pure-Creamy-Hybrid-065-High-Society.webp?fit=750%2C1000&ssl=1&resize=350%2C200 1x, https:\/\/i0.wp.com\/victoriavynn.ca\/wp-content\/uploads\/2022\/09\/Best-Sapphire-Blue-Nails-Victoria-VYNN-Pure-Creamy-Hybrid-065-High-Society.webp?fit=750%2C1000&ssl=1&resize=525%2C300 1.5x, https:\/\/i0.wp.com\/victoriavynn.ca\/wp-content\/uploads\/2022\/09\/Best-Sapphire-Blue-Nails-Victoria-VYNN-Pure-Creamy-Hybrid-065-High-Society.webp?fit=750%2C1000&ssl=1&resize=700%2C400 2x"},"classes":[]},{"id":4309,"url":"https:\/\/victoriavynn.ca\/fr\/product\/best-turquoise-blue-nails-088\/","url_meta":{"origin":4405,"position":4},"title":"Pure Creamy Hybrid Gel Polish No. 088 Turquoise Blue","author":"Serge Sahakian","date":"septembre 2, 2022","format":false,"excerpt":"Des ongles bleu turquoise inspirants ! Victoria VYNN Pure Creamy Hybrid High Pigment Gel Polish 088 Turquoise Blue, avec une quantit\u00e9 minimale de vert, est la nuance parfaite pour l'\u00e9t\u00e9. Le premier distributeur canadien de fournitures professionnelles pour les ongles. Achetez en toute confiance ! Sp\u00e9cifications du produit :               Disponibilit\u00e9 du stock :","rel":"","context":"Similar post","block_context":{"text":"Similar post","link":""},"img":{"alt_text":"Best Turquoise Blue Nails Victoria VYNN Pure Creamy Hybrid 088 Turquoise Blue","src":"https:\/\/i0.wp.com\/victoriavynn.ca\/wp-content\/uploads\/2022\/09\/Best-Turquoise-Blue-Nails-Victoria-VYNN-Pure-Creamy-Hybrid-088-Turquoise-Blue.webp?fit=750%2C1000&ssl=1&resize=350%2C200","width":350,"height":200,"srcset":"https:\/\/i0.wp.com\/victoriavynn.ca\/wp-content\/uploads\/2022\/09\/Best-Turquoise-Blue-Nails-Victoria-VYNN-Pure-Creamy-Hybrid-088-Turquoise-Blue.webp?fit=750%2C1000&ssl=1&resize=350%2C200 1x, https:\/\/i0.wp.com\/victoriavynn.ca\/wp-content\/uploads\/2022\/09\/Best-Turquoise-Blue-Nails-Victoria-VYNN-Pure-Creamy-Hybrid-088-Turquoise-Blue.webp?fit=750%2C1000&ssl=1&resize=525%2C300 1.5x, https:\/\/i0.wp.com\/victoriavynn.ca\/wp-content\/uploads\/2022\/09\/Best-Turquoise-Blue-Nails-Victoria-VYNN-Pure-Creamy-Hybrid-088-Turquoise-Blue.webp?fit=750%2C1000&ssl=1&resize=700%2C400 2x"},"classes":[]},{"id":4407,"url":"https:\/\/victoriavynn.ca\/fr\/product\/best-light-blue-gel-nails-030-polar-sky\/","url_meta":{"origin":4405,"position":5},"title":"Pure Creamy Hybrid Gel Polish No. 030 Polar Sky","author":"Serge Sahakian","date":"septembre 2, 2022","format":false,"excerpt":"Best Sky Light Blue Gel Nails?! Victoria VYNN Pure Creamy Hybrid High Pigment Gel Polish 030 Polar Sky is seemingly indifferent and cool, but it delights with its tone. Canada's Leading Distributor of Professional Nail Supplies. Buy with Confidence! Product Specifications: \u00a0 \u00a0 \u00a0 \u00a0 \u00a0 \u00a0 \u00a0 Stock Availability:","rel":"","context":"Similar post","block_context":{"text":"Similar post","link":""},"img":{"alt_text":"best sky light blue gel nails victoria vynn pure creamy hybrid 030 polar sky","src":"https:\/\/i0.wp.com\/victoriavynn.ca\/wp-content\/uploads\/2022\/09\/best-sky-light-blue-gel-nails-victoria-vynn-pure-creamy-hybrid-030-polar-sky.webp?fit=750%2C1000&ssl=1&resize=350%2C200","width":350,"height":200,"srcset":"https:\/\/i0.wp.com\/victoriavynn.ca\/wp-content\/uploads\/2022\/09\/best-sky-light-blue-gel-nails-victoria-vynn-pure-creamy-hybrid-030-polar-sky.webp?fit=750%2C1000&ssl=1&resize=350%2C200 1x, https:\/\/i0.wp.com\/victoriavynn.ca\/wp-content\/uploads\/2022\/09\/best-sky-light-blue-gel-nails-victoria-vynn-pure-creamy-hybrid-030-polar-sky.webp?fit=750%2C1000&ssl=1&resize=525%2C300 1.5x, https:\/\/i0.wp.com\/victoriavynn.ca\/wp-content\/uploads\/2022\/09\/best-sky-light-blue-gel-nails-victoria-vynn-pure-creamy-hybrid-030-polar-sky.webp?fit=750%2C1000&ssl=1&resize=700%2C400 2x"},"classes":[]}],"jetpack_sharing_enabled":true,"_links":{"self":[{"href":"https:\/\/victoriavynn.ca\/fr\/wp-json\/wp\/v2\/product\/4405","targetHints":{"allow":["GET"]}}],"collection":[{"href":"https:\/\/victoriavynn.ca\/fr\/wp-json\/wp\/v2\/product"}],"about":[{"href":"https:\/\/victoriavynn.ca\/fr\/wp-json\/wp\/v2\/types\/product"}],"replies":[{"embeddable":true,"href":"https:\/\/victoriavynn.ca\/fr\/wp-json\/wp\/v2\/comments?post=4405"}],"wp:featuredmedia":[{"embeddable":true,"href":"https:\/\/victoriavynn.ca\/fr\/wp-json\/wp\/v2\/media\/9806"}],"wp:attachment":[{"href":"https:\/\/victoriavynn.ca\/fr\/wp-json\/wp\/v2\/media?parent=4405"}],"wp:term":[{"taxonomy":"product_brand","embeddable":true,"href":"https:\/\/victoriavynn.ca\/fr\/wp-json\/wp\/v2\/product_brand?post=4405"},{"taxonomy":"product_cat","embeddable":true,"href":"https:\/\/victoriavynn.ca\/fr\/wp-json\/wp\/v2\/product_cat?post=4405"},{"taxonomy":"product_tag","embeddable":true,"href":"https:\/\/victoriavynn.ca\/fr\/wp-json\/wp\/v2\/product_tag?post=4405"}],"curies":[{"name":"wp","href":"https:\/\/api.w.org\/{rel}","templated":true}]}}