{"id":4423,"date":"2022-09-02T18:52:27","date_gmt":"2022-09-02T22:52:27","guid":{"rendered":"https:\/\/victoriavynn.ca\/index.php\/product\/victoria-vynn-pure-creamy-hybrid-color-no-19\/"},"modified":"2026-02-15T11:55:24","modified_gmt":"2026-02-15T16:55:24","slug":"les-meilleurs-ongles-en-gel-orange-parfaits-019","status":"publish","type":"product","link":"https:\/\/victoriavynn.ca\/fr\/product\/best-perfect-orange-gel-nails-019\/","title":{"rendered":"Pure Creamy Hybrid Gel Polish No. 019 Perfect Orange"},"content":{"rendered":"<p>Le syst\u00e8me Pure Creamy Hybrid comprend des vernis gel hybrides cr\u00e9meux d'une excellente couverture et durabilit\u00e9. Il s'agit d'une formule avec un indice de s\u00e9curit\u00e9 \u00e9lev\u00e9, sans odeur irritante et pouvant \u00eatre enlev\u00e9e avec de l'alcool cosm\u00e9tique. Le pinceau court et plat, con\u00e7u sp\u00e9cialement pour la ligne de produits Pure, facilite une application uniforme. Le syst\u00e8me vous permet de cr\u00e9er des manucures hybrides ultrafines. Durci uniquement dans des lampes LED !<\/p>\n<p>Son nom dit tout, Perfect Orange Gel Nails ! Victoria VYNN Pure Creamy Hybrid High Pigment Gel Polish 019 Perfect Orange est l'orange absolu - d\u00e9cisif et \u00e9nergique.<\/p>\n<p>Les vernis hybrides Pure r\u00e9pondent aux attentes des femmes du monde entier ! Nous cr\u00e9ons nos collections en fonction des derni\u00e8res tendances, nous r\u00e9pondons aux besoins de nos clientes et nous mettons en valeur la beaut\u00e9 de leurs mains !<\/p>","protected":false},"excerpt":{"rendered":"<p>Son nom dit tout, Perfect Orange Gel Nails ! Victoria VYNN Pure Creamy Hybrid High Pigment Gel Polish 019 Perfect Orange est l'orange absolu - d\u00e9cisif et \u00e9nergique. Le principal distributeur canadien de fournitures professionnelles pour les ongles. Achetez en toute confiance !<\/p>\n<p>Sp\u00e9cifications du produit :<\/p>\n<p><a href=\"https:\/\/victoriavynn.ca\/wp-content\/uploads\/2022\/12\/CREAMY-FORMULA-1.webp\"><img loading=\"lazy\" decoding=\"async\" class=\"size-full wp-image-8777 alignleft\" src=\"https:\/\/victoriavynn.ca\/wp-content\/uploads\/2022\/12\/CREAMY-FORMULA-1.webp\" alt=\"VERNIS GEL CR\u00c9MEUX\" width=\"125\" height=\"150\" \/><\/a> <img loading=\"lazy\" decoding=\"async\" class=\"size-full wp-image-8778 alignleft\" src=\"https:\/\/victoriavynn.ca\/wp-content\/uploads\/2022\/12\/FLAT-SHORT-BRUSH.webp\" alt=\"VERNIS GEL CR\u00c9MEUX\" width=\"125\" height=\"150\" \/><img loading=\"lazy\" decoding=\"async\" class=\"size-full wp-image-8779 alignleft\" src=\"https:\/\/victoriavynn.ca\/wp-content\/uploads\/2022\/12\/FOR-LED-LAMP.webp\" alt=\"VERNIS GEL CR\u00c9MEUX\" width=\"125\" height=\"150\" \/><a href=\"https:\/\/victoriavynn.ca\/wp-content\/uploads\/2019\/11\/SALON-QUALITY.webp\"><img loading=\"lazy\" decoding=\"async\" class=\"size-full wp-image-8772 alignleft\" src=\"https:\/\/victoriavynn.ca\/wp-content\/uploads\/2019\/11\/SALON-QUALITY.webp\" alt=\"GEL NAIL BUILDER\" width=\"125\" height=\"150\" \/><\/a><\/p>\n<p>&nbsp;<\/p>\n<p>&nbsp;<\/p>\n<p>&nbsp;<\/p>\n<p>&nbsp;<\/p>\n<p>&nbsp;<\/p>\n<p>&nbsp;<\/p>\n<p>&nbsp;<\/p>\n<p style=\"text-align: left;\">Disponibilit\u00e9 du stock :<\/p>","protected":false},"featured_media":9591,"comment_status":"open","ping_status":"closed","template":"","meta":{"jetpack_post_was_ever_published":false,"jetpack_publicize_message":"","jetpack_publicize_feature_enabled":true,"jetpack_social_post_already_shared":true,"jetpack_social_options":{"image_generator_settings":{"template":"highway","default_image_id":0,"font":"","enabled":false},"version":2}},"product_brand":[],"product_cat":[48],"product_tag":[103],"class_list":{"0":"post-4423","1":"product","2":"type-product","3":"status-publish","4":"has-post-thumbnail","6":"product_cat-hybrid-gel-nail-colors","7":"product_tag-creamy-gel-polish","8":"product_shipping_class-cardboard-box","9":"pa_size-8ml","11":"first","12":"instock","13":"taxable","14":"shipping-taxable","15":"purchasable","16":"product-type-simple"},"jetpack_publicize_connections":[],"jetpack-related-posts":[{"id":4421,"url":"https:\/\/victoriavynn.ca\/fr\/product\/coral-orange-gel-polish-020-coral-parrot\/","url_meta":{"origin":4423,"position":0},"title":"Vernis gel hybride cr\u00e9meux Pure No. 020 Coral Parrot","author":"Serge Sahakian","date":"septembre 2, 2022","format":false,"excerpt":"Merveilleux vernis en gel orange corail ! Victoria VYNN Pure Creamy Hybrid High Pigment Gel Polish 020 Coral Parrot est un m\u00e9lange parfait d'orange avec une nuance de corail. Le premier distributeur canadien de fournitures professionnelles pour les ongles. Achetez en toute confiance ! Sp\u00e9cifications du produit :               Disponibilit\u00e9 du stock :","rel":"","context":"Similar post","block_context":{"text":"Similar post","link":""},"img":{"alt_text":"Best Coral Orange Gel Polish Victoria VYNN Pure Creamy Hybrid 020 Coral Parrot","src":"https:\/\/i0.wp.com\/victoriavynn.ca\/wp-content\/uploads\/2022\/09\/Best-Coral-Orange-Gel-Polish-Victoria-VYNN-Pure-Creamy-Hybrid-020-Coral-Parrot-1-1.webp?fit=750%2C1000&ssl=1&resize=350%2C200","width":350,"height":200,"srcset":"https:\/\/i0.wp.com\/victoriavynn.ca\/wp-content\/uploads\/2022\/09\/Best-Coral-Orange-Gel-Polish-Victoria-VYNN-Pure-Creamy-Hybrid-020-Coral-Parrot-1-1.webp?fit=750%2C1000&ssl=1&resize=350%2C200 1x, https:\/\/i0.wp.com\/victoriavynn.ca\/wp-content\/uploads\/2022\/09\/Best-Coral-Orange-Gel-Polish-Victoria-VYNN-Pure-Creamy-Hybrid-020-Coral-Parrot-1-1.webp?fit=750%2C1000&ssl=1&resize=525%2C300 1.5x, https:\/\/i0.wp.com\/victoriavynn.ca\/wp-content\/uploads\/2022\/09\/Best-Coral-Orange-Gel-Polish-Victoria-VYNN-Pure-Creamy-Hybrid-020-Coral-Parrot-1-1.webp?fit=750%2C1000&ssl=1&resize=700%2C400 2x"},"classes":[]},{"id":4277,"url":"https:\/\/victoriavynn.ca\/fr\/product\/marigold-orange-nails-gel-polish-pure-123\/","url_meta":{"origin":4423,"position":1},"title":"Vernis gel hybride cr\u00e9meux Pure n\u00b0 123 Deep Marigold","author":"Serge Sahakian","date":"septembre 2, 2022","format":false,"excerpt":"Le meilleur vernis en gel pour ongles Marigold Orange ! Victoria VYNN Pure Creamy Hybrid High Pigment Gel Polish 123 Deep Marigold est une teinte orange pure qui a \u00e9t\u00e9 tir\u00e9e de la couleur des p\u00e9tales de souci. Le premier distributeur canadien de fournitures professionnelles pour les ongles. Achetez en toute confiance ! Sp\u00e9cifications du produit :        ...","rel":"","context":"Similar post","block_context":{"text":"Similar post","link":""},"img":{"alt_text":"Victoria VYNN Pure Marigold Orange Nails Gel Polish no. 123 Deep Marigold","src":"https:\/\/i0.wp.com\/victoriavynn.ca\/wp-content\/uploads\/2022\/09\/victoria-vynn-pure-marigold-orange-nails-gel-polish-no.-123-deep-marigold-.webp?fit=750%2C1000&ssl=1&resize=350%2C200","width":350,"height":200,"srcset":"https:\/\/i0.wp.com\/victoriavynn.ca\/wp-content\/uploads\/2022\/09\/victoria-vynn-pure-marigold-orange-nails-gel-polish-no.-123-deep-marigold-.webp?fit=750%2C1000&ssl=1&resize=350%2C200 1x, https:\/\/i0.wp.com\/victoriavynn.ca\/wp-content\/uploads\/2022\/09\/victoria-vynn-pure-marigold-orange-nails-gel-polish-no.-123-deep-marigold-.webp?fit=750%2C1000&ssl=1&resize=525%2C300 1.5x, https:\/\/i0.wp.com\/victoriavynn.ca\/wp-content\/uploads\/2022\/09\/victoria-vynn-pure-marigold-orange-nails-gel-polish-no.-123-deep-marigold-.webp?fit=750%2C1000&ssl=1&resize=700%2C400 2x"},"classes":[]},{"id":4327,"url":"https:\/\/victoriavynn.ca\/fr\/product\/burnt-orange-nails-075-hot-orange\/","url_meta":{"origin":4423,"position":2},"title":"Gel Polish Hybride Cr\u00e9meux Pur n\u00b0 075 Orange Chaude","author":"Serge Sahakian","date":"septembre 2, 2022","format":false,"excerpt":"Impressive Burnt Orange Nails! Victoria VYNN Pure Creamy Hybrid High Pigment Gel Polish 075 Hot Orange is a tempting and seductive hot orange. Canada's Leading Distributor of Professional Nail Supplies. Buy with Confidence! Product Specifications: \u00a0 \u00a0 \u00a0 \u00a0 \u00a0 \u00a0 \u00a0 Stock Availability:","rel":"","context":"Similar post","block_context":{"text":"Similar post","link":""},"img":{"alt_text":"Best Burnt Orange Nails Victoria VYNN Pure Creamy Hybrid 075 Hot Orange","src":"https:\/\/i0.wp.com\/victoriavynn.ca\/wp-content\/uploads\/2022\/09\/Best-Burn-Orange-Nails-Victoria-VYNN-Pure-Creamy-Hybrid-075-Hot-Orange.webp?fit=750%2C1000&ssl=1&resize=350%2C200","width":350,"height":200,"srcset":"https:\/\/i0.wp.com\/victoriavynn.ca\/wp-content\/uploads\/2022\/09\/Best-Burn-Orange-Nails-Victoria-VYNN-Pure-Creamy-Hybrid-075-Hot-Orange.webp?fit=750%2C1000&ssl=1&resize=350%2C200 1x, https:\/\/i0.wp.com\/victoriavynn.ca\/wp-content\/uploads\/2022\/09\/Best-Burn-Orange-Nails-Victoria-VYNN-Pure-Creamy-Hybrid-075-Hot-Orange.webp?fit=750%2C1000&ssl=1&resize=525%2C300 1.5x, https:\/\/i0.wp.com\/victoriavynn.ca\/wp-content\/uploads\/2022\/09\/Best-Burn-Orange-Nails-Victoria-VYNN-Pure-Creamy-Hybrid-075-Hot-Orange.webp?fit=750%2C1000&ssl=1&resize=700%2C400 2x"},"classes":[]},{"id":4291,"url":"https:\/\/victoriavynn.ca\/fr\/product\/victoria-vynn-red-orange-nails-pure-106\/","url_meta":{"origin":4423,"position":3},"title":"Pure Creamy Hybrid Gel Polish No. 106 Birthday Cake","author":"Serge Sahakian","date":"septembre 2, 2022","format":false,"excerpt":"Des ongles naturellement rouges et orang\u00e9s ! Victoria VYNN Pure Creamy Hybrid High Pigment Gel Polish 106 Birthday Cake est une nuance de rouge l\u00e9g\u00e8rement teint\u00e9e d'orange. Le premier distributeur canadien de fournitures professionnelles pour les ongles. Achetez en toute confiance ! Sp\u00e9cifications du produit :               Disponibilit\u00e9 du stock :","rel":"","context":"Similar post","block_context":{"text":"Similar post","link":""},"img":{"alt_text":"victoria vynn pure creamy red orange nails birthday cake no. 106","src":"https:\/\/i0.wp.com\/victoriavynn.ca\/wp-content\/uploads\/2022\/09\/victoria-vynn-pure-creamy-red-orange-nails-birthday-cake-no.-106.webp?fit=750%2C1000&ssl=1&resize=350%2C200","width":350,"height":200,"srcset":"https:\/\/i0.wp.com\/victoriavynn.ca\/wp-content\/uploads\/2022\/09\/victoria-vynn-pure-creamy-red-orange-nails-birthday-cake-no.-106.webp?fit=750%2C1000&ssl=1&resize=350%2C200 1x, https:\/\/i0.wp.com\/victoriavynn.ca\/wp-content\/uploads\/2022\/09\/victoria-vynn-pure-creamy-red-orange-nails-birthday-cake-no.-106.webp?fit=750%2C1000&ssl=1&resize=525%2C300 1.5x, https:\/\/i0.wp.com\/victoriavynn.ca\/wp-content\/uploads\/2022\/09\/victoria-vynn-pure-creamy-red-orange-nails-birthday-cake-no.-106.webp?fit=750%2C1000&ssl=1&resize=700%2C400 2x"},"classes":[]},{"id":4275,"url":"https:\/\/victoriavynn.ca\/fr\/product\/best-shocking-coral-gel-polish-124\/","url_meta":{"origin":4423,"position":4},"title":"Gel polissant hybride Pure Creamy No. 124 Shocking Coral","author":"Serge Sahakian","date":"septembre 2, 2022","format":false,"excerpt":"The Best Shocking Coral Gel Polish! Victoria VYNN Pure Creamy Hybrid High Pigment Gel Polish 124 Shocking Coral beams with orange carrying a\u00a0hint of pink. Canada's Leading Distributor of Professional Nail Supplies. Buy with Confidence! Product Specifications: \u00a0 \u00a0 \u00a0 \u00a0 \u00a0 \u00a0 \u00a0 Stock Availability:","rel":"","context":"Similar post","block_context":{"text":"Similar post","link":""},"img":{"alt_text":"victoria vynn best shocking coral gel polish pure 124 shocking coral","src":"https:\/\/i0.wp.com\/victoriavynn.ca\/wp-content\/uploads\/2022\/09\/victoria-vynn-best-shocking-coral-gel-polish-pure-124-shocking-coral.webp?fit=750%2C1000&ssl=1&resize=350%2C200","width":350,"height":200,"srcset":"https:\/\/i0.wp.com\/victoriavynn.ca\/wp-content\/uploads\/2022\/09\/victoria-vynn-best-shocking-coral-gel-polish-pure-124-shocking-coral.webp?fit=750%2C1000&ssl=1&resize=350%2C200 1x, https:\/\/i0.wp.com\/victoriavynn.ca\/wp-content\/uploads\/2022\/09\/victoria-vynn-best-shocking-coral-gel-polish-pure-124-shocking-coral.webp?fit=750%2C1000&ssl=1&resize=525%2C300 1.5x, https:\/\/i0.wp.com\/victoriavynn.ca\/wp-content\/uploads\/2022\/09\/victoria-vynn-best-shocking-coral-gel-polish-pure-124-shocking-coral.webp?fit=750%2C1000&ssl=1&resize=700%2C400 2x"},"classes":[]},{"id":4365,"url":"https:\/\/victoriavynn.ca\/fr\/product\/best-soft-pink-nails-053-almost-famous\/","url_meta":{"origin":4423,"position":5},"title":"Vernis gel hybride cr\u00e9meux Pure No. 053 Almost Famous","author":"Serge Sahakian","date":"septembre 2, 2022","format":false,"excerpt":"Des ongles d\u00e9licats d'un rose tendre ! Victoria VYNN Pure Creamy Hybrid High Pigment Gel Polish 053 Almost Famous est un rose fonc\u00e9 avec un soup\u00e7on d'orange qui vous rapprochera des noms c\u00e9l\u00e8bres. Le plus grand distributeur canadien de fournitures professionnelles pour les ongles. Achetez en toute confiance ! Sp\u00e9cifications du produit :        ...","rel":"","context":"Similar post","block_context":{"text":"Similar post","link":""},"img":{"alt_text":"Best soft Pink Nails 053 Almost Famous Victoria VYNN Pure Creamy Hybrid 053 Almost Famous","src":"https:\/\/i0.wp.com\/victoriavynn.ca\/wp-content\/uploads\/2022\/09\/Best-Dark-Pink-Nails-053-Almost-Famous-Victoria-VYNN-Pure-Creamy-Hybrid-053-Almost-Famous.webp?fit=750%2C1000&ssl=1&resize=350%2C200","width":350,"height":200,"srcset":"https:\/\/i0.wp.com\/victoriavynn.ca\/wp-content\/uploads\/2022\/09\/Best-Dark-Pink-Nails-053-Almost-Famous-Victoria-VYNN-Pure-Creamy-Hybrid-053-Almost-Famous.webp?fit=750%2C1000&ssl=1&resize=350%2C200 1x, https:\/\/i0.wp.com\/victoriavynn.ca\/wp-content\/uploads\/2022\/09\/Best-Dark-Pink-Nails-053-Almost-Famous-Victoria-VYNN-Pure-Creamy-Hybrid-053-Almost-Famous.webp?fit=750%2C1000&ssl=1&resize=525%2C300 1.5x, https:\/\/i0.wp.com\/victoriavynn.ca\/wp-content\/uploads\/2022\/09\/Best-Dark-Pink-Nails-053-Almost-Famous-Victoria-VYNN-Pure-Creamy-Hybrid-053-Almost-Famous.webp?fit=750%2C1000&ssl=1&resize=700%2C400 2x"},"classes":[]}],"jetpack_sharing_enabled":true,"_links":{"self":[{"href":"https:\/\/victoriavynn.ca\/fr\/wp-json\/wp\/v2\/product\/4423","targetHints":{"allow":["GET"]}}],"collection":[{"href":"https:\/\/victoriavynn.ca\/fr\/wp-json\/wp\/v2\/product"}],"about":[{"href":"https:\/\/victoriavynn.ca\/fr\/wp-json\/wp\/v2\/types\/product"}],"replies":[{"embeddable":true,"href":"https:\/\/victoriavynn.ca\/fr\/wp-json\/wp\/v2\/comments?post=4423"}],"wp:featuredmedia":[{"embeddable":true,"href":"https:\/\/victoriavynn.ca\/fr\/wp-json\/wp\/v2\/media\/9591"}],"wp:attachment":[{"href":"https:\/\/victoriavynn.ca\/fr\/wp-json\/wp\/v2\/media?parent=4423"}],"wp:term":[{"taxonomy":"product_brand","embeddable":true,"href":"https:\/\/victoriavynn.ca\/fr\/wp-json\/wp\/v2\/product_brand?post=4423"},{"taxonomy":"product_cat","embeddable":true,"href":"https:\/\/victoriavynn.ca\/fr\/wp-json\/wp\/v2\/product_cat?post=4423"},{"taxonomy":"product_tag","embeddable":true,"href":"https:\/\/victoriavynn.ca\/fr\/wp-json\/wp\/v2\/product_tag?post=4423"}],"curies":[{"name":"wp","href":"https:\/\/api.w.org\/{rel}","templated":true}]}}