{"id":4447,"date":"2022-09-02T18:57:07","date_gmt":"2022-09-02T22:57:07","guid":{"rendered":"https:\/\/victoriavynn.ca\/index.php\/product\/victoria-vynn-pure-creamy-hybrid-color-no-7\/"},"modified":"2026-03-16T16:34:33","modified_gmt":"2026-03-16T20:34:33","slug":"ongles-peche-dete-007-glace-sucree","status":"publish","type":"product","link":"https:\/\/victoriavynn.ca\/fr\/product\/summer-peach-nails-007-sweet-ice-cream\/","title":{"rendered":"Vernis gel hybride Pure Creamy No. 007 Sweet Ice Cream"},"content":{"rendered":"<p>Le syst\u00e8me Pure Creamy Hybrid comprend des vernis gel hybrides cr\u00e9meux d'une excellente couverture et durabilit\u00e9. Il s'agit d'une formule avec un indice de s\u00e9curit\u00e9 \u00e9lev\u00e9, sans odeur irritante et pouvant \u00eatre enlev\u00e9e avec de l'alcool cosm\u00e9tique. Le pinceau court et plat, con\u00e7u sp\u00e9cialement pour la ligne de produits Pure, facilite une application uniforme. Le syst\u00e8me vous permet de cr\u00e9er des manucures hybrides ultrafines. Durci uniquement dans des lampes LED !<\/p>\n<p>D'adorables ongles d'\u00e9t\u00e9 couleur p\u00eache ! Victoria VYNN Pure Creamy Hybrid Gel Nail Polish Sweet Ice Cream No. 007 est le vernis \u00e0 ongles gel couleur p\u00eache le plus vendu.<\/p>\n<p>Les vernis hybrides Pure r\u00e9pondent aux attentes des femmes du monde entier ! Nous cr\u00e9ons nos collections en fonction des derni\u00e8res tendances, nous r\u00e9pondons aux besoins de nos clientes et nous mettons en valeur la beaut\u00e9 de leurs mains !<\/p>","protected":false},"excerpt":{"rendered":"<p>D'adorables ongles d'\u00e9t\u00e9 couleur p\u00eache ! Victoria VYNN Pure Creamy Hybrid Gel Nail Polish Sweet Ice Cream No. 007 est le vernis \u00e0 ongles en gel de couleur p\u00eache le plus vendu. Le plus grand distributeur de produits professionnels pour les ongles au Canada. Achetez en toute confiance !<\/p>\n<p>Sp\u00e9cifications du produit :<\/p>\n<p><a href=\"https:\/\/victoriavynn.ca\/wp-content\/uploads\/2022\/12\/CREAMY-FORMULA-1.webp\"><img loading=\"lazy\" decoding=\"async\" class=\"size-full wp-image-8777 alignleft\" src=\"https:\/\/victoriavynn.ca\/wp-content\/uploads\/2022\/12\/CREAMY-FORMULA-1.webp\" alt=\"VERNIS GEL CR\u00c9MEUX\" width=\"125\" height=\"150\" \/><\/a> <img loading=\"lazy\" decoding=\"async\" class=\"size-full wp-image-8778 alignleft\" src=\"https:\/\/victoriavynn.ca\/wp-content\/uploads\/2022\/12\/FLAT-SHORT-BRUSH.webp\" alt=\"VERNIS GEL CR\u00c9MEUX\" width=\"125\" height=\"150\" \/><img loading=\"lazy\" decoding=\"async\" class=\"size-full wp-image-8779 alignleft\" src=\"https:\/\/victoriavynn.ca\/wp-content\/uploads\/2022\/12\/FOR-LED-LAMP.webp\" alt=\"VERNIS GEL CR\u00c9MEUX\" width=\"125\" height=\"150\" \/><a href=\"https:\/\/victoriavynn.ca\/wp-content\/uploads\/2019\/11\/SALON-QUALITY.webp\"><img loading=\"lazy\" decoding=\"async\" class=\"size-full wp-image-8772 alignleft\" src=\"https:\/\/victoriavynn.ca\/wp-content\/uploads\/2019\/11\/SALON-QUALITY.webp\" alt=\"GEL NAIL BUILDER\" width=\"125\" height=\"150\" \/><\/a><\/p>\n<p>&nbsp;<\/p>\n<p>&nbsp;<\/p>\n<p>&nbsp;<\/p>\n<p>&nbsp;<\/p>\n<p>&nbsp;<\/p>\n<p>&nbsp;<\/p>\n<p>&nbsp;<\/p>\n<p style=\"text-align: left;\">Disponibilit\u00e9 du stock :<\/p>","protected":false},"featured_media":9525,"comment_status":"open","ping_status":"closed","template":"","meta":{"jetpack_post_was_ever_published":false,"jetpack_publicize_message":"","jetpack_publicize_feature_enabled":true,"jetpack_social_post_already_shared":true,"jetpack_social_options":{"image_generator_settings":{"template":"highway","default_image_id":0,"font":"","enabled":false},"version":2}},"product_brand":[],"product_cat":[48],"product_tag":[103],"class_list":{"0":"post-4447","1":"product","2":"type-product","3":"status-publish","4":"has-post-thumbnail","6":"product_cat-hybrid-gel-nail-colors","7":"product_tag-creamy-gel-polish","8":"product_shipping_class-cardboard-box","10":"first","11":"instock","12":"taxable","13":"shipping-taxable","14":"purchasable","15":"product-type-simple"},"jetpack_publicize_connections":[],"jetpack-related-posts":[{"id":12793,"url":"https:\/\/victoriavynn.ca\/fr\/product\/light-creamy-peach-gel-polish-iconic-cream\/","url_meta":{"origin":4447,"position":0},"title":"Vernis gel hybride cr\u00e9meux pur n\u00b0 240 Iconic Cream","author":"Serge Sahakian","date":"juin 9, 2023","format":false,"excerpt":"Victoria VYNN Pure Creamy Hybrid White Light Creamy Peach Gel Polish Iconic Cream No. 240 is a classic among cream shades arouses admiration from very first sight. Canada's Leading Distributor of Professional Nail Supplies. Buy with Confidence! Collection: Pure Creamy Hybrid Retro Pastel Product Specifications: \u00a0 \u00a0 \u00a0 \u00a0 \u00a0","rel":"","context":"Similar post","block_context":{"text":"Similar post","link":""},"img":{"alt_text":"Victoria VYNN Pure Creamy Hybrid White Light Creamy Peach Gel Polish Iconic Cream No. 240","src":"https:\/\/i0.wp.com\/victoriavynn.ca\/wp-content\/uploads\/2023\/06\/victoria-vynn-pure-creamy-hybrid-white-light-creamy-peach-gel-polish-iconic-cream-no.-240.webp?fit=750%2C1000&ssl=1&resize=350%2C200","width":350,"height":200,"srcset":"https:\/\/i0.wp.com\/victoriavynn.ca\/wp-content\/uploads\/2023\/06\/victoria-vynn-pure-creamy-hybrid-white-light-creamy-peach-gel-polish-iconic-cream-no.-240.webp?fit=750%2C1000&ssl=1&resize=350%2C200 1x, https:\/\/i0.wp.com\/victoriavynn.ca\/wp-content\/uploads\/2023\/06\/victoria-vynn-pure-creamy-hybrid-white-light-creamy-peach-gel-polish-iconic-cream-no.-240.webp?fit=750%2C1000&ssl=1&resize=525%2C300 1.5x, https:\/\/i0.wp.com\/victoriavynn.ca\/wp-content\/uploads\/2023\/06\/victoria-vynn-pure-creamy-hybrid-white-light-creamy-peach-gel-polish-iconic-cream-no.-240.webp?fit=750%2C1000&ssl=1&resize=700%2C400 2x"},"classes":[]},{"id":4409,"url":"https:\/\/victoriavynn.ca\/fr\/product\/sweet-pastel-green-nails-028-pastel-mint\/","url_meta":{"origin":4447,"position":1},"title":"Pure Creamy Hybrid Gel Polish No. 028 Pastel Mint","author":"Serge Sahakian","date":"septembre 2, 2022","format":false,"excerpt":"Sweet Pastel Green Nails?! Victoria VYNN Pure Creamy Hybrid High Pigment Gel Polish 028 Pastel Mint is a\u00a0summer manicure proposal that will add freshness and lightness to any design. Canada's Leading Distributor of Professional Nail Supplies. Buy with Confidence! Product Specifications: \u00a0 \u00a0 \u00a0 \u00a0 \u00a0 \u00a0 \u00a0 Stock Availability:","rel":"","context":"Similar post","block_context":{"text":"Similar post","link":""},"img":{"alt_text":"Sweet Pastel Green Nails Victoria VYNN Pure Creamy Hybrid 028 Pastel Mint","src":"https:\/\/i0.wp.com\/victoriavynn.ca\/wp-content\/uploads\/2022\/09\/Seet-Pastel-Green-Nails-Victoria-VYNN-Pure-Creamy-Hybrid-028-Pastel-Mint-.webp?fit=750%2C1000&ssl=1&resize=350%2C200","width":350,"height":200,"srcset":"https:\/\/i0.wp.com\/victoriavynn.ca\/wp-content\/uploads\/2022\/09\/Seet-Pastel-Green-Nails-Victoria-VYNN-Pure-Creamy-Hybrid-028-Pastel-Mint-.webp?fit=750%2C1000&ssl=1&resize=350%2C200 1x, https:\/\/i0.wp.com\/victoriavynn.ca\/wp-content\/uploads\/2022\/09\/Seet-Pastel-Green-Nails-Victoria-VYNN-Pure-Creamy-Hybrid-028-Pastel-Mint-.webp?fit=750%2C1000&ssl=1&resize=525%2C300 1.5x, https:\/\/i0.wp.com\/victoriavynn.ca\/wp-content\/uploads\/2022\/09\/Seet-Pastel-Green-Nails-Victoria-VYNN-Pure-Creamy-Hybrid-028-Pastel-Mint-.webp?fit=750%2C1000&ssl=1&resize=700%2C400 2x"},"classes":[]},{"id":4367,"url":"https:\/\/victoriavynn.ca\/fr\/product\/wine-red-nails-052-femme-fatale\/","url_meta":{"origin":4447,"position":2},"title":"Pure Creamy Hybrid Gel Polish No. 052 Femme Fatale","author":"Serge Sahakian","date":"septembre 2, 2022","format":false,"excerpt":"Adorable Wine Red Nails! Victoria VYNN Pure Creamy Hybrid High Pigment Gel Polish 052 Femme Fatale is the unique deep shade of red wine. Canada's Leading Distributor of Professional Nail Supplies. Buy with Confidence! Product Specifications: \u00a0 \u00a0 \u00a0 \u00a0 \u00a0 \u00a0 \u00a0 Stock Availability:","rel":"","context":"Similar post","block_context":{"text":"Similar post","link":""},"img":{"alt_text":"Adorable Wine Red Nails Victoria VYNN Pure Creamy Hybrid 052 Femme Fatale","src":"https:\/\/i0.wp.com\/victoriavynn.ca\/wp-content\/uploads\/2022\/09\/Adorable-Wine-Red-Nails-Victoria-VYNN-Pure-Creamy-Hybrid-052-Femme-Fatale-.webp?fit=750%2C1000&ssl=1&resize=350%2C200","width":350,"height":200,"srcset":"https:\/\/i0.wp.com\/victoriavynn.ca\/wp-content\/uploads\/2022\/09\/Adorable-Wine-Red-Nails-Victoria-VYNN-Pure-Creamy-Hybrid-052-Femme-Fatale-.webp?fit=750%2C1000&ssl=1&resize=350%2C200 1x, https:\/\/i0.wp.com\/victoriavynn.ca\/wp-content\/uploads\/2022\/09\/Adorable-Wine-Red-Nails-Victoria-VYNN-Pure-Creamy-Hybrid-052-Femme-Fatale-.webp?fit=750%2C1000&ssl=1&resize=525%2C300 1.5x, https:\/\/i0.wp.com\/victoriavynn.ca\/wp-content\/uploads\/2022\/09\/Adorable-Wine-Red-Nails-Victoria-VYNN-Pure-Creamy-Hybrid-052-Femme-Fatale-.webp?fit=750%2C1000&ssl=1&resize=700%2C400 2x"},"classes":[]},{"id":4403,"url":"https:\/\/victoriavynn.ca\/fr\/product\/best-turquoise-nails-032-turquoise-island\/","url_meta":{"origin":4447,"position":3},"title":"Pure Creamy Hybrid Gel Polish No. 032 Turquoise Island","author":"Serge Sahakian","date":"septembre 2, 2022","format":false,"excerpt":"De magnifiques ongles turquoise pour l'\u00e9t\u00e9 ! Victoria VYNN Pure Creamy Hybrid High Pigment Gel Polish 032 Turquoise Island est un turquoise noble qui \u00e9voque des souvenirs de vacances lointaines. Le premier distributeur canadien de fournitures professionnelles pour les ongles. Achetez en toute confiance ! Sp\u00e9cifications du produit :               Disponibilit\u00e9 du stock :","rel":"","context":"Similar post","block_context":{"text":"Similar post","link":""},"img":{"alt_text":"Best Summer Turquoise Nails Victoria VYNN Pure Cream Hybrid Turquoise Islan 032","src":"https:\/\/i0.wp.com\/victoriavynn.ca\/wp-content\/uploads\/2022\/09\/Best-Summer-Turquoise-Nails-Victoria-VYNN-Pure-Cream-Hybrid-Turquoise-Islan-032-1-1.webp?fit=750%2C1000&ssl=1&resize=350%2C200","width":350,"height":200,"srcset":"https:\/\/i0.wp.com\/victoriavynn.ca\/wp-content\/uploads\/2022\/09\/Best-Summer-Turquoise-Nails-Victoria-VYNN-Pure-Cream-Hybrid-Turquoise-Islan-032-1-1.webp?fit=750%2C1000&ssl=1&resize=350%2C200 1x, https:\/\/i0.wp.com\/victoriavynn.ca\/wp-content\/uploads\/2022\/09\/Best-Summer-Turquoise-Nails-Victoria-VYNN-Pure-Cream-Hybrid-Turquoise-Islan-032-1-1.webp?fit=750%2C1000&ssl=1&resize=525%2C300 1.5x, https:\/\/i0.wp.com\/victoriavynn.ca\/wp-content\/uploads\/2022\/09\/Best-Summer-Turquoise-Nails-Victoria-VYNN-Pure-Cream-Hybrid-Turquoise-Islan-032-1-1.webp?fit=750%2C1000&ssl=1&resize=700%2C400 2x"},"classes":[]},{"id":4261,"url":"https:\/\/victoriavynn.ca\/fr\/product\/light-coffee-milky-brown-nails-gel-polish\/","url_meta":{"origin":4447,"position":4},"title":"Vernis gel hybride cr\u00e9meux Pure n\u00b0 134 Sweet Talk","author":"Serge Sahakian","date":"septembre 2, 2022","format":false,"excerpt":"Le meilleur vernis en gel pour les ongles brun laiteux au caf\u00e9 l\u00e9ger ! Victoria VYNN Pure Creamy Hybrid High Pigment Gel Polish 134 Sweet Talk est la nuance d'un caf\u00e9 fort avec un peu de lait qui est magnifique n'importe quand et n'importe o\u00f9. Le premier distributeur canadien de fournitures professionnelles pour les ongles. Achetez en toute confiance ! Sp\u00e9cifications du produit :  ...","rel":"","context":"Similar post","block_context":{"text":"Similar post","link":""},"img":{"alt_text":"Victoria VYNN Light Coffee Milky Brown Nails Gel Polish Sweet Talk No. 134","src":"https:\/\/i0.wp.com\/victoriavynn.ca\/wp-content\/uploads\/2022\/09\/victoria-vynn-light-coffee-milky-brown-nails-gel-polish-sweet-talk-no.-134.webp?fit=750%2C1000&ssl=1&resize=350%2C200","width":350,"height":200,"srcset":"https:\/\/i0.wp.com\/victoriavynn.ca\/wp-content\/uploads\/2022\/09\/victoria-vynn-light-coffee-milky-brown-nails-gel-polish-sweet-talk-no.-134.webp?fit=750%2C1000&ssl=1&resize=350%2C200 1x, https:\/\/i0.wp.com\/victoriavynn.ca\/wp-content\/uploads\/2022\/09\/victoria-vynn-light-coffee-milky-brown-nails-gel-polish-sweet-talk-no.-134.webp?fit=750%2C1000&ssl=1&resize=525%2C300 1.5x, https:\/\/i0.wp.com\/victoriavynn.ca\/wp-content\/uploads\/2022\/09\/victoria-vynn-light-coffee-milky-brown-nails-gel-polish-sweet-talk-no.-134.webp?fit=750%2C1000&ssl=1&resize=700%2C400 2x"},"classes":[]},{"id":4435,"url":"https:\/\/victoriavynn.ca\/fr\/product\/best-raspberry-pink-nails-013-terra-rossa\/","url_meta":{"origin":4447,"position":5},"title":"Pure Creamy Hybrid Gel Polish No. 013 Terra Rossa","author":"Serge Sahakian","date":"septembre 2, 2022","format":false,"excerpt":"Des ongles d'un rose framboise sucr\u00e9 ! Victoria VYNN Pure Creamy Hybrid High Pigment Gel Polish Terra Rossa No. 013 est un rose charmant et discret qui est excellent pour les vacances et le travail ! Le premier distributeur canadien de fournitures professionnelles pour les ongles. Achetez en toute confiance ! Sp\u00e9cifications du produit :               Disponibilit\u00e9 du stock :","rel":"","context":"Similar post","block_context":{"text":"Similar post","link":""},"img":{"alt_text":"Sweet Raspberry Pink Nails Victoria VYNN Pure Creamy Hybrid 013 Terra Rosa","src":"https:\/\/i0.wp.com\/victoriavynn.ca\/wp-content\/uploads\/2022\/09\/Sweet-Raspberry-Pink-Nails-Victoria-VYNN-Pure-Creamy-Hybrid-013-Terra-Rosa.webp?fit=750%2C1000&ssl=1&resize=350%2C200","width":350,"height":200,"srcset":"https:\/\/i0.wp.com\/victoriavynn.ca\/wp-content\/uploads\/2022\/09\/Sweet-Raspberry-Pink-Nails-Victoria-VYNN-Pure-Creamy-Hybrid-013-Terra-Rosa.webp?fit=750%2C1000&ssl=1&resize=350%2C200 1x, https:\/\/i0.wp.com\/victoriavynn.ca\/wp-content\/uploads\/2022\/09\/Sweet-Raspberry-Pink-Nails-Victoria-VYNN-Pure-Creamy-Hybrid-013-Terra-Rosa.webp?fit=750%2C1000&ssl=1&resize=525%2C300 1.5x, https:\/\/i0.wp.com\/victoriavynn.ca\/wp-content\/uploads\/2022\/09\/Sweet-Raspberry-Pink-Nails-Victoria-VYNN-Pure-Creamy-Hybrid-013-Terra-Rosa.webp?fit=750%2C1000&ssl=1&resize=700%2C400 2x"},"classes":[]}],"jetpack_sharing_enabled":true,"_links":{"self":[{"href":"https:\/\/victoriavynn.ca\/fr\/wp-json\/wp\/v2\/product\/4447","targetHints":{"allow":["GET"]}}],"collection":[{"href":"https:\/\/victoriavynn.ca\/fr\/wp-json\/wp\/v2\/product"}],"about":[{"href":"https:\/\/victoriavynn.ca\/fr\/wp-json\/wp\/v2\/types\/product"}],"replies":[{"embeddable":true,"href":"https:\/\/victoriavynn.ca\/fr\/wp-json\/wp\/v2\/comments?post=4447"}],"wp:featuredmedia":[{"embeddable":true,"href":"https:\/\/victoriavynn.ca\/fr\/wp-json\/wp\/v2\/media\/9525"}],"wp:attachment":[{"href":"https:\/\/victoriavynn.ca\/fr\/wp-json\/wp\/v2\/media?parent=4447"}],"wp:term":[{"taxonomy":"product_brand","embeddable":true,"href":"https:\/\/victoriavynn.ca\/fr\/wp-json\/wp\/v2\/product_brand?post=4447"},{"taxonomy":"product_cat","embeddable":true,"href":"https:\/\/victoriavynn.ca\/fr\/wp-json\/wp\/v2\/product_cat?post=4447"},{"taxonomy":"product_tag","embeddable":true,"href":"https:\/\/victoriavynn.ca\/fr\/wp-json\/wp\/v2\/product_tag?post=4447"}],"curies":[{"name":"wp","href":"https:\/\/api.w.org\/{rel}","templated":true}]}}