{"id":4459,"date":"2022-09-02T18:57:12","date_gmt":"2022-09-02T22:57:12","guid":{"rendered":"https:\/\/victoriavynn.ca\/index.php\/product\/victoria-vynn-pure-creamy-hybrid-color-no-1\/"},"modified":"2026-03-22T14:01:11","modified_gmt":"2026-03-22T18:01:11","slug":"gel-polish-a-haute-pigmentation-001-blanc-absolu","status":"publish","type":"product","link":"https:\/\/victoriavynn.ca\/fr\/product\/high-pigment-gel-polish-001-absolute-white\/","title":{"rendered":"Pure Creamy Hybrid Gel Polish No. 001 Absolute White"},"content":{"rendered":"<p>Le syst\u00e8me Pure Creamy Hybrid comprend des vernis gel hybrides cr\u00e9meux d'une excellente couverture et durabilit\u00e9. Il s'agit d'une formule avec un indice de s\u00e9curit\u00e9 \u00e9lev\u00e9, sans odeur irritante et pouvant \u00eatre enlev\u00e9e avec de l'alcool cosm\u00e9tique. Le pinceau court et plat, con\u00e7u sp\u00e9cialement pour la ligne de produits Pure, facilite une application uniforme. Le syst\u00e8me vous permet de cr\u00e9er des manucures hybrides ultrafines. Durci uniquement dans des lampes LED !<\/p>\n<p>Victoria VYNN Pure Creamy Hybrid White High Pigment Gel Polish Absolute White No. 001 est un blanc clair \u00e0 cent pour cent, qui est ador\u00e9 par tous les fans de manucure fran\u00e7aise.<\/p>\n<p>Les vernis hybrides Pure r\u00e9pondent aux attentes des femmes du monde entier ! Nous cr\u00e9ons nos collections en fonction des derni\u00e8res tendances, nous r\u00e9pondons aux besoins de nos clientes et nous mettons en valeur la beaut\u00e9 de leurs mains !<\/p>\n<div class=\"description\">\n<div class=\"title witle-width-2\"><\/div>\n<\/div>","protected":false},"excerpt":{"rendered":"<p>Victoria VYNN Pure Creamy Hybrid White High Pigment Gel Polish Absolute White No. 001 est un blanc clair \u00e0 cent pour cent, qui est ador\u00e9 par tous les fans de manucure fran\u00e7aise. Le plus grand distributeur canadien de fournitures professionnelles pour ongles. Achetez en toute confiance !<\/p>\n<p>Sp\u00e9cifications du produit :<\/p>\n<p><a href=\"https:\/\/victoriavynn.ca\/wp-content\/uploads\/2022\/12\/CREAMY-FORMULA-1.webp\"><img loading=\"lazy\" decoding=\"async\" class=\"size-full wp-image-8777 alignleft\" src=\"https:\/\/victoriavynn.ca\/wp-content\/uploads\/2022\/12\/CREAMY-FORMULA-1.webp\" alt=\"VERNIS GEL CR\u00c9MEUX\" width=\"125\" height=\"150\" \/><\/a> <img loading=\"lazy\" decoding=\"async\" class=\"size-full wp-image-8778 alignleft\" src=\"https:\/\/victoriavynn.ca\/wp-content\/uploads\/2022\/12\/FLAT-SHORT-BRUSH.webp\" alt=\"VERNIS GEL CR\u00c9MEUX\" width=\"125\" height=\"150\" \/><img loading=\"lazy\" decoding=\"async\" class=\"size-full wp-image-8779 alignleft\" src=\"https:\/\/victoriavynn.ca\/wp-content\/uploads\/2022\/12\/FOR-LED-LAMP.webp\" alt=\"VERNIS GEL CR\u00c9MEUX\" width=\"125\" height=\"150\" \/><a href=\"https:\/\/victoriavynn.ca\/wp-content\/uploads\/2019\/11\/SALON-QUALITY.webp\"><img loading=\"lazy\" decoding=\"async\" class=\"size-full wp-image-8772 alignleft\" src=\"https:\/\/victoriavynn.ca\/wp-content\/uploads\/2019\/11\/SALON-QUALITY.webp\" alt=\"GEL NAIL BUILDER\" width=\"125\" height=\"150\" \/><\/a><\/p>\n<p>&nbsp;<\/p>\n<p>&nbsp;<\/p>\n<p>&nbsp;<\/p>\n<p>&nbsp;<\/p>\n<p>&nbsp;<\/p>\n<p>&nbsp;<\/p>\n<p>&nbsp;<\/p>\n<p style=\"text-align: left;\">Disponibilit\u00e9 du stock :<\/p>","protected":false},"featured_media":21394,"comment_status":"open","ping_status":"closed","template":"","meta":{"jetpack_post_was_ever_published":false,"jetpack_publicize_message":"","jetpack_publicize_feature_enabled":true,"jetpack_social_post_already_shared":true,"jetpack_social_options":{"image_generator_settings":{"template":"highway","default_image_id":0,"font":"","enabled":false},"version":2}},"product_brand":[],"product_cat":[48],"product_tag":[103],"class_list":{"0":"post-4459","1":"product","2":"type-product","3":"status-publish","4":"has-post-thumbnail","6":"product_cat-hybrid-gel-nail-colors","7":"product_tag-creamy-gel-polish","8":"product_shipping_class-cardboard-box","9":"pa_size-8ml","11":"first","12":"instock","13":"taxable","14":"shipping-taxable","15":"purchasable","16":"product-type-simple"},"jetpack_publicize_connections":[],"jetpack-related-posts":[{"id":12793,"url":"https:\/\/victoriavynn.ca\/fr\/product\/light-creamy-peach-gel-polish-iconic-cream\/","url_meta":{"origin":4459,"position":0},"title":"Vernis gel hybride cr\u00e9meux pur n\u00b0 240 Iconic Cream","author":"Serge Sahakian","date":"juin 9, 2023","format":false,"excerpt":"Victoria VYNN Pure Creamy Hybrid White Light Creamy Peach Gel Polish Iconic Cream No. 240 is a classic among cream shades arouses admiration from very first sight. Canada's Leading Distributor of Professional Nail Supplies. Buy with Confidence! Collection: Pure Creamy Hybrid Retro Pastel Product Specifications: \u00a0 \u00a0 \u00a0 \u00a0 \u00a0","rel":"","context":"Similar post","block_context":{"text":"Similar post","link":""},"img":{"alt_text":"Victoria VYNN Pure Creamy Hybrid White Light Creamy Peach Gel Polish Iconic Cream No. 240","src":"https:\/\/i0.wp.com\/victoriavynn.ca\/wp-content\/uploads\/2023\/06\/victoria-vynn-pure-creamy-hybrid-white-light-creamy-peach-gel-polish-iconic-cream-no.-240.webp?fit=750%2C1000&ssl=1&resize=350%2C200","width":350,"height":200,"srcset":"https:\/\/i0.wp.com\/victoriavynn.ca\/wp-content\/uploads\/2023\/06\/victoria-vynn-pure-creamy-hybrid-white-light-creamy-peach-gel-polish-iconic-cream-no.-240.webp?fit=750%2C1000&ssl=1&resize=350%2C200 1x, https:\/\/i0.wp.com\/victoriavynn.ca\/wp-content\/uploads\/2023\/06\/victoria-vynn-pure-creamy-hybrid-white-light-creamy-peach-gel-polish-iconic-cream-no.-240.webp?fit=750%2C1000&ssl=1&resize=525%2C300 1.5x, https:\/\/i0.wp.com\/victoriavynn.ca\/wp-content\/uploads\/2023\/06\/victoria-vynn-pure-creamy-hybrid-white-light-creamy-peach-gel-polish-iconic-cream-no.-240.webp?fit=750%2C1000&ssl=1&resize=700%2C400 2x"},"classes":[]},{"id":20605,"url":"https:\/\/victoriavynn.ca\/fr\/product\/victoria-vynn-pure-creamy-hybrid-gel-polish-no-262-stella-mozzarella\/","url_meta":{"origin":4459,"position":1},"title":"Victoria VYNN Pure Creamy Hybrid Gel Polish No. 262 Stella Mozzarella","author":"Serge Sahakian","date":"f\u00e9vrier 7, 2025","format":false,"excerpt":"Victoria VYNN Hybrid Pure Creamy Gel Polish Stella Mozzarella No. 262 est un blanc d\u00e9licat et laiteux. Le syst\u00e8me Pure Creamy Hybrid comprend des vernis hybrides cr\u00e9meux d'une couverture et d'une durabilit\u00e9 excellentes. C'est une formule avec un indice de s\u00e9curit\u00e9 \u00e9lev\u00e9, sans odeur irritante et qui s'enl\u00e8ve avec de l'alcool cosm\u00e9tique. Durci seulement...","rel":"","context":"Similar post","block_context":{"text":"Similar post","link":""},"img":{"alt_text":"Victoria VYNN Pure Creamy Hybrid Pomodoro Collection No. 262 Stella Mozzarella","src":"https:\/\/i0.wp.com\/victoriavynn.ca\/wp-content\/uploads\/2025\/02\/victoria-vynn-pure-creamy-hybrid-pomodoro-collection-no.-262-stella-mozzarella.webp?fit=750%2C1000&ssl=1&resize=350%2C200","width":350,"height":200,"srcset":"https:\/\/i0.wp.com\/victoriavynn.ca\/wp-content\/uploads\/2025\/02\/victoria-vynn-pure-creamy-hybrid-pomodoro-collection-no.-262-stella-mozzarella.webp?fit=750%2C1000&ssl=1&resize=350%2C200 1x, https:\/\/i0.wp.com\/victoriavynn.ca\/wp-content\/uploads\/2025\/02\/victoria-vynn-pure-creamy-hybrid-pomodoro-collection-no.-262-stella-mozzarella.webp?fit=750%2C1000&ssl=1&resize=525%2C300 1.5x, https:\/\/i0.wp.com\/victoriavynn.ca\/wp-content\/uploads\/2025\/02\/victoria-vynn-pure-creamy-hybrid-pomodoro-collection-no.-262-stella-mozzarella.webp?fit=750%2C1000&ssl=1&resize=700%2C400 2x"},"classes":[]},{"id":4423,"url":"https:\/\/victoriavynn.ca\/fr\/product\/best-perfect-orange-gel-nails-019\/","url_meta":{"origin":4459,"position":2},"title":"Pure Creamy Hybrid Gel Polish No. 019 Perfect Orange","author":"Serge Sahakian","date":"septembre 2, 2022","format":false,"excerpt":"Son nom dit tout, Perfect Orange Gel Nails ! Victoria VYNN Pure Creamy Hybrid High Pigment Gel Polish 019 Perfect Orange est l'orange absolu - d\u00e9cisif et \u00e9nergique. Le premier distributeur canadien de fournitures professionnelles pour les ongles. Achetez en toute confiance ! Sp\u00e9cifications du produit :               Disponibilit\u00e9 du stock :","rel":"","context":"Similar post","block_context":{"text":"Similar post","link":""},"img":{"alt_text":"Perfect Orange Gel Nails Victoria VYNN Pure Creamy Hybrid 019 Perfect Orange","src":"https:\/\/i0.wp.com\/victoriavynn.ca\/wp-content\/uploads\/2022\/09\/Perfect-Orange-Gel-Nails-Victoria-VYNN-Pure-Creamy-Hybrid-019-Perfect-Orange-.webp?fit=750%2C1000&ssl=1&resize=350%2C200","width":350,"height":200,"srcset":"https:\/\/i0.wp.com\/victoriavynn.ca\/wp-content\/uploads\/2022\/09\/Perfect-Orange-Gel-Nails-Victoria-VYNN-Pure-Creamy-Hybrid-019-Perfect-Orange-.webp?fit=750%2C1000&ssl=1&resize=350%2C200 1x, https:\/\/i0.wp.com\/victoriavynn.ca\/wp-content\/uploads\/2022\/09\/Perfect-Orange-Gel-Nails-Victoria-VYNN-Pure-Creamy-Hybrid-019-Perfect-Orange-.webp?fit=750%2C1000&ssl=1&resize=525%2C300 1.5x, https:\/\/i0.wp.com\/victoriavynn.ca\/wp-content\/uploads\/2022\/09\/Perfect-Orange-Gel-Nails-Victoria-VYNN-Pure-Creamy-Hybrid-019-Perfect-Orange-.webp?fit=750%2C1000&ssl=1&resize=700%2C400 2x"},"classes":[]},{"id":20595,"url":"https:\/\/victoriavynn.ca\/fr\/product\/victoria-vynn-pure-creamy-hybrid-gel-polish-no-267-maestro\/","url_meta":{"origin":4459,"position":3},"title":"Victoria VYNN Pure Creamy Hybrid Gel Polish No. 267 Maestro !","author":"Serge Sahakian","date":"f\u00e9vrier 7, 2025","format":false,"excerpt":"Victoria VYNN Hybrid Pure Creamy Gel Polish Maestro ! No. 267 est un rose \u00e9carlate sophistiqu\u00e9 avec une nuance de violet. Le syst\u00e8me Pure Creamy Hybrid comprend des vernis hybrides cr\u00e9meux d'une couverture et d'une durabilit\u00e9 excellentes. C'est une formule avec un indice de s\u00e9curit\u00e9 \u00e9lev\u00e9, sans odeur irritante et qui s'enl\u00e8ve avec...","rel":"","context":"Similar post","block_context":{"text":"Similar post","link":""},"img":{"alt_text":"Victoria VYNN Pure Creamy Hybrid Pomodoro Collection No. 267 MAESTRO!","src":"https:\/\/i0.wp.com\/victoriavynn.ca\/wp-content\/uploads\/2025\/02\/victoria-vynn-pure-creamy-hybrid-pomodoro-collection-no.-267-maestro-.webp?fit=750%2C1000&ssl=1&resize=350%2C200","width":350,"height":200,"srcset":"https:\/\/i0.wp.com\/victoriavynn.ca\/wp-content\/uploads\/2025\/02\/victoria-vynn-pure-creamy-hybrid-pomodoro-collection-no.-267-maestro-.webp?fit=750%2C1000&ssl=1&resize=350%2C200 1x, https:\/\/i0.wp.com\/victoriavynn.ca\/wp-content\/uploads\/2025\/02\/victoria-vynn-pure-creamy-hybrid-pomodoro-collection-no.-267-maestro-.webp?fit=750%2C1000&ssl=1&resize=525%2C300 1.5x, https:\/\/i0.wp.com\/victoriavynn.ca\/wp-content\/uploads\/2025\/02\/victoria-vynn-pure-creamy-hybrid-pomodoro-collection-no.-267-maestro-.webp?fit=750%2C1000&ssl=1&resize=700%2C400 2x"},"classes":[]},{"id":20599,"url":"https:\/\/victoriavynn.ca\/fr\/product\/victoria-vynn-pure-creamy-hybrid-gel-polish-no-265-mamma-mia\/","url_meta":{"origin":4459,"position":4},"title":"Victoria VYNN Pure Creamy Hybrid Gel Polish No. 265 Mamma Mia","author":"Serge Sahakian","date":"f\u00e9vrier 7, 2025","format":false,"excerpt":"Victoria VYNN Hybrid Pure Creamy Gel Polish Mamma Mia No. 265 is a juicy red full of flavor and emotion. The Pure Creamy Hybrid system comprises creamy hybrid polishes of excellent coverage and durability. It\u2019s a formula with a high safety index, free off an irritating smell and removable with\u2026","rel":"","context":"Similar post","block_context":{"text":"Similar post","link":""},"img":{"alt_text":"Victoria VYNN Pure Creamy Hybrid Pomodoro Collection No. 265 Mamma mia","src":"https:\/\/i0.wp.com\/victoriavynn.ca\/wp-content\/uploads\/2025\/02\/victoria-vynn-pure-creamy-hybrid-pomodoro-collection-no.-265-mamma-mia-.webp?fit=750%2C1000&ssl=1&resize=350%2C200","width":350,"height":200,"srcset":"https:\/\/i0.wp.com\/victoriavynn.ca\/wp-content\/uploads\/2025\/02\/victoria-vynn-pure-creamy-hybrid-pomodoro-collection-no.-265-mamma-mia-.webp?fit=750%2C1000&ssl=1&resize=350%2C200 1x, https:\/\/i0.wp.com\/victoriavynn.ca\/wp-content\/uploads\/2025\/02\/victoria-vynn-pure-creamy-hybrid-pomodoro-collection-no.-265-mamma-mia-.webp?fit=750%2C1000&ssl=1&resize=525%2C300 1.5x, https:\/\/i0.wp.com\/victoriavynn.ca\/wp-content\/uploads\/2025\/02\/victoria-vynn-pure-creamy-hybrid-pomodoro-collection-no.-265-mamma-mia-.webp?fit=750%2C1000&ssl=1&resize=700%2C400 2x"},"classes":[]},{"id":20601,"url":"https:\/\/victoriavynn.ca\/fr\/product\/victoria-vynn-pure-creamy-hybrid-gel-polish-no-264-massimo\/","url_meta":{"origin":4459,"position":5},"title":"Victoria VYNN Pure Creamy Hybrid Gel Polish No. 264 Massimo","author":"Serge Sahakian","date":"f\u00e9vrier 7, 2025","format":false,"excerpt":"Victoria VYNN Hybrid Pure Creamy Gel Polish Massimo No. 264 is a seductive and bold shade of red. The Pure Creamy Hybrid system comprises creamy hybrid polishes of excellent coverage and durability. It\u2019s a formula with a high safety index, free off an irritating smell and removable with cosmetic alcohol.\u2026","rel":"","context":"Similar post","block_context":{"text":"Similar post","link":""},"img":{"alt_text":"Victoria VYNN Pure Creamy Hybrid Pomodoro Collection No. 264 Massimo","src":"https:\/\/i0.wp.com\/victoriavynn.ca\/wp-content\/uploads\/2025\/02\/victoria-vynn-pure-creamy-hybrid-pomodoro-collection-no.-264-massimo-.webp?fit=750%2C1000&ssl=1&resize=350%2C200","width":350,"height":200,"srcset":"https:\/\/i0.wp.com\/victoriavynn.ca\/wp-content\/uploads\/2025\/02\/victoria-vynn-pure-creamy-hybrid-pomodoro-collection-no.-264-massimo-.webp?fit=750%2C1000&ssl=1&resize=350%2C200 1x, https:\/\/i0.wp.com\/victoriavynn.ca\/wp-content\/uploads\/2025\/02\/victoria-vynn-pure-creamy-hybrid-pomodoro-collection-no.-264-massimo-.webp?fit=750%2C1000&ssl=1&resize=525%2C300 1.5x, https:\/\/i0.wp.com\/victoriavynn.ca\/wp-content\/uploads\/2025\/02\/victoria-vynn-pure-creamy-hybrid-pomodoro-collection-no.-264-massimo-.webp?fit=750%2C1000&ssl=1&resize=700%2C400 2x"},"classes":[]}],"jetpack_sharing_enabled":true,"_links":{"self":[{"href":"https:\/\/victoriavynn.ca\/fr\/wp-json\/wp\/v2\/product\/4459","targetHints":{"allow":["GET"]}}],"collection":[{"href":"https:\/\/victoriavynn.ca\/fr\/wp-json\/wp\/v2\/product"}],"about":[{"href":"https:\/\/victoriavynn.ca\/fr\/wp-json\/wp\/v2\/types\/product"}],"replies":[{"embeddable":true,"href":"https:\/\/victoriavynn.ca\/fr\/wp-json\/wp\/v2\/comments?post=4459"}],"wp:featuredmedia":[{"embeddable":true,"href":"https:\/\/victoriavynn.ca\/fr\/wp-json\/wp\/v2\/media\/21394"}],"wp:attachment":[{"href":"https:\/\/victoriavynn.ca\/fr\/wp-json\/wp\/v2\/media?parent=4459"}],"wp:term":[{"taxonomy":"product_brand","embeddable":true,"href":"https:\/\/victoriavynn.ca\/fr\/wp-json\/wp\/v2\/product_brand?post=4459"},{"taxonomy":"product_cat","embeddable":true,"href":"https:\/\/victoriavynn.ca\/fr\/wp-json\/wp\/v2\/product_cat?post=4459"},{"taxonomy":"product_tag","embeddable":true,"href":"https:\/\/victoriavynn.ca\/fr\/wp-json\/wp\/v2\/product_tag?post=4459"}],"curies":[{"name":"wp","href":"https:\/\/api.w.org\/{rel}","templated":true}]}}