{"id":4553,"date":"2022-09-04T11:39:31","date_gmt":"2022-09-04T15:39:31","guid":{"rendered":"https:\/\/victoriavynn.ca\/index.php\/product\/victoria-vynn-iq-nail-polish-no-005-little-mistery\/"},"modified":"2026-02-15T11:55:15","modified_gmt":"2026-02-15T16:55:15","slug":"vernis-a-ongles-bleu-marine-005-little-mistery","status":"publish","type":"product","link":"https:\/\/victoriavynn.ca\/fr\/product\/navy-blue-nail-polish-005-little-mistery\/","title":{"rendered":"Vernis \u00e0 ongles iQ No. 005 Little Mistery"},"content":{"rendered":"<p>Le vernis \u00e0 ongles Little Mistery, bleu marine tr\u00e8s fonc\u00e9 et nacr\u00e9, est identique au Gel Polish 081.<\/p>\n<p>Avec le vernis \u00e0 ongles Victoria VYNN iQ Vegan Navy Blue couleur 005, vous pouvez profiter de l'effet pendant 10 jours comme apr\u00e8s une visite au salon ! La formule riche en ingr\u00e9dients v\u00e9g\u00e9taliens de haute qualit\u00e9 assure une adh\u00e9sion durable \u00e0 la plaque de l'ongle et garantit une manucure de qualit\u00e9 salon.<\/p>\n<p>Toutes les couleurs du vernis \u00e0 ongles v\u00e9g\u00e9talien iQ Salon sont les \u00e9quivalents des teintes les plus populaires des vernis hybrides Gel Polish et Pure Creamy Hybrid.<\/p>\n<p>Vous aimez jouer avec les couleurs et changer fr\u00e9quemment de motifs sur vos ongles ! Choisissez la formule intelligente des vernis \u00e0 ongles iQ et leur composition unique qui garantit une adh\u00e9sion \u00e0 long terme \u00e0 la plaque de l'ongle et une durabilit\u00e9 extr\u00eame !<\/p>","protected":false},"excerpt":{"rendered":"<p>Le vernis \u00e0 ongles Little Mistery, bleu marine tr\u00e8s fonc\u00e9 et nacr\u00e9, est identique au Gel Polish 081. Il a son homologue dans la collection Gel Polish 006. Avec les couleurs du vernis \u00e0 ongles Victoria VYNN iQ, vous pouvez profiter de l'effet pendant 10 jours comme apr\u00e8s une visite au salon ! La formule riche en ingr\u00e9dients v\u00e9g\u00e9taliens de haute qualit\u00e9 assure une adh\u00e9sion durable \u00e0 la plaque de l'ongle et garantit une manucure de qualit\u00e9 salon. Toutes les couleurs des vernis \u00e0 ongles iQ Salon sont les \u00e9quivalents des teintes les plus populaires des vernis hybrides Gel Polish et Pure Creamy Hybrid.<\/p>\n<p>Sp\u00e9cifications du produit :<\/p>\n<p><img loading=\"lazy\" decoding=\"async\" class=\"size-full wp-image-9090 alignleft\" src=\"https:\/\/victoriavynn.ca\/wp-content\/uploads\/2022\/09\/VEGAN-FORMULA.webp\" alt=\"VERNIS \u00c0 ONGLES V\u00c9G\u00c9TALIEN\" width=\"125\" height=\"150\" \/> <img loading=\"lazy\" decoding=\"async\" class=\"size-full wp-image-9091 alignleft\" src=\"https:\/\/victoriavynn.ca\/wp-content\/uploads\/2022\/09\/FAN-BRUSH.webp\" alt=\"VERNIS \u00c0 ONGLES V\u00c9G\u00c9TALIEN\" width=\"125\" height=\"150\" \/><\/p>\n<p><img loading=\"lazy\" decoding=\"async\" class=\"size-full wp-image-9070 alignleft\" src=\"https:\/\/victoriavynn.ca\/wp-content\/uploads\/2020\/03\/HIGHLY-DURABLE.webp\" alt=\"\" width=\"125\" height=\"150\" \/><img loading=\"lazy\" decoding=\"async\" class=\"size-full wp-image-9089 alignleft\" src=\"https:\/\/victoriavynn.ca\/wp-content\/uploads\/2022\/09\/MATCHING-COLORS.webp\" alt=\"VERNIS \u00c0 ONGLES V\u00c9G\u00c9TALIEN\" width=\"125\" height=\"150\" \/><\/p>\n<p>&nbsp;<\/p>\n<p>&nbsp;<\/p>\n<p>&nbsp;<\/p>\n<p>&nbsp;<\/p>\n<p>&nbsp;<\/p>\n<p>&nbsp;<\/p>","protected":false},"featured_media":9135,"comment_status":"open","ping_status":"closed","template":"","meta":{"jetpack_post_was_ever_published":false,"jetpack_publicize_message":"","jetpack_publicize_feature_enabled":true,"jetpack_social_post_already_shared":true,"jetpack_social_options":{"image_generator_settings":{"template":"highway","default_image_id":0,"font":"","enabled":false},"version":2}},"product_brand":[],"product_cat":[50],"product_tag":[97],"class_list":{"0":"post-4553","1":"product","2":"type-product","3":"status-publish","4":"has-post-thumbnail","6":"product_cat-vegan-nail-colors","7":"product_tag-iq-nail-polish-colors","8":"product_shipping_class-cardboard-box","9":"pa_size-9ml","11":"first","12":"instock","13":"taxable","14":"shipping-taxable","15":"purchasable","16":"product-type-simple"},"jetpack_publicize_connections":[],"jetpack-related-posts":[{"id":4555,"url":"https:\/\/victoriavynn.ca\/fr\/product\/dark-grey-nail-polish-004-dusty-fog\/","url_meta":{"origin":4553,"position":0},"title":"iQ Vernis \u00e0 ongles No. 004 Dusty Fog","author":"Serge Sahakian","date":"septembre 4, 2022","format":false,"excerpt":"Le vernis \u00e0 ongles gris moyen fonc\u00e9 Dusty Fog avec une touche de violet correspond au Gel Polish 206. Il a son \u00e9quivalent dans la collection Gel Polish 006. Avec les couleurs du vernis \u00e0 ongles Victoria VYNN iQ, vous pouvez profiter de l'effet pendant 10 jours, comme apr\u00e8s une visite...","rel":"","context":"Similar post","block_context":{"text":"Similar post","link":""},"img":{"alt_text":"dark grey nail polish","src":"https:\/\/i0.wp.com\/victoriavynn.ca\/wp-content\/uploads\/2022\/09\/dark-grey-nail-polish.png?fit=750%2C1000&ssl=1&resize=350%2C200","width":350,"height":200,"srcset":"https:\/\/i0.wp.com\/victoriavynn.ca\/wp-content\/uploads\/2022\/09\/dark-grey-nail-polish.png?fit=750%2C1000&ssl=1&resize=350%2C200 1x, https:\/\/i0.wp.com\/victoriavynn.ca\/wp-content\/uploads\/2022\/09\/dark-grey-nail-polish.png?fit=750%2C1000&ssl=1&resize=525%2C300 1.5x, https:\/\/i0.wp.com\/victoriavynn.ca\/wp-content\/uploads\/2022\/09\/dark-grey-nail-polish.png?fit=750%2C1000&ssl=1&resize=700%2C400 2x"},"classes":[]},{"id":4548,"url":"https:\/\/victoriavynn.ca\/fr\/product\/cherry-red-nail-polish-007-be-cherry\/","url_meta":{"origin":4553,"position":1},"title":"iQ Vernis \u00e0 ongles No. 007 Be Cherry","author":"Serge Sahakian","date":"septembre 4, 2022","format":false,"excerpt":"La teinte de vernis \u00e0 ongles rouge cerise fonc\u00e9 de Be Cherry ressemble beaucoup \u00e0 l'hybride Gel Polish 030. Elle a son \u00e9quivalent dans la collection Gel Polish 006. Avec les couleurs du vernis \u00e0 ongles Victoria VYNN iQ, vous pouvez profiter de l'effet pendant 10 jours, comme apr\u00e8s une visite au salon....","rel":"","context":"Similar post","block_context":{"text":"Similar post","link":""},"img":{"alt_text":"cherry red nail polish","src":"https:\/\/i0.wp.com\/victoriavynn.ca\/wp-content\/uploads\/2022\/09\/cherry-red-nail-polish.png?fit=750%2C1000&ssl=1&resize=350%2C200","width":350,"height":200,"srcset":"https:\/\/i0.wp.com\/victoriavynn.ca\/wp-content\/uploads\/2022\/09\/cherry-red-nail-polish.png?fit=750%2C1000&ssl=1&resize=350%2C200 1x, https:\/\/i0.wp.com\/victoriavynn.ca\/wp-content\/uploads\/2022\/09\/cherry-red-nail-polish.png?fit=750%2C1000&ssl=1&resize=525%2C300 1.5x, https:\/\/i0.wp.com\/victoriavynn.ca\/wp-content\/uploads\/2022\/09\/cherry-red-nail-polish.png?fit=750%2C1000&ssl=1&resize=700%2C400 2x"},"classes":[]},{"id":5013,"url":"https:\/\/victoriavynn.ca\/fr\/product\/vegan-nail-polish-iq-030-dim-magenta\/","url_meta":{"origin":4553,"position":2},"title":"Vernis \u00e0 ongles iQ n\u00b0 030 Dim Magenta","author":"Serge Sahakian","date":"septembre 4, 2022","format":false,"excerpt":"La v\u00e9ritable nuance de magenta Dim Magenta est un m\u00e9lange de rouge et de bleu, tout comme le Gel Polish 219. Avec les couleurs du vernis \u00e0 ongles Victoria VYNN iQ Vegan, vous pouvez profiter de l'effet pendant 10 jours, comme apr\u00e8s une visite au salon ! La formule riche en ingr\u00e9dients v\u00e9g\u00e9taliens de haute qualit\u00e9...","rel":"","context":"Similar post","block_context":{"text":"Similar post","link":""},"img":{"alt_text":"iq-vegan-nail-polish-030-","src":"https:\/\/i0.wp.com\/victoriavynn.ca\/wp-content\/uploads\/2022\/09\/iq-vegan-nail-polish-030-.webp?fit=750%2C1000&ssl=1&resize=350%2C200","width":350,"height":200,"srcset":"https:\/\/i0.wp.com\/victoriavynn.ca\/wp-content\/uploads\/2022\/09\/iq-vegan-nail-polish-030-.webp?fit=750%2C1000&ssl=1&resize=350%2C200 1x, https:\/\/i0.wp.com\/victoriavynn.ca\/wp-content\/uploads\/2022\/09\/iq-vegan-nail-polish-030-.webp?fit=750%2C1000&ssl=1&resize=525%2C300 1.5x, https:\/\/i0.wp.com\/victoriavynn.ca\/wp-content\/uploads\/2022\/09\/iq-vegan-nail-polish-030-.webp?fit=750%2C1000&ssl=1&resize=700%2C400 2x"},"classes":[]},{"id":5049,"url":"https:\/\/victoriavynn.ca\/fr\/product\/dark-pink-nail-polish-012-secret-story\/","url_meta":{"origin":4553,"position":3},"title":"Vernis \u00e0 ongles iQ No. 012 Secret Story","author":"Serge Sahakian","date":"septembre 4, 2022","format":false,"excerpt":"Le meilleur vernis \u00e0 ongles vegan rose fonc\u00e9 Secret Story 012 et Pure Creamy Hybrid 159 sont des teintes jumelles d'un rose fort et classique. Avec les couleurs du vernis \u00e0 ongles Victoria VYNN iQ, vous pouvez profiter de l'effet pendant 10 jours comme apr\u00e8s une visite au salon ! La formule riche en...","rel":"","context":"Similar post","block_context":{"text":"Similar post","link":""},"img":{"alt_text":"dark pink nail polish","src":"https:\/\/i0.wp.com\/victoriavynn.ca\/wp-content\/uploads\/2022\/09\/dark-pink-nail-polish.png?fit=750%2C1000&ssl=1&resize=350%2C200","width":350,"height":200,"srcset":"https:\/\/i0.wp.com\/victoriavynn.ca\/wp-content\/uploads\/2022\/09\/dark-pink-nail-polish.png?fit=750%2C1000&ssl=1&resize=350%2C200 1x, https:\/\/i0.wp.com\/victoriavynn.ca\/wp-content\/uploads\/2022\/09\/dark-pink-nail-polish.png?fit=750%2C1000&ssl=1&resize=525%2C300 1.5x, https:\/\/i0.wp.com\/victoriavynn.ca\/wp-content\/uploads\/2022\/09\/dark-pink-nail-polish.png?fit=750%2C1000&ssl=1&resize=700%2C400 2x"},"classes":[]},{"id":5053,"url":"https:\/\/victoriavynn.ca\/fr\/product\/vegan-royal-raspberry-nail-polish-010\/","url_meta":{"origin":4553,"position":4},"title":"Vernis \u00e0 ongles iQ No. 010 Royal Raspberry","author":"Serge Sahakian","date":"septembre 4, 2022","format":false,"excerpt":"La teinte rouge framboise du vernis \u00e0 ongles Vegan Royal Raspberry est \u00e9galement refl\u00e9t\u00e9e par le vernis \u00e0 ongles Gel Polish 158. Avec les couleurs du vernis \u00e0 ongles Victoria VYNN iQ, vous pouvez profiter de l'effet pendant 10 jours, comme apr\u00e8s une visite au salon ! La formule riche en ingr\u00e9dients v\u00e9g\u00e9taliens de haute qualit\u00e9 assure une adh\u00e9sion de longue dur\u00e9e...","rel":"","context":"Similar post","block_context":{"text":"Similar post","link":""},"img":{"alt_text":"raspberry nail polish","src":"https:\/\/i0.wp.com\/victoriavynn.ca\/wp-content\/uploads\/2022\/09\/raspberry-nail-polish.png?fit=750%2C1000&ssl=1&resize=350%2C200","width":350,"height":200,"srcset":"https:\/\/i0.wp.com\/victoriavynn.ca\/wp-content\/uploads\/2022\/09\/raspberry-nail-polish.png?fit=750%2C1000&ssl=1&resize=350%2C200 1x, https:\/\/i0.wp.com\/victoriavynn.ca\/wp-content\/uploads\/2022\/09\/raspberry-nail-polish.png?fit=750%2C1000&ssl=1&resize=525%2C300 1.5x, https:\/\/i0.wp.com\/victoriavynn.ca\/wp-content\/uploads\/2022\/09\/raspberry-nail-polish.png?fit=750%2C1000&ssl=1&resize=700%2C400 2x"},"classes":[]},{"id":5023,"url":"https:\/\/victoriavynn.ca\/fr\/product\/vegan-nail-polish-iq-025-delicate-flirty\/","url_meta":{"origin":4553,"position":5},"title":"iQ vernis \u00e0 ongles No. 025 Delicate Flirty","author":"Serge Sahakian","date":"septembre 4, 2022","format":false,"excerpt":"La nuance chaude du rose Delicate Flirty est tr\u00e8s similaire \u00e0 la couleur du vernis gel hybride 148. Avec les couleurs du vernis \u00e0 ongles Victoria VYNN iQ Vegan, vous pouvez profiter de l'effet pendant 10 jours comme apr\u00e8s une visite au salon ! La formule riche en ingr\u00e9dients v\u00e9g\u00e9taliens de haute qualit\u00e9 assure...","rel":"","context":"Similar post","block_context":{"text":"Similar post","link":""},"img":{"alt_text":"iq-vegan-nail-polish-025-","src":"https:\/\/i0.wp.com\/victoriavynn.ca\/wp-content\/uploads\/2022\/09\/iq-vegan-nail-polish-025-.webp?fit=750%2C1000&ssl=1&resize=350%2C200","width":350,"height":200,"srcset":"https:\/\/i0.wp.com\/victoriavynn.ca\/wp-content\/uploads\/2022\/09\/iq-vegan-nail-polish-025-.webp?fit=750%2C1000&ssl=1&resize=350%2C200 1x, https:\/\/i0.wp.com\/victoriavynn.ca\/wp-content\/uploads\/2022\/09\/iq-vegan-nail-polish-025-.webp?fit=750%2C1000&ssl=1&resize=525%2C300 1.5x, https:\/\/i0.wp.com\/victoriavynn.ca\/wp-content\/uploads\/2022\/09\/iq-vegan-nail-polish-025-.webp?fit=750%2C1000&ssl=1&resize=700%2C400 2x"},"classes":[]}],"jetpack_sharing_enabled":true,"_links":{"self":[{"href":"https:\/\/victoriavynn.ca\/fr\/wp-json\/wp\/v2\/product\/4553","targetHints":{"allow":["GET"]}}],"collection":[{"href":"https:\/\/victoriavynn.ca\/fr\/wp-json\/wp\/v2\/product"}],"about":[{"href":"https:\/\/victoriavynn.ca\/fr\/wp-json\/wp\/v2\/types\/product"}],"replies":[{"embeddable":true,"href":"https:\/\/victoriavynn.ca\/fr\/wp-json\/wp\/v2\/comments?post=4553"}],"wp:featuredmedia":[{"embeddable":true,"href":"https:\/\/victoriavynn.ca\/fr\/wp-json\/wp\/v2\/media\/9135"}],"wp:attachment":[{"href":"https:\/\/victoriavynn.ca\/fr\/wp-json\/wp\/v2\/media?parent=4553"}],"wp:term":[{"taxonomy":"product_brand","embeddable":true,"href":"https:\/\/victoriavynn.ca\/fr\/wp-json\/wp\/v2\/product_brand?post=4553"},{"taxonomy":"product_cat","embeddable":true,"href":"https:\/\/victoriavynn.ca\/fr\/wp-json\/wp\/v2\/product_cat?post=4553"},{"taxonomy":"product_tag","embeddable":true,"href":"https:\/\/victoriavynn.ca\/fr\/wp-json\/wp\/v2\/product_tag?post=4553"}],"curies":[{"name":"wp","href":"https:\/\/api.w.org\/{rel}","templated":true}]}}