{"id":4557,"date":"2022-09-04T11:39:34","date_gmt":"2022-09-04T15:39:34","guid":{"rendered":"https:\/\/victoriavynn.ca\/index.php\/product\/victoria-vynn-iq-nail-polish-no-003-beige-cream\/"},"modified":"2026-02-15T11:55:14","modified_gmt":"2026-02-15T16:55:14","slug":"vernis-a-ongles-creme-beige-003","status":"publish","type":"product","link":"https:\/\/victoriavynn.ca\/fr\/product\/beige-cream-nail-polish-003\/","title":{"rendered":"iQ vernis \u00e0 ongles No. 003 Beige Cream"},"content":{"rendered":"<p>Le vernis \u00e0 ongles cr\u00e8me beige, un beige translucide, est parfait pour les motifs fran\u00e7ais. Il a son \u00e9quivalent dans la collection Gel Polish 006.<\/p>\n<p>Avec le vernis \u00e0 ongles Victoria VYNN iQ Vegan Beige Cream 003 color, vous pouvez profiter de l'effet pendant 10 jours comme apr\u00e8s une visite dans un salon de coiffure ! La formule riche en ingr\u00e9dients v\u00e9g\u00e9taliens de haute qualit\u00e9 assure une adh\u00e9sion durable \u00e0 la plaque de l'ongle et garantit une manucure de qualit\u00e9 salon.<\/p>\n<p>Toutes les couleurs des vernis \u00e0 ongles iQ Salon Vegan sont les \u00e9quivalents des teintes les plus populaires des vernis hybrides Gel Polish et Pure Creamy Hybrid.<\/p>\n<p>Vous aimez jouer avec les couleurs et changer fr\u00e9quemment de motifs sur vos ongles ! Choisissez la formule intelligente des vernis \u00e0 ongles iQ et leur composition unique qui garantit une adh\u00e9sion \u00e0 long terme \u00e0 la plaque de l'ongle et une durabilit\u00e9 extr\u00eame !<\/p>","protected":false},"excerpt":{"rendered":"<p>Le vernis \u00e0 ongles cr\u00e8me beige, un beige translucide, est parfait pour les motifs fran\u00e7ais. Il a son \u00e9quivalent dans la collection Gel Polish 006. Avec les couleurs du vernis \u00e0 ongles Victoria VYNN iQ, vous pouvez profiter de l'effet pendant 10 jours, comme apr\u00e8s une visite au salon ! La formule riche en ingr\u00e9dients v\u00e9g\u00e9taliens de haute qualit\u00e9 assure une adh\u00e9sion durable \u00e0 la plaque de l'ongle et garantit une manucure de qualit\u00e9 salon. Toutes les couleurs de vernis \u00e0 ongles iQ Salon sont les \u00e9quivalents des teintes les plus populaires des vernis hybrides Gel Polish et Pure Creamy Hybrid.<\/p>\n<p>Sp\u00e9cifications du produit :<\/p>\n<p><img loading=\"lazy\" decoding=\"async\" class=\"size-full wp-image-9090 alignleft\" src=\"https:\/\/victoriavynn.ca\/wp-content\/uploads\/2022\/09\/VEGAN-FORMULA.webp\" alt=\"VERNIS \u00c0 ONGLES V\u00c9G\u00c9TALIEN\" width=\"125\" height=\"150\" \/> <img loading=\"lazy\" decoding=\"async\" class=\"size-full wp-image-9091 alignleft\" src=\"https:\/\/victoriavynn.ca\/wp-content\/uploads\/2022\/09\/FAN-BRUSH.webp\" alt=\"VERNIS \u00c0 ONGLES V\u00c9G\u00c9TALIEN\" width=\"125\" height=\"150\" \/><\/p>\n<p><img loading=\"lazy\" decoding=\"async\" class=\"size-full wp-image-9070 alignleft\" src=\"https:\/\/victoriavynn.ca\/wp-content\/uploads\/2020\/03\/HIGHLY-DURABLE.webp\" alt=\"\" width=\"125\" height=\"150\" \/><img loading=\"lazy\" decoding=\"async\" class=\"size-full wp-image-9089 alignleft\" src=\"https:\/\/victoriavynn.ca\/wp-content\/uploads\/2022\/09\/MATCHING-COLORS.webp\" alt=\"VERNIS \u00c0 ONGLES V\u00c9G\u00c9TALIEN\" width=\"125\" height=\"150\" \/><\/p>\n<p>&nbsp;<\/p>\n<p>&nbsp;<\/p>\n<p>&nbsp;<\/p>\n<p>&nbsp;<\/p>\n<p>&nbsp;<\/p>\n<p>&nbsp;<\/p>\n<p>&nbsp;<\/p>\n<p>Disponibilit\u00e9 du stock :<\/p>","protected":false},"featured_media":9129,"comment_status":"open","ping_status":"closed","template":"","meta":{"jetpack_post_was_ever_published":false,"jetpack_publicize_message":"","jetpack_publicize_feature_enabled":true,"jetpack_social_post_already_shared":true,"jetpack_social_options":{"image_generator_settings":{"template":"highway","default_image_id":0,"font":"","enabled":false},"version":2}},"product_brand":[],"product_cat":[50],"product_tag":[97],"class_list":{"0":"post-4557","1":"product","2":"type-product","3":"status-publish","4":"has-post-thumbnail","6":"product_cat-vegan-nail-colors","7":"product_tag-iq-nail-polish-colors","8":"product_shipping_class-cardboard-box","9":"pa_size-9ml","11":"first","12":"instock","13":"taxable","14":"shipping-taxable","15":"purchasable","16":"product-type-simple"},"jetpack_publicize_connections":[],"jetpack-related-posts":[{"id":5003,"url":"https:\/\/victoriavynn.ca\/fr\/product\/vegan-nail-polish-iq-035-sweet-lies\/","url_meta":{"origin":4557,"position":0},"title":"Vernis \u00e0 ongles iQ No. 035 Sweet Lies","author":"Serge Sahakian","date":"septembre 4, 2022","format":false,"excerpt":"Beige, pastel Sweet Lies ressemble \u00e0 une nuance de cappuccino similaire \u00e0 Pure Creamy Hybrid 176. Avec les couleurs du vernis \u00e0 ongles Victoria VYNN iQ Vegan, vous pouvez profiter de l'effet pendant 10 jours, comme apr\u00e8s une visite dans un salon de coiffure ! La formule riche en ingr\u00e9dients v\u00e9g\u00e9taliens de haute qualit\u00e9 assure une adh\u00e9rence de longue dur\u00e9e...","rel":"","context":"Similar post","block_context":{"text":"Similar post","link":""},"img":{"alt_text":"iq-vegan-nail-polish-035-","src":"https:\/\/i0.wp.com\/victoriavynn.ca\/wp-content\/uploads\/2022\/09\/iq-vegan-nail-polish-035-.webp?fit=750%2C1000&ssl=1&resize=350%2C200","width":350,"height":200,"srcset":"https:\/\/i0.wp.com\/victoriavynn.ca\/wp-content\/uploads\/2022\/09\/iq-vegan-nail-polish-035-.webp?fit=750%2C1000&ssl=1&resize=350%2C200 1x, https:\/\/i0.wp.com\/victoriavynn.ca\/wp-content\/uploads\/2022\/09\/iq-vegan-nail-polish-035-.webp?fit=750%2C1000&ssl=1&resize=525%2C300 1.5x, https:\/\/i0.wp.com\/victoriavynn.ca\/wp-content\/uploads\/2022\/09\/iq-vegan-nail-polish-035-.webp?fit=750%2C1000&ssl=1&resize=700%2C400 2x"},"classes":[]},{"id":5009,"url":"https:\/\/victoriavynn.ca\/fr\/product\/vegan-nail-polish-iq-032-new-moorland\/","url_meta":{"origin":4557,"position":1},"title":"Vernis \u00e0 ongles iQ n\u00b0 032 New Moorland","author":"Serge Sahakian","date":"septembre 4, 2022","format":false,"excerpt":"Le violet New Moorland a \u00e9t\u00e9 d\u00e9licatement r\u00e9chauff\u00e9 avec du beige pour correspondre \u00e0 Pure Creamy Hybrid 154. Avec les couleurs du vernis \u00e0 ongles Victoria VYNN iQ Vegan, vous pouvez profiter de l'effet pendant 10 jours, comme apr\u00e8s une visite dans un salon de coiffure ! La formule riche en ingr\u00e9dients v\u00e9g\u00e9taliens de haute qualit\u00e9 assure une adh\u00e9rence durable...","rel":"","context":"Similar post","block_context":{"text":"Similar post","link":""},"img":{"alt_text":"iq-vegan-nail-polish-032-","src":"https:\/\/i0.wp.com\/victoriavynn.ca\/wp-content\/uploads\/2022\/09\/iq-vegan-nail-polish-032-.webp?fit=750%2C1000&ssl=1&resize=350%2C200","width":350,"height":200,"srcset":"https:\/\/i0.wp.com\/victoriavynn.ca\/wp-content\/uploads\/2022\/09\/iq-vegan-nail-polish-032-.webp?fit=750%2C1000&ssl=1&resize=350%2C200 1x, https:\/\/i0.wp.com\/victoriavynn.ca\/wp-content\/uploads\/2022\/09\/iq-vegan-nail-polish-032-.webp?fit=750%2C1000&ssl=1&resize=525%2C300 1.5x, https:\/\/i0.wp.com\/victoriavynn.ca\/wp-content\/uploads\/2022\/09\/iq-vegan-nail-polish-032-.webp?fit=750%2C1000&ssl=1&resize=700%2C400 2x"},"classes":[]},{"id":5037,"url":"https:\/\/victoriavynn.ca\/fr\/product\/vegan-nail-polish-iq-018-dusty-apricot\/","url_meta":{"origin":4557,"position":2},"title":"iQ Vernis \u00e0 ongles No. 018 Dusty Apricot","author":"Serge Sahakian","date":"septembre 4, 2022","format":false,"excerpt":"Le beige Dusty Apricot tr\u00e8s d\u00e9licat a \u00e9t\u00e9 inspir\u00e9 par la couleur Pure Creamy Hybrid 074. Avec les couleurs du vernis \u00e0 ongles Victoria VYNN iQ Vegan, vous pouvez profiter de l'effet pendant 10 jours comme apr\u00e8s une visite dans un salon de coiffure ! La formule riche en ingr\u00e9dients v\u00e9g\u00e9taliens de haute qualit\u00e9 assure une adh\u00e9rence...","rel":"","context":"Similar post","block_context":{"text":"Similar post","link":""},"img":{"alt_text":"victoria vynn iq nail polish no. 018","src":"https:\/\/i0.wp.com\/victoriavynn.ca\/wp-content\/uploads\/2022\/09\/victoria-vynn-iq-nail-polish-no.-018.webp?fit=750%2C1000&ssl=1&resize=350%2C200","width":350,"height":200,"srcset":"https:\/\/i0.wp.com\/victoriavynn.ca\/wp-content\/uploads\/2022\/09\/victoria-vynn-iq-nail-polish-no.-018.webp?fit=750%2C1000&ssl=1&resize=350%2C200 1x, https:\/\/i0.wp.com\/victoriavynn.ca\/wp-content\/uploads\/2022\/09\/victoria-vynn-iq-nail-polish-no.-018.webp?fit=750%2C1000&ssl=1&resize=525%2C300 1.5x, https:\/\/i0.wp.com\/victoriavynn.ca\/wp-content\/uploads\/2022\/09\/victoria-vynn-iq-nail-polish-no.-018.webp?fit=750%2C1000&ssl=1&resize=700%2C400 2x"},"classes":[]},{"id":5047,"url":"https:\/\/victoriavynn.ca\/fr\/product\/vegan-rocky-rose-nail-polish-iq-013\/","url_meta":{"origin":4557,"position":3},"title":"Vernis \u00e0 ongles iQ No. 013 Rocky Rose","author":"Serge Sahakian","date":"septembre 4, 2022","format":false,"excerpt":"Notre vernis \u00e0 ongles Vegan Rocky Rose est un rose chaud qui s'accorde parfaitement avec Pure Creamy Hybrid 126. Avec les couleurs du vernis \u00e0 ongles Victoria VYNN iQ, vous pouvez profiter de l'effet pendant 10 jours comme apr\u00e8s une visite dans un salon de coiffure ! La formule riche en produits v\u00e9g\u00e9taliens de haute qualit\u00e9...","rel":"","context":"Similar post","block_context":{"text":"Similar post","link":""},"img":{"alt_text":"rocky rose nail polish","src":"https:\/\/i0.wp.com\/victoriavynn.ca\/wp-content\/uploads\/2022\/09\/rocky-rose-nail-polish.png?fit=750%2C1000&ssl=1&resize=350%2C200","width":350,"height":200,"srcset":"https:\/\/i0.wp.com\/victoriavynn.ca\/wp-content\/uploads\/2022\/09\/rocky-rose-nail-polish.png?fit=750%2C1000&ssl=1&resize=350%2C200 1x, https:\/\/i0.wp.com\/victoriavynn.ca\/wp-content\/uploads\/2022\/09\/rocky-rose-nail-polish.png?fit=750%2C1000&ssl=1&resize=525%2C300 1.5x, https:\/\/i0.wp.com\/victoriavynn.ca\/wp-content\/uploads\/2022\/09\/rocky-rose-nail-polish.png?fit=750%2C1000&ssl=1&resize=700%2C400 2x"},"classes":[]},{"id":5053,"url":"https:\/\/victoriavynn.ca\/fr\/product\/vegan-royal-raspberry-nail-polish-010\/","url_meta":{"origin":4557,"position":4},"title":"Vernis \u00e0 ongles iQ No. 010 Royal Raspberry","author":"Serge Sahakian","date":"septembre 4, 2022","format":false,"excerpt":"La teinte rouge framboise du vernis \u00e0 ongles Vegan Royal Raspberry est \u00e9galement refl\u00e9t\u00e9e par le vernis \u00e0 ongles Gel Polish 158. Avec les couleurs du vernis \u00e0 ongles Victoria VYNN iQ, vous pouvez profiter de l'effet pendant 10 jours, comme apr\u00e8s une visite au salon ! La formule riche en ingr\u00e9dients v\u00e9g\u00e9taliens de haute qualit\u00e9 assure une adh\u00e9sion de longue dur\u00e9e...","rel":"","context":"Similar post","block_context":{"text":"Similar post","link":""},"img":{"alt_text":"raspberry nail polish","src":"https:\/\/i0.wp.com\/victoriavynn.ca\/wp-content\/uploads\/2022\/09\/raspberry-nail-polish.png?fit=750%2C1000&ssl=1&resize=350%2C200","width":350,"height":200,"srcset":"https:\/\/i0.wp.com\/victoriavynn.ca\/wp-content\/uploads\/2022\/09\/raspberry-nail-polish.png?fit=750%2C1000&ssl=1&resize=350%2C200 1x, https:\/\/i0.wp.com\/victoriavynn.ca\/wp-content\/uploads\/2022\/09\/raspberry-nail-polish.png?fit=750%2C1000&ssl=1&resize=525%2C300 1.5x, https:\/\/i0.wp.com\/victoriavynn.ca\/wp-content\/uploads\/2022\/09\/raspberry-nail-polish.png?fit=750%2C1000&ssl=1&resize=700%2C400 2x"},"classes":[]},{"id":4548,"url":"https:\/\/victoriavynn.ca\/fr\/product\/cherry-red-nail-polish-007-be-cherry\/","url_meta":{"origin":4557,"position":5},"title":"iQ Vernis \u00e0 ongles No. 007 Be Cherry","author":"Serge Sahakian","date":"septembre 4, 2022","format":false,"excerpt":"La teinte de vernis \u00e0 ongles rouge cerise fonc\u00e9 de Be Cherry ressemble beaucoup \u00e0 l'hybride Gel Polish 030. Elle a son \u00e9quivalent dans la collection Gel Polish 006. Avec les couleurs du vernis \u00e0 ongles Victoria VYNN iQ, vous pouvez profiter de l'effet pendant 10 jours, comme apr\u00e8s une visite au salon....","rel":"","context":"Similar post","block_context":{"text":"Similar post","link":""},"img":{"alt_text":"cherry red nail polish","src":"https:\/\/i0.wp.com\/victoriavynn.ca\/wp-content\/uploads\/2022\/09\/cherry-red-nail-polish.png?fit=750%2C1000&ssl=1&resize=350%2C200","width":350,"height":200,"srcset":"https:\/\/i0.wp.com\/victoriavynn.ca\/wp-content\/uploads\/2022\/09\/cherry-red-nail-polish.png?fit=750%2C1000&ssl=1&resize=350%2C200 1x, https:\/\/i0.wp.com\/victoriavynn.ca\/wp-content\/uploads\/2022\/09\/cherry-red-nail-polish.png?fit=750%2C1000&ssl=1&resize=525%2C300 1.5x, https:\/\/i0.wp.com\/victoriavynn.ca\/wp-content\/uploads\/2022\/09\/cherry-red-nail-polish.png?fit=750%2C1000&ssl=1&resize=700%2C400 2x"},"classes":[]}],"jetpack_sharing_enabled":true,"_links":{"self":[{"href":"https:\/\/victoriavynn.ca\/fr\/wp-json\/wp\/v2\/product\/4557","targetHints":{"allow":["GET"]}}],"collection":[{"href":"https:\/\/victoriavynn.ca\/fr\/wp-json\/wp\/v2\/product"}],"about":[{"href":"https:\/\/victoriavynn.ca\/fr\/wp-json\/wp\/v2\/types\/product"}],"replies":[{"embeddable":true,"href":"https:\/\/victoriavynn.ca\/fr\/wp-json\/wp\/v2\/comments?post=4557"}],"wp:featuredmedia":[{"embeddable":true,"href":"https:\/\/victoriavynn.ca\/fr\/wp-json\/wp\/v2\/media\/9129"}],"wp:attachment":[{"href":"https:\/\/victoriavynn.ca\/fr\/wp-json\/wp\/v2\/media?parent=4557"}],"wp:term":[{"taxonomy":"product_brand","embeddable":true,"href":"https:\/\/victoriavynn.ca\/fr\/wp-json\/wp\/v2\/product_brand?post=4557"},{"taxonomy":"product_cat","embeddable":true,"href":"https:\/\/victoriavynn.ca\/fr\/wp-json\/wp\/v2\/product_cat?post=4557"},{"taxonomy":"product_tag","embeddable":true,"href":"https:\/\/victoriavynn.ca\/fr\/wp-json\/wp\/v2\/product_tag?post=4557"}],"curies":[{"name":"wp","href":"https:\/\/api.w.org\/{rel}","templated":true}]}}