{"id":4687,"date":"2022-09-04T12:30:30","date_gmt":"2022-09-04T16:30:30","guid":{"rendered":"https:\/\/victoriavynn.ca\/index.php\/product\/victoria-vynn-gel-polish-color-201\/"},"modified":"2026-02-20T12:08:57","modified_gmt":"2026-02-20T17:08:57","slug":"victoria-vynn-gel-polish-color-201","status":"publish","type":"product","link":"https:\/\/victoriavynn.ca\/fr\/product\/victoria-vynn-gel-polish-color-201\/","title":{"rendered":"Vernis gel de salon n\u00b0 201 Peach Desire"},"content":{"rendered":"<p>Le syst\u00e8me Gel Polish comprend des vernis hybrides classiques et durables, durcis dans des lampes UV et LED. Le syst\u00e8me contient des bases et des tops de diff\u00e9rentes propri\u00e9t\u00e9s, durabilit\u00e9 et finition. Nous r\u00e9pondons aux besoins de nos clients en offrant une riche vari\u00e9t\u00e9 de couleurs avec des vernis hybrides de diff\u00e9rentes couvertures et effets, dans plus de 200 couleurs. La p\u00eache laiteuse Desire est un must pour tout styliste d'ongles dans la collection de vernis hybrides. Victoria VYNN Gel Polish Color est une ligne de vernis hybrides \u00e0 polym\u00e9risation l\u00e9g\u00e8re, qui s'utilise dans deux types de stylisme : Syst\u00e8me hybride \u00e0 3 \u00e9tapes et Syst\u00e8me Soak Off \u00e0 4 \u00e9tapes. Gel Polish Color impressionne par la qualit\u00e9 du coiffage et les applications possibles - une palette de couleurs, deux types de coiffage.<\/p>\n<p>Sp\u00e9cifications du produit :<\/p>\n<ul>\n<li>\u00c0 utiliser pour les manucures hybrides et Soak Off.<\/li>\n<li>Formule laque-gel.<\/li>\n<li>Deux couches fines assurent une couverture et une profondeur de couleur parfaites.<\/li>\n<li>Il s'\u00e9tale uniform\u00e9ment, sans traces.<\/li>\n<li>Une large gamme de couleurs : \u00e9maux, paillettes, pastels, n\u00e9ons, semi-transparents et couleurs fran\u00e7aises.<\/li>\n<\/ul>","protected":false},"excerpt":{"rendered":"<p>La p\u00eache laiteuse Desire est un must pour tout styliste d'ongles dans la collection de vernis hybrides.<\/p>\n<p>La couleur de vernis gel Victoria VYNN la plus vendue au Canada est une gamme de vernis hybrides \u00e0 durcissement l\u00e9ger, qui s'utilise dans deux types de coiffage : Syst\u00e8me hybride \u00e0 3 \u00e9tapes et Syst\u00e8me Soak Off \u00e0 4 \u00e9tapes. Gel Polish Color impressionne par la qualit\u00e9 du coiffage et des applications possibles - une palette de couleurs, deux types de coiffage.<\/p>","protected":false},"featured_media":4688,"comment_status":"open","ping_status":"closed","template":"","meta":{"jetpack_post_was_ever_published":false,"jetpack_publicize_message":"","jetpack_publicize_feature_enabled":true,"jetpack_social_post_already_shared":true,"jetpack_social_options":{"image_generator_settings":{"template":"highway","default_image_id":0,"font":"","enabled":false},"version":2}},"product_brand":[],"product_cat":[51],"product_tag":[957],"class_list":{"0":"post-4687","1":"product","2":"type-product","3":"status-publish","4":"has-post-thumbnail","6":"product_cat-professional-nail-colours-gel","7":"product_tag-autumn-winter-gp-colors","8":"product_shipping_class-cardboard-box","10":"first","11":"instock","12":"taxable","13":"shipping-taxable","14":"purchasable","15":"product-type-simple"},"jetpack_publicize_connections":[],"jetpack-related-posts":[{"id":5261,"url":"https:\/\/victoriavynn.ca\/fr\/product\/gel-polish-006-powdery-peach\/","url_meta":{"origin":4687,"position":0},"title":"Vernis gel de salon No. 006 Powdery Peach","author":"Serge Sahakian","date":"septembre 4, 2022","format":false,"excerpt":"Powdery Peach, c'est-\u00e0-dire un beige dans une nuance de cr\u00e8me de p\u00eache, est une excellente alternative fran\u00e7aise au rose. Victoria VYNN Gel Polish Color, la meilleure vente au Canada, est une gamme de vernis hybrides \u00e0 s\u00e9chage l\u00e9ger, qui est utilis\u00e9e dans deux types de coiffage : Syst\u00e8me hybride en 3 \u00e9tapes et Syst\u00e8me Soak Off en 4 \u00e9tapes. Gel Polish...","rel":"","context":"Similar post","block_context":{"text":"Similar post","link":""},"img":{"alt_text":"Salon Gel Polish 006","src":"https:\/\/i0.wp.com\/victoriavynn.ca\/wp-content\/uploads\/2022\/09\/Salon-Gel-Polish-006.png?fit=1000%2C1000&ssl=1&resize=350%2C200","width":350,"height":200,"srcset":"https:\/\/i0.wp.com\/victoriavynn.ca\/wp-content\/uploads\/2022\/09\/Salon-Gel-Polish-006.png?fit=1000%2C1000&ssl=1&resize=350%2C200 1x, https:\/\/i0.wp.com\/victoriavynn.ca\/wp-content\/uploads\/2022\/09\/Salon-Gel-Polish-006.png?fit=1000%2C1000&ssl=1&resize=525%2C300 1.5x, https:\/\/i0.wp.com\/victoriavynn.ca\/wp-content\/uploads\/2022\/09\/Salon-Gel-Polish-006.png?fit=1000%2C1000&ssl=1&resize=700%2C400 2x"},"classes":[]},{"id":4869,"url":"https:\/\/victoriavynn.ca\/fr\/product\/gel-polish-39-sweet-desire\/","url_meta":{"origin":4687,"position":1},"title":"Vernis gel de salon No. 039 Sweet Desire","author":"Serge Sahakian","date":"septembre 4, 2022","format":false,"excerpt":"Un rouge chaud, comme Sweet Desire, fait battre votre c\u0153ur plus vite. Victoria VYNN Gel Polish Color, la meilleure vente au Canada, est une gamme de vernis hybrides \u00e0 s\u00e9chage l\u00e9ger, qui est utilis\u00e9e dans deux types de coiffage : Syst\u00e8me hybride en 3 \u00e9tapes et Syst\u00e8me Soak Off en 4 \u00e9tapes. Gel Polish Color impressionne par la qualit\u00e9 du coiffage...","rel":"","context":"Similar post","block_context":{"text":"Similar post","link":""},"img":{"alt_text":"Salon Gel Polish 039 Sweet Desire","src":"https:\/\/i0.wp.com\/victoriavynn.ca\/wp-content\/uploads\/2022\/09\/Salon-Gel-Polish-039-Sweet-Desire.png?fit=1000%2C1000&ssl=1&resize=350%2C200","width":350,"height":200,"srcset":"https:\/\/i0.wp.com\/victoriavynn.ca\/wp-content\/uploads\/2022\/09\/Salon-Gel-Polish-039-Sweet-Desire.png?fit=1000%2C1000&ssl=1&resize=350%2C200 1x, https:\/\/i0.wp.com\/victoriavynn.ca\/wp-content\/uploads\/2022\/09\/Salon-Gel-Polish-039-Sweet-Desire.png?fit=1000%2C1000&ssl=1&resize=525%2C300 1.5x, https:\/\/i0.wp.com\/victoriavynn.ca\/wp-content\/uploads\/2022\/09\/Salon-Gel-Polish-039-Sweet-Desire.png?fit=1000%2C1000&ssl=1&resize=700%2C400 2x"},"classes":[]},{"id":5282,"url":"https:\/\/victoriavynn.ca\/fr\/product\/gel-polish-058-totally-green\/","url_meta":{"origin":4687,"position":2},"title":"Salon Gel Polish No. 058 Totally Green","author":"Serge Sahakian","date":"septembre 4, 2022","format":false,"excerpt":"Le vert pur et n\u00e9on de Totally Green enrichira certainement chaque collection de vernis hybrides. Victoria VYNN Gel Polish Color, la meilleure vente au Canada, est une gamme de vernis hybrides photopolym\u00e9risables, qui s'utilise dans deux types de coiffage : Syst\u00e8me hybride en 3 \u00e9tapes et Syst\u00e8me Soak Off en 4 \u00e9tapes. Gel Polish Color impressionne par...","rel":"","context":"Similar post","block_context":{"text":"Similar post","link":""},"img":{"alt_text":"gel polish 58","src":"https:\/\/i0.wp.com\/victoriavynn.ca\/wp-content\/uploads\/2022\/09\/gel-polish-58.png?fit=1000%2C1000&ssl=1&resize=350%2C200","width":350,"height":200,"srcset":"https:\/\/i0.wp.com\/victoriavynn.ca\/wp-content\/uploads\/2022\/09\/gel-polish-58.png?fit=1000%2C1000&ssl=1&resize=350%2C200 1x, https:\/\/i0.wp.com\/victoriavynn.ca\/wp-content\/uploads\/2022\/09\/gel-polish-58.png?fit=1000%2C1000&ssl=1&resize=525%2C300 1.5x, https:\/\/i0.wp.com\/victoriavynn.ca\/wp-content\/uploads\/2022\/09\/gel-polish-58.png?fit=1000%2C1000&ssl=1&resize=700%2C400 2x"},"classes":[]},{"id":4913,"url":"https:\/\/victoriavynn.ca\/fr\/product\/gel-polish-090-wild-wish\/","url_meta":{"origin":4687,"position":3},"title":"Vernis gel de salon n\u00b0 090 Wild Wish","author":"Serge Sahakian","date":"septembre 4, 2022","format":false,"excerpt":"Victoria VYNN Gel Polish Color, la meilleure vente au Canada, est une ligne de vernis hybrides photopolym\u00e9risables, qui est utilis\u00e9e dans deux types de coiffage : Syst\u00e8me hybride en 3 \u00e9tapes et Syst\u00e8me Soak Off en 4 \u00e9tapes. Gel Polish Color impressionne par la qualit\u00e9 du coiffage et des applications possibles - une palette de couleurs, deux types de...","rel":"","context":"Similar post","block_context":{"text":"Similar post","link":""},"img":{"alt_text":"Salon Gel Polish 090 Wild Wish","src":"https:\/\/i0.wp.com\/victoriavynn.ca\/wp-content\/uploads\/2022\/09\/Salon-Gel-Polish-090-Wild-Wish.png?fit=1000%2C1000&ssl=1&resize=350%2C200","width":350,"height":200,"srcset":"https:\/\/i0.wp.com\/victoriavynn.ca\/wp-content\/uploads\/2022\/09\/Salon-Gel-Polish-090-Wild-Wish.png?fit=1000%2C1000&ssl=1&resize=350%2C200 1x, https:\/\/i0.wp.com\/victoriavynn.ca\/wp-content\/uploads\/2022\/09\/Salon-Gel-Polish-090-Wild-Wish.png?fit=1000%2C1000&ssl=1&resize=525%2C300 1.5x, https:\/\/i0.wp.com\/victoriavynn.ca\/wp-content\/uploads\/2022\/09\/Salon-Gel-Polish-090-Wild-Wish.png?fit=1000%2C1000&ssl=1&resize=700%2C400 2x"},"classes":[]},{"id":5267,"url":"https:\/\/victoriavynn.ca\/fr\/product\/gel-polish-010-in-the-nude\/","url_meta":{"origin":4687,"position":4},"title":"Vernis gel Salon N\u00b0 010 In the Nude","author":"Serge Sahakian","date":"septembre 4, 2022","format":false,"excerpt":"In the Nude est conserv\u00e9 dans des tons l\u00e9g\u00e8rement ros\u00e9s. Victoria VYNN Gel Polish Color, la meilleure vente au Canada, est une gamme de vernis hybrides photopolym\u00e9risables, qui est utilis\u00e9e dans deux types de coiffage : Syst\u00e8me hybride en 3 \u00e9tapes et Syst\u00e8me Soak Off en 4 \u00e9tapes. Gel Polish Color impressionne par la qualit\u00e9 du coiffage et...","rel":"","context":"Similar post","block_context":{"text":"Similar post","link":""},"img":{"alt_text":"Gel Polish 010 In The Nude","src":"https:\/\/i0.wp.com\/victoriavynn.ca\/wp-content\/uploads\/2022\/09\/Gel-Polish-010.png?fit=1000%2C1000&ssl=1&resize=350%2C200","width":350,"height":200,"srcset":"https:\/\/i0.wp.com\/victoriavynn.ca\/wp-content\/uploads\/2022\/09\/Gel-Polish-010.png?fit=1000%2C1000&ssl=1&resize=350%2C200 1x, https:\/\/i0.wp.com\/victoriavynn.ca\/wp-content\/uploads\/2022\/09\/Gel-Polish-010.png?fit=1000%2C1000&ssl=1&resize=525%2C300 1.5x, https:\/\/i0.wp.com\/victoriavynn.ca\/wp-content\/uploads\/2022\/09\/Gel-Polish-010.png?fit=1000%2C1000&ssl=1&resize=700%2C400 2x"},"classes":[]},{"id":5187,"url":"https:\/\/victoriavynn.ca\/fr\/product\/cat-eye-gel-polish-231-rubin\/","url_meta":{"origin":4687,"position":5},"title":"Vernis gel de salon n\u00b0 231 Cat Eye Rubin","author":"Serge Sahakian","date":"septembre 4, 2022","format":false,"excerpt":"Le vernis hybride magn\u00e9tique de la collection Cat Eye Gel Polish garantit un design \u00e0 la mode avec un effet \u00e9l\u00e9gant de poussi\u00e8re magn\u00e9tique, dont l'emplacement sur l'ongle peut \u00eatre contr\u00f4l\u00e9 \u00e0 l'aide d'un aimant. Cat Eye Rubin avec des accents rouges violets. La couleur de vernis gel Victoria VYNN la plus vendue au Canada est...","rel":"","context":"Similar post","block_context":{"text":"Similar post","link":""},"img":{"alt_text":"cat eye gel polish 231","src":"https:\/\/i0.wp.com\/victoriavynn.ca\/wp-content\/uploads\/2022\/09\/salon-gel-polish-231.png?fit=1000%2C1000&ssl=1&resize=350%2C200","width":350,"height":200,"srcset":"https:\/\/i0.wp.com\/victoriavynn.ca\/wp-content\/uploads\/2022\/09\/salon-gel-polish-231.png?fit=1000%2C1000&ssl=1&resize=350%2C200 1x, https:\/\/i0.wp.com\/victoriavynn.ca\/wp-content\/uploads\/2022\/09\/salon-gel-polish-231.png?fit=1000%2C1000&ssl=1&resize=525%2C300 1.5x, https:\/\/i0.wp.com\/victoriavynn.ca\/wp-content\/uploads\/2022\/09\/salon-gel-polish-231.png?fit=1000%2C1000&ssl=1&resize=700%2C400 2x"},"classes":[]}],"jetpack_sharing_enabled":true,"_links":{"self":[{"href":"https:\/\/victoriavynn.ca\/fr\/wp-json\/wp\/v2\/product\/4687","targetHints":{"allow":["GET"]}}],"collection":[{"href":"https:\/\/victoriavynn.ca\/fr\/wp-json\/wp\/v2\/product"}],"about":[{"href":"https:\/\/victoriavynn.ca\/fr\/wp-json\/wp\/v2\/types\/product"}],"replies":[{"embeddable":true,"href":"https:\/\/victoriavynn.ca\/fr\/wp-json\/wp\/v2\/comments?post=4687"}],"wp:featuredmedia":[{"embeddable":true,"href":"https:\/\/victoriavynn.ca\/fr\/wp-json\/wp\/v2\/media\/4688"}],"wp:attachment":[{"href":"https:\/\/victoriavynn.ca\/fr\/wp-json\/wp\/v2\/media?parent=4687"}],"wp:term":[{"taxonomy":"product_brand","embeddable":true,"href":"https:\/\/victoriavynn.ca\/fr\/wp-json\/wp\/v2\/product_brand?post=4687"},{"taxonomy":"product_cat","embeddable":true,"href":"https:\/\/victoriavynn.ca\/fr\/wp-json\/wp\/v2\/product_cat?post=4687"},{"taxonomy":"product_tag","embeddable":true,"href":"https:\/\/victoriavynn.ca\/fr\/wp-json\/wp\/v2\/product_tag?post=4687"}],"curies":[{"name":"wp","href":"https:\/\/api.w.org\/{rel}","templated":true}]}}