{"id":4711,"date":"2022-09-04T12:30:41","date_gmt":"2022-09-04T16:30:41","guid":{"rendered":"https:\/\/victoriavynn.ca\/index.php\/product\/victoria-vynn-gel-polish-color-212\/"},"modified":"2026-02-20T12:08:52","modified_gmt":"2026-02-20T17:08:52","slug":"victoria-vynn-gel-polish-couleur-212","status":"publish","type":"product","link":"https:\/\/victoriavynn.ca\/fr\/product\/victoria-vynn-gel-polish-color-212\/","title":{"rendered":"Salon Gel Polish No. 212 Dark Crimson (Cramoisi fonc\u00e9)"},"content":{"rendered":"<p>Le syst\u00e8me Gel Polish comprend des vernis hybrides classiques et durables durcis dans des lampes UV et LED. Le syst\u00e8me contient des bases et des tops aux propri\u00e9t\u00e9s, \u00e0 la durabilit\u00e9 et \u00e0 la finition diff\u00e9rentes. Nous r\u00e9pondons aux besoins de nos clients en offrant une riche vari\u00e9t\u00e9 de couleurs avec des vernis hybrides de diff\u00e9rentes couvertures et effets, dans plus de 200 couleurs. Dark Crimson, satur\u00e9 de violet m\u00fbr, fera craquer les amateurs d'une tendance l\u00e9g\u00e8rement sombre et mystique. Victoria VYNN Gel Polish Color est une ligne de vernis hybrides \u00e0 s\u00e9chage l\u00e9ger, qui s'utilise dans deux types de coiffage : Syst\u00e8me hybride en 3 \u00e9tapes et Syst\u00e8me Soak Off en 4 \u00e9tapes. Gel Polish Color impressionne par la qualit\u00e9 du coiffage et les applications possibles - une palette de couleurs, deux types de coiffage.<\/p>\n<p>Sp\u00e9cifications du produit :<\/p>\n<ul>\n<li>\u00c0 utiliser pour les manucures hybrides et Soak Off.<\/li>\n<li>Formule laque-gel.<\/li>\n<li>Deux couches fines assurent une couverture et une profondeur de couleur parfaites.<\/li>\n<li>Il s'\u00e9tale uniform\u00e9ment, sans traces.<\/li>\n<li>Une large gamme de couleurs : \u00e9maux, paillettes, pastels, n\u00e9ons, semi-transparents et couleurs fran\u00e7aises.<\/li>\n<\/ul>","protected":false},"excerpt":{"rendered":"<p>Dark Crimson, satur\u00e9 de violette m\u00fbre, fera craquer les amateurs d'une tendance un peu sombre et mystique.<\/p>\n<p>La couleur de vernis gel Victoria VYNN la plus vendue au Canada est une gamme de vernis hybrides \u00e0 durcissement l\u00e9ger, qui s'utilise dans deux types de coiffage : Syst\u00e8me hybride \u00e0 3 \u00e9tapes et Syst\u00e8me Soak Off \u00e0 4 \u00e9tapes. Gel Polish Color impressionne par la qualit\u00e9 du coiffage et des applications possibles - une palette de couleurs, deux types de coiffage.<\/p>","protected":false},"featured_media":4712,"comment_status":"open","ping_status":"closed","template":"","meta":{"jetpack_post_was_ever_published":false,"jetpack_publicize_message":"","jetpack_publicize_feature_enabled":true,"jetpack_social_post_already_shared":true,"jetpack_social_options":{"image_generator_settings":{"template":"highway","default_image_id":0,"font":"","enabled":false},"version":2}},"product_brand":[],"product_cat":[51],"product_tag":[957],"class_list":{"0":"post-4711","1":"product","2":"type-product","3":"status-publish","4":"has-post-thumbnail","6":"product_cat-professional-nail-colours-gel","7":"product_tag-autumn-winter-gp-colors","8":"product_shipping_class-cardboard-box","10":"first","11":"instock","12":"taxable","13":"shipping-taxable","14":"purchasable","15":"product-type-simple"},"jetpack_publicize_connections":[],"jetpack-related-posts":[{"id":4699,"url":"https:\/\/victoriavynn.ca\/fr\/product\/victoria-vynn-gel-polish-color-207\/","url_meta":{"origin":4711,"position":0},"title":"Vernis gel de salon n\u00b0 207 Dark Emerald","author":"Serge Sahakian","date":"septembre 4, 2022","format":false,"excerpt":"Very dark, bordering on black, Dark Emerald is unique, so it will be perfect for occasional design. Canada's Best Selling Victoria VYNN Gel Polish Color is a light-curable line of hybrid varnishes, which is used in two types of styling: 3-stage Hybrid System and 4-stage Soak Off System. Gel Polish\u2026","rel":"","context":"Similar post","block_context":{"text":"Similar post","link":""},"img":{"alt_text":"","src":"https:\/\/i0.wp.com\/victoriavynn.ca\/wp-content\/uploads\/2022\/09\/gel-polish-color-no-207-midnight-blue.jpg?fit=753%2C753&ssl=1&resize=350%2C200","width":350,"height":200,"srcset":"https:\/\/i0.wp.com\/victoriavynn.ca\/wp-content\/uploads\/2022\/09\/gel-polish-color-no-207-midnight-blue.jpg?fit=753%2C753&ssl=1&resize=350%2C200 1x, https:\/\/i0.wp.com\/victoriavynn.ca\/wp-content\/uploads\/2022\/09\/gel-polish-color-no-207-midnight-blue.jpg?fit=753%2C753&ssl=1&resize=525%2C300 1.5x, https:\/\/i0.wp.com\/victoriavynn.ca\/wp-content\/uploads\/2022\/09\/gel-polish-color-no-207-midnight-blue.jpg?fit=753%2C753&ssl=1&resize=700%2C400 2x"},"classes":[]},{"id":5105,"url":"https:\/\/victoriavynn.ca\/fr\/product\/victoria-vynn-salon-gel-polish-color-no-292\/","url_meta":{"origin":4711,"position":1},"title":"Salon Gel Polish No. 292 Dark Blue Aura","author":"Serge Sahakian","date":"septembre 4, 2022","format":false,"excerpt":"Le bleu marine profond de Dark Blue Aura. Victoria VYNN Gel Polish Color, la meilleure vente au Canada, est une gamme de vernis hybrides photopolym\u00e9risables, qui est utilis\u00e9e dans deux types de coiffage : Syst\u00e8me hybride en 3 \u00e9tapes et Syst\u00e8me Soak Off en 4 \u00e9tapes. Gel Polish Color impressionne par la qualit\u00e9 du coiffage et la possibilit\u00e9...","rel":"","context":"Similar post","block_context":{"text":"Similar post","link":""},"img":{"alt_text":"","src":"https:\/\/i0.wp.com\/victoriavynn.ca\/wp-content\/uploads\/2022\/09\/gel-polish-292-dark-blue-aura-1.jpeg?fit=1200%2C1200&ssl=1&resize=350%2C200","width":350,"height":200,"srcset":"https:\/\/i0.wp.com\/victoriavynn.ca\/wp-content\/uploads\/2022\/09\/gel-polish-292-dark-blue-aura-1.jpeg?fit=1200%2C1200&ssl=1&resize=350%2C200 1x, https:\/\/i0.wp.com\/victoriavynn.ca\/wp-content\/uploads\/2022\/09\/gel-polish-292-dark-blue-aura-1.jpeg?fit=1200%2C1200&ssl=1&resize=525%2C300 1.5x, https:\/\/i0.wp.com\/victoriavynn.ca\/wp-content\/uploads\/2022\/09\/gel-polish-292-dark-blue-aura-1.jpeg?fit=1200%2C1200&ssl=1&resize=700%2C400 2x, https:\/\/i0.wp.com\/victoriavynn.ca\/wp-content\/uploads\/2022\/09\/gel-polish-292-dark-blue-aura-1.jpeg?fit=1200%2C1200&ssl=1&resize=1050%2C600 3x"},"classes":[]},{"id":4811,"url":"https:\/\/victoriavynn.ca\/fr\/product\/gel-polish-28-sugar-plum\/","url_meta":{"origin":4711,"position":2},"title":"Vernis gel de salon n\u00b0 028 Sugar Plum","author":"Serge Sahakian","date":"septembre 4, 2022","format":false,"excerpt":"Dim, dark violet Sugar Plum surprises with pride and elegance. Canada's Best Selling Victoria VYNN Gel Polish Color is a light-curable line of hybrid varnishes, which is used in two types of styling: 3-stage Hybrid System and 4-stage Soak Off System. Gel Polish Color impresses with the quality of styling\u2026","rel":"","context":"Similar post","block_context":{"text":"Similar post","link":""},"img":{"alt_text":"Salon Gel Polish 028","src":"https:\/\/i0.wp.com\/victoriavynn.ca\/wp-content\/uploads\/2022\/09\/Salon-Gel-Polish-028.png?fit=1000%2C1000&ssl=1&resize=350%2C200","width":350,"height":200,"srcset":"https:\/\/i0.wp.com\/victoriavynn.ca\/wp-content\/uploads\/2022\/09\/Salon-Gel-Polish-028.png?fit=1000%2C1000&ssl=1&resize=350%2C200 1x, https:\/\/i0.wp.com\/victoriavynn.ca\/wp-content\/uploads\/2022\/09\/Salon-Gel-Polish-028.png?fit=1000%2C1000&ssl=1&resize=525%2C300 1.5x, https:\/\/i0.wp.com\/victoriavynn.ca\/wp-content\/uploads\/2022\/09\/Salon-Gel-Polish-028.png?fit=1000%2C1000&ssl=1&resize=700%2C400 2x"},"classes":[]},{"id":4589,"url":"https:\/\/victoriavynn.ca\/fr\/product\/victoria-vynn-gel-polish-color-117\/","url_meta":{"origin":4711,"position":3},"title":"Vernis gel de salon n\u00b0 117 Flirty Blush","author":"Serge Sahakian","date":"septembre 4, 2022","format":false,"excerpt":"Flirty Blush est le mariage parfait du rose fonc\u00e9 et du violet. Victoria VYNN Gel Polish Color, la meilleure vente au Canada, est une gamme de vernis hybrides \u00e0 s\u00e9chage l\u00e9ger, qui est utilis\u00e9e dans deux types de coiffage : Syst\u00e8me hybride en 3 \u00e9tapes et Syst\u00e8me Soak Off en 4 \u00e9tapes. Gel Polish Color impressionne par la qualit\u00e9 de ses...","rel":"","context":"Similar post","block_context":{"text":"Similar post","link":""},"img":{"alt_text":"","src":"https:\/\/i0.wp.com\/victoriavynn.ca\/wp-content\/uploads\/2022\/09\/gel-polish-color-no-117-flirty-blush.jpg?fit=753%2C753&ssl=1&resize=350%2C200","width":350,"height":200,"srcset":"https:\/\/i0.wp.com\/victoriavynn.ca\/wp-content\/uploads\/2022\/09\/gel-polish-color-no-117-flirty-blush.jpg?fit=753%2C753&ssl=1&resize=350%2C200 1x, https:\/\/i0.wp.com\/victoriavynn.ca\/wp-content\/uploads\/2022\/09\/gel-polish-color-no-117-flirty-blush.jpg?fit=753%2C753&ssl=1&resize=525%2C300 1.5x, https:\/\/i0.wp.com\/victoriavynn.ca\/wp-content\/uploads\/2022\/09\/gel-polish-color-no-117-flirty-blush.jpg?fit=753%2C753&ssl=1&resize=700%2C400 2x"},"classes":[]},{"id":4751,"url":"https:\/\/victoriavynn.ca\/fr\/product\/victoria-vynn-gel-polish-color-243\/","url_meta":{"origin":4711,"position":4},"title":"Salon Gel Polish No. 243 Rossy Grass","author":"Serge Sahakian","date":"septembre 4, 2022","format":false,"excerpt":"La teinte vert fonc\u00e9 Rossy Grass rappelle confus\u00e9ment les couronnes d'arbres \u00e0 la fin de l'\u00e9t\u00e9. Victoria VYNN Gel Polish Color, la meilleure vente au Canada, est une gamme de vernis hybrides \u00e0 s\u00e9chage l\u00e9ger, qui est utilis\u00e9e dans deux types de coiffage : Syst\u00e8me hybride en 3 \u00e9tapes et Syst\u00e8me Soak Off en 4 \u00e9tapes. Le gel...","rel":"","context":"Similar post","block_context":{"text":"Similar post","link":""},"img":{"alt_text":"","src":"https:\/\/i0.wp.com\/victoriavynn.ca\/wp-content\/uploads\/2022\/09\/gel-polish-243.jpg?fit=753%2C753&ssl=1&resize=350%2C200","width":350,"height":200,"srcset":"https:\/\/i0.wp.com\/victoriavynn.ca\/wp-content\/uploads\/2022\/09\/gel-polish-243.jpg?fit=753%2C753&ssl=1&resize=350%2C200 1x, https:\/\/i0.wp.com\/victoriavynn.ca\/wp-content\/uploads\/2022\/09\/gel-polish-243.jpg?fit=753%2C753&ssl=1&resize=525%2C300 1.5x, https:\/\/i0.wp.com\/victoriavynn.ca\/wp-content\/uploads\/2022\/09\/gel-polish-243.jpg?fit=753%2C753&ssl=1&resize=700%2C400 2x"},"classes":[]},{"id":5223,"url":"https:\/\/victoriavynn.ca\/fr\/product\/victoria-vynn-salon-gel-polish-color-no-161\/","url_meta":{"origin":4711,"position":5},"title":"Salon Gel Polish No. 161 Sweet Poetry","author":"Serge Sahakian","date":"septembre 4, 2022","format":false,"excerpt":"Que vous soyez prudente ou romantique, le rose fonc\u00e9 de Sweet Poetry est parfait pour vous. Victoria VYNN Gel Polish Color, la meilleure vente au Canada, est une gamme de vernis hybrides \u00e0 s\u00e9chage l\u00e9ger, qui est utilis\u00e9e dans deux types de coiffage : Syst\u00e8me hybride en 3 \u00e9tapes et Syst\u00e8me Soak Off en 4 \u00e9tapes. Gel Polish Color...","rel":"","context":"Similar post","block_context":{"text":"Similar post","link":""},"img":{"alt_text":"","src":"https:\/\/i0.wp.com\/victoriavynn.ca\/wp-content\/uploads\/2022\/09\/gel-polish-161-sweet-poetry-1.jpeg?fit=753%2C753&ssl=1&resize=350%2C200","width":350,"height":200,"srcset":"https:\/\/i0.wp.com\/victoriavynn.ca\/wp-content\/uploads\/2022\/09\/gel-polish-161-sweet-poetry-1.jpeg?fit=753%2C753&ssl=1&resize=350%2C200 1x, https:\/\/i0.wp.com\/victoriavynn.ca\/wp-content\/uploads\/2022\/09\/gel-polish-161-sweet-poetry-1.jpeg?fit=753%2C753&ssl=1&resize=525%2C300 1.5x, https:\/\/i0.wp.com\/victoriavynn.ca\/wp-content\/uploads\/2022\/09\/gel-polish-161-sweet-poetry-1.jpeg?fit=753%2C753&ssl=1&resize=700%2C400 2x"},"classes":[]}],"jetpack_sharing_enabled":true,"_links":{"self":[{"href":"https:\/\/victoriavynn.ca\/fr\/wp-json\/wp\/v2\/product\/4711","targetHints":{"allow":["GET"]}}],"collection":[{"href":"https:\/\/victoriavynn.ca\/fr\/wp-json\/wp\/v2\/product"}],"about":[{"href":"https:\/\/victoriavynn.ca\/fr\/wp-json\/wp\/v2\/types\/product"}],"replies":[{"embeddable":true,"href":"https:\/\/victoriavynn.ca\/fr\/wp-json\/wp\/v2\/comments?post=4711"}],"wp:featuredmedia":[{"embeddable":true,"href":"https:\/\/victoriavynn.ca\/fr\/wp-json\/wp\/v2\/media\/4712"}],"wp:attachment":[{"href":"https:\/\/victoriavynn.ca\/fr\/wp-json\/wp\/v2\/media?parent=4711"}],"wp:term":[{"taxonomy":"product_brand","embeddable":true,"href":"https:\/\/victoriavynn.ca\/fr\/wp-json\/wp\/v2\/product_brand?post=4711"},{"taxonomy":"product_cat","embeddable":true,"href":"https:\/\/victoriavynn.ca\/fr\/wp-json\/wp\/v2\/product_cat?post=4711"},{"taxonomy":"product_tag","embeddable":true,"href":"https:\/\/victoriavynn.ca\/fr\/wp-json\/wp\/v2\/product_tag?post=4711"}],"curies":[{"name":"wp","href":"https:\/\/api.w.org\/{rel}","templated":true}]}}