{"id":4733,"date":"2022-09-04T12:30:52","date_gmt":"2022-09-04T16:30:52","guid":{"rendered":"https:\/\/victoriavynn.ca\/index.php\/product\/victoria-vynn-gel-polish-color-222\/"},"modified":"2026-04-25T11:03:13","modified_gmt":"2026-04-25T15:03:13","slug":"victoria-vynn-gel-polish-couleur-222","status":"publish","type":"product","link":"https:\/\/victoriavynn.ca\/fr\/product\/victoria-vynn-gel-polish-color-222\/","title":{"rendered":"Vernis gel Salon n\u00b0 222 Fire Engine"},"content":{"rendered":"<p>Le syst\u00e8me Gel Polish comprend des vernis hybrides classiques et durables, durcis dans des lampes UV et LED. Le syst\u00e8me contient des bases et des tops de diff\u00e9rentes propri\u00e9t\u00e9s, durabilit\u00e9 et finition. Nous r\u00e9pondons aux besoins de nos clients en offrant une riche vari\u00e9t\u00e9 de couleurs avec des vernis hybrides de diff\u00e9rentes couvertures et effets, dans plus de 200 couleurs. Si l'activit\u00e9 est votre deuxi\u00e8me pr\u00e9nom, exprimez-la avec le rouge Fire Engine de votre manucure et atteignez vos objectifs en toute confiance. Victoria VYNN Gel Polish Color est une gamme de vernis hybrides \u00e0 durcissement l\u00e9ger, qui s'utilise dans deux types de coiffage : Le syst\u00e8me hybride \u00e0 3 \u00e9tapes et le syst\u00e8me Soak Off \u00e0 4 \u00e9tapes. Gel Polish Color impressionne par la qualit\u00e9 du coiffage et les applications possibles - une palette de couleurs, deux types de coiffage.<\/p>\n<p>Sp\u00e9cifications du produit :<\/p>\n<ul>\n<li>\u00c0 utiliser pour les manucures hybrides et Soak Off.<\/li>\n<li>Formule laque-gel.<\/li>\n<li>Deux couches fines assurent une couverture et une profondeur de couleur parfaites.<\/li>\n<li>Il s'\u00e9tale uniform\u00e9ment, sans traces.<\/li>\n<li>Une large gamme de couleurs : \u00e9maux, paillettes, pastels, n\u00e9ons, semi-transparents et couleurs fran\u00e7aises.<\/li>\n<\/ul>","protected":false},"excerpt":{"rendered":"<p>Si l'activit\u00e9 est votre deuxi\u00e8me pr\u00e9nom, exprimez-la avec le rouge moteur de feu de votre manucure et atteignez vos objectifs avec confiance.<\/p>\n<p>La couleur de vernis gel Victoria VYNN la plus vendue au Canada est une gamme de vernis hybrides \u00e0 durcissement l\u00e9ger, qui s'utilise dans deux types de coiffage : Syst\u00e8me hybride \u00e0 3 \u00e9tapes et Syst\u00e8me Soak Off \u00e0 4 \u00e9tapes. Gel Polish Color impressionne par la qualit\u00e9 du coiffage et des applications possibles - une palette de couleurs, deux types de coiffage.<\/p>","protected":false},"featured_media":4734,"comment_status":"open","ping_status":"closed","template":"","meta":[],"product_brand":[],"product_cat":[51],"product_tag":[],"class_list":{"0":"post-4733","1":"product","2":"type-product","3":"status-publish","4":"has-post-thumbnail","6":"product_cat-professional-nail-colours-gel","7":"product_shipping_class-cardboard-box","9":"first","10":"instock","11":"taxable","12":"shipping-taxable","13":"purchasable","14":"product-type-simple"},"jetpack_sharing_enabled":true,"_links":{"self":[{"href":"https:\/\/victoriavynn.ca\/fr\/wp-json\/wp\/v2\/product\/4733","targetHints":{"allow":["GET"]}}],"collection":[{"href":"https:\/\/victoriavynn.ca\/fr\/wp-json\/wp\/v2\/product"}],"about":[{"href":"https:\/\/victoriavynn.ca\/fr\/wp-json\/wp\/v2\/types\/product"}],"replies":[{"embeddable":true,"href":"https:\/\/victoriavynn.ca\/fr\/wp-json\/wp\/v2\/comments?post=4733"}],"wp:featuredmedia":[{"embeddable":true,"href":"https:\/\/victoriavynn.ca\/fr\/wp-json\/wp\/v2\/media\/4734"}],"wp:attachment":[{"href":"https:\/\/victoriavynn.ca\/fr\/wp-json\/wp\/v2\/media?parent=4733"}],"wp:term":[{"taxonomy":"product_brand","embeddable":true,"href":"https:\/\/victoriavynn.ca\/fr\/wp-json\/wp\/v2\/product_brand?post=4733"},{"taxonomy":"product_cat","embeddable":true,"href":"https:\/\/victoriavynn.ca\/fr\/wp-json\/wp\/v2\/product_cat?post=4733"},{"taxonomy":"product_tag","embeddable":true,"href":"https:\/\/victoriavynn.ca\/fr\/wp-json\/wp\/v2\/product_tag?post=4733"}],"curies":[{"name":"wp","href":"https:\/\/api.w.org\/{rel}","templated":true}]}}