{"id":47981,"date":"2026-02-02T13:41:50","date_gmt":"2026-02-02T18:41:50","guid":{"rendered":"https:\/\/victoriavynn.ca\/product\/victoria-vynn-dust-donut-glazed\/"},"modified":"2026-05-13T15:32:43","modified_gmt":"2026-05-13T19:32:43","slug":"victoria-vynn-donut-glazed-powder-dust","status":"publish","type":"product","link":"https:\/\/victoriavynn.ca\/fr\/product\/victoria-vynn-donut-glazed-powder-dust\/","title":{"rendered":"Victoria VYNN Dust Donut Glazed"},"content":{"rendered":"<h2 class=\"wp-block-heading\"><strong>Victoria VYNN Donut Glazed Dust (poussi\u00e8re glac\u00e9e de beignet)<\/strong><\/h2>\n\n\n\n<p><strong>Victoria VYNN Donut Glazed Dust (poussi\u00e8re glac\u00e9e de beignet)<\/strong> est une poudre \u00e0 ongles ultra-fine con\u00e7ue pour cr\u00e9er l'embl\u00e9matique <strong>effet \u201cdonut\u201d glac\u00e9 et nacr\u00e9<\/strong> avec un fini doux et lumineux. Inspir\u00e9 par les tendances minimalistes modernes de l'ongle, il offre une brillance lisse, semblable \u00e0 celle du verre, qui rehausse toute couleur de vernis gel avec une \u00e9l\u00e9gance subtile.<\/p>\n\n\n\n<p>La texture micro-frapp\u00e9e permet <strong>application sans effort et estompage sans faille<\/strong>, Le vernis \u00e0 ongles Donut Glazed Dust s'associe parfaitement aux teintes claires, nude, pastel et laiteuses. Parfaite pour les artistes professionnels de l'ongle et les utilisateurs \u00e0 domicile, la poussi\u00e8re glac\u00e9e Donut s'associe parfaitement aux teintes claires, nudes, pastel et laiteuses, tout en ajoutant un \u00e9clat raffin\u00e9 aux teintes plus profondes.<\/p>\n\n\n\n<p>Utilisez-le par-dessus un vernis de finition sans traces pour obtenir un effet de transparence. <strong>finition glac\u00e9e propre et durable<\/strong> qui a l'air doux, moderne et chic sans effort.<\/p>\n\n\n\n<hr class=\"wp-block-separator has-alpha-channel-opacity\"\/>\n\n\n\n<h3 class=\"wp-block-heading\"><strong>Principaux avantages<\/strong><\/h3>\n\n\n\n<ul class=\"wp-block-list\">\n<li>Cr\u00e9e un <strong>effet donut glac\u00e9 et nacr\u00e9<\/strong><\/li>\n\n\n\n<li>Poudre ultra-fine pour une application en douceur<\/li>\n\n\n\n<li>Une brillance subtile, sans paillettes imposantes<\/li>\n\n\n\n<li>Met en valeur les couleurs de gel claires et fonc\u00e9es<\/li>\n\n\n\n<li>R\u00e9sultats professionnels en salon<\/li>\n\n\n\n<li>Id\u00e9al pour les dessins d'ongles tendance et minimalistes<\/li>\n<\/ul>","protected":false},"excerpt":{"rendered":"<p>Victoria VYNN Donut Glazed Powder offre un effet nacr\u00e9 d\u00e9licat avec une brillance douce et laiteuse pour des ongles modernes et \u00e9l\u00e9gants.<\/p>","protected":false},"featured_media":48102,"comment_status":"open","ping_status":"closed","template":"","meta":[],"product_brand":[922],"product_cat":[62],"product_tag":[],"class_list":{"0":"post-47981","1":"product","2":"type-product","3":"status-publish","4":"has-post-thumbnail","6":"product_brand-victoria-vynn","7":"product_cat-chrome-nail-powder","8":"pa_size-5g","10":"first","11":"instock","12":"taxable","13":"shipping-taxable","14":"purchasable","15":"product-type-simple"},"jetpack_sharing_enabled":true,"_links":{"self":[{"href":"https:\/\/victoriavynn.ca\/fr\/wp-json\/wp\/v2\/product\/47981","targetHints":{"allow":["GET"]}}],"collection":[{"href":"https:\/\/victoriavynn.ca\/fr\/wp-json\/wp\/v2\/product"}],"about":[{"href":"https:\/\/victoriavynn.ca\/fr\/wp-json\/wp\/v2\/types\/product"}],"replies":[{"embeddable":true,"href":"https:\/\/victoriavynn.ca\/fr\/wp-json\/wp\/v2\/comments?post=47981"}],"wp:featuredmedia":[{"embeddable":true,"href":"https:\/\/victoriavynn.ca\/fr\/wp-json\/wp\/v2\/media\/48102"}],"wp:attachment":[{"href":"https:\/\/victoriavynn.ca\/fr\/wp-json\/wp\/v2\/media?parent=47981"}],"wp:term":[{"taxonomy":"product_brand","embeddable":true,"href":"https:\/\/victoriavynn.ca\/fr\/wp-json\/wp\/v2\/product_brand?post=47981"},{"taxonomy":"product_cat","embeddable":true,"href":"https:\/\/victoriavynn.ca\/fr\/wp-json\/wp\/v2\/product_cat?post=47981"},{"taxonomy":"product_tag","embeddable":true,"href":"https:\/\/victoriavynn.ca\/fr\/wp-json\/wp\/v2\/product_tag?post=47981"}],"curies":[{"name":"wp","href":"https:\/\/api.w.org\/{rel}","templated":true}]}}