{"id":4821,"date":"2022-09-04T12:32:50","date_gmt":"2022-09-04T16:32:50","guid":{"rendered":"https:\/\/victoriavynn.ca\/index.php\/product\/victoria-vynn-gel-polish-color-284\/"},"modified":"2026-03-05T14:20:17","modified_gmt":"2026-03-05T19:20:17","slug":"victoria-vynn-gel-polish-couleur-284","status":"publish","type":"product","link":"https:\/\/victoriavynn.ca\/fr\/product\/victoria-vynn-gel-polish-color-284\/","title":{"rendered":"Salon Gel Polish No. 284 Crazy in Love"},"content":{"rendered":"<p>Le syst\u00e8me Gel Polish comprend des vernis hybrides classiques et durables durcis dans des lampes UV et LED. Le syst\u00e8me contient des bases et des tops aux propri\u00e9t\u00e9s, \u00e0 la durabilit\u00e9 et \u00e0 la finition diff\u00e9rentes. Nous r\u00e9pondons aux besoins de nos clients en offrant une riche vari\u00e9t\u00e9 de couleurs avec des vernis hybrides de diff\u00e9rentes couvertures et effets, dans plus de 200 couleurs. Crazy In Love ... Vous tomberez follement amoureuse de ce rose passionn\u00e9. Victoria VYNN Gel Polish Color est une ligne de vernis hybrides \u00e0 s\u00e9chage l\u00e9ger, qui est utilis\u00e9e dans deux types de coiffage : Syst\u00e8me hybride en 3 \u00e9tapes et Syst\u00e8me Soak Off en 4 \u00e9tapes. Gel Polish Color impressionne par la qualit\u00e9 du coiffage et les applications possibles - une palette de couleurs, deux types de coiffage.<\/p>\n<p>Sp\u00e9cifications du produit :<\/p>\n<ul>\n<li>\u00c0 utiliser pour les manucures hybrides et Soak Off.<\/li>\n<li>Formule laque-gel.<\/li>\n<li>Deux couches fines assurent une couverture et une profondeur de couleur parfaites.<\/li>\n<li>Il s'\u00e9tale uniform\u00e9ment, sans traces.<\/li>\n<li>Une large gamme de couleurs : \u00e9maux, paillettes, pastels, n\u00e9ons, semi-transparents et couleurs fran\u00e7aises.<\/li>\n<\/ul>","protected":false},"excerpt":{"rendered":"<p>Crazy In Love ... Vous tomberez follement amoureuse de ce rose passionn\u00e9.<\/p>\n<p>La couleur de vernis gel Victoria VYNN la plus vendue au Canada est une gamme de vernis hybrides \u00e0 durcissement l\u00e9ger, qui s'utilise dans deux types de coiffage : Syst\u00e8me hybride \u00e0 3 \u00e9tapes et Syst\u00e8me Soak Off \u00e0 4 \u00e9tapes. Gel Polish Color impressionne par la qualit\u00e9 du coiffage et des applications possibles - une palette de couleurs, deux types de coiffage.<\/p>","protected":false},"featured_media":4822,"comment_status":"open","ping_status":"closed","template":"","meta":{"jetpack_post_was_ever_published":false,"jetpack_publicize_message":"","jetpack_publicize_feature_enabled":true,"jetpack_social_post_already_shared":true,"jetpack_social_options":{"image_generator_settings":{"template":"highway","default_image_id":0,"font":"","enabled":false},"version":2}},"product_brand":[],"product_cat":[51],"product_tag":[],"class_list":{"0":"post-4821","1":"product","2":"type-product","3":"status-publish","4":"has-post-thumbnail","6":"product_cat-professional-nail-colours-gel","7":"product_shipping_class-cardboard-box","9":"first","10":"instock","11":"taxable","12":"shipping-taxable","13":"purchasable","14":"product-type-simple"},"jetpack_publicize_connections":[],"jetpack-related-posts":[{"id":5131,"url":"https:\/\/victoriavynn.ca\/fr\/product\/victoria-vynn-salon-gel-polish-color-no-271\/","url_meta":{"origin":4821,"position":0},"title":"Salon Gel Polish No. 271 Crazy Disco","author":"Serge Sahakian","date":"septembre 4, 2022","format":false,"excerpt":"Le violet royal de Crazy Disco a \u00e9t\u00e9 raffin\u00e9 avec des particules intens\u00e9ment scintillantes. Victoria VYNN Gel Polish Color, la meilleure vente au Canada, est une gamme de vernis hybrides \u00e0 s\u00e9chage l\u00e9ger, qui est utilis\u00e9e dans deux types de coiffage : Syst\u00e8me hybride en 3 \u00e9tapes et Syst\u00e8me Soak Off en 4 \u00e9tapes. Gel Polish Color impressionne par...","rel":"","context":"Similar post","block_context":{"text":"Similar post","link":""},"img":{"alt_text":"","src":"https:\/\/i0.wp.com\/victoriavynn.ca\/wp-content\/uploads\/2022\/09\/gel-polish-271-crazy-disco-1.jpeg?fit=1200%2C1200&ssl=1&resize=350%2C200","width":350,"height":200,"srcset":"https:\/\/i0.wp.com\/victoriavynn.ca\/wp-content\/uploads\/2022\/09\/gel-polish-271-crazy-disco-1.jpeg?fit=1200%2C1200&ssl=1&resize=350%2C200 1x, https:\/\/i0.wp.com\/victoriavynn.ca\/wp-content\/uploads\/2022\/09\/gel-polish-271-crazy-disco-1.jpeg?fit=1200%2C1200&ssl=1&resize=525%2C300 1.5x, https:\/\/i0.wp.com\/victoriavynn.ca\/wp-content\/uploads\/2022\/09\/gel-polish-271-crazy-disco-1.jpeg?fit=1200%2C1200&ssl=1&resize=700%2C400 2x, https:\/\/i0.wp.com\/victoriavynn.ca\/wp-content\/uploads\/2022\/09\/gel-polish-271-crazy-disco-1.jpeg?fit=1200%2C1200&ssl=1&resize=1050%2C600 3x"},"classes":[]},{"id":5245,"url":"https:\/\/victoriavynn.ca\/fr\/product\/victoria-vynn-salon-gel-polish-color-no-146\/","url_meta":{"origin":4821,"position":1},"title":"Vernis gel de salon n\u00b0 146 Fruits exotiques","author":"Serge Sahakian","date":"septembre 4, 2022","format":false,"excerpt":"The green-yellow, light shade of Exotic Fruit is expressive, crazy ... exotic. Canada's Best Selling Victoria VYNN Gel Polish Color is a light-curable line of hybrid varnishes, which is used in two types of styling: 3-stage Hybrid System and 4-stage Soak Off System. Gel Polish Color impresses with the quality\u2026","rel":"","context":"Similar post","block_context":{"text":"Similar post","link":""},"img":{"alt_text":"","src":"https:\/\/i0.wp.com\/victoriavynn.ca\/wp-content\/uploads\/2022\/09\/gel-polish-color-no-146-exotic-fruit-1.jpg?fit=753%2C753&ssl=1&resize=350%2C200","width":350,"height":200,"srcset":"https:\/\/i0.wp.com\/victoriavynn.ca\/wp-content\/uploads\/2022\/09\/gel-polish-color-no-146-exotic-fruit-1.jpg?fit=753%2C753&ssl=1&resize=350%2C200 1x, https:\/\/i0.wp.com\/victoriavynn.ca\/wp-content\/uploads\/2022\/09\/gel-polish-color-no-146-exotic-fruit-1.jpg?fit=753%2C753&ssl=1&resize=525%2C300 1.5x, https:\/\/i0.wp.com\/victoriavynn.ca\/wp-content\/uploads\/2022\/09\/gel-polish-color-no-146-exotic-fruit-1.jpg?fit=753%2C753&ssl=1&resize=700%2C400 2x"},"classes":[]},{"id":11288,"url":"https:\/\/victoriavynn.ca\/fr\/product\/victoria-vynn-gel-polish-no-332-insane-green\/","url_meta":{"origin":4821,"position":2},"title":"Victoria VYNN Gel Polish No. 332 Insane Green","author":"Serge Sahakian","date":"avril 13, 2023","format":false,"excerpt":"Le principal distributeur canadien de fournitures professionnelles pour les ongles. Achetez en toute confiance ! Collection : Salon Gel Polish Crazy in Colors Sp\u00e9cifications du produit : \u00a0 \u00a0 \u00a0 \u00a0","rel":"","context":"Similar post","block_context":{"text":"Similar post","link":""},"img":{"alt_text":"","src":"https:\/\/i0.wp.com\/victoriavynn.ca\/wp-content\/uploads\/2023\/04\/gel-polish-332-insane-green-8ml.jpeg?fit=1200%2C1200&ssl=1&resize=350%2C200","width":350,"height":200,"srcset":"https:\/\/i0.wp.com\/victoriavynn.ca\/wp-content\/uploads\/2023\/04\/gel-polish-332-insane-green-8ml.jpeg?fit=1200%2C1200&ssl=1&resize=350%2C200 1x, https:\/\/i0.wp.com\/victoriavynn.ca\/wp-content\/uploads\/2023\/04\/gel-polish-332-insane-green-8ml.jpeg?fit=1200%2C1200&ssl=1&resize=525%2C300 1.5x, https:\/\/i0.wp.com\/victoriavynn.ca\/wp-content\/uploads\/2023\/04\/gel-polish-332-insane-green-8ml.jpeg?fit=1200%2C1200&ssl=1&resize=700%2C400 2x, https:\/\/i0.wp.com\/victoriavynn.ca\/wp-content\/uploads\/2023\/04\/gel-polish-332-insane-green-8ml.jpeg?fit=1200%2C1200&ssl=1&resize=1050%2C600 3x"},"classes":[]},{"id":11290,"url":"https:\/\/victoriavynn.ca\/fr\/product\/victoria-vynn-gel-polish-no-333-kooky-malachite\/","url_meta":{"origin":4821,"position":3},"title":"Victoria VYNN Gel Polish No. 333 Kooky Malachite","author":"Serge Sahakian","date":"avril 13, 2023","format":false,"excerpt":"Le principal distributeur canadien de fournitures professionnelles pour les ongles. Achetez en toute confiance ! Collection : Salon Gel Polish Crazy in Colors Sp\u00e9cifications du produit : \u00a0 \u00a0 \u00a0 \u00a0","rel":"","context":"Similar post","block_context":{"text":"Similar post","link":""},"img":{"alt_text":"","src":"https:\/\/i0.wp.com\/victoriavynn.ca\/wp-content\/uploads\/2023\/04\/gel-polish-333-kooky-malachite.jpeg?fit=1200%2C1200&ssl=1&resize=350%2C200","width":350,"height":200,"srcset":"https:\/\/i0.wp.com\/victoriavynn.ca\/wp-content\/uploads\/2023\/04\/gel-polish-333-kooky-malachite.jpeg?fit=1200%2C1200&ssl=1&resize=350%2C200 1x, https:\/\/i0.wp.com\/victoriavynn.ca\/wp-content\/uploads\/2023\/04\/gel-polish-333-kooky-malachite.jpeg?fit=1200%2C1200&ssl=1&resize=525%2C300 1.5x, https:\/\/i0.wp.com\/victoriavynn.ca\/wp-content\/uploads\/2023\/04\/gel-polish-333-kooky-malachite.jpeg?fit=1200%2C1200&ssl=1&resize=700%2C400 2x, https:\/\/i0.wp.com\/victoriavynn.ca\/wp-content\/uploads\/2023\/04\/gel-polish-333-kooky-malachite.jpeg?fit=1200%2C1200&ssl=1&resize=1050%2C600 3x"},"classes":[]},{"id":11292,"url":"https:\/\/victoriavynn.ca\/fr\/product\/victoria-vynn-gel-polish-no-334-mad-aubergine\/","url_meta":{"origin":4821,"position":4},"title":"Victoria VYNN Gel Polish No. 334 Mad Aubergine","author":"Serge Sahakian","date":"avril 13, 2023","format":false,"excerpt":"Le principal distributeur canadien de fournitures professionnelles pour les ongles. Achetez en toute confiance ! Collection : Salon Gel Polish Crazy in Colors Sp\u00e9cifications du produit : \u00a0 \u00a0 \u00a0 \u00a0","rel":"","context":"Similar post","block_context":{"text":"Similar post","link":""},"img":{"alt_text":"","src":"https:\/\/i0.wp.com\/victoriavynn.ca\/wp-content\/uploads\/2023\/04\/gel-polish-334-mad-aubergine.jpeg?fit=1200%2C1200&ssl=1&resize=350%2C200","width":350,"height":200,"srcset":"https:\/\/i0.wp.com\/victoriavynn.ca\/wp-content\/uploads\/2023\/04\/gel-polish-334-mad-aubergine.jpeg?fit=1200%2C1200&ssl=1&resize=350%2C200 1x, https:\/\/i0.wp.com\/victoriavynn.ca\/wp-content\/uploads\/2023\/04\/gel-polish-334-mad-aubergine.jpeg?fit=1200%2C1200&ssl=1&resize=525%2C300 1.5x, https:\/\/i0.wp.com\/victoriavynn.ca\/wp-content\/uploads\/2023\/04\/gel-polish-334-mad-aubergine.jpeg?fit=1200%2C1200&ssl=1&resize=700%2C400 2x, https:\/\/i0.wp.com\/victoriavynn.ca\/wp-content\/uploads\/2023\/04\/gel-polish-334-mad-aubergine.jpeg?fit=1200%2C1200&ssl=1&resize=1050%2C600 3x"},"classes":[]},{"id":11294,"url":"https:\/\/victoriavynn.ca\/fr\/product\/victoria-vynn-gel-polish-no-335-loony-cyclamen\/","url_meta":{"origin":4821,"position":5},"title":"Victoria VYNN Gel Polish No. 335 Loony Cyclamen","author":"Serge Sahakian","date":"avril 13, 2023","format":false,"excerpt":"Le principal distributeur canadien de fournitures professionnelles pour les ongles. Achetez en toute confiance ! Collection : Salon Gel Polish Crazy in Colors Sp\u00e9cifications du produit : \u00a0 \u00a0 \u00a0 \u00a0","rel":"","context":"Similar post","block_context":{"text":"Similar post","link":""},"img":{"alt_text":"","src":"https:\/\/i0.wp.com\/victoriavynn.ca\/wp-content\/uploads\/2023\/04\/gel-polish-335-loony-cyclamen.jpeg?fit=1200%2C1200&ssl=1&resize=350%2C200","width":350,"height":200,"srcset":"https:\/\/i0.wp.com\/victoriavynn.ca\/wp-content\/uploads\/2023\/04\/gel-polish-335-loony-cyclamen.jpeg?fit=1200%2C1200&ssl=1&resize=350%2C200 1x, https:\/\/i0.wp.com\/victoriavynn.ca\/wp-content\/uploads\/2023\/04\/gel-polish-335-loony-cyclamen.jpeg?fit=1200%2C1200&ssl=1&resize=525%2C300 1.5x, https:\/\/i0.wp.com\/victoriavynn.ca\/wp-content\/uploads\/2023\/04\/gel-polish-335-loony-cyclamen.jpeg?fit=1200%2C1200&ssl=1&resize=700%2C400 2x, https:\/\/i0.wp.com\/victoriavynn.ca\/wp-content\/uploads\/2023\/04\/gel-polish-335-loony-cyclamen.jpeg?fit=1200%2C1200&ssl=1&resize=1050%2C600 3x"},"classes":[]}],"jetpack_sharing_enabled":true,"_links":{"self":[{"href":"https:\/\/victoriavynn.ca\/fr\/wp-json\/wp\/v2\/product\/4821","targetHints":{"allow":["GET"]}}],"collection":[{"href":"https:\/\/victoriavynn.ca\/fr\/wp-json\/wp\/v2\/product"}],"about":[{"href":"https:\/\/victoriavynn.ca\/fr\/wp-json\/wp\/v2\/types\/product"}],"replies":[{"embeddable":true,"href":"https:\/\/victoriavynn.ca\/fr\/wp-json\/wp\/v2\/comments?post=4821"}],"wp:featuredmedia":[{"embeddable":true,"href":"https:\/\/victoriavynn.ca\/fr\/wp-json\/wp\/v2\/media\/4822"}],"wp:attachment":[{"href":"https:\/\/victoriavynn.ca\/fr\/wp-json\/wp\/v2\/media?parent=4821"}],"wp:term":[{"taxonomy":"product_brand","embeddable":true,"href":"https:\/\/victoriavynn.ca\/fr\/wp-json\/wp\/v2\/product_brand?post=4821"},{"taxonomy":"product_cat","embeddable":true,"href":"https:\/\/victoriavynn.ca\/fr\/wp-json\/wp\/v2\/product_cat?post=4821"},{"taxonomy":"product_tag","embeddable":true,"href":"https:\/\/victoriavynn.ca\/fr\/wp-json\/wp\/v2\/product_tag?post=4821"}],"curies":[{"name":"wp","href":"https:\/\/api.w.org\/{rel}","templated":true}]}}