{"id":492,"date":"2019-11-24T21:23:32","date_gmt":"2019-11-25T02:23:32","guid":{"rendered":"https:\/\/victoriavynn.ca\/?post_type=product&#038;p=492"},"modified":"2026-04-09T20:55:11","modified_gmt":"2026-04-10T00:55:11","slug":"salon-nail-builder-gel-victoria-vynn","status":"publish","type":"product","link":"https:\/\/victoriavynn.ca\/fr\/product\/salon-nail-builder-gel-victoria-vynn\/","title":{"rendered":"Salon Build Gel UV\/LED (gel de construction)"},"content":{"rendered":"<h2 class=\"wp-block-heading\">\ud83d\udc85 <strong>Qu'est-ce que le Build Gel ?<\/strong><\/h2><p><strong>Il<\/strong> est un gel \u00e9pais et renfor\u00e7ant utilis\u00e9 pour construire et sculpter l'ongle. Il assure la durabilit\u00e9, favorise la croissance de l'ongle et cr\u00e9e de belles formes, sans la lourdeur de l'acrylique. Id\u00e9al pour les extensions, les superpositions ou pour renforcer les ongles naturels fragiles.<\/p><h3 class=\"wp-block-heading\">\ud83e\uddf4 <strong><a href=\"https:\/\/victoriavynn.ca\/fr\/extension-dongles-en-gel\/constructeur-en-bouteille\/\" data-type=\"page\" data-id=\"5667\">Builder in a bottle gel (BIAB)<\/a><\/strong><\/h3><p>Notre<strong> BG en bouteille<\/strong> offre la force d'un gel dur avec la commodit\u00e9 d'une application au pinceau. Parfait pour les proth\u00e9sistes ongulaires qui recherchent la rapidit\u00e9 sans sacrifier la qualit\u00e9, BIAB est facile \u00e0 utiliser et offre une structure et une brillance \u00e9tonnantes.<\/p><h3 class=\"wp-block-heading\">\u2728 <strong>Pourquoi choisir Victoria VYNN ?<\/strong><\/h3><ul class=\"wp-block-list\"><li><strong>Gel constructeur dur de qualit\u00e9 professionnelle<\/strong> pour une architecture de l'ongle impeccable<\/li>\n\n<li>Formule pour un retrait facile<\/li>\n\n<li>Disponible en <strong>gel constructeur clair<\/strong> et des tons naturels<\/li>\n\n<li>Compatible avec <strong> vernis en gel<\/strong> pour la couleur et la force en une seule fois<\/li>\n\n<li>Id\u00e9al pour une utilisation avec n'importe quel <strong>kit de gel pour ongles<\/strong><\/li><\/ul><p>\ud83d\udecd\ufe0f <strong>\u00c0 qui cela s'adresse-t-il ?<\/strong><\/p><p>Les artistes de l'ongle qui veulent :<\/p><ul class=\"wp-block-list\"><li>Pour sculpter les ongles avec pr\u00e9cision<\/li>\n\n<li>Superpositions solides sur des ongles naturels<\/li>\n\n<li>Un coup de pinceau <strong>gel polish constructeur<\/strong> exp\u00e9rience<\/li>\n\n<li>Une formule douce avec un <strong>gel constructeur \u00e0 tremper dans l'eau<\/strong><\/li>\n\n<li>Des produits qui s'int\u00e8grent parfaitement dans n'importe quel <strong>kit de clous de construction<\/strong><\/li><\/ul><p>\ud83d\udd0d <strong>Vous vous demandez encore ce que le gel Builder peut faire ?<\/strong><\/p><p>Du perfectionnement de la forme des ongles \u00e0 la r\u00e9paration des cassures, <strong>ce gel<\/strong> est le secret des manucures durables qui ne se d\u00e9collent pas, ne s'\u00e9caillent pas et ne se fissurent pas.<\/p><p>\ud83d\udd0d <strong>Quelle est la dur\u00e9e de vie du gel builder ?<\/strong><\/p><p>\ud83d\udd39 Voici ce qui influe sur sa dur\u00e9e :<\/p><ol class=\"wp-block-list\"><li><strong>Pr\u00e9paration des ongles :<\/strong> L'\u00e9limination correcte des cuticules, la d\u00e9shydratation de l'ongle et l'application de la base permettent de prolonger la dur\u00e9e de vie du produit.<\/li>\n\n<li><strong>Technique d'application :<\/strong> Un apex bien \u00e9quilibr\u00e9 et une surface lisse permettent d'\u00e9viter le soul\u00e8vement ou la fissuration.<\/li>\n\n<li><strong>Qualit\u00e9 du produit :<\/strong> Des marques professionnelles comme <em>Victoria VYNN<\/em> offrent des gels constructeurs de longue dur\u00e9e, de qualit\u00e9 salon.<\/li>\n\n<li><strong>Habitudes quotidiennes :<\/strong> \u00c9viter les produits chimiques agressifs, porter des gants pour les t\u00e2ches m\u00e9nag\u00e8res et ne pas utiliser les ongles comme des outils permet de conserver cet aspect.<\/li>\n\n<li><strong>Croissance des ongles :<\/strong> M\u00eame si le gel reste intact, la repousse peut n\u00e9cessiter un remplissage ou un rafra\u00eechissement apr\u00e8s 3-4 semaines.<\/li><\/ol><p>\ud83d\udc85 Peut-il durer plus longtemps ?<\/p><p>Oui ! Certains clients peuvent aller <strong>jusqu'\u00e0 5 semaines<\/strong>Les ongles sont plus courts, la croissance est plus lente et les soins sont plus d\u00e9licats. <strong>remplit<\/strong> ou <strong>recharges<\/strong> sont recommand\u00e9s vers la fin des trois semaines pour obtenir les meilleurs r\u00e9sultats et pr\u00e9server la sant\u00e9 de l'ongle.<\/p><h3 class=\"wp-block-heading\">\u2728 Try Victoria VYNN - Where Strength Meets Style<\/h3><p>D\u00e9couvrez la collection compl\u00e8te de <strong><a href=\"https:\/\/victoriavynn.ca\/fr\/extension-dongles-en-gel\/\" data-type=\"page\" data-id=\"5633\">nos gels<\/a><\/strong> et am\u00e9liorez votre jeu d'ongles avec <strong>Syst\u00e8me professionnel de Victoria VYNN<\/strong>.<\/p>","protected":false},"excerpt":{"rendered":"<p style=\"text-align: left;\">D\u00e9couvrez Victoria VYNN Builder Gel - la solution parfaite pour des ongles forts et beaux. Notre gel constructeur, notre gel constructeur en bouteille et notre vernis \u00e0 ongles gel constructeur offrent une application facile et des r\u00e9sultats durables pour des extensions et des superpositions d'ongles impeccables.<\/p>\n<p>Sp\u00e9cifications du produit :<\/p>\n<p><a href=\"https:\/\/victoriavynn.ca\/wp-content\/uploads\/2019\/11\/SALON-QUALITY.webp\"><img loading=\"lazy\" decoding=\"async\" class=\"size-full wp-image-8772 alignleft\" src=\"https:\/\/victoriavynn.ca\/wp-content\/uploads\/2019\/11\/SALON-QUALITY.webp\" alt=\"GEL NAIL BUILDER\" width=\"125\" height=\"150\" \/><\/a> <a href=\"https:\/\/victoriavynn.ca\/wp-content\/uploads\/2019\/11\/THREE-PHASE-SYSTEM.webp\"><img loading=\"lazy\" decoding=\"async\" class=\"size-full wp-image-8773 alignleft\" src=\"https:\/\/victoriavynn.ca\/wp-content\/uploads\/2019\/11\/THREE-PHASE-SYSTEM.webp\" alt=\"GEL NAIL BUILDER\" width=\"125\" height=\"150\" \/><\/a><a href=\"https:\/\/victoriavynn.ca\/wp-content\/uploads\/2020\/03\/FOR-UV-LED-LAMPS.webp\"><img loading=\"lazy\" decoding=\"async\" class=\"size-full wp-image-8758 alignleft\" src=\"https:\/\/victoriavynn.ca\/wp-content\/uploads\/2020\/03\/FOR-UV-LED-LAMPS.webp\" alt=\"couche de base en caoutchouc\" width=\"125\" height=\"150\" \/><\/a><img loading=\"lazy\" decoding=\"async\" class=\"size-full wp-image-8756 alignleft\" src=\"https:\/\/victoriavynn.ca\/wp-content\/uploads\/2020\/03\/SELF-LEVELING.webp\" alt=\"couche de base en caoutchouc\" width=\"125\" height=\"150\" \/><\/p>\n<p>&nbsp;<\/p>\n<p>&nbsp;<\/p>\n<p>&nbsp;<\/p>\n<p>&nbsp;<\/p>\n<p>&nbsp;<\/p>","protected":false},"featured_media":11497,"comment_status":"open","ping_status":"closed","template":"","meta":{"jetpack_post_was_ever_published":false,"jetpack_publicize_message":"","jetpack_publicize_feature_enabled":true,"jetpack_social_post_already_shared":false,"jetpack_social_options":{"image_generator_settings":{"template":"highway","enabled":false},"version":2}},"product_brand":[],"product_cat":[22],"product_tag":[91],"class_list":{"0":"post-492","1":"product","2":"type-product","3":"status-publish","4":"has-post-thumbnail","6":"product_cat-hard-nail-gel","7":"product_tag-builder-gel-colors","8":"product_shipping_class-cardboard-box","9":"pa_size-15ml","10":"pa_size-50ml","12":"first","13":"instock","14":"taxable","15":"shipping-taxable","16":"purchasable","17":"product-type-variable","18":"wvs-archive-product-wrapper"},"jetpack_publicize_connections":[],"jetpack-related-posts":[{"id":48886,"url":"https:\/\/victoriavynn.ca\/fr\/product\/victoria-vynn-nail-tech-essentials-set-14-pack\/","url_meta":{"origin":492,"position":0},"title":"Victoria VYNN Nail Tech Essentials Set 14 Pack","author":"Serge Sahakian","date":"f\u00e9vrier 11, 2026","format":false,"excerpt":"Que contient l'ensemble ?  Nail Prep &amp; Foundation Salon Nail Prep 15ml Tape Bond 8ml Mega Base Clear 8ml Gel Polish No. 214 Top Oh ! My Gloss 8ml Builder &amp; Sculpting System Salon Build Gel Base 15ml Mousse Gel Coral Soft No.3 15ml Master Gel Milky White No.2 60g Master Gel...","rel":"","context":"Similar post","block_context":{"text":"Similar post","link":""},"img":{"alt_text":"BUILD GEL SET new","src":"https:\/\/i0.wp.com\/victoriavynn.ca\/wp-content\/uploads\/2026\/02\/build-gel-set-new.webp?fit=750%2C1000&ssl=1&resize=350%2C200","width":350,"height":200,"srcset":"https:\/\/i0.wp.com\/victoriavynn.ca\/wp-content\/uploads\/2026\/02\/build-gel-set-new.webp?fit=750%2C1000&ssl=1&resize=350%2C200 1x, https:\/\/i0.wp.com\/victoriavynn.ca\/wp-content\/uploads\/2026\/02\/build-gel-set-new.webp?fit=750%2C1000&ssl=1&resize=525%2C300 1.5x, https:\/\/i0.wp.com\/victoriavynn.ca\/wp-content\/uploads\/2026\/02\/build-gel-set-new.webp?fit=750%2C1000&ssl=1&resize=700%2C400 2x"},"classes":[]},{"id":37081,"url":"https:\/\/victoriavynn.ca\/fr\/product\/victoria-vynn-liquid-polygel-15ml\/","url_meta":{"origin":492,"position":1},"title":"Victoria VYNN Polygel liquide 15ml","author":"Serge Sahakian","date":"octobre 18, 2025","format":false,"excerpt":"D\u00e9couvrez l'avenir de l'architecture des ongles avec Victoria Vynn Liquid PolyGel - la fusion parfaite de la flexibilit\u00e9 du gel et de la r\u00e9sistance de l'acrylique. Sa texture auto-nivelante d'\u00e9paisseur moyenne glisse sans effort pour des superpositions et des extensions parfaites, offrant des r\u00e9sultats l\u00e9gers mais durables avec une finition naturelle et \u00e9l\u00e9gante....","rel":"","context":"Similar post","block_context":{"text":"Similar post","link":""},"img":{"alt_text":"victoria vynn liquid polygel no. 1","src":"https:\/\/i0.wp.com\/victoriavynn.ca\/wp-content\/uploads\/2025\/10\/victoria-vynn-liquid-polygel-no.-1.webp?fit=750%2C1000&ssl=1&resize=350%2C200","width":350,"height":200,"srcset":"https:\/\/i0.wp.com\/victoriavynn.ca\/wp-content\/uploads\/2025\/10\/victoria-vynn-liquid-polygel-no.-1.webp?fit=750%2C1000&ssl=1&resize=350%2C200 1x, https:\/\/i0.wp.com\/victoriavynn.ca\/wp-content\/uploads\/2025\/10\/victoria-vynn-liquid-polygel-no.-1.webp?fit=750%2C1000&ssl=1&resize=525%2C300 1.5x, https:\/\/i0.wp.com\/victoriavynn.ca\/wp-content\/uploads\/2025\/10\/victoria-vynn-liquid-polygel-no.-1.webp?fit=750%2C1000&ssl=1&resize=700%2C400 2x"},"classes":[]},{"id":37100,"url":"https:\/\/victoriavynn.ca\/fr\/product\/victoria-vynn-liquid-polygel-color-chart-01-06\/","url_meta":{"origin":492,"position":2},"title":"Victoria VYNN Liquid Polygel Color Chart 01-06","author":"Serge Sahakian","date":"octobre 18, 2025","format":false,"excerpt":"D\u00e9couvrez les six nuances de r\u00eave de Victoria Vynn Liquid PolyGel - des tons laiteux doux aux roses d\u00e9licats. Chaque couleur offre une force et une flexibilit\u00e9 parfaites pour le salon, ainsi qu'un fini naturel et impeccable.\u2728 Le syst\u00e8me hybride ultime pour une beaut\u00e9 sans effort dans toutes les nuances.","rel":"","context":"Similar post","block_context":{"text":"Similar post","link":""},"img":{"alt_text":"liquid plygel color chart","src":"https:\/\/i0.wp.com\/victoriavynn.ca\/wp-content\/uploads\/2025\/10\/liquid-plygel-color-chart.webp?fit=750%2C1000&ssl=1&resize=350%2C200","width":350,"height":200,"srcset":"https:\/\/i0.wp.com\/victoriavynn.ca\/wp-content\/uploads\/2025\/10\/liquid-plygel-color-chart.webp?fit=750%2C1000&ssl=1&resize=350%2C200 1x, https:\/\/i0.wp.com\/victoriavynn.ca\/wp-content\/uploads\/2025\/10\/liquid-plygel-color-chart.webp?fit=750%2C1000&ssl=1&resize=525%2C300 1.5x, https:\/\/i0.wp.com\/victoriavynn.ca\/wp-content\/uploads\/2025\/10\/liquid-plygel-color-chart.webp?fit=750%2C1000&ssl=1&resize=700%2C400 2x"},"classes":[]},{"id":52676,"url":"https:\/\/victoriavynn.ca\/fr\/product\/victoria-vynn-insta-gel\/","url_meta":{"origin":492,"position":3},"title":"Gel Insta Victoria VYNN","author":"Serge Sahakian","date":"mars 20, 2026","format":false,"excerpt":"Victoria VYNN Insta Gel est con\u00e7u pour une application rapide et efficace, aidant les proth\u00e9sistes ongulaires \u00e0 fournir des r\u00e9sultats rapides, impeccables et brillants avec un temps de service r\u00e9duit. Sp\u00e9cifications du produit : \u00a0 \u00a0 \u00a0 \u00a0 \u00a0 \u00a0","rel":"","context":"Similar post","block_context":{"text":"Similar post","link":""},"img":{"alt_text":"victoria vynn insta gel 01","src":"https:\/\/i0.wp.com\/victoriavynn.ca\/wp-content\/uploads\/2026\/03\/victoria-vynn-insta-gel-01.webp?fit=750%2C1000&ssl=1&resize=350%2C200","width":350,"height":200,"srcset":"https:\/\/i0.wp.com\/victoriavynn.ca\/wp-content\/uploads\/2026\/03\/victoria-vynn-insta-gel-01.webp?fit=750%2C1000&ssl=1&resize=350%2C200 1x, https:\/\/i0.wp.com\/victoriavynn.ca\/wp-content\/uploads\/2026\/03\/victoria-vynn-insta-gel-01.webp?fit=750%2C1000&ssl=1&resize=525%2C300 1.5x, https:\/\/i0.wp.com\/victoriavynn.ca\/wp-content\/uploads\/2026\/03\/victoria-vynn-insta-gel-01.webp?fit=750%2C1000&ssl=1&resize=700%2C400 2x"},"classes":[]},{"id":1708,"url":"https:\/\/victoriavynn.ca\/fr\/product\/mega-rubber-base-coat-gel-victoria-vynn\/","url_meta":{"origin":492,"position":4},"title":"Mega Base Hard &amp; Long Nails (couche de base en caoutchouc)","author":"Serge Sahakian","date":"mars 17, 2020","format":false,"excerpt":"La Mega Rubber Base Coat est une couche de base en caoutchouc multifonctionnelle, flexible et durable. La formule et les propri\u00e9t\u00e9s exceptionnelles de la Mega Base Coat permettent d'\u00e9tendre la plaque de l'ongle jusqu'\u00e0 7 mm et de renforcer la plaque de l'ongle naturel. Gr\u00e2ce \u00e0 sa consistance \u00e9paisse et autonivelante, elle...","rel":"","context":"Similar post","block_context":{"text":"Similar post","link":""},"img":{"alt_text":"mega rubber base coat gel clear","src":"https:\/\/i0.wp.com\/victoriavynn.ca\/wp-content\/uploads\/2022\/08\/mega-rubber-base-gel-clear.webp?fit=750%2C1000&ssl=1&resize=350%2C200","width":350,"height":200,"srcset":"https:\/\/i0.wp.com\/victoriavynn.ca\/wp-content\/uploads\/2022\/08\/mega-rubber-base-gel-clear.webp?fit=750%2C1000&ssl=1&resize=350%2C200 1x, https:\/\/i0.wp.com\/victoriavynn.ca\/wp-content\/uploads\/2022\/08\/mega-rubber-base-gel-clear.webp?fit=750%2C1000&ssl=1&resize=525%2C300 1.5x, https:\/\/i0.wp.com\/victoriavynn.ca\/wp-content\/uploads\/2022\/08\/mega-rubber-base-gel-clear.webp?fit=750%2C1000&ssl=1&resize=700%2C400 2x"},"classes":[]},{"id":2370,"url":"https:\/\/victoriavynn.ca\/fr\/product\/bottle-gel-builder-one-phase\/","url_meta":{"origin":492,"position":5},"title":"Gel de bouteille \u00e0 une phase","author":"Serge Sahakian","date":"ao\u00fbt 17, 2022","format":false,"excerpt":"Voici notre Bottle Gel Builder, qui fonctionne parfaitement avec la plaque naturelle de l'ongle, est durable et r\u00e9sistant, gr\u00e2ce auquel le dessin ne se brise pas et ne se fissure pas. La formule \u00e9paisse et autonivelante permet la m\u00e9thode de conception \"une goutte\", sans limage ! Emballage pratique avec pinceau. Sp\u00e9cifications du produit :      ...","rel":"","context":"Similar post","block_context":{"text":"Similar post","link":""},"img":{"alt_text":"bottle gel builder","src":"https:\/\/i0.wp.com\/victoriavynn.ca\/wp-content\/uploads\/2022\/08\/biab-.webp?fit=750%2C1000&ssl=1&resize=350%2C200","width":350,"height":200,"srcset":"https:\/\/i0.wp.com\/victoriavynn.ca\/wp-content\/uploads\/2022\/08\/biab-.webp?fit=750%2C1000&ssl=1&resize=350%2C200 1x, https:\/\/i0.wp.com\/victoriavynn.ca\/wp-content\/uploads\/2022\/08\/biab-.webp?fit=750%2C1000&ssl=1&resize=525%2C300 1.5x, https:\/\/i0.wp.com\/victoriavynn.ca\/wp-content\/uploads\/2022\/08\/biab-.webp?fit=750%2C1000&ssl=1&resize=700%2C400 2x"},"classes":[]}],"jetpack_sharing_enabled":true,"_links":{"self":[{"href":"https:\/\/victoriavynn.ca\/fr\/wp-json\/wp\/v2\/product\/492","targetHints":{"allow":["GET"]}}],"collection":[{"href":"https:\/\/victoriavynn.ca\/fr\/wp-json\/wp\/v2\/product"}],"about":[{"href":"https:\/\/victoriavynn.ca\/fr\/wp-json\/wp\/v2\/types\/product"}],"replies":[{"embeddable":true,"href":"https:\/\/victoriavynn.ca\/fr\/wp-json\/wp\/v2\/comments?post=492"}],"wp:featuredmedia":[{"embeddable":true,"href":"https:\/\/victoriavynn.ca\/fr\/wp-json\/wp\/v2\/media\/11497"}],"wp:attachment":[{"href":"https:\/\/victoriavynn.ca\/fr\/wp-json\/wp\/v2\/media?parent=492"}],"wp:term":[{"taxonomy":"product_brand","embeddable":true,"href":"https:\/\/victoriavynn.ca\/fr\/wp-json\/wp\/v2\/product_brand?post=492"},{"taxonomy":"product_cat","embeddable":true,"href":"https:\/\/victoriavynn.ca\/fr\/wp-json\/wp\/v2\/product_cat?post=492"},{"taxonomy":"product_tag","embeddable":true,"href":"https:\/\/victoriavynn.ca\/fr\/wp-json\/wp\/v2\/product_tag?post=492"}],"curies":[{"name":"wp","href":"https:\/\/api.w.org\/{rel}","templated":true}]}}