{"id":4929,"date":"2022-09-04T12:41:29","date_gmt":"2022-09-04T16:41:29","guid":{"rendered":"https:\/\/victoriavynn.ca\/index.php\/product\/victoria-vynn-gel-polish-color-225\/"},"modified":"2026-03-20T18:45:06","modified_gmt":"2026-03-20T22:45:06","slug":"vernis-a-ongles-gel-paillete-argente-225","status":"publish","type":"product","link":"https:\/\/victoriavynn.ca\/fr\/product\/silver-glitter-gel-nail-polish-225\/","title":{"rendered":"Vernis gel de salon n\u00b0 225 Carat Silver Diamond"},"content":{"rendered":"<p>Le syst\u00e8me Gel Polish comprend des vernis hybrides classiques et durables, durcis dans des lampes UV et LED. Le syst\u00e8me contient des bases et des tops de diff\u00e9rentes propri\u00e9t\u00e9s, durabilit\u00e9 et finition.<\/p>\n<p>Nous r\u00e9pondons aux besoins de nos clients en offrant une riche vari\u00e9t\u00e9 de couleurs avec des vernis hybrides de diff\u00e9rentes couvertures et effets, dans plus de 200 couleurs.<\/p>\n<p>L'\u00e9blouissante ligne Carat Collection a \u00e9t\u00e9 cr\u00e9\u00e9e pour les bijoux, les designs \u00e9l\u00e9gants. Vous pouvez utiliser le vernis Carat pour couvrir toute la plaque, seulement les pointes ou l'utiliser pour r\u00e9aliser des d\u00e9tails scintillants. Carat Silver Diamond est un vernis \u00e0 ongles gel paillet\u00e9 argent\u00e9 avec des paillettes multicolores.<\/p>\n<p>Victoria VYNN Gel Polish Color est une gamme de vernis hybrides \u00e0 durcissement l\u00e9ger, qui s'utilise dans deux types de coiffage : Syst\u00e8me hybride en 3 \u00e9tapes et Syst\u00e8me Soak Off en 4 \u00e9tapes. Gel Polish Color impressionne par la qualit\u00e9 du coiffage et les applications possibles - une palette de couleurs, deux types de coiffage.<\/p>\n<p>Sp\u00e9cifications du produit :<\/p>\n<ul>\n<li>\u00c0 utiliser pour les manucures hybrides et Soak Off.<\/li>\n<li>Formule laque-gel.<\/li>\n<li>Deux couches fines assurent une couverture et une profondeur de couleur parfaites.<\/li>\n<li>Il s'\u00e9tale uniform\u00e9ment, sans traces.<\/li>\n<li>Une large gamme de couleurs : \u00e9maux, paillettes, pastels, n\u00e9ons, semi-transparents et couleurs fran\u00e7aises.<\/li>\n<\/ul>","protected":false},"excerpt":{"rendered":"<p>L'\u00e9blouissante ligne Carat Collection a \u00e9t\u00e9 cr\u00e9\u00e9e pour les bijoux, les designs \u00e9l\u00e9gants. Vous pouvez utiliser le vernis Carat pour couvrir toute la plaque, seulement les pointes ou l'utiliser pour faire des d\u00e9tails \u00e9tincelants. Carat Silver Diamond est de l'argent avec des paillettes multicolores.<\/p>\n<p>La couleur de vernis gel Victoria VYNN la plus vendue au Canada est une gamme de vernis hybrides \u00e0 durcissement l\u00e9ger, qui s'utilise dans deux types de coiffage : Syst\u00e8me hybride \u00e0 3 \u00e9tapes et Syst\u00e8me Soak Off \u00e0 4 \u00e9tapes. Gel Polish Color impressionne par la qualit\u00e9 du coiffage et des applications possibles - une palette de couleurs, deux types de coiffage.<\/p>","protected":false},"featured_media":8309,"comment_status":"open","ping_status":"closed","template":"","meta":{"jetpack_post_was_ever_published":false,"jetpack_publicize_message":"","jetpack_publicize_feature_enabled":true,"jetpack_social_post_already_shared":true,"jetpack_social_options":{"image_generator_settings":{"template":"highway","default_image_id":0,"font":"","enabled":false},"version":2}},"product_brand":[],"product_cat":[51],"product_tag":[957,69],"class_list":{"0":"post-4929","1":"product","2":"type-product","3":"status-publish","4":"has-post-thumbnail","6":"product_cat-professional-nail-colours-gel","7":"product_tag-autumn-winter-gp-colors","8":"product_tag-gel-polish-colors","9":"product_shipping_class-cardboard-box","10":"pa_size-8ml","12":"first","13":"instock","14":"taxable","15":"shipping-taxable","16":"purchasable","17":"product-type-simple"},"jetpack_publicize_connections":[],"jetpack-related-posts":[{"id":4925,"url":"https:\/\/victoriavynn.ca\/fr\/product\/victoria-vynn-gel-polish-color-223\/","url_meta":{"origin":4929,"position":0},"title":"Vernis gel de salon n\u00b0 223 Carat Rose Diamond","author":"Serge Sahakian","date":"septembre 4, 2022","format":false,"excerpt":"L'\u00e9blouissante ligne Carat Collection a \u00e9t\u00e9 cr\u00e9\u00e9e pour les bijoux, les designs \u00e9l\u00e9gants. Vous pouvez utiliser le vernis Carat pour couvrir toute la plaque, seulement les pointes ou l'utiliser pour r\u00e9aliser des d\u00e9tails \u00e9tincelants. Carat Rose Diamond est un rose avec des paillettes multicolores. Victoria VYNN Gel Polish Color est une ligne de vernis photopolym\u00e9risable...","rel":"","context":"Similar post","block_context":{"text":"Similar post","link":""},"img":{"alt_text":"gel polish 223","src":"https:\/\/i0.wp.com\/victoriavynn.ca\/wp-content\/uploads\/2022\/09\/gel-polish-223.png?fit=1000%2C1000&ssl=1&resize=350%2C200","width":350,"height":200,"srcset":"https:\/\/i0.wp.com\/victoriavynn.ca\/wp-content\/uploads\/2022\/09\/gel-polish-223.png?fit=1000%2C1000&ssl=1&resize=350%2C200 1x, https:\/\/i0.wp.com\/victoriavynn.ca\/wp-content\/uploads\/2022\/09\/gel-polish-223.png?fit=1000%2C1000&ssl=1&resize=525%2C300 1.5x, https:\/\/i0.wp.com\/victoriavynn.ca\/wp-content\/uploads\/2022\/09\/gel-polish-223.png?fit=1000%2C1000&ssl=1&resize=700%2C400 2x"},"classes":[]},{"id":4935,"url":"https:\/\/victoriavynn.ca\/fr\/product\/victoria-vynn-gel-polish-color-229\/","url_meta":{"origin":4929,"position":1},"title":"Vernis gel de salon n\u00b0 229 Carat Opal Diamond","author":"Serge Sahakian","date":"septembre 4, 2022","format":false,"excerpt":"L'\u00e9blouissante ligne Carat Collection a \u00e9t\u00e9 cr\u00e9\u00e9e pour les bijoux, les designs \u00e9l\u00e9gants. Vous pouvez utiliser le vernis Carat pour couvrir toute la plaque, seulement les pointes ou l'utiliser pour faire des d\u00e9tails \u00e9tincelants. Le diamant opale Carat le plus vendu au Canada est violet avec des paillettes multicolores. Victoria VYNN Gel Polish Color est un vernis photopolym\u00e9risable...","rel":"","context":"Similar post","block_context":{"text":"Similar post","link":""},"img":{"alt_text":"","src":"https:\/\/i0.wp.com\/victoriavynn.ca\/wp-content\/uploads\/2022\/09\/gel-polish-229-carat-opal-diamond.jpeg?fit=753%2C753&ssl=1&resize=350%2C200","width":350,"height":200,"srcset":"https:\/\/i0.wp.com\/victoriavynn.ca\/wp-content\/uploads\/2022\/09\/gel-polish-229-carat-opal-diamond.jpeg?fit=753%2C753&ssl=1&resize=350%2C200 1x, https:\/\/i0.wp.com\/victoriavynn.ca\/wp-content\/uploads\/2022\/09\/gel-polish-229-carat-opal-diamond.jpeg?fit=753%2C753&ssl=1&resize=525%2C300 1.5x, https:\/\/i0.wp.com\/victoriavynn.ca\/wp-content\/uploads\/2022\/09\/gel-polish-229-carat-opal-diamond.jpeg?fit=753%2C753&ssl=1&resize=700%2C400 2x"},"classes":[]},{"id":4931,"url":"https:\/\/victoriavynn.ca\/fr\/product\/victoria-vynn-gel-polish-color-227\/","url_meta":{"origin":4929,"position":2},"title":"Salon Gel Polish No. 227 Carat Emerald Diamond","author":"Serge Sahakian","date":"septembre 4, 2022","format":false,"excerpt":"L'\u00e9blouissante ligne Carat Collection a \u00e9t\u00e9 cr\u00e9\u00e9e pour les bijoux, les designs \u00e9l\u00e9gants. Vous pouvez utiliser le vernis Carat pour recouvrir toute la plaque, seulement les pointes ou l'utiliser pour r\u00e9aliser des d\u00e9tails \u00e9tincelants. Le diamant Carat Emerald est vert \u00e9meraude avec des paillettes multicolores. La couleur Victoria VYNN Gel Polish la plus vendue au Canada est...","rel":"","context":"Similar post","block_context":{"text":"Similar post","link":""},"img":{"alt_text":"","src":"https:\/\/i0.wp.com\/victoriavynn.ca\/wp-content\/uploads\/2022\/09\/Gel-Polish_227-carat.jpg?fit=753%2C753&ssl=1&resize=350%2C200","width":350,"height":200,"srcset":"https:\/\/i0.wp.com\/victoriavynn.ca\/wp-content\/uploads\/2022\/09\/Gel-Polish_227-carat.jpg?fit=753%2C753&ssl=1&resize=350%2C200 1x, https:\/\/i0.wp.com\/victoriavynn.ca\/wp-content\/uploads\/2022\/09\/Gel-Polish_227-carat.jpg?fit=753%2C753&ssl=1&resize=525%2C300 1.5x, https:\/\/i0.wp.com\/victoriavynn.ca\/wp-content\/uploads\/2022\/09\/Gel-Polish_227-carat.jpg?fit=753%2C753&ssl=1&resize=700%2C400 2x"},"classes":[]},{"id":4933,"url":"https:\/\/victoriavynn.ca\/fr\/product\/victoria-vynn-gel-polish-color-228\/","url_meta":{"origin":4929,"position":3},"title":"Salon Gel Polish No. 228 Carat Topaz Diamond","author":"Serge Sahakian","date":"septembre 4, 2022","format":false,"excerpt":"L'\u00e9blouissante ligne Carat Collection a \u00e9t\u00e9 cr\u00e9\u00e9e pour les bijoux, les designs \u00e9l\u00e9gants. Vous pouvez utiliser le vernis Carat pour couvrir toute la plaque, seulement les pointes ou l'utiliser pour faire des d\u00e9tails \u00e9tincelants. Le diamant Carat Topaz est de couleur bleue avec des paillettes multicolores. La couleur Victoria VYNN Gel Polish la plus vendue au Canada est...","rel":"","context":"Similar post","block_context":{"text":"Similar post","link":""},"img":{"alt_text":"","src":"https:\/\/i0.wp.com\/victoriavynn.ca\/wp-content\/uploads\/2022\/09\/Gel-Polish_228-carat.jpg?fit=753%2C753&ssl=1&resize=350%2C200","width":350,"height":200,"srcset":"https:\/\/i0.wp.com\/victoriavynn.ca\/wp-content\/uploads\/2022\/09\/Gel-Polish_228-carat.jpg?fit=753%2C753&ssl=1&resize=350%2C200 1x, https:\/\/i0.wp.com\/victoriavynn.ca\/wp-content\/uploads\/2022\/09\/Gel-Polish_228-carat.jpg?fit=753%2C753&ssl=1&resize=525%2C300 1.5x, https:\/\/i0.wp.com\/victoriavynn.ca\/wp-content\/uploads\/2022\/09\/Gel-Polish_228-carat.jpg?fit=753%2C753&ssl=1&resize=700%2C400 2x"},"classes":[]},{"id":5189,"url":"https:\/\/victoriavynn.ca\/fr\/product\/victoria-vynn-salon-gel-polish-color-no-230\/","url_meta":{"origin":4929,"position":4},"title":"Salon Gel Polish No. 230 Carat Coral Diamond","author":"Serge Sahakian","date":"septembre 4, 2022","format":false,"excerpt":"Le fard \u00e0 joues Flaming Shape parfait vous est d\u00e9di\u00e9 si vous recherchez une teinte douce et pastel qui met en valeur votre bronzage de mani\u00e8re fiable. La meilleure vente de Victoria VYNN Gel Polish Color au Canada est une ligne de vernis hybrides \u00e0 s\u00e9chage l\u00e9ger, qui est utilis\u00e9e dans deux types de coiffage : Syst\u00e8me hybride \u00e0 3 \u00e9tapes et...","rel":"","context":"Similar post","block_context":{"text":"Similar post","link":""},"img":{"alt_text":"","src":"https:\/\/i0.wp.com\/victoriavynn.ca\/wp-content\/uploads\/2022\/09\/Gel-Polish_230-carat-1.jpg?fit=753%2C753&ssl=1&resize=350%2C200","width":350,"height":200,"srcset":"https:\/\/i0.wp.com\/victoriavynn.ca\/wp-content\/uploads\/2022\/09\/Gel-Polish_230-carat-1.jpg?fit=753%2C753&ssl=1&resize=350%2C200 1x, https:\/\/i0.wp.com\/victoriavynn.ca\/wp-content\/uploads\/2022\/09\/Gel-Polish_230-carat-1.jpg?fit=753%2C753&ssl=1&resize=525%2C300 1.5x, https:\/\/i0.wp.com\/victoriavynn.ca\/wp-content\/uploads\/2022\/09\/Gel-Polish_230-carat-1.jpg?fit=753%2C753&ssl=1&resize=700%2C400 2x"},"classes":[]},{"id":5276,"url":"https:\/\/victoriavynn.ca\/fr\/product\/gel-polish-055-silver-cristal\/","url_meta":{"origin":4929,"position":5},"title":"Vernis gel de salon No. 055 Silver Cristal","author":"Serge Sahakian","date":"septembre 4, 2022","format":false,"excerpt":"The Silver Cristal color is filled with thousands of silver, glitter particles. Canada's Best Selling Victoria VYNN Gel Polish Color is a light-curable line of hybrid varnishes, which is used in two types of styling: 3-stage Hybrid System and 4-stage Soak Off System. Gel Polish Color impresses with the quality\u2026","rel":"","context":"Similar post","block_context":{"text":"Similar post","link":""},"img":{"alt_text":"Gel Polish 055","src":"https:\/\/i0.wp.com\/victoriavynn.ca\/wp-content\/uploads\/2022\/09\/gel-polish-055.png?fit=1000%2C1000&ssl=1&resize=350%2C200","width":350,"height":200,"srcset":"https:\/\/i0.wp.com\/victoriavynn.ca\/wp-content\/uploads\/2022\/09\/gel-polish-055.png?fit=1000%2C1000&ssl=1&resize=350%2C200 1x, https:\/\/i0.wp.com\/victoriavynn.ca\/wp-content\/uploads\/2022\/09\/gel-polish-055.png?fit=1000%2C1000&ssl=1&resize=525%2C300 1.5x, https:\/\/i0.wp.com\/victoriavynn.ca\/wp-content\/uploads\/2022\/09\/gel-polish-055.png?fit=1000%2C1000&ssl=1&resize=700%2C400 2x"},"classes":[]}],"jetpack_sharing_enabled":true,"_links":{"self":[{"href":"https:\/\/victoriavynn.ca\/fr\/wp-json\/wp\/v2\/product\/4929","targetHints":{"allow":["GET"]}}],"collection":[{"href":"https:\/\/victoriavynn.ca\/fr\/wp-json\/wp\/v2\/product"}],"about":[{"href":"https:\/\/victoriavynn.ca\/fr\/wp-json\/wp\/v2\/types\/product"}],"replies":[{"embeddable":true,"href":"https:\/\/victoriavynn.ca\/fr\/wp-json\/wp\/v2\/comments?post=4929"}],"wp:featuredmedia":[{"embeddable":true,"href":"https:\/\/victoriavynn.ca\/fr\/wp-json\/wp\/v2\/media\/8309"}],"wp:attachment":[{"href":"https:\/\/victoriavynn.ca\/fr\/wp-json\/wp\/v2\/media?parent=4929"}],"wp:term":[{"taxonomy":"product_brand","embeddable":true,"href":"https:\/\/victoriavynn.ca\/fr\/wp-json\/wp\/v2\/product_brand?post=4929"},{"taxonomy":"product_cat","embeddable":true,"href":"https:\/\/victoriavynn.ca\/fr\/wp-json\/wp\/v2\/product_cat?post=4929"},{"taxonomy":"product_tag","embeddable":true,"href":"https:\/\/victoriavynn.ca\/fr\/wp-json\/wp\/v2\/product_tag?post=4929"}],"curies":[{"name":"wp","href":"https:\/\/api.w.org\/{rel}","templated":true}]}}