{"id":49968,"date":"2026-02-19T11:52:48","date_gmt":"2026-02-19T16:52:48","guid":{"rendered":"https:\/\/victoriavynn.ca\/product\/victoria-vynn-autumn-gel-polish-collection-color-charts-2-pieces-2\/"},"modified":"2026-02-19T12:11:20","modified_gmt":"2026-02-19T17:11:20","slug":"victoria-vynn-autumn-gel-polish-collection-color-charts-2-pieces-2","status":"publish","type":"product","link":"https:\/\/victoriavynn.ca\/fr\/product\/victoria-vynn-autumn-gel-polish-collection-color-charts-2-pieces-2\/","title":{"rendered":"Victoria VYNN Collection de vernis en gel d'automne Nuancier 2 pi\u00e8ces"},"content":{"rendered":"","protected":false},"excerpt":{"rendered":"","protected":false},"featured_media":49969,"comment_status":"open","ping_status":"closed","template":"","meta":{"jetpack_post_was_ever_published":false,"jetpack_publicize_message":"","jetpack_publicize_feature_enabled":true,"jetpack_social_post_already_shared":true,"jetpack_social_options":{"image_generator_settings":{"template":"highway","default_image_id":0,"font":"","enabled":false},"version":2}},"product_brand":[922],"product_cat":[31],"product_tag":[],"class_list":{"0":"post-49968","1":"product","2":"type-product","3":"status-publish","4":"has-post-thumbnail","6":"product_brand-victoria-vynn","7":"product_cat-nail-tools-and-accessories","9":"first","10":"instock","11":"taxable","12":"shipping-taxable","13":"purchasable","14":"product-type-simple"},"jetpack_publicize_connections":[],"jetpack-related-posts":[{"id":24520,"url":"https:\/\/victoriavynn.ca\/fr\/product\/victoria-vynn-autumn-pure-creamy-hybrid-collection-color-charts-2-pieces\/","url_meta":{"origin":49968,"position":0},"title":"Victoria VYNN Autumn Pure Creamy Hybrid Collection Color Charts 2 Pieces","author":"Serge Sahakian","date":"septembre 19, 2025","format":false,"excerpt":"","rel":"","context":"Similar post","block_context":{"text":"Similar post","link":""},"img":{"alt_text":"","src":"https:\/\/i0.wp.com\/victoriavynn.ca\/wp-content\/uploads\/2025\/09\/color-charts-pure-autumn-2pcs-1.jpg?fit=1200%2C1200&ssl=1&resize=350%2C200","width":350,"height":200,"srcset":"https:\/\/i0.wp.com\/victoriavynn.ca\/wp-content\/uploads\/2025\/09\/color-charts-pure-autumn-2pcs-1.jpg?fit=1200%2C1200&ssl=1&resize=350%2C200 1x, https:\/\/i0.wp.com\/victoriavynn.ca\/wp-content\/uploads\/2025\/09\/color-charts-pure-autumn-2pcs-1.jpg?fit=1200%2C1200&ssl=1&resize=525%2C300 1.5x, https:\/\/i0.wp.com\/victoriavynn.ca\/wp-content\/uploads\/2025\/09\/color-charts-pure-autumn-2pcs-1.jpg?fit=1200%2C1200&ssl=1&resize=700%2C400 2x, https:\/\/i0.wp.com\/victoriavynn.ca\/wp-content\/uploads\/2025\/09\/color-charts-pure-autumn-2pcs-1.jpg?fit=1200%2C1200&ssl=1&resize=1050%2C600 3x"},"classes":[]},{"id":41588,"url":"https:\/\/victoriavynn.ca\/fr\/product\/victoria-vynn-8-pack-fashion-follower-gel-polish-430-437-color-chart\/","url_meta":{"origin":49968,"position":1},"title":"Victoria VYNN 8 Pack Fashion Follower Gel Polish 430-437 + Color Chart","author":"Serge Sahakian","date":"novembre 19, 2025","format":false,"excerpt":"La collection Fashion Follower de Victoria VYNN transforme les tons les plus \u00e0 la mode de la saison en une ligne de vernis gel hautement pigment\u00e9s et parfaits pour les salons de coiffure. Chaque nuance refl\u00e8te le style, l'humeur et la confiance - cr\u00e9\u00e9e pour les artistes et les clients qui aiment s'exprimer par la couleur. Collection : Fashion Follower Le kit comprend : Victoria VYNN...","rel":"","context":"Similar post","block_context":{"text":"Similar post","link":""},"img":{"alt_text":"Victoria vynn gel polish fashion follower 8 pack + Color Chart","src":"https:\/\/i0.wp.com\/victoriavynn.ca\/wp-content\/uploads\/2025\/11\/victoria-vynn-gel-polish-fashion-follower-8-pack-color-chart-.webp?fit=750%2C1000&ssl=1&resize=350%2C200","width":350,"height":200,"srcset":"https:\/\/i0.wp.com\/victoriavynn.ca\/wp-content\/uploads\/2025\/11\/victoria-vynn-gel-polish-fashion-follower-8-pack-color-chart-.webp?fit=750%2C1000&ssl=1&resize=350%2C200 1x, https:\/\/i0.wp.com\/victoriavynn.ca\/wp-content\/uploads\/2025\/11\/victoria-vynn-gel-polish-fashion-follower-8-pack-color-chart-.webp?fit=750%2C1000&ssl=1&resize=525%2C300 1.5x, https:\/\/i0.wp.com\/victoriavynn.ca\/wp-content\/uploads\/2025\/11\/victoria-vynn-gel-polish-fashion-follower-8-pack-color-chart-.webp?fit=750%2C1000&ssl=1&resize=700%2C400 2x"},"classes":[]},{"id":17033,"url":"https:\/\/victoriavynn.ca\/fr\/product\/victoria-vynn-brocaciello-gel-polish-collection-color-chart-368-375\/","url_meta":{"origin":49968,"position":2},"title":"Victoria VYNN Brocaciello Gel Polish Collection Color Chart 368-375","author":"Serge Sahakian","date":"mars 7, 2024","format":false,"excerpt":"","rel":"","context":"Similar post","block_context":{"text":"Similar post","link":""},"img":{"alt_text":"Brocaciello Color Chart Gel Polish Colors","src":"https:\/\/i0.wp.com\/victoriavynn.ca\/wp-content\/uploads\/2024\/03\/brocaciello-color-chart-gel-polish-colors.webp?fit=750%2C1000&ssl=1&resize=350%2C200","width":350,"height":200,"srcset":"https:\/\/i0.wp.com\/victoriavynn.ca\/wp-content\/uploads\/2024\/03\/brocaciello-color-chart-gel-polish-colors.webp?fit=750%2C1000&ssl=1&resize=350%2C200 1x, https:\/\/i0.wp.com\/victoriavynn.ca\/wp-content\/uploads\/2024\/03\/brocaciello-color-chart-gel-polish-colors.webp?fit=750%2C1000&ssl=1&resize=525%2C300 1.5x, https:\/\/i0.wp.com\/victoriavynn.ca\/wp-content\/uploads\/2024\/03\/brocaciello-color-chart-gel-polish-colors.webp?fit=750%2C1000&ssl=1&resize=700%2C400 2x"},"classes":[]},{"id":41567,"url":"https:\/\/victoriavynn.ca\/fr\/product\/victoria-vynn-color-chart-fashion-follower-gel-polish-430-437\/","url_meta":{"origin":49968,"position":3},"title":"Victoria VYNN Color Chart Fashion Follower Gel Polish 430-437","author":"Serge Sahakian","date":"novembre 19, 2025","format":false,"excerpt":"La collection Fashion Follower de Victoria VYNN transforme les tons les plus \u00e0 la mode de la saison en une ligne de vernis gel hautement pigment\u00e9s et parfaits pour les salons de coiffure. Chaque nuance refl\u00e8te le style, l'humeur et la confiance - cr\u00e9\u00e9e pour les artistes et les clients qui aiment s'exprimer par la couleur.","rel":"","context":"Similar post","block_context":{"text":"Similar post","link":""},"img":{"alt_text":"Victoria vynn gel polish fashion follower Color Chart","src":"https:\/\/i0.wp.com\/victoriavynn.ca\/wp-content\/uploads\/2025\/11\/victoria-vynn-gel-polish-fashion-follower-color-chart-1-1.webp?fit=750%2C1000&ssl=1&resize=350%2C200","width":350,"height":200,"srcset":"https:\/\/i0.wp.com\/victoriavynn.ca\/wp-content\/uploads\/2025\/11\/victoria-vynn-gel-polish-fashion-follower-color-chart-1-1.webp?fit=750%2C1000&ssl=1&resize=350%2C200 1x, https:\/\/i0.wp.com\/victoriavynn.ca\/wp-content\/uploads\/2025\/11\/victoria-vynn-gel-polish-fashion-follower-color-chart-1-1.webp?fit=750%2C1000&ssl=1&resize=525%2C300 1.5x, https:\/\/i0.wp.com\/victoriavynn.ca\/wp-content\/uploads\/2025\/11\/victoria-vynn-gel-polish-fashion-follower-color-chart-1-1.webp?fit=750%2C1000&ssl=1&resize=700%2C400 2x"},"classes":[]},{"id":17116,"url":"https:\/\/victoriavynn.ca\/fr\/product\/victoria-vynn-color-chart-pure-creamy-hybrid-gel-polish-earthy-collection-242-249\/","url_meta":{"origin":49968,"position":4},"title":"Victoria VYNN Color Chart Pure Creamy Hybrid Gel Polish Earthy Collection 242 - 249","author":"Serge Sahakian","date":"mars 9, 2024","format":false,"excerpt":"","rel":"","context":"Similar post","block_context":{"text":"Similar post","link":""},"img":{"alt_text":"","src":"https:\/\/i0.wp.com\/victoriavynn.ca\/wp-content\/uploads\/2024\/03\/color-chart-pure-242-249.jpg?fit=1200%2C1200&ssl=1&resize=350%2C200","width":350,"height":200,"srcset":"https:\/\/i0.wp.com\/victoriavynn.ca\/wp-content\/uploads\/2024\/03\/color-chart-pure-242-249.jpg?fit=1200%2C1200&ssl=1&resize=350%2C200 1x, https:\/\/i0.wp.com\/victoriavynn.ca\/wp-content\/uploads\/2024\/03\/color-chart-pure-242-249.jpg?fit=1200%2C1200&ssl=1&resize=525%2C300 1.5x, https:\/\/i0.wp.com\/victoriavynn.ca\/wp-content\/uploads\/2024\/03\/color-chart-pure-242-249.jpg?fit=1200%2C1200&ssl=1&resize=700%2C400 2x, https:\/\/i0.wp.com\/victoriavynn.ca\/wp-content\/uploads\/2024\/03\/color-chart-pure-242-249.jpg?fit=1200%2C1200&ssl=1&resize=1050%2C600 3x"},"classes":[]},{"id":12910,"url":"https:\/\/victoriavynn.ca\/fr\/product\/victoria-vynn-color-chart-gel-polish-no-2-061-140\/","url_meta":{"origin":49968,"position":5},"title":"Victoria VYNN Color Chart Gel Polish No.2 (061-140)","author":"Serge Sahakian","date":"juin 11, 2023","format":false,"excerpt":"","rel":"","context":"Similar post","block_context":{"text":"Similar post","link":""},"img":{"alt_text":"","src":"https:\/\/i0.wp.com\/victoriavynn.ca\/wp-content\/uploads\/2023\/06\/gp-color-chart-2.png?fit=750%2C1000&ssl=1&resize=350%2C200","width":350,"height":200,"srcset":"https:\/\/i0.wp.com\/victoriavynn.ca\/wp-content\/uploads\/2023\/06\/gp-color-chart-2.png?fit=750%2C1000&ssl=1&resize=350%2C200 1x, https:\/\/i0.wp.com\/victoriavynn.ca\/wp-content\/uploads\/2023\/06\/gp-color-chart-2.png?fit=750%2C1000&ssl=1&resize=525%2C300 1.5x, https:\/\/i0.wp.com\/victoriavynn.ca\/wp-content\/uploads\/2023\/06\/gp-color-chart-2.png?fit=750%2C1000&ssl=1&resize=700%2C400 2x"},"classes":[]}],"jetpack_sharing_enabled":true,"_links":{"self":[{"href":"https:\/\/victoriavynn.ca\/fr\/wp-json\/wp\/v2\/product\/49968","targetHints":{"allow":["GET"]}}],"collection":[{"href":"https:\/\/victoriavynn.ca\/fr\/wp-json\/wp\/v2\/product"}],"about":[{"href":"https:\/\/victoriavynn.ca\/fr\/wp-json\/wp\/v2\/types\/product"}],"replies":[{"embeddable":true,"href":"https:\/\/victoriavynn.ca\/fr\/wp-json\/wp\/v2\/comments?post=49968"}],"wp:featuredmedia":[{"embeddable":true,"href":"https:\/\/victoriavynn.ca\/fr\/wp-json\/wp\/v2\/media\/49969"}],"wp:attachment":[{"href":"https:\/\/victoriavynn.ca\/fr\/wp-json\/wp\/v2\/media?parent=49968"}],"wp:term":[{"taxonomy":"product_brand","embeddable":true,"href":"https:\/\/victoriavynn.ca\/fr\/wp-json\/wp\/v2\/product_brand?post=49968"},{"taxonomy":"product_cat","embeddable":true,"href":"https:\/\/victoriavynn.ca\/fr\/wp-json\/wp\/v2\/product_cat?post=49968"},{"taxonomy":"product_tag","embeddable":true,"href":"https:\/\/victoriavynn.ca\/fr\/wp-json\/wp\/v2\/product_tag?post=49968"}],"curies":[{"name":"wp","href":"https:\/\/api.w.org\/{rel}","templated":true}]}}