{"id":5037,"date":"2022-09-04T12:52:57","date_gmt":"2022-09-04T16:52:57","guid":{"rendered":"https:\/\/victoriavynn.ca\/index.php\/product\/victoria-vynn-iq-nail-polish-no-018-dusty-apricot\/"},"modified":"2026-02-13T19:44:38","modified_gmt":"2026-02-14T00:44:38","slug":"vernis-a-ongles-vegan-iq-018-dusty-apricot","status":"publish","type":"product","link":"https:\/\/victoriavynn.ca\/fr\/product\/vegan-nail-polish-iq-018-dusty-apricot\/","title":{"rendered":"iQ Vernis \u00e0 ongles No. 018 Dusty Apricot"},"content":{"rendered":"<p>Le tr\u00e8s d\u00e9licat beige Dusty Apricot a \u00e9t\u00e9 inspir\u00e9 par la couleur Pure Creamy Hybrid 074.<\/p>\n<p>Avec les couleurs du vernis \u00e0 ongles Victoria VYNN iQ Vegan, vous pouvez profiter de l'effet pendant 10 jours comme apr\u00e8s une visite dans un salon ! La formule riche en ingr\u00e9dients v\u00e9g\u00e9taliens de haute qualit\u00e9 assure une adh\u00e9sion durable \u00e0 la plaque de l'ongle et garantit une manucure de qualit\u00e9 salon.<\/p>\n<p>Toutes les couleurs des vernis \u00e0 ongles iQ Salon Vegan sont les \u00e9quivalents des teintes les plus populaires des vernis hybrides Gel Polish et Pure Creamy Hybrid.<\/p>\n<p>Vous aimez jouer avec les couleurs et changer fr\u00e9quemment de motifs sur vos ongles ! Choisissez la formule intelligente des vernis \u00e0 ongles iQ et leur composition unique qui garantit une adh\u00e9sion \u00e0 long terme \u00e0 la plaque de l'ongle et une durabilit\u00e9 extr\u00eame !<\/p>","protected":false},"excerpt":{"rendered":"<p>Le tr\u00e8s d\u00e9licat beige Dusty Apricot a \u00e9t\u00e9 inspir\u00e9 par la couleur Pure Creamy Hybrid 074. Avec les couleurs du vernis \u00e0 ongles Victoria VYNN iQ Vegan, vous pouvez profiter de l'effet pendant 10 jours, comme apr\u00e8s une visite dans un salon de coiffure ! La formule riche en ingr\u00e9dients v\u00e9g\u00e9taliens de haute qualit\u00e9 assure une adh\u00e9sion durable \u00e0 la plaque de l'ongle et garantit une manucure de qualit\u00e9 salon.<\/p>\n<p>Sp\u00e9cifications du produit :<\/p>\n<p><img loading=\"lazy\" decoding=\"async\" class=\"size-full wp-image-9090 alignleft\" src=\"https:\/\/victoriavynn.ca\/wp-content\/uploads\/2022\/09\/VEGAN-FORMULA.webp\" alt=\"VERNIS \u00c0 ONGLES V\u00c9G\u00c9TALIEN\" width=\"125\" height=\"150\" \/> <img loading=\"lazy\" decoding=\"async\" class=\"size-full wp-image-9091 alignleft\" src=\"https:\/\/victoriavynn.ca\/wp-content\/uploads\/2022\/09\/FAN-BRUSH.webp\" alt=\"VERNIS \u00c0 ONGLES V\u00c9G\u00c9TALIEN\" width=\"125\" height=\"150\" \/><\/p>\n<p><img loading=\"lazy\" decoding=\"async\" class=\"size-full wp-image-9070 alignleft\" src=\"https:\/\/victoriavynn.ca\/wp-content\/uploads\/2020\/03\/HIGHLY-DURABLE.webp\" alt=\"\" width=\"125\" height=\"150\" \/><img loading=\"lazy\" decoding=\"async\" class=\"size-full wp-image-9089 alignleft\" src=\"https:\/\/victoriavynn.ca\/wp-content\/uploads\/2022\/09\/MATCHING-COLORS.webp\" alt=\"VERNIS \u00c0 ONGLES V\u00c9G\u00c9TALIEN\" width=\"125\" height=\"150\" \/><\/p>\n<p>&nbsp;<\/p>\n<p>&nbsp;<\/p>\n<p>&nbsp;<\/p>\n<p>&nbsp;<\/p>\n<p>&nbsp;<\/p>","protected":false},"featured_media":19667,"comment_status":"open","ping_status":"closed","template":"","meta":[],"product_brand":[],"product_cat":[50],"product_tag":[97],"class_list":{"0":"post-5037","1":"product","2":"type-product","3":"status-publish","4":"has-post-thumbnail","6":"product_cat-vegan-nail-colors","7":"product_tag-iq-nail-polish-colors","8":"product_shipping_class-cardboard-box","9":"pa_size-9ml","11":"first","12":"instock","13":"taxable","14":"shipping-taxable","15":"purchasable","16":"product-type-simple"},"jetpack_sharing_enabled":true,"_links":{"self":[{"href":"https:\/\/victoriavynn.ca\/fr\/wp-json\/wp\/v2\/product\/5037","targetHints":{"allow":["GET"]}}],"collection":[{"href":"https:\/\/victoriavynn.ca\/fr\/wp-json\/wp\/v2\/product"}],"about":[{"href":"https:\/\/victoriavynn.ca\/fr\/wp-json\/wp\/v2\/types\/product"}],"replies":[{"embeddable":true,"href":"https:\/\/victoriavynn.ca\/fr\/wp-json\/wp\/v2\/comments?post=5037"}],"wp:featuredmedia":[{"embeddable":true,"href":"https:\/\/victoriavynn.ca\/fr\/wp-json\/wp\/v2\/media\/19667"}],"wp:attachment":[{"href":"https:\/\/victoriavynn.ca\/fr\/wp-json\/wp\/v2\/media?parent=5037"}],"wp:term":[{"taxonomy":"product_brand","embeddable":true,"href":"https:\/\/victoriavynn.ca\/fr\/wp-json\/wp\/v2\/product_brand?post=5037"},{"taxonomy":"product_cat","embeddable":true,"href":"https:\/\/victoriavynn.ca\/fr\/wp-json\/wp\/v2\/product_cat?post=5037"},{"taxonomy":"product_tag","embeddable":true,"href":"https:\/\/victoriavynn.ca\/fr\/wp-json\/wp\/v2\/product_tag?post=5037"}],"curies":[{"name":"wp","href":"https:\/\/api.w.org\/{rel}","templated":true}]}}