{"id":5135,"date":"2022-09-04T15:41:43","date_gmt":"2022-09-04T19:41:43","guid":{"rendered":"https:\/\/victoriavynn.ca\/index.php\/product\/victoria-vynn-salon-gel-polish-color-no-269\/"},"modified":"2026-02-27T10:37:49","modified_gmt":"2026-02-27T15:37:49","slug":"victoria-vynn-salon-gel-polish-color-no-269","status":"publish","type":"product","link":"https:\/\/victoriavynn.ca\/fr\/product\/victoria-vynn-salon-gel-polish-color-no-269\/","title":{"rendered":"Salon Gel Polish No. 269 Pink Sapphire"},"content":{"rendered":"<p>Le syst\u00e8me Gel Polish comprend des vernis hybrides classiques et durables durcis dans des lampes UV et LED. Le syst\u00e8me contient des bases et des tops aux propri\u00e9t\u00e9s, \u00e0 la durabilit\u00e9 et \u00e0 la finition diff\u00e9rentes. Nous r\u00e9pondons aux besoins de nos clients en offrant une riche vari\u00e9t\u00e9 de couleurs avec des vernis hybrides de diff\u00e9rentes couvertures et effets, dans plus de 200 couleurs. Le vernis hybride magn\u00e9tique de la collection Cat Eye garantit un design \u00e0 la mode avec un effet \u00e9l\u00e9gant de poussi\u00e8re magn\u00e9tique, dont l'emplacement sur l'ongle peut \u00eatre contr\u00f4l\u00e9 \u00e0 l'aide d'un aimant. Cat Eye Pink Sapphire - rose vif avec une touche d'argent. Victoria VYNN Gel Polish Color est une ligne de vernis hybrides photopolym\u00e9risables, utilis\u00e9e pour deux types de coiffage : Syst\u00e8me hybride en 3 \u00e9tapes et Syst\u00e8me Soak Off en 4 \u00e9tapes. Gel Polish Color impressionne par la qualit\u00e9 du coiffage et les applications possibles - une palette de couleurs, deux types de coiffage.<\/p>\n<p>Sp\u00e9cifications du produit :<\/p>\n<ul>\n<li>\u00c0 utiliser pour les manucures hybrides et Soak Off.<\/li>\n<li>Formule laque-gel.<\/li>\n<li>Deux couches fines assurent une couverture et une profondeur de couleur parfaites.<\/li>\n<li>Il s'\u00e9tale uniform\u00e9ment, sans traces.<\/li>\n<li>Une large gamme de couleurs : \u00e9maux, paillettes, pastels, n\u00e9ons, semi-transparents et couleurs fran\u00e7aises.<\/li>\n<\/ul>","protected":false},"excerpt":{"rendered":"<p>Le vernis hybride magn\u00e9tique de la collection Cat Eye garantit un design \u00e0 la mode avec un effet \u00e9l\u00e9gant de poussi\u00e8re magn\u00e9tique, dont l'emplacement sur l'ongle peut \u00eatre contr\u00f4l\u00e9 \u00e0 l'aide d'un aimant. Cat Eye Pink Sapphire - rose vif avec une touche d'argent.<\/p>\n<p>La couleur de vernis gel Victoria VYNN la plus vendue au Canada est une gamme de vernis hybrides \u00e0 durcissement l\u00e9ger, qui s'utilise dans deux types de coiffage : Syst\u00e8me hybride \u00e0 3 \u00e9tapes et Syst\u00e8me Soak Off \u00e0 4 \u00e9tapes. Gel Polish Color impressionne par la qualit\u00e9 du coiffage et des applications possibles - une palette de couleurs, deux types de coiffage.<\/p>","protected":false},"featured_media":5136,"comment_status":"open","ping_status":"closed","template":"","meta":{"jetpack_post_was_ever_published":false,"jetpack_publicize_message":"","jetpack_publicize_feature_enabled":true,"jetpack_social_post_already_shared":true,"jetpack_social_options":{"image_generator_settings":{"template":"highway","default_image_id":0,"font":"","enabled":false},"version":2}},"product_brand":[],"product_cat":[51],"product_tag":[833],"class_list":{"0":"post-5135","1":"product","2":"type-product","3":"status-publish","4":"has-post-thumbnail","6":"product_cat-professional-nail-colours-gel","7":"product_tag-cat-eye-gel-polish","8":"product_shipping_class-cardboard-box","10":"first","11":"instock","12":"taxable","13":"shipping-taxable","14":"purchasable","15":"product-type-simple"},"jetpack_publicize_connections":[],"jetpack-related-posts":[{"id":5183,"url":"https:\/\/victoriavynn.ca\/fr\/product\/cat-eye-gel-polish-233-tanzanite\/","url_meta":{"origin":5135,"position":0},"title":"Vernis gel de salon n\u00b0 233 Cat Eye Tanzanite","author":"Serge Sahakian","date":"septembre 4, 2022","format":false,"excerpt":"Le vernis hybride magn\u00e9tique de la collection Cat Eye garantit un design \u00e0 la mode avec un effet \u00e9l\u00e9gant de poussi\u00e8re magn\u00e9tique, dont l'emplacement sur l'ongle peut \u00eatre contr\u00f4l\u00e9 \u00e0 l'aide d'un aimant. Cat Eye Tanzanite avec accents de saphir. Le vernis en gel Victoria VYNN le plus vendu au Canada est une ligne...","rel":"","context":"Similar post","block_context":{"text":"Similar post","link":""},"img":{"alt_text":"cat eye gel polish 233","src":"https:\/\/i0.wp.com\/victoriavynn.ca\/wp-content\/uploads\/2022\/09\/salon-gel-polish-233_.png?fit=1000%2C1000&ssl=1&resize=350%2C200","width":350,"height":200,"srcset":"https:\/\/i0.wp.com\/victoriavynn.ca\/wp-content\/uploads\/2022\/09\/salon-gel-polish-233_.png?fit=1000%2C1000&ssl=1&resize=350%2C200 1x, https:\/\/i0.wp.com\/victoriavynn.ca\/wp-content\/uploads\/2022\/09\/salon-gel-polish-233_.png?fit=1000%2C1000&ssl=1&resize=525%2C300 1.5x, https:\/\/i0.wp.com\/victoriavynn.ca\/wp-content\/uploads\/2022\/09\/salon-gel-polish-233_.png?fit=1000%2C1000&ssl=1&resize=700%2C400 2x"},"classes":[]},{"id":5185,"url":"https:\/\/victoriavynn.ca\/fr\/product\/cat-eye-gel-polish-232-mokait\/","url_meta":{"origin":5135,"position":1},"title":"Vernis gel de salon n\u00b0 232 Cat Eye Mokait","author":"Serge Sahakian","date":"septembre 4, 2022","format":false,"excerpt":"Le vernis hybride magn\u00e9tique de la collection Cat Eye garantit un design \u00e0 la mode avec un effet \u00e9l\u00e9gant de poussi\u00e8re magn\u00e9tique, dont l'emplacement sur l'ongle peut \u00eatre contr\u00f4l\u00e9 \u00e0 l'aide d'un aimant. Cat Eye Mokait avec des accents roses et ambr\u00e9s. La couleur Victoria VYNN Gel Polish la plus vendue au Canada est...","rel":"","context":"Similar post","block_context":{"text":"Similar post","link":""},"img":{"alt_text":"cat eye gel polish 232","src":"https:\/\/i0.wp.com\/victoriavynn.ca\/wp-content\/uploads\/2022\/09\/salon-gel-polish-232_.png?fit=1000%2C1000&ssl=1&resize=350%2C200","width":350,"height":200,"srcset":"https:\/\/i0.wp.com\/victoriavynn.ca\/wp-content\/uploads\/2022\/09\/salon-gel-polish-232_.png?fit=1000%2C1000&ssl=1&resize=350%2C200 1x, https:\/\/i0.wp.com\/victoriavynn.ca\/wp-content\/uploads\/2022\/09\/salon-gel-polish-232_.png?fit=1000%2C1000&ssl=1&resize=525%2C300 1.5x, https:\/\/i0.wp.com\/victoriavynn.ca\/wp-content\/uploads\/2022\/09\/salon-gel-polish-232_.png?fit=1000%2C1000&ssl=1&resize=700%2C400 2x"},"classes":[]},{"id":5137,"url":"https:\/\/victoriavynn.ca\/fr\/product\/victoria-vynn-salon-gel-polish-color-no-268\/","url_meta":{"origin":5135,"position":2},"title":"Salon Gel Polish No. 268 Rose Quartz","author":"Serge Sahakian","date":"septembre 4, 2022","format":false,"excerpt":"Le vernis hybride magn\u00e9tique de la collection Cat Eye garantit un design \u00e0 la mode avec un effet \u00e9l\u00e9gant de poussi\u00e8re magn\u00e9tique, dont l'emplacement sur l'ongle peut \u00eatre contr\u00f4l\u00e9 \u00e0 l'aide d'un aimant. Cat Eye Rose Quartz - rose sale avec une touche d'argent. Meilleures ventes au Canada Victoria VYNN Gel...","rel":"","context":"Similar post","block_context":{"text":"Similar post","link":""},"img":{"alt_text":"","src":"https:\/\/i0.wp.com\/victoriavynn.ca\/wp-content\/uploads\/2022\/09\/VYNN_GP_268_S-1.jpg?fit=753%2C753&ssl=1&resize=350%2C200","width":350,"height":200,"srcset":"https:\/\/i0.wp.com\/victoriavynn.ca\/wp-content\/uploads\/2022\/09\/VYNN_GP_268_S-1.jpg?fit=753%2C753&ssl=1&resize=350%2C200 1x, https:\/\/i0.wp.com\/victoriavynn.ca\/wp-content\/uploads\/2022\/09\/VYNN_GP_268_S-1.jpg?fit=753%2C753&ssl=1&resize=525%2C300 1.5x, https:\/\/i0.wp.com\/victoriavynn.ca\/wp-content\/uploads\/2022\/09\/VYNN_GP_268_S-1.jpg?fit=753%2C753&ssl=1&resize=700%2C400 2x"},"classes":[]},{"id":5187,"url":"https:\/\/victoriavynn.ca\/fr\/product\/cat-eye-gel-polish-231-rubin\/","url_meta":{"origin":5135,"position":3},"title":"Vernis gel de salon n\u00b0 231 Cat Eye Rubin","author":"Serge Sahakian","date":"septembre 4, 2022","format":false,"excerpt":"Le vernis hybride magn\u00e9tique de la collection Cat Eye Gel Polish garantit un design \u00e0 la mode avec un effet \u00e9l\u00e9gant de poussi\u00e8re magn\u00e9tique, dont l'emplacement sur l'ongle peut \u00eatre contr\u00f4l\u00e9 \u00e0 l'aide d'un aimant. Cat Eye Rubin avec des accents rouges violets. La couleur de vernis gel Victoria VYNN la plus vendue au Canada est...","rel":"","context":"Similar post","block_context":{"text":"Similar post","link":""},"img":{"alt_text":"cat eye gel polish 231","src":"https:\/\/i0.wp.com\/victoriavynn.ca\/wp-content\/uploads\/2022\/09\/salon-gel-polish-231.png?fit=1000%2C1000&ssl=1&resize=350%2C200","width":350,"height":200,"srcset":"https:\/\/i0.wp.com\/victoriavynn.ca\/wp-content\/uploads\/2022\/09\/salon-gel-polish-231.png?fit=1000%2C1000&ssl=1&resize=350%2C200 1x, https:\/\/i0.wp.com\/victoriavynn.ca\/wp-content\/uploads\/2022\/09\/salon-gel-polish-231.png?fit=1000%2C1000&ssl=1&resize=525%2C300 1.5x, https:\/\/i0.wp.com\/victoriavynn.ca\/wp-content\/uploads\/2022\/09\/salon-gel-polish-231.png?fit=1000%2C1000&ssl=1&resize=700%2C400 2x"},"classes":[]},{"id":5171,"url":"https:\/\/victoriavynn.ca\/fr\/product\/cat-eye-gel-polish-247-jadeit\/","url_meta":{"origin":5135,"position":4},"title":"Vernis gel de salon n\u00b0 247 Cat Eye Jadeit","author":"Serge Sahakian","date":"septembre 4, 2022","format":false,"excerpt":"Le vernis hybride magn\u00e9tique de la collection Cat Eye garantit un design \u00e0 la mode avec un effet \u00e9l\u00e9gant de poussi\u00e8re magn\u00e9tique, dont l'emplacement sur l'ongle peut \u00eatre contr\u00f4l\u00e9 \u00e0 l'aide d'un aimant. Cat Eye Jadeit avec des accents vert bouteille. Le vernis gel Victoria VYNN le plus vendu au Canada est un vernis photopolym\u00e9risable...","rel":"","context":"Similar post","block_context":{"text":"Similar post","link":""},"img":{"alt_text":"cat eye gel polish 247 _","src":"https:\/\/i0.wp.com\/victoriavynn.ca\/wp-content\/uploads\/2022\/09\/salon-gel-polish-247-_.png?fit=1000%2C1000&ssl=1&resize=350%2C200","width":350,"height":200,"srcset":"https:\/\/i0.wp.com\/victoriavynn.ca\/wp-content\/uploads\/2022\/09\/salon-gel-polish-247-_.png?fit=1000%2C1000&ssl=1&resize=350%2C200 1x, https:\/\/i0.wp.com\/victoriavynn.ca\/wp-content\/uploads\/2022\/09\/salon-gel-polish-247-_.png?fit=1000%2C1000&ssl=1&resize=525%2C300 1.5x, https:\/\/i0.wp.com\/victoriavynn.ca\/wp-content\/uploads\/2022\/09\/salon-gel-polish-247-_.png?fit=1000%2C1000&ssl=1&resize=700%2C400 2x"},"classes":[]},{"id":5173,"url":"https:\/\/victoriavynn.ca\/fr\/product\/cat-eye-gel-polish-246-red-jasper\/","url_meta":{"origin":5135,"position":5},"title":"Vernis gel de salon n\u00b0 246 Cat Eye Red Jasper","author":"Serge Sahakian","date":"septembre 4, 2022","format":false,"excerpt":"Le vernis hybride magn\u00e9tique de la collection Cat Eye garantit un design \u00e0 la mode avec un effet \u00e9l\u00e9gant de poussi\u00e8re magn\u00e9tique, dont l'emplacement sur l'ongle peut \u00eatre contr\u00f4l\u00e9 \u00e0 l'aide d'un aimant. Cat Eye Rouge Jaspe avec des accents carmin. Le vernis gel Victoria VYNN le plus vendu au Canada est un vernis photopolym\u00e9risable...","rel":"","context":"Similar post","block_context":{"text":"Similar post","link":""},"img":{"alt_text":"cat eye gel polish 246 _","src":"https:\/\/i0.wp.com\/victoriavynn.ca\/wp-content\/uploads\/2022\/09\/salon-gel-polish-246-_.png?fit=1000%2C1000&ssl=1&resize=350%2C200","width":350,"height":200,"srcset":"https:\/\/i0.wp.com\/victoriavynn.ca\/wp-content\/uploads\/2022\/09\/salon-gel-polish-246-_.png?fit=1000%2C1000&ssl=1&resize=350%2C200 1x, https:\/\/i0.wp.com\/victoriavynn.ca\/wp-content\/uploads\/2022\/09\/salon-gel-polish-246-_.png?fit=1000%2C1000&ssl=1&resize=525%2C300 1.5x, https:\/\/i0.wp.com\/victoriavynn.ca\/wp-content\/uploads\/2022\/09\/salon-gel-polish-246-_.png?fit=1000%2C1000&ssl=1&resize=700%2C400 2x"},"classes":[]}],"jetpack_sharing_enabled":true,"_links":{"self":[{"href":"https:\/\/victoriavynn.ca\/fr\/wp-json\/wp\/v2\/product\/5135","targetHints":{"allow":["GET"]}}],"collection":[{"href":"https:\/\/victoriavynn.ca\/fr\/wp-json\/wp\/v2\/product"}],"about":[{"href":"https:\/\/victoriavynn.ca\/fr\/wp-json\/wp\/v2\/types\/product"}],"replies":[{"embeddable":true,"href":"https:\/\/victoriavynn.ca\/fr\/wp-json\/wp\/v2\/comments?post=5135"}],"wp:featuredmedia":[{"embeddable":true,"href":"https:\/\/victoriavynn.ca\/fr\/wp-json\/wp\/v2\/media\/5136"}],"wp:attachment":[{"href":"https:\/\/victoriavynn.ca\/fr\/wp-json\/wp\/v2\/media?parent=5135"}],"wp:term":[{"taxonomy":"product_brand","embeddable":true,"href":"https:\/\/victoriavynn.ca\/fr\/wp-json\/wp\/v2\/product_brand?post=5135"},{"taxonomy":"product_cat","embeddable":true,"href":"https:\/\/victoriavynn.ca\/fr\/wp-json\/wp\/v2\/product_cat?post=5135"},{"taxonomy":"product_tag","embeddable":true,"href":"https:\/\/victoriavynn.ca\/fr\/wp-json\/wp\/v2\/product_tag?post=5135"}],"curies":[{"name":"wp","href":"https:\/\/api.w.org\/{rel}","templated":true}]}}