{"id":51430,"date":"2026-03-04T09:53:52","date_gmt":"2026-03-04T14:53:52","guid":{"rendered":"https:\/\/victoriavynn.ca\/product\/staleks-straight-brush-for-gel-expert-width-5-mm-length-8-5-mm\/"},"modified":"2026-03-04T18:40:47","modified_gmt":"2026-03-04T23:40:47","slug":"staleks-brosse-droite-pour-gel-expert-largeur-5-mm-longueur-8-5-mm","status":"publish","type":"product","link":"https:\/\/victoriavynn.ca\/fr\/product\/staleks-straight-brush-for-gel-expert-width-5-mm-length-8-5-mm\/","title":{"rendered":"Staleks Brosse droite pour gel EXPERT largeur 5 mm \/ longueur 8.5 mm"},"content":{"rendered":"","protected":false},"excerpt":{"rendered":"<p>NBE-05<\/p>","protected":false},"featured_media":51431,"comment_status":"open","ping_status":"closed","template":"","meta":{"jetpack_post_was_ever_published":false,"jetpack_publicize_message":"","jetpack_publicize_feature_enabled":true,"jetpack_social_post_already_shared":true,"jetpack_social_options":{"image_generator_settings":{"template":"highway","default_image_id":0,"font":"","enabled":false},"version":2}},"product_brand":[935],"product_cat":[942],"product_tag":[],"class_list":{"0":"post-51430","1":"product","2":"type-product","3":"status-publish","4":"has-post-thumbnail","6":"product_brand-staleks","7":"product_cat-staleks-nail-brushes","9":"first","10":"outofstock","11":"taxable","12":"shipping-taxable","13":"purchasable","14":"product-type-simple"},"jetpack_publicize_connections":[],"jetpack-related-posts":[{"id":51434,"url":"https:\/\/victoriavynn.ca\/fr\/product\/staleks-angled-brush-for-gel-expert-width-6-mm-length-9-mm\/","url_meta":{"origin":51430,"position":0},"title":"Staleks Pinceau angulaire pour gel EXPERT largeur 6 mm \/ longueur 9 mm","author":"Serge Sahakian","date":"mars 4, 2026","format":false,"excerpt":"NBE-09","rel":"","context":"Similar post","block_context":{"text":"Similar post","link":""},"img":{"alt_text":"","src":"https:\/\/i0.wp.com\/victoriavynn.ca\/wp-content\/uploads\/2026\/03\/f972ef9869991c5287ea8918d443c2b3.jpg?fit=1200%2C1200&ssl=1&resize=350%2C200","width":350,"height":200,"srcset":"https:\/\/i0.wp.com\/victoriavynn.ca\/wp-content\/uploads\/2026\/03\/f972ef9869991c5287ea8918d443c2b3.jpg?fit=1200%2C1200&ssl=1&resize=350%2C200 1x, https:\/\/i0.wp.com\/victoriavynn.ca\/wp-content\/uploads\/2026\/03\/f972ef9869991c5287ea8918d443c2b3.jpg?fit=1200%2C1200&ssl=1&resize=525%2C300 1.5x, https:\/\/i0.wp.com\/victoriavynn.ca\/wp-content\/uploads\/2026\/03\/f972ef9869991c5287ea8918d443c2b3.jpg?fit=1200%2C1200&ssl=1&resize=700%2C400 2x, https:\/\/i0.wp.com\/victoriavynn.ca\/wp-content\/uploads\/2026\/03\/f972ef9869991c5287ea8918d443c2b3.jpg?fit=1200%2C1200&ssl=1&resize=1050%2C600 3x"},"classes":[]},{"id":51432,"url":"https:\/\/victoriavynn.ca\/fr\/product\/staleks-straight-brush-for-gel-expert-width-6-mm-length-10-mm\/","url_meta":{"origin":51430,"position":1},"title":"Staleks Brosse droite pour gel EXPERT largeur 6 mm \/ longueur 10 mm","author":"Serge Sahakian","date":"mars 4, 2026","format":false,"excerpt":"","rel":"","context":"Similar post","block_context":{"text":"Similar post","link":""},"img":{"alt_text":"","src":"https:\/\/i0.wp.com\/victoriavynn.ca\/wp-content\/uploads\/2026\/03\/f2abd122ba7eef13aa6c65a9bc6d9445.jpg?fit=1200%2C1200&ssl=1&resize=350%2C200","width":350,"height":200,"srcset":"https:\/\/i0.wp.com\/victoriavynn.ca\/wp-content\/uploads\/2026\/03\/f2abd122ba7eef13aa6c65a9bc6d9445.jpg?fit=1200%2C1200&ssl=1&resize=350%2C200 1x, https:\/\/i0.wp.com\/victoriavynn.ca\/wp-content\/uploads\/2026\/03\/f2abd122ba7eef13aa6c65a9bc6d9445.jpg?fit=1200%2C1200&ssl=1&resize=525%2C300 1.5x, https:\/\/i0.wp.com\/victoriavynn.ca\/wp-content\/uploads\/2026\/03\/f2abd122ba7eef13aa6c65a9bc6d9445.jpg?fit=1200%2C1200&ssl=1&resize=700%2C400 2x, https:\/\/i0.wp.com\/victoriavynn.ca\/wp-content\/uploads\/2026\/03\/f2abd122ba7eef13aa6c65a9bc6d9445.jpg?fit=1200%2C1200&ssl=1&resize=1050%2C600 3x"},"classes":[]},{"id":51436,"url":"https:\/\/victoriavynn.ca\/fr\/product\/4823126602868\/","url_meta":{"origin":51430,"position":2},"title":"Staleks Pinceau angulaire pour gel EXPERT largeur 4 mm \/ longueur 7 mm","author":"Serge Sahakian","date":"mars 4, 2026","format":false,"excerpt":"NBE-10","rel":"","context":"Similar post","block_context":{"text":"Similar post","link":""},"img":{"alt_text":"","src":"https:\/\/i0.wp.com\/victoriavynn.ca\/wp-content\/uploads\/2026\/03\/3ea1a21b74c6087a2a9dba15567f8a23.jpg?fit=1200%2C1200&ssl=1&resize=350%2C200","width":350,"height":200,"srcset":"https:\/\/i0.wp.com\/victoriavynn.ca\/wp-content\/uploads\/2026\/03\/3ea1a21b74c6087a2a9dba15567f8a23.jpg?fit=1200%2C1200&ssl=1&resize=350%2C200 1x, https:\/\/i0.wp.com\/victoriavynn.ca\/wp-content\/uploads\/2026\/03\/3ea1a21b74c6087a2a9dba15567f8a23.jpg?fit=1200%2C1200&ssl=1&resize=525%2C300 1.5x, https:\/\/i0.wp.com\/victoriavynn.ca\/wp-content\/uploads\/2026\/03\/3ea1a21b74c6087a2a9dba15567f8a23.jpg?fit=1200%2C1200&ssl=1&resize=700%2C400 2x, https:\/\/i0.wp.com\/victoriavynn.ca\/wp-content\/uploads\/2026\/03\/3ea1a21b74c6087a2a9dba15567f8a23.jpg?fit=1200%2C1200&ssl=1&resize=1050%2C600 3x"},"classes":[]},{"id":51428,"url":"https:\/\/victoriavynn.ca\/fr\/product\/staleks-brush-liner-expert-width-0-9-mm-length-10-mm\/","url_meta":{"origin":51430,"position":3},"title":"Staleks Brush-liner EXPERT largeur 0,9 mm \/ longueur 10 mm","author":"Serge Sahakian","date":"mars 4, 2026","format":false,"excerpt":"NBE-03","rel":"","context":"Similar post","block_context":{"text":"Similar post","link":""},"img":{"alt_text":"","src":"https:\/\/i0.wp.com\/victoriavynn.ca\/wp-content\/uploads\/2026\/03\/03a776c8b103d5c278551401495c7922.jpg?fit=1200%2C1200&ssl=1&resize=350%2C200","width":350,"height":200,"srcset":"https:\/\/i0.wp.com\/victoriavynn.ca\/wp-content\/uploads\/2026\/03\/03a776c8b103d5c278551401495c7922.jpg?fit=1200%2C1200&ssl=1&resize=350%2C200 1x, https:\/\/i0.wp.com\/victoriavynn.ca\/wp-content\/uploads\/2026\/03\/03a776c8b103d5c278551401495c7922.jpg?fit=1200%2C1200&ssl=1&resize=525%2C300 1.5x, https:\/\/i0.wp.com\/victoriavynn.ca\/wp-content\/uploads\/2026\/03\/03a776c8b103d5c278551401495c7922.jpg?fit=1200%2C1200&ssl=1&resize=700%2C400 2x, https:\/\/i0.wp.com\/victoriavynn.ca\/wp-content\/uploads\/2026\/03\/03a776c8b103d5c278551401495c7922.jpg?fit=1200%2C1200&ssl=1&resize=1050%2C600 3x"},"classes":[]},{"id":51447,"url":"https:\/\/victoriavynn.ca\/fr\/product\/staleks-double-ended-brush-expert-for-gel-7-mm-for-gel-9-mm\/","url_meta":{"origin":51430,"position":4},"title":"Staleks Pinceau \u00e0 double extr\u00e9mit\u00e9 EXPERT pour gel 7 mm \/ pour gel 9 mm","author":"Serge Sahakian","date":"mars 4, 2026","format":false,"excerpt":"NBE-04\/09","rel":"","context":"Similar post","block_context":{"text":"Similar post","link":""},"img":{"alt_text":"","src":"https:\/\/i0.wp.com\/victoriavynn.ca\/wp-content\/uploads\/2026\/03\/6b1842d539f6fba0906fb220d852c4de.jpg?fit=1200%2C1200&ssl=1&resize=350%2C200","width":350,"height":200,"srcset":"https:\/\/i0.wp.com\/victoriavynn.ca\/wp-content\/uploads\/2026\/03\/6b1842d539f6fba0906fb220d852c4de.jpg?fit=1200%2C1200&ssl=1&resize=350%2C200 1x, https:\/\/i0.wp.com\/victoriavynn.ca\/wp-content\/uploads\/2026\/03\/6b1842d539f6fba0906fb220d852c4de.jpg?fit=1200%2C1200&ssl=1&resize=525%2C300 1.5x, https:\/\/i0.wp.com\/victoriavynn.ca\/wp-content\/uploads\/2026\/03\/6b1842d539f6fba0906fb220d852c4de.jpg?fit=1200%2C1200&ssl=1&resize=700%2C400 2x, https:\/\/i0.wp.com\/victoriavynn.ca\/wp-content\/uploads\/2026\/03\/6b1842d539f6fba0906fb220d852c4de.jpg?fit=1200%2C1200&ssl=1&resize=1050%2C600 3x"},"classes":[]},{"id":51445,"url":"https:\/\/victoriavynn.ca\/fr\/product\/staleks-double-ended-brush-expert-for-gel-7-mm-for-gel-10-mm\/","url_meta":{"origin":51430,"position":5},"title":"Staleks Pinceau \u00e0 double extr\u00e9mit\u00e9 EXPERT pour gel 7 mm \/ pour gel 10 mm","author":"Serge Sahakian","date":"mars 4, 2026","format":false,"excerpt":"NBE-04\/08","rel":"","context":"Similar post","block_context":{"text":"Similar post","link":""},"img":{"alt_text":"","src":"https:\/\/i0.wp.com\/victoriavynn.ca\/wp-content\/uploads\/2026\/03\/72afdacc72a13387e532750ef598ab4e.jpg?fit=1200%2C1200&ssl=1&resize=350%2C200","width":350,"height":200,"srcset":"https:\/\/i0.wp.com\/victoriavynn.ca\/wp-content\/uploads\/2026\/03\/72afdacc72a13387e532750ef598ab4e.jpg?fit=1200%2C1200&ssl=1&resize=350%2C200 1x, https:\/\/i0.wp.com\/victoriavynn.ca\/wp-content\/uploads\/2026\/03\/72afdacc72a13387e532750ef598ab4e.jpg?fit=1200%2C1200&ssl=1&resize=525%2C300 1.5x, https:\/\/i0.wp.com\/victoriavynn.ca\/wp-content\/uploads\/2026\/03\/72afdacc72a13387e532750ef598ab4e.jpg?fit=1200%2C1200&ssl=1&resize=700%2C400 2x, https:\/\/i0.wp.com\/victoriavynn.ca\/wp-content\/uploads\/2026\/03\/72afdacc72a13387e532750ef598ab4e.jpg?fit=1200%2C1200&ssl=1&resize=1050%2C600 3x"},"classes":[]}],"jetpack_sharing_enabled":true,"_links":{"self":[{"href":"https:\/\/victoriavynn.ca\/fr\/wp-json\/wp\/v2\/product\/51430","targetHints":{"allow":["GET"]}}],"collection":[{"href":"https:\/\/victoriavynn.ca\/fr\/wp-json\/wp\/v2\/product"}],"about":[{"href":"https:\/\/victoriavynn.ca\/fr\/wp-json\/wp\/v2\/types\/product"}],"replies":[{"embeddable":true,"href":"https:\/\/victoriavynn.ca\/fr\/wp-json\/wp\/v2\/comments?post=51430"}],"wp:featuredmedia":[{"embeddable":true,"href":"https:\/\/victoriavynn.ca\/fr\/wp-json\/wp\/v2\/media\/51431"}],"wp:attachment":[{"href":"https:\/\/victoriavynn.ca\/fr\/wp-json\/wp\/v2\/media?parent=51430"}],"wp:term":[{"taxonomy":"product_brand","embeddable":true,"href":"https:\/\/victoriavynn.ca\/fr\/wp-json\/wp\/v2\/product_brand?post=51430"},{"taxonomy":"product_cat","embeddable":true,"href":"https:\/\/victoriavynn.ca\/fr\/wp-json\/wp\/v2\/product_cat?post=51430"},{"taxonomy":"product_tag","embeddable":true,"href":"https:\/\/victoriavynn.ca\/fr\/wp-json\/wp\/v2\/product_tag?post=51430"}],"curies":[{"name":"wp","href":"https:\/\/api.w.org\/{rel}","templated":true}]}}