{"id":51442,"date":"2026-03-04T10:37:57","date_gmt":"2026-03-04T15:37:57","guid":{"rendered":"https:\/\/victoriavynn.ca\/product\/staleks-double-ended-brush-expert-liner-7-mm-for-gradient-11-mm\/"},"modified":"2026-03-04T18:40:47","modified_gmt":"2026-03-04T23:40:47","slug":"staleks-double-ended-brush-expert-liner-7-mm-for-gradient-11-mm","status":"publish","type":"product","link":"https:\/\/victoriavynn.ca\/fr\/product\/staleks-double-ended-brush-expert-liner-7-mm-for-gradient-11-mm\/","title":{"rendered":"Staleks Pinceau \u00e0 double extr\u00e9mit\u00e9 EXPERT liner 7 mm \/ pour d\u00e9grad\u00e9 11 mm"},"content":{"rendered":"","protected":false},"excerpt":{"rendered":"<p>NBE-01\/07<\/p>","protected":false},"featured_media":51544,"comment_status":"open","ping_status":"closed","template":"","meta":{"jetpack_post_was_ever_published":false,"jetpack_publicize_message":"","jetpack_publicize_feature_enabled":true,"jetpack_social_post_already_shared":true,"jetpack_social_options":{"image_generator_settings":{"template":"highway","default_image_id":0,"font":"","enabled":false},"version":2}},"product_brand":[935],"product_cat":[942],"product_tag":[],"class_list":{"0":"post-51442","1":"product","2":"type-product","3":"status-publish","4":"has-post-thumbnail","6":"product_brand-staleks","7":"product_cat-staleks-nail-brushes","9":"first","10":"outofstock","11":"taxable","12":"shipping-taxable","13":"purchasable","14":"product-type-simple"},"jetpack_publicize_connections":[],"jetpack-related-posts":[{"id":51443,"url":"https:\/\/victoriavynn.ca\/fr\/product\/staleks-double-ended-brush-expert-liner-10-mm-for-gel-11mm\/","url_meta":{"origin":51442,"position":0},"title":"Staleks Pinceau \u00e0 double extr\u00e9mit\u00e9 EXPERT liner 10 mm \/ pour gel 11mm","author":"Serge Sahakian","date":"mars 4, 2026","format":false,"excerpt":"NBE-03\/06","rel":"","context":"Similar post","block_context":{"text":"Similar post","link":""},"img":{"alt_text":"","src":"https:\/\/i0.wp.com\/victoriavynn.ca\/wp-content\/uploads\/2026\/03\/113917329ba7aa785fa5bbc3023f01e5.jpg?fit=1200%2C1200&ssl=1&resize=350%2C200","width":350,"height":200,"srcset":"https:\/\/i0.wp.com\/victoriavynn.ca\/wp-content\/uploads\/2026\/03\/113917329ba7aa785fa5bbc3023f01e5.jpg?fit=1200%2C1200&ssl=1&resize=350%2C200 1x, https:\/\/i0.wp.com\/victoriavynn.ca\/wp-content\/uploads\/2026\/03\/113917329ba7aa785fa5bbc3023f01e5.jpg?fit=1200%2C1200&ssl=1&resize=525%2C300 1.5x, https:\/\/i0.wp.com\/victoriavynn.ca\/wp-content\/uploads\/2026\/03\/113917329ba7aa785fa5bbc3023f01e5.jpg?fit=1200%2C1200&ssl=1&resize=700%2C400 2x, https:\/\/i0.wp.com\/victoriavynn.ca\/wp-content\/uploads\/2026\/03\/113917329ba7aa785fa5bbc3023f01e5.jpg?fit=1200%2C1200&ssl=1&resize=1050%2C600 3x"},"classes":[]},{"id":51449,"url":"https:\/\/victoriavynn.ca\/fr\/product\/staleks-double-ended-brush-expert-for-gel-11-mm-for-gel-7-mm\/","url_meta":{"origin":51442,"position":1},"title":"Staleks Pinceau \u00e0 double extr\u00e9mit\u00e9 EXPERT pour gel 11 mm \/ pour gel 7 mm","author":"Serge Sahakian","date":"mars 4, 2026","format":false,"excerpt":"NBE-06\/10","rel":"","context":"Similar post","block_context":{"text":"Similar post","link":""},"img":{"alt_text":"","src":"https:\/\/i0.wp.com\/victoriavynn.ca\/wp-content\/uploads\/2026\/03\/f8ac5b388616b70a568064daddfb4f33.jpg?fit=1200%2C1200&ssl=1&resize=350%2C200","width":350,"height":200,"srcset":"https:\/\/i0.wp.com\/victoriavynn.ca\/wp-content\/uploads\/2026\/03\/f8ac5b388616b70a568064daddfb4f33.jpg?fit=1200%2C1200&ssl=1&resize=350%2C200 1x, https:\/\/i0.wp.com\/victoriavynn.ca\/wp-content\/uploads\/2026\/03\/f8ac5b388616b70a568064daddfb4f33.jpg?fit=1200%2C1200&ssl=1&resize=525%2C300 1.5x, https:\/\/i0.wp.com\/victoriavynn.ca\/wp-content\/uploads\/2026\/03\/f8ac5b388616b70a568064daddfb4f33.jpg?fit=1200%2C1200&ssl=1&resize=700%2C400 2x, https:\/\/i0.wp.com\/victoriavynn.ca\/wp-content\/uploads\/2026\/03\/f8ac5b388616b70a568064daddfb4f33.jpg?fit=1200%2C1200&ssl=1&resize=1050%2C600 3x"},"classes":[]},{"id":51447,"url":"https:\/\/victoriavynn.ca\/fr\/product\/staleks-double-ended-brush-expert-for-gel-7-mm-for-gel-9-mm\/","url_meta":{"origin":51442,"position":2},"title":"Staleks Pinceau \u00e0 double extr\u00e9mit\u00e9 EXPERT pour gel 7 mm \/ pour gel 9 mm","author":"Serge Sahakian","date":"mars 4, 2026","format":false,"excerpt":"NBE-04\/09","rel":"","context":"Similar post","block_context":{"text":"Similar post","link":""},"img":{"alt_text":"","src":"https:\/\/i0.wp.com\/victoriavynn.ca\/wp-content\/uploads\/2026\/03\/6b1842d539f6fba0906fb220d852c4de.jpg?fit=1200%2C1200&ssl=1&resize=350%2C200","width":350,"height":200,"srcset":"https:\/\/i0.wp.com\/victoriavynn.ca\/wp-content\/uploads\/2026\/03\/6b1842d539f6fba0906fb220d852c4de.jpg?fit=1200%2C1200&ssl=1&resize=350%2C200 1x, https:\/\/i0.wp.com\/victoriavynn.ca\/wp-content\/uploads\/2026\/03\/6b1842d539f6fba0906fb220d852c4de.jpg?fit=1200%2C1200&ssl=1&resize=525%2C300 1.5x, https:\/\/i0.wp.com\/victoriavynn.ca\/wp-content\/uploads\/2026\/03\/6b1842d539f6fba0906fb220d852c4de.jpg?fit=1200%2C1200&ssl=1&resize=700%2C400 2x, https:\/\/i0.wp.com\/victoriavynn.ca\/wp-content\/uploads\/2026\/03\/6b1842d539f6fba0906fb220d852c4de.jpg?fit=1200%2C1200&ssl=1&resize=1050%2C600 3x"},"classes":[]},{"id":51445,"url":"https:\/\/victoriavynn.ca\/fr\/product\/staleks-double-ended-brush-expert-for-gel-7-mm-for-gel-10-mm\/","url_meta":{"origin":51442,"position":3},"title":"Staleks Pinceau \u00e0 double extr\u00e9mit\u00e9 EXPERT pour gel 7 mm \/ pour gel 10 mm","author":"Serge Sahakian","date":"mars 4, 2026","format":false,"excerpt":"NBE-04\/08","rel":"","context":"Similar post","block_context":{"text":"Similar post","link":""},"img":{"alt_text":"","src":"https:\/\/i0.wp.com\/victoriavynn.ca\/wp-content\/uploads\/2026\/03\/72afdacc72a13387e532750ef598ab4e.jpg?fit=1200%2C1200&ssl=1&resize=350%2C200","width":350,"height":200,"srcset":"https:\/\/i0.wp.com\/victoriavynn.ca\/wp-content\/uploads\/2026\/03\/72afdacc72a13387e532750ef598ab4e.jpg?fit=1200%2C1200&ssl=1&resize=350%2C200 1x, https:\/\/i0.wp.com\/victoriavynn.ca\/wp-content\/uploads\/2026\/03\/72afdacc72a13387e532750ef598ab4e.jpg?fit=1200%2C1200&ssl=1&resize=525%2C300 1.5x, https:\/\/i0.wp.com\/victoriavynn.ca\/wp-content\/uploads\/2026\/03\/72afdacc72a13387e532750ef598ab4e.jpg?fit=1200%2C1200&ssl=1&resize=700%2C400 2x, https:\/\/i0.wp.com\/victoriavynn.ca\/wp-content\/uploads\/2026\/03\/72afdacc72a13387e532750ef598ab4e.jpg?fit=1200%2C1200&ssl=1&resize=1050%2C600 3x"},"classes":[]},{"id":51428,"url":"https:\/\/victoriavynn.ca\/fr\/product\/staleks-brush-liner-expert-width-0-9-mm-length-10-mm\/","url_meta":{"origin":51442,"position":4},"title":"Staleks Brush-liner EXPERT largeur 0,9 mm \/ longueur 10 mm","author":"Serge Sahakian","date":"mars 4, 2026","format":false,"excerpt":"NBE-03","rel":"","context":"Similar post","block_context":{"text":"Similar post","link":""},"img":{"alt_text":"","src":"https:\/\/i0.wp.com\/victoriavynn.ca\/wp-content\/uploads\/2026\/03\/03a776c8b103d5c278551401495c7922.jpg?fit=1200%2C1200&ssl=1&resize=350%2C200","width":350,"height":200,"srcset":"https:\/\/i0.wp.com\/victoriavynn.ca\/wp-content\/uploads\/2026\/03\/03a776c8b103d5c278551401495c7922.jpg?fit=1200%2C1200&ssl=1&resize=350%2C200 1x, https:\/\/i0.wp.com\/victoriavynn.ca\/wp-content\/uploads\/2026\/03\/03a776c8b103d5c278551401495c7922.jpg?fit=1200%2C1200&ssl=1&resize=525%2C300 1.5x, https:\/\/i0.wp.com\/victoriavynn.ca\/wp-content\/uploads\/2026\/03\/03a776c8b103d5c278551401495c7922.jpg?fit=1200%2C1200&ssl=1&resize=700%2C400 2x, https:\/\/i0.wp.com\/victoriavynn.ca\/wp-content\/uploads\/2026\/03\/03a776c8b103d5c278551401495c7922.jpg?fit=1200%2C1200&ssl=1&resize=1050%2C600 3x"},"classes":[]},{"id":51436,"url":"https:\/\/victoriavynn.ca\/fr\/product\/4823126602868\/","url_meta":{"origin":51442,"position":5},"title":"Staleks Pinceau angulaire pour gel EXPERT largeur 4 mm \/ longueur 7 mm","author":"Serge Sahakian","date":"mars 4, 2026","format":false,"excerpt":"NBE-10","rel":"","context":"Similar post","block_context":{"text":"Similar post","link":""},"img":{"alt_text":"","src":"https:\/\/i0.wp.com\/victoriavynn.ca\/wp-content\/uploads\/2026\/03\/3ea1a21b74c6087a2a9dba15567f8a23.jpg?fit=1200%2C1200&ssl=1&resize=350%2C200","width":350,"height":200,"srcset":"https:\/\/i0.wp.com\/victoriavynn.ca\/wp-content\/uploads\/2026\/03\/3ea1a21b74c6087a2a9dba15567f8a23.jpg?fit=1200%2C1200&ssl=1&resize=350%2C200 1x, https:\/\/i0.wp.com\/victoriavynn.ca\/wp-content\/uploads\/2026\/03\/3ea1a21b74c6087a2a9dba15567f8a23.jpg?fit=1200%2C1200&ssl=1&resize=525%2C300 1.5x, https:\/\/i0.wp.com\/victoriavynn.ca\/wp-content\/uploads\/2026\/03\/3ea1a21b74c6087a2a9dba15567f8a23.jpg?fit=1200%2C1200&ssl=1&resize=700%2C400 2x, https:\/\/i0.wp.com\/victoriavynn.ca\/wp-content\/uploads\/2026\/03\/3ea1a21b74c6087a2a9dba15567f8a23.jpg?fit=1200%2C1200&ssl=1&resize=1050%2C600 3x"},"classes":[]}],"jetpack_sharing_enabled":true,"_links":{"self":[{"href":"https:\/\/victoriavynn.ca\/fr\/wp-json\/wp\/v2\/product\/51442","targetHints":{"allow":["GET"]}}],"collection":[{"href":"https:\/\/victoriavynn.ca\/fr\/wp-json\/wp\/v2\/product"}],"about":[{"href":"https:\/\/victoriavynn.ca\/fr\/wp-json\/wp\/v2\/types\/product"}],"replies":[{"embeddable":true,"href":"https:\/\/victoriavynn.ca\/fr\/wp-json\/wp\/v2\/comments?post=51442"}],"wp:featuredmedia":[{"embeddable":true,"href":"https:\/\/victoriavynn.ca\/fr\/wp-json\/wp\/v2\/media\/51544"}],"wp:attachment":[{"href":"https:\/\/victoriavynn.ca\/fr\/wp-json\/wp\/v2\/media?parent=51442"}],"wp:term":[{"taxonomy":"product_brand","embeddable":true,"href":"https:\/\/victoriavynn.ca\/fr\/wp-json\/wp\/v2\/product_brand?post=51442"},{"taxonomy":"product_cat","embeddable":true,"href":"https:\/\/victoriavynn.ca\/fr\/wp-json\/wp\/v2\/product_cat?post=51442"},{"taxonomy":"product_tag","embeddable":true,"href":"https:\/\/victoriavynn.ca\/fr\/wp-json\/wp\/v2\/product_tag?post=51442"}],"curies":[{"name":"wp","href":"https:\/\/api.w.org\/{rel}","templated":true}]}}