{"id":51489,"date":"2026-03-04T12:02:53","date_gmt":"2026-03-04T17:02:53","guid":{"rendered":"https:\/\/victoriavynn.ca\/product\/staleks-professional-cuticle-nippers-smart-14-5-mm\/"},"modified":"2026-03-04T18:40:39","modified_gmt":"2026-03-04T23:40:39","slug":"staleks-professional-cuticle-nippers-smart-14-5-mm","status":"publish","type":"product","link":"https:\/\/victoriavynn.ca\/fr\/product\/staleks-professional-cuticle-nippers-smart-14-5-mm\/","title":{"rendered":"Staleks Pince \u00e0 cuticules professionnelle SMART 14 5 mm"},"content":{"rendered":"","protected":false},"excerpt":{"rendered":"<p>NS-14-5<\/p>","protected":false},"featured_media":51490,"comment_status":"open","ping_status":"closed","template":"","meta":{"jetpack_post_was_ever_published":false,"jetpack_publicize_message":"","jetpack_publicize_feature_enabled":true,"jetpack_social_post_already_shared":true,"jetpack_social_options":{"image_generator_settings":{"template":"highway","default_image_id":0,"font":"","enabled":false},"version":2}},"product_brand":[935],"product_cat":[528],"product_tag":[368],"class_list":{"0":"post-51489","1":"product","2":"type-product","3":"status-publish","4":"has-post-thumbnail","6":"product_brand-staleks","7":"product_cat-staleks-cuticle-nippers","8":"product_tag-staleks-smart-series","10":"first","11":"outofstock","12":"taxable","13":"shipping-taxable","14":"purchasable","15":"product-type-simple"},"jetpack_publicize_connections":[],"jetpack-related-posts":[{"id":18086,"url":"https:\/\/victoriavynn.ca\/fr\/product\/staleks-pro-professional-cuticle-nippers-smart-50-5-mm\/","url_meta":{"origin":51489,"position":0},"title":"Staleks PRO Pince \u00e0 cuticules professionnelle SMART 50 5 mm","author":"Serge Sahakian","date":"mai 30, 2024","format":false,"excerpt":"NS-50-5","rel":"","context":"Similar post","block_context":{"text":"Similar post","link":""},"img":{"alt_text":"","src":"https:\/\/i0.wp.com\/victoriavynn.ca\/wp-content\/uploads\/2024\/05\/4f4c6a343ec8d683614a8d8ba28e7a04-800x800-1.jpg?fit=800%2C800&ssl=1&resize=350%2C200","width":350,"height":200,"srcset":"https:\/\/i0.wp.com\/victoriavynn.ca\/wp-content\/uploads\/2024\/05\/4f4c6a343ec8d683614a8d8ba28e7a04-800x800-1.jpg?fit=800%2C800&ssl=1&resize=350%2C200 1x, https:\/\/i0.wp.com\/victoriavynn.ca\/wp-content\/uploads\/2024\/05\/4f4c6a343ec8d683614a8d8ba28e7a04-800x800-1.jpg?fit=800%2C800&ssl=1&resize=525%2C300 1.5x, https:\/\/i0.wp.com\/victoriavynn.ca\/wp-content\/uploads\/2024\/05\/4f4c6a343ec8d683614a8d8ba28e7a04-800x800-1.jpg?fit=800%2C800&ssl=1&resize=700%2C400 2x"},"classes":[]},{"id":18084,"url":"https:\/\/victoriavynn.ca\/fr\/product\/staleks-smart-50-7mm-full-jaw-professional-cuticle-nipper\/","url_meta":{"origin":51489,"position":1},"title":"Staleks Smart 50 7mm Full Jaw Professional Cuticle Nipper (pince \u00e0 cuticules professionnelle)","author":"Serge Sahakian","date":"mai 30, 2024","format":false,"excerpt":"NS-50-7","rel":"","context":"Similar post","block_context":{"text":"Similar post","link":""},"img":{"alt_text":"","src":"https:\/\/i0.wp.com\/victoriavynn.ca\/wp-content\/uploads\/2024\/05\/73c6af899c1daf8cca2fe53aec6e212b-800x800-1.jpg?fit=800%2C800&ssl=1&resize=350%2C200","width":350,"height":200,"srcset":"https:\/\/i0.wp.com\/victoriavynn.ca\/wp-content\/uploads\/2024\/05\/73c6af899c1daf8cca2fe53aec6e212b-800x800-1.jpg?fit=800%2C800&ssl=1&resize=350%2C200 1x, https:\/\/i0.wp.com\/victoriavynn.ca\/wp-content\/uploads\/2024\/05\/73c6af899c1daf8cca2fe53aec6e212b-800x800-1.jpg?fit=800%2C800&ssl=1&resize=525%2C300 1.5x, https:\/\/i0.wp.com\/victoriavynn.ca\/wp-content\/uploads\/2024\/05\/73c6af899c1daf8cca2fe53aec6e212b-800x800-1.jpg?fit=800%2C800&ssl=1&resize=700%2C400 2x"},"classes":[]},{"id":18088,"url":"https:\/\/victoriavynn.ca\/fr\/product\/staleks-smart-50-4mm-quarter-jaw-professional-cuticle-nipper\/","url_meta":{"origin":51489,"position":2},"title":"Staleks Smart 50 4mm Quart de m\u00e2choire Pince \u00e0 cuticules professionnelle","author":"Serge Sahakian","date":"mai 30, 2024","format":false,"excerpt":"NS-50-4","rel":"","context":"Similar post","block_context":{"text":"Similar post","link":""},"img":{"alt_text":"","src":"https:\/\/i0.wp.com\/victoriavynn.ca\/wp-content\/uploads\/2024\/05\/968ecb09193951e602e1d69c775edc39-800x800-1.jpg?fit=800%2C800&ssl=1&resize=350%2C200","width":350,"height":200,"srcset":"https:\/\/i0.wp.com\/victoriavynn.ca\/wp-content\/uploads\/2024\/05\/968ecb09193951e602e1d69c775edc39-800x800-1.jpg?fit=800%2C800&ssl=1&resize=350%2C200 1x, https:\/\/i0.wp.com\/victoriavynn.ca\/wp-content\/uploads\/2024\/05\/968ecb09193951e602e1d69c775edc39-800x800-1.jpg?fit=800%2C800&ssl=1&resize=525%2C300 1.5x, https:\/\/i0.wp.com\/victoriavynn.ca\/wp-content\/uploads\/2024\/05\/968ecb09193951e602e1d69c775edc39-800x800-1.jpg?fit=800%2C800&ssl=1&resize=700%2C400 2x"},"classes":[]},{"id":18090,"url":"https:\/\/victoriavynn.ca\/fr\/product\/staleks-smart-50-3mm-quarter-jaw-professional-cuticle-nipper\/","url_meta":{"origin":51489,"position":3},"title":"Staleks Smart 50 3mm Quarter Jaw Professional Cuticle Nipper (pince \u00e0 cuticules professionnelle)","author":"Serge Sahakian","date":"mai 30, 2024","format":false,"excerpt":"NS-50-3","rel":"","context":"Similar post","block_context":{"text":"Similar post","link":""},"img":{"alt_text":"","src":"https:\/\/i0.wp.com\/victoriavynn.ca\/wp-content\/uploads\/2024\/05\/b195e77b9958af38b54f01fd09e4d38d-800x800-1.jpg?fit=800%2C800&ssl=1&resize=350%2C200","width":350,"height":200,"srcset":"https:\/\/i0.wp.com\/victoriavynn.ca\/wp-content\/uploads\/2024\/05\/b195e77b9958af38b54f01fd09e4d38d-800x800-1.jpg?fit=800%2C800&ssl=1&resize=350%2C200 1x, https:\/\/i0.wp.com\/victoriavynn.ca\/wp-content\/uploads\/2024\/05\/b195e77b9958af38b54f01fd09e4d38d-800x800-1.jpg?fit=800%2C800&ssl=1&resize=525%2C300 1.5x, https:\/\/i0.wp.com\/victoriavynn.ca\/wp-content\/uploads\/2024\/05\/b195e77b9958af38b54f01fd09e4d38d-800x800-1.jpg?fit=800%2C800&ssl=1&resize=700%2C400 2x"},"classes":[]},{"id":10310,"url":"https:\/\/victoriavynn.ca\/fr\/product\/staleks-cuticle-nipper-for-nails-smart-31\/","url_meta":{"origin":51489,"position":4},"title":"Staleks Smart 31 Pince \u00e0 cuticules professionnelle","author":"Serge Sahakian","date":"f\u00e9vrier 1, 2023","format":false,"excerpt":"Pince \u00e0 cuticules professionnelle de haute qualit\u00e9 pour les ongles. Staleks se consacre \u00e0 la qualit\u00e9 de ses produits. L'acier utilis\u00e9 pour la production des embouts est exceptionnellement r\u00e9sistant \u00e0 la corrosion et d'une duret\u00e9 in\u00e9gal\u00e9e, garantissant un tranchant durable. Nous nous sommes associ\u00e9s \u00e0 Staleks au Canada pour fournir un ensemble professionnel complet de...","rel":"","context":"Similar post","block_context":{"text":"Similar post","link":""},"img":{"alt_text":"Staleks Smart 31 Cuticle Nipper for nails","src":"https:\/\/i0.wp.com\/victoriavynn.ca\/wp-content\/uploads\/2023\/02\/Staleks-Smart-31-.webp?fit=750%2C1000&ssl=1&resize=350%2C200","width":350,"height":200,"srcset":"https:\/\/i0.wp.com\/victoriavynn.ca\/wp-content\/uploads\/2023\/02\/Staleks-Smart-31-.webp?fit=750%2C1000&ssl=1&resize=350%2C200 1x, https:\/\/i0.wp.com\/victoriavynn.ca\/wp-content\/uploads\/2023\/02\/Staleks-Smart-31-.webp?fit=750%2C1000&ssl=1&resize=525%2C300 1.5x, https:\/\/i0.wp.com\/victoriavynn.ca\/wp-content\/uploads\/2023\/02\/Staleks-Smart-31-.webp?fit=750%2C1000&ssl=1&resize=700%2C400 2x"},"classes":[]},{"id":10215,"url":"https:\/\/victoriavynn.ca\/fr\/product\/staleks-best-cuticle-nippers-smart-10\/","url_meta":{"origin":51489,"position":5},"title":"Staleks Smart 10 Pince \u00e0 cuticules professionnelle","author":"Serge Sahakian","date":"janvier 22, 2023","format":false,"excerpt":"Pince \u00e0 cuticules de haute qualit\u00e9, professionnelle et intelligente. Staleks se consacre \u00e0 la qualit\u00e9 de ses produits. L'acier utilis\u00e9 pour la production des embouts est exceptionnellement r\u00e9sistant \u00e0 la corrosion et d'une duret\u00e9 in\u00e9gal\u00e9e, garantissant un tranchant durable. Nous nous sommes associ\u00e9s \u00e0 Staleks au Canada pour fournir un ensemble complet de produits professionnels...","rel":"","context":"Similar post","block_context":{"text":"Similar post","link":""},"img":{"alt_text":"best cuticle nipper Staleks Smart 10","src":"https:\/\/i0.wp.com\/victoriavynn.ca\/wp-content\/uploads\/2023\/01\/best-cuticle-nipper-Staleks-Smart-10.webp?fit=750%2C1000&ssl=1&resize=350%2C200","width":350,"height":200,"srcset":"https:\/\/i0.wp.com\/victoriavynn.ca\/wp-content\/uploads\/2023\/01\/best-cuticle-nipper-Staleks-Smart-10.webp?fit=750%2C1000&ssl=1&resize=350%2C200 1x, https:\/\/i0.wp.com\/victoriavynn.ca\/wp-content\/uploads\/2023\/01\/best-cuticle-nipper-Staleks-Smart-10.webp?fit=750%2C1000&ssl=1&resize=525%2C300 1.5x, https:\/\/i0.wp.com\/victoriavynn.ca\/wp-content\/uploads\/2023\/01\/best-cuticle-nipper-Staleks-Smart-10.webp?fit=750%2C1000&ssl=1&resize=700%2C400 2x"},"classes":[]}],"jetpack_sharing_enabled":true,"_links":{"self":[{"href":"https:\/\/victoriavynn.ca\/fr\/wp-json\/wp\/v2\/product\/51489","targetHints":{"allow":["GET"]}}],"collection":[{"href":"https:\/\/victoriavynn.ca\/fr\/wp-json\/wp\/v2\/product"}],"about":[{"href":"https:\/\/victoriavynn.ca\/fr\/wp-json\/wp\/v2\/types\/product"}],"replies":[{"embeddable":true,"href":"https:\/\/victoriavynn.ca\/fr\/wp-json\/wp\/v2\/comments?post=51489"}],"wp:featuredmedia":[{"embeddable":true,"href":"https:\/\/victoriavynn.ca\/fr\/wp-json\/wp\/v2\/media\/51490"}],"wp:attachment":[{"href":"https:\/\/victoriavynn.ca\/fr\/wp-json\/wp\/v2\/media?parent=51489"}],"wp:term":[{"taxonomy":"product_brand","embeddable":true,"href":"https:\/\/victoriavynn.ca\/fr\/wp-json\/wp\/v2\/product_brand?post=51489"},{"taxonomy":"product_cat","embeddable":true,"href":"https:\/\/victoriavynn.ca\/fr\/wp-json\/wp\/v2\/product_cat?post=51489"},{"taxonomy":"product_tag","embeddable":true,"href":"https:\/\/victoriavynn.ca\/fr\/wp-json\/wp\/v2\/product_tag?post=51489"}],"curies":[{"name":"wp","href":"https:\/\/api.w.org\/{rel}","templated":true}]}}