{"id":51497,"date":"2026-03-04T14:02:58","date_gmt":"2026-03-04T19:02:58","guid":{"rendered":"https:\/\/victoriavynn.ca\/product\/staleks-manicure-pusher-smart-51-type-3-rounded-wide-pusher-and-nail-cleaner\/"},"modified":"2026-03-04T18:40:34","modified_gmt":"2026-03-04T23:40:34","slug":"staleks-manicure-pusher-smart-51-type-3-rounded-wide-pusher-and-nail-cleaner","status":"publish","type":"product","link":"https:\/\/victoriavynn.ca\/fr\/product\/staleks-manicure-pusher-smart-51-type-3-rounded-wide-pusher-and-nail-cleaner\/","title":{"rendered":"Staleks Pousseur de manucure SMART 51 TYPE 3 (pousseur large arrondi et nettoyeur d'ongles)"},"content":{"rendered":"","protected":false},"excerpt":{"rendered":"<p>PS-51\/3<\/p>","protected":false},"featured_media":51498,"comment_status":"open","ping_status":"closed","template":"","meta":{"jetpack_post_was_ever_published":false,"jetpack_publicize_message":"","jetpack_publicize_feature_enabled":true,"jetpack_social_post_already_shared":true,"jetpack_social_options":{"image_generator_settings":{"template":"highway","default_image_id":0,"font":"","enabled":false},"version":2}},"product_brand":[935],"product_cat":[362],"product_tag":[368],"class_list":{"0":"post-51497","1":"product","2":"type-product","3":"status-publish","4":"has-post-thumbnail","6":"product_brand-staleks","7":"product_cat-staleks-cuticle-pushers","8":"product_tag-staleks-smart-series","10":"first","11":"outofstock","12":"taxable","13":"shipping-taxable","14":"purchasable","15":"product-type-simple"},"jetpack_publicize_connections":[],"jetpack-related-posts":[{"id":51499,"url":"https:\/\/victoriavynn.ca\/fr\/product\/staleks-manicure-pusher-expert-30-type-6-rounded-wide-pusher-and-nail-cleaner\/","url_meta":{"origin":51497,"position":0},"title":"Staleks Manucure pousseur EXPERT 30 TYPE 6 (pousseur large arrondi et nettoyeur d'ongles)","author":"Serge Sahakian","date":"mars 4, 2026","format":false,"excerpt":"PE-30\/6","rel":"","context":"Similar post","block_context":{"text":"Similar post","link":""},"img":{"alt_text":"","src":"https:\/\/i0.wp.com\/victoriavynn.ca\/wp-content\/uploads\/2026\/03\/d673d1574c961e30af5b8e66707195de.jpg?fit=1200%2C1200&ssl=1&resize=350%2C200","width":350,"height":200,"srcset":"https:\/\/i0.wp.com\/victoriavynn.ca\/wp-content\/uploads\/2026\/03\/d673d1574c961e30af5b8e66707195de.jpg?fit=1200%2C1200&ssl=1&resize=350%2C200 1x, https:\/\/i0.wp.com\/victoriavynn.ca\/wp-content\/uploads\/2026\/03\/d673d1574c961e30af5b8e66707195de.jpg?fit=1200%2C1200&ssl=1&resize=525%2C300 1.5x, https:\/\/i0.wp.com\/victoriavynn.ca\/wp-content\/uploads\/2026\/03\/d673d1574c961e30af5b8e66707195de.jpg?fit=1200%2C1200&ssl=1&resize=700%2C400 2x, https:\/\/i0.wp.com\/victoriavynn.ca\/wp-content\/uploads\/2026\/03\/d673d1574c961e30af5b8e66707195de.jpg?fit=1200%2C1200&ssl=1&resize=1050%2C600 3x"},"classes":[]},{"id":51501,"url":"https:\/\/victoriavynn.ca\/fr\/product\/staleks-manicure-pusher-gummy-with-silicone-handle-uniq-10-type-6-rounded-wide-pusher-and-nail-cleaner\/","url_meta":{"origin":51497,"position":1},"title":"Staleks Pousseur manucure Gummy avec manche en silicone UNIQ 10 TYPE 6 (pousseur large arrondi et nettoyeur d'ongles)","author":"Serge Sahakian","date":"mars 4, 2026","format":false,"excerpt":"","rel":"","context":"Similar post","block_context":{"text":"Similar post","link":""},"img":{"alt_text":"","src":"https:\/\/i0.wp.com\/victoriavynn.ca\/wp-content\/uploads\/2026\/03\/ab32c0c0aa025561c333ce06e31edc49.jpg?fit=1200%2C1200&ssl=1&resize=350%2C200","width":350,"height":200,"srcset":"https:\/\/i0.wp.com\/victoriavynn.ca\/wp-content\/uploads\/2026\/03\/ab32c0c0aa025561c333ce06e31edc49.jpg?fit=1200%2C1200&ssl=1&resize=350%2C200 1x, https:\/\/i0.wp.com\/victoriavynn.ca\/wp-content\/uploads\/2026\/03\/ab32c0c0aa025561c333ce06e31edc49.jpg?fit=1200%2C1200&ssl=1&resize=525%2C300 1.5x, https:\/\/i0.wp.com\/victoriavynn.ca\/wp-content\/uploads\/2026\/03\/ab32c0c0aa025561c333ce06e31edc49.jpg?fit=1200%2C1200&ssl=1&resize=700%2C400 2x, https:\/\/i0.wp.com\/victoriavynn.ca\/wp-content\/uploads\/2026\/03\/ab32c0c0aa025561c333ce06e31edc49.jpg?fit=1200%2C1200&ssl=1&resize=1050%2C600 3x"},"classes":[]},{"id":18096,"url":"https:\/\/victoriavynn.ca\/fr\/product\/staleks-pro-manicure-pusher-gummy-with-silicone-handle-uniq-10-type-3-rounded-narrow-pusher-and-cleaner\/","url_meta":{"origin":51497,"position":2},"title":"Staleks PRO Poussoir \u00e0 manucure Gomme avec manche en silicone UNIQ 10 TYPE 3 (poussoir \u00e9troit arrondi et nettoyant)","author":"Serge Sahakian","date":"mai 30, 2024","format":false,"excerpt":"PQ-10\/3","rel":"","context":"Similar post","block_context":{"text":"Similar post","link":""},"img":{"alt_text":"","src":"https:\/\/i0.wp.com\/victoriavynn.ca\/wp-content\/uploads\/2024\/05\/pq-10-3_result-800x800-1.jpg?fit=800%2C800&ssl=1&resize=350%2C200","width":350,"height":200,"srcset":"https:\/\/i0.wp.com\/victoriavynn.ca\/wp-content\/uploads\/2024\/05\/pq-10-3_result-800x800-1.jpg?fit=800%2C800&ssl=1&resize=350%2C200 1x, https:\/\/i0.wp.com\/victoriavynn.ca\/wp-content\/uploads\/2024\/05\/pq-10-3_result-800x800-1.jpg?fit=800%2C800&ssl=1&resize=525%2C300 1.5x, https:\/\/i0.wp.com\/victoriavynn.ca\/wp-content\/uploads\/2024\/05\/pq-10-3_result-800x800-1.jpg?fit=800%2C800&ssl=1&resize=700%2C400 2x"},"classes":[]},{"id":10177,"url":"https:\/\/victoriavynn.ca\/fr\/product\/staleks-smart-512-best-cuticle-pusher-tool\/","url_meta":{"origin":51497,"position":3},"title":"Staleks Smart 51 Type 2 Pousseur arrondi \u00e0 bout droit et nettoyeur","author":"Serge Sahakian","date":"janvier 22, 2023","format":false,"excerpt":"Outil de repousse-cuticules de la meilleure qualit\u00e9 professionnelle et intelligente. Staleks se consacre \u00e0 la qualit\u00e9 de ses produits. L'acier utilis\u00e9 pour la production des embouts est exceptionnellement r\u00e9sistant \u00e0 la corrosion et d'une duret\u00e9 in\u00e9gal\u00e9e, garantissant un tranchant durable. Nous nous sommes associ\u00e9s \u00e0 Staleks au Canada pour fournir un ensemble professionnel complet de...","rel":"","context":"Similar post","block_context":{"text":"Similar post","link":""},"img":{"alt_text":"Best Cuticle Pusher Tool Staleks Smart 51 Type 2 Rounded Pusher with a straight end and cleaner","src":"https:\/\/i0.wp.com\/victoriavynn.ca\/wp-content\/uploads\/2023\/01\/Best-Cuticle-Pusher-Tool-Staleks-Smart-51-Type-2-Rounded-Pusher-with-a-straight-end-and-cleaner-.webp?fit=750%2C1000&ssl=1&resize=350%2C200","width":350,"height":200,"srcset":"https:\/\/i0.wp.com\/victoriavynn.ca\/wp-content\/uploads\/2023\/01\/Best-Cuticle-Pusher-Tool-Staleks-Smart-51-Type-2-Rounded-Pusher-with-a-straight-end-and-cleaner-.webp?fit=750%2C1000&ssl=1&resize=350%2C200 1x, https:\/\/i0.wp.com\/victoriavynn.ca\/wp-content\/uploads\/2023\/01\/Best-Cuticle-Pusher-Tool-Staleks-Smart-51-Type-2-Rounded-Pusher-with-a-straight-end-and-cleaner-.webp?fit=750%2C1000&ssl=1&resize=525%2C300 1.5x, https:\/\/i0.wp.com\/victoriavynn.ca\/wp-content\/uploads\/2023\/01\/Best-Cuticle-Pusher-Tool-Staleks-Smart-51-Type-2-Rounded-Pusher-with-a-straight-end-and-cleaner-.webp?fit=750%2C1000&ssl=1&resize=700%2C400 2x"},"classes":[]},{"id":17901,"url":"https:\/\/victoriavynn.ca\/fr\/product\/staleks-expert-51-type-2-professional-manicure-pusher\/","url_meta":{"origin":51497,"position":4},"title":"Staleks Expert 51 Type 2 Pince \u00e0 manucure professionnelle","author":"Serge Sahakian","date":"mai 17, 2024","format":false,"excerpt":"PE-51\/2","rel":"","context":"Similar post","block_context":{"text":"Similar post","link":""},"img":{"alt_text":"","src":"https:\/\/i0.wp.com\/victoriavynn.ca\/wp-content\/uploads\/2024\/05\/1f9b7cc1c617d8a504986f54cd6db13a-2.jpg?fit=1200%2C1200&ssl=1&resize=350%2C200","width":350,"height":200,"srcset":"https:\/\/i0.wp.com\/victoriavynn.ca\/wp-content\/uploads\/2024\/05\/1f9b7cc1c617d8a504986f54cd6db13a-2.jpg?fit=1200%2C1200&ssl=1&resize=350%2C200 1x, https:\/\/i0.wp.com\/victoriavynn.ca\/wp-content\/uploads\/2024\/05\/1f9b7cc1c617d8a504986f54cd6db13a-2.jpg?fit=1200%2C1200&ssl=1&resize=525%2C300 1.5x, https:\/\/i0.wp.com\/victoriavynn.ca\/wp-content\/uploads\/2024\/05\/1f9b7cc1c617d8a504986f54cd6db13a-2.jpg?fit=1200%2C1200&ssl=1&resize=700%2C400 2x, https:\/\/i0.wp.com\/victoriavynn.ca\/wp-content\/uploads\/2024\/05\/1f9b7cc1c617d8a504986f54cd6db13a-2.jpg?fit=1200%2C1200&ssl=1&resize=1050%2C600 3x"},"classes":[]},{"id":9721,"url":"https:\/\/victoriavynn.ca\/fr\/product\/staleks-smart-50-5-best-cuticle-pusher\/","url_meta":{"origin":51497,"position":5},"title":"Staleks Smart 50 Type 5 Poussoir arrondi et nettoyeur droit","author":"Serge Sahakian","date":"janvier 7, 2023","format":false,"excerpt":"Manucure professionnelle intelligente Meilleur pousseur de cuticules. Staleks se consacre \u00e0 la qualit\u00e9 de ses produits. L'acier utilis\u00e9 pour la production des embouts est exceptionnellement r\u00e9sistant \u00e0 la corrosion et d'une duret\u00e9 in\u00e9gal\u00e9e, garantissant un tranchant durable. Nous nous sommes associ\u00e9s \u00e0 Staleks au Canada pour fournir un ensemble complet de produits professionnels \u00e0...","rel":"","context":"Similar post","block_context":{"text":"Similar post","link":""},"img":{"alt_text":"Staleks Best Cuticle Pusher Smart 50 Type 5 Rounded Pusher and Remover","src":"https:\/\/i0.wp.com\/victoriavynn.ca\/wp-content\/uploads\/2023\/01\/Cuticle-pusher-Staleks-Pro-Smart-50-Type-5-rounded-pusher-and-remover.png?fit=750%2C1000&ssl=1&resize=350%2C200","width":350,"height":200,"srcset":"https:\/\/i0.wp.com\/victoriavynn.ca\/wp-content\/uploads\/2023\/01\/Cuticle-pusher-Staleks-Pro-Smart-50-Type-5-rounded-pusher-and-remover.png?fit=750%2C1000&ssl=1&resize=350%2C200 1x, https:\/\/i0.wp.com\/victoriavynn.ca\/wp-content\/uploads\/2023\/01\/Cuticle-pusher-Staleks-Pro-Smart-50-Type-5-rounded-pusher-and-remover.png?fit=750%2C1000&ssl=1&resize=525%2C300 1.5x, https:\/\/i0.wp.com\/victoriavynn.ca\/wp-content\/uploads\/2023\/01\/Cuticle-pusher-Staleks-Pro-Smart-50-Type-5-rounded-pusher-and-remover.png?fit=750%2C1000&ssl=1&resize=700%2C400 2x"},"classes":[]}],"jetpack_sharing_enabled":true,"_links":{"self":[{"href":"https:\/\/victoriavynn.ca\/fr\/wp-json\/wp\/v2\/product\/51497","targetHints":{"allow":["GET"]}}],"collection":[{"href":"https:\/\/victoriavynn.ca\/fr\/wp-json\/wp\/v2\/product"}],"about":[{"href":"https:\/\/victoriavynn.ca\/fr\/wp-json\/wp\/v2\/types\/product"}],"replies":[{"embeddable":true,"href":"https:\/\/victoriavynn.ca\/fr\/wp-json\/wp\/v2\/comments?post=51497"}],"wp:featuredmedia":[{"embeddable":true,"href":"https:\/\/victoriavynn.ca\/fr\/wp-json\/wp\/v2\/media\/51498"}],"wp:attachment":[{"href":"https:\/\/victoriavynn.ca\/fr\/wp-json\/wp\/v2\/media?parent=51497"}],"wp:term":[{"taxonomy":"product_brand","embeddable":true,"href":"https:\/\/victoriavynn.ca\/fr\/wp-json\/wp\/v2\/product_brand?post=51497"},{"taxonomy":"product_cat","embeddable":true,"href":"https:\/\/victoriavynn.ca\/fr\/wp-json\/wp\/v2\/product_cat?post=51497"},{"taxonomy":"product_tag","embeddable":true,"href":"https:\/\/victoriavynn.ca\/fr\/wp-json\/wp\/v2\/product_tag?post=51497"}],"curies":[{"name":"wp","href":"https:\/\/api.w.org\/{rel}","templated":true}]}}