{"id":51499,"date":"2026-03-04T14:07:49","date_gmt":"2026-03-04T19:07:49","guid":{"rendered":"https:\/\/victoriavynn.ca\/product\/staleks-manicure-pusher-expert-30-type-6-rounded-wide-pusher-and-nail-cleaner\/"},"modified":"2026-03-04T18:40:34","modified_gmt":"2026-03-04T23:40:34","slug":"staleks-manucure-pousseur-expert-30-type-6-pousseur-large-arrondi-et-nettoyeur-dongles","status":"publish","type":"product","link":"https:\/\/victoriavynn.ca\/fr\/product\/staleks-manicure-pusher-expert-30-type-6-rounded-wide-pusher-and-nail-cleaner\/","title":{"rendered":"Staleks Manucure pousseur EXPERT 30 TYPE 6 (pousseur large arrondi et nettoyeur d'ongles)"},"content":{"rendered":"","protected":false},"excerpt":{"rendered":"<p>PE-30\/6<\/p>","protected":false},"featured_media":51500,"comment_status":"open","ping_status":"closed","template":"","meta":{"jetpack_post_was_ever_published":false,"jetpack_publicize_message":"","jetpack_publicize_feature_enabled":true,"jetpack_social_post_already_shared":true,"jetpack_social_options":{"image_generator_settings":{"template":"highway","default_image_id":0,"font":"","enabled":false},"version":2}},"product_brand":[935],"product_cat":[362],"product_tag":[536],"class_list":{"0":"post-51499","1":"product","2":"type-product","3":"status-publish","4":"has-post-thumbnail","6":"product_brand-staleks","7":"product_cat-staleks-cuticle-pushers","8":"product_tag-staleks-expert-series","10":"first","11":"outofstock","12":"taxable","13":"shipping-taxable","14":"purchasable","15":"product-type-simple"},"jetpack_publicize_connections":[],"jetpack-related-posts":[{"id":51501,"url":"https:\/\/victoriavynn.ca\/fr\/product\/staleks-manicure-pusher-gummy-with-silicone-handle-uniq-10-type-6-rounded-wide-pusher-and-nail-cleaner\/","url_meta":{"origin":51499,"position":0},"title":"Staleks Pousseur manucure Gummy avec manche en silicone UNIQ 10 TYPE 6 (pousseur large arrondi et nettoyeur d'ongles)","author":"Serge Sahakian","date":"mars 4, 2026","format":false,"excerpt":"","rel":"","context":"Similar post","block_context":{"text":"Similar post","link":""},"img":{"alt_text":"","src":"https:\/\/i0.wp.com\/victoriavynn.ca\/wp-content\/uploads\/2026\/03\/ab32c0c0aa025561c333ce06e31edc49.jpg?fit=1200%2C1200&ssl=1&resize=350%2C200","width":350,"height":200,"srcset":"https:\/\/i0.wp.com\/victoriavynn.ca\/wp-content\/uploads\/2026\/03\/ab32c0c0aa025561c333ce06e31edc49.jpg?fit=1200%2C1200&ssl=1&resize=350%2C200 1x, https:\/\/i0.wp.com\/victoriavynn.ca\/wp-content\/uploads\/2026\/03\/ab32c0c0aa025561c333ce06e31edc49.jpg?fit=1200%2C1200&ssl=1&resize=525%2C300 1.5x, https:\/\/i0.wp.com\/victoriavynn.ca\/wp-content\/uploads\/2026\/03\/ab32c0c0aa025561c333ce06e31edc49.jpg?fit=1200%2C1200&ssl=1&resize=700%2C400 2x, https:\/\/i0.wp.com\/victoriavynn.ca\/wp-content\/uploads\/2026\/03\/ab32c0c0aa025561c333ce06e31edc49.jpg?fit=1200%2C1200&ssl=1&resize=1050%2C600 3x"},"classes":[]},{"id":51497,"url":"https:\/\/victoriavynn.ca\/fr\/product\/staleks-manicure-pusher-smart-51-type-3-rounded-wide-pusher-and-nail-cleaner\/","url_meta":{"origin":51499,"position":1},"title":"Staleks Pousseur de manucure SMART 51 TYPE 3 (pousseur large arrondi et nettoyeur d'ongles)","author":"Serge Sahakian","date":"mars 4, 2026","format":false,"excerpt":"PS-51\/3","rel":"","context":"Similar post","block_context":{"text":"Similar post","link":""},"img":{"alt_text":"","src":"https:\/\/i0.wp.com\/victoriavynn.ca\/wp-content\/uploads\/2026\/03\/22b24963fc2977858d9d9d909dc15879.jpg?fit=1200%2C1200&ssl=1&resize=350%2C200","width":350,"height":200,"srcset":"https:\/\/i0.wp.com\/victoriavynn.ca\/wp-content\/uploads\/2026\/03\/22b24963fc2977858d9d9d909dc15879.jpg?fit=1200%2C1200&ssl=1&resize=350%2C200 1x, https:\/\/i0.wp.com\/victoriavynn.ca\/wp-content\/uploads\/2026\/03\/22b24963fc2977858d9d9d909dc15879.jpg?fit=1200%2C1200&ssl=1&resize=525%2C300 1.5x, https:\/\/i0.wp.com\/victoriavynn.ca\/wp-content\/uploads\/2026\/03\/22b24963fc2977858d9d9d909dc15879.jpg?fit=1200%2C1200&ssl=1&resize=700%2C400 2x, https:\/\/i0.wp.com\/victoriavynn.ca\/wp-content\/uploads\/2026\/03\/22b24963fc2977858d9d9d909dc15879.jpg?fit=1200%2C1200&ssl=1&resize=1050%2C600 3x"},"classes":[]},{"id":18096,"url":"https:\/\/victoriavynn.ca\/fr\/product\/staleks-pro-manicure-pusher-gummy-with-silicone-handle-uniq-10-type-3-rounded-narrow-pusher-and-cleaner\/","url_meta":{"origin":51499,"position":2},"title":"Staleks PRO Poussoir \u00e0 manucure Gomme avec manche en silicone UNIQ 10 TYPE 3 (poussoir \u00e9troit arrondi et nettoyant)","author":"Serge Sahakian","date":"mai 30, 2024","format":false,"excerpt":"PQ-10\/3","rel":"","context":"Similar post","block_context":{"text":"Similar post","link":""},"img":{"alt_text":"","src":"https:\/\/i0.wp.com\/victoriavynn.ca\/wp-content\/uploads\/2024\/05\/pq-10-3_result-800x800-1.jpg?fit=800%2C800&ssl=1&resize=350%2C200","width":350,"height":200,"srcset":"https:\/\/i0.wp.com\/victoriavynn.ca\/wp-content\/uploads\/2024\/05\/pq-10-3_result-800x800-1.jpg?fit=800%2C800&ssl=1&resize=350%2C200 1x, https:\/\/i0.wp.com\/victoriavynn.ca\/wp-content\/uploads\/2024\/05\/pq-10-3_result-800x800-1.jpg?fit=800%2C800&ssl=1&resize=525%2C300 1.5x, https:\/\/i0.wp.com\/victoriavynn.ca\/wp-content\/uploads\/2024\/05\/pq-10-3_result-800x800-1.jpg?fit=800%2C800&ssl=1&resize=700%2C400 2x"},"classes":[]},{"id":17901,"url":"https:\/\/victoriavynn.ca\/fr\/product\/staleks-expert-51-type-2-professional-manicure-pusher\/","url_meta":{"origin":51499,"position":3},"title":"Staleks Expert 51 Type 2 Pince \u00e0 manucure professionnelle","author":"Serge Sahakian","date":"mai 17, 2024","format":false,"excerpt":"PE-51\/2","rel":"","context":"Similar post","block_context":{"text":"Similar post","link":""},"img":{"alt_text":"","src":"https:\/\/i0.wp.com\/victoriavynn.ca\/wp-content\/uploads\/2024\/05\/1f9b7cc1c617d8a504986f54cd6db13a-2.jpg?fit=1200%2C1200&ssl=1&resize=350%2C200","width":350,"height":200,"srcset":"https:\/\/i0.wp.com\/victoriavynn.ca\/wp-content\/uploads\/2024\/05\/1f9b7cc1c617d8a504986f54cd6db13a-2.jpg?fit=1200%2C1200&ssl=1&resize=350%2C200 1x, https:\/\/i0.wp.com\/victoriavynn.ca\/wp-content\/uploads\/2024\/05\/1f9b7cc1c617d8a504986f54cd6db13a-2.jpg?fit=1200%2C1200&ssl=1&resize=525%2C300 1.5x, https:\/\/i0.wp.com\/victoriavynn.ca\/wp-content\/uploads\/2024\/05\/1f9b7cc1c617d8a504986f54cd6db13a-2.jpg?fit=1200%2C1200&ssl=1&resize=700%2C400 2x, https:\/\/i0.wp.com\/victoriavynn.ca\/wp-content\/uploads\/2024\/05\/1f9b7cc1c617d8a504986f54cd6db13a-2.jpg?fit=1200%2C1200&ssl=1&resize=1050%2C600 3x"},"classes":[]},{"id":18092,"url":"https:\/\/victoriavynn.ca\/fr\/product\/staleks-pro-manicure-pusher-gummy-with-silicone-handle-uniq-10-type-1-rounded-wide-and-rounded-narrow-pusher\/","url_meta":{"origin":51499,"position":4},"title":"Staleks PRO Poussoir \u00e0 manucure Gummy avec manche en silicone UNIQ 10 TYPE 1 (poussoir arrondi large et poussoir arrondi \u00e9troit)","author":"Serge Sahakian","date":"mai 30, 2024","format":false,"excerpt":"PQ-10\/1","rel":"","context":"Similar post","block_context":{"text":"Similar post","link":""},"img":{"alt_text":"","src":"https:\/\/i0.wp.com\/victoriavynn.ca\/wp-content\/uploads\/2024\/05\/pq-10-1_result-800x800-1.jpg?fit=800%2C800&ssl=1&resize=350%2C200","width":350,"height":200,"srcset":"https:\/\/i0.wp.com\/victoriavynn.ca\/wp-content\/uploads\/2024\/05\/pq-10-1_result-800x800-1.jpg?fit=800%2C800&ssl=1&resize=350%2C200 1x, https:\/\/i0.wp.com\/victoriavynn.ca\/wp-content\/uploads\/2024\/05\/pq-10-1_result-800x800-1.jpg?fit=800%2C800&ssl=1&resize=525%2C300 1.5x, https:\/\/i0.wp.com\/victoriavynn.ca\/wp-content\/uploads\/2024\/05\/pq-10-1_result-800x800-1.jpg?fit=800%2C800&ssl=1&resize=700%2C400 2x"},"classes":[]},{"id":9661,"url":"https:\/\/victoriavynn.ca\/fr\/product\/staleks-classic-30-1-cuticle-nail-pusher\/","url_meta":{"origin":51499,"position":5},"title":"Poussoir \u00e0 manucure Staleks Classic 30 Type 1","author":"Serge Sahakian","date":"janvier 7, 2023","format":false,"excerpt":"Pince \u00e0 cuticules professionnel classique. Staleks se consacre \u00e0 la qualit\u00e9 de ses produits. L'acier utilis\u00e9 pour la production des embouts est exceptionnellement r\u00e9sistant \u00e0 la corrosion et d'une duret\u00e9 in\u00e9gal\u00e9e, garantissant un tranchant durable. Nous nous sommes associ\u00e9s \u00e0 Staleks au Canada pour fournir un ensemble complet de produits professionnels pour...","rel":"","context":"Similar post","block_context":{"text":"Similar post","link":""},"img":{"alt_text":"Staleks High Quality Manicure Cuticle Nail Pusher Classic 30 Type 1","src":"https:\/\/i0.wp.com\/victoriavynn.ca\/wp-content\/uploads\/2023\/01\/CLASSIC-30-TYPE-1_.png?fit=750%2C1000&ssl=1&resize=350%2C200","width":350,"height":200,"srcset":"https:\/\/i0.wp.com\/victoriavynn.ca\/wp-content\/uploads\/2023\/01\/CLASSIC-30-TYPE-1_.png?fit=750%2C1000&ssl=1&resize=350%2C200 1x, https:\/\/i0.wp.com\/victoriavynn.ca\/wp-content\/uploads\/2023\/01\/CLASSIC-30-TYPE-1_.png?fit=750%2C1000&ssl=1&resize=525%2C300 1.5x, https:\/\/i0.wp.com\/victoriavynn.ca\/wp-content\/uploads\/2023\/01\/CLASSIC-30-TYPE-1_.png?fit=750%2C1000&ssl=1&resize=700%2C400 2x"},"classes":[]}],"jetpack_sharing_enabled":true,"_links":{"self":[{"href":"https:\/\/victoriavynn.ca\/fr\/wp-json\/wp\/v2\/product\/51499","targetHints":{"allow":["GET"]}}],"collection":[{"href":"https:\/\/victoriavynn.ca\/fr\/wp-json\/wp\/v2\/product"}],"about":[{"href":"https:\/\/victoriavynn.ca\/fr\/wp-json\/wp\/v2\/types\/product"}],"replies":[{"embeddable":true,"href":"https:\/\/victoriavynn.ca\/fr\/wp-json\/wp\/v2\/comments?post=51499"}],"wp:featuredmedia":[{"embeddable":true,"href":"https:\/\/victoriavynn.ca\/fr\/wp-json\/wp\/v2\/media\/51500"}],"wp:attachment":[{"href":"https:\/\/victoriavynn.ca\/fr\/wp-json\/wp\/v2\/media?parent=51499"}],"wp:term":[{"taxonomy":"product_brand","embeddable":true,"href":"https:\/\/victoriavynn.ca\/fr\/wp-json\/wp\/v2\/product_brand?post=51499"},{"taxonomy":"product_cat","embeddable":true,"href":"https:\/\/victoriavynn.ca\/fr\/wp-json\/wp\/v2\/product_cat?post=51499"},{"taxonomy":"product_tag","embeddable":true,"href":"https:\/\/victoriavynn.ca\/fr\/wp-json\/wp\/v2\/product_tag?post=51499"}],"curies":[{"name":"wp","href":"https:\/\/api.w.org\/{rel}","templated":true}]}}