{"id":51507,"date":"2026-03-04T14:37:49","date_gmt":"2026-03-04T19:37:49","guid":{"rendered":"https:\/\/victoriavynn.ca\/product\/staleks-eyebrow-tweezers-expert-10-type-7-pointed-slant\/"},"modified":"2026-03-04T18:40:48","modified_gmt":"2026-03-04T23:40:48","slug":"staleks-eyebrow-tweezers-expert-10-type-7-pointed-slant","status":"publish","type":"product","link":"https:\/\/victoriavynn.ca\/fr\/product\/staleks-eyebrow-tweezers-expert-10-type-7-pointed-slant\/","title":{"rendered":"Staleks Pince \u00e0 sourcils EXPERT 10 TYPE 7 (pointue et inclin\u00e9e)"},"content":{"rendered":"","protected":false},"excerpt":{"rendered":"<p>TE-10\/7<\/p>","protected":false},"featured_media":51508,"comment_status":"open","ping_status":"closed","template":"","meta":{"jetpack_post_was_ever_published":false,"jetpack_publicize_message":"","jetpack_publicize_feature_enabled":true,"jetpack_social_post_already_shared":true,"jetpack_social_options":{"image_generator_settings":{"template":"highway","default_image_id":0,"font":"","enabled":false},"version":2}},"product_brand":[935],"product_cat":[944],"product_tag":[536],"class_list":{"0":"post-51507","1":"product","2":"type-product","3":"status-publish","4":"has-post-thumbnail","6":"product_brand-staleks","7":"product_cat-staleks-eyebrow-tweezers","8":"product_tag-staleks-expert-series","10":"first","11":"outofstock","12":"taxable","13":"shipping-taxable","14":"purchasable","15":"product-type-simple"},"jetpack_publicize_connections":[],"jetpack-related-posts":[{"id":18058,"url":"https:\/\/victoriavynn.ca\/fr\/product\/staleks-pro-professional-eyelash-tweezers-expert-40-type-7-curved\/","url_meta":{"origin":51507,"position":0},"title":"Staleks PRO Pince \u00e0 cils professionnelle EXPERT 40 TYPE 7 (courb\u00e9e)","author":"Serge Sahakian","date":"mai 29, 2024","format":false,"excerpt":"TE-40\/7","rel":"","context":"Similar post","block_context":{"text":"Similar post","link":""},"img":{"alt_text":"","src":"https:\/\/i0.wp.com\/victoriavynn.ca\/wp-content\/uploads\/2024\/05\/pinczet-professionalnyj-dlya-resnicz-te-40-7_2-2-800x800-1.jpg?fit=800%2C800&ssl=1&resize=350%2C200","width":350,"height":200,"srcset":"https:\/\/i0.wp.com\/victoriavynn.ca\/wp-content\/uploads\/2024\/05\/pinczet-professionalnyj-dlya-resnicz-te-40-7_2-2-800x800-1.jpg?fit=800%2C800&ssl=1&resize=350%2C200 1x, https:\/\/i0.wp.com\/victoriavynn.ca\/wp-content\/uploads\/2024\/05\/pinczet-professionalnyj-dlya-resnicz-te-40-7_2-2-800x800-1.jpg?fit=800%2C800&ssl=1&resize=525%2C300 1.5x, https:\/\/i0.wp.com\/victoriavynn.ca\/wp-content\/uploads\/2024\/05\/pinczet-professionalnyj-dlya-resnicz-te-40-7_2-2-800x800-1.jpg?fit=800%2C800&ssl=1&resize=700%2C400 2x"},"classes":[]},{"id":18068,"url":"https:\/\/victoriavynn.ca\/fr\/product\/staleks-pro-professional-eyelash-tweezers-expert-41-type-7-l-shaped-30%e2%80%b2\/","url_meta":{"origin":51507,"position":1},"title":"Staleks PRO Pince \u00e0 cils professionnelle EXPERT 41 TYPE 7 (en forme de L, 30\u2032)","author":"Serge Sahakian","date":"mai 29, 2024","format":false,"excerpt":"TE-41\/7","rel":"","context":"Similar post","block_context":{"text":"Similar post","link":""},"img":{"alt_text":"","src":"https:\/\/i0.wp.com\/victoriavynn.ca\/wp-content\/uploads\/2024\/05\/pinczet-dlya-resnicz-te-41-7-800x800-1.jpg?fit=800%2C800&ssl=1&resize=350%2C200","width":350,"height":200,"srcset":"https:\/\/i0.wp.com\/victoriavynn.ca\/wp-content\/uploads\/2024\/05\/pinczet-dlya-resnicz-te-41-7-800x800-1.jpg?fit=800%2C800&ssl=1&resize=350%2C200 1x, https:\/\/i0.wp.com\/victoriavynn.ca\/wp-content\/uploads\/2024\/05\/pinczet-dlya-resnicz-te-41-7-800x800-1.jpg?fit=800%2C800&ssl=1&resize=525%2C300 1.5x, https:\/\/i0.wp.com\/victoriavynn.ca\/wp-content\/uploads\/2024\/05\/pinczet-dlya-resnicz-te-41-7-800x800-1.jpg?fit=800%2C800&ssl=1&resize=700%2C400 2x"},"classes":[]},{"id":18046,"url":"https:\/\/victoriavynn.ca\/fr\/product\/staleks-pro-professional-eyelash-tweezers-expert-40-type-10-straight\/","url_meta":{"origin":51507,"position":2},"title":"Staleks PRO Pince \u00e0 cils professionnelle EXPERT 40 TYPE 10 (droite)","author":"Serge Sahakian","date":"mai 29, 2024","format":false,"excerpt":"TE-40\/10","rel":"","context":"Similar post","block_context":{"text":"Similar post","link":""},"img":{"alt_text":"","src":"https:\/\/i0.wp.com\/victoriavynn.ca\/wp-content\/uploads\/2024\/05\/pinczet-professionalnyj-dlya-resnicz-te-40-10_2-2-800x800-1.jpg?fit=800%2C800&ssl=1&resize=350%2C200","width":350,"height":200,"srcset":"https:\/\/i0.wp.com\/victoriavynn.ca\/wp-content\/uploads\/2024\/05\/pinczet-professionalnyj-dlya-resnicz-te-40-10_2-2-800x800-1.jpg?fit=800%2C800&ssl=1&resize=350%2C200 1x, https:\/\/i0.wp.com\/victoriavynn.ca\/wp-content\/uploads\/2024\/05\/pinczet-professionalnyj-dlya-resnicz-te-40-10_2-2-800x800-1.jpg?fit=800%2C800&ssl=1&resize=525%2C300 1.5x, https:\/\/i0.wp.com\/victoriavynn.ca\/wp-content\/uploads\/2024\/05\/pinczet-professionalnyj-dlya-resnicz-te-40-10_2-2-800x800-1.jpg?fit=800%2C800&ssl=1&resize=700%2C400 2x"},"classes":[]},{"id":18070,"url":"https:\/\/victoriavynn.ca\/fr\/product\/staleks-pro-professional-eyelash-tweezers-expert-41-type-10-straight\/","url_meta":{"origin":51507,"position":3},"title":"Staleks PRO Pince \u00e0 cils professionnelle EXPERT 41 TYPE 10 (droite)","author":"Serge Sahakian","date":"mai 29, 2024","format":false,"excerpt":"TE-41\/10","rel":"","context":"Similar post","block_context":{"text":"Similar post","link":""},"img":{"alt_text":"","src":"https:\/\/i0.wp.com\/victoriavynn.ca\/wp-content\/uploads\/2024\/05\/pinczet-dlya-resnicz-te-41-10-800x800-1.jpg?fit=800%2C800&ssl=1&resize=350%2C200","width":350,"height":200,"srcset":"https:\/\/i0.wp.com\/victoriavynn.ca\/wp-content\/uploads\/2024\/05\/pinczet-dlya-resnicz-te-41-10-800x800-1.jpg?fit=800%2C800&ssl=1&resize=350%2C200 1x, https:\/\/i0.wp.com\/victoriavynn.ca\/wp-content\/uploads\/2024\/05\/pinczet-dlya-resnicz-te-41-10-800x800-1.jpg?fit=800%2C800&ssl=1&resize=525%2C300 1.5x, https:\/\/i0.wp.com\/victoriavynn.ca\/wp-content\/uploads\/2024\/05\/pinczet-dlya-resnicz-te-41-10-800x800-1.jpg?fit=800%2C800&ssl=1&resize=700%2C400 2x"},"classes":[]},{"id":18042,"url":"https:\/\/victoriavynn.ca\/fr\/product\/staleks-pro-professional-eyelash-tweezers-expert-40-type-12-curved-tweezers-for-volume-extension65\/","url_meta":{"origin":51507,"position":4},"title":"Staleks PRO Pince \u00e0 cils professionnelle EXPERT 40 TYPE 12 (pince courb\u00e9e pour extension de volume, 65\u2032)","author":"Serge Sahakian","date":"mai 29, 2024","format":false,"excerpt":"TE-40\/12","rel":"","context":"Similar post","block_context":{"text":"Similar post","link":""},"img":{"alt_text":"","src":"https:\/\/i0.wp.com\/victoriavynn.ca\/wp-content\/uploads\/2024\/05\/pinczet-professionalnyj-dlya-resnicz-te-40-12_2-2-800x800-1.jpg?fit=800%2C800&ssl=1&resize=350%2C200","width":350,"height":200,"srcset":"https:\/\/i0.wp.com\/victoriavynn.ca\/wp-content\/uploads\/2024\/05\/pinczet-professionalnyj-dlya-resnicz-te-40-12_2-2-800x800-1.jpg?fit=800%2C800&ssl=1&resize=350%2C200 1x, https:\/\/i0.wp.com\/victoriavynn.ca\/wp-content\/uploads\/2024\/05\/pinczet-professionalnyj-dlya-resnicz-te-40-12_2-2-800x800-1.jpg?fit=800%2C800&ssl=1&resize=525%2C300 1.5x, https:\/\/i0.wp.com\/victoriavynn.ca\/wp-content\/uploads\/2024\/05\/pinczet-professionalnyj-dlya-resnicz-te-40-12_2-2-800x800-1.jpg?fit=800%2C800&ssl=1&resize=700%2C400 2x"},"classes":[]},{"id":18048,"url":"https:\/\/victoriavynn.ca\/fr\/product\/staleks-pro-professional-eyelash-tweezers-expert-40-type-11-curved\/","url_meta":{"origin":51507,"position":5},"title":"Staleks PRO Pince \u00e0 \u00e9piler professionnelle pour cils EXPERT 40 TYPE 11 (courb\u00e9e)","author":"Serge Sahakian","date":"mai 29, 2024","format":false,"excerpt":"TE-40\/11","rel":"","context":"Similar post","block_context":{"text":"Similar post","link":""},"img":{"alt_text":"","src":"https:\/\/i0.wp.com\/victoriavynn.ca\/wp-content\/uploads\/2024\/05\/pinczet-professionalnyj-dlya-resnicz-te-40-11-1-800x800-1.jpg?fit=800%2C800&ssl=1&resize=350%2C200","width":350,"height":200,"srcset":"https:\/\/i0.wp.com\/victoriavynn.ca\/wp-content\/uploads\/2024\/05\/pinczet-professionalnyj-dlya-resnicz-te-40-11-1-800x800-1.jpg?fit=800%2C800&ssl=1&resize=350%2C200 1x, https:\/\/i0.wp.com\/victoriavynn.ca\/wp-content\/uploads\/2024\/05\/pinczet-professionalnyj-dlya-resnicz-te-40-11-1-800x800-1.jpg?fit=800%2C800&ssl=1&resize=525%2C300 1.5x, https:\/\/i0.wp.com\/victoriavynn.ca\/wp-content\/uploads\/2024\/05\/pinczet-professionalnyj-dlya-resnicz-te-40-11-1-800x800-1.jpg?fit=800%2C800&ssl=1&resize=700%2C400 2x"},"classes":[]}],"jetpack_sharing_enabled":true,"_links":{"self":[{"href":"https:\/\/victoriavynn.ca\/fr\/wp-json\/wp\/v2\/product\/51507","targetHints":{"allow":["GET"]}}],"collection":[{"href":"https:\/\/victoriavynn.ca\/fr\/wp-json\/wp\/v2\/product"}],"about":[{"href":"https:\/\/victoriavynn.ca\/fr\/wp-json\/wp\/v2\/types\/product"}],"replies":[{"embeddable":true,"href":"https:\/\/victoriavynn.ca\/fr\/wp-json\/wp\/v2\/comments?post=51507"}],"wp:featuredmedia":[{"embeddable":true,"href":"https:\/\/victoriavynn.ca\/fr\/wp-json\/wp\/v2\/media\/51508"}],"wp:attachment":[{"href":"https:\/\/victoriavynn.ca\/fr\/wp-json\/wp\/v2\/media?parent=51507"}],"wp:term":[{"taxonomy":"product_brand","embeddable":true,"href":"https:\/\/victoriavynn.ca\/fr\/wp-json\/wp\/v2\/product_brand?post=51507"},{"taxonomy":"product_cat","embeddable":true,"href":"https:\/\/victoriavynn.ca\/fr\/wp-json\/wp\/v2\/product_cat?post=51507"},{"taxonomy":"product_tag","embeddable":true,"href":"https:\/\/victoriavynn.ca\/fr\/wp-json\/wp\/v2\/product_tag?post=51507"}],"curies":[{"name":"wp","href":"https:\/\/api.w.org\/{rel}","templated":true}]}}