{"id":5151,"date":"2022-09-04T15:42:17","date_gmt":"2022-09-04T19:42:17","guid":{"rendered":"https:\/\/victoriavynn.ca\/index.php\/product\/victoria-vynn-salon-gel-polish-color-no-261\/"},"modified":"2026-04-01T18:40:08","modified_gmt":"2026-04-01T22:40:08","slug":"victoria-vynn-salon-gel-polish-color-no-261","status":"publish","type":"product","link":"https:\/\/victoriavynn.ca\/fr\/product\/victoria-vynn-salon-gel-polish-color-no-261\/","title":{"rendered":"Vernis gel de salon n\u00b0 261 White Queen"},"content":{"rendered":"<p>Le syst\u00e8me Gel Polish comprend des vernis hybrides classiques et durables durcis dans des lampes UV et LED. Le syst\u00e8me contient des bases et des tops aux propri\u00e9t\u00e9s, \u00e0 la durabilit\u00e9 et \u00e0 la finition diff\u00e9rentes. Nous r\u00e9pondons aux besoins de nos clients en offrant une riche vari\u00e9t\u00e9 de couleurs avec des vernis hybrides de diff\u00e9rentes couvertures et effets, dans plus de 200 couleurs. Distingu\u00e9e, avec une couverture maximale, White Queen est la reine des blanches. Victoria VYNN Gel Polish Color est une ligne de vernis hybrides \u00e0 s\u00e9chage l\u00e9ger, utilis\u00e9e dans deux types de coiffage : Syst\u00e8me hybride en 3 \u00e9tapes et Syst\u00e8me Soak Off en 4 \u00e9tapes. Gel Polish Color impressionne par la qualit\u00e9 du coiffage et les applications possibles - une palette de couleurs, deux types de coiffage.<\/p>\n<p>Sp\u00e9cifications du produit :<\/p>\n<ul>\n<li>\u00c0 utiliser pour les manucures hybrides et Soak Off.<\/li>\n<li>Formule laque-gel.<\/li>\n<li>Deux couches fines assurent une couverture et une profondeur de couleur parfaites.<\/li>\n<li>Il s'\u00e9tale uniform\u00e9ment, sans traces.<\/li>\n<li>Une large gamme de couleurs : \u00e9maux, paillettes, pastels, n\u00e9ons, semi-transparents et couleurs fran\u00e7aises.<\/li>\n<\/ul>","protected":false},"excerpt":{"rendered":"<p>Distingu\u00e9e, avec une couverture maximale, White Queen est la reine des blanches.<\/p>\n<p>La couleur de vernis gel Victoria VYNN la plus vendue au Canada est une gamme de vernis hybrides \u00e0 durcissement l\u00e9ger, qui s'utilise dans deux types de coiffage : Syst\u00e8me hybride \u00e0 3 \u00e9tapes et Syst\u00e8me Soak Off \u00e0 4 \u00e9tapes. Gel Polish Color impressionne par la qualit\u00e9 du coiffage et des applications possibles - une palette de couleurs, deux types de coiffage.<\/p>","protected":false},"featured_media":5152,"comment_status":"open","ping_status":"closed","template":"","meta":{"jetpack_post_was_ever_published":false,"jetpack_publicize_message":"","jetpack_publicize_feature_enabled":true,"jetpack_social_post_already_shared":true,"jetpack_social_options":{"image_generator_settings":{"template":"highway","default_image_id":0,"font":"","enabled":false},"version":2}},"product_brand":[],"product_cat":[51],"product_tag":[],"class_list":{"0":"post-5151","1":"product","2":"type-product","3":"status-publish","4":"has-post-thumbnail","6":"product_cat-professional-nail-colours-gel","7":"product_shipping_class-cardboard-box","9":"first","10":"instock","11":"taxable","12":"shipping-taxable","13":"purchasable","14":"product-type-simple"},"jetpack_publicize_connections":[],"jetpack-related-posts":[{"id":4885,"url":"https:\/\/victoriavynn.ca\/fr\/product\/gel-polish-001-flawless-white\/","url_meta":{"origin":5151,"position":0},"title":"Vernis gel de salon n\u00b0 001 Blanc impeccable","author":"Serge Sahakian","date":"septembre 4, 2022","format":false,"excerpt":"Flawless White looks great solo and in the company of other, for example, bright colors. Canada's Best Selling Victoria VYNN Gel Polish Color is a light-curable line of hybrid varnishes, which is used in two types of styling: 3-stage Hybrid System and 4-stage Soak Off System. Gel Polish Color impresses\u2026","rel":"","context":"Similar post","block_context":{"text":"Similar post","link":""},"img":{"alt_text":"Gel polish 001 Flawless White","src":"https:\/\/i0.wp.com\/victoriavynn.ca\/wp-content\/uploads\/2022\/09\/Gel-polish-001.png?fit=1000%2C1000&ssl=1&resize=350%2C200","width":350,"height":200,"srcset":"https:\/\/i0.wp.com\/victoriavynn.ca\/wp-content\/uploads\/2022\/09\/Gel-polish-001.png?fit=1000%2C1000&ssl=1&resize=350%2C200 1x, https:\/\/i0.wp.com\/victoriavynn.ca\/wp-content\/uploads\/2022\/09\/Gel-polish-001.png?fit=1000%2C1000&ssl=1&resize=525%2C300 1.5x, https:\/\/i0.wp.com\/victoriavynn.ca\/wp-content\/uploads\/2022\/09\/Gel-polish-001.png?fit=1000%2C1000&ssl=1&resize=700%2C400 2x"},"classes":[]},{"id":5061,"url":"https:\/\/victoriavynn.ca\/fr\/product\/victoria-vynn-salon-gel-polish-color-no-316\/","url_meta":{"origin":5151,"position":1},"title":"Salon Gel Polish No. 316 Lemon Tree","author":"Serge Sahakian","date":"septembre 4, 2022","format":false,"excerpt":"Couleur vert-jaune de la chaux fra\u00eeche avec des particules blanches. Victoria VYNN Gel Polish Color, la plus vendue au Canada, est une gamme de vernis hybrides \u00e0 s\u00e9chage l\u00e9ger, qui est utilis\u00e9e dans deux types de coiffage : Syst\u00e8me hybride en 3 \u00e9tapes et Syst\u00e8me Soak Off en 4 \u00e9tapes. Gel Polish Color impressionne par la qualit\u00e9 du coiffage et la possibilit\u00e9...","rel":"","context":"Similar post","block_context":{"text":"Similar post","link":""},"img":{"alt_text":"","src":"https:\/\/i0.wp.com\/victoriavynn.ca\/wp-content\/uploads\/2022\/09\/gel-polish-316-lemon-tree-1.jpeg?fit=753%2C753&ssl=1&resize=350%2C200","width":350,"height":200,"srcset":"https:\/\/i0.wp.com\/victoriavynn.ca\/wp-content\/uploads\/2022\/09\/gel-polish-316-lemon-tree-1.jpeg?fit=753%2C753&ssl=1&resize=350%2C200 1x, https:\/\/i0.wp.com\/victoriavynn.ca\/wp-content\/uploads\/2022\/09\/gel-polish-316-lemon-tree-1.jpeg?fit=753%2C753&ssl=1&resize=525%2C300 1.5x, https:\/\/i0.wp.com\/victoriavynn.ca\/wp-content\/uploads\/2022\/09\/gel-polish-316-lemon-tree-1.jpeg?fit=753%2C753&ssl=1&resize=700%2C400 2x"},"classes":[]},{"id":4995,"url":"https:\/\/victoriavynn.ca\/fr\/product\/victoria-vynn-gel-polish-color-315\/","url_meta":{"origin":5151,"position":2},"title":"Salon Gel Polish No. 315 Creme Brulee","author":"Serge Sahakian","date":"septembre 4, 2022","format":false,"excerpt":"Cr\u00e8me Br\u00fbl\u00e9e est une nuance orange d\u00e9licatement caram\u00e9lis\u00e9e avec des particules blanches. Victoria VYNN Gel Polish Color, la meilleure vente au Canada, est une gamme de vernis hybrides photopolym\u00e9risables, qui est utilis\u00e9e dans deux types de coiffage : Syst\u00e8me hybride en 3 \u00e9tapes et Syst\u00e8me Soak Off en 4 \u00e9tapes. Gel Polish Color impressionne par la qualit\u00e9 de ses...","rel":"","context":"Similar post","block_context":{"text":"Similar post","link":""},"img":{"alt_text":"","src":"https:\/\/i0.wp.com\/victoriavynn.ca\/wp-content\/uploads\/2022\/09\/gel-polish-315-cr-eacute-me-brul-eacute-e.jpeg?fit=753%2C753&ssl=1&resize=350%2C200","width":350,"height":200,"srcset":"https:\/\/i0.wp.com\/victoriavynn.ca\/wp-content\/uploads\/2022\/09\/gel-polish-315-cr-eacute-me-brul-eacute-e.jpeg?fit=753%2C753&ssl=1&resize=350%2C200 1x, https:\/\/i0.wp.com\/victoriavynn.ca\/wp-content\/uploads\/2022\/09\/gel-polish-315-cr-eacute-me-brul-eacute-e.jpeg?fit=753%2C753&ssl=1&resize=525%2C300 1.5x, https:\/\/i0.wp.com\/victoriavynn.ca\/wp-content\/uploads\/2022\/09\/gel-polish-315-cr-eacute-me-brul-eacute-e.jpeg?fit=753%2C753&ssl=1&resize=700%2C400 2x"},"classes":[]},{"id":5059,"url":"https:\/\/victoriavynn.ca\/fr\/product\/victoria-vynn-salon-gel-polish-color-no-318\/","url_meta":{"origin":5151,"position":3},"title":"Salon Gel Polish No. 318 Blue Curacao","author":"Serge Sahakian","date":"septembre 4, 2022","format":false,"excerpt":"Blue Curacao est une d\u00e9licieuse nuance de bleu avec des particules blanches. Victoria VYNN Gel Polish Color, la meilleure vente au Canada, est une gamme de vernis hybrides \u00e0 s\u00e9chage l\u00e9ger, qui est utilis\u00e9e dans deux types de coiffage : Syst\u00e8me hybride en 3 \u00e9tapes et Syst\u00e8me Soak Off en 4 \u00e9tapes. Gel Polish Color impressionne par la qualit\u00e9 de ses...","rel":"","context":"Similar post","block_context":{"text":"Similar post","link":""},"img":{"alt_text":"","src":"https:\/\/i0.wp.com\/victoriavynn.ca\/wp-content\/uploads\/2022\/09\/gel-polish-318-blue-curacao-1.jpeg?fit=753%2C753&ssl=1&resize=350%2C200","width":350,"height":200,"srcset":"https:\/\/i0.wp.com\/victoriavynn.ca\/wp-content\/uploads\/2022\/09\/gel-polish-318-blue-curacao-1.jpeg?fit=753%2C753&ssl=1&resize=350%2C200 1x, https:\/\/i0.wp.com\/victoriavynn.ca\/wp-content\/uploads\/2022\/09\/gel-polish-318-blue-curacao-1.jpeg?fit=753%2C753&ssl=1&resize=525%2C300 1.5x, https:\/\/i0.wp.com\/victoriavynn.ca\/wp-content\/uploads\/2022\/09\/gel-polish-318-blue-curacao-1.jpeg?fit=753%2C753&ssl=1&resize=700%2C400 2x"},"classes":[]},{"id":4997,"url":"https:\/\/victoriavynn.ca\/fr\/product\/victoria-vynn-gel-polish-color-317\/","url_meta":{"origin":5151,"position":4},"title":"Salon Gel Polish No. 317 Kiwi Mousse","author":"Serge Sahakian","date":"septembre 4, 2022","format":false,"excerpt":"Vert frais et tr\u00e8s clair avec des particules blanches. Victoria VYNN Gel Polish Color, la meilleure vente au Canada, est une gamme de vernis hybrides photopolym\u00e9risables, qui est utilis\u00e9e dans deux types de coiffage : Syst\u00e8me hybride en 3 \u00e9tapes et Syst\u00e8me Soak Off en 4 \u00e9tapes. Gel Polish Color impressionne par la qualit\u00e9 du coiffage et les applications possibles...","rel":"","context":"Similar post","block_context":{"text":"Similar post","link":""},"img":{"alt_text":"","src":"https:\/\/i0.wp.com\/victoriavynn.ca\/wp-content\/uploads\/2022\/09\/gel-polish-317-kiwi-mousse.jpeg?fit=753%2C753&ssl=1&resize=350%2C200","width":350,"height":200,"srcset":"https:\/\/i0.wp.com\/victoriavynn.ca\/wp-content\/uploads\/2022\/09\/gel-polish-317-kiwi-mousse.jpeg?fit=753%2C753&ssl=1&resize=350%2C200 1x, https:\/\/i0.wp.com\/victoriavynn.ca\/wp-content\/uploads\/2022\/09\/gel-polish-317-kiwi-mousse.jpeg?fit=753%2C753&ssl=1&resize=525%2C300 1.5x, https:\/\/i0.wp.com\/victoriavynn.ca\/wp-content\/uploads\/2022\/09\/gel-polish-317-kiwi-mousse.jpeg?fit=753%2C753&ssl=1&resize=700%2C400 2x"},"classes":[]},{"id":4757,"url":"https:\/\/victoriavynn.ca\/fr\/product\/victoria-vynn-gel-polish-color-249\/","url_meta":{"origin":5151,"position":5},"title":"Vernis gel de salon n\u00b0 249 Rain Washed","author":"Serge Sahakian","date":"septembre 4, 2022","format":false,"excerpt":"Pale blue, bordering with the Rain Washed white is a remarkable alternative to pure white. Canada's Best Selling Victoria VYNN Gel Polish Color is a light-curable line of hybrid varnishes, which is used in two types of styling: 3-stage Hybrid System and 4-stage Soak Off System. Gel Polish Color impresses\u2026","rel":"","context":"Similar post","block_context":{"text":"Similar post","link":""},"img":{"alt_text":"","src":"https:\/\/i0.wp.com\/victoriavynn.ca\/wp-content\/uploads\/2022\/09\/GP_249.jpg?fit=753%2C753&ssl=1&resize=350%2C200","width":350,"height":200,"srcset":"https:\/\/i0.wp.com\/victoriavynn.ca\/wp-content\/uploads\/2022\/09\/GP_249.jpg?fit=753%2C753&ssl=1&resize=350%2C200 1x, https:\/\/i0.wp.com\/victoriavynn.ca\/wp-content\/uploads\/2022\/09\/GP_249.jpg?fit=753%2C753&ssl=1&resize=525%2C300 1.5x, https:\/\/i0.wp.com\/victoriavynn.ca\/wp-content\/uploads\/2022\/09\/GP_249.jpg?fit=753%2C753&ssl=1&resize=700%2C400 2x"},"classes":[]}],"jetpack_sharing_enabled":true,"_links":{"self":[{"href":"https:\/\/victoriavynn.ca\/fr\/wp-json\/wp\/v2\/product\/5151","targetHints":{"allow":["GET"]}}],"collection":[{"href":"https:\/\/victoriavynn.ca\/fr\/wp-json\/wp\/v2\/product"}],"about":[{"href":"https:\/\/victoriavynn.ca\/fr\/wp-json\/wp\/v2\/types\/product"}],"replies":[{"embeddable":true,"href":"https:\/\/victoriavynn.ca\/fr\/wp-json\/wp\/v2\/comments?post=5151"}],"wp:featuredmedia":[{"embeddable":true,"href":"https:\/\/victoriavynn.ca\/fr\/wp-json\/wp\/v2\/media\/5152"}],"wp:attachment":[{"href":"https:\/\/victoriavynn.ca\/fr\/wp-json\/wp\/v2\/media?parent=5151"}],"wp:term":[{"taxonomy":"product_brand","embeddable":true,"href":"https:\/\/victoriavynn.ca\/fr\/wp-json\/wp\/v2\/product_brand?post=5151"},{"taxonomy":"product_cat","embeddable":true,"href":"https:\/\/victoriavynn.ca\/fr\/wp-json\/wp\/v2\/product_cat?post=5151"},{"taxonomy":"product_tag","embeddable":true,"href":"https:\/\/victoriavynn.ca\/fr\/wp-json\/wp\/v2\/product_tag?post=5151"}],"curies":[{"name":"wp","href":"https:\/\/api.w.org\/{rel}","templated":true}]}}