{"id":51512,"date":"2026-03-04T15:09:28","date_gmt":"2026-03-04T20:09:28","guid":{"rendered":"https:\/\/victoriavynn.ca\/product\/staleks-disposable-white-abrasive-tape-expert-150-grit-in-a-plastic-case\/"},"modified":"2026-03-04T18:40:43","modified_gmt":"2026-03-04T23:40:43","slug":"ruban-abrasif-blanc-jetable-staleks-expert-150-grit-dans-un-etui-en-plastique","status":"publish","type":"product","link":"https:\/\/victoriavynn.ca\/fr\/product\/staleks-disposable-white-abrasive-tape-expert-150-grit-in-a-plastic-case\/","title":{"rendered":"Staleks Bande abrasive blanche jetable EXPERT 150 grit dans un \u00e9tui en plastique"},"content":{"rendered":"","protected":false},"excerpt":{"rendered":"<p>AT-150w<\/p>","protected":false},"featured_media":51513,"comment_status":"open","ping_status":"closed","template":"","meta":{"jetpack_post_was_ever_published":false,"jetpack_publicize_message":"","jetpack_publicize_feature_enabled":true,"jetpack_social_post_already_shared":true,"jetpack_social_options":{"image_generator_settings":{"template":"highway","default_image_id":0,"font":"","enabled":false},"version":2}},"product_brand":[935],"product_cat":[647],"product_tag":[536],"class_list":{"0":"post-51512","1":"product","2":"type-product","3":"status-publish","4":"has-post-thumbnail","6":"product_brand-staleks","7":"product_cat-staleks-abrasives-bases","8":"product_tag-staleks-expert-series","10":"first","11":"outofstock","12":"taxable","13":"shipping-taxable","14":"purchasable","15":"product-type-simple"},"jetpack_publicize_connections":[],"jetpack-related-posts":[{"id":51514,"url":"https:\/\/victoriavynn.ca\/fr\/product\/staleks-disposable-white-abrasive-tape-expert-150-grit-for-the-plastic-case\/","url_meta":{"origin":51512,"position":0},"title":"Staleks Bande abrasive blanche jetable EXPERT 150 grit pour le bo\u00eetier en plastique","author":"Serge Sahakian","date":"mars 4, 2026","format":false,"excerpt":"ATS-150w","rel":"","context":"Similar post","block_context":{"text":"Similar post","link":""},"img":{"alt_text":"","src":"https:\/\/i0.wp.com\/victoriavynn.ca\/wp-content\/uploads\/2026\/03\/38e0e2e99a5c423dc82881fae691642f.jpg?fit=1200%2C1200&ssl=1&resize=350%2C200","width":350,"height":200,"srcset":"https:\/\/i0.wp.com\/victoriavynn.ca\/wp-content\/uploads\/2026\/03\/38e0e2e99a5c423dc82881fae691642f.jpg?fit=1200%2C1200&ssl=1&resize=350%2C200 1x, https:\/\/i0.wp.com\/victoriavynn.ca\/wp-content\/uploads\/2026\/03\/38e0e2e99a5c423dc82881fae691642f.jpg?fit=1200%2C1200&ssl=1&resize=525%2C300 1.5x, https:\/\/i0.wp.com\/victoriavynn.ca\/wp-content\/uploads\/2026\/03\/38e0e2e99a5c423dc82881fae691642f.jpg?fit=1200%2C1200&ssl=1&resize=700%2C400 2x, https:\/\/i0.wp.com\/victoriavynn.ca\/wp-content\/uploads\/2026\/03\/38e0e2e99a5c423dc82881fae691642f.jpg?fit=1200%2C1200&ssl=1&resize=1050%2C600 3x"},"classes":[]},{"id":51510,"url":"https:\/\/victoriavynn.ca\/fr\/product\/staleks-disposable-white-files-for-straight-nail-file-on-a-soft-foam-layer-expert-20-150-grit-30-pcs\/","url_meta":{"origin":51512,"position":1},"title":"Staleks Limes blanches jetables pour ongles droits sur une couche de mousse souple EXPERT 20 150 grit (30 pcs)","author":"Serge Sahakian","date":"mars 4, 2026","format":false,"excerpt":"DFE-20-150w","rel":"","context":"Similar post","block_context":{"text":"Similar post","link":""},"img":{"alt_text":"","src":"https:\/\/i0.wp.com\/victoriavynn.ca\/wp-content\/uploads\/2026\/03\/smennye-fajly-belye-dlya-pilki-dfe-20-150_w.jpg?fit=1200%2C1200&ssl=1&resize=350%2C200","width":350,"height":200,"srcset":"https:\/\/i0.wp.com\/victoriavynn.ca\/wp-content\/uploads\/2026\/03\/smennye-fajly-belye-dlya-pilki-dfe-20-150_w.jpg?fit=1200%2C1200&ssl=1&resize=350%2C200 1x, https:\/\/i0.wp.com\/victoriavynn.ca\/wp-content\/uploads\/2026\/03\/smennye-fajly-belye-dlya-pilki-dfe-20-150_w.jpg?fit=1200%2C1200&ssl=1&resize=525%2C300 1.5x, https:\/\/i0.wp.com\/victoriavynn.ca\/wp-content\/uploads\/2026\/03\/smennye-fajly-belye-dlya-pilki-dfe-20-150_w.jpg?fit=1200%2C1200&ssl=1&resize=700%2C400 2x, https:\/\/i0.wp.com\/victoriavynn.ca\/wp-content\/uploads\/2026\/03\/smennye-fajly-belye-dlya-pilki-dfe-20-150_w.jpg?fit=1200%2C1200&ssl=1&resize=1050%2C600 3x"},"classes":[]},{"id":14007,"url":"https:\/\/victoriavynn.ca\/fr\/product\/staleks-pro-papmam-nail-file-refill-donut-roll\/","url_meta":{"origin":51512,"position":2},"title":"Staleks PRO papmAm Nail File Refill Donut Roll","author":"Serge Sahakian","date":"juillet 3, 2023","format":false,"excerpt":"Staleks PRO papmAm Nail File Refill Donut Roll est l'un des outils les plus efficaces et les plus professionnels qu'un technicien de l'ongle puisse avoir !  Une large gamme de tailles, de grains, de types et de couleurs est disponible dans cette cat\u00e9gorie. Victoria VYNN s'est associ\u00e9e \u00e0 Staleks au Canada pour fournir un ensemble professionnel complet...","rel":"","context":"Similar post","block_context":{"text":"Similar post","link":""},"img":{"alt_text":"Staleks PRO papmAm Nail File Refill Donut Roll","src":"https:\/\/i0.wp.com\/victoriavynn.ca\/wp-content\/uploads\/2023\/07\/staleks-pro-papmam-nail-file-refill-donut-roll-.webp?fit=750%2C1000&ssl=1&resize=350%2C200","width":350,"height":200,"srcset":"https:\/\/i0.wp.com\/victoriavynn.ca\/wp-content\/uploads\/2023\/07\/staleks-pro-papmam-nail-file-refill-donut-roll-.webp?fit=750%2C1000&ssl=1&resize=350%2C200 1x, https:\/\/i0.wp.com\/victoriavynn.ca\/wp-content\/uploads\/2023\/07\/staleks-pro-papmam-nail-file-refill-donut-roll-.webp?fit=750%2C1000&ssl=1&resize=525%2C300 1.5x, https:\/\/i0.wp.com\/victoriavynn.ca\/wp-content\/uploads\/2023\/07\/staleks-pro-papmam-nail-file-refill-donut-roll-.webp?fit=750%2C1000&ssl=1&resize=700%2C400 2x"},"classes":[]},{"id":13615,"url":"https:\/\/victoriavynn.ca\/fr\/product\/staleks-pro-adhesive-nail-file-refill-donut-roll\/","url_meta":{"origin":51512,"position":3},"title":"Staleks PRO Lime \u00e0 ongles adh\u00e9sive Recharge Rouleau Donut","author":"Serge Sahakian","date":"juillet 1, 2023","format":false,"excerpt":"Le populaire rouleau de limes \u00e0 ongles adh\u00e9sives Staleks PRO est l'un des outils les plus efficaces et les plus professionnels qu'un technicien de l'ongle puisse avoir !  Une large gamme de tailles, de grains, de types et de couleurs est disponible dans cette cat\u00e9gorie. Victoria VYNN s'est associ\u00e9e \u00e0 Staleks au Canada pour fournir une...","rel":"","context":"Similar post","block_context":{"text":"Similar post","link":""},"img":{"alt_text":"Staleks PRO Adhesive Nail File Refill Donut Roll","src":"https:\/\/i0.wp.com\/victoriavynn.ca\/wp-content\/uploads\/2023\/07\/staleks-pro-nail-file-adhesive-refill-donut-roll-1-7.webp?fit=750%2C1000&ssl=1&resize=350%2C200","width":350,"height":200,"srcset":"https:\/\/i0.wp.com\/victoriavynn.ca\/wp-content\/uploads\/2023\/07\/staleks-pro-nail-file-adhesive-refill-donut-roll-1-7.webp?fit=750%2C1000&ssl=1&resize=350%2C200 1x, https:\/\/i0.wp.com\/victoriavynn.ca\/wp-content\/uploads\/2023\/07\/staleks-pro-nail-file-adhesive-refill-donut-roll-1-7.webp?fit=750%2C1000&ssl=1&resize=525%2C300 1.5x, https:\/\/i0.wp.com\/victoriavynn.ca\/wp-content\/uploads\/2023\/07\/staleks-pro-nail-file-adhesive-refill-donut-roll-1-7.webp?fit=750%2C1000&ssl=1&resize=700%2C400 2x"},"classes":[]},{"id":14044,"url":"https:\/\/victoriavynn.ca\/fr\/product\/staleks-pro-disposable-papmam-files-on-a-wooden-base\/","url_meta":{"origin":51512,"position":4},"title":"Staleks PRO Fiches papmAm jetables sur socle en bois (pr\u00eates \u00e0 l'emploi)","author":"Serge Sahakian","date":"juillet 3, 2023","format":false,"excerpt":"Staleks PRO Disposable papmAm files on a Wooden Base is among the most efficient and professional Nail Tool any Nail Technician can have!\u00a0 A wide range of Sizes, Grits, Types and Colors are available in this category. Victoria VYNN has Partnered with Staleks in Canada to provide a Full Professional\u2026","rel":"","context":"Similar post","block_context":{"text":"Similar post","link":""},"img":{"alt_text":"Staleks PRO Disposable papmAm files on a Wooden Base","src":"https:\/\/i0.wp.com\/victoriavynn.ca\/wp-content\/uploads\/2023\/07\/staleks-pro-disposable-papmam-files-on-a-wooden-base-.webp?fit=750%2C1000&ssl=1&resize=350%2C200","width":350,"height":200,"srcset":"https:\/\/i0.wp.com\/victoriavynn.ca\/wp-content\/uploads\/2023\/07\/staleks-pro-disposable-papmam-files-on-a-wooden-base-.webp?fit=750%2C1000&ssl=1&resize=350%2C200 1x, https:\/\/i0.wp.com\/victoriavynn.ca\/wp-content\/uploads\/2023\/07\/staleks-pro-disposable-papmam-files-on-a-wooden-base-.webp?fit=750%2C1000&ssl=1&resize=525%2C300 1.5x, https:\/\/i0.wp.com\/victoriavynn.ca\/wp-content\/uploads\/2023\/07\/staleks-pro-disposable-papmam-files-on-a-wooden-base-.webp?fit=750%2C1000&ssl=1&resize=700%2C400 2x"},"classes":[]},{"id":18028,"url":"https:\/\/victoriavynn.ca\/fr\/product\/staleks-pro-disposable-double-sided-files-papmam-mix-expert-22-100-180-grit-50-pcs\/","url_meta":{"origin":51512,"position":5},"title":"Staleks PRO Limes jetables double face papmAm Mix EXPERT 22 100\/180 grit (50 pcs)","author":"Serge Sahakian","date":"mai 29, 2024","format":false,"excerpt":"DFCEMix-22-100\/180","rel":"","context":"Similar post","block_context":{"text":"Similar post","link":""},"img":{"alt_text":"","src":"https:\/\/i0.wp.com\/victoriavynn.ca\/wp-content\/uploads\/2024\/05\/dfcemix-22-100_180-800x800-1.jpg?fit=800%2C800&ssl=1&resize=350%2C200","width":350,"height":200,"srcset":"https:\/\/i0.wp.com\/victoriavynn.ca\/wp-content\/uploads\/2024\/05\/dfcemix-22-100_180-800x800-1.jpg?fit=800%2C800&ssl=1&resize=350%2C200 1x, https:\/\/i0.wp.com\/victoriavynn.ca\/wp-content\/uploads\/2024\/05\/dfcemix-22-100_180-800x800-1.jpg?fit=800%2C800&ssl=1&resize=525%2C300 1.5x, https:\/\/i0.wp.com\/victoriavynn.ca\/wp-content\/uploads\/2024\/05\/dfcemix-22-100_180-800x800-1.jpg?fit=800%2C800&ssl=1&resize=700%2C400 2x"},"classes":[]}],"jetpack_sharing_enabled":true,"_links":{"self":[{"href":"https:\/\/victoriavynn.ca\/fr\/wp-json\/wp\/v2\/product\/51512","targetHints":{"allow":["GET"]}}],"collection":[{"href":"https:\/\/victoriavynn.ca\/fr\/wp-json\/wp\/v2\/product"}],"about":[{"href":"https:\/\/victoriavynn.ca\/fr\/wp-json\/wp\/v2\/types\/product"}],"replies":[{"embeddable":true,"href":"https:\/\/victoriavynn.ca\/fr\/wp-json\/wp\/v2\/comments?post=51512"}],"wp:featuredmedia":[{"embeddable":true,"href":"https:\/\/victoriavynn.ca\/fr\/wp-json\/wp\/v2\/media\/51513"}],"wp:attachment":[{"href":"https:\/\/victoriavynn.ca\/fr\/wp-json\/wp\/v2\/media?parent=51512"}],"wp:term":[{"taxonomy":"product_brand","embeddable":true,"href":"https:\/\/victoriavynn.ca\/fr\/wp-json\/wp\/v2\/product_brand?post=51512"},{"taxonomy":"product_cat","embeddable":true,"href":"https:\/\/victoriavynn.ca\/fr\/wp-json\/wp\/v2\/product_cat?post=51512"},{"taxonomy":"product_tag","embeddable":true,"href":"https:\/\/victoriavynn.ca\/fr\/wp-json\/wp\/v2\/product_tag?post=51512"}],"curies":[{"name":"wp","href":"https:\/\/api.w.org\/{rel}","templated":true}]}}