{"id":52694,"date":"2026-03-20T18:45:50","date_gmt":"2026-03-20T22:45:50","guid":{"rendered":"https:\/\/victoriavynn.ca\/product\/victoria-vynn-color-chart-insta-gel-painted\/"},"modified":"2026-04-06T15:04:58","modified_gmt":"2026-04-06T19:04:58","slug":"victoria-vynn-color-chart-insta-gel-painted","status":"publish","type":"product","link":"https:\/\/victoriavynn.ca\/fr\/product\/victoria-vynn-color-chart-insta-gel-painted\/","title":{"rendered":"Victoria VYNN Color Chart Insta Gel (Peint)"},"content":{"rendered":"<h1 class=\"wp-block-heading\">Victoria VYNN Insta Gel - La vitesse rencontre la performance professionnelle<\/h1><figure class=\"wp-block-embed-youtube wp-block-embed is-type-video is-provider-youtube wp-embed-aspect-16-9 wp-has-aspect-ratio\"><div class=\"lyte-wrapper fourthree\" title=\"NEW Insta Gel Colors by Victoria VYNN \u2728 Full Shade Reveal\" style=\"width:480px;max-width:100%;margin:5px;\"><div class=\"lyMe hidef\" id=\"WYL_djY7mSCdhDg\" itemprop=\"video\" itemscope itemtype=\"https:\/\/schema.org\/VideoObject\"><div><meta itemprop=\"thumbnailUrl\" content=\"https:\/\/i.ytimg.com\/vi\/djY7mSCdhDg\/maxresdefault.jpg\" \/><meta itemprop=\"embedURL\" content=\"https:\/\/www.youtube.com\/embed\/djY7mSCdhDg\" \/><meta itemprop=\"duration\" content=\"PT29S\" \/><meta itemprop=\"uploadDate\" content=\"2026-03-21T16:45:31Z\" \/><\/div><div id=\"lyte_djY7mSCdhDg\" data-src=\"https:\/\/i.ytimg.com\/vi\/djY7mSCdhDg\/maxresdefault.jpg\" class=\"pL\"><div class=\"tC\"><div class=\"tT\" itemprop=\"name\">NEW Insta Gel Colors by Victoria VYNN \u2728 Full Shade Reveal<\/div><\/div><div class=\"play\"><\/div><div class=\"ctrl\"><div class=\"Lctrl\"><\/div><div class=\"Rctrl\"><\/div><\/div><\/div><noscript><a href=\"https:\/\/youtu.be\/djY7mSCdhDg\" rel=\"nofollow noopener\" target=\"_blank\"><img data-recalc-dims=\"1\" loading=\"lazy\" decoding=\"async\" src=\"https:\/\/i0.wp.com\/i.ytimg.com\/vi\/djY7mSCdhDg\/0.jpg?resize=480%2C340&#038;ssl=1\" alt=\"NEW Insta Gel Colors by Victoria VYNN \u2728 Full Shade Reveal\" width=\"480\" height=\"340\" title=\"\"><br \/>Voir cette vid\u00e9o sur YouTube<\/a><\/noscript><meta itemprop=\"description\" content=\"Introducing Insta Gel by Victoria VYNN Where speed meets sophistication. Experience a new era of nail styling with a formula designed for quick application, flawless results, and a sleek modern finish. Perfect for professionals who demand efficiency without compromise. \u26a1 Fast. \ud83d\udc8e Refined. \ud83d\ude80 Made for the modern nail artist. #InstaGel #VictoriaVYNN #NailInnovation #FastBeauty #naillycosmetics #victoriavynnme #victoriavynncanada #mtlnails #beirutnails #canadanails #torontonails #beirutnailstylists #lebanonnails #calgarynails #novascotianails #mtlnailsalon #torontonailsalon #russianmanicurelebanon #russianmanicurecanada #ontarionails #quebecongles #quebecnails #quebecnailsalons #beirutnailbar #mtlnailtech #mtlnailartist #lavalnails #short\"><\/div><\/div><div class=\"lL\" style=\"max-width:100%;width:480px;margin:5px;\"><\/div><figcaption><\/figcaption><\/figure><p>Dans le monde de la stylisation moderne des ongles, o\u00f9 chaque d\u00e9tail compte, le <strong>INSTA GEL Ligne virale<\/strong> est devenu un v\u00e9ritable best-seller dans les salons de manucure professionnels.<\/p><p>Ces \u00e9v\u00e9nements exceptionnels <strong>gels de construction autolissants<\/strong> sont disponibles dans des teintes tendance telles que le laiteux <strong>Danseur de nuages<\/strong> et des tons roses \u00e9l\u00e9gants comme <strong>Barbie Vibe<\/strong> et <strong>Un look \u00e9pur\u00e9<\/strong>, Les ongles sont des objets de valeur, con\u00e7us pour cr\u00e9er de superbes ongles pour toutes les occasions.<\/p><p>En choisissant ce gel de construction professionnel, vous investissez dans un produit qui combine <strong>esth\u00e9tique moderne, durabilit\u00e9 et efficacit\u00e9<\/strong>, Les ongles sont ainsi impeccablement coiff\u00e9s et durent des semaines.<\/p>","protected":false},"excerpt":{"rendered":"<p>Explorez le nuancier Insta Gel Paint de Victoria VYNN. D\u00e9couvrez des teintes modernes avec une pigmentation riche, une finition brillante et une application professionnelle rapide.<\/p>","protected":false},"featured_media":52964,"comment_status":"open","ping_status":"closed","template":"","meta":{"jetpack_post_was_ever_published":false,"jetpack_publicize_message":"","jetpack_publicize_feature_enabled":true,"jetpack_social_post_already_shared":true,"jetpack_social_options":{"image_generator_settings":{"template":"highway","default_image_id":0,"font":"","enabled":false},"version":2}},"product_brand":[922],"product_cat":[31,972],"product_tag":[973],"class_list":{"0":"post-52694","1":"product","2":"type-product","3":"status-publish","4":"has-post-thumbnail","6":"product_brand-victoria-vynn","7":"product_cat-nail-tools-and-accessories","8":"product_cat-insta-gel","9":"product_tag-insta-gel","11":"first","12":"instock","13":"taxable","14":"shipping-taxable","15":"purchasable","16":"product-type-simple"},"jetpack_publicize_connections":[],"jetpack-related-posts":[{"id":52692,"url":"https:\/\/victoriavynn.ca\/fr\/product\/victoria-vynn-color-chart-insta-gel-unpainted\/","url_meta":{"origin":52694,"position":0},"title":"Victoria VYNN Color Chart Insta Gel (Non peint)","author":"Serge Sahakian","date":"mars 20, 2026","format":false,"excerpt":"Take full control of your color presentation with the Unpainted Color Chart for Insta Gel\u2014designed for professionals who value precision, customization, and creativity. This blank chart allows you to paint each shade yourself, giving you an accurate, real-life representation of every Insta Gel color in your collection. Perfect for nail\u2026","rel":"","context":"Similar post","block_context":{"text":"Similar post","link":""},"img":{"alt_text":"new version of unpainted instagel color chart","src":"https:\/\/i0.wp.com\/victoriavynn.ca\/wp-content\/uploads\/2026\/03\/new-version-of-unpainted-instagel-color-chart.webp?fit=750%2C1000&ssl=1&resize=350%2C200","width":350,"height":200,"srcset":"https:\/\/i0.wp.com\/victoriavynn.ca\/wp-content\/uploads\/2026\/03\/new-version-of-unpainted-instagel-color-chart.webp?fit=750%2C1000&ssl=1&resize=350%2C200 1x, https:\/\/i0.wp.com\/victoriavynn.ca\/wp-content\/uploads\/2026\/03\/new-version-of-unpainted-instagel-color-chart.webp?fit=750%2C1000&ssl=1&resize=525%2C300 1.5x, https:\/\/i0.wp.com\/victoriavynn.ca\/wp-content\/uploads\/2026\/03\/new-version-of-unpainted-instagel-color-chart.webp?fit=750%2C1000&ssl=1&resize=700%2C400 2x"},"classes":[]},{"id":52676,"url":"https:\/\/victoriavynn.ca\/fr\/product\/victoria-vynn-insta-gel\/","url_meta":{"origin":52694,"position":1},"title":"Gel Insta Victoria VYNN","author":"Serge Sahakian","date":"mars 20, 2026","format":false,"excerpt":"Victoria VYNN Insta Gel est con\u00e7u pour une application rapide et efficace, aidant les proth\u00e9sistes ongulaires \u00e0 fournir des r\u00e9sultats rapides, impeccables et brillants avec un temps de service r\u00e9duit. Sp\u00e9cifications du produit : \u00a0 \u00a0 \u00a0 \u00a0 \u00a0 \u00a0","rel":"","context":"Similar post","block_context":{"text":"Similar post","link":""},"img":{"alt_text":"victoria vynn insta gel 01","src":"https:\/\/i0.wp.com\/victoriavynn.ca\/wp-content\/uploads\/2026\/03\/victoria-vynn-insta-gel-01.webp?fit=750%2C1000&ssl=1&resize=350%2C200","width":350,"height":200,"srcset":"https:\/\/i0.wp.com\/victoriavynn.ca\/wp-content\/uploads\/2026\/03\/victoria-vynn-insta-gel-01.webp?fit=750%2C1000&ssl=1&resize=350%2C200 1x, https:\/\/i0.wp.com\/victoriavynn.ca\/wp-content\/uploads\/2026\/03\/victoria-vynn-insta-gel-01.webp?fit=750%2C1000&ssl=1&resize=525%2C300 1.5x, https:\/\/i0.wp.com\/victoriavynn.ca\/wp-content\/uploads\/2026\/03\/victoria-vynn-insta-gel-01.webp?fit=750%2C1000&ssl=1&resize=700%2C400 2x"},"classes":[]},{"id":47985,"url":"https:\/\/victoriavynn.ca\/fr\/product\/victoria-vynn-color-chart-ladies-love-red\/","url_meta":{"origin":52694,"position":2},"title":"Victoria VYNN Color Chart Ladies Love Red Gel Polish 439-444","author":"Serge Sahakian","date":"f\u00e9vrier 2, 2026","format":false,"excerpt":"Explorez le nuancier Victoria VYNN Ladies Love Red, qui pr\u00e9sente de riches nuances de vernis gel rouge pour une s\u00e9lection facile et des r\u00e9sultats professionnels en salon.","rel":"","context":"Similar post","block_context":{"text":"Similar post","link":""},"img":{"alt_text":"Victoria VYNN ladies Love Red Color Chart","src":"https:\/\/i0.wp.com\/victoriavynn.ca\/wp-content\/uploads\/2026\/02\/victoria-vynn-ladies-love-red-color-chart.webp?fit=750%2C1000&ssl=1&resize=350%2C200","width":350,"height":200,"srcset":"https:\/\/i0.wp.com\/victoriavynn.ca\/wp-content\/uploads\/2026\/02\/victoria-vynn-ladies-love-red-color-chart.webp?fit=750%2C1000&ssl=1&resize=350%2C200 1x, https:\/\/i0.wp.com\/victoriavynn.ca\/wp-content\/uploads\/2026\/02\/victoria-vynn-ladies-love-red-color-chart.webp?fit=750%2C1000&ssl=1&resize=525%2C300 1.5x, https:\/\/i0.wp.com\/victoriavynn.ca\/wp-content\/uploads\/2026\/02\/victoria-vynn-ladies-love-red-color-chart.webp?fit=750%2C1000&ssl=1&resize=700%2C400 2x"},"classes":[]},{"id":41588,"url":"https:\/\/victoriavynn.ca\/fr\/product\/victoria-vynn-8-pack-fashion-follower-gel-polish-430-437-color-chart\/","url_meta":{"origin":52694,"position":3},"title":"Victoria VYNN 8 Pack Fashion Follower Gel Polish 430-437 + Color Chart","author":"Serge Sahakian","date":"novembre 19, 2025","format":false,"excerpt":"La collection Fashion Follower de Victoria VYNN transforme les tons les plus \u00e0 la mode de la saison en une ligne de vernis gel hautement pigment\u00e9s et parfaits pour les salons de coiffure. Chaque nuance refl\u00e8te le style, l'humeur et la confiance - cr\u00e9\u00e9e pour les artistes et les clients qui aiment s'exprimer par la couleur. Collection : Fashion Follower Le kit comprend : Victoria VYNN...","rel":"","context":"Similar post","block_context":{"text":"Similar post","link":""},"img":{"alt_text":"Victoria vynn gel polish fashion follower 8 pack + Color Chart","src":"https:\/\/i0.wp.com\/victoriavynn.ca\/wp-content\/uploads\/2025\/11\/victoria-vynn-gel-polish-fashion-follower-8-pack-color-chart-.webp?fit=750%2C1000&ssl=1&resize=350%2C200","width":350,"height":200,"srcset":"https:\/\/i0.wp.com\/victoriavynn.ca\/wp-content\/uploads\/2025\/11\/victoria-vynn-gel-polish-fashion-follower-8-pack-color-chart-.webp?fit=750%2C1000&ssl=1&resize=350%2C200 1x, https:\/\/i0.wp.com\/victoriavynn.ca\/wp-content\/uploads\/2025\/11\/victoria-vynn-gel-polish-fashion-follower-8-pack-color-chart-.webp?fit=750%2C1000&ssl=1&resize=525%2C300 1.5x, https:\/\/i0.wp.com\/victoriavynn.ca\/wp-content\/uploads\/2025\/11\/victoria-vynn-gel-polish-fashion-follower-8-pack-color-chart-.webp?fit=750%2C1000&ssl=1&resize=700%2C400 2x"},"classes":[]},{"id":41567,"url":"https:\/\/victoriavynn.ca\/fr\/product\/victoria-vynn-color-chart-fashion-follower-gel-polish-430-437\/","url_meta":{"origin":52694,"position":4},"title":"Victoria VYNN Color Chart Fashion Follower Gel Polish 430-437","author":"Serge Sahakian","date":"novembre 19, 2025","format":false,"excerpt":"La collection Fashion Follower de Victoria VYNN transforme les tons les plus \u00e0 la mode de la saison en une ligne de vernis gel hautement pigment\u00e9s et parfaits pour les salons de coiffure. Chaque nuance refl\u00e8te le style, l'humeur et la confiance - cr\u00e9\u00e9e pour les artistes et les clients qui aiment s'exprimer par la couleur.","rel":"","context":"Similar post","block_context":{"text":"Similar post","link":""},"img":{"alt_text":"Victoria vynn gel polish fashion follower Color Chart","src":"https:\/\/i0.wp.com\/victoriavynn.ca\/wp-content\/uploads\/2025\/11\/victoria-vynn-gel-polish-fashion-follower-color-chart-1-1.webp?fit=750%2C1000&ssl=1&resize=350%2C200","width":350,"height":200,"srcset":"https:\/\/i0.wp.com\/victoriavynn.ca\/wp-content\/uploads\/2025\/11\/victoria-vynn-gel-polish-fashion-follower-color-chart-1-1.webp?fit=750%2C1000&ssl=1&resize=350%2C200 1x, https:\/\/i0.wp.com\/victoriavynn.ca\/wp-content\/uploads\/2025\/11\/victoria-vynn-gel-polish-fashion-follower-color-chart-1-1.webp?fit=750%2C1000&ssl=1&resize=525%2C300 1.5x, https:\/\/i0.wp.com\/victoriavynn.ca\/wp-content\/uploads\/2025\/11\/victoria-vynn-gel-polish-fashion-follower-color-chart-1-1.webp?fit=750%2C1000&ssl=1&resize=700%2C400 2x"},"classes":[]},{"id":47989,"url":"https:\/\/victoriavynn.ca\/fr\/product\/victoria-vynn-8-pack-ladies-love-red-gel-polish-439-444-oh-my-gloss-top-coat-matte\/","url_meta":{"origin":52694,"position":5},"title":"Victoria VYNN 8 Pack Ladies Love Red Gel Polish 439-444 + Oh ! My Gloss &amp; Top Coat Matte","author":"Serge Sahakian","date":"f\u00e9vrier 2, 2026","format":false,"excerpt":"La collection de vernis en gel Victoria VYNN Ladies Love Red est une gamme de vernis en gel professionnelle cr\u00e9\u00e9e pour les techniciennes en ongles et les amoureuses de la beaut\u00e9 \u00e0 travers le Canada. Cette collection embl\u00e9matique comprend six teintes rouges puissantes, chacune con\u00e7ue pour offrir une couleur intense, une application impeccable et une brillance durable. Collection : Ladies Love Red Le kit comprend : Victoria...","rel":"","context":"Similar post","block_context":{"text":"Similar post","link":""},"img":{"alt_text":"8 PACK LADIES LOVE RED","src":"https:\/\/i0.wp.com\/victoriavynn.ca\/wp-content\/uploads\/2026\/02\/8-pack-ladies-love-red.webp?fit=750%2C1000&ssl=1&resize=350%2C200","width":350,"height":200,"srcset":"https:\/\/i0.wp.com\/victoriavynn.ca\/wp-content\/uploads\/2026\/02\/8-pack-ladies-love-red.webp?fit=750%2C1000&ssl=1&resize=350%2C200 1x, https:\/\/i0.wp.com\/victoriavynn.ca\/wp-content\/uploads\/2026\/02\/8-pack-ladies-love-red.webp?fit=750%2C1000&ssl=1&resize=525%2C300 1.5x, https:\/\/i0.wp.com\/victoriavynn.ca\/wp-content\/uploads\/2026\/02\/8-pack-ladies-love-red.webp?fit=750%2C1000&ssl=1&resize=700%2C400 2x"},"classes":[]}],"jetpack_sharing_enabled":true,"_links":{"self":[{"href":"https:\/\/victoriavynn.ca\/fr\/wp-json\/wp\/v2\/product\/52694","targetHints":{"allow":["GET"]}}],"collection":[{"href":"https:\/\/victoriavynn.ca\/fr\/wp-json\/wp\/v2\/product"}],"about":[{"href":"https:\/\/victoriavynn.ca\/fr\/wp-json\/wp\/v2\/types\/product"}],"replies":[{"embeddable":true,"href":"https:\/\/victoriavynn.ca\/fr\/wp-json\/wp\/v2\/comments?post=52694"}],"wp:featuredmedia":[{"embeddable":true,"href":"https:\/\/victoriavynn.ca\/fr\/wp-json\/wp\/v2\/media\/52964"}],"wp:attachment":[{"href":"https:\/\/victoriavynn.ca\/fr\/wp-json\/wp\/v2\/media?parent=52694"}],"wp:term":[{"taxonomy":"product_brand","embeddable":true,"href":"https:\/\/victoriavynn.ca\/fr\/wp-json\/wp\/v2\/product_brand?post=52694"},{"taxonomy":"product_cat","embeddable":true,"href":"https:\/\/victoriavynn.ca\/fr\/wp-json\/wp\/v2\/product_cat?post=52694"},{"taxonomy":"product_tag","embeddable":true,"href":"https:\/\/victoriavynn.ca\/fr\/wp-json\/wp\/v2\/product_tag?post=52694"}],"curies":[{"name":"wp","href":"https:\/\/api.w.org\/{rel}","templated":true}]}}