{"id":52696,"date":"2026-03-20T18:45:51","date_gmt":"2026-03-20T22:45:51","guid":{"rendered":"https:\/\/victoriavynn.ca\/product\/victoria-vynn-pure-creamy-hybrid-gel-polish-no-268-almost-pink\/"},"modified":"2026-03-22T15:20:07","modified_gmt":"2026-03-22T19:20:07","slug":"victoria-vynn-pure-creamy-hybrid-gel-polish-no-268-almost-pink","status":"publish","type":"product","link":"https:\/\/victoriavynn.ca\/fr\/product\/victoria-vynn-pure-creamy-hybrid-gel-polish-no-268-almost-pink\/","title":{"rendered":"Victoria VYNN Pure Creamy Hybrid Gel Polish No. 268 Almost Pink"},"content":{"rendered":"<figure class=\"wp-block-embed is-type-video is-provider-youtube wp-block-embed-youtube wp-embed-aspect-16-9 wp-has-aspect-ratio\"><div class=\"wp-block-embed__wrapper\">\n<div class=\"lyte-wrapper fourthree\" title=\"Playlist : Inside Color Pure Vegan Hybrid Gel Polish Collection\" style=\"width:480px;max-width:100%;margin:5px;\"><div class=\"lyMe hidef playlist\" id=\"WYL_PLu-w5xQ0N0RU6SIPYh2JVyfYi48YiiTaF\"><div id=\"lyte_PLu-w5xQ0N0RU6SIPYh2JVyfYi48YiiTaF\" data-src=\"https:\/\/i.ytimg.com\/vi\/9W7pz3V1_Dw\/maxresdefault.jpg\" class=\"pL\"><div class=\"tC\"><div class=\"tT\">Playlist : Inside Color Pure Vegan Hybrid Gel Polish Collection<\/div><\/div><div class=\"play\"><\/div><div class=\"ctrl\"><div class=\"Lctrl\"><\/div><div class=\"Rctrl\"><\/div><\/div><\/div><noscript><a href=\"https:\/\/youtube.com\/playlist?list=PLu-w5xQ0N0RU6SIPYh2JVyfYi48YiiTaF\" rel=\"nofollow noopener\" target=\"_blank\"><br \/>Watch this playlist on YouTube<\/a><\/noscript><\/div><\/div>\n<\/div><\/figure><p><strong>Victoria VYNN Pure Creamy Hybrid Gel Polish No. 268 Almost Pink<\/strong> est un vernis gel hybride cr\u00e9meux professionnel con\u00e7u pour un style d'ongles \u00e9l\u00e9gant et durable. Avec sa teinte rose tendre, sa consistance cr\u00e9meuse d'\u00e9paisseur moyenne et son pinceau moderne en forme d'\u00e9ventail, ce vernis gel garantit une application en douceur, une couverture uniforme et des r\u00e9sultats magnifiques dignes d'un salon de beaut\u00e9. Il est id\u00e9al pour les manucures hybrides et le nail art, offrant une finition raffin\u00e9e sans odeur irritante.<\/p><h2 class=\"wp-block-heading\">Caract\u00e9ristiques du produit<\/h2><p><strong>Victoria VYNN Pure Creamy Hybrid No. 268 Almost Pink<\/strong> a \u00e9t\u00e9 cr\u00e9\u00e9 pour les proth\u00e9sistes ongulaires professionnels qui recherchent la performance, la s\u00e9curit\u00e9 et une belle couleur dans une seule formule.<\/p><ul class=\"wp-block-list\"><li>Consistance moyennement \u00e9paisse<\/li>\n\n<li>Formule cr\u00e9meuse<\/li>\n\n<li>Convient \u00e0 la stylisation et \u00e0 la d\u00e9coration des ongles hybrides<\/li>\n\n<li>Couche de dispersion : oui<\/li>\n\n<li>Faible indice de viscosit\u00e9<\/li>\n\n<li>Pour les lampes UV et LED<\/li>\n\n<li>Brosse plate, courte et moderne en forme d'\u00e9ventail<\/li><\/ul><h2 class=\"wp-block-heading\">Principaux avantages<\/h2><p>Ce vernis gel hybride cr\u00e9meux associe une couleur riche \u00e0 une formule de qualit\u00e9 professionnelle con\u00e7ue pour le confort et la durabilit\u00e9.<\/p><ul class=\"wp-block-list\"><li>Formule v\u00e9g\u00e9talienne<\/li>\n\n<li>Texture cr\u00e9meuse pour une application facile et uniforme<\/li>\n\n<li>Pinceau moderne en forme d'\u00e9ventail pour une couverture pr\u00e9cise<\/li>\n\n<li>Couleur r\u00e9sistante au jaunissement<\/li>\n\n<li>Pas d'odeur irritante<\/li>\n\n<li>Profil de s\u00e9curit\u00e9 am\u00e9lior\u00e9<\/li>\n\n<li>Polym\u00e8re biod\u00e9gradable \u00e0 base de cellulose<\/li>\n\n<li>Polym\u00e8res modernes et stables<\/li>\n\n<li>Faible potentiel allerg\u00e8ne<\/li>\n\n<li>Ingr\u00e9dients qui aident \u00e0 prot\u00e9ger la plaque de l'ongle contre le dess\u00e8chement<\/li>\n\n<li>Pigments s\u00fbrs et certifi\u00e9s<\/li>\n\n<li>Min\u00e9raux et ingr\u00e9dients qui cr\u00e9ent une barri\u00e8re protectrice en silicone<\/li><\/ul><h2 class=\"wp-block-heading\">Instructions de s\u00e9chage<\/h2><p>Pour obtenir les meilleurs r\u00e9sultats, le produit doit \u00eatre polym\u00e9ris\u00e9 sous les r\u00e9glages de lampe recommand\u00e9s :<\/p><ul class=\"wp-block-list\"><li><strong>Type de lampe :<\/strong> LED 36 W<\/li>\n\n<li><strong>Temps de s\u00e9chage :<\/strong> 60 secondes par couche<\/li><\/ul><h2 class=\"wp-block-heading\">D\u00e9m\u00e9nagement<\/h2><p>Le produit peut \u00eatre retir\u00e9 en utilisant :<\/p><ul class=\"wp-block-list\"><li>Alcool cosm\u00e9tique<\/li>\n\n<li>Ac\u00e9tone<\/li>\n\n<li>Lime \u00e0 ongles<\/li>\n\n<li>Machine \u00e0 d\u00e9poser \u00e9lectroniquement<\/li><\/ul><h2 class=\"wp-block-heading\">Comment l'utiliser<\/h2><p>Pour obtenir les meilleurs r\u00e9sultats de manucure avec <strong>Victoria VYNN Pure Creamy Hybrid Gel Polish No. 268 Almost Pink<\/strong>, suivez les \u00e9tapes suivantes :<\/p><ol class=\"wp-block-list\"><li>Pr\u00e9parer la plaque de l'ongle naturel en la fa\u00e7onnant, en la polissant l\u00e9g\u00e8rement, en la nettoyant et en la d\u00e9graissant.<\/li>\n\n<li>Appliquer <strong>PR\u00c9PARATION DES ONGLES<\/strong> et attendez environ 30 secondes.<\/li>\n\n<li>Appliquer <strong>TAPE BOND<\/strong> et attendez environ 30 secondes.<\/li>\n\n<li>Appliquer <strong>BASE HYBRIDE CR\u00c9MEUSE ET PURE<\/strong> et le rem\u00e8de pour <strong>60 secondes<\/strong>.<\/li>\n\n<li>Appliquer <strong>2 couches<\/strong> de la teinte de votre choix dans le <strong>Collection Inside Color<\/strong>, en durcissant chaque couche pendant <strong>60 secondes<\/strong>.<\/li>\n\n<li>Terminer la mise en forme avec <strong>TOP HYBRIDE PUR ET CR\u00c9MEUX<\/strong> et le rem\u00e8de pour <strong>60 secondes<\/strong>.<\/li><\/ol><h2 class=\"wp-block-heading\">Ingr\u00e9dients<\/h2><p><strong>Ingr\u00e9dients :<\/strong> Copolym\u00e8re Propyl\u00e8ne Glycol Diricinol\u00e9ate\/IPDI, Copolym\u00e8re d'Acrylates, M\u00e9thacrylate d'Ur\u00e9thane Aliphatique, Copolym\u00e8re Acrylate de Glyc\u00e9ryle\/Acide Acrylique, Butyrate d'Ac\u00e9tate de Cellulose, Silice, Dimethicone, +\/- CI 77891, CI 15850, CI 77499, CI 77492, CI 47005, CI 74260, CI 45380, CI 60725.<\/p><h2 class=\"wp-block-heading\">Pr\u00e9cautions importantes<\/h2><p>Ce produit est destin\u00e9 \u00e0 <strong>\u00e0 usage professionnel uniquement<\/strong>.<\/p><ul class=\"wp-block-list\"><li>Peut provoquer une r\u00e9action allergique<\/li>\n\n<li>\u00c9viter le contact avec la peau et les yeux<\/li>\n\n<li>Tenir hors de port\u00e9e des enfants<\/li>\n\n<li>Lire attentivement le mode d'emploi avant utilisation<\/li>\n\n<li>Utiliser uniquement comme pr\u00e9vu<\/li>\n\n<li>Ne pas utiliser en cas d'hypersensibilit\u00e9 \u00e0 l'un des ingr\u00e9dients.<\/li>\n\n<li>En cas d'irritation, de br\u00fblure, de d\u00e9mangeaison, de rougeur ou d'autres effets ind\u00e9sirables, arr\u00eater imm\u00e9diatement l'utilisation et consulter un m\u00e9decin.<\/li>\n\n<li>Appliquer uniquement sur une plaque d'ongle saine et intacte.<\/li><\/ul><h2 class=\"wp-block-heading\">Contre-indications<\/h2><p>Ne pas utiliser dans les cas suivants :<\/p><ul class=\"wp-block-list\"><li>Maladies de la plaque de l'ongle<\/li>\n\n<li>Affections inflammatoires ou allergiques<\/li>\n\n<li>L\u00e9sions de l'ongle ou de la zone de l'ongle<\/li>\n\n<li>Ongles incarn\u00e9s ou tubulaires<\/li>\n\n<li>Hypersensibilit\u00e9 \u00e0 l'un des ingr\u00e9dients du produit<\/li><\/ul>","protected":false},"excerpt":{"rendered":"<p>Victoria VYNN Pure Vegan 268 Almost Pink est un vernis gel hybride cr\u00e9meux avec une teinte douce et \u00e9l\u00e9gante, une application douce et des r\u00e9sultats professionnels de longue dur\u00e9e. Sp\u00e9cifications du produit : <img loading=\"lazy\" decoding=\"async\" class=\"size-full wp-image-9090 alignleft\" src=\"https:\/\/victoriavynn.ca\/wp-content\/uploads\/2022\/09\/VEGAN-FORMULA.webp\" alt=\"VERNIS \u00c0 ONGLES V\u00c9G\u00c9TALIEN\" width=\"125\" height=\"150\" \/><img loading=\"lazy\" decoding=\"async\" class=\"size-full wp-image-52845 alignleft\" src=\"https:\/\/victoriavynn.ca\/wp-content\/uploads\/2026\/03\/creamy-formula-new.webp\" alt=\"FORMULE CR\u00c9MEUSE NOUVEAU\" width=\"125\" height=\"150\" srcset=\"https:\/\/i0.wp.com\/victoriavynn.ca\/wp-content\/uploads\/2026\/03\/creamy-formula-new.webp?w=125&amp;ssl=1 125w, https:\/\/i0.wp.com\/victoriavynn.ca\/wp-content\/uploads\/2026\/03\/creamy-formula-new.webp?resize=10%2C12&amp;ssl=1 10w, https:\/\/i0.wp.com\/victoriavynn.ca\/wp-content\/uploads\/2026\/03\/creamy-formula-new.webp?resize=64%2C77&amp;ssl=1 64w\" sizes=\"auto, (max-width: 125px) 100vw, 125px\" \/><img loading=\"lazy\" decoding=\"async\" class=\"size-full wp-image-8779 alignleft\" src=\"https:\/\/victoriavynn.ca\/wp-content\/uploads\/2022\/12\/FOR-LED-LAMP.webp\" alt=\"VERNIS GEL CR\u00c9MEUX\" width=\"125\" height=\"150\" \/><img loading=\"lazy\" decoding=\"async\" class=\"size-full wp-image-22180 alignleft\" src=\"https:\/\/victoriavynn.ca\/wp-content\/uploads\/2025\/06\/professional-flat-classic-brush.webp\" alt=\"BROSSE CLASSIQUE PLATE PROFESSIONNELLE\" width=\"125\" height=\"150\" srcset=\"https:\/\/i0.wp.com\/victoriavynn.ca\/wp-content\/uploads\/2025\/06\/professional-flat-classic-brush.webp?w=125&amp;ssl=1 125w, https:\/\/i0.wp.com\/victoriavynn.ca\/wp-content\/uploads\/2025\/06\/professional-flat-classic-brush.webp?resize=10%2C12&amp;ssl=1 10w, https:\/\/i0.wp.com\/victoriavynn.ca\/wp-content\/uploads\/2025\/06\/professional-flat-classic-brush.webp?resize=64%2C77&amp;ssl=1 64w\" sizes=\"auto, (max-width: 125px) 100vw, 125px\" \/> \u00a0 \u00a0 \u00a0 \u00a0 \u00a0 \u00a0<\/p>","protected":false},"featured_media":52858,"comment_status":"open","ping_status":"closed","template":"","meta":{"jetpack_post_was_ever_published":false,"jetpack_publicize_message":"","jetpack_publicize_feature_enabled":true,"jetpack_social_post_already_shared":true,"jetpack_social_options":{"image_generator_settings":{"template":"highway","default_image_id":0,"font":"","enabled":false},"version":2}},"product_brand":[922],"product_cat":[48],"product_tag":[974],"class_list":{"0":"post-52696","1":"product","2":"type-product","3":"status-publish","4":"has-post-thumbnail","6":"product_brand-victoria-vynn","7":"product_cat-hybrid-gel-nail-colors","8":"product_tag-inside-color-vegan-pure-creamy-collection","10":"first","11":"instock","12":"taxable","13":"shipping-taxable","14":"purchasable","15":"product-type-simple"},"jetpack_publicize_connections":[],"jetpack-related-posts":[{"id":4361,"url":"https:\/\/victoriavynn.ca\/fr\/product\/best-pink-gel-nail-polish-055-pink-up\/","url_meta":{"origin":52696,"position":0},"title":"Pure Creamy Hybrid Gel Polish No. 055 Pink Up","author":"Serge Sahakian","date":"septembre 2, 2022","format":false,"excerpt":"Vernis \u00e0 ongles en gel d'un rose attrayant ! Victoria VYNN Pure Creamy Hybrid High Pigment Gel Polish 055 Pink Up est une nuance de rose intense qui est tout simplement \u00e9poustouflante. Le premier distributeur canadien de fournitures professionnelles pour les ongles. Achetez en toute confiance ! Sp\u00e9cifications du produit :               Disponibilit\u00e9 du stock :","rel":"","context":"Similar post","block_context":{"text":"Similar post","link":""},"img":{"alt_text":"Best Pink Gel Nail Polish Victoira VYNN Pure Creamy Hybrid 055 Pink Up","src":"https:\/\/i0.wp.com\/victoriavynn.ca\/wp-content\/uploads\/2022\/09\/Best-Pink-Gel-Nail-Polish-Victoira-VYNN-Pure-Creamy-Hybrid-055-Pink-Up.webp?fit=750%2C1000&ssl=1&resize=350%2C200","width":350,"height":200,"srcset":"https:\/\/i0.wp.com\/victoriavynn.ca\/wp-content\/uploads\/2022\/09\/Best-Pink-Gel-Nail-Polish-Victoira-VYNN-Pure-Creamy-Hybrid-055-Pink-Up.webp?fit=750%2C1000&ssl=1&resize=350%2C200 1x, https:\/\/i0.wp.com\/victoriavynn.ca\/wp-content\/uploads\/2022\/09\/Best-Pink-Gel-Nail-Polish-Victoira-VYNN-Pure-Creamy-Hybrid-055-Pink-Up.webp?fit=750%2C1000&ssl=1&resize=525%2C300 1.5x, https:\/\/i0.wp.com\/victoriavynn.ca\/wp-content\/uploads\/2022\/09\/Best-Pink-Gel-Nail-Polish-Victoira-VYNN-Pure-Creamy-Hybrid-055-Pink-Up.webp?fit=750%2C1000&ssl=1&resize=700%2C400 2x"},"classes":[]},{"id":4431,"url":"https:\/\/victoriavynn.ca\/fr\/product\/fuchsia-gel-nail-polish-015-fuschsia-dream\/","url_meta":{"origin":52696,"position":1},"title":"Pure Creamy Hybrid Gel Polish No. 015 Fuchsia Dream","author":"Serge Sahakian","date":"septembre 2, 2022","format":false,"excerpt":"Vernis \u00e0 ongles en gel Fuchsia chaud ! Victoria VYNN Pure Creamy Hybrid High Pigment Gel Polish Fuchsia Dream No. 015 est une nuance de rose funky, irr\u00e9ductible et \u00e0 la mode. Le premier distributeur canadien de fournitures professionnelles pour les ongles. Achetez en toute confiance ! Sp\u00e9cifications du produit :               Disponibilit\u00e9 en stock :","rel":"","context":"Similar post","block_context":{"text":"Similar post","link":""},"img":{"alt_text":"Hot Fuchsia Gel Nail Polish Victoria VYNN Pure Creamy Hybrid 015 Fuchsia Dream","src":"https:\/\/i0.wp.com\/victoriavynn.ca\/wp-content\/uploads\/2022\/09\/Hot-Fuchsia-Gel-Nail-Polish-Victoria-VYNN-Pure-Creamy-Hybrid-015-Fuchsia-Dream.webp?fit=750%2C1000&ssl=1&resize=350%2C200","width":350,"height":200,"srcset":"https:\/\/i0.wp.com\/victoriavynn.ca\/wp-content\/uploads\/2022\/09\/Hot-Fuchsia-Gel-Nail-Polish-Victoria-VYNN-Pure-Creamy-Hybrid-015-Fuchsia-Dream.webp?fit=750%2C1000&ssl=1&resize=350%2C200 1x, https:\/\/i0.wp.com\/victoriavynn.ca\/wp-content\/uploads\/2022\/09\/Hot-Fuchsia-Gel-Nail-Polish-Victoria-VYNN-Pure-Creamy-Hybrid-015-Fuchsia-Dream.webp?fit=750%2C1000&ssl=1&resize=525%2C300 1.5x, https:\/\/i0.wp.com\/victoriavynn.ca\/wp-content\/uploads\/2022\/09\/Hot-Fuchsia-Gel-Nail-Polish-Victoria-VYNN-Pure-Creamy-Hybrid-015-Fuchsia-Dream.webp?fit=750%2C1000&ssl=1&resize=700%2C400 2x"},"classes":[]},{"id":6884,"url":"https:\/\/victoriavynn.ca\/fr\/product\/victoria-vynn-sparkling-burgundy-nails-130\/","url_meta":{"origin":52696,"position":2},"title":"Gel polissant hybride Pure Creamy No. 130 Tawny Port","author":"Serge Sahakian","date":"octobre 4, 2022","format":false,"excerpt":"Le meilleur vernis en gel scintillant pour les ongles bourgogne ! Victoria VYNN Pure Creamy Hybrid High Pigment Gel Polish 130 Tawny Port est une teinte bordeaux originale avec des paillettes violettes et des millions de particules roses. Le premier distributeur canadien de fournitures professionnelles pour les ongles. Achetez en toute confiance ! Sp\u00e9cifications du produit :          ...","rel":"","context":"Similar post","block_context":{"text":"Similar post","link":""},"img":{"alt_text":"Victoria vynn pure creamy sparkling burgundy nails tawny port no. 130","src":"https:\/\/i0.wp.com\/victoriavynn.ca\/wp-content\/uploads\/2022\/10\/victoria-vynn-pure-creamy-sparkling-burgundy-nails-tawny-port-no.-130.webp?fit=750%2C1000&ssl=1&resize=350%2C200","width":350,"height":200,"srcset":"https:\/\/i0.wp.com\/victoriavynn.ca\/wp-content\/uploads\/2022\/10\/victoria-vynn-pure-creamy-sparkling-burgundy-nails-tawny-port-no.-130.webp?fit=750%2C1000&ssl=1&resize=350%2C200 1x, https:\/\/i0.wp.com\/victoriavynn.ca\/wp-content\/uploads\/2022\/10\/victoria-vynn-pure-creamy-sparkling-burgundy-nails-tawny-port-no.-130.webp?fit=750%2C1000&ssl=1&resize=525%2C300 1.5x, https:\/\/i0.wp.com\/victoriavynn.ca\/wp-content\/uploads\/2022\/10\/victoria-vynn-pure-creamy-sparkling-burgundy-nails-tawny-port-no.-130.webp?fit=750%2C1000&ssl=1&resize=700%2C400 2x"},"classes":[]},{"id":4259,"url":"https:\/\/victoriavynn.ca\/fr\/product\/light-beige-pink-nails-pure-creamy-135\/","url_meta":{"origin":52696,"position":3},"title":"Vernis gel hybride cr\u00e9meux Pure n\u00b0 135 Mellow Rose","author":"Serge Sahakian","date":"septembre 2, 2022","format":false,"excerpt":"Le meilleur vernis en gel beige ros\u00e9 pour les ongles ! Victoria VYNN Pure Creamy Hybrid High Pigment Gel Polish 135 Mellow Rose est une teinte beige, fortement domin\u00e9e par le rose, ce qui permettra \u00e0 la couleur de s'adapter parfaitement \u00e0 n'importe quel design. Le plus grand distributeur canadien de fournitures professionnelles pour les ongles. Achetez en toute confiance ! Sp\u00e9cifications du produit :    ...","rel":"","context":"Similar post","block_context":{"text":"Similar post","link":""},"img":{"alt_text":"Victoria VYNN Pure Creamy Light Beige Pink Nails 135 Mellow Rose","src":"https:\/\/i0.wp.com\/victoriavynn.ca\/wp-content\/uploads\/2022\/09\/victoria-vynn-pure-creamy-light-beige-pink-nails-135-mellow-rose.webp?fit=750%2C1000&ssl=1&resize=350%2C200","width":350,"height":200,"srcset":"https:\/\/i0.wp.com\/victoriavynn.ca\/wp-content\/uploads\/2022\/09\/victoria-vynn-pure-creamy-light-beige-pink-nails-135-mellow-rose.webp?fit=750%2C1000&ssl=1&resize=350%2C200 1x, https:\/\/i0.wp.com\/victoriavynn.ca\/wp-content\/uploads\/2022\/09\/victoria-vynn-pure-creamy-light-beige-pink-nails-135-mellow-rose.webp?fit=750%2C1000&ssl=1&resize=525%2C300 1.5x, https:\/\/i0.wp.com\/victoriavynn.ca\/wp-content\/uploads\/2022\/09\/victoria-vynn-pure-creamy-light-beige-pink-nails-135-mellow-rose.webp?fit=750%2C1000&ssl=1&resize=700%2C400 2x"},"classes":[]},{"id":8381,"url":"https:\/\/victoriavynn.ca\/fr\/product\/creamy-pink-gel-polish-no-233-rouge-dawn\/","url_meta":{"origin":52696,"position":4},"title":"Pure Creamy Hybrid Gel Polish No. 233 Rouge Dawn","author":"Serge Sahakian","date":"D\u00e9cembre 15, 2022","format":false,"excerpt":"Victoria VYNN Hybrid Pure Creamy Pink Gel Polish Rouge Dawn No. 233 is a pink shade of the rising sun over a lake. Canada's Leading Distributor of Professional Nail Supplies. Buy with Confidence! Collection: Pure Creamy Hybrid Voyage Collection Product Specifications: \u00a0 \u00a0 \u00a0 \u00a0 \u00a0 \u00a0 \u00a0 Stock Availability:","rel":"","context":"Similar post","block_context":{"text":"Similar post","link":""},"img":{"alt_text":"creamy pink gel polish","src":"https:\/\/i0.wp.com\/victoriavynn.ca\/wp-content\/uploads\/2022\/12\/233.png?fit=1000%2C1000&ssl=1&resize=350%2C200","width":350,"height":200,"srcset":"https:\/\/i0.wp.com\/victoriavynn.ca\/wp-content\/uploads\/2022\/12\/233.png?fit=1000%2C1000&ssl=1&resize=350%2C200 1x, https:\/\/i0.wp.com\/victoriavynn.ca\/wp-content\/uploads\/2022\/12\/233.png?fit=1000%2C1000&ssl=1&resize=525%2C300 1.5x, https:\/\/i0.wp.com\/victoriavynn.ca\/wp-content\/uploads\/2022\/12\/233.png?fit=1000%2C1000&ssl=1&resize=700%2C400 2x"},"classes":[]},{"id":4325,"url":"https:\/\/victoriavynn.ca\/fr\/product\/candy-coral-pink-nails-076-candy-bloom\/","url_meta":{"origin":52696,"position":5},"title":"Vernis gel hybride cr\u00e9meux pur n\u00b0 076 Candy Bloom","author":"Serge Sahakian","date":"septembre 2, 2022","format":false,"excerpt":"Magnifiques ongles rose corail ! Victoria VYNN Pure Creamy Hybrid High Pigment Gel Polish 076 Candy Bloom est une teinte corail douce et extr\u00eamement f\u00e9minine de Coral Pink qui est magnifique sur toutes les longueurs d'ongles. Le plus grand distributeur canadien de fournitures professionnelles pour les ongles. Achetez en toute confiance ! Sp\u00e9cifications du produit :      ...","rel":"","context":"Similar post","block_context":{"text":"Similar post","link":""},"img":{"alt_text":"Best Candy Coral Pink Nails Victoria VYNN Pure Creamy Hybrid 076 Candy Bloom","src":"https:\/\/i0.wp.com\/victoriavynn.ca\/wp-content\/uploads\/2022\/09\/Best-Cabdy-Coral-Pink-Nails-Victoria-VYNN-Pure-Creamy-Hybrid-076-Candy-Bloom.webp?fit=750%2C1000&ssl=1&resize=350%2C200","width":350,"height":200,"srcset":"https:\/\/i0.wp.com\/victoriavynn.ca\/wp-content\/uploads\/2022\/09\/Best-Cabdy-Coral-Pink-Nails-Victoria-VYNN-Pure-Creamy-Hybrid-076-Candy-Bloom.webp?fit=750%2C1000&ssl=1&resize=350%2C200 1x, https:\/\/i0.wp.com\/victoriavynn.ca\/wp-content\/uploads\/2022\/09\/Best-Cabdy-Coral-Pink-Nails-Victoria-VYNN-Pure-Creamy-Hybrid-076-Candy-Bloom.webp?fit=750%2C1000&ssl=1&resize=525%2C300 1.5x, https:\/\/i0.wp.com\/victoriavynn.ca\/wp-content\/uploads\/2022\/09\/Best-Cabdy-Coral-Pink-Nails-Victoria-VYNN-Pure-Creamy-Hybrid-076-Candy-Bloom.webp?fit=750%2C1000&ssl=1&resize=700%2C400 2x"},"classes":[]}],"jetpack_sharing_enabled":true,"_links":{"self":[{"href":"https:\/\/victoriavynn.ca\/fr\/wp-json\/wp\/v2\/product\/52696","targetHints":{"allow":["GET"]}}],"collection":[{"href":"https:\/\/victoriavynn.ca\/fr\/wp-json\/wp\/v2\/product"}],"about":[{"href":"https:\/\/victoriavynn.ca\/fr\/wp-json\/wp\/v2\/types\/product"}],"replies":[{"embeddable":true,"href":"https:\/\/victoriavynn.ca\/fr\/wp-json\/wp\/v2\/comments?post=52696"}],"wp:featuredmedia":[{"embeddable":true,"href":"https:\/\/victoriavynn.ca\/fr\/wp-json\/wp\/v2\/media\/52858"}],"wp:attachment":[{"href":"https:\/\/victoriavynn.ca\/fr\/wp-json\/wp\/v2\/media?parent=52696"}],"wp:term":[{"taxonomy":"product_brand","embeddable":true,"href":"https:\/\/victoriavynn.ca\/fr\/wp-json\/wp\/v2\/product_brand?post=52696"},{"taxonomy":"product_cat","embeddable":true,"href":"https:\/\/victoriavynn.ca\/fr\/wp-json\/wp\/v2\/product_cat?post=52696"},{"taxonomy":"product_tag","embeddable":true,"href":"https:\/\/victoriavynn.ca\/fr\/wp-json\/wp\/v2\/product_tag?post=52696"}],"curies":[{"name":"wp","href":"https:\/\/api.w.org\/{rel}","templated":true}]}}