{"id":52700,"date":"2026-03-20T19:44:55","date_gmt":"2026-03-20T23:44:55","guid":{"rendered":"https:\/\/victoriavynn.ca\/product\/victoria-vynn-pure-creamy-hybrid-gel-polish-no-270-neo-pink\/"},"modified":"2026-05-07T19:42:36","modified_gmt":"2026-05-07T23:42:36","slug":"victoria-vynn-pure-creamy-vegan-gel-polish-no-270-neo-pink","status":"publish","type":"product","link":"https:\/\/victoriavynn.ca\/fr\/product\/victoria-vynn-pure-creamy-vegan-gel-polish-no-270-neo-pink\/","title":{"rendered":"Victoria VYNN Pure Creamy Hybrid Gel Polish No. 270 Neo Pink"},"content":{"rendered":"\n<figure class=\"wp-block-embed is-type-video is-provider-youtube wp-block-embed-youtube wp-embed-aspect-16-9 wp-has-aspect-ratio\"><div class=\"wp-block-embed__wrapper\">\n<div class=\"lyte-wrapper fourthree\" title=\"Playlist: Inside Color Pure Vegan Hybrid Gel Polish Collection\" style=\"width:480px;max-width:100%;margin:5px;\"><div class=\"lyMe hidef playlist\" id=\"WYL_PLu-w5xQ0N0RU6SIPYh2JVyfYi48YiiTaF\"><div id=\"lyte_PLu-w5xQ0N0RU6SIPYh2JVyfYi48YiiTaF\" data-src=\"https:\/\/i.ytimg.com\/vi\/9W7pz3V1_Dw\/maxresdefault.jpg\" class=\"pL\"><div class=\"tC\"><div class=\"tT\">Playlist: Inside Color Pure Vegan Hybrid Gel Polish Collection<\/div><\/div><div class=\"play\"><\/div><div class=\"ctrl\"><div class=\"Lctrl\"><\/div><div class=\"Rctrl\"><\/div><\/div><\/div><noscript><a href=\"https:\/\/youtube.com\/playlist?list=PLu-w5xQ0N0RU6SIPYh2JVyfYi48YiiTaF\" rel=\"nofollow noopener\" target=\"_blank\"><br \/>Watch this playlist on YouTube<\/a><\/noscript><\/div><\/div>\n<\/div><\/figure>\n\n\n\n<h2 class=\"wp-block-heading\">Why You\u2019ll Love It<\/h2>\n\n\n\n<h3 class=\"wp-block-heading\">Key Benefits<\/h3>\n\n\n\n<ul class=\"wp-block-list\">\n<li>Vegan-friendly formula<\/li>\n\n\n\n<li>Creamy texture for smooth, streak-free application<\/li>\n\n\n\n<li>Medium-thick consistency for better control<\/li>\n\n\n\n<li>Modern fan-shaped brush for precision<\/li>\n\n\n\n<li>Long-lasting, yellowing-resistant color<\/li>\n\n\n\n<li>No irritating smell<\/li>\n\n\n\n<li>Low viscosity index<\/li>\n\n\n\n<li>Perfect for hybrid manicures and nail art<\/li>\n\n\n\n<li>Professional salon-quality results<\/li>\n<\/ul>\n\n\n\n<hr class=\"wp-block-separator has-alpha-channel-opacity\"\/>\n\n\n\n<h2 class=\"wp-block-heading\">Advanced Formula Technology<\/h2>\n\n\n\n<h3 class=\"wp-block-heading\">Safety &amp; Performance Features<\/h3>\n\n\n\n<ul class=\"wp-block-list\">\n<li>Biodegradable cellulose-based polymer<\/li>\n\n\n\n<li>Advanced, stable polymer structure<\/li>\n\n\n\n<li>Low allergenic potential<\/li>\n\n\n\n<li>Ingredients that help protect the natural nail from dehydration<\/li>\n\n\n\n<li>Certified, safe pigments<\/li>\n\n\n\n<li>Mineral-enriched formula with a protective silicone barrier<\/li>\n<\/ul>\n\n\n\n<hr class=\"wp-block-separator has-alpha-channel-opacity\"\/>\n\n\n\n<h2 class=\"wp-block-heading\">Product Specifications<\/h2>\n\n\n\n<ul class=\"wp-block-list\">\n<li><strong>Product Name:<\/strong> Victoria VYNN Pure Creamy Hybrid Gel Polish No. 270 Neo Pink<\/li>\n\n\n\n<li><strong>Consistency:<\/strong> Medium-thick<\/li>\n\n\n\n<li><strong>Formula:<\/strong> Creamy<\/li>\n\n\n\n<li><strong>Application:<\/strong> Hybrid manicure, nail art<\/li>\n\n\n\n<li><strong>Dispersion Layer:<\/strong> Yes<\/li>\n\n\n\n<li><strong>Viscosity Index:<\/strong> Low<\/li>\n\n\n\n<li><strong>Brush Type:<\/strong> Flat, short, fan-shaped brush<\/li>\n\n\n\n<li><strong>Lamp Compatibility:<\/strong> UV &amp; LED<\/li>\n\n\n\n<li><strong>Curing Time:<\/strong> 60 seconds (LED 36W)<\/li>\n<\/ul>\n\n\n\n<hr class=\"wp-block-separator has-alpha-channel-opacity\"\/>\n\n\n\n<h2 class=\"wp-block-heading\">How to Use<\/h2>\n\n\n\n<p>Follow these professional steps for best results:<\/p>\n\n\n\n<ol class=\"wp-block-list\">\n<li>Prepare the natural nail plate: shape, gently buff, cleanse, and degrease.<\/li>\n\n\n\n<li>Apply <strong>NAIL PREP<\/strong> and wait approx. 30 seconds.<\/li>\n\n\n\n<li>Apply <strong>TAPE BOND<\/strong> and wait approx. 30 seconds.<\/li>\n\n\n\n<li>Apply <strong>PURE CREAMY HYBRID BASE<\/strong> and cure for <strong>60 seconds<\/strong>.<\/li>\n\n\n\n<li>Apply <strong>2 thin layers<\/strong> of Neo Pink and cure each layer for <strong>60 seconds<\/strong>.<\/li>\n\n\n\n<li>Finish with <strong>PURE CREAMY HYBRID TOP<\/strong> and cure for <strong>60 seconds<\/strong>.<\/li>\n<\/ol>\n\n\n\n<hr class=\"wp-block-separator has-alpha-channel-opacity\"\/>\n\n\n\n<h2 class=\"wp-block-heading\">Curing Instructions<\/h2>\n\n\n\n<h3 class=\"wp-block-heading\">Recommended Lamp<\/h3>\n\n\n\n<ul class=\"wp-block-list\">\n<li><strong>Lamp Type:<\/strong> LED 36W<\/li>\n\n\n\n<li><strong>Curing Time:<\/strong> 60 seconds<\/li>\n<\/ul>\n\n\n\n<p>Compatible with both <strong>UV and LED lamps<\/strong>.<\/p>\n\n\n\n<hr class=\"wp-block-separator has-alpha-channel-opacity\"\/>\n\n\n\n<h2 class=\"wp-block-heading\">Removal<\/h2>\n\n\n\n<p>Can be removed using:<\/p>\n\n\n\n<ul class=\"wp-block-list\">\n<li>Cosmetic alcohol<\/li>\n\n\n\n<li>Acetone<\/li>\n\n\n\n<li>Nail file<\/li>\n\n\n\n<li>E-file \/ nail drill<\/li>\n<\/ul>\n\n\n\n<hr class=\"wp-block-separator has-alpha-channel-opacity\"\/>\n\n\n\n<h2 class=\"wp-block-heading\">Ingredients<\/h2>\n\n\n\n<p><strong>Ingredients:<\/strong> PROPYLENE GLYCOL DIRICINOLEATE\/IPDI COPOLYMER, ACRYLATES COPOLYMER, ALIPHATIC URETHANE METHACRYLATE, GLYCERYL ACRYLATE\/ACRYLIC ACID COPOLYMER, CELLULOSE ACETATE BUTYRATE, SILICA, DIMETHICONE [+\/-] CI 77891, CI 15850, CI 77499, CI 77492, CI 47005, CI 74260, CI 45380, CI 60725.<\/p>\n\n\n\n<hr class=\"wp-block-separator has-alpha-channel-opacity\"\/>\n\n\n\n<h2 class=\"wp-block-heading\">Important Precautions<\/h2>\n\n\n\n<ul class=\"wp-block-list\">\n<li>For professional use only<\/li>\n\n\n\n<li>May cause allergic reactions<\/li>\n\n\n\n<li>Avoid contact with skin and eyes<\/li>\n\n\n\n<li>Keep out of reach of children<\/li>\n\n\n\n<li>Read instructions carefully before use<\/li>\n\n\n\n<li>Use only as intended<\/li>\n\n\n\n<li>Do not use if allergic to any ingredient<\/li>\n\n\n\n<li>If irritation occurs (burning, itching, redness), discontinue use and consult a doctor<\/li>\n\n\n\n<li>Apply only on healthy, undamaged nails<\/li>\n<\/ul>\n\n\n\n<hr class=\"wp-block-separator has-alpha-channel-opacity\"\/>\n\n\n\n<h2 class=\"wp-block-heading\">Contraindications<\/h2>\n\n\n\n<p>Do not use if:<\/p>\n\n\n\n<ul class=\"wp-block-list\">\n<li>Nail plate is damaged or diseased<\/li>\n\n\n\n<li>Inflammatory or allergic conditions are present<\/li>\n\n\n\n<li>Nail or surrounding tissue is injured<\/li>\n\n\n\n<li>You have ingrown or tubular nails<\/li>\n\n\n\n<li>You are sensitive to any ingredient<\/li>\n<\/ul>\n\n\n\n<hr class=\"wp-block-separator has-alpha-channel-opacity\"\/>\n\n\n\n<h2 class=\"wp-block-heading\">Who Is It For?<\/h2>\n\n\n\n<p><strong>Victoria VYNN Pure Creamy Hybrid Gel Polish No. 270 Neo Pink<\/strong> is perfect for nail technicians and professionals looking for a high-performance hybrid gel polish with a modern formula, smooth application, and vibrant color payoff.<\/p>\n","protected":false},"excerpt":{"rendered":"<p>Am\u00e9liorez votre style d'ongles avec le vernis gel hybride cr\u00e9meux Victoria VYNN Pure n\u00b0 270 Neo Pink, une teinte vibrante et moderne con\u00e7ue pour les manucures hybrides professionnelles. Dot\u00e9 d'une consistance cr\u00e9meuse et moyennement \u00e9paisse et d'un pinceau de pr\u00e9cision en forme d'\u00e9ventail, ce vernis gel assure une couverture parfaite et uniforme \u00e0 chaque application. Sa formule v\u00e9g\u00e9talienne, son faible potentiel allerg\u00e8ne et sa composition sans odeur en font un produit id\u00e9al pour les professionnels des salons de coiffure qui recherchent \u00e0 la fois performance et confort. La couleur reste r\u00e9sistante au jaunissement, offrant une finition manucure fra\u00eeche et durable. Sp\u00e9cifications du produit : <img loading=\"lazy\" decoding=\"async\" class=\"size-full wp-image-9090 alignleft\" src=\"https:\/\/victoriavynn.ca\/wp-content\/uploads\/2022\/09\/VEGAN-FORMULA.webp\" alt=\"VERNIS \u00c0 ONGLES V\u00c9G\u00c9TALIEN\" width=\"125\" height=\"150\" \/><img loading=\"lazy\" decoding=\"async\" class=\"size-full wp-image-52845 alignleft\" src=\"https:\/\/victoriavynn.ca\/wp-content\/uploads\/2026\/03\/creamy-formula-new.webp\" alt=\"FORMULE CR\u00c9MEUSE NOUVEAU\" width=\"125\" height=\"150\" srcset=\"https:\/\/i0.wp.com\/victoriavynn.ca\/wp-content\/uploads\/2026\/03\/creamy-formula-new.webp?w=125&amp;ssl=1 125w, https:\/\/i0.wp.com\/victoriavynn.ca\/wp-content\/uploads\/2026\/03\/creamy-formula-new.webp?resize=10%2C12&amp;ssl=1 10w, https:\/\/i0.wp.com\/victoriavynn.ca\/wp-content\/uploads\/2026\/03\/creamy-formula-new.webp?resize=64%2C77&amp;ssl=1 64w\" sizes=\"auto, (max-width: 125px) 100vw, 125px\" \/><img loading=\"lazy\" decoding=\"async\" class=\"size-full wp-image-8779 alignleft\" src=\"https:\/\/victoriavynn.ca\/wp-content\/uploads\/2022\/12\/FOR-LED-LAMP.webp\" alt=\"VERNIS GEL CR\u00c9MEUX\" width=\"125\" height=\"150\" \/><img loading=\"lazy\" decoding=\"async\" class=\"size-full wp-image-22180 alignleft\" src=\"https:\/\/victoriavynn.ca\/wp-content\/uploads\/2025\/06\/professional-flat-classic-brush.webp\" alt=\"BROSSE CLASSIQUE PLATE PROFESSIONNELLE\" width=\"125\" height=\"150\" srcset=\"https:\/\/i0.wp.com\/victoriavynn.ca\/wp-content\/uploads\/2025\/06\/professional-flat-classic-brush.webp?w=125&amp;ssl=1 125w, https:\/\/i0.wp.com\/victoriavynn.ca\/wp-content\/uploads\/2025\/06\/professional-flat-classic-brush.webp?resize=10%2C12&amp;ssl=1 10w, https:\/\/i0.wp.com\/victoriavynn.ca\/wp-content\/uploads\/2025\/06\/professional-flat-classic-brush.webp?resize=64%2C77&amp;ssl=1 64w\" sizes=\"auto, (max-width: 125px) 100vw, 125px\" \/> \u00a0 \u00a0 \u00a0 \u00a0 \u00a0 \u00a0 \u00a0<\/p>","protected":false},"featured_media":52882,"comment_status":"open","ping_status":"closed","template":"","meta":[],"product_brand":[922],"product_cat":[48],"product_tag":[974],"class_list":{"0":"post-52700","1":"product","2":"type-product","3":"status-publish","4":"has-post-thumbnail","6":"product_brand-victoria-vynn","7":"product_cat-hybrid-gel-nail-colors","8":"product_tag-inside-color-vegan-pure-creamy-collection","10":"first","11":"instock","12":"taxable","13":"shipping-taxable","14":"purchasable","15":"product-type-simple"},"jetpack_sharing_enabled":true,"_links":{"self":[{"href":"https:\/\/victoriavynn.ca\/fr\/wp-json\/wp\/v2\/product\/52700","targetHints":{"allow":["GET"]}}],"collection":[{"href":"https:\/\/victoriavynn.ca\/fr\/wp-json\/wp\/v2\/product"}],"about":[{"href":"https:\/\/victoriavynn.ca\/fr\/wp-json\/wp\/v2\/types\/product"}],"replies":[{"embeddable":true,"href":"https:\/\/victoriavynn.ca\/fr\/wp-json\/wp\/v2\/comments?post=52700"}],"wp:featuredmedia":[{"embeddable":true,"href":"https:\/\/victoriavynn.ca\/fr\/wp-json\/wp\/v2\/media\/52882"}],"wp:attachment":[{"href":"https:\/\/victoriavynn.ca\/fr\/wp-json\/wp\/v2\/media?parent=52700"}],"wp:term":[{"taxonomy":"product_brand","embeddable":true,"href":"https:\/\/victoriavynn.ca\/fr\/wp-json\/wp\/v2\/product_brand?post=52700"},{"taxonomy":"product_cat","embeddable":true,"href":"https:\/\/victoriavynn.ca\/fr\/wp-json\/wp\/v2\/product_cat?post=52700"},{"taxonomy":"product_tag","embeddable":true,"href":"https:\/\/victoriavynn.ca\/fr\/wp-json\/wp\/v2\/product_tag?post=52700"}],"curies":[{"name":"wp","href":"https:\/\/api.w.org\/{rel}","templated":true}]}}