{"id":52712,"date":"2026-03-20T19:54:59","date_gmt":"2026-03-20T23:54:59","guid":{"rendered":"https:\/\/victoriavynn.ca\/product\/victoria-vynn-pure-creamy-hybrid-gel-polish-no-275-lablue\/"},"modified":"2026-04-10T15:00:09","modified_gmt":"2026-04-10T19:00:09","slug":"victoria-vynn-pure-creamy-vegan-gel-polish-no-275-lablue","status":"publish","type":"product","link":"https:\/\/victoriavynn.ca\/fr\/product\/victoria-vynn-pure-creamy-vegan-gel-polish-no-275-lablue\/","title":{"rendered":"Victoria VYNN Pure Creamy Hybrid Gel Polish No. 275 LABlue"},"content":{"rendered":"<figure class=\"wp-block-embed is-type-video is-provider-youtube wp-block-embed-youtube wp-embed-aspect-16-9 wp-has-aspect-ratio\"><div class=\"wp-block-embed__wrapper\">\n<div class=\"lyte-wrapper fourthree\" title=\"Playlist: Inside Color Pure Vegan Hybrid Gel Polish Collection\" style=\"width:480px;max-width:100%;margin:5px;\"><div class=\"lyMe hidef playlist\" id=\"WYL_PLu-w5xQ0N0RU6SIPYh2JVyfYi48YiiTaF\"><div id=\"lyte_PLu-w5xQ0N0RU6SIPYh2JVyfYi48YiiTaF\" data-src=\"https:\/\/i.ytimg.com\/vi\/9W7pz3V1_Dw\/maxresdefault.jpg\" class=\"pL\"><div class=\"tC\"><div class=\"tT\">Playlist: Inside Color Pure Vegan Hybrid Gel Polish Collection<\/div><\/div><div class=\"play\"><\/div><div class=\"ctrl\"><div class=\"Lctrl\"><\/div><div class=\"Rctrl\"><\/div><\/div><\/div><noscript><a href=\"https:\/\/youtube.com\/playlist?list=PLu-w5xQ0N0RU6SIPYh2JVyfYi48YiiTaF\" rel=\"nofollow noopener\" target=\"_blank\"><br \/>Watch this playlist on YouTube<\/a><\/noscript><\/div><\/div>\n<\/div><\/figure><h2 class=\"wp-block-heading\">Why You\u2019ll Love It<\/h2><h3 class=\"wp-block-heading\">Key Benefits<\/h3><ul class=\"wp-block-list\"><li>Vegan formula<\/li>\n\n<li>Creamy consistency for smooth, streak-free application<\/li>\n\n<li>Medium-thick texture for optimal control<\/li>\n\n<li>Modern fan-shaped brush for precision<\/li>\n\n<li>Long-lasting color resistant to yellowing<\/li>\n\n<li>No irritating odor<\/li>\n\n<li>Low viscosity index<\/li>\n\n<li>Ideal for hybrid manicures and nail art<\/li>\n\n<li>Professional salon-quality performance<\/li><\/ul><hr class=\"wp-block-separator has-alpha-channel-opacity\"\/><h2 class=\"wp-block-heading\">Advanced Formula Technology<\/h2><h3 class=\"wp-block-heading\">Safety &amp; Performance Features<\/h3><ul class=\"wp-block-list\"><li>Biodegradable cellulose-based polymer<\/li>\n\n<li>Advanced, stable polymer system<\/li>\n\n<li>Low allergenic potential<\/li>\n\n<li>Ingredients that help protect the nail plate from dehydration<\/li>\n\n<li>Certified, safe pigments<\/li>\n\n<li>Mineral-enriched formula with a protective silicone barrier<\/li><\/ul><hr class=\"wp-block-separator has-alpha-channel-opacity\"\/><h2 class=\"wp-block-heading\">Product Specifications<\/h2><ul class=\"wp-block-list\"><li><strong>Product Name:<\/strong> Victoria VYNN Pure Creamy Hybrid Gel Polish No. 275 LABlue<\/li>\n\n<li><strong>Consistency:<\/strong> Medium-thick<\/li>\n\n<li><strong>Formula:<\/strong> Creamy<\/li>\n\n<li><strong>Application:<\/strong> Hybrid manicure, nail art<\/li>\n\n<li><strong>Dispersion Layer:<\/strong> Yes<\/li>\n\n<li><strong>Viscosity Index:<\/strong> Low<\/li>\n\n<li><strong>Brush Type:<\/strong> Flat, short, fan-shaped brush<\/li>\n\n<li><strong>Lamp Compatibility:<\/strong> UV &amp; LED<\/li>\n\n<li><strong>Curing Time:<\/strong> 60 seconds (LED 36W)<\/li><\/ul><hr class=\"wp-block-separator has-alpha-channel-opacity\"\/><h2 class=\"wp-block-heading\">How to Use<\/h2><p>Follow these steps for optimal professional results:<\/p><ol class=\"wp-block-list\"><li>Prepare the natural nail plate: shape, gently buff, cleanse, and degrease.<\/li>\n\n<li>Apply <strong>NAIL PREP<\/strong> and wait approx. 30 seconds.<\/li>\n\n<li>Apply <strong>TAPE BOND<\/strong> and wait approx. 30 seconds.<\/li>\n\n<li>Apply <strong>PURE CREAMY HYBRID BASE<\/strong> and cure for <strong>60 seconds<\/strong>.<\/li>\n\n<li>Apply <strong>2 thin layers<\/strong> of LABlue and cure each layer for <strong>60 seconds<\/strong>.<\/li>\n\n<li>Finish with <strong>PURE CREAMY HYBRID TOP<\/strong> and cure for <strong>60 seconds<\/strong>.<\/li><\/ol><hr class=\"wp-block-separator has-alpha-channel-opacity\"\/><h2 class=\"wp-block-heading\">Curing Instructions<\/h2><h3 class=\"wp-block-heading\">Recommended Lamp<\/h3><ul class=\"wp-block-list\"><li><strong>Lamp Type:<\/strong> LED 36W<\/li>\n\n<li><strong>Curing Time:<\/strong> 60 seconds<\/li><\/ul><p>Compatible with both <strong>UV and LED lamps<\/strong>.<\/p><hr class=\"wp-block-separator has-alpha-channel-opacity\"\/><h2 class=\"wp-block-heading\">Removal<\/h2><p>Remove using:<\/p><ul class=\"wp-block-list\"><li>Cosmetic alcohol<\/li>\n\n<li>Acetone<\/li>\n\n<li>Nail file<\/li>\n\n<li>E-file \/ nail drill<\/li><\/ul><hr class=\"wp-block-separator has-alpha-channel-opacity\"\/><h2 class=\"wp-block-heading\">Ingredients<\/h2><p><strong>Ingredients:<\/strong> PROPYLENE GLYCOL DIRICINOLEATE\/IPDI COPOLYMER, ACRYLATES COPOLYMER, ALIPHATIC URETHANE METHACRYLATE, GLYCERYL ACRYLATE\/ACRYLIC ACID COPOLYMER, CELLULOSE ACETATE BUTYRATE, SILICA, DIMETHICONE [+\/-] CI 77891, CI 15850, CI 77499, CI 77492, CI 77007, CI 74260, CI 45370, CI 60725.<\/p><hr class=\"wp-block-separator has-alpha-channel-opacity\"\/><h2 class=\"wp-block-heading\">Important Precautions<\/h2><ul class=\"wp-block-list\"><li>For professional use only<\/li>\n\n<li>May cause allergic reactions<\/li>\n\n<li>Avoid contact with skin and eyes<\/li>\n\n<li>Keep out of reach of children<\/li>\n\n<li>Read instructions carefully before use<\/li>\n\n<li>Use only as intended<\/li>\n\n<li>Do not use if sensitive to any ingredient<\/li>\n\n<li>If irritation occurs (burning, itching, redness), discontinue use and consult a physician<\/li>\n\n<li>Apply only on healthy, undamaged nails<\/li><\/ul><hr class=\"wp-block-separator has-alpha-channel-opacity\"\/><h2 class=\"wp-block-heading\">Contraindications<\/h2><p>Do not use if:<\/p><ul class=\"wp-block-list\"><li>Nail plate shows disease or damage<\/li>\n\n<li>Inflammatory or allergic conditions are present<\/li>\n\n<li>Nails or surrounding skin are injured<\/li>\n\n<li>You have ingrown or tubular nails<\/li>\n\n<li>You are hypersensitive to any ingredient<\/li><\/ul><hr class=\"wp-block-separator has-alpha-channel-opacity\"\/><h2 class=\"wp-block-heading\">Who Is It For?<\/h2><p><strong>Victoria VYNN Pure Creamy Hybrid Gel Polish No. 275 LABlue<\/strong> is ideal for nail professionals seeking a high-performance hybrid gel polish with a creamy formula, precise control, and a bold, trendy blue shade.<\/p>","protected":false},"excerpt":{"rendered":"<p>Ajoutez une touche audacieuse et moderne \u00e0 votre style d'ongles avec le vernis gel hybride cr\u00e9meux Victoria VYNN n\u00b0 275 LABlue, une teinte bleue tendance con\u00e7ue pour des manucures hybrides remarquables. Sa consistance cr\u00e9meuse et moyennement \u00e9paisse assure une couverture lisse et uniforme sans stries, tandis que le pinceau de pr\u00e9cision en forme d'\u00e9ventail permet une application parfaite et contr\u00f4l\u00e9e.<\/p>\n<p>Formul\u00e9 pour les professionnels, ce vernis en gel pr\u00e9sente une composition v\u00e9g\u00e9talienne, sans odeur et \u00e0 faible potentiel allerg\u00e8ne, offrant \u00e0 la fois confort et performance. La couleur est con\u00e7ue pour r\u00e9sister au jaunissement, garantissant un fini durable et \u00e9clatant.<\/p>\n<p>Sp\u00e9cifications du produit :<\/p>\n<p><img loading=\"lazy\" decoding=\"async\" class=\"size-full wp-image-9090 alignleft\" src=\"https:\/\/victoriavynn.ca\/wp-content\/uploads\/2022\/09\/VEGAN-FORMULA.webp\" alt=\"VERNIS \u00c0 ONGLES V\u00c9G\u00c9TALIEN\" width=\"125\" height=\"150\" \/><img loading=\"lazy\" decoding=\"async\" class=\"size-full wp-image-52845 alignleft\" src=\"https:\/\/victoriavynn.ca\/wp-content\/uploads\/2026\/03\/creamy-formula-new.webp\" alt=\"FORMULE CR\u00c9MEUSE NOUVEAU\" width=\"125\" height=\"150\" srcset=\"https:\/\/i0.wp.com\/victoriavynn.ca\/wp-content\/uploads\/2026\/03\/creamy-formula-new.webp?w=125&amp;ssl=1 125w, https:\/\/i0.wp.com\/victoriavynn.ca\/wp-content\/uploads\/2026\/03\/creamy-formula-new.webp?resize=10%2C12&amp;ssl=1 10w, https:\/\/i0.wp.com\/victoriavynn.ca\/wp-content\/uploads\/2026\/03\/creamy-formula-new.webp?resize=64%2C77&amp;ssl=1 64w\" sizes=\"auto, (max-width: 125px) 100vw, 125px\" \/><img loading=\"lazy\" decoding=\"async\" class=\"size-full wp-image-8779 alignleft\" src=\"https:\/\/victoriavynn.ca\/wp-content\/uploads\/2022\/12\/FOR-LED-LAMP.webp\" alt=\"VERNIS GEL CR\u00c9MEUX\" width=\"125\" height=\"150\" \/><img loading=\"lazy\" decoding=\"async\" class=\"size-full wp-image-22180 alignleft\" src=\"https:\/\/victoriavynn.ca\/wp-content\/uploads\/2025\/06\/professional-flat-classic-brush.webp\" alt=\"BROSSE CLASSIQUE PLATE PROFESSIONNELLE\" width=\"125\" height=\"150\" srcset=\"https:\/\/i0.wp.com\/victoriavynn.ca\/wp-content\/uploads\/2025\/06\/professional-flat-classic-brush.webp?w=125&amp;ssl=1 125w, https:\/\/i0.wp.com\/victoriavynn.ca\/wp-content\/uploads\/2025\/06\/professional-flat-classic-brush.webp?resize=10%2C12&amp;ssl=1 10w, https:\/\/i0.wp.com\/victoriavynn.ca\/wp-content\/uploads\/2025\/06\/professional-flat-classic-brush.webp?resize=64%2C77&amp;ssl=1 64w\" sizes=\"auto, (max-width: 125px) 100vw, 125px\" \/><\/p>\n<p>&nbsp;<\/p>\n<p>&nbsp;<\/p>\n<p>&nbsp;<\/p>\n<p>&nbsp;<\/p>\n<p>&nbsp;<\/p>\n<p>&nbsp;<\/p>\n<p>&nbsp;<\/p>","protected":false},"featured_media":52906,"comment_status":"open","ping_status":"closed","template":"","meta":{"jetpack_post_was_ever_published":false,"jetpack_publicize_message":"","jetpack_publicize_feature_enabled":true,"jetpack_social_post_already_shared":true,"jetpack_social_options":{"image_generator_settings":{"template":"highway","default_image_id":0,"font":"","enabled":false},"version":2}},"product_brand":[922],"product_cat":[48],"product_tag":[974],"class_list":{"0":"post-52712","1":"product","2":"type-product","3":"status-publish","4":"has-post-thumbnail","6":"product_brand-victoria-vynn","7":"product_cat-hybrid-gel-nail-colors","8":"product_tag-inside-color-vegan-pure-creamy-collection","10":"first","11":"instock","12":"taxable","13":"shipping-taxable","14":"purchasable","15":"product-type-simple"},"jetpack_publicize_connections":[],"jetpack-related-posts":[{"id":52734,"url":"https:\/\/victoriavynn.ca\/fr\/product\/victoria-vynn-5-pack-inside-color-pure-vegan-creamy-273-277-pastel\/","url_meta":{"origin":52712,"position":0},"title":"Victoria VYNN 5 Pack Inside Color Pure Vegan Creamy 273-277 (Pastel)","author":"Serge Sahakian","date":"mars 20, 2026","format":false,"excerpt":"\ud83c\udf38 Pure Vegan Creamy Hybrid \u2013 Pastel Collection (5-Pack Sets) Step into a world of softness, elegance, and modern nail artistry with the Pure Vegan Creamy Hybrid Pastel Collection by Victoria VYNN. Designed for professionals and beauty lovers alike, these curated 5-piece pastel sets deliver a perfectly balanced palette of\u2026","rel":"","context":"Similar post","block_context":{"text":"Similar post","link":""},"img":{"alt_text":"pastel final 5 pack in the lan ionside collection","src":"https:\/\/i0.wp.com\/victoriavynn.ca\/wp-content\/uploads\/2026\/03\/pastel-final-5-pack-in-the-lan-ionside-collection.webp?fit=750%2C1000&ssl=1&resize=350%2C200","width":350,"height":200,"srcset":"https:\/\/i0.wp.com\/victoriavynn.ca\/wp-content\/uploads\/2026\/03\/pastel-final-5-pack-in-the-lan-ionside-collection.webp?fit=750%2C1000&ssl=1&resize=350%2C200 1x, https:\/\/i0.wp.com\/victoriavynn.ca\/wp-content\/uploads\/2026\/03\/pastel-final-5-pack-in-the-lan-ionside-collection.webp?fit=750%2C1000&ssl=1&resize=525%2C300 1.5x, https:\/\/i0.wp.com\/victoriavynn.ca\/wp-content\/uploads\/2026\/03\/pastel-final-5-pack-in-the-lan-ionside-collection.webp?fit=750%2C1000&ssl=1&resize=700%2C400 2x"},"classes":[]},{"id":52736,"url":"https:\/\/victoriavynn.ca\/fr\/product\/victoria-vynn-5-pack-inside-color-pure-vegan-creamy-268-272-pink\/","url_meta":{"origin":52712,"position":1},"title":"Victoria VYNN 5 Pack Inside Color Pure Vegan Creamy 268-272 (Pink)","author":"Serge Sahakian","date":"mars 20, 2026","format":false,"excerpt":"\ud83d\udc97 Pure Vegan Creamy Hybrid \u2013 Pink Collection (5-Pack Sets) Celebrate femininity, confidence, and timeless beauty with the Pure Vegan Creamy Hybrid Pink Collection by Victoria VYNN. This carefully curated 5-piece set of pink shades captures every mood\u2014from soft blush tones to vibrant, statement pinks\u2014perfect for creating elegant, modern, and\u2026","rel":"","context":"Similar post","block_context":{"text":"Similar post","link":""},"img":{"alt_text":"pastel 5 pack in the lan ionside collection","src":"https:\/\/i0.wp.com\/victoriavynn.ca\/wp-content\/uploads\/2026\/03\/pastel-5-pack-in-the-lan-ionside-collection.webp?fit=750%2C1000&ssl=1&resize=350%2C200","width":350,"height":200,"srcset":"https:\/\/i0.wp.com\/victoriavynn.ca\/wp-content\/uploads\/2026\/03\/pastel-5-pack-in-the-lan-ionside-collection.webp?fit=750%2C1000&ssl=1&resize=350%2C200 1x, https:\/\/i0.wp.com\/victoriavynn.ca\/wp-content\/uploads\/2026\/03\/pastel-5-pack-in-the-lan-ionside-collection.webp?fit=750%2C1000&ssl=1&resize=525%2C300 1.5x, https:\/\/i0.wp.com\/victoriavynn.ca\/wp-content\/uploads\/2026\/03\/pastel-5-pack-in-the-lan-ionside-collection.webp?fit=750%2C1000&ssl=1&resize=700%2C400 2x"},"classes":[]},{"id":41588,"url":"https:\/\/victoriavynn.ca\/fr\/product\/victoria-vynn-8-pack-fashion-follower-gel-polish-430-437-color-chart\/","url_meta":{"origin":52712,"position":2},"title":"Victoria VYNN 8 Pack Fashion Follower Gel Polish 430-437 + Color Chart","author":"Serge Sahakian","date":"novembre 19, 2025","format":false,"excerpt":"La collection Fashion Follower de Victoria VYNN transforme les tons les plus \u00e0 la mode de la saison en une ligne de vernis gel hautement pigment\u00e9s et parfaits pour les salons de coiffure. Chaque nuance refl\u00e8te le style, l'humeur et la confiance - cr\u00e9\u00e9e pour les artistes et les clients qui aiment s'exprimer par la couleur. Collection : Fashion Follower Le kit comprend : Victoria VYNN...","rel":"","context":"Similar post","block_context":{"text":"Similar post","link":""},"img":{"alt_text":"Victoria vynn gel polish fashion follower 8 pack + Color Chart","src":"https:\/\/i0.wp.com\/victoriavynn.ca\/wp-content\/uploads\/2025\/11\/victoria-vynn-gel-polish-fashion-follower-8-pack-color-chart-.webp?fit=750%2C1000&ssl=1&resize=350%2C200","width":350,"height":200,"srcset":"https:\/\/i0.wp.com\/victoriavynn.ca\/wp-content\/uploads\/2025\/11\/victoria-vynn-gel-polish-fashion-follower-8-pack-color-chart-.webp?fit=750%2C1000&ssl=1&resize=350%2C200 1x, https:\/\/i0.wp.com\/victoriavynn.ca\/wp-content\/uploads\/2025\/11\/victoria-vynn-gel-polish-fashion-follower-8-pack-color-chart-.webp?fit=750%2C1000&ssl=1&resize=525%2C300 1.5x, https:\/\/i0.wp.com\/victoriavynn.ca\/wp-content\/uploads\/2025\/11\/victoria-vynn-gel-polish-fashion-follower-8-pack-color-chart-.webp?fit=750%2C1000&ssl=1&resize=700%2C400 2x"},"classes":[]},{"id":41571,"url":"https:\/\/victoriavynn.ca\/fr\/product\/victoria-vynn-gel-polish-no-430-creme-de-chic\/","url_meta":{"origin":52712,"position":3},"title":"Victoria VYNN Gel Polish No. 430 Creme de Chic","author":"Serge Sahakian","date":"novembre 19, 2025","format":false,"excerpt":"A soft, creamy white that screams minimalist chic. Think clean, elegant, \u201cexpensive\u201d nails \u2013 perfect for full-color looks, French tips, or as a base for nail art. A timeless choice for autumn and winter when you want a bright but refined manicure. Collection: Fashion Follower Product Specifications: \u00a0 \u00a0 \u00a0\u2026","rel":"","context":"Similar post","block_context":{"text":"Similar post","link":""},"img":{"alt_text":"Victoria vynn gel polish fashion follower no. 430 creme de chic","src":"https:\/\/i0.wp.com\/victoriavynn.ca\/wp-content\/uploads\/2025\/09\/victoria-vynn-gel-polish-fashion-follower-no.-430-creme-de-chic.webp?fit=750%2C1000&ssl=1&resize=350%2C200","width":350,"height":200,"srcset":"https:\/\/i0.wp.com\/victoriavynn.ca\/wp-content\/uploads\/2025\/09\/victoria-vynn-gel-polish-fashion-follower-no.-430-creme-de-chic.webp?fit=750%2C1000&ssl=1&resize=350%2C200 1x, https:\/\/i0.wp.com\/victoriavynn.ca\/wp-content\/uploads\/2025\/09\/victoria-vynn-gel-polish-fashion-follower-no.-430-creme-de-chic.webp?fit=750%2C1000&ssl=1&resize=525%2C300 1.5x, https:\/\/i0.wp.com\/victoriavynn.ca\/wp-content\/uploads\/2025\/09\/victoria-vynn-gel-polish-fashion-follower-no.-430-creme-de-chic.webp?fit=750%2C1000&ssl=1&resize=700%2C400 2x"},"classes":[]},{"id":41573,"url":"https:\/\/victoriavynn.ca\/fr\/product\/victoria-vynn-gel-polish-no-431-earl-grey-t\/","url_meta":{"origin":52712,"position":4},"title":"Victoria VYNN Gel Polish No. 431 Earl Grey-t","author":"Serge Sahakian","date":"novembre 19, 2025","format":false,"excerpt":"Un gris moyen froid inspir\u00e9 par le style urbain \u00e9pur\u00e9. Id\u00e9al pour les ongles professionnels et les manucures d'affaires. Il est subtil mais pas ennuyeux - un neutre polyvalent et moderne qui se porte tous les jours et qui est consid\u00e9r\u00e9 comme une nuance incontournable pour la saison A\/W 2025\/26. Collection : Fashion Follower Sp\u00e9cifications du produit :  ...","rel":"","context":"Similar post","block_context":{"text":"Similar post","link":""},"img":{"alt_text":"Victoria vynn gel polish fashion follower no. 431 earl Grey-T","src":"https:\/\/i0.wp.com\/victoriavynn.ca\/wp-content\/uploads\/2025\/11\/victoria-vynn-gel-polish-fashion-follower-no.-431-earl-grey-t.webp?fit=750%2C1000&ssl=1&resize=350%2C200","width":350,"height":200,"srcset":"https:\/\/i0.wp.com\/victoriavynn.ca\/wp-content\/uploads\/2025\/11\/victoria-vynn-gel-polish-fashion-follower-no.-431-earl-grey-t.webp?fit=750%2C1000&ssl=1&resize=350%2C200 1x, https:\/\/i0.wp.com\/victoriavynn.ca\/wp-content\/uploads\/2025\/11\/victoria-vynn-gel-polish-fashion-follower-no.-431-earl-grey-t.webp?fit=750%2C1000&ssl=1&resize=525%2C300 1.5x, https:\/\/i0.wp.com\/victoriavynn.ca\/wp-content\/uploads\/2025\/11\/victoria-vynn-gel-polish-fashion-follower-no.-431-earl-grey-t.webp?fit=750%2C1000&ssl=1&resize=700%2C400 2x"},"classes":[]},{"id":41577,"url":"https:\/\/victoriavynn.ca\/fr\/product\/victoria-vynn-gel-polish-no-433-jeanious\/","url_meta":{"origin":52712,"position":5},"title":"Victoria VYNN Gel Polish No. 433 Jeanious","author":"Serge Sahakian","date":"novembre 19, 2025","format":false,"excerpt":"Un denim marine qui ressemble \u00e0 votre paire de jeans pr\u00e9f\u00e9r\u00e9e : fiable, d\u00e9contract\u00e9 et toujours \u00e9l\u00e9gant. Cette nuance apporte un caract\u00e8re urbain et d\u00e9contract\u00e9 aux ongles de tous les jours. Elle est parfaite pour une couleur int\u00e9grale ou combin\u00e9e avec des nudes et des blancs pour des cr\u00e9ations de style urbain tr\u00e8s tendance. Collection : Fashion Follower Sp\u00e9cifications du produit :          ...","rel":"","context":"Similar post","block_context":{"text":"Similar post","link":""},"img":{"alt_text":"Victoria vynn gel polish fashion follower no. 433 Jeanious","src":"https:\/\/i0.wp.com\/victoriavynn.ca\/wp-content\/uploads\/2025\/11\/victoria-vynn-gel-polish-fashion-follower-no.-433-jeanious.webp?fit=750%2C1000&ssl=1&resize=350%2C200","width":350,"height":200,"srcset":"https:\/\/i0.wp.com\/victoriavynn.ca\/wp-content\/uploads\/2025\/11\/victoria-vynn-gel-polish-fashion-follower-no.-433-jeanious.webp?fit=750%2C1000&ssl=1&resize=350%2C200 1x, https:\/\/i0.wp.com\/victoriavynn.ca\/wp-content\/uploads\/2025\/11\/victoria-vynn-gel-polish-fashion-follower-no.-433-jeanious.webp?fit=750%2C1000&ssl=1&resize=525%2C300 1.5x, https:\/\/i0.wp.com\/victoriavynn.ca\/wp-content\/uploads\/2025\/11\/victoria-vynn-gel-polish-fashion-follower-no.-433-jeanious.webp?fit=750%2C1000&ssl=1&resize=700%2C400 2x"},"classes":[]}],"jetpack_sharing_enabled":true,"_links":{"self":[{"href":"https:\/\/victoriavynn.ca\/fr\/wp-json\/wp\/v2\/product\/52712","targetHints":{"allow":["GET"]}}],"collection":[{"href":"https:\/\/victoriavynn.ca\/fr\/wp-json\/wp\/v2\/product"}],"about":[{"href":"https:\/\/victoriavynn.ca\/fr\/wp-json\/wp\/v2\/types\/product"}],"replies":[{"embeddable":true,"href":"https:\/\/victoriavynn.ca\/fr\/wp-json\/wp\/v2\/comments?post=52712"}],"wp:featuredmedia":[{"embeddable":true,"href":"https:\/\/victoriavynn.ca\/fr\/wp-json\/wp\/v2\/media\/52906"}],"wp:attachment":[{"href":"https:\/\/victoriavynn.ca\/fr\/wp-json\/wp\/v2\/media?parent=52712"}],"wp:term":[{"taxonomy":"product_brand","embeddable":true,"href":"https:\/\/victoriavynn.ca\/fr\/wp-json\/wp\/v2\/product_brand?post=52712"},{"taxonomy":"product_cat","embeddable":true,"href":"https:\/\/victoriavynn.ca\/fr\/wp-json\/wp\/v2\/product_cat?post=52712"},{"taxonomy":"product_tag","embeddable":true,"href":"https:\/\/victoriavynn.ca\/fr\/wp-json\/wp\/v2\/product_tag?post=52712"}],"curies":[{"name":"wp","href":"https:\/\/api.w.org\/{rel}","templated":true}]}}