{"id":52716,"date":"2026-03-20T19:55:01","date_gmt":"2026-03-20T23:55:01","guid":{"rendered":"https:\/\/victoriavynn.ca\/product\/victoria-vynn-pure-creamy-hybrid-gel-polish-no-277-pinkment\/"},"modified":"2026-04-24T18:53:15","modified_gmt":"2026-04-24T22:53:15","slug":"victoria-vynn-pure-vegan-gel-polish-no-277-pinkment","status":"publish","type":"product","link":"https:\/\/victoriavynn.ca\/fr\/product\/victoria-vynn-pure-vegan-gel-polish-no-277-pinkment\/","title":{"rendered":"Victoria VYNN Pure Creamy Hybrid Gel Polish No. 277 PINKment"},"content":{"rendered":"\n<figure class=\"wp-block-embed is-type-video is-provider-youtube wp-block-embed-youtube wp-embed-aspect-16-9 wp-has-aspect-ratio\"><div class=\"wp-block-embed__wrapper\">\n<div class=\"lyte-wrapper fourthree\" title=\"Playlist: Inside Color Pure Vegan Hybrid Gel Polish Collection\" style=\"width:480px;max-width:100%;margin:5px;\"><div class=\"lyMe hidef playlist\" id=\"WYL_PLu-w5xQ0N0RU6SIPYh2JVyfYi48YiiTaF\"><div id=\"lyte_PLu-w5xQ0N0RU6SIPYh2JVyfYi48YiiTaF\" data-src=\"https:\/\/i.ytimg.com\/vi\/9W7pz3V1_Dw\/maxresdefault.jpg\" class=\"pL\"><div class=\"tC\"><div class=\"tT\">Playlist: Inside Color Pure Vegan Hybrid Gel Polish Collection<\/div><\/div><div class=\"play\"><\/div><div class=\"ctrl\"><div class=\"Lctrl\"><\/div><div class=\"Rctrl\"><\/div><\/div><\/div><noscript><a href=\"https:\/\/youtube.com\/playlist?list=PLu-w5xQ0N0RU6SIPYh2JVyfYi48YiiTaF\" rel=\"nofollow noopener\" target=\"_blank\"><br \/>Watch this playlist on YouTube<\/a><\/noscript><\/div><\/div>\n<\/div><\/figure>\n\n\n\n<h2 class=\"wp-block-heading\">Why You\u2019ll Love It<\/h2>\n\n\n\n<h3 class=\"wp-block-heading\">Key Benefits<\/h3>\n\n\n\n<ul class=\"wp-block-list\">\n<li>Vegan formula<\/li>\n\n\n\n<li>Creamy consistency for smooth, even application<\/li>\n\n\n\n<li>Medium-thick texture for precise control<\/li>\n\n\n\n<li>Modern fan-shaped brush for accuracy<\/li>\n\n\n\n<li>Long-lasting color resistant to yellowing<\/li>\n\n\n\n<li>No irritating odor<\/li>\n\n\n\n<li>Low viscosity index<\/li>\n\n\n\n<li>Ideal for hybrid manicures and nail art<\/li>\n\n\n\n<li>Professional salon-quality finish<\/li>\n<\/ul>\n\n\n\n<hr class=\"wp-block-separator has-alpha-channel-opacity\"\/>\n\n\n\n<h2 class=\"wp-block-heading\">Advanced Formula Technology<\/h2>\n\n\n\n<h3 class=\"wp-block-heading\">Safety &amp; Performance Features<\/h3>\n\n\n\n<ul class=\"wp-block-list\">\n<li>Biodegradable cellulose-based polymer<\/li>\n\n\n\n<li>Advanced, stable polymer system<\/li>\n\n\n\n<li>Low allergenic potential<\/li>\n\n\n\n<li>Ingredients that help protect the nail plate from dehydration<\/li>\n\n\n\n<li>Certified, safe pigments<\/li>\n\n\n\n<li>Mineral-enriched formula with a protective silicone barrier<\/li>\n<\/ul>\n\n\n\n<hr class=\"wp-block-separator has-alpha-channel-opacity\"\/>\n\n\n\n<h2 class=\"wp-block-heading\">Product Specifications<\/h2>\n\n\n\n<ul class=\"wp-block-list\">\n<li><strong>Product Name:<\/strong> Victoria VYNN Pure Creamy Hybrid Gel Polish No. 277 PINKment<\/li>\n\n\n\n<li><strong>Consistency:<\/strong> Medium-thick<\/li>\n\n\n\n<li><strong>Formula:<\/strong> Creamy<\/li>\n\n\n\n<li><strong>Application:<\/strong> Hybrid manicure, nail art<\/li>\n\n\n\n<li><strong>Dispersion Layer:<\/strong> Yes<\/li>\n\n\n\n<li><strong>Viscosity Index:<\/strong> Low<\/li>\n\n\n\n<li><strong>Brush Type:<\/strong> Flat, short, fan-shaped brush<\/li>\n\n\n\n<li><strong>Lamp Compatibility:<\/strong> UV &amp; LED<\/li>\n\n\n\n<li><strong>Curing Time:<\/strong> 60 seconds (LED 36W)<\/li>\n<\/ul>\n\n\n\n<hr class=\"wp-block-separator has-alpha-channel-opacity\"\/>\n\n\n\n<h2 class=\"wp-block-heading\">How to Use<\/h2>\n\n\n\n<p>Follow these steps for optimal professional results:<\/p>\n\n\n\n<ol class=\"wp-block-list\">\n<li>Prepare the natural nail plate: shape, gently buff, cleanse, and degrease.<\/li>\n\n\n\n<li>Apply <strong>NAIL PREP<\/strong> and wait approx. 30 seconds.<\/li>\n\n\n\n<li>Apply <strong>TAPE BOND<\/strong> and wait approx. 30 seconds.<\/li>\n\n\n\n<li>Apply <strong>PURE CREAMY HYBRID BASE<\/strong> and cure for <strong>60 seconds<\/strong>.<\/li>\n\n\n\n<li>Apply <strong>2 thin layers<\/strong> of PINKment and cure each layer for <strong>60 seconds<\/strong>.<\/li>\n\n\n\n<li>Finish with <strong>PURE CREAMY HYBRID TOP<\/strong> and cure for <strong>60 seconds<\/strong>.<\/li>\n<\/ol>\n\n\n\n<hr class=\"wp-block-separator has-alpha-channel-opacity\"\/>\n\n\n\n<h2 class=\"wp-block-heading\">Curing Instructions<\/h2>\n\n\n\n<h3 class=\"wp-block-heading\">Recommended Lamp<\/h3>\n\n\n\n<ul class=\"wp-block-list\">\n<li><strong>Lamp Type:<\/strong> LED 36W<\/li>\n\n\n\n<li><strong>Curing Time:<\/strong> 60 seconds<\/li>\n<\/ul>\n\n\n\n<p>Compatible with both <strong>UV and LED lamps<\/strong>.<\/p>\n\n\n\n<hr class=\"wp-block-separator has-alpha-channel-opacity\"\/>\n\n\n\n<h2 class=\"wp-block-heading\">Removal<\/h2>\n\n\n\n<p>Remove using:<\/p>\n\n\n\n<ul class=\"wp-block-list\">\n<li>Cosmetic alcohol<\/li>\n\n\n\n<li>Acetone<\/li>\n\n\n\n<li>Nail file<\/li>\n\n\n\n<li>E-file \/ nail drill<\/li>\n<\/ul>\n\n\n\n<hr class=\"wp-block-separator has-alpha-channel-opacity\"\/>\n\n\n\n<h2 class=\"wp-block-heading\">Ingredients<\/h2>\n\n\n\n<p><strong>Ingredients:<\/strong> PROPYLENE GLYCOL DIRICINOLEATE\/IPDI COPOLYMER, ACRYLATES COPOLYMER, ALIPHATIC URETHANE METHACRYLATE, GLYCERYL ACRYLATE\/ACRYLIC ACID COPOLYMER, CELLULOSE ACETATE BUTYRATE, SILICA, DIMETHICONE [+\/-] CI 77891, CI 15850, CI 77499, CI 77492, CI 77007, CI 74260, CI 45370, CI 60725.<\/p>\n\n\n\n<hr class=\"wp-block-separator has-alpha-channel-opacity\"\/>\n\n\n\n<h2 class=\"wp-block-heading\">Important Precautions<\/h2>\n\n\n\n<ul class=\"wp-block-list\">\n<li>For professional use only<\/li>\n\n\n\n<li>May cause allergic reactions<\/li>\n\n\n\n<li>Avoid contact with skin and eyes<\/li>\n\n\n\n<li>Keep out of reach of children<\/li>\n\n\n\n<li>Read instructions carefully before use<\/li>\n\n\n\n<li>Use only as intended<\/li>\n\n\n\n<li>Do not use if sensitive to any ingredient<\/li>\n\n\n\n<li>If irritation occurs (burning, itching, redness), discontinue use and consult a physician<\/li>\n\n\n\n<li>Apply only on healthy, undamaged nails<\/li>\n<\/ul>\n\n\n\n<hr class=\"wp-block-separator has-alpha-channel-opacity\"\/>\n\n\n\n<h2 class=\"wp-block-heading\">Contraindications<\/h2>\n\n\n\n<p>Do not use if:<\/p>\n\n\n\n<ul class=\"wp-block-list\">\n<li>Nail plate shows disease or damage<\/li>\n\n\n\n<li>Inflammatory or allergic conditions are present<\/li>\n\n\n\n<li>Nails or surrounding skin are injured<\/li>\n\n\n\n<li>You have ingrown or tubular nails<\/li>\n\n\n\n<li>You are hypersensitive to any ingredient<\/li>\n<\/ul>\n\n\n\n<hr class=\"wp-block-separator has-alpha-channel-opacity\"\/>\n\n\n\n<h2 class=\"wp-block-heading\">Who Is It For?<\/h2>\n\n\n\n<p><strong>Victoria VYNN Pure Creamy Hybrid Gel Polish No. 277 PINKment<\/strong> is ideal for nail professionals looking for a creamy hybrid gel polish with precise control, vibrant color, and reliable long-lasting performance.<\/p>\n","protected":false},"excerpt":{"rendered":"<p>Ajoutez une touche ludique mais sophistiqu\u00e9e \u00e0 votre manucure avec le vernis gel hybride cr\u00e9meux Victoria VYNN n\u00b0 277 PINKment, une teinte rose tendance con\u00e7ue pour un style d'ongle moderne et expressif. Sa consistance cr\u00e9meuse et moyennement \u00e9paisse assure une couverture lisse et sans stries, tandis que le pinceau de pr\u00e9cision en forme d'\u00e9ventail permet une application contr\u00f4l\u00e9e et sans effort. Cr\u00e9\u00e9 pour un usage professionnel, ce vernis gel hybride pr\u00e9sente une formule v\u00e9g\u00e9talienne, sans odeur et \u00e0 faible potentiel allerg\u00e8ne, offrant \u00e0 la fois confort et haute performance. La couleur r\u00e9siste au jaunissement, garantissant un fini durable et \u00e9clatant.<\/p>\n<p>Sp\u00e9cifications du produit :<\/p>\n<p><img loading=\"lazy\" decoding=\"async\" class=\"size-full wp-image-9090 alignleft\" src=\"https:\/\/victoriavynn.ca\/wp-content\/uploads\/2022\/09\/VEGAN-FORMULA.webp\" alt=\"VERNIS \u00c0 ONGLES V\u00c9G\u00c9TALIEN\" width=\"125\" height=\"150\" \/><img loading=\"lazy\" decoding=\"async\" class=\"size-full wp-image-52845 alignleft\" src=\"https:\/\/victoriavynn.ca\/wp-content\/uploads\/2026\/03\/creamy-formula-new.webp\" alt=\"FORMULE CR\u00c9MEUSE NOUVEAU\" width=\"125\" height=\"150\" srcset=\"https:\/\/victoriavynn.ca\/wp-content\/uploads\/2026\/03\/creamy-formula-new.webp 125w, https:\/\/victoriavynn.ca\/wp-content\/uploads\/2026\/03\/creamy-formula-new-10x12.webp 10w, https:\/\/victoriavynn.ca\/wp-content\/uploads\/2026\/03\/creamy-formula-new-64x77.webp 64w\" sizes=\"auto, (max-width: 125px) 100vw, 125px\" \/><img loading=\"lazy\" decoding=\"async\" class=\"size-full wp-image-8779 alignleft\" src=\"https:\/\/victoriavynn.ca\/wp-content\/uploads\/2022\/12\/FOR-LED-LAMP.webp\" alt=\"VERNIS GEL CR\u00c9MEUX\" width=\"125\" height=\"150\" \/><img loading=\"lazy\" decoding=\"async\" class=\"size-full wp-image-22180 alignleft\" src=\"https:\/\/victoriavynn.ca\/wp-content\/uploads\/2025\/06\/professional-flat-classic-brush.webp\" alt=\"BROSSE CLASSIQUE PLATE PROFESSIONNELLE\" width=\"125\" height=\"150\" srcset=\"https:\/\/victoriavynn.ca\/wp-content\/uploads\/2025\/06\/professional-flat-classic-brush.webp 125w, https:\/\/victoriavynn.ca\/wp-content\/uploads\/2025\/06\/professional-flat-classic-brush-10x12.webp 10w, https:\/\/victoriavynn.ca\/wp-content\/uploads\/2025\/06\/professional-flat-classic-brush-64x77.webp 64w\" sizes=\"auto, (max-width: 125px) 100vw, 125px\" \/>\u00a0 \u00a0 \u00a0<\/p>\n<p>&nbsp;<\/p>\n<p>&nbsp;<\/p>\n<p>&nbsp;<\/p>\n<p>&nbsp;<\/p>\n<p>&nbsp;<\/p>","protected":false},"featured_media":52917,"comment_status":"open","ping_status":"closed","template":"","meta":{"jetpack_post_was_ever_published":false,"jetpack_publicize_message":"","jetpack_publicize_feature_enabled":true,"jetpack_social_post_already_shared":true,"jetpack_social_options":{"image_generator_settings":{"template":"highway","default_image_id":0,"font":"","enabled":false},"version":2}},"product_brand":[922],"product_cat":[48],"product_tag":[974],"class_list":{"0":"post-52716","1":"product","2":"type-product","3":"status-publish","4":"has-post-thumbnail","6":"product_brand-victoria-vynn","7":"product_cat-hybrid-gel-nail-colors","8":"product_tag-inside-color-vegan-pure-creamy-collection","10":"first","11":"instock","12":"taxable","13":"shipping-taxable","14":"purchasable","15":"product-type-simple"},"jetpack_publicize_connections":[],"jetpack-related-posts":[{"id":52714,"url":"https:\/\/victoriavynn.ca\/fr\/product\/victoria-vynn-pure-creamy-vegan-gel-polish-no-276-violed\/","url_meta":{"origin":52716,"position":0},"title":"Victoria VYNN Pure Creamy Hybrid Gel Polish No. 276 VioLED","author":"Serge Sahakian","date":"mars 20, 2026","format":false,"excerpt":"Elevate your nail designs with Victoria VYNN Pure Creamy Hybrid Gel Polish No. 276 VioLED, a bold and modern violet shade designed for expressive, on-trend manicures. Its creamy, medium-thick consistency ensures smooth, streak-free coverage, while the fan-shaped precision brush allows for flawless application and detailed nail art. Developed for professionals,\u2026","rel":"","context":"Similar post","block_context":{"text":"Similar post","link":""},"img":{"alt_text":"pure vegan creamy 276","src":"https:\/\/i0.wp.com\/victoriavynn.ca\/wp-content\/uploads\/2026\/03\/pure-vegan-creamy-276.webp?resize=350%2C200&ssl=1","width":350,"height":200,"srcset":"https:\/\/i0.wp.com\/victoriavynn.ca\/wp-content\/uploads\/2026\/03\/pure-vegan-creamy-276.webp?resize=350%2C200&ssl=1 1x, https:\/\/i0.wp.com\/victoriavynn.ca\/wp-content\/uploads\/2026\/03\/pure-vegan-creamy-276.webp?resize=525%2C300&ssl=1 1.5x, https:\/\/i0.wp.com\/victoriavynn.ca\/wp-content\/uploads\/2026\/03\/pure-vegan-creamy-276.webp?resize=700%2C400&ssl=1 2x"},"classes":[]},{"id":52712,"url":"https:\/\/victoriavynn.ca\/fr\/product\/victoria-vynn-pure-creamy-vegan-gel-polish-no-275-lablue\/","url_meta":{"origin":52716,"position":1},"title":"Victoria VYNN Pure Creamy Hybrid Gel Polish No. 275 LABlue","author":"Serge Sahakian","date":"mars 20, 2026","format":false,"excerpt":"Add a bold and modern touch to your nail styling with Victoria VYNN Pure Creamy Hybrid Gel Polish No. 275 LABlue, a trendy blue shade designed for standout hybrid manicures. Its creamy, medium-thick consistency ensures smooth, even coverage without streaks, while the fan-shaped precision brush allows for flawless and controlled\u2026","rel":"","context":"Similar post","block_context":{"text":"Similar post","link":""},"img":{"alt_text":"pure vegan creamy 275","src":"https:\/\/i0.wp.com\/victoriavynn.ca\/wp-content\/uploads\/2026\/03\/pure-vegan-creamy-275.webp?resize=350%2C200&ssl=1","width":350,"height":200,"srcset":"https:\/\/i0.wp.com\/victoriavynn.ca\/wp-content\/uploads\/2026\/03\/pure-vegan-creamy-275.webp?resize=350%2C200&ssl=1 1x, https:\/\/i0.wp.com\/victoriavynn.ca\/wp-content\/uploads\/2026\/03\/pure-vegan-creamy-275.webp?resize=525%2C300&ssl=1 1.5x, https:\/\/i0.wp.com\/victoriavynn.ca\/wp-content\/uploads\/2026\/03\/pure-vegan-creamy-275.webp?resize=700%2C400&ssl=1 2x"},"classes":[]},{"id":52709,"url":"https:\/\/victoriavynn.ca\/fr\/product\/victoria-vynn-pure-creamy-vegan-gel-polish-no-274-vegreen\/","url_meta":{"origin":52716,"position":2},"title":"Victoria VYNN Pure Creamy Hybrid Gel Polish No. 274 VEGreen","author":"Serge Sahakian","date":"mars 20, 2026","format":false,"excerpt":"Bring a fresh, modern twist to your nail designs with Victoria VYNN Pure Creamy Hybrid Gel Polish No. 274 VEGreen, a trendy green shade inspired by nature and contemporary nail trends. Its creamy, medium-thick consistency ensures smooth, even coverage, while the precision fan-shaped brush allows flawless application. Designed for professionals,\u2026","rel":"","context":"Similar post","block_context":{"text":"Similar post","link":""},"img":{"alt_text":"pure vegan creamy 274","src":"https:\/\/i0.wp.com\/victoriavynn.ca\/wp-content\/uploads\/2026\/03\/pure-vegan-creamy-274.webp?resize=350%2C200&ssl=1","width":350,"height":200,"srcset":"https:\/\/i0.wp.com\/victoriavynn.ca\/wp-content\/uploads\/2026\/03\/pure-vegan-creamy-274.webp?resize=350%2C200&ssl=1 1x, https:\/\/i0.wp.com\/victoriavynn.ca\/wp-content\/uploads\/2026\/03\/pure-vegan-creamy-274.webp?resize=525%2C300&ssl=1 1.5x, https:\/\/i0.wp.com\/victoriavynn.ca\/wp-content\/uploads\/2026\/03\/pure-vegan-creamy-274.webp?resize=700%2C400&ssl=1 2x"},"classes":[]},{"id":52707,"url":"https:\/\/victoriavynn.ca\/fr\/product\/victoria-vynn-pure-vegan-gel-polish-no-273-new-butter\/","url_meta":{"origin":52716,"position":3},"title":"Victoria VYNN Pure Creamy Hybrid Gel Polish No. 273 New Butter","author":"Serge Sahakian","date":"mars 20, 2026","format":false,"excerpt":"Bring a soft, modern elegance to your manicure with Victoria VYNN Pure Creamy Hybrid Gel Polish No. 273 New Butter, a delicate buttery shade designed for refined, trendy nail styling. Its creamy, medium-thick consistency ensures smooth, even coverage without streaks, making it ideal for both full-color application and detailed nail\u2026","rel":"","context":"Similar post","block_context":{"text":"Similar post","link":""},"img":{"alt_text":"pure vegan creamy 273","src":"https:\/\/i0.wp.com\/victoriavynn.ca\/wp-content\/uploads\/2026\/03\/pure-vegan-creamy-273.webp?resize=350%2C200&ssl=1","width":350,"height":200,"srcset":"https:\/\/i0.wp.com\/victoriavynn.ca\/wp-content\/uploads\/2026\/03\/pure-vegan-creamy-273.webp?resize=350%2C200&ssl=1 1x, https:\/\/i0.wp.com\/victoriavynn.ca\/wp-content\/uploads\/2026\/03\/pure-vegan-creamy-273.webp?resize=525%2C300&ssl=1 1.5x, https:\/\/i0.wp.com\/victoriavynn.ca\/wp-content\/uploads\/2026\/03\/pure-vegan-creamy-273.webp?resize=700%2C400&ssl=1 2x"},"classes":[]},{"id":52700,"url":"https:\/\/victoriavynn.ca\/fr\/product\/victoria-vynn-pure-creamy-vegan-gel-polish-no-270-neo-pink\/","url_meta":{"origin":52716,"position":4},"title":"Victoria VYNN Pure Creamy Hybrid Gel Polish No. 270 Neo Pink","author":"Serge Sahakian","date":"mars 20, 2026","format":false,"excerpt":"Elevate your nail styling with Victoria VYNN Pure Creamy Hybrid Gel Polish No. 270 Neo Pink, a vibrant and modern shade designed for professional hybrid manicures. Featuring a creamy, medium-thick consistency and a precision fan-shaped brush, this gel polish ensures flawless, even coverage with every application. Its vegan formula, low\u2026","rel":"","context":"Similar post","block_context":{"text":"Similar post","link":""},"img":{"alt_text":"pure vegan creamy 270","src":"https:\/\/i0.wp.com\/victoriavynn.ca\/wp-content\/uploads\/2026\/03\/pure-vegan-creamy-270.webp?resize=350%2C200&ssl=1","width":350,"height":200,"srcset":"https:\/\/i0.wp.com\/victoriavynn.ca\/wp-content\/uploads\/2026\/03\/pure-vegan-creamy-270.webp?resize=350%2C200&ssl=1 1x, https:\/\/i0.wp.com\/victoriavynn.ca\/wp-content\/uploads\/2026\/03\/pure-vegan-creamy-270.webp?resize=525%2C300&ssl=1 1.5x, https:\/\/i0.wp.com\/victoriavynn.ca\/wp-content\/uploads\/2026\/03\/pure-vegan-creamy-270.webp?resize=700%2C400&ssl=1 2x"},"classes":[]},{"id":52702,"url":"https:\/\/victoriavynn.ca\/fr\/product\/victoria-vynn-pure-creamy-vegan-gel-polish-no-271-next-pink\/","url_meta":{"origin":52716,"position":5},"title":"Victoria VYNN Pure Creamy Hybrid Gel Polish No. 271 Next Pink","author":"Serge Sahakian","date":"mars 20, 2026","format":false,"excerpt":"Bring bold elegance to your nail designs with Victoria VYNN Pure Creamy Hybrid Gel Polish No. 271 Next Pink, a vibrant and modern pink shade designed for professional hybrid manicures. Its creamy, medium-thick consistency ensures smooth, streak-free application, while the fan-shaped precision brush allows perfect control for both full coverage\u2026","rel":"","context":"Similar post","block_context":{"text":"Similar post","link":""},"img":{"alt_text":"pure vegan creamy 271","src":"https:\/\/i0.wp.com\/victoriavynn.ca\/wp-content\/uploads\/2026\/03\/pure-vegan-creamy-271.webp?resize=350%2C200&ssl=1","width":350,"height":200,"srcset":"https:\/\/i0.wp.com\/victoriavynn.ca\/wp-content\/uploads\/2026\/03\/pure-vegan-creamy-271.webp?resize=350%2C200&ssl=1 1x, https:\/\/i0.wp.com\/victoriavynn.ca\/wp-content\/uploads\/2026\/03\/pure-vegan-creamy-271.webp?resize=525%2C300&ssl=1 1.5x, https:\/\/i0.wp.com\/victoriavynn.ca\/wp-content\/uploads\/2026\/03\/pure-vegan-creamy-271.webp?resize=700%2C400&ssl=1 2x"},"classes":[]}],"jetpack_sharing_enabled":true,"_links":{"self":[{"href":"https:\/\/victoriavynn.ca\/fr\/wp-json\/wp\/v2\/product\/52716","targetHints":{"allow":["GET"]}}],"collection":[{"href":"https:\/\/victoriavynn.ca\/fr\/wp-json\/wp\/v2\/product"}],"about":[{"href":"https:\/\/victoriavynn.ca\/fr\/wp-json\/wp\/v2\/types\/product"}],"replies":[{"embeddable":true,"href":"https:\/\/victoriavynn.ca\/fr\/wp-json\/wp\/v2\/comments?post=52716"}],"wp:featuredmedia":[{"embeddable":true,"href":"https:\/\/victoriavynn.ca\/fr\/wp-json\/wp\/v2\/media\/52917"}],"wp:attachment":[{"href":"https:\/\/victoriavynn.ca\/fr\/wp-json\/wp\/v2\/media?parent=52716"}],"wp:term":[{"taxonomy":"product_brand","embeddable":true,"href":"https:\/\/victoriavynn.ca\/fr\/wp-json\/wp\/v2\/product_brand?post=52716"},{"taxonomy":"product_cat","embeddable":true,"href":"https:\/\/victoriavynn.ca\/fr\/wp-json\/wp\/v2\/product_cat?post=52716"},{"taxonomy":"product_tag","embeddable":true,"href":"https:\/\/victoriavynn.ca\/fr\/wp-json\/wp\/v2\/product_tag?post=52716"}],"curies":[{"name":"wp","href":"https:\/\/api.w.org\/{rel}","templated":true}]}}