{"id":52718,"date":"2026-03-20T19:59:52","date_gmt":"2026-03-20T23:59:52","guid":{"rendered":"https:\/\/victoriavynn.ca\/product\/victoria-vynn-inside-color-pure-vegan-creamy-hybrid-collection-color-chart-268-277-painted\/"},"modified":"2026-04-06T15:04:58","modified_gmt":"2026-04-06T19:04:58","slug":"victoria-vynn-inside-color-pure-vegan-creamy-hybrid-collection-color-chart-268-277-painted","status":"publish","type":"product","link":"https:\/\/victoriavynn.ca\/fr\/product\/victoria-vynn-inside-color-pure-vegan-creamy-hybrid-collection-color-chart-268-277-painted\/","title":{"rendered":"Victoria VYNN Inside Color Pure Vegan Creamy Hybrid Collection Nuancier 268-277 (Painted)"},"content":{"rendered":"<figure class=\"wp-block-embed is-type-video is-provider-youtube wp-block-embed-youtube wp-embed-aspect-16-9 wp-has-aspect-ratio\"><div class=\"wp-block-embed__wrapper\">\n<div class=\"lyte-wrapper fourthree\" title=\"Playlist : Inside Color Pure Vegan Hybrid Gel Polish Collection\" style=\"width:480px;max-width:100%;margin:5px;\"><div class=\"lyMe hidef playlist\" id=\"WYL_PLu-w5xQ0N0RU6SIPYh2JVyfYi48YiiTaF\"><div id=\"lyte_PLu-w5xQ0N0RU6SIPYh2JVyfYi48YiiTaF\" data-src=\"https:\/\/i.ytimg.com\/vi\/9W7pz3V1_Dw\/maxresdefault.jpg\" class=\"pL\"><div class=\"tC\"><div class=\"tT\">Playlist : Inside Color Pure Vegan Hybrid Gel Polish Collection<\/div><\/div><div class=\"play\"><\/div><div class=\"ctrl\"><div class=\"Lctrl\"><\/div><div class=\"Rctrl\"><\/div><\/div><\/div><noscript><a href=\"https:\/\/youtube.com\/playlist?list=PLu-w5xQ0N0RU6SIPYh2JVyfYi48YiiTaF\" rel=\"nofollow noopener\" target=\"_blank\"><br \/>Watch this playlist on YouTube<\/a><\/noscript><\/div><\/div>\n<\/div><\/figure><h3 class=\"wp-block-heading\">Pourquoi choisir le nuancier peint ?<\/h3><ul class=\"wp-block-list\"><li>Indique le <strong>r\u00e9sultat r\u00e9el de la couleur appliqu\u00e9e<\/strong><\/li>\n\n<li>Permet de comparer plus facilement les teintes<\/li>\n\n<li>Parfait pour les salons, les proth\u00e9sistes ongulaires et les pr\u00e9sentoirs de vente au d\u00e9tail<\/li>\n\n<li>La s\u00e9lection des couleurs est plus rapide et plus pratique<\/li>\n\n<li>Id\u00e9al pour pr\u00e9senter la <strong>Couleur int\u00e9rieure<\/strong> la collecte de mani\u00e8re professionnelle<\/li><\/ul><h3 class=\"wp-block-heading\">Un outil pratique pour les professionnels<\/h3><p>Le site <strong>Tableau des couleurs peintes<\/strong> n'est pas seulement attrayant sur le plan visuel, il est aussi tr\u00e8s pratique pour l'utilisation quotidienne dans les salons de coiffure. Il permet aux clients de voir l'aspect r\u00e9el des teintes pr\u00e9sent\u00e9es, ce qui les aide \u00e0 faire des choix de couleurs plus rapides et plus s\u00fbrs d'eux.<\/p><h3 class=\"wp-block-heading\">Explorer la collection avec pr\u00e9cision<\/h3><p>Le site <strong>Inside Color Pure Creamy Hybrid<\/strong> sont connues pour leur formule cr\u00e9meuse, leur application douce et leur finition \u00e9l\u00e9gante. Gr\u00e2ce au nuancier, chaque couleur peut \u00eatre appr\u00e9ci\u00e9e dans sa forme appliqu\u00e9e, ce qui permet de trouver plus facilement l'accord parfait pour les looks saisonniers, les manucures classiques et les dessins d'ongles cr\u00e9atifs.<\/p>","protected":false},"excerpt":{"rendered":"<p>D\u00e9couvrez toute la beaut\u00e9 de la collection Inside Color Pure Creamy Hybrid avec le nuancier peint de Victoria VYNN. Cr\u00e9\u00e9 pour vous donner une v\u00e9ritable repr\u00e9sentation visuelle de chaque teinte, ce nuancier vous aide \u00e0 explorer la collection en toute confiance et \u00e0 choisir les couleurs parfaites pour chaque style de manucure. Pr\u00e9sentant des \u00e9chantillons peints \u00e0 la main des teintes de la ligne Inside Color Pure Creamy Hybrid, ce nuancier met en \u00e9vidence le fini, le ton et l'intensit\u00e9 r\u00e9els de chaque couleur une fois appliqu\u00e9e. Des teintes douces et \u00e9l\u00e9gantes aux teintes modernes, c'est l'outil id\u00e9al pour les professionnels de l'ongle et les clientes qui souhaitent avoir un aper\u00e7u de la collection avant de l'appliquer.<\/p>","protected":false},"featured_media":52959,"comment_status":"open","ping_status":"closed","template":"","meta":{"jetpack_post_was_ever_published":false,"jetpack_publicize_message":"","jetpack_publicize_feature_enabled":true,"jetpack_social_post_already_shared":true,"jetpack_social_options":{"image_generator_settings":{"template":"highway","default_image_id":0,"font":"","enabled":false},"version":2}},"product_brand":[922],"product_cat":[31],"product_tag":[974],"class_list":{"0":"post-52718","1":"product","2":"type-product","3":"status-publish","4":"has-post-thumbnail","6":"product_brand-victoria-vynn","7":"product_cat-nail-tools-and-accessories","8":"product_tag-inside-color-vegan-pure-creamy-collection","10":"first","11":"instock","12":"taxable","13":"shipping-taxable","14":"purchasable","15":"product-type-simple"},"jetpack_publicize_connections":[],"jetpack-related-posts":[{"id":52720,"url":"https:\/\/victoriavynn.ca\/fr\/product\/victoria-vynn-inside-color-pure-vegan-creamy-hybrid-collection-color-chart-268-277-unpainted\/","url_meta":{"origin":52718,"position":0},"title":"Victoria VYNN Inside Color Pure Vegan Creamy Hybrid Collection Nuancier 268-277 (Non peint)","author":"Serge Sahakian","date":"mars 20, 2026","format":false,"excerpt":"Take creativity into your own hands with the Unpainted Color Chart from the Inside Color Pure Vegan Creamy Hybrid collection by Victoria VYNN. Designed for professionals, salons, and nail enthusiasts, this blank chart allows you to custom-paint and personalize each shade, creating your own real-life color reference. Unlike pre-painted charts,\u2026","rel":"","context":"Similar post","block_context":{"text":"Similar post","link":""},"img":{"alt_text":"un painted color chart painted image 2","src":"https:\/\/i0.wp.com\/victoriavynn.ca\/wp-content\/uploads\/2026\/03\/un-painted-color-chart-painted-image-2.webp?fit=750%2C1000&ssl=1&resize=350%2C200","width":350,"height":200,"srcset":"https:\/\/i0.wp.com\/victoriavynn.ca\/wp-content\/uploads\/2026\/03\/un-painted-color-chart-painted-image-2.webp?fit=750%2C1000&ssl=1&resize=350%2C200 1x, https:\/\/i0.wp.com\/victoriavynn.ca\/wp-content\/uploads\/2026\/03\/un-painted-color-chart-painted-image-2.webp?fit=750%2C1000&ssl=1&resize=525%2C300 1.5x, https:\/\/i0.wp.com\/victoriavynn.ca\/wp-content\/uploads\/2026\/03\/un-painted-color-chart-painted-image-2.webp?fit=750%2C1000&ssl=1&resize=700%2C400 2x"},"classes":[]},{"id":17518,"url":"https:\/\/victoriavynn.ca\/fr\/product\/victoria-vynn-awakening-pure-creamy-hybrid-collection-color-chart-250-261\/","url_meta":{"origin":52718,"position":1},"title":"Victoria VYNN Awakening Pure Creamy Hybrid Collection Nuancier 250-261","author":"Serge Sahakian","date":"avril 8, 2024","format":false,"excerpt":"","rel":"","context":"Similar post","block_context":{"text":"Similar post","link":""},"img":{"alt_text":"","src":"https:\/\/i0.wp.com\/victoriavynn.ca\/wp-content\/uploads\/2024\/04\/color-chart-pure-250-261.jpg?fit=1200%2C1200&ssl=1&resize=350%2C200","width":350,"height":200,"srcset":"https:\/\/i0.wp.com\/victoriavynn.ca\/wp-content\/uploads\/2024\/04\/color-chart-pure-250-261.jpg?fit=1200%2C1200&ssl=1&resize=350%2C200 1x, https:\/\/i0.wp.com\/victoriavynn.ca\/wp-content\/uploads\/2024\/04\/color-chart-pure-250-261.jpg?fit=1200%2C1200&ssl=1&resize=525%2C300 1.5x, https:\/\/i0.wp.com\/victoriavynn.ca\/wp-content\/uploads\/2024\/04\/color-chart-pure-250-261.jpg?fit=1200%2C1200&ssl=1&resize=700%2C400 2x, https:\/\/i0.wp.com\/victoriavynn.ca\/wp-content\/uploads\/2024\/04\/color-chart-pure-250-261.jpg?fit=1200%2C1200&ssl=1&resize=1050%2C600 3x"},"classes":[]},{"id":24520,"url":"https:\/\/victoriavynn.ca\/fr\/product\/victoria-vynn-autumn-pure-creamy-hybrid-collection-color-charts-2-pieces\/","url_meta":{"origin":52718,"position":2},"title":"Victoria VYNN Autumn Pure Creamy Hybrid Collection Color Charts 2 Pieces","author":"Serge Sahakian","date":"septembre 19, 2025","format":false,"excerpt":"","rel":"","context":"Similar post","block_context":{"text":"Similar post","link":""},"img":{"alt_text":"","src":"https:\/\/i0.wp.com\/victoriavynn.ca\/wp-content\/uploads\/2025\/09\/color-charts-pure-autumn-2pcs-1.jpg?fit=1200%2C1200&ssl=1&resize=350%2C200","width":350,"height":200,"srcset":"https:\/\/i0.wp.com\/victoriavynn.ca\/wp-content\/uploads\/2025\/09\/color-charts-pure-autumn-2pcs-1.jpg?fit=1200%2C1200&ssl=1&resize=350%2C200 1x, https:\/\/i0.wp.com\/victoriavynn.ca\/wp-content\/uploads\/2025\/09\/color-charts-pure-autumn-2pcs-1.jpg?fit=1200%2C1200&ssl=1&resize=525%2C300 1.5x, https:\/\/i0.wp.com\/victoriavynn.ca\/wp-content\/uploads\/2025\/09\/color-charts-pure-autumn-2pcs-1.jpg?fit=1200%2C1200&ssl=1&resize=700%2C400 2x, https:\/\/i0.wp.com\/victoriavynn.ca\/wp-content\/uploads\/2025\/09\/color-charts-pure-autumn-2pcs-1.jpg?fit=1200%2C1200&ssl=1&resize=1050%2C600 3x"},"classes":[]},{"id":17116,"url":"https:\/\/victoriavynn.ca\/fr\/product\/victoria-vynn-color-chart-pure-creamy-hybrid-gel-polish-earthy-collection-242-249\/","url_meta":{"origin":52718,"position":3},"title":"Victoria VYNN Color Chart Pure Creamy Hybrid Gel Polish Earthy Collection 242 - 249","author":"Serge Sahakian","date":"mars 9, 2024","format":false,"excerpt":"","rel":"","context":"Similar post","block_context":{"text":"Similar post","link":""},"img":{"alt_text":"","src":"https:\/\/i0.wp.com\/victoriavynn.ca\/wp-content\/uploads\/2024\/03\/color-chart-pure-242-249.jpg?fit=1200%2C1200&ssl=1&resize=350%2C200","width":350,"height":200,"srcset":"https:\/\/i0.wp.com\/victoriavynn.ca\/wp-content\/uploads\/2024\/03\/color-chart-pure-242-249.jpg?fit=1200%2C1200&ssl=1&resize=350%2C200 1x, https:\/\/i0.wp.com\/victoriavynn.ca\/wp-content\/uploads\/2024\/03\/color-chart-pure-242-249.jpg?fit=1200%2C1200&ssl=1&resize=525%2C300 1.5x, https:\/\/i0.wp.com\/victoriavynn.ca\/wp-content\/uploads\/2024\/03\/color-chart-pure-242-249.jpg?fit=1200%2C1200&ssl=1&resize=700%2C400 2x, https:\/\/i0.wp.com\/victoriavynn.ca\/wp-content\/uploads\/2024\/03\/color-chart-pure-242-249.jpg?fit=1200%2C1200&ssl=1&resize=1050%2C600 3x"},"classes":[]},{"id":12920,"url":"https:\/\/victoriavynn.ca\/fr\/product\/victoria-vynn-color-chart-pure-creamy-hybrid-no-5-204-241\/","url_meta":{"origin":52718,"position":4},"title":"Victoria VYNN Color Chart Pure Creamy Hybrid No.5 (204-241)","author":"Serge Sahakian","date":"juin 11, 2023","format":false,"excerpt":"","rel":"","context":"Similar post","block_context":{"text":"Similar post","link":""},"img":{"alt_text":"","src":"https:\/\/i0.wp.com\/victoriavynn.ca\/wp-content\/uploads\/2023\/06\/pure-color-chart-5.png?fit=750%2C1000&ssl=1&resize=350%2C200","width":350,"height":200,"srcset":"https:\/\/i0.wp.com\/victoriavynn.ca\/wp-content\/uploads\/2023\/06\/pure-color-chart-5.png?fit=750%2C1000&ssl=1&resize=350%2C200 1x, https:\/\/i0.wp.com\/victoriavynn.ca\/wp-content\/uploads\/2023\/06\/pure-color-chart-5.png?fit=750%2C1000&ssl=1&resize=525%2C300 1.5x, https:\/\/i0.wp.com\/victoriavynn.ca\/wp-content\/uploads\/2023\/06\/pure-color-chart-5.png?fit=750%2C1000&ssl=1&resize=700%2C400 2x"},"classes":[]},{"id":12924,"url":"https:\/\/victoriavynn.ca\/fr\/product\/victoria-vynn-color-chart-pure-creamy-hybrid-no-2-042-104\/","url_meta":{"origin":52718,"position":5},"title":"Victoria VYNN Color Chart Pure Creamy Hybrid No.2 (042-104)","author":"Serge Sahakian","date":"juin 11, 2023","format":false,"excerpt":"","rel":"","context":"Similar post","block_context":{"text":"Similar post","link":""},"img":{"alt_text":"","src":"https:\/\/i0.wp.com\/victoriavynn.ca\/wp-content\/uploads\/2023\/06\/pure-color-chart-2.png?fit=750%2C1000&ssl=1&resize=350%2C200","width":350,"height":200,"srcset":"https:\/\/i0.wp.com\/victoriavynn.ca\/wp-content\/uploads\/2023\/06\/pure-color-chart-2.png?fit=750%2C1000&ssl=1&resize=350%2C200 1x, https:\/\/i0.wp.com\/victoriavynn.ca\/wp-content\/uploads\/2023\/06\/pure-color-chart-2.png?fit=750%2C1000&ssl=1&resize=525%2C300 1.5x, https:\/\/i0.wp.com\/victoriavynn.ca\/wp-content\/uploads\/2023\/06\/pure-color-chart-2.png?fit=750%2C1000&ssl=1&resize=700%2C400 2x"},"classes":[]}],"jetpack_sharing_enabled":true,"_links":{"self":[{"href":"https:\/\/victoriavynn.ca\/fr\/wp-json\/wp\/v2\/product\/52718","targetHints":{"allow":["GET"]}}],"collection":[{"href":"https:\/\/victoriavynn.ca\/fr\/wp-json\/wp\/v2\/product"}],"about":[{"href":"https:\/\/victoriavynn.ca\/fr\/wp-json\/wp\/v2\/types\/product"}],"replies":[{"embeddable":true,"href":"https:\/\/victoriavynn.ca\/fr\/wp-json\/wp\/v2\/comments?post=52718"}],"wp:featuredmedia":[{"embeddable":true,"href":"https:\/\/victoriavynn.ca\/fr\/wp-json\/wp\/v2\/media\/52959"}],"wp:attachment":[{"href":"https:\/\/victoriavynn.ca\/fr\/wp-json\/wp\/v2\/media?parent=52718"}],"wp:term":[{"taxonomy":"product_brand","embeddable":true,"href":"https:\/\/victoriavynn.ca\/fr\/wp-json\/wp\/v2\/product_brand?post=52718"},{"taxonomy":"product_cat","embeddable":true,"href":"https:\/\/victoriavynn.ca\/fr\/wp-json\/wp\/v2\/product_cat?post=52718"},{"taxonomy":"product_tag","embeddable":true,"href":"https:\/\/victoriavynn.ca\/fr\/wp-json\/wp\/v2\/product_tag?post=52718"}],"curies":[{"name":"wp","href":"https:\/\/api.w.org\/{rel}","templated":true}]}}