{"id":52722,"date":"2026-03-20T19:59:54","date_gmt":"2026-03-20T23:59:54","guid":{"rendered":"https:\/\/victoriavynn.ca\/product\/victoria-vynn-vitamin-boost-base-nail-repair-clearell-12-ml\/"},"modified":"2026-04-20T16:07:38","modified_gmt":"2026-04-20T20:07:38","slug":"victoria-vynn-vitamin-boost-base-nail-repair-clearell-12-ml","status":"publish","type":"product","link":"https:\/\/victoriavynn.ca\/fr\/product\/victoria-vynn-vitamin-boost-base-nail-repair-clearell-12-ml\/","title":{"rendered":"Victoria VYNN Vitamin BOOST BASE Nail Repair Clearell 12 ml"},"content":{"rendered":"<p>Imaginez une base qui ne se contente pas de prot\u00e9ger, mais qui devient l'\u00e9l\u00e9ment central de la vie de tous les jours. <strong>la base de l'ensemble du processus de stylisation des ongles<\/strong>.<\/p>\n\n\n\n<p>Le site <strong>Victoria VYNN Boost Base Clearell 12 ml<\/strong> offre une puissante <strong>formule enrichie en vitamines<\/strong> qui renforce les ongles les plus fragiles tout en garantissant une protection optimale. <strong>adh\u00e9rence extr\u00eame et r\u00e9sultats durables<\/strong>.<\/p>\n\n\n\n<p>Log\u00e9 dans un <strong>format pratique du bocal<\/strong>, Cette base permet un contr\u00f4le total \u00e0 l'aide d'un pinceau \u00e0 gel, ce qui garantit un r\u00e9sultat optimal. <strong>z\u00e9ro d\u00e9chet de produit<\/strong> et une efficacit\u00e9 maximale dans les salons professionnels.<\/p>\n\n\n\n<p>Formul\u00e9 avec <strong>fibres de verre, calcium et vitamines E et B5<\/strong>, il cr\u00e9e un <strong>couche protectrice flexible mais ultra-r\u00e9sistante<\/strong>, Il permet de sceller les imperfections et de renforcer la plaque naturelle de l'ongle.<\/p>\n\n\n\n<p>\ud83d\udc49 Le r\u00e9sultat ?<br>Des ongles plus forts, des surfaces plus lisses et des manucures qui durent longtemps <strong>semaines sans soul\u00e8vement ni d\u00e9t\u00e9rioration<\/strong>.<\/p>\n\n\n\n<hr class=\"wp-block-separator has-alpha-channel-opacity\"\/>\n\n\n\n<h1 class=\"wp-block-heading\">\ud83d\udd2c <strong>CARACT\u00c9RISTIQUES PRINCIPALES<\/strong><\/h1>\n\n\n\n<ul class=\"wp-block-list\">\n<li>Consistance moyennement \u00e9paisse pour une application contr\u00f4l\u00e9e<\/li>\n\n\n\n<li>Indice de viscosit\u00e9 \u00e9lev\u00e9 pour des performances accrues<\/li>\n\n\n\n<li>Pr\u00e9sence d'une couche de dispersion<\/li>\n\n\n\n<li>Formule sans acide - s\u00fbre et douce<\/li>\n\n\n\n<li>Convient \u00e0 tous les types d'ongles (ab\u00eem\u00e9s, fins, d\u00e9doubl\u00e9s, sains)<\/li>\n\n\n\n<li>Peut \u00eatre utilis\u00e9 pour <strong>la mise en place et le renforcement<\/strong><\/li>\n<\/ul>\n\n\n\n<hr class=\"wp-block-separator has-alpha-channel-opacity\"\/>\n\n\n\n<h1 class=\"wp-block-heading\">\ud83c\udf1f <strong>POURQUOI VOUS L'AIMEREZ<\/strong><\/h1>\n\n\n\n<ul class=\"wp-block-list\">\n<li>Enrichi en <strong>fibres de verre + calcium + vitamines E et B5<\/strong><\/li>\n\n\n\n<li>Renforce et r\u00e9pare les plaques d'ongles affaiblies<\/li>\n\n\n\n<li>Pr\u00e9vient les cassures et les fissures<\/li>\n\n\n\n<li>Remplit les microfissures et les surfaces irr\u00e9guli\u00e8res<\/li>\n\n\n\n<li>Cr\u00e9e un rev\u00eatement flexible mais durable<\/li>\n\n\n\n<li>\u00c9limine les poches d'air et le soul\u00e8vement<\/li>\n\n\n\n<li>Veille <strong>Adh\u00e9sion parfaite<\/strong> aux ongles naturels<\/li>\n\n\n\n<li>Prolonge consid\u00e9rablement la dur\u00e9e de vie de la manucure<\/li>\n\n\n\n<li>Id\u00e9al pour les syst\u00e8mes hybrides, de gel et d'acrygel<\/li>\n\n\n\n<li>Con\u00e7u pour <strong>flux de travail rapide et professionnel<\/strong><\/li>\n<\/ul>\n\n\n\n<hr class=\"wp-block-separator has-alpha-channel-opacity\"\/>\n\n\n\n<h1 class=\"wp-block-heading\">\ud83d\udc85 <strong>APPLICATION ET UTILISATION<\/strong><\/h1>\n\n\n\n<h3 class=\"wp-block-heading\">\u2714 Aspect naturel (pas de couvercle n\u00e9cessaire)<\/h3>\n\n\n\n<ol class=\"wp-block-list\">\n<li>Pr\u00e9parer l'ongle (modeler, polir, nettoyer, d\u00e9graisser)<\/li>\n\n\n\n<li>Appliquer le Nail Prep - attendre 30 secondes<\/li>\n\n\n\n<li>Appliquer une fine couche de Boost Base et faire p\u00e9n\u00e9trer dans l'ongle.<\/li>\n\n\n\n<li>Durcissement pendant 60 secondes (LED\/UV)<\/li>\n\n\n\n<li>Nettoyer avec une solution \u00e0 base d'alcool<\/li>\n<\/ol>\n\n\n\n<hr class=\"wp-block-separator has-alpha-channel-opacity\"\/>\n\n\n\n<h3 class=\"wp-block-heading\">Manucure hybride<\/h3>\n\n\n\n<ol class=\"wp-block-list\">\n<li>Pr\u00e9parer la plaque de l'ongle<\/li>\n\n\n\n<li>Appliquer le Tape Bond - attendre 30 secondes<\/li>\n\n\n\n<li>Appliquer Boost Base uniform\u00e9ment et polym\u00e9riser (60s)<\/li>\n\n\n\n<li>Appliquer la couleur du vernis en gel et la faire durcir<\/li>\n\n\n\n<li>Finir avec la couche de finition et durcir<\/li>\n<\/ol>\n\n\n\n<hr class=\"wp-block-separator has-alpha-channel-opacity\"\/>\n\n\n\n<h3 class=\"wp-block-heading\">Syst\u00e8me Gel \/ Acrygel<\/h3>\n\n\n\n<ol class=\"wp-block-list\">\n<li>Pr\u00e9parer la plaque de l'ongle<\/li>\n\n\n\n<li>Appliquer le Tape Bond - attendre 30 secondes<\/li>\n\n\n\n<li>Appliquer une fine couche de Boost Base en frottant.<\/li>\n\n\n\n<li>Durcissement 60 secondes<\/li>\n\n\n\n<li>Appliquer le gel constructeur ou le syst\u00e8me acrygel<\/li>\n\n\n\n<li>Finir avec le vernis de finition<\/li>\n<\/ol>\n\n\n\n<hr class=\"wp-block-separator has-alpha-channel-opacity\"\/>\n\n\n\n<h1 class=\"wp-block-heading\">\ud83d\udd25 <strong>DUR\u00c9E DE S\u00c9CHAGE<\/strong><\/h1>\n\n\n\n<ul class=\"wp-block-list\">\n<li>Lampe LED (36W) : <strong>60 secondes<\/strong><\/li>\n<\/ul>\n\n\n\n<hr class=\"wp-block-separator has-alpha-channel-opacity\"\/>\n\n\n\n<h1 class=\"wp-block-heading\">\ud83e\uddea <strong>ENLEVEMENT<\/strong><\/h1>\n\n\n\n<ul class=\"wp-block-list\">\n<li>Trempage \u00e0 l'ac\u00e9tone<\/li>\n\n\n\n<li>Lime \u00e0 ongles<\/li>\n\n\n\n<li>Dossier \u00e9lectronique (exercice)<\/li>\n<\/ul>\n\n\n\n<hr class=\"wp-block-separator has-alpha-channel-opacity\"\/>\n\n\n\n<h1 class=\"wp-block-heading\">\ud83e\uddfe <strong>INGR\u00c9DIENTS (INCI)<\/strong><\/h1>\n\n\n\n<p>Polyur\u00e9thane-57, m\u00e9thacrylate d'hydroxypropyle, m\u00e9thacrylate d'isobornyle, butyrate d'ac\u00e9tate de cellulose, hydroxycyclohexylph\u00e9nylc\u00e9tone, trim\u00e9thylbenzoylph\u00e9nylphosphinate d'\u00e9thyle, dim\u00e9thacrylate de glycol, silice, Nylon-66, phosphate de bis-(m\u00e9thacryloyloxy\u00e9thyle), tocoph\u00e9rol, pantoth\u00e9nate de calcium, dim\u00e9thacrylate de PEG-9, p-hydroxyanisole, hydroquinone<br>(+\/- pigments CI)<\/p>\n\n\n\n<hr class=\"wp-block-separator has-alpha-channel-opacity\"\/>\n\n\n\n<h1 class=\"wp-block-heading\">\u26a0\ufe0f <strong>S\u00c9CURIT\u00c9 ET PR\u00c9CAUTIONS<\/strong><\/h1>\n\n\n\n<ul class=\"wp-block-list\">\n<li>Pour un usage professionnel uniquement<\/li>\n\n\n\n<li>Peut provoquer des r\u00e9actions allergiques<\/li>\n\n\n\n<li>\u00c9viter le contact avec la peau et les yeux<\/li>\n\n\n\n<li>Tenir hors de port\u00e9e des enfants<\/li>\n\n\n\n<li>Utiliser uniquement selon les instructions<\/li>\n\n\n\n<li>Ne pas utiliser sur des ongles endommag\u00e9s ou infect\u00e9s<\/li>\n\n\n\n<li>Cesser l'utilisation en cas d'irritation<\/li>\n<\/ul>\n\n\n\n<hr class=\"wp-block-separator has-alpha-channel-opacity\"\/>\n\n\n\n<h1 class=\"wp-block-heading\">\ud83d\udeab <strong>CONTRE-INDICATIONS<\/strong><\/h1>\n\n\n\n<ul class=\"wp-block-list\">\n<li>Maladies ou infections des ongles<\/li>\n\n\n\n<li>Inflammation ou conditions allergiques<\/li>\n\n\n\n<li>L\u00e9sions des ongles<\/li>\n\n\n\n<li>Ongles incarn\u00e9s ou tubulaires<\/li>\n\n\n\n<li>Sensibilit\u00e9 \u00e0 tout ingr\u00e9dient<\/li>\n<\/ul>\n\n\n\n<hr class=\"wp-block-separator has-alpha-channel-opacity\"\/>\n\n\n\n<h1 class=\"wp-block-heading\">\ud83c\udfaf <strong>IDEAL POUR<\/strong><\/h1>\n\n\n\n<ul class=\"wp-block-list\">\n<li>Ongles faibles, fins ou ab\u00eem\u00e9s<\/li>\n\n\n\n<li>Proth\u00e9sistes ongulaires professionnels<\/li>\n\n\n\n<li>Utilisation en salon et flux de travail \u00e0 haute efficacit\u00e9<\/li>\n\n\n\n<li>Manucures hybrides, en gel et en acrylique de longue dur\u00e9e<\/li>\n<\/ul>","protected":false},"excerpt":{"rendered":"<p>Faites l'exp\u00e9rience d'un niveau sup\u00e9rieur de force et de performance des ongles avec Victoria VYNN Vitamin Boost Base Clearell.<br \/>\nUne base fortifiante infus\u00e9e de fibres et enrichie de calcium, de vitamine E et B5, con\u00e7ue pour r\u00e9parer, renforcer et prolonger la durabilit\u00e9 de chaque manucure.<\/p>\n<p>Parfait pour les proth\u00e9sistes ongulaires professionnels qui recherchent la rapidit\u00e9, la pr\u00e9cision et une adh\u00e9rence parfaite.<\/p>\n<p>Sp\u00e9cifications du produit :<\/p>\n<p><img loading=\"lazy\" decoding=\"async\" class=\"size-full wp-image-8439 alignleft\" src=\"https:\/\/victoriavynn.ca\/wp-content\/uploads\/2022\/12\/FOR-LED-LAMPS-ONLY.png\" alt=\"POUR LES LAMPES \u00c0 LED UNIQUEMENT\" width=\"125\" height=\"125\" srcset=\"https:\/\/i0.wp.com\/victoriavynn.ca\/wp-content\/uploads\/2022\/12\/FOR-LED-LAMPS-ONLY.png?w=125&amp;ssl=1 125w, https:\/\/i0.wp.com\/victoriavynn.ca\/wp-content\/uploads\/2022\/12\/FOR-LED-LAMPS-ONLY.png?resize=100%2C100&amp;ssl=1 100w, https:\/\/i0.wp.com\/victoriavynn.ca\/wp-content\/uploads\/2022\/12\/FOR-LED-LAMPS-ONLY.png?resize=32%2C32&amp;ssl=1 32w, https:\/\/i0.wp.com\/victoriavynn.ca\/wp-content\/uploads\/2022\/12\/FOR-LED-LAMPS-ONLY.png?resize=50%2C50&amp;ssl=1 50w\" sizes=\"auto, (max-width: 125px) 100vw, 125px\" \/><img loading=\"lazy\" decoding=\"async\" class=\"size-full wp-image-52998 alignleft\" src=\"https:\/\/victoriavynn.ca\/wp-content\/uploads\/2026\/03\/reinforcement-copy.webp\" alt=\"copie de renforcement\" width=\"125\" height=\"125\" srcset=\"https:\/\/i0.wp.com\/victoriavynn.ca\/wp-content\/uploads\/2026\/03\/reinforcement-copy.webp?w=125&amp;ssl=1 125w, https:\/\/i0.wp.com\/victoriavynn.ca\/wp-content\/uploads\/2026\/03\/reinforcement-copy.webp?resize=12%2C12&amp;ssl=1 12w, https:\/\/i0.wp.com\/victoriavynn.ca\/wp-content\/uploads\/2026\/03\/reinforcement-copy.webp?resize=32%2C32&amp;ssl=1 32w, https:\/\/i0.wp.com\/victoriavynn.ca\/wp-content\/uploads\/2026\/03\/reinforcement-copy.webp?resize=50%2C50&amp;ssl=1 50w, https:\/\/i0.wp.com\/victoriavynn.ca\/wp-content\/uploads\/2026\/03\/reinforcement-copy.webp?resize=100%2C100&amp;ssl=1 100w, https:\/\/i0.wp.com\/victoriavynn.ca\/wp-content\/uploads\/2026\/03\/reinforcement-copy.webp?resize=64%2C64&amp;ssl=1 64w\" sizes=\"auto, (max-width: 125px) 100vw, 125px\" \/><img loading=\"lazy\" decoding=\"async\" class=\"size-full wp-image-53000 alignleft\" src=\"https:\/\/victoriavynn.ca\/wp-content\/uploads\/2026\/03\/regeneration-copy.webp\" alt=\"copie de r\u00e9g\u00e9n\u00e9ration\" width=\"125\" height=\"125\" srcset=\"https:\/\/i0.wp.com\/victoriavynn.ca\/wp-content\/uploads\/2026\/03\/regeneration-copy.webp?w=125&amp;ssl=1 125w, https:\/\/i0.wp.com\/victoriavynn.ca\/wp-content\/uploads\/2026\/03\/regeneration-copy.webp?resize=12%2C12&amp;ssl=1 12w, https:\/\/i0.wp.com\/victoriavynn.ca\/wp-content\/uploads\/2026\/03\/regeneration-copy.webp?resize=32%2C32&amp;ssl=1 32w, https:\/\/i0.wp.com\/victoriavynn.ca\/wp-content\/uploads\/2026\/03\/regeneration-copy.webp?resize=50%2C50&amp;ssl=1 50w, https:\/\/i0.wp.com\/victoriavynn.ca\/wp-content\/uploads\/2026\/03\/regeneration-copy.webp?resize=100%2C100&amp;ssl=1 100w, https:\/\/i0.wp.com\/victoriavynn.ca\/wp-content\/uploads\/2026\/03\/regeneration-copy.webp?resize=64%2C64&amp;ssl=1 64w\" sizes=\"auto, (max-width: 125px) 100vw, 125px\" \/><\/p>\n<p>&nbsp;<\/p>\n<p>&nbsp;<\/p>\n<p>&nbsp;<\/p>\n<p>&nbsp;<\/p>","protected":false},"featured_media":53001,"comment_status":"open","ping_status":"closed","template":"","meta":{"jetpack_post_was_ever_published":false},"product_brand":[922],"product_cat":[976],"product_tag":[977],"class_list":{"0":"post-52722","1":"product","2":"type-product","3":"status-publish","4":"has-post-thumbnail","6":"product_brand-victoria-vynn","7":"product_cat-vitamin-boost-base","8":"product_tag-vitamin-boost-base","9":"pa_size-12-ml","11":"first","12":"instock","13":"taxable","14":"shipping-taxable","15":"purchasable","16":"product-type-simple"},"jetpack_sharing_enabled":true,"_links":{"self":[{"href":"https:\/\/victoriavynn.ca\/fr\/wp-json\/wp\/v2\/product\/52722","targetHints":{"allow":["GET"]}}],"collection":[{"href":"https:\/\/victoriavynn.ca\/fr\/wp-json\/wp\/v2\/product"}],"about":[{"href":"https:\/\/victoriavynn.ca\/fr\/wp-json\/wp\/v2\/types\/product"}],"replies":[{"embeddable":true,"href":"https:\/\/victoriavynn.ca\/fr\/wp-json\/wp\/v2\/comments?post=52722"}],"wp:featuredmedia":[{"embeddable":true,"href":"https:\/\/victoriavynn.ca\/fr\/wp-json\/wp\/v2\/media\/53001"}],"wp:attachment":[{"href":"https:\/\/victoriavynn.ca\/fr\/wp-json\/wp\/v2\/media?parent=52722"}],"wp:term":[{"taxonomy":"product_brand","embeddable":true,"href":"https:\/\/victoriavynn.ca\/fr\/wp-json\/wp\/v2\/product_brand?post=52722"},{"taxonomy":"product_cat","embeddable":true,"href":"https:\/\/victoriavynn.ca\/fr\/wp-json\/wp\/v2\/product_cat?post=52722"},{"taxonomy":"product_tag","embeddable":true,"href":"https:\/\/victoriavynn.ca\/fr\/wp-json\/wp\/v2\/product_tag?post=52722"}],"curies":[{"name":"wp","href":"https:\/\/api.w.org\/{rel}","templated":true}]}}