{"id":52724,"date":"2026-03-20T20:05:10","date_gmt":"2026-03-21T00:05:10","guid":{"rendered":"https:\/\/victoriavynn.ca\/product\/victoria-vynn-gel-polish-hello-base-aloha-glow\/"},"modified":"2026-04-17T11:53:16","modified_gmt":"2026-04-17T15:53:16","slug":"victoria-vynn-gel-polish-hello-base-aloha-glow","status":"publish","type":"product","link":"https:\/\/victoriavynn.ca\/fr\/product\/victoria-vynn-gel-polish-hello-base-aloha-glow\/","title":{"rendered":"Victoria VYNN Gel Polish Hello Base"},"content":{"rendered":"<figure class=\"wp-block-embed-youtube wp-block-embed is-type-video is-provider-youtube wp-embed-aspect-16-9 wp-has-aspect-ratio lyte-align aligncenter\"><div class=\"lyte-wrapper fourthree\" title=\"Victoria VYNN Hello Base \u2728 3 teintes de base \u00e9tincelantes pour des ongles \u00e9l\u00e9gants\" style=\"width:480px;max-width:100%;margin:5px;\"><div class=\"lyMe hidef\" id=\"WYL_Uy9E370xWjE\" itemprop=\"video\" itemscope itemtype=\"https:\/\/schema.org\/VideoObject\"><div><meta itemprop=\"thumbnailUrl\" content=\"https:\/\/i.ytimg.com\/vi\/Uy9E370xWjE\/maxresdefault.jpg\" \/><meta itemprop=\"embedURL\" content=\"https:\/\/www.youtube.com\/embed\/Uy9E370xWjE\" \/><meta itemprop=\"duration\" content=\"PT16S\" \/><meta itemprop=\"uploadDate\" content=\"2026-03-17T16:01:23Z\" \/><\/div><div id=\"lyte_Uy9E370xWjE\" data-src=\"https:\/\/i.ytimg.com\/vi\/Uy9E370xWjE\/maxresdefault.jpg\" class=\"pL\"><div class=\"tC\"><div class=\"tT\" itemprop=\"name\">Victoria VYNN Hello Base \u2728 3 teintes de base \u00e9tincelantes pour des ongles \u00e9l\u00e9gants<\/div><\/div><div class=\"play\"><\/div><div class=\"ctrl\"><div class=\"Lctrl\"><\/div><div class=\"Rctrl\"><\/div><\/div><\/div><noscript><a href=\"https:\/\/youtu.be\/Uy9E370xWjE\" rel=\"nofollow noopener\" target=\"_blank\"><img data-recalc-dims=\"1\" loading=\"lazy\" decoding=\"async\" src=\"https:\/\/i0.wp.com\/i.ytimg.com\/vi\/Uy9E370xWjE\/0.jpg?resize=480%2C340&#038;ssl=1\" alt=\"Victoria VYNN Hello Base \u2728 3 teintes de base \u00e9tincelantes pour des ongles \u00e9l\u00e9gants\" width=\"480\" height=\"340\" title=\"\"><br \/>Voir cette vid\u00e9o sur YouTube<\/a><\/noscript><meta itemprop=\"description\" content=\"A base that shines with elegance. \u2728 Discover Hello Base by Victoria VYNN \u2014 a beautiful collection of 3 sparkling shades designed to give your nails a subtle glow while providing the perfect foundation for your manicure. \u2714 Strengthens the natural nail \u2714 Smooth self-leveling formula \u2714 Delicate sparkling effect \u2714 Perfect for quick salon looks or as a base for nail art A little sparkle makes every manicure unforgettable. \ud83d\udc85\u2728 #victoriavynnme #victoriavynncanada #victoriavynn #mtlnails #beirutnails #canadanails #torontonails #beirutnailstylists #lebanonnails #bestnails #middleeastnails #calgarynails #novascotianails #mtlnailsalon #torontonailsalon #russianmanicurelebanon #russianmanicurecanada #ontarionails #quebecongles #quebecnails #quebecnailsalons #beirutnailbar #mtlnailtech #mtlnailartist #lavalnails #short\"><\/div><\/div><div class=\"lL\" style=\"max-width:100%;width:480px;margin:5px;\"><\/div><figcaption><\/figcaption><\/figure>\n\n\n<p class=\"has-text-align-center\">D\u00e9couvrez la combinaison parfaite de <strong>force, \u00e9l\u00e9gance et \u00e9clat<\/strong> avec <strong>Victoria VYNN Hello Base<\/strong>.<\/p>\n\n\n\n<p class=\"has-text-align-center\">Cette innovation <strong>base hybride paillet\u00e9e<\/strong> comprend un <strong>formule autolissante d'\u00e9paisseur moyenne<\/strong> qui vous permet de construire sans effort une structure et d'obtenir une surface d'ongle parfaitement lisse - sans limage.<\/p>\n\n\n\n<p class=\"has-text-align-center\">Enrichi en <strong>des millions de particules ultrafines et scintillantes<\/strong>, Il cr\u00e9e un effet de surprise \u00e0 couper le souffle. <strong>effet flash<\/strong>, et de l'eau, ce qui permet d'obtenir une <strong>finition en poussi\u00e8re de diamant<\/strong> qui brille magnifiquement \u00e0 la lumi\u00e8re du jour et \u00e0 l'\u00e9clairage artificiel.<\/p>\n\n\n\n<p class=\"has-text-align-center\">Son <strong>tons nude semi-transparents avec paillettes<\/strong> masque subtilement les imperfections, unifie la plaque de l'ongle et rehausse la beaut\u00e9 naturelle des ongles. <strong>styles minimaliste, \u00e9l\u00e9gant et nuptial<\/strong>.<\/p>\n\n\n\n<p class=\"has-text-align-center\">\ud83d\udc49 Le r\u00e9sultat ?<br>Une manucure rapide et impeccable avec <strong>brillance intense, adh\u00e9rence parfaite et durabilit\u00e9 \u00e0 long terme<\/strong>.<\/p>\n\n\n\n<h1 class=\"wp-block-heading\">\ud83d\udd2c <strong>CARACT\u00c9RISTIQUES DU PRODUIT<\/strong><\/h1>\n\n\n\n<ul class=\"wp-block-list\">\n<li>Couleur nude semi-transparente avec de fines particules de paillettes<\/li>\n\n\n\n<li>Consistance moyennement \u00e9paisse et autolissante<\/li>\n\n\n\n<li>Pr\u00e9sence d'une couche de dispersion<\/li>\n\n\n\n<li>Convient pour le stylisme hybride des ongles<\/li>\n\n\n\n<li>Peut \u00eatre utilis\u00e9 pour <strong>superposition\/construction (pas d'extension)<\/strong><\/li>\n<\/ul>\n\n\n\n<hr class=\"wp-block-separator has-alpha-channel-opacity\"\/>\n\n\n\n<h1 class=\"wp-block-heading\">\ud83c\udf1f <strong>AVANTAGES PRINCIPAUX<\/strong><\/h1>\n\n\n\n<ul class=\"wp-block-list\">\n<li>\u00c9tonnante <strong>Effet flash avec un \u00e9clat semblable \u00e0 celui du diamant<\/strong><\/li>\n\n\n\n<li>Adh\u00e9sion parfaite et longue dur\u00e9e<\/li>\n\n\n\n<li>Formule autolissante pour une application en douceur<\/li>\n\n\n\n<li>Comble les imperfections de la plaque de l'ongle<\/li>\n\n\n\n<li>Flexible et r\u00e9sistant aux dommages m\u00e9caniques<\/li>\n\n\n\n<li>Ne noie pas les cuticules et ne coule pas<\/li>\n\n\n\n<li>Permet une manucure rapide en utilisant seulement la base + le top<\/li>\n\n\n\n<li>Id\u00e9al pour <strong>ongles de mari\u00e9e et \u00e9l\u00e9gants<\/strong><\/li>\n\n\n\n<li>Fournit une image branch\u00e9e <strong>finition nude glow<\/strong><\/li>\n<\/ul>\n\n\n\n<hr class=\"wp-block-separator has-alpha-channel-opacity\"\/>\n\n\n\n<h1 class=\"wp-block-heading\">\ud83d\udc85 <strong>MODE D'EMPLOI<\/strong><\/h1>\n\n\n\n<ol class=\"wp-block-list\">\n<li>Pr\u00e9parer l'ongle naturel (modeler, polir, nettoyer, d\u00e9graisser)<\/li>\n\n\n\n<li>Appliquer <strong>Pr\u00e9paration des ongles<\/strong> et attendre ~30 secondes<\/li>\n\n\n\n<li>Appliquer <strong>Ruban adh\u00e9sif<\/strong> et attendre ~30 secondes<\/li>\n\n\n\n<li>Appliquer une fine couche de <strong>Boost Base Clearell<\/strong>, Frotter sur l'ongle et durcir (60s)<\/li>\n\n\n\n<li>Appliquer <strong>Hello Base Aloha Glow<\/strong>, La surface est ensuite nivel\u00e9e et durcie (60s).<\/li>\n\n\n\n<li>Finir avec une couche de finition et durcir (60s)<\/li>\n<\/ol>\n\n\n\n<hr class=\"wp-block-separator has-alpha-channel-opacity\"\/>\n\n\n\n<h1 class=\"wp-block-heading\">\ud83d\udd25 <strong>DUR\u00c9E DE S\u00c9CHAGE<\/strong><\/h1>\n\n\n\n<ul class=\"wp-block-list\">\n<li>Lampe UV \/ LED (36W) : <strong>60 secondes<\/strong><\/li>\n<\/ul>\n\n\n\n<hr class=\"wp-block-separator has-alpha-channel-opacity\"\/>\n\n\n\n<h1 class=\"wp-block-heading\">\ud83e\uddea <strong>ENLEVEMENT<\/strong><\/h1>\n\n\n\n<ul class=\"wp-block-list\">\n<li>Nettoyer avec de l'ac\u00e9tone<\/li>\n\n\n\n<li>Lime \u00e0 ongles<\/li>\n\n\n\n<li>Dossier \u00e9lectronique (exercice)<\/li>\n<\/ul>\n\n\n\n<hr class=\"wp-block-separator has-alpha-channel-opacity\"\/>\n\n\n\n<h1 class=\"wp-block-heading\">\ud83e\uddfe <strong>INGR\u00c9DIENTS (INCI)<\/strong><\/h1>\n\n\n\n<p>Acide polyacrylique, m\u00e9thacrylate d'hydroxypropyle, copolym\u00e8re d'acrylates, hydroxycyclohexylph\u00e9nylc\u00e9tone, trim\u00e9thylbenzoylph\u00e9nylphosphinate d'\u00e9thyle, silice.<br>(+\/- Mica, pigments CI)<\/p>\n\n\n\n<hr class=\"wp-block-separator has-alpha-channel-opacity\"\/>\n\n\n\n<h1 class=\"wp-block-heading\">\u26a0\ufe0f <strong>S\u00c9CURIT\u00c9 ET PR\u00c9CAUTIONS<\/strong><\/h1>\n\n\n\n<ul class=\"wp-block-list\">\n<li>Pour un usage professionnel uniquement<\/li>\n\n\n\n<li>Peut provoquer des r\u00e9actions allergiques<\/li>\n\n\n\n<li>\u00c9viter le contact avec la peau et les yeux<\/li>\n\n\n\n<li>Tenir hors de port\u00e9e des enfants<\/li>\n\n\n\n<li>Utiliser uniquement selon les instructions<\/li>\n\n\n\n<li>Cesser l'utilisation en cas d'irritation<\/li>\n\n\n\n<li>Appliquer uniquement sur une plaque d'ongle saine<\/li>\n<\/ul>\n\n\n\n<hr class=\"wp-block-separator has-alpha-channel-opacity\"\/>\n\n\n\n<h1 class=\"wp-block-heading\">\ud83d\udeab <strong>CONTRE-INDICATIONS<\/strong><\/h1>\n\n\n\n<ul class=\"wp-block-list\">\n<li>Maladies ou infections des ongles<\/li>\n\n\n\n<li>Inflammation ou conditions allergiques<\/li>\n\n\n\n<li>L\u00e9sions des ongles<\/li>\n\n\n\n<li>Ongles incarn\u00e9s ou d\u00e9form\u00e9s<\/li>\n\n\n\n<li>Sensibilit\u00e9 \u00e0 tout ingr\u00e9dient<\/li>\n<\/ul>\n\n\n\n<hr class=\"wp-block-separator has-alpha-channel-opacity\"\/>\n\n\n\n<h1 class=\"wp-block-heading\">\ud83c\udfaf <strong>IDEAL POUR<\/strong><\/h1>\n\n\n\n<ul class=\"wp-block-list\">\n<li>Manucures paillet\u00e9es nues<\/li>\n\n\n\n<li>Dessins d'ongles pour mari\u00e9es<\/li>\n\n\n\n<li>Services rapides en salon<\/li>\n\n\n\n<li>Les clients qui veulent <strong>look naturel + \u00e9clat<\/strong><\/li>\n\n\n\n<li>Des proth\u00e9sistes ongulaires soucieuses de rapidit\u00e9 et de perfection<\/li>\n<\/ul>\n\n\n\n<p><\/p>","protected":false},"excerpt":{"rendered":"<p>Cr\u00e9ez des ongles impeccables et brillants en quelques secondes avec la base Hello de Victoria VYNN - une base paillet\u00e9e autonivelante infus\u00e9e de millions de particules scintillantes pour un effet diamant flash \u00e9poustouflant. Parfaite pour le travail rapide en salon, les looks nus et les mod\u00e8les de mariage.<\/p>\n<p>Sp\u00e9cifications du produit :<\/p>\n<p><img loading=\"lazy\" decoding=\"async\" class=\"size-full wp-image-8779 alignleft\" src=\"https:\/\/victoriavynn.ca\/wp-content\/uploads\/2022\/12\/FOR-LED-LAMP.webp\" alt=\"VERNIS GEL CR\u00c9MEUX\" width=\"125\" height=\"150\" \/><img loading=\"lazy\" decoding=\"async\" class=\"size-full wp-image-53022 alignleft\" src=\"https:\/\/victoriavynn.ca\/wp-content\/uploads\/2026\/03\/sparkling-finish-logo.webp\" alt=\"LOGO EN FINITION \u00c9TINCELANTE\" width=\"125\" height=\"125\" srcset=\"https:\/\/i0.wp.com\/victoriavynn.ca\/wp-content\/uploads\/2026\/03\/sparkling-finish-logo.webp?w=125&amp;ssl=1 125w, https:\/\/i0.wp.com\/victoriavynn.ca\/wp-content\/uploads\/2026\/03\/sparkling-finish-logo.webp?resize=12%2C12&amp;ssl=1 12w, https:\/\/i0.wp.com\/victoriavynn.ca\/wp-content\/uploads\/2026\/03\/sparkling-finish-logo.webp?resize=32%2C32&amp;ssl=1 32w, https:\/\/i0.wp.com\/victoriavynn.ca\/wp-content\/uploads\/2026\/03\/sparkling-finish-logo.webp?resize=50%2C50&amp;ssl=1 50w, https:\/\/i0.wp.com\/victoriavynn.ca\/wp-content\/uploads\/2026\/03\/sparkling-finish-logo.webp?resize=100%2C100&amp;ssl=1 100w, https:\/\/i0.wp.com\/victoriavynn.ca\/wp-content\/uploads\/2026\/03\/sparkling-finish-logo.webp?resize=64%2C64&amp;ssl=1 64w\" sizes=\"auto, (max-width: 125px) 100vw, 125px\" \/><\/p>\n<p>&nbsp;<\/p>\n<p>&nbsp;<\/p>\n<p>&nbsp;<\/p>\n<p>&nbsp;<\/p>\n<p>&nbsp;<\/p>\n<p>&nbsp;<\/p>","protected":false},"featured_media":53034,"comment_status":"open","ping_status":"closed","template":"","meta":{"jetpack_post_was_ever_published":false,"jetpack_publicize_message":"","jetpack_publicize_feature_enabled":true,"jetpack_social_post_already_shared":true,"jetpack_social_options":{"image_generator_settings":{"template":"highway","default_image_id":0,"font":"","enabled":false},"version":2}},"product_brand":[922],"product_cat":[978],"product_tag":[979],"class_list":{"0":"post-52724","1":"product","2":"type-product","3":"status-publish","4":"has-post-thumbnail","6":"product_brand-victoria-vynn","7":"product_cat-hello-base","8":"product_tag-hello-base","9":"pa_size-8ml","11":"first","12":"instock","13":"taxable","14":"shipping-taxable","15":"purchasable","16":"product-type-variable"},"jetpack_publicize_connections":[],"jetpack-related-posts":[{"id":37102,"url":"https:\/\/victoriavynn.ca\/fr\/product\/victoria-vynn-mega-base-cover-series-color-chart\/","url_meta":{"origin":52724,"position":0},"title":"Victoria VYNN Mega Base Cover Series Tableau des couleurs","author":"Serge Sahakian","date":"octobre 18, 2025","format":false,"excerpt":"D\u00e9couvrez les teintes Victoria Vynn Mega Base Cover - Tan, Cream et Natural - qui offrent des tons nude \u00e9l\u00e9gants avec une couvrance allant jusqu'\u00e0 90%. Ces bases renforc\u00e9es et autonivelantes mettent en valeur tous les tons de peau, parfaites pour les looks naturels ou les manucures \u00e0 la fran\u00e7aise. Sp\u00e9cifications du produit : \u00a0 \u00a0 \u00a0 \u00a0 \u00a0 \u00a0","rel":"","context":"Similar post","block_context":{"text":"Similar post","link":""},"img":{"alt_text":"victoria vynn mega base color chart cover series","src":"https:\/\/i0.wp.com\/victoriavynn.ca\/wp-content\/uploads\/2025\/10\/victoria-vynn-mega-base-color-chart-cover-series.webp?fit=750%2C1000&ssl=1&resize=350%2C200","width":350,"height":200,"srcset":"https:\/\/i0.wp.com\/victoriavynn.ca\/wp-content\/uploads\/2025\/10\/victoria-vynn-mega-base-color-chart-cover-series.webp?fit=750%2C1000&ssl=1&resize=350%2C200 1x, https:\/\/i0.wp.com\/victoriavynn.ca\/wp-content\/uploads\/2025\/10\/victoria-vynn-mega-base-color-chart-cover-series.webp?fit=750%2C1000&ssl=1&resize=525%2C300 1.5x, https:\/\/i0.wp.com\/victoriavynn.ca\/wp-content\/uploads\/2025\/10\/victoria-vynn-mega-base-color-chart-cover-series.webp?fit=750%2C1000&ssl=1&resize=700%2C400 2x"},"classes":[]},{"id":47983,"url":"https:\/\/victoriavynn.ca\/fr\/product\/victoria-vynn-aurora-dust-powder\/","url_meta":{"origin":52724,"position":1},"title":"Victoria VYNN Dust Aurora 2.0","author":"Serge Sahakian","date":"f\u00e9vrier 2, 2026","format":false,"excerpt":"Cr\u00e9ez un \u00e9clat lumineux d'aurore avec Victoria VYNN Aurora Dust, une poudre ultra-fine aux doux reflets iris\u00e9s et au fini soyeux et \u00e9l\u00e9gant.","rel":"","context":"Similar post","block_context":{"text":"Similar post","link":""},"img":{"alt_text":"Victoria VYNN Aurora Powder Jar","src":"https:\/\/i0.wp.com\/victoriavynn.ca\/wp-content\/uploads\/2026\/02\/victoria-vynn-aurora-powder-jar-1.webp?fit=750%2C1000&ssl=1&resize=350%2C200","width":350,"height":200,"srcset":"https:\/\/i0.wp.com\/victoriavynn.ca\/wp-content\/uploads\/2026\/02\/victoria-vynn-aurora-powder-jar-1.webp?fit=750%2C1000&ssl=1&resize=350%2C200 1x, https:\/\/i0.wp.com\/victoriavynn.ca\/wp-content\/uploads\/2026\/02\/victoria-vynn-aurora-powder-jar-1.webp?fit=750%2C1000&ssl=1&resize=525%2C300 1.5x, https:\/\/i0.wp.com\/victoriavynn.ca\/wp-content\/uploads\/2026\/02\/victoria-vynn-aurora-powder-jar-1.webp?fit=750%2C1000&ssl=1&resize=700%2C400 2x"},"classes":[]},{"id":34499,"url":"https:\/\/victoriavynn.ca\/fr\/product\/victoria-vynn-3-pack-promo-set-mega-base-cover-natural-cover-cream-cover-tan\/","url_meta":{"origin":52724,"position":2},"title":"Victoria VYNN 3 Pack Promo Set Mega Base Cover Natural, Cover Cream &amp; Cover Tan","author":"Serge Sahakian","date":"octobre 16, 2025","format":false,"excerpt":"D\u00e9couvrez les teintes Victoria Vynn Mega Base Cover - Tan, Cream et Natural - qui offrent des tons nude \u00e9l\u00e9gants avec une couvrance allant jusqu'\u00e0 90%. Ces bases renforc\u00e9es et autonivelantes mettent en valeur tous les tons de peau, parfaites pour les looks naturels ou les manucures \u00e0 la fran\u00e7aise. Sp\u00e9cifications du produit : \u00a0 \u00a0 \u00a0 \u00a0 \u00a0","rel":"","context":"Similar post","block_context":{"text":"Similar post","link":""},"img":{"alt_text":"victoria vynn mega base pack of 3","src":"https:\/\/i0.wp.com\/victoriavynn.ca\/wp-content\/uploads\/2025\/10\/victoria-vynn-mega-base-pack-of-3.webp?fit=750%2C1000&ssl=1&resize=350%2C200","width":350,"height":200,"srcset":"https:\/\/i0.wp.com\/victoriavynn.ca\/wp-content\/uploads\/2025\/10\/victoria-vynn-mega-base-pack-of-3.webp?fit=750%2C1000&ssl=1&resize=350%2C200 1x, https:\/\/i0.wp.com\/victoriavynn.ca\/wp-content\/uploads\/2025\/10\/victoria-vynn-mega-base-pack-of-3.webp?fit=750%2C1000&ssl=1&resize=525%2C300 1.5x, https:\/\/i0.wp.com\/victoriavynn.ca\/wp-content\/uploads\/2025\/10\/victoria-vynn-mega-base-pack-of-3.webp?fit=750%2C1000&ssl=1&resize=700%2C400 2x"},"classes":[]},{"id":48323,"url":"https:\/\/victoriavynn.ca\/fr\/product\/victoria-vynn-starter-kit-7-2-free\/","url_meta":{"origin":52724,"position":3},"title":"Victoria VYNN 9 Pack Starter Kit 2026","author":"Serge Sahakian","date":"f\u00e9vrier 6, 2026","format":false,"excerpt":"Que contient le pack de 9 ? \u2714 PR\u00c9PARATION Salon Nail Prep 15 ml - D\u00e9shydrate efficacement la plaque de l'ongle naturel pour une adh\u00e9rence maximale. Gel Polish Tape Bond 8 ml - Primaire d'adh\u00e9rence sans acide pour une tenue longue dur\u00e9e. \u2714 BASE SYSTEM Boost Base Clearell 8 ml - Base renfor\u00e7ante autonivelante. Mega Base Cold...","rel":"","context":"Similar post","block_context":{"text":"Similar post","link":""},"img":{"alt_text":"victoria vynn 9 pack","src":"https:\/\/i0.wp.com\/victoriavynn.ca\/wp-content\/uploads\/2026\/02\/victoria-vynn-9-pack-.webp?fit=750%2C1000&ssl=1&resize=350%2C200","width":350,"height":200,"srcset":"https:\/\/i0.wp.com\/victoriavynn.ca\/wp-content\/uploads\/2026\/02\/victoria-vynn-9-pack-.webp?fit=750%2C1000&ssl=1&resize=350%2C200 1x, https:\/\/i0.wp.com\/victoriavynn.ca\/wp-content\/uploads\/2026\/02\/victoria-vynn-9-pack-.webp?fit=750%2C1000&ssl=1&resize=525%2C300 1.5x, https:\/\/i0.wp.com\/victoriavynn.ca\/wp-content\/uploads\/2026\/02\/victoria-vynn-9-pack-.webp?fit=750%2C1000&ssl=1&resize=700%2C400 2x"},"classes":[]},{"id":2922,"url":"https:\/\/victoriavynn.ca\/fr\/product\/manicure-and-pedicure-brush\/","url_meta":{"origin":52724,"position":4},"title":"Brosse \u00e0 manucure et p\u00e9dicure Victoria VYNN","author":"Serge Sahakian","date":"ao\u00fbt 18, 2022","format":false,"excerpt":"Victoria VYNN Brosse pour manucure et p\u00e9dicure rose, transparente, violette ou bleue. Une brosse pour \u00e9liminer rapidement et efficacement la poussi\u00e8re et la salet\u00e9 lors des manucures et des p\u00e9dicures. Id\u00e9ale pour d\u00e9poussi\u00e9rer les ongles et \u00e9liminer les restes de pollen ou de paillettes. Elle est dot\u00e9e d'un manche pratique et confortable et de poils tr\u00e8s doux.","rel":"","context":"Similar post","block_context":{"text":"Similar post","link":""},"img":{"alt_text":"manicure and pedicure brush","src":"https:\/\/i0.wp.com\/victoriavynn.ca\/wp-content\/uploads\/2022\/08\/manicure-and-pedicure-brush-violet.jpeg?fit=753%2C753&ssl=1&resize=350%2C200","width":350,"height":200,"srcset":"https:\/\/i0.wp.com\/victoriavynn.ca\/wp-content\/uploads\/2022\/08\/manicure-and-pedicure-brush-violet.jpeg?fit=753%2C753&ssl=1&resize=350%2C200 1x, https:\/\/i0.wp.com\/victoriavynn.ca\/wp-content\/uploads\/2022\/08\/manicure-and-pedicure-brush-violet.jpeg?fit=753%2C753&ssl=1&resize=525%2C300 1.5x, https:\/\/i0.wp.com\/victoriavynn.ca\/wp-content\/uploads\/2022\/08\/manicure-and-pedicure-brush-violet.jpeg?fit=753%2C753&ssl=1&resize=700%2C400 2x"},"classes":[]},{"id":47981,"url":"https:\/\/victoriavynn.ca\/fr\/product\/victoria-vynn-donut-glazed-powder-dust\/","url_meta":{"origin":52724,"position":5},"title":"Victoria VYNN Dust Donut Glazed","author":"Serge Sahakian","date":"f\u00e9vrier 2, 2026","format":false,"excerpt":"Victoria VYNN Donut Glazed Powder offre un effet nacr\u00e9 d\u00e9licat avec une brillance douce et laiteuse pour des ongles modernes et \u00e9l\u00e9gants.","rel":"","context":"Similar post","block_context":{"text":"Similar post","link":""},"img":{"alt_text":"Victoria VYNN Donut Glazed Jar","src":"https:\/\/i0.wp.com\/victoriavynn.ca\/wp-content\/uploads\/2026\/02\/victoria-vynn-donut-glazed-jar.webp?fit=750%2C1000&ssl=1&resize=350%2C200","width":350,"height":200,"srcset":"https:\/\/i0.wp.com\/victoriavynn.ca\/wp-content\/uploads\/2026\/02\/victoria-vynn-donut-glazed-jar.webp?fit=750%2C1000&ssl=1&resize=350%2C200 1x, https:\/\/i0.wp.com\/victoriavynn.ca\/wp-content\/uploads\/2026\/02\/victoria-vynn-donut-glazed-jar.webp?fit=750%2C1000&ssl=1&resize=525%2C300 1.5x, https:\/\/i0.wp.com\/victoriavynn.ca\/wp-content\/uploads\/2026\/02\/victoria-vynn-donut-glazed-jar.webp?fit=750%2C1000&ssl=1&resize=700%2C400 2x"},"classes":[]}],"jetpack_sharing_enabled":true,"_links":{"self":[{"href":"https:\/\/victoriavynn.ca\/fr\/wp-json\/wp\/v2\/product\/52724","targetHints":{"allow":["GET"]}}],"collection":[{"href":"https:\/\/victoriavynn.ca\/fr\/wp-json\/wp\/v2\/product"}],"about":[{"href":"https:\/\/victoriavynn.ca\/fr\/wp-json\/wp\/v2\/types\/product"}],"replies":[{"embeddable":true,"href":"https:\/\/victoriavynn.ca\/fr\/wp-json\/wp\/v2\/comments?post=52724"}],"wp:featuredmedia":[{"embeddable":true,"href":"https:\/\/victoriavynn.ca\/fr\/wp-json\/wp\/v2\/media\/53034"}],"wp:attachment":[{"href":"https:\/\/victoriavynn.ca\/fr\/wp-json\/wp\/v2\/media?parent=52724"}],"wp:term":[{"taxonomy":"product_brand","embeddable":true,"href":"https:\/\/victoriavynn.ca\/fr\/wp-json\/wp\/v2\/product_brand?post=52724"},{"taxonomy":"product_cat","embeddable":true,"href":"https:\/\/victoriavynn.ca\/fr\/wp-json\/wp\/v2\/product_cat?post=52724"},{"taxonomy":"product_tag","embeddable":true,"href":"https:\/\/victoriavynn.ca\/fr\/wp-json\/wp\/v2\/product_tag?post=52724"}],"curies":[{"name":"wp","href":"https:\/\/api.w.org\/{rel}","templated":true}]}}